{"id":20,"date":"2024-05-07T13:45:43","date_gmt":"2024-05-07T13:45:43","guid":{"rendered":"https:\/\/www.commoncause.org\/ohio\/about-us\/"},"modified":"2024-06-10T22:10:04","modified_gmt":"2024-06-10T22:10:04","slug":"about-us","status":"publish","type":"page","link":"https:\/\/www.commoncause.org\/ohio\/vi\/ve-chung-toi\/","title":{"rendered":"Gi\u1edbi thi\u1ec7u v\u1ec1 ch\u00fang t\u00f4i"},"content":{"rendered":"","protected":false},"excerpt":{"rendered":"","protected":false},"author":2,"featured_media":0,"parent":0,"menu_order":0,"comment_status":"closed","ping_status":"closed","template":"","meta":{"_acf_changed":false,"_relevanssi_hide_post":"","_relevanssi_hide_content":"","_relevanssi_pin_for_all":"","_relevanssi_pin_keywords":"","_relevanssi_unpin_keywords":"","_relevanssi_related_keywords":"","_relevanssi_related_include_ids":"","_relevanssi_related_exclude_ids":"","_relevanssi_related_no_append":"","_relevanssi_related_not_related":"","_relevanssi_related_posts":"","_relevanssi_noindex_reason":""},"class_list":["post-20","page","type-page","status-publish","hentry"],"acf":{"header":{"component_page_header":{"header_type":"background","title":"","lead":"Common Cause Ohio works to strengthen public participation in our democracy and ensure that public officials and public institutions are accountable and responsive to citizens.","image":"","subnavigation":true}},"sidebar":{"helper_enable_sidebar":false,"helper_media_contact":{"heading":"","manually_enter_person":false,"person":"","name":"","role":"","phone":"","email":""},"helper_links_downloads":{"heading":"","links":null}},"page_layout":[{"acf_fc_layout":"layout_wysiwyg","_acfe_flexible_toggle":"","component_wysiwyg":{"content":"<h3><span style=\"font-weight: 400;\">Common Cause Ohio v\u00e0 c\u00e1c th\u00e0nh vi\u00ean c\u1ee7a ch\u00fang t\u00f4i \u0111ang \u0111\u1ea5u tranh cho n\u1ec1n d\u00e2n ch\u1ee7 m\u00e0 ch\u00fang t\u00f4i x\u1ee9ng \u0111\u00e1ng \u0111\u01b0\u1ee3c h\u01b0\u1edfng.<\/span><\/h3>\r\n<span style=\"font-weight: 400;\">V\u1edbi chuy\u00ean m\u00f4n ch\u00ednh s\u00e1ch \u0111\u00e3 \u0111\u01b0\u1ee3c ch\u1ee9ng minh, m\u1ea1ng l\u01b0\u1edbi nh\u1eefng ng\u01b0\u1eddi \u1ee7ng h\u1ed9 c\u01a1 s\u1edf v\u00e0 c\u00e1ch ti\u1ebfp c\u1eadn phi \u0111\u1ea3ng ph\u00e1i, h\u00e0nh \u0111\u1ed9ng c\u1ee7a ch\u00fang t\u00f4i s\u1ebd c\u1ee7ng c\u1ed1 n\u1ec1n d\u00e2n ch\u1ee7 c\u1ee7a ch\u00fang ta tr\u01b0\u1edbc nh\u1eefng th\u00e1ch th\u1ee9c m\u00e0 n\u00f3 \u0111ang ph\u1ea3i \u0111\u1ed1i m\u1eb7t ng\u00e0y nay. <\/span>\r\n<h4><span style=\"font-weight: 400;\">Ch\u00fang t\u00f4i l\u00e0m vi\u1ec7c tr\u00ean kh\u1eafp Ohio <\/span><\/h4>\r\n<span style=\"font-weight: 400;\">C\u00f4ng vi\u1ec7c c\u1ee7a ch\u00fang t\u00f4i t\u1eadp trung v\u00e0o c\u00e1c \u01b0u ti\u00ean \u1ea3nh h\u01b0\u1edfng \u0111\u1ebfn cu\u1ed9c s\u1ed1ng c\u1ee7a m\u1ed7i ng\u01b0\u1eddi, ch\u1eb3ng h\u1ea1n nh\u01b0 b\u1ea3o v\u1ec7 quy\u1ec1n b\u1ecf phi\u1ebfu, khi\u1ebfn ch\u00ednh ph\u1ee7 c\u00f3 tr\u00e1ch nhi\u1ec7m h\u01a1n, th\u00fac \u0111\u1ea9y t\u00ednh minh b\u1ea1ch, v.v.<\/span>\r\n<h4><span style=\"font-weight: 400;\">Khi <\/span><b>Ch\u00fang t\u00f4i l\u00e0 ng\u01b0\u1eddi d\u00e2n<\/b><span style=\"font-weight: 400;\"> h\u00e3y c\u00f9ng nhau, ch\u00fang ta t\u1ea1o n\u00ean s\u1ef1 kh\u00e1c bi\u1ec7t l\u00e2u d\u00e0i<\/span><\/h4>\r\n<span style=\"font-weight: 400;\">H\u00e0nh \u0111\u1ed9ng c\u00f9ng Common Cause Ohio c\u00f3 ngh\u0129a l\u00e0 tham gia v\u00e0o m\u1ed9t phong tr\u00e0o m\u1ea1nh m\u1ebd nh\u1eb1m theo \u0111u\u1ed5i n\u1ec1n d\u00e2n ch\u1ee7, trao cho t\u1ea5t c\u1ea3 ng\u01b0\u1eddi d\u00e2n Ohio ti\u1ebfng n\u00f3i trong c\u00e1c quy\u1ebft \u0111\u1ecbnh \u0111\u1ecbnh h\u00ecnh t\u01b0\u01a1ng lai c\u1ee7a ch\u00fang ta.<\/span>\r\n\r\nB\u1ea1n c\u00f3 th\u1eafc m\u1eafc ho\u1eb7c b\u00ecnh lu\u1eadn g\u00ec kh\u00f4ng? <a href=\"https:\/\/www.commoncause.org\/ohio\/vi\/lien-he\/\" target=\"_blank\" rel=\"noopener\">H\u00e3y k\u1ebft n\u1ed1i ngay h\u00f4m nay<\/a>. Xin ch\u00e2n th\u00e0nh c\u1ea3m \u01a1n nhi\u1ebfp \u1ea3nh gia Paul Becker, ng\u01b0\u1eddi th\u01b0\u1eddng xuy\u00ean \u0111\u00f3ng g\u00f3p \u1ea3nh, bao g\u1ed3m c\u1ea3 b\u1ee9c \u1ea3nh \u0111\u01b0\u1ee3c gi\u1edbi thi\u1ec7u tr\u00ean trang ch\u1ee7 c\u1ee7a ch\u00fang t\u00f4i."}},{"acf_fc_layout":"layout_image_and_text","_acfe_flexible_toggle":"","component_image_and_text":{"manually_curate":true,"image_side":"right","row_color":"blue","work":null,"kicker_text":"","title":"T\u00e1c \u0111\u1ed9ng c\u1ee7a ch\u00fang t\u00f4i","summary":"Common Cause Ohio knows how to win reforms that reach every corner of our state. We lead the most important fights for our democracy, no matter where they take place. Learn more about some of our key victories and how you can play a meaningful role in the fight for an open, honest, and accountable government.","image":16020,"post_link":{"title":"Our Impact","url":"https:\/\/www.commoncause.org\/ohio\/our-impact\/","target":"_blank"},"button_text":"Learn More","secondary_link":""}},{"acf_fc_layout":"layout_accordion","_acfe_flexible_toggle":"","component_accordion":{"heading":"Common Cause works...","panels":[{"panel_heading":"In the Legislature","panel_copy":"At the national, state, and local level, Common Cause works with officials from across the political spectrum to pass proven, common-sense solutions and stop attacks on our rights. Our team members and supporters are frequent visitors to the U.S. Capitol and statehouses across the country, meeting with decision-makers to discuss target legislation. We have a long history of making lasting change through the legislative process."},{"panel_heading":"In the Courts","panel_copy":"Common Cause has played a key role in some of the most impactful court cases over the last several decades. We work at every level of the country's legal system, including the U.S. Supreme Court, and have consistently demonstrated that through hard-hitting legal action, we can make real progress on the democracy issues that count\u2014like fair redistricting, government transparency, and campaign finance."},{"panel_heading":"On the Ground","panel_copy":"Common Cause's power lies in its 1.5 million supporters nationwide. We mobilize our members at lobby days in statehouses to advocate for key reforms and shut down harmful bills; as Election Protection monitors, helping voters each Election Day; at pro-democracy rallies and demonstrations across the country; and much, much more. We know that when our members turn out and work together, we get results."},{"panel_heading":"And Beyond...","panel_copy":"Common Cause is committed to leading the most important fights for our democracy, no matter where they take place. We show up in many ways\u2014including online, where our members contact legislators in support of target bills, spread the word about our work on social media, and report harmful election disinformation."}]}},{"acf_fc_layout":"layout_two_column_text_and_image","_acfe_flexible_toggle":"","component_two_column_text_and_image":{"heading":"","columns":[{"image":"","title":"Our History","content":"John Gardner, a Republican who served in President Lyndon B. Johnson's Cabinet, founded Common Cause as \"a people's lobby\" in 1970. Today, we are 1.5 million members and supporters strong and have active offices in over 25 states. Our long and rich history includes milestones like lowering the national voting age to 18, enacting a ban on \"soft money\" in political campaigns, and helping to create the Office of Congressional Ethics.","link":{"title":"Discover Our Impact","url":"https:\/\/www.commoncause.org\/our-impact\/","target":""}},{"image":"","title":"Our Commitment to Equity","content":"At Common Cause, we know that racial equity and inclusion must be at the core of what we strive to be, as must equity and inclusion for all individuals across identities and differences (ethnicity, gender, disability, sexual orientation, gender identity, national origin, religious beliefs, tribe, caste, age, class, thinking and communication styles, etc.). These values are essential to the successful execution of our mission: creating a truly representative and inclusive government.","link":""}]}},{"acf_fc_layout":"layout_banner","_acfe_flexible_toggle":"","component_banner":{"use_donate_banner":true,"title":"Title [highlight]with highlighting[\/highlight] and additional text.","button":null,"image":null}}]},"yoast_head":"<!-- This site is optimized with the Yoast SEO Premium plugin v26.6 (Yoast SEO v27.1.1) - https:\/\/yoast.com\/product\/yoast-seo-premium-wordpress\/ -->\n<title>About Us - Common Cause Ohio<\/title>\n<meta name=\"robots\" content=\"index, follow, max-snippet:-1, max-image-preview:large, max-video-preview:-1\" \/>\n<link rel=\"canonical\" href=\"https:\/\/www.commoncause.org\/ohio\/vi\/ve-chung-toi\/\" \/>\n<meta property=\"og:locale\" content=\"vi_VN\" \/>\n<meta property=\"og:type\" content=\"article\" \/>\n<meta property=\"og:title\" content=\"About Us\" \/>\n<meta property=\"og:url\" content=\"https:\/\/www.commoncause.org\/ohio\/vi\/ve-chung-toi\/\" \/>\n<meta property=\"og:site_name\" content=\"Common Cause Ohio\" \/>\n<meta property=\"article:modified_time\" content=\"2024-06-10T22:10:04+00:00\" \/>\n<meta property=\"og:image\" content=\"https:\/\/www.commoncause.org\/ohio\/wp-content\/uploads\/2024\/08\/OH.png\" \/>\n\t<meta property=\"og:image:width\" content=\"1200\" \/>\n\t<meta property=\"og:image:height\" content=\"675\" \/>\n\t<meta property=\"og:image:type\" content=\"image\/png\" \/>\n<meta name=\"twitter:card\" content=\"summary_large_image\" \/>\n<script type=\"application\/ld+json\" class=\"yoast-schema-graph\">{\"@context\":\"https:\/\/schema.org\",\"@graph\":[{\"@type\":\"WebPage\",\"@id\":\"https:\/\/www.commoncause.org\/ohio\/about-us\/\",\"url\":\"https:\/\/www.commoncause.org\/ohio\/about-us\/\",\"name\":\"About Us - Common Cause Ohio\",\"isPartOf\":{\"@id\":\"https:\/\/www.commoncause.org\/ohio\/#website\"},\"datePublished\":\"2024-05-07T13:45:43+00:00\",\"dateModified\":\"2024-06-10T22:10:04+00:00\",\"breadcrumb\":{\"@id\":\"https:\/\/www.commoncause.org\/ohio\/about-us\/#breadcrumb\"},\"inLanguage\":\"vi\",\"potentialAction\":[{\"@type\":\"ReadAction\",\"target\":[\"https:\/\/www.commoncause.org\/ohio\/about-us\/\"]}]},{\"@type\":\"BreadcrumbList\",\"@id\":\"https:\/\/www.commoncause.org\/ohio\/about-us\/#breadcrumb\",\"itemListElement\":[{\"@type\":\"ListItem\",\"position\":1,\"name\":\"Home\",\"item\":\"https:\/\/www.commoncause.org\/ohio\/\"},{\"@type\":\"ListItem\",\"position\":2,\"name\":\"About Us\"}]},{\"@type\":\"WebSite\",\"@id\":\"https:\/\/www.commoncause.org\/ohio\/#website\",\"url\":\"https:\/\/www.commoncause.org\/ohio\/\",\"name\":\"Common Cause Ohio\",\"description\":\"\",\"potentialAction\":[{\"@type\":\"SearchAction\",\"target\":{\"@type\":\"EntryPoint\",\"urlTemplate\":\"https:\/\/www.commoncause.org\/ohio\/?s={search_term_string}\"},\"query-input\":{\"@type\":\"PropertyValueSpecification\",\"valueRequired\":true,\"valueName\":\"search_term_string\"}}],\"inLanguage\":\"vi\"}]}<\/script>\n<!-- \/ Yoast SEO Premium plugin. -->","yoast_head_json":{"title":"Gi\u1edbi thi\u1ec7u v\u1ec1 ch\u00fang t\u00f4i - Common Cause Ohio","robots":{"index":"index","follow":"follow","max-snippet":"max-snippet:-1","max-image-preview":"max-image-preview:large","max-video-preview":"max-video-preview:-1"},"canonical":"https:\/\/www.commoncause.org\/ohio\/vi\/ve-chung-toi\/","og_locale":"vi_VN","og_type":"article","og_title":"About Us","og_url":"https:\/\/www.commoncause.org\/ohio\/vi\/ve-chung-toi\/","og_site_name":"Common Cause Ohio","article_modified_time":"2024-06-10T22:10:04+00:00","og_image":[{"width":1200,"height":675,"url":"https:\/\/www.commoncause.org\/ohio\/wp-content\/uploads\/2024\/08\/OH.png","type":"image\/png"}],"twitter_card":"summary_large_image","schema":{"@context":"https:\/\/schema.org","@graph":[{"@type":"WebPage","@id":"https:\/\/www.commoncause.org\/ohio\/about-us\/","url":"https:\/\/www.commoncause.org\/ohio\/about-us\/","name":"Gi\u1edbi thi\u1ec7u v\u1ec1 ch\u00fang t\u00f4i - Common Cause Ohio","isPartOf":{"@id":"https:\/\/www.commoncause.org\/ohio\/#website"},"datePublished":"2024-05-07T13:45:43+00:00","dateModified":"2024-06-10T22:10:04+00:00","breadcrumb":{"@id":"https:\/\/www.commoncause.org\/ohio\/about-us\/#breadcrumb"},"inLanguage":"vi","potentialAction":[{"@type":"ReadAction","target":["https:\/\/www.commoncause.org\/ohio\/about-us\/"]}]},{"@type":"BreadcrumbList","@id":"https:\/\/www.commoncause.org\/ohio\/about-us\/#breadcrumb","itemListElement":[{"@type":"ListItem","position":1,"name":"Home","item":"https:\/\/www.commoncause.org\/ohio\/"},{"@type":"ListItem","position":2,"name":"About Us"}]},{"@type":"WebSite","@id":"https:\/\/www.commoncause.org\/ohio\/#website","url":"https:\/\/www.commoncause.org\/ohio\/","name":"Nguy\u00ean nh\u00e2n chung Ohio","description":"","potentialAction":[{"@type":"SearchAction","target":{"@type":"EntryPoint","urlTemplate":"https:\/\/www.commoncause.org\/ohio\/?s={search_term_string}"},"query-input":{"@type":"PropertyValueSpecification","valueRequired":true,"valueName":"search_term_string"}}],"inLanguage":"vi"}]}},"distributor_meta":false,"distributor_terms":false,"distributor_media":false,"distributor_original_site_name":"Common Cause Ohio","distributor_original_site_url":"https:\/\/www.commoncause.org\/ohio\/vi","push-errors":false,"_links":{"self":[{"href":"https:\/\/www.commoncause.org\/ohio\/vi\/wp-json\/wp\/v2\/pages\/20","targetHints":{"allow":["GET"]}}],"collection":[{"href":"https:\/\/www.commoncause.org\/ohio\/vi\/wp-json\/wp\/v2\/pages"}],"about":[{"href":"https:\/\/www.commoncause.org\/ohio\/vi\/wp-json\/wp\/v2\/types\/page"}],"author":[{"embeddable":true,"href":"https:\/\/www.commoncause.org\/ohio\/vi\/wp-json\/wp\/v2\/users\/2"}],"replies":[{"embeddable":true,"href":"https:\/\/www.commoncause.org\/ohio\/vi\/wp-json\/wp\/v2\/comments?post=20"}],"version-history":[{"count":27,"href":"https:\/\/www.commoncause.org\/ohio\/vi\/wp-json\/wp\/v2\/pages\/20\/revisions"}],"predecessor-version":[{"id":896,"href":"https:\/\/www.commoncause.org\/ohio\/vi\/wp-json\/wp\/v2\/pages\/20\/revisions\/896"}],"wp:attachment":[{"href":"https:\/\/www.commoncause.org\/ohio\/vi\/wp-json\/wp\/v2\/media?parent=20"}],"curies":[{"name":"wp","href":"https:\/\/api.w.org\/{rel}","templated":true}]}}