{"id":24,"date":"2024-05-07T13:49:45","date_gmt":"2024-05-07T13:49:45","guid":{"rendered":"https:\/\/www.commoncause.org\/ohio\/donate\/"},"modified":"2024-08-09T18:24:21","modified_gmt":"2024-08-09T22:24:21","slug":"donate","status":"publish","type":"page","link":"https:\/\/www.commoncause.org\/ohio\/ro\/dona\/","title":{"rendered":"Dona"},"content":{"rendered":"","protected":false},"excerpt":{"rendered":"","protected":false},"author":1,"featured_media":0,"parent":0,"menu_order":0,"comment_status":"closed","ping_status":"closed","template":"","meta":{"_acf_changed":false,"_relevanssi_hide_post":"","_relevanssi_hide_content":"","_relevanssi_pin_for_all":"","_relevanssi_pin_keywords":"","_relevanssi_unpin_keywords":"","_relevanssi_related_keywords":"","_relevanssi_related_include_ids":"","_relevanssi_related_exclude_ids":"","_relevanssi_related_no_append":"","_relevanssi_related_not_related":"","_relevanssi_related_posts":"","_relevanssi_noindex_reason":""},"class_list":["post-24","page","type-page","status-publish","hentry"],"acf":{"header":{"component_page_header":{"header_type":"background","title":"Sus\u021bine munca noastr\u0103 \u00een Ohio","lead":"","image":"","subnavigation":false}},"sidebar":{"helper_enable_sidebar":false,"helper_media_contact":{"heading":"","manually_enter_person":false,"person":"","name":"","role":"","phone":"","email":""},"helper_links_downloads":{"heading":"","links":null}},"page_layout":[{"acf_fc_layout":"layout_wysiwyg","_acfe_flexible_toggle":"","component_wysiwyg":{"content":"Cauza comun\u0103 Ohio este lider \u00een lupte care conteaz\u0103 la nivel local, statal \u0219i na\u021bional. Sprijinul dumneavoastr\u0103 d\u0103 putere ac\u021biunilor de baz\u0103, juridice \u0219i legislative pentru a face fa\u021b\u0103 intereselor speciale, a trage oficialii ale\u0219i la r\u0103spundere \u0219i a construi democra\u021bia pe care o merit\u0103 to\u021bi americanii."}},{"acf_fc_layout":"layout_basic_html","_acfe_flexible_toggle":"","component_basic_html":{"heading":"Be a Champion for Democracy","code":"<script src='https:\/\/actionnetwork.org\/widgets\/v5\/fundraising\/common-cause-ohio?format=js&source=website&css=whitelabel&'><\/script><div id='can-fundraising-area-common-cause-ohio' style='width: 100%'><\/div>","width":"medium"}},{"acf_fc_layout":"layout_wysiwyg","_acfe_flexible_toggle":"","component_wysiwyg":{"content":"<h3>Alte moduri de a oferi...<\/h3>\r\nExist\u0103 multe modalit\u0103\u021bi de a sprijini misiunea Cauzei comune de a trage puterea responsabil\u0103. Dac\u0103 ave\u021bi \u00eentreb\u0103ri sau nu vede\u021bi lista cu metoda preferat\u0103 de a oferi, v\u0103 rug\u0103m s\u0103 contacta\u021bi Serviciile pentru membri la: (202) 833-1200 sau\u00a0<a href=\"mailto:giving@commoncause.org\">giving@commoncause.org<\/a>\u00a0\u0219i vom fi bucuro\u0219i s\u0103 discut\u0103m despre op\u021biunile dvs. de a aduce o contribu\u021bie.\r\n\r\n<strong>D\u0103ruie\u0219te din fondul t\u0103u consiliat de donator\u00a0<\/strong>\r\n\r\nV\u0103 rug\u0103m s\u0103 lua\u021bi \u00een considerare s\u0103 face\u021bi un cadou c\u0103tre Common Cause Education Fund prin fondul recomandat de donator. <b>\u00centreb\u0103ri?<\/b> V\u0103 rug\u0103m s\u0103 trimite\u021bi un e-mail sau s\u0103 suna\u021bi la Rachel Queirolo, director na\u021bional al cadourilor majore la <a href=\"mailto:rqueirolo@commoncause.org\">rqueirolo@commoncause.org<\/a> sau (202)-736-5773.\r\n\r\n<strong>D\u0103ruire deductibil\u0103 din impozite<\/strong>\r\n\r\nContribu\u021biile la Cauza comun\u0103 nu sunt deductibile fiscal, deoarece munca noastr\u0103 include lobby pentru reform\u0103. Dar pute\u021bi face o contribu\u021bie deductibil\u0103 din impozite c\u0103tre afiliatul nostru, Common Cause Education Fund, o organiza\u021bie caritabil\u0103 501(c)3 care sprijin\u0103 eforturile noastre de a trage puterea responsabil\u0103 prin angajament civic \u0219i educa\u021bie public\u0103. <a href=\"https:\/\/www.commoncause.org\/ohio\/ro\/donate\/education-fund\/\">Face\u021bi clic aici pentru a v\u0103 face cadou deductibil din impozite &gt;&gt;<\/a>\r\n\r\n<strong>Cont de pensie \u0219i dona\u021bii IRA<\/strong>\r\n\r\nIncluderea Common Cause Education Fund ca beneficiar al contului de pensie sau al IRA este o alt\u0103 modalitate simpl\u0103 \u0219i eficient\u0103 din punct de vedere fiscal de a consolida democra\u021bia \u0219i de a promova buna guvernare. <a href=\"https:\/\/www.commoncause.org\/ohio\/ro\/retirement-funds-or-iras\/\">Face\u021bi clic aici pentru a afla mai multe despre contul de pensionare \u0219i donarea IRA.<\/a>\r\n\r\n<strong>Sus\u021bine cauza comun\u0103 \u00een testamentul t\u0103u<\/strong>\r\n\r\nAjut\u0103 la garantarea promisiunii democra\u021biei pentru urm\u0103toarea genera\u021bie, p\u0103r\u0103sind un <a href=\"https:\/\/www.commoncause.org\/ohio\/ro\/support-common-cause-in-your-will\/\">cadou imobiliar, cum ar fi un legat sau alt cadou planificat<\/a>. Folose\u0219te asta <a href=\"https:\/\/www.freewill.com\/commoncause?utm_source=partner&amp;utm_medium=donatepage&amp;utm_campaign=commoncause_website\">Instrument de scris GRATUIT<\/a> pentru a \u00eencepe rapid \u0219i u\u0219or.\r\n\r\n<strong>D\u0103ruirea la locul de munc\u0103<\/strong>\r\n\r\nDonarea pentru Cauza comun\u0103 prin dona\u021bii la locul de munc\u0103 este convenabil\u0103 \u0219i de impact. Le permite angaja\u021bilor s\u0103 sus\u021bin\u0103 eforturile pentru responsabilitatea guvernului \u0219i reformele democra\u021biei f\u0103r\u0103 efort prin deduceri de salarii. Programele de cadouri de potrivire pot amplifica contribu\u021biile, maximiz\u00e2nd impactul. <a href=\"https:\/\/www.commoncause.org\/ohio\/ro\/workplace-giving\/\">Afla\u021bi mai multe despre oferirea la locul de munc\u0103 aici &gt;&gt;<\/a>\r\n\r\n<strong>Cadouri de stoc<\/strong>\r\n\r\nCadourile de ac\u021biuni \u0219i valori mobiliare pot fi f\u0103cute c\u0103tre Common Cause \u0219i Fondul nostru de educa\u021bie pentru Cauz\u0103 comun\u0103 afiliat\u0103 prin Wells Fargo. <a href=\"https:\/\/www.commoncause.org\/ohio\/ro\/gifts-of-stock\/\">Pentru detalii despre cadourile din stoc, click aici &gt;&gt;<\/a>\r\n\r\n<strong>Sprijinirea cauzei comune printr-o funda\u021bie<\/strong>\r\n\r\nDac\u0103 sunte\u021bi afiliat la o funda\u021bie \u0219i sunte\u021bi interesat s\u0103 afla\u021bi mai multe despre impactul nostru sau s\u0103 acorda\u021bi o subven\u021bie Common Cause Education Fund, v\u0103 rug\u0103m s\u0103 contacta\u021bi directorul nostru de rela\u021bii cu funda\u021bia Sam Voorhees la <a href=\"mailto:svoorhees@commoncause.org\">svoorhees@commoncause.org<\/a> sau (202)-736-5723.\r\n\r\n<strong>D\u0103ruirea de Leadership<\/strong>\r\n\r\nF\u0103c\u00e2nd un cadou de $10.000 sau mai mult, v\u0103 ve\u021bi al\u0103tura unui grup de ap\u0103r\u0103tori dedica\u021bi ai democra\u021biei din \u00eentreaga \u021bar\u0103. Darul t\u0103u alimenteaz\u0103 protec\u021bia electoral\u0103, litigiile, redistribuirea circumscrip\u021biei, combaterea dezinformarii electorale, tragerea la r\u0103spundere a muncii lui Trump \u0219i multe altele. <b>\u00centreb\u0103ri?<\/b> V\u0103 rug\u0103m s\u0103 trimite\u021bi un e-mail sau s\u0103 suna\u021bi la Rachel Queirolo, director na\u021bional al cadourilor majore la <a href=\"mailto:rqueirolo@commoncause.org\">rqueirolo@commoncause.org<\/a> sau (202)-736-5773.\r\n\r\n<strong>Cadouri memoriale \u0219i onorifice<\/strong>\r\n\r\nUn cadou care promoveaz\u0103 democra\u021bia \u00een numele persoanei dragi este o modalitate minunat\u0103 de a ar\u0103ta sprijinul pentru activitatea organiza\u021biei Common Cause. <a href=\"https:\/\/www.commoncause.org\/ohio\/ro\/memorial-honorary-gifts\/\">Dac\u0103 dori\u021bi s\u0103 face\u021bi un cadou memorial sau onorific, v\u0103 rug\u0103m s\u0103 face\u021bi clic aici<\/a> sau contacta\u021bi-l pe Sam Anderson-Chinnes la <a href=\"mailto:sanderson@commoncause.org\">sanderson@commoncause.org<\/a>."}}]},"yoast_head":"<!-- This site is optimized with the Yoast SEO Premium plugin v26.6 (Yoast SEO v27.1.1) - https:\/\/yoast.com\/product\/yoast-seo-premium-wordpress\/ -->\n<title>Donate - Common Cause Ohio<\/title>\n<meta name=\"robots\" content=\"index, follow, max-snippet:-1, max-image-preview:large, max-video-preview:-1\" \/>\n<link rel=\"canonical\" href=\"https:\/\/www.commoncause.org\/ohio\/ro\/dona\/\" \/>\n<meta property=\"og:locale\" content=\"ro_RO\" \/>\n<meta property=\"og:type\" content=\"article\" \/>\n<meta property=\"og:title\" content=\"Donate\" \/>\n<meta property=\"og:url\" content=\"https:\/\/www.commoncause.org\/ohio\/ro\/dona\/\" \/>\n<meta property=\"og:site_name\" content=\"Common Cause Ohio\" \/>\n<meta property=\"article:modified_time\" content=\"2024-08-09T22:24:21+00:00\" \/>\n<meta property=\"og:image\" content=\"https:\/\/www.commoncause.org\/ohio\/wp-content\/uploads\/2024\/08\/OH.png\" \/>\n\t<meta property=\"og:image:width\" content=\"1200\" \/>\n\t<meta property=\"og:image:height\" content=\"675\" \/>\n\t<meta property=\"og:image:type\" content=\"image\/png\" \/>\n<meta name=\"twitter:card\" content=\"summary_large_image\" \/>\n<script type=\"application\/ld+json\" class=\"yoast-schema-graph\">{\"@context\":\"https:\/\/schema.org\",\"@graph\":[{\"@type\":\"WebPage\",\"@id\":\"https:\/\/www.commoncause.org\/ohio\/donate\/\",\"url\":\"https:\/\/www.commoncause.org\/ohio\/donate\/\",\"name\":\"Donate - Common Cause Ohio\",\"isPartOf\":{\"@id\":\"https:\/\/www.commoncause.org\/ohio\/#website\"},\"datePublished\":\"2024-05-07T13:49:45+00:00\",\"dateModified\":\"2024-08-09T22:24:21+00:00\",\"breadcrumb\":{\"@id\":\"https:\/\/www.commoncause.org\/ohio\/donate\/#breadcrumb\"},\"inLanguage\":\"ro-RO\",\"potentialAction\":[{\"@type\":\"ReadAction\",\"target\":[\"https:\/\/www.commoncause.org\/ohio\/donate\/\"]}]},{\"@type\":\"BreadcrumbList\",\"@id\":\"https:\/\/www.commoncause.org\/ohio\/donate\/#breadcrumb\",\"itemListElement\":[{\"@type\":\"ListItem\",\"position\":1,\"name\":\"Home\",\"item\":\"https:\/\/www.commoncause.org\/ohio\/\"},{\"@type\":\"ListItem\",\"position\":2,\"name\":\"Donate\"}]},{\"@type\":\"WebSite\",\"@id\":\"https:\/\/www.commoncause.org\/ohio\/#website\",\"url\":\"https:\/\/www.commoncause.org\/ohio\/\",\"name\":\"Common Cause Ohio\",\"description\":\"\",\"potentialAction\":[{\"@type\":\"SearchAction\",\"target\":{\"@type\":\"EntryPoint\",\"urlTemplate\":\"https:\/\/www.commoncause.org\/ohio\/?s={search_term_string}\"},\"query-input\":{\"@type\":\"PropertyValueSpecification\",\"valueRequired\":true,\"valueName\":\"search_term_string\"}}],\"inLanguage\":\"ro-RO\"}]}<\/script>\n<!-- \/ Yoast SEO Premium plugin. -->","yoast_head_json":{"title":"Doneaz\u0103 - Cauz\u0103 comun\u0103 Ohio","robots":{"index":"index","follow":"follow","max-snippet":"max-snippet:-1","max-image-preview":"max-image-preview:large","max-video-preview":"max-video-preview:-1"},"canonical":"https:\/\/www.commoncause.org\/ohio\/ro\/dona\/","og_locale":"ro_RO","og_type":"article","og_title":"Donate","og_url":"https:\/\/www.commoncause.org\/ohio\/ro\/dona\/","og_site_name":"Common Cause Ohio","article_modified_time":"2024-08-09T22:24:21+00:00","og_image":[{"width":1200,"height":675,"url":"https:\/\/www.commoncause.org\/ohio\/wp-content\/uploads\/2024\/08\/OH.png","type":"image\/png"}],"twitter_card":"summary_large_image","schema":{"@context":"https:\/\/schema.org","@graph":[{"@type":"WebPage","@id":"https:\/\/www.commoncause.org\/ohio\/donate\/","url":"https:\/\/www.commoncause.org\/ohio\/donate\/","name":"Doneaz\u0103 - Cauz\u0103 comun\u0103 Ohio","isPartOf":{"@id":"https:\/\/www.commoncause.org\/ohio\/#website"},"datePublished":"2024-05-07T13:49:45+00:00","dateModified":"2024-08-09T22:24:21+00:00","breadcrumb":{"@id":"https:\/\/www.commoncause.org\/ohio\/donate\/#breadcrumb"},"inLanguage":"ro-RO","potentialAction":[{"@type":"ReadAction","target":["https:\/\/www.commoncause.org\/ohio\/donate\/"]}]},{"@type":"BreadcrumbList","@id":"https:\/\/www.commoncause.org\/ohio\/donate\/#breadcrumb","itemListElement":[{"@type":"ListItem","position":1,"name":"Home","item":"https:\/\/www.commoncause.org\/ohio\/"},{"@type":"ListItem","position":2,"name":"Donate"}]},{"@type":"WebSite","@id":"https:\/\/www.commoncause.org\/ohio\/#website","url":"https:\/\/www.commoncause.org\/ohio\/","name":"Cauz\u0103 comun\u0103 Ohio","description":"","potentialAction":[{"@type":"SearchAction","target":{"@type":"EntryPoint","urlTemplate":"https:\/\/www.commoncause.org\/ohio\/?s={search_term_string}"},"query-input":{"@type":"PropertyValueSpecification","valueRequired":true,"valueName":"search_term_string"}}],"inLanguage":"ro-RO"}]}},"distributor_meta":false,"distributor_terms":false,"distributor_media":false,"distributor_original_site_name":"Common Cause Ohio","distributor_original_site_url":"https:\/\/www.commoncause.org\/ohio\/ro","push-errors":false,"_links":{"self":[{"href":"https:\/\/www.commoncause.org\/ohio\/ro\/wp-json\/wp\/v2\/pages\/24","targetHints":{"allow":["GET"]}}],"collection":[{"href":"https:\/\/www.commoncause.org\/ohio\/ro\/wp-json\/wp\/v2\/pages"}],"about":[{"href":"https:\/\/www.commoncause.org\/ohio\/ro\/wp-json\/wp\/v2\/types\/page"}],"author":[{"embeddable":true,"href":"https:\/\/www.commoncause.org\/ohio\/ro\/wp-json\/wp\/v2\/users\/1"}],"replies":[{"embeddable":true,"href":"https:\/\/www.commoncause.org\/ohio\/ro\/wp-json\/wp\/v2\/comments?post=24"}],"version-history":[{"count":30,"href":"https:\/\/www.commoncause.org\/ohio\/ro\/wp-json\/wp\/v2\/pages\/24\/revisions"}],"predecessor-version":[{"id":1598,"href":"https:\/\/www.commoncause.org\/ohio\/ro\/wp-json\/wp\/v2\/pages\/24\/revisions\/1598"}],"wp:attachment":[{"href":"https:\/\/www.commoncause.org\/ohio\/ro\/wp-json\/wp\/v2\/media?parent=24"}],"curies":[{"name":"wp","href":"https:\/\/api.w.org\/{rel}","templated":true}]}}