{"id":27,"date":"2024-05-07T13:52:01","date_gmt":"2024-05-07T13:52:01","guid":{"rendered":"https:\/\/www.commoncause.org\/ohio\/contact\/"},"modified":"2024-06-09T00:12:44","modified_gmt":"2024-06-09T00:12:44","slug":"contact","status":"publish","type":"page","link":"https:\/\/www.commoncause.org\/ohio\/fr\/contact\/","title":{"rendered":"Contact"},"content":{"rendered":"","protected":false},"excerpt":{"rendered":"","protected":false},"author":2,"featured_media":0,"parent":0,"menu_order":0,"comment_status":"closed","ping_status":"closed","template":"","meta":{"_acf_changed":false,"_relevanssi_hide_post":"","_relevanssi_hide_content":"","_relevanssi_pin_for_all":"","_relevanssi_pin_keywords":"","_relevanssi_unpin_keywords":"","_relevanssi_related_keywords":"","_relevanssi_related_include_ids":"","_relevanssi_related_exclude_ids":"","_relevanssi_related_no_append":"","_relevanssi_related_not_related":"","_relevanssi_related_posts":"","_relevanssi_noindex_reason":""},"class_list":["post-27","page","type-page","status-publish","hentry"],"acf":{"header":{"component_page_header":{"header_type":"background","title":"Contactez-nous","lead":"","image":"","subnavigation":false}},"sidebar":{"helper_enable_sidebar":false,"helper_media_contact":{"heading":"Media Contact","manually_enter_person":false,"person":"","name":"","role":"","phone":"","email":""},"helper_links_downloads":{"heading":"Links & Downloads","links":null}},"page_layout":[{"acf_fc_layout":"layout_wysiwyg","_acfe_flexible_toggle":"","component_wysiwyg":{"content":"<div class=\"col-xs-12 col-md-8\">\r\n<h2>Connectons-nous<\/h2>\r\nCommon Cause Ohio est un fervent d\u00e9fenseur de l&#039;action citoyenne et souhaite conna\u00eetre l&#039;avis de ses membres et sympathisants. Vous avez une question ou un commentaire\u00a0? N&#039;h\u00e9sitez pas \u00e0 nous contacter. Contactez les membres de l&#039;\u00e9quipe suivants\u00a0:\r\n<ul>\r\n \t<li><strong>CONTACT M\u00c9DIAS - Catherine Turcer<\/strong>, Directeur ex\u00e9cutif chez <a href=\"mailto:cturcer@commoncause.org\" target=\"_blank\" rel=\"noopener\">cturcer@commoncause.org<\/a><\/li>\r\n \t<li>Mia Lewis, directrice adjointe de l&#039;Ohio \u00e0 <a href=\"mailto:mlewis@commoncause.org\" target=\"_blank\" rel=\"noopener\">mlewis@commoncause.org<\/a><\/li>\r\n<\/ul>\r\nVous pouvez nous contacter par t\u00e9l\u00e9phone au 614-285-6019 Adresse postale de l&#039;Ohio : PO Box 20799, Columbus, OH 43220\r\n\r\n<\/div>"}}]},"yoast_head":"<!-- This site is optimized with the Yoast SEO Premium plugin v26.6 (Yoast SEO v27.1.1) - https:\/\/yoast.com\/product\/yoast-seo-premium-wordpress\/ -->\n<title>Contact - Common Cause Ohio<\/title>\n<meta name=\"robots\" content=\"index, follow, max-snippet:-1, max-image-preview:large, max-video-preview:-1\" \/>\n<link rel=\"canonical\" href=\"https:\/\/www.commoncause.org\/ohio\/fr\/contact\/\" \/>\n<meta property=\"og:locale\" content=\"fr_FR\" \/>\n<meta property=\"og:type\" content=\"article\" \/>\n<meta property=\"og:title\" content=\"Contact\" \/>\n<meta property=\"og:url\" content=\"https:\/\/www.commoncause.org\/ohio\/fr\/contact\/\" \/>\n<meta property=\"og:site_name\" content=\"Common Cause Ohio\" \/>\n<meta property=\"article:modified_time\" content=\"2024-06-09T00:12:44+00:00\" \/>\n<meta property=\"og:image\" content=\"https:\/\/www.commoncause.org\/ohio\/wp-content\/uploads\/2024\/08\/OH.png\" \/>\n\t<meta property=\"og:image:width\" content=\"1200\" \/>\n\t<meta property=\"og:image:height\" content=\"675\" \/>\n\t<meta property=\"og:image:type\" content=\"image\/png\" \/>\n<meta name=\"twitter:card\" content=\"summary_large_image\" \/>\n<script type=\"application\/ld+json\" class=\"yoast-schema-graph\">{\"@context\":\"https:\/\/schema.org\",\"@graph\":[{\"@type\":\"WebPage\",\"@id\":\"https:\/\/www.commoncause.org\/ohio\/contact\/\",\"url\":\"https:\/\/www.commoncause.org\/ohio\/contact\/\",\"name\":\"Contact - Common Cause Ohio\",\"isPartOf\":{\"@id\":\"https:\/\/www.commoncause.org\/ohio\/#website\"},\"datePublished\":\"2024-05-07T13:52:01+00:00\",\"dateModified\":\"2024-06-09T00:12:44+00:00\",\"breadcrumb\":{\"@id\":\"https:\/\/www.commoncause.org\/ohio\/contact\/#breadcrumb\"},\"inLanguage\":\"fr-FR\",\"potentialAction\":[{\"@type\":\"ReadAction\",\"target\":[\"https:\/\/www.commoncause.org\/ohio\/contact\/\"]}]},{\"@type\":\"BreadcrumbList\",\"@id\":\"https:\/\/www.commoncause.org\/ohio\/contact\/#breadcrumb\",\"itemListElement\":[{\"@type\":\"ListItem\",\"position\":1,\"name\":\"Home\",\"item\":\"https:\/\/www.commoncause.org\/ohio\/\"},{\"@type\":\"ListItem\",\"position\":2,\"name\":\"Contact\"}]},{\"@type\":\"WebSite\",\"@id\":\"https:\/\/www.commoncause.org\/ohio\/#website\",\"url\":\"https:\/\/www.commoncause.org\/ohio\/\",\"name\":\"Common Cause Ohio\",\"description\":\"\",\"potentialAction\":[{\"@type\":\"SearchAction\",\"target\":{\"@type\":\"EntryPoint\",\"urlTemplate\":\"https:\/\/www.commoncause.org\/ohio\/?s={search_term_string}\"},\"query-input\":{\"@type\":\"PropertyValueSpecification\",\"valueRequired\":true,\"valueName\":\"search_term_string\"}}],\"inLanguage\":\"fr-FR\"}]}<\/script>\n<!-- \/ Yoast SEO Premium plugin. -->","yoast_head_json":{"title":"Contactez-nous \u2013 Cause commune Ohio","robots":{"index":"index","follow":"follow","max-snippet":"max-snippet:-1","max-image-preview":"max-image-preview:large","max-video-preview":"max-video-preview:-1"},"canonical":"https:\/\/www.commoncause.org\/ohio\/fr\/contact\/","og_locale":"fr_FR","og_type":"article","og_title":"Contact","og_url":"https:\/\/www.commoncause.org\/ohio\/fr\/contact\/","og_site_name":"Common Cause Ohio","article_modified_time":"2024-06-09T00:12:44+00:00","og_image":[{"width":1200,"height":675,"url":"https:\/\/www.commoncause.org\/ohio\/wp-content\/uploads\/2024\/08\/OH.png","type":"image\/png"}],"twitter_card":"summary_large_image","schema":{"@context":"https:\/\/schema.org","@graph":[{"@type":"WebPage","@id":"https:\/\/www.commoncause.org\/ohio\/contact\/","url":"https:\/\/www.commoncause.org\/ohio\/contact\/","name":"Contactez-nous \u2013 Cause commune Ohio","isPartOf":{"@id":"https:\/\/www.commoncause.org\/ohio\/#website"},"datePublished":"2024-05-07T13:52:01+00:00","dateModified":"2024-06-09T00:12:44+00:00","breadcrumb":{"@id":"https:\/\/www.commoncause.org\/ohio\/contact\/#breadcrumb"},"inLanguage":"fr-FR","potentialAction":[{"@type":"ReadAction","target":["https:\/\/www.commoncause.org\/ohio\/contact\/"]}]},{"@type":"BreadcrumbList","@id":"https:\/\/www.commoncause.org\/ohio\/contact\/#breadcrumb","itemListElement":[{"@type":"ListItem","position":1,"name":"Home","item":"https:\/\/www.commoncause.org\/ohio\/"},{"@type":"ListItem","position":2,"name":"Contact"}]},{"@type":"WebSite","@id":"https:\/\/www.commoncause.org\/ohio\/#website","url":"https:\/\/www.commoncause.org\/ohio\/","name":"Cause commune Ohio","description":"","potentialAction":[{"@type":"SearchAction","target":{"@type":"EntryPoint","urlTemplate":"https:\/\/www.commoncause.org\/ohio\/?s={search_term_string}"},"query-input":{"@type":"PropertyValueSpecification","valueRequired":true,"valueName":"search_term_string"}}],"inLanguage":"fr-FR"}]}},"distributor_meta":false,"distributor_terms":false,"distributor_media":false,"distributor_original_site_name":"Common Cause Ohio","distributor_original_site_url":"https:\/\/www.commoncause.org\/ohio\/fr","push-errors":false,"_links":{"self":[{"href":"https:\/\/www.commoncause.org\/ohio\/fr\/wp-json\/wp\/v2\/pages\/27","targetHints":{"allow":["GET"]}}],"collection":[{"href":"https:\/\/www.commoncause.org\/ohio\/fr\/wp-json\/wp\/v2\/pages"}],"about":[{"href":"https:\/\/www.commoncause.org\/ohio\/fr\/wp-json\/wp\/v2\/types\/page"}],"author":[{"embeddable":true,"href":"https:\/\/www.commoncause.org\/ohio\/fr\/wp-json\/wp\/v2\/users\/2"}],"replies":[{"embeddable":true,"href":"https:\/\/www.commoncause.org\/ohio\/fr\/wp-json\/wp\/v2\/comments?post=27"}],"version-history":[{"count":15,"href":"https:\/\/www.commoncause.org\/ohio\/fr\/wp-json\/wp\/v2\/pages\/27\/revisions"}],"predecessor-version":[{"id":839,"href":"https:\/\/www.commoncause.org\/ohio\/fr\/wp-json\/wp\/v2\/pages\/27\/revisions\/839"}],"wp:attachment":[{"href":"https:\/\/www.commoncause.org\/ohio\/fr\/wp-json\/wp\/v2\/media?parent=27"}],"curies":[{"name":"wp","href":"https:\/\/api.w.org\/{rel}","templated":true}]}}