{"id":22,"date":"2024-05-07T13:47:43","date_gmt":"2024-05-07T13:47:43","guid":{"rendered":"https:\/\/www.commoncause.org\/ohio\/our-impact\/"},"modified":"2024-07-31T20:04:07","modified_gmt":"2024-08-01T00:04:07","slug":"our-impact","status":"publish","type":"page","link":"https:\/\/www.commoncause.org\/ohio\/es\/nuestro-impacto\/","title":{"rendered":"Nuestro impacto"},"content":{"rendered":"","protected":false},"excerpt":{"rendered":"","protected":false},"author":1,"featured_media":0,"parent":0,"menu_order":0,"comment_status":"closed","ping_status":"closed","template":"","meta":{"_acf_changed":false,"_relevanssi_hide_post":"","_relevanssi_hide_content":"","_relevanssi_pin_for_all":"","_relevanssi_pin_keywords":"","_relevanssi_unpin_keywords":"","_relevanssi_related_keywords":"","_relevanssi_related_include_ids":"","_relevanssi_related_exclude_ids":"","_relevanssi_related_no_append":"","_relevanssi_related_not_related":"","_relevanssi_related_posts":"","_relevanssi_noindex_reason":""},"class_list":["post-22","page","type-page","status-publish","hentry"],"acf":{"header":{"component_page_header":{"header_type":"background","title":"Nuestro impacto","lead":"Common Cause Ohio advocates for an open, accountable, and transparent government that works for all Ohioans.","image":"","subnavigation":false}},"sidebar":{"helper_enable_sidebar":false,"helper_media_contact":{"heading":"","manually_enter_person":false,"person":"","name":"","role":"","phone":"","email":""},"helper_links_downloads":{"heading":"","links":null}},"page_layout":[{"acf_fc_layout":"layout_wysiwyg","_acfe_flexible_toggle":"","component_wysiwyg":{"content":"<h3><strong>Common Cause Ohio se presenta ante los votantes y trabaja para exigirle cuentas a nuestro gobierno.<\/strong><\/h3>\r\n<span style=\"font-weight: 400;\">Con el apoyo de nuestros miembros comprometidos, hemos defendido una y otra vez los derechos de los habitantes de Ohio. Seguiremos luchando para que nuestro gobierno en Ohio sea m\u00e1s abierto, honesto y responda mejor a las necesidades de los votantes. Descubre algunos de nuestros logros m\u00e1s importantes:<\/span>"}},{"acf_fc_layout":"layout_featured_work","_acfe_flexible_toggle":"","component_featured_work":{"content_type":"","button_text":"View This Campaign","secondary_link":null,"manually_curate":true,"small_title":"The Fight for Fair Maps","large_title":"Redistricting Reform","summary":"Common Cause Ohio, through our Fair Districts Coalition, is leading the charge to establish a Citizens Redistricting Commission in Ohio, contributing decades of redistricting reform and grassroots mobilization expertise to the Citizens Not Politicians ballot initiative efforts. Our team has recruited, trained, and equipped more than 2,000 volunteers from 45+ counties to collect signatures and ensure the amendment is on the ballot in November 2024. (Photo courtesy of Paul Becker.)","button":{"title":"The Fight for Fair Maps","url":"https:\/\/www.commoncause.org\/ohio\/work\/fair-and-transparent-mapmaking\/","target":"_blank"},"small_link":"","image":20913}},{"acf_fc_layout":"layout_two_column_text_and_image","_acfe_flexible_toggle":"","component_two_column_text_and_image":{"heading":"Common Cause Ohio Has Deep Roots","columns":[{"image":17281,"title":"Mobilizing Redistricting Reformers","content":"Common Cause Ohio, through our Fair Districts Coalition, is leading the charge to establish a Citizens Redistricting Commission in Ohio, contributing decades of redistricting reform and grassroots mobilization expertise to the Citizens Not Politicians ballot initiative efforts. Our team has recruited, trained, and equipped more than 2,000 volunteers from 45+ counties to collect signatures and ensure the amendment is on the ballot in November 2024.","link":{"title":"","url":"https:\/\/docs.google.com\/forms\/d\/e\/1FAIpQLSfNiY4yqJuL57G5EjNoeg7CwlsD4XK2bzMvzy5dJhr7XZKaHA\/viewform","target":"_blank"}},{"image":16962,"title":"Training Voter Support Volunteers","content":"Each election year, Common Cause Ohio coordinates nonpartisan volunteers across the state to serve as a first line of defense for voters. These volunteers answer voters' questions, make sure that voters know their rights, and report any attempts to intimidate or obstruct voters. This program has helped countless Ohioans make themselves heard at the ballot box.","link":{"title":"","url":"https:\/\/protectthevote.net\/#enroll","target":"_blank"}}]}},{"acf_fc_layout":"layout_featured_work","_acfe_flexible_toggle":"","component_featured_work":{"content_type":"","button_text":"View This Campaign","secondary_link":null,"manually_curate":true,"small_title":"Ohio Campaign","large_title":"Election Protection","summary":"Each election year, Common Cause Ohio coordinates nonpartisan volunteers across the state to serve as a first line of defense for voters. These volunteers answer voters' questions, make sure that voters know their rights, monitor for mis\/disinformation, attend boards of elections meetings, and report any attempts to intimidate or obstruct voters. This program has helped countless Ohioans make themselves heard at the ballot box.","button":{"title":"Join Our Nonpartisan Team","url":"https:\/\/protectthevote.net\/","target":"_blank"},"small_link":"","image":17289}},{"acf_fc_layout":"layout_statistics","_acfe_flexible_toggle":"","component_statistics":{"title":"Common Cause Ohio trabaja para fortalecer la participaci\u00f3n p\u00fablica en nuestra democracia y garantizar que los funcionarios p\u00fablicos y las instituciones p\u00fablicas sean responsables y respondan a los ciudadanos.","statistics":[{"component_statistic":{"number":"48,000","text":"Members and supporters","source":"People like you power everything that we do for our democracy."}},{"component_statistic":{"number":"88","text":"Ohio Counties with Common Cause members","source":"Our supporters live and take action in every corner of our state."}},{"component_statistic":{"number":"1.5M","text":"Members Across the Country","source":"Common Cause is working nationwide on the issues that count."}}]}},{"acf_fc_layout":"layout_banner","_acfe_flexible_toggle":"","component_banner":{"use_donate_banner":true,"title":"Title [highlight]with highlighting[\/highlight] and additional text.","button":null,"image":null}}]},"yoast_head":"<!-- This site is optimized with the Yoast SEO Premium plugin v26.6 (Yoast SEO v27.1.1) - https:\/\/yoast.com\/product\/yoast-seo-premium-wordpress\/ -->\n<title>Our Impact - Common Cause Ohio<\/title>\n<meta name=\"robots\" content=\"index, follow, max-snippet:-1, max-image-preview:large, max-video-preview:-1\" \/>\n<link rel=\"canonical\" href=\"https:\/\/www.commoncause.org\/ohio\/es\/nuestro-impacto\/\" \/>\n<meta property=\"og:locale\" content=\"es_MX\" \/>\n<meta property=\"og:type\" content=\"article\" \/>\n<meta property=\"og:title\" content=\"Our Impact\" \/>\n<meta property=\"og:url\" content=\"https:\/\/www.commoncause.org\/ohio\/es\/nuestro-impacto\/\" \/>\n<meta property=\"og:site_name\" content=\"Common Cause Ohio\" \/>\n<meta property=\"article:modified_time\" content=\"2024-08-01T00:04:07+00:00\" \/>\n<meta property=\"og:image\" content=\"https:\/\/www.commoncause.org\/ohio\/wp-content\/uploads\/2024\/08\/OH.png\" \/>\n\t<meta property=\"og:image:width\" content=\"1200\" \/>\n\t<meta property=\"og:image:height\" content=\"675\" \/>\n\t<meta property=\"og:image:type\" content=\"image\/png\" \/>\n<meta name=\"twitter:card\" content=\"summary_large_image\" \/>\n<script type=\"application\/ld+json\" class=\"yoast-schema-graph\">{\"@context\":\"https:\/\/schema.org\",\"@graph\":[{\"@type\":\"WebPage\",\"@id\":\"https:\/\/www.commoncause.org\/ohio\/our-impact\/\",\"url\":\"https:\/\/www.commoncause.org\/ohio\/our-impact\/\",\"name\":\"Our Impact - Common Cause Ohio\",\"isPartOf\":{\"@id\":\"https:\/\/www.commoncause.org\/ohio\/#website\"},\"datePublished\":\"2024-05-07T13:47:43+00:00\",\"dateModified\":\"2024-08-01T00:04:07+00:00\",\"breadcrumb\":{\"@id\":\"https:\/\/www.commoncause.org\/ohio\/our-impact\/#breadcrumb\"},\"inLanguage\":\"es\",\"potentialAction\":[{\"@type\":\"ReadAction\",\"target\":[\"https:\/\/www.commoncause.org\/ohio\/our-impact\/\"]}]},{\"@type\":\"BreadcrumbList\",\"@id\":\"https:\/\/www.commoncause.org\/ohio\/our-impact\/#breadcrumb\",\"itemListElement\":[{\"@type\":\"ListItem\",\"position\":1,\"name\":\"Home\",\"item\":\"https:\/\/www.commoncause.org\/ohio\/\"},{\"@type\":\"ListItem\",\"position\":2,\"name\":\"Our Impact\"}]},{\"@type\":\"WebSite\",\"@id\":\"https:\/\/www.commoncause.org\/ohio\/#website\",\"url\":\"https:\/\/www.commoncause.org\/ohio\/\",\"name\":\"Common Cause Ohio\",\"description\":\"\",\"potentialAction\":[{\"@type\":\"SearchAction\",\"target\":{\"@type\":\"EntryPoint\",\"urlTemplate\":\"https:\/\/www.commoncause.org\/ohio\/?s={search_term_string}\"},\"query-input\":{\"@type\":\"PropertyValueSpecification\",\"valueRequired\":true,\"valueName\":\"search_term_string\"}}],\"inLanguage\":\"es\"}]}<\/script>\n<!-- \/ Yoast SEO Premium plugin. -->","yoast_head_json":{"title":"Nuestro impacto - Causa com\u00fan en Ohio","robots":{"index":"index","follow":"follow","max-snippet":"max-snippet:-1","max-image-preview":"max-image-preview:large","max-video-preview":"max-video-preview:-1"},"canonical":"https:\/\/www.commoncause.org\/ohio\/es\/nuestro-impacto\/","og_locale":"es_MX","og_type":"article","og_title":"Our Impact","og_url":"https:\/\/www.commoncause.org\/ohio\/es\/nuestro-impacto\/","og_site_name":"Common Cause Ohio","article_modified_time":"2024-08-01T00:04:07+00:00","og_image":[{"width":1200,"height":675,"url":"https:\/\/www.commoncause.org\/ohio\/wp-content\/uploads\/2024\/08\/OH.png","type":"image\/png"}],"twitter_card":"summary_large_image","schema":{"@context":"https:\/\/schema.org","@graph":[{"@type":"WebPage","@id":"https:\/\/www.commoncause.org\/ohio\/our-impact\/","url":"https:\/\/www.commoncause.org\/ohio\/our-impact\/","name":"Nuestro impacto - Causa com\u00fan en Ohio","isPartOf":{"@id":"https:\/\/www.commoncause.org\/ohio\/#website"},"datePublished":"2024-05-07T13:47:43+00:00","dateModified":"2024-08-01T00:04:07+00:00","breadcrumb":{"@id":"https:\/\/www.commoncause.org\/ohio\/our-impact\/#breadcrumb"},"inLanguage":"es","potentialAction":[{"@type":"ReadAction","target":["https:\/\/www.commoncause.org\/ohio\/our-impact\/"]}]},{"@type":"BreadcrumbList","@id":"https:\/\/www.commoncause.org\/ohio\/our-impact\/#breadcrumb","itemListElement":[{"@type":"ListItem","position":1,"name":"Home","item":"https:\/\/www.commoncause.org\/ohio\/"},{"@type":"ListItem","position":2,"name":"Our Impact"}]},{"@type":"WebSite","@id":"https:\/\/www.commoncause.org\/ohio\/#website","url":"https:\/\/www.commoncause.org\/ohio\/","name":"Causa com\u00fan Ohio","description":"","potentialAction":[{"@type":"SearchAction","target":{"@type":"EntryPoint","urlTemplate":"https:\/\/www.commoncause.org\/ohio\/?s={search_term_string}"},"query-input":{"@type":"PropertyValueSpecification","valueRequired":true,"valueName":"search_term_string"}}],"inLanguage":"es"}]}},"distributor_meta":false,"distributor_terms":false,"distributor_media":false,"distributor_original_site_name":"Common Cause Ohio","distributor_original_site_url":"https:\/\/www.commoncause.org\/ohio\/es","push-errors":false,"_links":{"self":[{"href":"https:\/\/www.commoncause.org\/ohio\/es\/wp-json\/wp\/v2\/pages\/22","targetHints":{"allow":["GET"]}}],"collection":[{"href":"https:\/\/www.commoncause.org\/ohio\/es\/wp-json\/wp\/v2\/pages"}],"about":[{"href":"https:\/\/www.commoncause.org\/ohio\/es\/wp-json\/wp\/v2\/types\/page"}],"author":[{"embeddable":true,"href":"https:\/\/www.commoncause.org\/ohio\/es\/wp-json\/wp\/v2\/users\/1"}],"replies":[{"embeddable":true,"href":"https:\/\/www.commoncause.org\/ohio\/es\/wp-json\/wp\/v2\/comments?post=22"}],"version-history":[{"count":39,"href":"https:\/\/www.commoncause.org\/ohio\/es\/wp-json\/wp\/v2\/pages\/22\/revisions"}],"predecessor-version":[{"id":1407,"href":"https:\/\/www.commoncause.org\/ohio\/es\/wp-json\/wp\/v2\/pages\/22\/revisions\/1407"}],"wp:attachment":[{"href":"https:\/\/www.commoncause.org\/ohio\/es\/wp-json\/wp\/v2\/media?parent=22"}],"curies":[{"name":"Gracias","href":"https:\/\/api.w.org\/{rel}","templated":true}]}}