{"id":691,"date":"2019-05-28T14:48:43","date_gmt":"2019-05-28T14:48:43","guid":{"rendered":"https:\/\/www.commoncause.org\/north-carolina\/apply-to-be-a-common-cause-nc-democracy-fellow\/"},"modified":"2024-06-03T19:41:24","modified_gmt":"2024-06-03T19:41:24","slug":"nop-don-xin-lam-thanh-vien-cua-to-chuc-dan-chu-nc-vi-muc-dich-chung","status":"publish","type":"page","link":"https:\/\/www.commoncause.org\/north-carolina\/vi\/apply-to-be-a-common-cause-nc-democracy-fellow\/","title":{"rendered":"N\u1ed9p \u0111\u01a1n xin tr\u1edf th\u00e0nh th\u00e0nh vi\u00ean c\u1ee7a Common Cause NC Democracy Fellow"},"content":{"rendered":"","protected":false},"excerpt":{"rendered":"","protected":false},"author":22,"featured_media":0,"parent":0,"menu_order":0,"comment_status":"closed","ping_status":"closed","template":"","meta":{"_acf_changed":false,"_relevanssi_hide_post":"","_relevanssi_hide_content":"","_relevanssi_pin_for_all":"","_relevanssi_pin_keywords":"","_relevanssi_unpin_keywords":"","_relevanssi_related_keywords":"","_relevanssi_related_include_ids":"","_relevanssi_related_exclude_ids":"","_relevanssi_related_no_append":"","_relevanssi_related_not_related":"","_relevanssi_related_posts":"","_relevanssi_noindex_reason":""},"class_list":["post-691","page","type-page","status-publish","hentry"],"acf":{"header":{"component_page_header":{"header_type":"background","title":"","lead":"","image":17133,"subnavigation":false}},"sidebar":{"helper_enable_sidebar":false,"helper_media_contact":{"heading":"Media Contact","manually_enter_person":false,"person":"","name":"","role":"","phone":"","email":""},"helper_links_downloads":{"heading":"Links & Downloads","links":null}},"page_layout":[{"acf_fc_layout":"layout_wysiwyg","_acfe_flexible_toggle":"","component_wysiwyg":{"content":"<h3>H\u1ecdc b\u1ed5ng D\u00e2n ch\u1ee7 HBCU B\u1eafc Carolina v\u00ec m\u1ee5c \u0111\u00edch chung<\/h3>\r\n<i>Democracy Fellows s\u1ebd l\u00e0m vi\u1ec7c ch\u1eb7t ch\u1ebd v\u1edbi nh\u00e2n vi\u00ean v\u00e0 t\u00ecnh nguy\u1ec7n vi\u00ean c\u1ee7a Common Cause \u0111\u1ec3 th\u00fac \u0111\u1ea9y s\u1ef1 tham gia c\u1ee7a c\u00f4ng d\u00e2n v\u00e0 th\u00fac \u0111\u1ea9y gi\u00e1 tr\u1ecb c\u1ee7a vi\u1ec7c tr\u1edf th\u00e0nh nh\u1eefng ng\u01b0\u1eddi tham gia tr\u1ecdn \u0111\u1eddi v\u00e0o n\u1ec1n d\u00e2n ch\u1ee7 t\u1ea1i khu\u00f4n vi\u00ean tr\u01b0\u1eddng v\u00e0 c\u00e1c c\u1ed9ng \u0111\u1ed3ng xung quanh. Hi\u1ec7n t\u1ea1i, ch\u00fang t\u00f4i c\u00f3 c\u00e1c h\u1ecdc vi\u00ean t\u1ea1i Georgia, Maryland, Mississippi v\u00e0 B\u1eafc Carolina.\u00a0<\/i>\r\n\r\nM\u00f4 h\u00ecnh t\u1ed5 ch\u1ee9c c\u1ee7a ch\u00fang t\u00f4i t\u1eadp trung v\u00e0o nh\u1eefng ng\u01b0\u1eddi tr\u1ebb tu\u1ed5i, \u0111\u1eb7c bi\u1ec7t l\u00e0 nh\u1eefng ng\u01b0\u1eddi tr\u1ebb tu\u1ed5i da m\u00e0u v\u00e0 nh\u1eefng tr\u1ea3i nghi\u1ec7m c\u1ee7a h\u1ecd khi tham gia v\u00e0o n\u1ec1n d\u00e2n ch\u1ee7. Ch\u00fang t\u00f4i \u0111ang n\u1ed7 l\u1ef1c t\u1ea1o ra m\u1ed9t nh\u00f3m ng\u01b0\u1eddi tr\u1ebb tu\u1ed5i \u0111a ch\u1ee7ng t\u1ed9c, nh\u1eefng ng\u01b0\u1eddi s\u1eb5n s\u00e0ng l\u00ean ti\u1ebfng v\u00e0 h\u00e0nh \u0111\u1ed9ng \u0111\u1ec3 t\u1ea1o ra m\u1ed9t n\u1ec1n d\u00e2n ch\u1ee7 c\u00f4ng b\u1eb1ng v\u00e0 b\u00ecnh \u0111\u1eb3ng h\u01a1n.\r\n\r\n<strong>H\u1ecdc k\u1ef3 m\u00f9a thu:\u00a0\u00a0<\/strong>\r\n\r\nV\u00e0o h\u1ecdc k\u1ef3 m\u00f9a thu, c\u00e1c th\u00e0nh vi\u00ean c\u1ee7a Democracy Fellows c\u00f3 khu\u00f4n vi\u00ean tr\u01b0\u1eddng <b>c\u00f3<\/b> cu\u1ed9c b\u1ea7u c\u1eed m\u00f9a thu s\u1ebd t\u1eadp trung v\u00e0o vi\u1ec7c t\u0103ng t\u1ef7 l\u1ec7 sinh vi\u00ean \u0111i b\u1ecf phi\u1ebfu b\u1eb1ng c\u00e1ch:\r\n<ul>\r\n \t<li aria-level=\"1\">giao ti\u1ebfp s\u00e1ng t\u1ea1o v\u1edbi c\u00e1c b\u1ea1n c\u00f9ng trang l\u1ee9a v\u1ec1 t\u1ea7m quan tr\u1ecdng c\u1ee7a vi\u1ec7c sinh vi\u00ean b\u1ecf phi\u1ebfu v\u00e0 c\u00f3 ti\u1ebfng n\u00f3i trong c\u00e1c quy\u1ebft \u0111\u1ecbnh \u1ea3nh h\u01b0\u1edfng \u0111\u1ebfn cu\u1ed9c s\u1ed1ng h\u00e0ng ng\u00e0y, t\u01b0\u01a1ng lai c\u1ee7a h\u1ecd v\u00e0 khu\u00f4n vi\u00ean tr\u01b0\u1eddng c\u1ee7a ch\u00fang ta.<\/li>\r\n \t<li aria-level=\"1\">ph\u1ed5 bi\u1ebfn th\u00f4ng tin v\u1ec1 quy tr\u00ecnh b\u1ecf phi\u1ebfu (\u0111\u0103ng k\u00fd c\u1eed tri, y\u00eau c\u1ea7u b\u1ecf phi\u1ebfu v\u1eafng m\u1eb7t, ti\u1ebfp c\u1eadn \u0111\u1ecba \u0111i\u1ec3m b\u1ecf phi\u1ebfu, b\u1ecf phi\u1ebfu s\u1edbm, v.v.).<\/li>\r\n \t<li aria-level=\"1\">tham d\u1ef1 c\u00e1c cu\u1ed9c h\u1ecdp c\u1ed9ng \u0111\u1ed3ng \u0111\u1ec3 t\u00ecm hi\u1ec3u v\u1ec1 vi\u1ec7c b\u1ecf phi\u1ebfu s\u1edbm, quy tr\u00ecnh b\u1ea7u c\u1eed v\u00e0 \u0111\u1ecba \u0111i\u1ec3m b\u1ecf phi\u1ebfu;<\/li>\r\n \t<li aria-level=\"1\">l\u00e0m vi\u1ec7c v\u1edbi \u0111\u1ed9i ng\u0169 nh\u00e2n vi\u00ean v\u00e0 gi\u1ea3ng vi\u00ean c\u1ee7a tr\u01b0\u1eddng \u0111\u1ec3 x\u00e2y d\u1ef1ng c\u00e1c m\u1ed1i quan h\u1ec7 c\u00f3 th\u1ec3 gi\u00fap thu h\u00fat to\u00e0n b\u1ed9 tr\u01b0\u1eddng v\u00e0o GOTV;<\/li>\r\n \t<li aria-level=\"1\">tuy\u1ec3n d\u1ee5ng t\u00ecnh nguy\u1ec7n vi\u00ean cho c\u00e1c vai tr\u00f2 c\u1ee7a GOTV (nh\u00e2n vi\u00ean ng\u00e2n h\u00e0ng tin nh\u1eafn, ng\u01b0\u1eddi v\u1eadn \u0111\u1ed9ng, ng\u01b0\u1eddi gi\u00e1m s\u00e1t cu\u1ed9c th\u0103m d\u00f2, v.v.)<\/li>\r\n<\/ul>\r\nV\u00e0o h\u1ecdc k\u1ef3 m\u00f9a thu, c\u00e1c th\u00e0nh vi\u00ean c\u1ee7a Democracy Fellows c\u00f3 khu\u00f4n vi\u00ean tr\u01b0\u1eddng <b>kh\u00f4ng c\u00f3 <\/b>m\u1ed9t chu k\u1ef3 b\u1ea7u c\u1eed s\u1ebd t\u1eadp trung v\u00e0o vi\u1ec7c t\u1ea1o ra m\u1ed9t c\u1ed9ng \u0111\u1ed3ng tr\u01b0\u1eddng h\u1ecdc c\u00f3 tinh th\u1ea7n d\u00e2n s\u1ef1 b\u1eb1ng c\u00e1ch:\r\n<ul>\r\n \t<li aria-level=\"1\">t\u1ed5 ch\u1ee9c c\u00e1c s\u1ef1 ki\u1ec7n gi\u00fap h\u1ecdc sinh chu\u1ea9n b\u1ecb cho k\u1ef3 thi gi\u1eefa k\u1ef3 ti\u1ec3u h\u1ecdc;<\/li>\r\n \t<li aria-level=\"1\">k\u1ebft n\u1ed1i v\u1edbi sinh vi\u00ean v\u1ec1 c\u00e1c v\u1ea5n \u0111\u1ec1 m\u00e0 sinh vi\u00ean quan t\u00e2m v\u00e0 c\u00e1c n\u1ec1n t\u1ea3ng ch\u00ednh s\u00e1ch v\u00ec m\u1ee5c \u0111\u00edch chung;<\/li>\r\n \t<li aria-level=\"1\">tham d\u1ef1 c\u00e1c cu\u1ed9c h\u1ecdp c\u1ed9ng \u0111\u1ed3ng \u0111\u1ec3 t\u00ecm hi\u1ec3u v\u1ec1 vi\u1ec7c b\u1ecf phi\u1ebfu s\u1edbm, nghi th\u1ee9c b\u1ea7u c\u1eed v\u00e0 nh\u1eefng g\u00ec s\u1ebd di\u1ec5n ra v\u00e0o m\u00f9a xu\u00e2n.<\/li>\r\n \t<li aria-level=\"1\">l\u00e0m vi\u1ec7c v\u1edbi \u0111\u1ed9i ng\u0169 nh\u00e2n vi\u00ean v\u00e0 gi\u1ea3ng vi\u00ean c\u1ee7a tr\u01b0\u1eddng \u0111\u1ec3 x\u00e2y d\u1ef1ng c\u00e1c m\u1ed1i quan h\u1ec7 c\u00f3 th\u1ec3 gi\u00fap thu h\u00fat to\u00e0n b\u1ed9 tr\u01b0\u1eddng v\u00e0o GOTV;<\/li>\r\n \t<li aria-level=\"1\">t\u1ea1o b\u00e0i \u0111\u0103ng tr\u00ean blog ho\u1eb7c b\u00e0i b\u00ecnh lu\u1eadn;<\/li>\r\n \t<li aria-level=\"1\">v\u1eadn \u0111\u1ed9ng \u0111\u1ec3 vi\u1ec7c b\u1ecf phi\u1ebfu s\u01a1 b\u1ed9 gi\u1eefa k\u1ef3 d\u1ec5 ti\u1ebfp c\u1eadn h\u01a1n v\u1edbi h\u1ecdc sinh.<\/li>\r\n<\/ul>\r\n<strong>H\u1ecdc k\u1ef3 m\u00f9a xu\u00e2n:<\/strong>\r\n\r\nV\u00e0o h\u1ecdc k\u1ef3 m\u00f9a xu\u00e2n, c\u00e1c th\u00e0nh vi\u00ean c\u1ee7a ch\u01b0\u01a1ng tr\u00ecnh Democracy Fellows s\u1ebd t\u1eadp trung v\u00e0o vi\u1ec7c x\u00e2y d\u1ef1ng m\u1ed1i quan h\u1ec7 v\u00e0 gi\u00e1o d\u1ee5c c\u00e1c \u0111\u1ed3ng nghi\u1ec7p c\u1ee7a m\u00ecnh v\u1ec1 c\u00e1ch chu\u1ea9n b\u1ecb cho cu\u1ed9c b\u1ea7u c\u1eed s\u01a1 b\u1ed9 s\u1eafp t\u1edbi:\r\n<ul>\r\n \t<li aria-level=\"1\">t\u1ed5 ch\u1ee9c c\u00e1c s\u1ef1 ki\u1ec7n v\u00e0 th\u1ea3o lu\u1eadn v\u1ec1 c\u00e1c ch\u1ee7 \u0111\u1ec1 nh\u1ea5n m\u1ea1nh t\u1ea7m quan tr\u1ecdng c\u1ee7a s\u1ef1 tham gia c\u1ee7a c\u00f4ng d\u00e2n v\u00e0 c\u00e1c cu\u1ed9c b\u1ecf phi\u1ebfu k\u00edn;<\/li>\r\n \t<li aria-level=\"1\">v\u1eadn \u0111\u1ed9ng \u0111\u1ec3 vi\u1ec7c b\u1ecf phi\u1ebfu d\u1ec5 ti\u1ebfp c\u1eadn h\u01a1n \u0111\u1ed1i v\u1edbi sinh vi\u00ean.<\/li>\r\n \t<li aria-level=\"1\">gi\u00e1o d\u1ee5c v\u00e0 huy \u0111\u1ed9ng h\u1ecdc sinh cho k\u1ef3 thi ti\u1ec3u h\u1ecdc n\u0103m 2024.<\/li>\r\n \t<li aria-level=\"1\">ph\u1ed5 bi\u1ebfn th\u00f4ng tin v\u1ec1 c\u00e1c d\u1ef1 lu\u1eadt ho\u1eb7c thay \u0111\u1ed5i c\u00f3 t\u00e1c \u0111\u1ed9ng tr\u1ef1c ti\u1ebfp \u0111\u1ebfn sinh vi\u00ean.<\/li>\r\n<\/ul>\r\n\u0110\u00e2y l\u00e0 cam k\u1ebft t\u1ed1i thi\u1ec3u m\u01b0\u1eddi gi\u1edd m\u1ed7i tu\u1ea7n cho h\u1ecdc k\u1ef3 v\u1edbi c\u01a1 h\u1ed9i ti\u1ebfp t\u1ee5c trong m\u1ed9t h\u1ecdc k\u1ef3 b\u1ed5 sung. C\u00e1c th\u00e0nh vi\u00ean Democracy Fellows \u0111\u01b0\u1ee3c ch\u1ecdn s\u1ebd nh\u1eadn \u0111\u01b0\u1ee3c $1000 m\u1ed7i h\u1ecdc k\u1ef3 chia th\u00e0nh ba kho\u1ea3n thanh to\u00e1n h\u00e0ng th\u00e1ng (th\u00e1ng 9, th\u00e1ng 10 v\u00e0 th\u00e1ng 11).\r\n\r\n<i>Nh\u1eefng c\u01a1 h\u1ed9i<\/i>\r\n<ul>\r\n \t<li aria-level=\"1\">X\u00e2y d\u1ef1ng m\u1ed1i quan h\u1ec7 v\u1edbi c\u00e1c nh\u00e0 l\u00e3nh \u0111\u1ea1o sinh vi\u00ean t\u1ea1i tr\u01b0\u1eddng b\u1ea1n, trong ti\u1ec3u bang c\u1ee7a b\u1ea1n v\u00e0 tr\u00ean kh\u1eafp c\u1ea3 n\u01b0\u1edbc;<\/li>\r\n \t<li aria-level=\"1\">Tham gia c\u00e1c kh\u00f3a \u0111\u00e0o t\u1ea1o v\u1ec1 l\u00e3nh \u0111\u1ea1o v\u00e0 t\u1ed5 ch\u1ee9c \u0111\u1ec3 chu\u1ea9n b\u1ecb cho c\u00f4ng vi\u1ec7c t\u01b0\u01a1ng lai trong l\u0129nh v\u1ef1c ch\u00ednh tr\u1ecb, lu\u1eadt ph\u00e1p, v\u1eadn \u0111\u1ed9ng ch\u00ednh s\u00e1ch, quan h\u1ec7 c\u00f4ng ch\u00fang, v.v.;<\/li>\r\n \t<li aria-level=\"1\">M\u1edf r\u1ed9ng m\u1ea1ng l\u01b0\u1edbi v\u1eadn \u0111\u1ed9ng c\u1ee7a b\u1ea1n b\u1eb1ng c\u00e1ch tham gia c\u00e1c bu\u1ed5i \u0111\u00e0o t\u1ea1o v\u00e0 h\u1ecdc t\u1eadp t\u1eeb c\u00e1c nh\u00e0 l\u00e3nh \u0111\u1ea1o trong l\u0129nh v\u1ef1c d\u00e2n ch\u1ee7 v\u00e0 v\u1eadn \u0111\u1ed9ng;<\/li>\r\n \t<li aria-level=\"1\">Ph\u00e1t tri\u1ec3n m\u1ed1i quan h\u1ec7 c\u1ed1 v\u1ea5n v\u1edbi nh\u00e2n vi\u00ean c\u1ee7a Common Cause v\u00e0 k\u1ebft n\u1ed1i v\u1edbi c\u1ed9ng \u0111\u1ed3ng \u0111\u1ed1i t\u00e1c c\u1ee7a Common Cause.<\/li>\r\n<\/ul>\r\n<i>Tr\u00e1ch nhi\u1ec7m\u00a0<\/i>\r\n<ul>\r\n \t<li aria-level=\"1\">X\u00e2y d\u1ef1ng c\u01a1 s\u1edf b\u1eb1ng c\u00e1ch tuy\u1ec3n d\u1ee5ng v\u00e0 theo d\u00f5i t\u00ecnh nguy\u1ec7n vi\u00ean<\/li>\r\n \t<li aria-level=\"1\">Qu\u1ea3n l\u00fd v\u00e0 tham gia v\u00e0o vi\u1ec7c \u0111\u0103ng k\u00fd c\u1eed tri v\u00e0 ti\u1ebfp c\u1eadn c\u1ed9ng \u0111\u1ed3ng<\/li>\r\n \t<li aria-level=\"1\">Tham gia c\u00e1c kh\u00f3a \u0111\u00e0o t\u1ea1o, s\u1ef1 ki\u1ec7n h\u1ecdc t\u1eadp v\u00e0 ki\u1ec3m tra tr\u01b0\u1eddng h\u1ecdc c\u1ee7a Democracy Fellow tr\u00ean to\u00e0n ti\u1ec3u bang v\u00e0 to\u00e0n qu\u1ed1c<\/li>\r\n \t<li aria-level=\"1\">L\u00e0m vi\u1ec7c h\u1ee3p t\u00e1c v\u1edbi c\u00e1c \u0111\u1ed1i t\u00e1c c\u1ed9ng \u0111\u1ed3ng v\u00e0 tr\u01b0\u1eddng h\u1ecdc<\/li>\r\n \t<li aria-level=\"1\">H\u1ed7 tr\u1ee3 v\u00e0 th\u00fac \u0111\u1ea9y s\u1ee9 m\u1ec7nh c\u1ee7a Li\u00ean minh h\u00e0nh \u0111\u1ed9ng sinh vi\u00ean v\u00ec m\u1ee5c \u0111\u00edch chung<\/li>\r\n \t<li aria-level=\"1\">Ph\u1ed5 bi\u1ebfn th\u00f4ng tin v\u1ec1 quy tr\u00ecnh b\u1ecf phi\u1ebfu b\u1eb1ng c\u00e1ch th\u00f4ng b\u00e1o tr\u00ean l\u1edbp, t\u1ed5 ch\u1ee9c c\u00e1c cu\u1ed9c \u0111\u1ed1i tho\u1ea1i t\u1ea1i k\u00fd t\u00fac x\u00e1, s\u1eafp x\u1ebfp b\u00e0n v\u00e0 tham d\u1ef1 c\u00e1c s\u1ef1 ki\u1ec7n c\u1ee7a \u0111\u1ed1i t\u00e1c<\/li>\r\n \t<li aria-level=\"1\">L\u00e0m vi\u1ec7c ch\u1eb7t ch\u1ebd v\u1edbi nh\u00e2n vi\u00ean Common Cause \u0111\u1ec3 x\u00e2y d\u1ef1ng c\u00e1c m\u1ee5c ti\u00eau c\u00e1 nh\u00e2n v\u00e0 k\u1ebf ho\u1ea1ch l\u00e0m vi\u1ec7c ph\u00f9 h\u1ee3p v\u1edbi th\u1ebf m\u1ea1nh v\u00e0 s\u1edf th\u00edch c\u1ee7a h\u1ecdc sinh.<\/li>\r\n<\/ul>\r\nM\u1ed9t \u1ee9ng c\u1eed vi\u00ean l\u00fd t\u01b0\u1edfng s\u1ebd\r\n<ul>\r\n \t<li aria-level=\"1\">Th\u1ec3 hi\u1ec7n ph\u1ea9m ch\u1ea5t l\u00e3nh \u0111\u1ea1o<\/li>\r\n \t<li aria-level=\"1\">Thu h\u00fat \u0111\u1ed3ng nghi\u1ec7p v\u00e0 c\u1ed9ng \u0111\u1ed3ng xung quanh v\u00e0o qu\u00e1 tr\u00ecnh b\u1ea7u c\u1eed<\/li>\r\n \t<li aria-level=\"1\">C\u00f3 k\u1ef9 n\u0103ng vi\u1ebft v\u00e0 n\u00f3i t\u1ed1t<\/li>\r\n<\/ul>\r\nLi\u00ean h\u1ec7 v\u1edbi ch\u00fang t\u00f4i qua email t\u1ea1i <a href=\"mailto:youthprograms@commoncause.org\">youthprograms@commoncause.org<\/a>\u00a0 n\u1ebfu b\u1ea1n c\u00f3 b\u1ea5t k\u1ef3 c\u00e2u h\u1ecfi n\u00e0o."}},{"acf_fc_layout":"layout_wysiwyg","_acfe_flexible_toggle":"","component_wysiwyg":{"content":"<p style=\"text-align: center;\"><a class=\"button1\" role=\"button\" href=\"https:\/\/docs.google.com\/forms\/d\/e\/1FAIpQLSdTMe4CouG82xz0RlztWBHf54IZv49sW9AySOOveDZni1AXsA\/viewform\" target=\"_blank\" rel=\"noopener\">\u0110\u0102NG K\u00dd T\u1ea0I \u0110\u00c2Y<\/a><\/p>"}},{"acf_fc_layout":"layout_video","_acfe_flexible_toggle":"","component_video":{"video":"https:\/\/www.youtube.com\/watch?v=cSHQ0obyfUs","caption":""}}]},"yoast_head":"<!-- This site is optimized with the Yoast SEO Premium plugin v26.6 (Yoast SEO v27.1.1) - https:\/\/yoast.com\/product\/yoast-seo-premium-wordpress\/ -->\n<title>Apply to be a Common Cause NC Democracy Fellow - Common Cause North Carolina<\/title>\n<meta name=\"robots\" content=\"index, follow, max-snippet:-1, max-image-preview:large, max-video-preview:-1\" \/>\n<link rel=\"canonical\" href=\"https:\/\/www.commoncause.org\/north-carolina\/vi\/nop-don-xin-lam-thanh-vien-cua-to-chuc-dan-chu-nc-vi-muc-dich-chung\/\" \/>\n<meta property=\"og:locale\" content=\"vi_VN\" \/>\n<meta property=\"og:type\" content=\"article\" \/>\n<meta property=\"og:title\" content=\"Apply to be a Common Cause NC Democracy Fellow\" \/>\n<meta property=\"og:url\" content=\"https:\/\/www.commoncause.org\/north-carolina\/vi\/nop-don-xin-lam-thanh-vien-cua-to-chuc-dan-chu-nc-vi-muc-dich-chung\/\" \/>\n<meta property=\"og:site_name\" content=\"Common Cause North Carolina\" \/>\n<meta property=\"article:modified_time\" content=\"2024-06-03T19:41:24+00:00\" \/>\n<meta property=\"og:image\" content=\"https:\/\/www.commoncause.org\/north-carolina\/wp-content\/uploads\/2024\/05\/52089374_10156711304236223_803415147870683136_n.jpg\" \/>\n\t<meta property=\"og:image:width\" content=\"900\" \/>\n\t<meta property=\"og:image:height\" content=\"523\" \/>\n\t<meta property=\"og:image:type\" content=\"image\/jpeg\" \/>\n<meta name=\"twitter:card\" content=\"summary_large_image\" \/>\n<script type=\"application\/ld+json\" class=\"yoast-schema-graph\">{\"@context\":\"https:\/\/schema.org\",\"@graph\":[{\"@type\":\"WebPage\",\"@id\":\"https:\/\/www.commoncause.org\/north-carolina\/apply-to-be-a-common-cause-nc-democracy-fellow\/\",\"url\":\"https:\/\/www.commoncause.org\/north-carolina\/apply-to-be-a-common-cause-nc-democracy-fellow\/\",\"name\":\"Apply to be a Common Cause NC Democracy Fellow - Common Cause North Carolina\",\"isPartOf\":{\"@id\":\"https:\/\/www.commoncause.org\/north-carolina\/#website\"},\"datePublished\":\"2019-05-28T14:48:43+00:00\",\"dateModified\":\"2024-06-03T19:41:24+00:00\",\"breadcrumb\":{\"@id\":\"https:\/\/www.commoncause.org\/north-carolina\/apply-to-be-a-common-cause-nc-democracy-fellow\/#breadcrumb\"},\"inLanguage\":\"vi\",\"potentialAction\":[{\"@type\":\"ReadAction\",\"target\":[\"https:\/\/www.commoncause.org\/north-carolina\/apply-to-be-a-common-cause-nc-democracy-fellow\/\"]}]},{\"@type\":\"BreadcrumbList\",\"@id\":\"https:\/\/www.commoncause.org\/north-carolina\/apply-to-be-a-common-cause-nc-democracy-fellow\/#breadcrumb\",\"itemListElement\":[{\"@type\":\"ListItem\",\"position\":1,\"name\":\"Home\",\"item\":\"https:\/\/www.commoncause.org\/north-carolina\/\"},{\"@type\":\"ListItem\",\"position\":2,\"name\":\"Apply to be a Common Cause NC Democracy Fellow\"}]},{\"@type\":\"WebSite\",\"@id\":\"https:\/\/www.commoncause.org\/north-carolina\/#website\",\"url\":\"https:\/\/www.commoncause.org\/north-carolina\/\",\"name\":\"Common Cause North Carolina\",\"description\":\"\",\"potentialAction\":[{\"@type\":\"SearchAction\",\"target\":{\"@type\":\"EntryPoint\",\"urlTemplate\":\"https:\/\/www.commoncause.org\/north-carolina\/?s={search_term_string}\"},\"query-input\":{\"@type\":\"PropertyValueSpecification\",\"valueRequired\":true,\"valueName\":\"search_term_string\"}}],\"inLanguage\":\"vi\"}]}<\/script>\n<!-- \/ Yoast SEO Premium plugin. -->","yoast_head_json":{"title":"N\u1ed9p \u0111\u01a1n xin tr\u1edf th\u00e0nh th\u00e0nh vi\u00ean c\u1ee7a Common Cause NC Democracy Fellow - Common Cause North Carolina","robots":{"index":"index","follow":"follow","max-snippet":"max-snippet:-1","max-image-preview":"max-image-preview:large","max-video-preview":"max-video-preview:-1"},"canonical":"https:\/\/www.commoncause.org\/north-carolina\/vi\/nop-don-xin-lam-thanh-vien-cua-to-chuc-dan-chu-nc-vi-muc-dich-chung\/","og_locale":"vi_VN","og_type":"article","og_title":"Apply to be a Common Cause NC Democracy Fellow","og_url":"https:\/\/www.commoncause.org\/north-carolina\/vi\/nop-don-xin-lam-thanh-vien-cua-to-chuc-dan-chu-nc-vi-muc-dich-chung\/","og_site_name":"Common Cause North Carolina","article_modified_time":"2024-06-03T19:41:24+00:00","og_image":[{"width":900,"height":523,"url":"https:\/\/www.commoncause.org\/north-carolina\/wp-content\/uploads\/2024\/05\/52089374_10156711304236223_803415147870683136_n.jpg","type":"image\/jpeg"}],"twitter_card":"summary_large_image","schema":{"@context":"https:\/\/schema.org","@graph":[{"@type":"WebPage","@id":"https:\/\/www.commoncause.org\/north-carolina\/apply-to-be-a-common-cause-nc-democracy-fellow\/","url":"https:\/\/www.commoncause.org\/north-carolina\/apply-to-be-a-common-cause-nc-democracy-fellow\/","name":"N\u1ed9p \u0111\u01a1n xin tr\u1edf th\u00e0nh th\u00e0nh vi\u00ean c\u1ee7a Common Cause NC Democracy Fellow - Common Cause North Carolina","isPartOf":{"@id":"https:\/\/www.commoncause.org\/north-carolina\/#website"},"datePublished":"2019-05-28T14:48:43+00:00","dateModified":"2024-06-03T19:41:24+00:00","breadcrumb":{"@id":"https:\/\/www.commoncause.org\/north-carolina\/apply-to-be-a-common-cause-nc-democracy-fellow\/#breadcrumb"},"inLanguage":"vi","potentialAction":[{"@type":"ReadAction","target":["https:\/\/www.commoncause.org\/north-carolina\/apply-to-be-a-common-cause-nc-democracy-fellow\/"]}]},{"@type":"BreadcrumbList","@id":"https:\/\/www.commoncause.org\/north-carolina\/apply-to-be-a-common-cause-nc-democracy-fellow\/#breadcrumb","itemListElement":[{"@type":"ListItem","position":1,"name":"Home","item":"https:\/\/www.commoncause.org\/north-carolina\/"},{"@type":"ListItem","position":2,"name":"Apply to be a Common Cause NC Democracy Fellow"}]},{"@type":"WebSite","@id":"https:\/\/www.commoncause.org\/north-carolina\/#website","url":"https:\/\/www.commoncause.org\/north-carolina\/","name":"Nguy\u00ean nh\u00e2n chung B\u1eafc Carolina","description":"","potentialAction":[{"@type":"SearchAction","target":{"@type":"EntryPoint","urlTemplate":"https:\/\/www.commoncause.org\/north-carolina\/?s={search_term_string}"},"query-input":{"@type":"PropertyValueSpecification","valueRequired":true,"valueName":"search_term_string"}}],"inLanguage":"vi"}]}},"distributor_meta":false,"distributor_terms":false,"distributor_media":false,"distributor_original_site_name":"Common Cause North Carolina","distributor_original_site_url":"https:\/\/www.commoncause.org\/north-carolina\/vi","push-errors":false,"_links":{"self":[{"href":"https:\/\/www.commoncause.org\/north-carolina\/vi\/wp-json\/wp\/v2\/pages\/691","targetHints":{"allow":["GET"]}}],"collection":[{"href":"https:\/\/www.commoncause.org\/north-carolina\/vi\/wp-json\/wp\/v2\/pages"}],"about":[{"href":"https:\/\/www.commoncause.org\/north-carolina\/vi\/wp-json\/wp\/v2\/types\/page"}],"author":[{"embeddable":true,"href":"https:\/\/www.commoncause.org\/north-carolina\/vi\/wp-json\/wp\/v2\/users\/22"}],"replies":[{"embeddable":true,"href":"https:\/\/www.commoncause.org\/north-carolina\/vi\/wp-json\/wp\/v2\/comments?post=691"}],"version-history":[{"count":2,"href":"https:\/\/www.commoncause.org\/north-carolina\/vi\/wp-json\/wp\/v2\/pages\/691\/revisions"}],"predecessor-version":[{"id":985,"href":"https:\/\/www.commoncause.org\/north-carolina\/vi\/wp-json\/wp\/v2\/pages\/691\/revisions\/985"}],"wp:attachment":[{"href":"https:\/\/www.commoncause.org\/north-carolina\/vi\/wp-json\/wp\/v2\/media?parent=691"}],"curies":[{"name":"wp","href":"https:\/\/api.w.org\/{rel}","templated":true}]}}