{"id":690,"date":"2018-03-20T03:40:23","date_gmt":"2018-03-20T03:40:23","guid":{"rendered":"https:\/\/www.commoncause.org\/north-carolina\/hbcu-student-action-alliance\/"},"modified":"2025-03-13T15:13:58","modified_gmt":"2025-03-13T19:13:58","slug":"lien-minh-hanh-dong-sinh-vien-hbcu","status":"publish","type":"page","link":"https:\/\/www.commoncause.org\/north-carolina\/vi\/hbcu-student-action-alliance\/","title":{"rendered":"Li\u00ean minh h\u00e0nh \u0111\u1ed9ng sinh vi\u00ean HBCU"},"content":{"rendered":"","protected":false},"excerpt":{"rendered":"","protected":false},"author":22,"featured_media":0,"parent":0,"menu_order":0,"comment_status":"closed","ping_status":"closed","template":"","meta":{"_acf_changed":false,"_relevanssi_hide_post":"","_relevanssi_hide_content":"","_relevanssi_pin_for_all":"","_relevanssi_pin_keywords":"","_relevanssi_unpin_keywords":"","_relevanssi_related_keywords":"","_relevanssi_related_include_ids":"","_relevanssi_related_exclude_ids":"","_relevanssi_related_no_append":"","_relevanssi_related_not_related":"","_relevanssi_related_posts":"","_relevanssi_noindex_reason":""},"class_list":["post-690","page","type-page","status-publish","hentry"],"acf":{"header":{"component_page_header":{"header_type":"background","title":"Li\u00ean minh h\u00e0nh \u0111\u1ed9ng sinh vi\u00ean HBCU","lead":"","image":14336,"subnavigation":false}},"sidebar":{"helper_enable_sidebar":false,"helper_media_contact":{"heading":"Media Contact","manually_enter_person":false,"person":["{\"site_id\":\"68\",\"post_type\":\"person\",\"post_id\":190}"],"name":"","role":"","phone":"","email":""},"helper_links_downloads":{"heading":"Links & Downloads","links":null}},"page_layout":[{"acf_fc_layout":"layout_wysiwyg","_acfe_flexible_toggle":"","component_wysiwyg":{"content":"Li\u00ean minh H\u00e0nh \u0111\u1ed9ng Sinh vi\u00ean HBCU Common Cause c\u1ee7a ch\u00fang t\u00f4i trao quy\u1ec1n cho sinh vi\u00ean t\u1ea1i c\u00e1c tr\u01b0\u1eddng Cao \u0111\u1eb3ng v\u00e0 \u0110\u1ea1i h\u1ecdc L\u1ecbch s\u1eed d\u00e0nh cho ng\u01b0\u1eddi Da \u0111en \u1edf B\u1eafc Carolina. Ch\u00fang t\u00f4i \u0111ang t\u0103ng c\u01b0\u1eddng s\u1ef1 tham gia c\u1ed9ng \u0111\u1ed3ng b\u1eb1ng c\u00e1ch gi\u00fap sinh vi\u00ean l\u00ean ti\u1ebfng trong khu\u00f4n vi\u00ean tr\u01b0\u1eddng, trong c\u1ed9ng \u0111\u1ed3ng, t\u1ea1i c\u00e1c h\u00f2m phi\u1ebfu v\u00e0 trong c\u00e1c c\u01a1 quan ch\u00ednh ph\u1ee7. Th\u00f4ng qua Li\u00ean minh H\u00e0nh \u0111\u1ed9ng Sinh vi\u00ean HBCU, c\u00e1c th\u00e0nh vi\u00ean c\u1ee7a Common Cause NC Democracy Fellows c\u1ee7a ch\u00fang t\u00f4i \u0111ang ho\u1ea1t \u0111\u1ed9ng t\u1ea1i t\u1ea5t c\u1ea3 10 c\u01a1 s\u1edf c\u1ee7a HBCU \u1edf B\u1eafc Carolina.\r\n\r\n<img class=\"aligncenter size-full wp-image-16854\" src=\"https:\/\/www.commoncause.org\/north-carolina\/wp-content\/uploads\/2024\/05\/HBCU-map_2.jpg\" alt=\"\" width=\"1000\" height=\"738\" \/>"}},{"acf_fc_layout":"layout_wysiwyg","_acfe_flexible_toggle":"","component_wysiwyg":{"content":"<h3 style=\"text-align: center;\"><a href=\"https:\/\/actionnetwork.org\/fundraising\/north-carolina-hbcu-outreach\/\" target=\"_blank\" rel=\"noopener\"><strong>H\u00e3y quy\u00ean g\u00f3p \u0111\u1ec3 h\u1ed7 tr\u1ee3 c\u00f4ng vi\u1ec7c trao quy\u1ec1n cho sinh vi\u00ean HBCU c\u1ee7a ch\u00fang t\u00f4i<\/strong><\/a><\/h3>\r\n&nbsp;"}},{"acf_fc_layout":"layout_video","_acfe_flexible_toggle":"","component_video":{"video":"https:\/\/www.youtube.com\/watch?v=qWX8v2p-8WQ","caption":""}},{"acf_fc_layout":"layout_wysiwyg","_acfe_flexible_toggle":"","component_wysiwyg":{"content":"<h3 style=\"text-align: center;\"><a href=\"https:\/\/www.commoncause.org\/north-carolina\/vi\/nop-don-xin-lam-thanh-vien-cua-to-chuc-dan-chu-nc-vi-muc-dich-chung\/\"><strong>N\u1ed9p \u0111\u01a1n xin tr\u1edf th\u00e0nh th\u00e0nh vi\u00ean c\u1ee7a Common Cause Democracy Fellow<\/strong><\/a><\/h3>"}}]},"yoast_head":"<!-- This site is optimized with the Yoast SEO Premium plugin v26.6 (Yoast SEO v27.1.1) - https:\/\/yoast.com\/product\/yoast-seo-premium-wordpress\/ -->\n<title>HBCU Student Action Alliance - Common Cause North Carolina<\/title>\n<meta name=\"robots\" content=\"index, follow, max-snippet:-1, max-image-preview:large, max-video-preview:-1\" \/>\n<link rel=\"canonical\" href=\"https:\/\/www.commoncause.org\/north-carolina\/vi\/lien-minh-hanh-dong-sinh-vien-hbcu\/\" \/>\n<meta property=\"og:locale\" content=\"vi_VN\" \/>\n<meta property=\"og:type\" content=\"article\" \/>\n<meta property=\"og:title\" content=\"HBCU Student Action Alliance\" \/>\n<meta property=\"og:url\" content=\"https:\/\/www.commoncause.org\/north-carolina\/vi\/lien-minh-hanh-dong-sinh-vien-hbcu\/\" \/>\n<meta property=\"og:site_name\" content=\"Common Cause North Carolina\" \/>\n<meta property=\"article:modified_time\" content=\"2025-03-13T19:13:58+00:00\" \/>\n<meta property=\"og:image\" content=\"https:\/\/www.commoncause.org\/north-carolina\/wp-content\/uploads\/2024\/08\/common-cause-share-image.png\" \/>\n\t<meta property=\"og:image:width\" content=\"1200\" \/>\n\t<meta property=\"og:image:height\" content=\"630\" \/>\n\t<meta property=\"og:image:type\" content=\"image\/png\" \/>\n<meta name=\"twitter:card\" content=\"summary_large_image\" \/>\n<script type=\"application\/ld+json\" class=\"yoast-schema-graph\">{\"@context\":\"https:\/\/schema.org\",\"@graph\":[{\"@type\":\"WebPage\",\"@id\":\"https:\/\/www.commoncause.org\/north-carolina\/hbcu-student-action-alliance\/\",\"url\":\"https:\/\/www.commoncause.org\/north-carolina\/hbcu-student-action-alliance\/\",\"name\":\"HBCU Student Action Alliance - Common Cause North Carolina\",\"isPartOf\":{\"@id\":\"https:\/\/www.commoncause.org\/north-carolina\/#website\"},\"datePublished\":\"2018-03-20T03:40:23+00:00\",\"dateModified\":\"2025-03-13T19:13:58+00:00\",\"breadcrumb\":{\"@id\":\"https:\/\/www.commoncause.org\/north-carolina\/hbcu-student-action-alliance\/#breadcrumb\"},\"inLanguage\":\"vi\",\"potentialAction\":[{\"@type\":\"ReadAction\",\"target\":[\"https:\/\/www.commoncause.org\/north-carolina\/hbcu-student-action-alliance\/\"]}]},{\"@type\":\"BreadcrumbList\",\"@id\":\"https:\/\/www.commoncause.org\/north-carolina\/hbcu-student-action-alliance\/#breadcrumb\",\"itemListElement\":[{\"@type\":\"ListItem\",\"position\":1,\"name\":\"Home\",\"item\":\"https:\/\/www.commoncause.org\/north-carolina\/\"},{\"@type\":\"ListItem\",\"position\":2,\"name\":\"HBCU Student Action Alliance\"}]},{\"@type\":\"WebSite\",\"@id\":\"https:\/\/www.commoncause.org\/north-carolina\/#website\",\"url\":\"https:\/\/www.commoncause.org\/north-carolina\/\",\"name\":\"Common Cause North Carolina\",\"description\":\"\",\"potentialAction\":[{\"@type\":\"SearchAction\",\"target\":{\"@type\":\"EntryPoint\",\"urlTemplate\":\"https:\/\/www.commoncause.org\/north-carolina\/?s={search_term_string}\"},\"query-input\":{\"@type\":\"PropertyValueSpecification\",\"valueRequired\":true,\"valueName\":\"search_term_string\"}}],\"inLanguage\":\"vi\"}]}<\/script>\n<!-- \/ Yoast SEO Premium plugin. -->","yoast_head_json":{"title":"Li\u00ean minh H\u00e0nh \u0111\u1ed9ng Sinh vi\u00ean HBCU - M\u1ee5c \u0111\u00edch Chung B\u1eafc Carolina","robots":{"index":"index","follow":"follow","max-snippet":"max-snippet:-1","max-image-preview":"max-image-preview:large","max-video-preview":"max-video-preview:-1"},"canonical":"https:\/\/www.commoncause.org\/north-carolina\/vi\/lien-minh-hanh-dong-sinh-vien-hbcu\/","og_locale":"vi_VN","og_type":"article","og_title":"HBCU Student Action Alliance","og_url":"https:\/\/www.commoncause.org\/north-carolina\/vi\/lien-minh-hanh-dong-sinh-vien-hbcu\/","og_site_name":"Common Cause North Carolina","article_modified_time":"2025-03-13T19:13:58+00:00","og_image":[{"width":1200,"height":630,"url":"https:\/\/www.commoncause.org\/north-carolina\/wp-content\/uploads\/2024\/08\/common-cause-share-image.png","type":"image\/png"}],"twitter_card":"summary_large_image","schema":{"@context":"https:\/\/schema.org","@graph":[{"@type":"WebPage","@id":"https:\/\/www.commoncause.org\/north-carolina\/hbcu-student-action-alliance\/","url":"https:\/\/www.commoncause.org\/north-carolina\/hbcu-student-action-alliance\/","name":"Li\u00ean minh H\u00e0nh \u0111\u1ed9ng Sinh vi\u00ean HBCU - M\u1ee5c \u0111\u00edch Chung B\u1eafc Carolina","isPartOf":{"@id":"https:\/\/www.commoncause.org\/north-carolina\/#website"},"datePublished":"2018-03-20T03:40:23+00:00","dateModified":"2025-03-13T19:13:58+00:00","breadcrumb":{"@id":"https:\/\/www.commoncause.org\/north-carolina\/hbcu-student-action-alliance\/#breadcrumb"},"inLanguage":"vi","potentialAction":[{"@type":"ReadAction","target":["https:\/\/www.commoncause.org\/north-carolina\/hbcu-student-action-alliance\/"]}]},{"@type":"BreadcrumbList","@id":"https:\/\/www.commoncause.org\/north-carolina\/hbcu-student-action-alliance\/#breadcrumb","itemListElement":[{"@type":"ListItem","position":1,"name":"Home","item":"https:\/\/www.commoncause.org\/north-carolina\/"},{"@type":"ListItem","position":2,"name":"HBCU Student Action Alliance"}]},{"@type":"WebSite","@id":"https:\/\/www.commoncause.org\/north-carolina\/#website","url":"https:\/\/www.commoncause.org\/north-carolina\/","name":"Nguy\u00ean nh\u00e2n chung B\u1eafc Carolina","description":"","potentialAction":[{"@type":"SearchAction","target":{"@type":"EntryPoint","urlTemplate":"https:\/\/www.commoncause.org\/north-carolina\/?s={search_term_string}"},"query-input":{"@type":"PropertyValueSpecification","valueRequired":true,"valueName":"search_term_string"}}],"inLanguage":"vi"}]}},"distributor_meta":false,"distributor_terms":false,"distributor_media":false,"distributor_original_site_name":"Common Cause North Carolina","distributor_original_site_url":"https:\/\/www.commoncause.org\/north-carolina\/vi","push-errors":false,"_links":{"self":[{"href":"https:\/\/www.commoncause.org\/north-carolina\/vi\/wp-json\/wp\/v2\/pages\/690","targetHints":{"allow":["GET"]}}],"collection":[{"href":"https:\/\/www.commoncause.org\/north-carolina\/vi\/wp-json\/wp\/v2\/pages"}],"about":[{"href":"https:\/\/www.commoncause.org\/north-carolina\/vi\/wp-json\/wp\/v2\/types\/page"}],"author":[{"embeddable":true,"href":"https:\/\/www.commoncause.org\/north-carolina\/vi\/wp-json\/wp\/v2\/users\/22"}],"replies":[{"embeddable":true,"href":"https:\/\/www.commoncause.org\/north-carolina\/vi\/wp-json\/wp\/v2\/comments?post=690"}],"version-history":[{"count":10,"href":"https:\/\/www.commoncause.org\/north-carolina\/vi\/wp-json\/wp\/v2\/pages\/690\/revisions"}],"predecessor-version":[{"id":1911,"href":"https:\/\/www.commoncause.org\/north-carolina\/vi\/wp-json\/wp\/v2\/pages\/690\/revisions\/1911"}],"wp:attachment":[{"href":"https:\/\/www.commoncause.org\/north-carolina\/vi\/wp-json\/wp\/v2\/media?parent=690"}],"curies":[{"name":"wp","href":"https:\/\/api.w.org\/{rel}","templated":true}]}}