{"id":2568,"date":"2025-04-04T12:04:43","date_gmt":"2025-04-04T16:04:43","guid":{"rendered":"https:\/\/www.commoncause.org\/north-carolina\/?page_id=2568"},"modified":"2025-04-04T12:04:43","modified_gmt":"2025-04-04T16:04:43","slug":"danh-sach-khuon-mat-cua-griffin","status":"publish","type":"page","link":"https:\/\/www.commoncause.org\/north-carolina\/vi\/faces-of-the-griffin-list\/","title":{"rendered":"Nh\u1eefng g\u01b0\u01a1ng m\u1eb7t trong danh s\u00e1ch Griffin"},"content":{"rendered":"","protected":false},"excerpt":{"rendered":"","protected":false},"author":22,"featured_media":0,"parent":0,"menu_order":0,"comment_status":"closed","ping_status":"closed","template":"","meta":{"_acf_changed":false,"_relevanssi_hide_post":"","_relevanssi_hide_content":"","_relevanssi_pin_for_all":"","_relevanssi_pin_keywords":"","_relevanssi_unpin_keywords":"","_relevanssi_related_keywords":"","_relevanssi_related_include_ids":"","_relevanssi_related_exclude_ids":"","_relevanssi_related_no_append":"","_relevanssi_related_not_related":"","_relevanssi_related_posts":"","_relevanssi_noindex_reason":""},"class_list":["post-2568","page","type-page","status-publish","hentry"],"acf":{"header":{"component_page_header":{"header_type":"background","title":"","lead":"Meet some of the 66,000 North Carolinians whose votes are unjustly challenged by sore loser Jefferson Griffin","image":26995,"subnavigation":false}},"sidebar":{"helper_enable_sidebar":false,"helper_media_contact":{"heading":"Media Contact","manually_enter_person":false,"person":"","name":"","role":"","phone":"","email":""},"helper_links_downloads":{"heading":"Links & Downloads","links":null}},"page_layout":[{"acf_fc_layout":"layout_wysiwyg","_acfe_flexible_toggle":"","component_wysiwyg":{"content":"Nhi\u1ec1u cu\u1ed9c ki\u1ec3m phi\u1ebfu l\u1ea1i \u0111\u00e3 x\u00e1c nh\u1eadn r\u00f5 r\u00e0ng r\u1eb1ng Jefferson Griffin \u0111\u00e3 thua cu\u1ed9c b\u1ea7u c\u1eed T\u00f2a \u00e1n T\u1ed1i cao B\u1eafc Carolina n\u0103m 2024. Nh\u01b0ng thay v\u00ec ch\u1ea5p nh\u1eadn \u00fd nguy\u1ec7n c\u1ee7a c\u1eed tri, Griffin l\u1ea1i c\u1ed1 t\u00ecnh h\u1ee7y b\u1ecf phi\u1ebfu h\u1ee3p l\u1ec7 c\u1ee7a 66.000 ng\u01b0\u1eddi d\u00e2n B\u1eafc Carolina v\u00e0 l\u1eadt ng\u01b0\u1ee3c k\u1ebft qu\u1ea3 b\u1ea7u c\u1eed. D\u01b0\u1edbi \u0111\u00e2y l\u00e0 c\u00e2u chuy\u1ec7n c\u1ee7a m\u1ed9t s\u1ed1 trong h\u00e0ng ch\u1ee5c ng\u00e0n ng\u01b0\u1eddi d\u00e2n B\u1eafc Carolina b\u1ecb nh\u1eafm m\u1ee5c ti\u00eau m\u1ed9t c\u00e1ch b\u1ea5t c\u00f4ng b\u1edfi \u00e2m m\u01b0u \u0111\u00e1ng x\u1ea5u h\u1ed5 c\u1ee7a Griffin.\r\n\r\n<strong>Phi\u1ebfu b\u1ea7u c\u1ee7a b\u1ea1n c\u00f3 b\u1ecb Griffin ph\u1ea3n \u0111\u1ed1i kh\u00f4ng? <\/strong><a href=\"https:\/\/airtable.com\/appSAYNy6dW94Jm1g\/pagq1Y8lGDSCNYjiu\/form\" target=\"_blank\" rel=\"noopener\"><strong>G\u1eedi c\u00e2u chuy\u1ec7n c\u1ee7a b\u1ea1n t\u1ea1i \u0111\u00e2y.<\/strong><\/a>"}},{"acf_fc_layout":"layout_basic_html","_acfe_flexible_toggle":"","component_basic_html":{"heading":"","code":"<iframe class=\"airtable-embed\" src=\"https:\/\/airtable.com\/embed\/appSAYNy6dW94Jm1g\/shrF6zJb2jbIdjJcF\" frameborder=\"0\" onmousewheel=\"\" width=\"100%\" height=\"533\" style=\"background: transparent; border: 1px solid #ccc;\"><\/iframe>","width":"narrow"}},{"acf_fc_layout":"layout_wysiwyg","_acfe_flexible_toggle":"","component_wysiwyg":{"content":"<strong>H\u01a0N:<\/strong>\r\n\r\n<a href=\"https:\/\/ccnc.me\/griffinlist\" target=\"_blank\" rel=\"noopener\"><strong>T\u00ecm hi\u1ec3u xem phi\u1ebfu b\u1ea7u c\u1ee7a b\u1ea1n ho\u1eb7c phi\u1ebfu b\u1ea7u c\u1ee7a ng\u01b0\u1eddi n\u00e0o \u0111\u00f3 m\u00e0 b\u1ea1n bi\u1ebft c\u00f3 b\u1ecb Griffin th\u00e1ch th\u1ee9c kh\u00f4ng<\/strong><\/a>\r\n\r\n<a href=\"https:\/\/www.commoncause.org\/north-carolina\/vi\/ky-lan-bien\/\"><strong>T\u00ecm hi\u1ec3u th\u00eam v\u00e0 h\u00e0nh \u0111\u1ed9ng \u0111\u1ec3 b\u1ea3o v\u1ec7 quy\u1ec1n t\u1ef1 do b\u1ecf phi\u1ebfu c\u1ee7a m\u1ecdi ng\u01b0\u1eddi<\/strong><\/a>"}}]},"yoast_head":"<!-- This site is optimized with the Yoast SEO Premium plugin v26.6 (Yoast SEO v27.1.1) - https:\/\/yoast.com\/product\/yoast-seo-premium-wordpress\/ -->\n<title>Faces of the Griffin List - Common Cause North Carolina<\/title>\n<meta name=\"robots\" content=\"index, follow, max-snippet:-1, max-image-preview:large, max-video-preview:-1\" \/>\n<link rel=\"canonical\" href=\"https:\/\/www.commoncause.org\/north-carolina\/vi\/danh-sach-khuon-mat-cua-griffin\/\" \/>\n<meta property=\"og:locale\" content=\"vi_VN\" \/>\n<meta property=\"og:type\" content=\"article\" \/>\n<meta property=\"og:title\" content=\"Faces of the Griffin List\" \/>\n<meta property=\"og:url\" content=\"https:\/\/www.commoncause.org\/north-carolina\/vi\/danh-sach-khuon-mat-cua-griffin\/\" \/>\n<meta property=\"og:site_name\" content=\"Common Cause North Carolina\" \/>\n<meta property=\"og:image\" content=\"https:\/\/www.commoncause.org\/north-carolina\/wp-content\/uploads\/2024\/08\/common-cause-share-image.png\" \/>\n\t<meta property=\"og:image:width\" content=\"1200\" \/>\n\t<meta property=\"og:image:height\" content=\"630\" \/>\n\t<meta property=\"og:image:type\" content=\"image\/png\" \/>\n<meta name=\"twitter:card\" content=\"summary_large_image\" \/>\n<script type=\"application\/ld+json\" class=\"yoast-schema-graph\">{\"@context\":\"https:\/\/schema.org\",\"@graph\":[{\"@type\":\"WebPage\",\"@id\":\"https:\/\/www.commoncause.org\/north-carolina\/faces-of-the-griffin-list\/\",\"url\":\"https:\/\/www.commoncause.org\/north-carolina\/faces-of-the-griffin-list\/\",\"name\":\"Faces of the Griffin List - Common Cause North Carolina\",\"isPartOf\":{\"@id\":\"https:\/\/www.commoncause.org\/north-carolina\/#website\"},\"datePublished\":\"2025-04-04T16:04:43+00:00\",\"breadcrumb\":{\"@id\":\"https:\/\/www.commoncause.org\/north-carolina\/faces-of-the-griffin-list\/#breadcrumb\"},\"inLanguage\":\"vi\",\"potentialAction\":[{\"@type\":\"ReadAction\",\"target\":[\"https:\/\/www.commoncause.org\/north-carolina\/faces-of-the-griffin-list\/\"]}]},{\"@type\":\"BreadcrumbList\",\"@id\":\"https:\/\/www.commoncause.org\/north-carolina\/faces-of-the-griffin-list\/#breadcrumb\",\"itemListElement\":[{\"@type\":\"ListItem\",\"position\":1,\"name\":\"Home\",\"item\":\"https:\/\/www.commoncause.org\/north-carolina\/\"},{\"@type\":\"ListItem\",\"position\":2,\"name\":\"Faces of the Griffin List\"}]},{\"@type\":\"WebSite\",\"@id\":\"https:\/\/www.commoncause.org\/north-carolina\/#website\",\"url\":\"https:\/\/www.commoncause.org\/north-carolina\/\",\"name\":\"Common Cause North Carolina\",\"description\":\"\",\"potentialAction\":[{\"@type\":\"SearchAction\",\"target\":{\"@type\":\"EntryPoint\",\"urlTemplate\":\"https:\/\/www.commoncause.org\/north-carolina\/?s={search_term_string}\"},\"query-input\":{\"@type\":\"PropertyValueSpecification\",\"valueRequired\":true,\"valueName\":\"search_term_string\"}}],\"inLanguage\":\"vi\"}]}<\/script>\n<!-- \/ Yoast SEO Premium plugin. -->","yoast_head_json":{"title":"Nh\u1eefng g\u01b0\u01a1ng m\u1eb7t trong danh s\u00e1ch Griffin - Common Cause North Carolina","robots":{"index":"index","follow":"follow","max-snippet":"max-snippet:-1","max-image-preview":"max-image-preview:large","max-video-preview":"max-video-preview:-1"},"canonical":"https:\/\/www.commoncause.org\/north-carolina\/vi\/danh-sach-khuon-mat-cua-griffin\/","og_locale":"vi_VN","og_type":"article","og_title":"Faces of the Griffin List","og_url":"https:\/\/www.commoncause.org\/north-carolina\/vi\/danh-sach-khuon-mat-cua-griffin\/","og_site_name":"Common Cause North Carolina","og_image":[{"width":1200,"height":630,"url":"https:\/\/www.commoncause.org\/north-carolina\/wp-content\/uploads\/2024\/08\/common-cause-share-image.png","type":"image\/png"}],"twitter_card":"summary_large_image","schema":{"@context":"https:\/\/schema.org","@graph":[{"@type":"WebPage","@id":"https:\/\/www.commoncause.org\/north-carolina\/faces-of-the-griffin-list\/","url":"https:\/\/www.commoncause.org\/north-carolina\/faces-of-the-griffin-list\/","name":"Nh\u1eefng g\u01b0\u01a1ng m\u1eb7t trong danh s\u00e1ch Griffin - Common Cause North Carolina","isPartOf":{"@id":"https:\/\/www.commoncause.org\/north-carolina\/#website"},"datePublished":"2025-04-04T16:04:43+00:00","breadcrumb":{"@id":"https:\/\/www.commoncause.org\/north-carolina\/faces-of-the-griffin-list\/#breadcrumb"},"inLanguage":"vi","potentialAction":[{"@type":"ReadAction","target":["https:\/\/www.commoncause.org\/north-carolina\/faces-of-the-griffin-list\/"]}]},{"@type":"BreadcrumbList","@id":"https:\/\/www.commoncause.org\/north-carolina\/faces-of-the-griffin-list\/#breadcrumb","itemListElement":[{"@type":"ListItem","position":1,"name":"Home","item":"https:\/\/www.commoncause.org\/north-carolina\/"},{"@type":"ListItem","position":2,"name":"Faces of the Griffin List"}]},{"@type":"WebSite","@id":"https:\/\/www.commoncause.org\/north-carolina\/#website","url":"https:\/\/www.commoncause.org\/north-carolina\/","name":"Nguy\u00ean nh\u00e2n chung B\u1eafc Carolina","description":"","potentialAction":[{"@type":"SearchAction","target":{"@type":"EntryPoint","urlTemplate":"https:\/\/www.commoncause.org\/north-carolina\/?s={search_term_string}"},"query-input":{"@type":"PropertyValueSpecification","valueRequired":true,"valueName":"search_term_string"}}],"inLanguage":"vi"}]}},"distributor_meta":false,"distributor_terms":false,"distributor_media":false,"distributor_original_site_name":"Common Cause North Carolina","distributor_original_site_url":"https:\/\/www.commoncause.org\/north-carolina\/vi","push-errors":false,"_links":{"self":[{"href":"https:\/\/www.commoncause.org\/north-carolina\/vi\/wp-json\/wp\/v2\/pages\/2568","targetHints":{"allow":["GET"]}}],"collection":[{"href":"https:\/\/www.commoncause.org\/north-carolina\/vi\/wp-json\/wp\/v2\/pages"}],"about":[{"href":"https:\/\/www.commoncause.org\/north-carolina\/vi\/wp-json\/wp\/v2\/types\/page"}],"author":[{"embeddable":true,"href":"https:\/\/www.commoncause.org\/north-carolina\/vi\/wp-json\/wp\/v2\/users\/22"}],"replies":[{"embeddable":true,"href":"https:\/\/www.commoncause.org\/north-carolina\/vi\/wp-json\/wp\/v2\/comments?post=2568"}],"version-history":[{"count":12,"href":"https:\/\/www.commoncause.org\/north-carolina\/vi\/wp-json\/wp\/v2\/pages\/2568\/revisions"}],"predecessor-version":[{"id":2588,"href":"https:\/\/www.commoncause.org\/north-carolina\/vi\/wp-json\/wp\/v2\/pages\/2568\/revisions\/2588"}],"wp:attachment":[{"href":"https:\/\/www.commoncause.org\/north-carolina\/vi\/wp-json\/wp\/v2\/media?parent=2568"}],"curies":[{"name":"wp","href":"https:\/\/api.w.org\/{rel}","templated":true}]}}