{"id":691,"date":"2019-05-28T14:48:43","date_gmt":"2019-05-28T14:48:43","guid":{"rendered":"https:\/\/www.commoncause.org\/north-carolina\/apply-to-be-a-common-cause-nc-democracy-fellow\/"},"modified":"2024-06-03T19:41:24","modified_gmt":"2024-06-03T19:41:24","slug":"postulez-pour-devenir-un-membre-de-common-cause-nc-democracy","status":"publish","type":"page","link":"https:\/\/www.commoncause.org\/north-carolina\/fr\/apply-to-be-a-common-cause-nc-democracy-fellow\/","title":{"rendered":"Postulez pour devenir membre de Common Cause NC Democracy Fellow"},"content":{"rendered":"","protected":false},"excerpt":{"rendered":"","protected":false},"author":22,"featured_media":0,"parent":0,"menu_order":0,"comment_status":"closed","ping_status":"closed","template":"","meta":{"_acf_changed":false,"_relevanssi_hide_post":"","_relevanssi_hide_content":"","_relevanssi_pin_for_all":"","_relevanssi_pin_keywords":"","_relevanssi_unpin_keywords":"","_relevanssi_related_keywords":"","_relevanssi_related_include_ids":"","_relevanssi_related_exclude_ids":"","_relevanssi_related_no_append":"","_relevanssi_related_not_related":"","_relevanssi_related_posts":"","_relevanssi_noindex_reason":""},"class_list":["post-691","page","type-page","status-publish","hentry"],"acf":{"header":{"component_page_header":{"header_type":"background","title":"","lead":"","image":17133,"subnavigation":false}},"sidebar":{"helper_enable_sidebar":false,"helper_media_contact":{"heading":"Media Contact","manually_enter_person":false,"person":"","name":"","role":"","phone":"","email":""},"helper_links_downloads":{"heading":"Links & Downloads","links":null}},"page_layout":[{"acf_fc_layout":"layout_wysiwyg","_acfe_flexible_toggle":"","component_wysiwyg":{"content":"<h3>Bourse de recherche Common Cause North Carolina HBCU pour la d\u00e9mocratie<\/h3>\r\n<i>Les boursiers de la d\u00e9mocratie travailleront en \u00e9troite collaboration avec le personnel et les b\u00e9n\u00e9voles de Common Cause pour stimuler l&#039;engagement civique et promouvoir l&#039;importance de devenir des participants \u00e0 vie \u00e0 la d\u00e9mocratie sur leur campus et dans les communaut\u00e9s environnantes. Nous avons actuellement des boursiers en G\u00e9orgie, dans le Maryland, au Mississippi et en Caroline du Nord.\u00a0<\/i>\r\n\r\nNotre mod\u00e8le d\u2019organisation met l\u2019accent sur les jeunes, en particulier les jeunes de couleur, et sur leurs exp\u00e9riences de participation \u00e0 la d\u00e9mocratie. Nous travaillons \u00e0 cr\u00e9er une base multiraciale de jeunes pr\u00eats \u00e0 s\u2019exprimer et \u00e0 agir pour cr\u00e9er une d\u00e9mocratie plus \u00e9quitable et plus juste.\r\n\r\n<strong>Semestre d&#039;automne :\u00a0\u00a0<\/strong>\r\n\r\nAu cours du semestre d&#039;automne, les boursiers de la d\u00e9mocratie dont le campus <b>avoir<\/b> Les \u00e9lections d&#039;automne auront pour objectif d&#039;accro\u00eetre la participation \u00e9tudiante en :\r\n<ul>\r\n \t<li aria-level=\"1\">communiquer de mani\u00e8re cr\u00e9ative avec ses pairs sur l\u2019importance pour les \u00e9tudiants de voter et d\u2019avoir leur mot \u00e0 dire dans les d\u00e9cisions qui affectent leur vie quotidienne, leur avenir et nos campus.<\/li>\r\n \t<li aria-level=\"1\">diffuser des informations sur les processus de vote (inscription des \u00e9lecteurs, demande de bulletins de vote par correspondance, acc\u00e8s aux bureaux de vote, vote anticip\u00e9, etc.).<\/li>\r\n \t<li aria-level=\"1\">assister \u00e0 des r\u00e9unions communautaires pour en savoir plus sur le vote anticip\u00e9, le protocole \u00e9lectoral et les emplacements des bureaux de vote\u00a0;<\/li>\r\n \t<li aria-level=\"1\">travailler avec le personnel et les professeurs du campus pour \u00e9tablir des relations qui peuvent aider \u00e0 impliquer l&#039;ensemble du campus dans GOTV\u00a0;<\/li>\r\n \t<li aria-level=\"1\">recruter des b\u00e9n\u00e9voles pour des r\u00f4les GOTV (banquiers de texte, d\u00e9marcheurs, observateurs de sondages, etc.)<\/li>\r\n<\/ul>\r\nAu cours du semestre d&#039;automne, les boursiers de la d\u00e9mocratie dont le campus <b>n&#039;a pas <\/b>un cycle \u00e9lectoral se concentrera sur la cr\u00e9ation d&#039;une communaut\u00e9 universitaire engag\u00e9e civiquement en :\r\n<ul>\r\n \t<li aria-level=\"1\">organiser des \u00e9v\u00e9nements qui pr\u00e9pareront les \u00e9l\u00e8ves aux primaires de mi-session\u00a0;<\/li>\r\n \t<li aria-level=\"1\">\u00e9tablir des liens avec les \u00e9tudiants sur des sujets d\u2019int\u00e9r\u00eat pour les \u00e9tudiants et sur des plateformes politiques de cause commune\u00a0;<\/li>\r\n \t<li aria-level=\"1\">assister \u00e0 des r\u00e9unions communautaires pour en savoir plus sur le vote anticip\u00e9, le protocole \u00e9lectoral et ce \u00e0 quoi on s&#039;attend au printemps.<\/li>\r\n \t<li aria-level=\"1\">travailler avec le personnel et les professeurs du campus pour \u00e9tablir des relations qui peuvent aider \u00e0 impliquer l&#039;ensemble du campus dans GOTV\u00a0;<\/li>\r\n \t<li aria-level=\"1\">cr\u00e9er un article de blog ou un \u00e9ditorial ;<\/li>\r\n \t<li aria-level=\"1\">plaider pour rendre le vote primaire de mi-mandat plus accessible aux \u00e9tudiants.<\/li>\r\n<\/ul>\r\n<strong>Semestre de printemps :<\/strong>\r\n\r\nAu cours du semestre de printemps, les boursiers de Democracy se concentreront sur l&#039;\u00e9tablissement de relations et sur la formation de leurs pairs sur la mani\u00e8re de se pr\u00e9parer aux prochaines primaires :\r\n<ul>\r\n \t<li aria-level=\"1\">organiser des \u00e9v\u00e9nements et des discussions sur des sujets qui soulignent l\u2019importance de l\u2019engagement civique et des \u00e9lections locales ;<\/li>\r\n \t<li aria-level=\"1\">plaider pour rendre le vote plus accessible aux \u00e9tudiants.<\/li>\r\n \t<li aria-level=\"1\">\u00e9duquer et mobiliser les \u00e9tudiants pour les primaires de 2024.<\/li>\r\n \t<li aria-level=\"1\">diffuser des informations sur les projets de loi ou les changements qui auront un impact direct sur les \u00e9tudiants.<\/li>\r\n<\/ul>\r\nIl s&#039;agit d&#039;un engagement minimum de dix heures par semaine pour le semestre avec la possibilit\u00e9 de continuer pendant un semestre suppl\u00e9mentaire. Les boursiers en d\u00e9mocratie s\u00e9lectionn\u00e9s recevront $1000 par semestre divis\u00e9 en trois versements mensuels (septembre, octobre et novembre).\r\n\r\n<i>Opportunit\u00e9s<\/i>\r\n<ul>\r\n \t<li aria-level=\"1\">\u00c9tablissez des relations avec les dirigeants \u00e9tudiants sur votre campus, dans votre \u00c9tat et \u00e0 travers le pays\u00a0;<\/li>\r\n \t<li aria-level=\"1\">Participez \u00e0 des formations en leadership et en organisation pour vous pr\u00e9parer \u00e0 un travail futur en politique, en droit, en plaidoyer, en relations publiques, etc.<\/li>\r\n \t<li aria-level=\"1\">Augmentez votre r\u00e9seau de plaidoyer en participant \u00e0 des formations et \u00e0 des s\u00e9ances d\u2019apprentissage aupr\u00e8s de leaders de l\u2019ensemble du domaine de la d\u00e9mocratie et du plaidoyer ;<\/li>\r\n \t<li aria-level=\"1\">D\u00e9velopper une relation de mentorat avec le personnel de Common Cause et des liens avec la communaut\u00e9 de partenaires de Common Cause.<\/li>\r\n<\/ul>\r\n<i>Responsabilit\u00e9s\u00a0<\/i>\r\n<ul>\r\n \t<li aria-level=\"1\">Construire une base en recrutant et en suivant des b\u00e9n\u00e9voles<\/li>\r\n \t<li aria-level=\"1\">G\u00e9rer et participer \u00e0 l&#039;inscription des \u00e9lecteurs et \u00e0 la sensibilisation communautaire<\/li>\r\n \t<li aria-level=\"1\">Participez aux formations, aux \u00e9v\u00e9nements d&#039;apprentissage et aux contr\u00f4les sur le campus de Democracy Fellow \u00e0 l&#039;\u00e9chelle de l&#039;\u00c9tat et \u00e0 l&#039;\u00e9chelle nationale<\/li>\r\n \t<li aria-level=\"1\">Travailler en collaboration avec les partenaires de la communaut\u00e9 et du campus<\/li>\r\n \t<li aria-level=\"1\">Soutenir et faire progresser la mission de la Common Cause Student Action Alliance<\/li>\r\n \t<li aria-level=\"1\">Diffuser des informations sur les processus de vote en faisant des annonces en classe, en organisant des dialogues dans les r\u00e9sidences universitaires, en organisant des tables rondes et en participant \u00e0 des \u00e9v\u00e9nements partenaires.<\/li>\r\n \t<li aria-level=\"1\">Travailler en \u00e9troite collaboration avec le personnel de Common Cause pour d\u00e9velopper des objectifs individuels et des plans de travail qui correspondent aux forces et aux int\u00e9r\u00eats des \u00e9l\u00e8ves.<\/li>\r\n<\/ul>\r\nUn candidat id\u00e9al sera\r\n<ul>\r\n \t<li aria-level=\"1\">D\u00e9montrer des qualit\u00e9s de leadership<\/li>\r\n \t<li aria-level=\"1\">Engager les pairs et la communaut\u00e9 environnante dans le processus \u00e9lectoral<\/li>\r\n \t<li aria-level=\"1\">Avoir de solides comp\u00e9tences \u00e9crites et verbales<\/li>\r\n<\/ul>\r\nContactez-nous par email \u00e0 <a href=\"mailto:youthprograms@commoncause.org\">youthprograms@commoncause.org<\/a>\u00a0 Si vous avez des questions."}},{"acf_fc_layout":"layout_wysiwyg","_acfe_flexible_toggle":"","component_wysiwyg":{"content":"<p style=\"text-align: center;\"><a class=\"button1\" role=\"button\" href=\"https:\/\/docs.google.com\/forms\/d\/e\/1FAIpQLSdTMe4CouG82xz0RlztWBHf54IZv49sW9AySOOveDZni1AXsA\/viewform\" target=\"_blank\" rel=\"noopener\">POSTULEZ ICI<\/a><\/p>"}},{"acf_fc_layout":"layout_video","_acfe_flexible_toggle":"","component_video":{"video":"https:\/\/www.youtube.com\/watch?v=cSHQ0obyfUs","caption":""}}]},"yoast_head":"<!-- This site is optimized with the Yoast SEO Premium plugin v26.6 (Yoast SEO v27.1.1) - https:\/\/yoast.com\/product\/yoast-seo-premium-wordpress\/ -->\n<title>Apply to be a Common Cause NC Democracy Fellow - Common Cause North Carolina<\/title>\n<meta name=\"robots\" content=\"index, follow, max-snippet:-1, max-image-preview:large, max-video-preview:-1\" \/>\n<link rel=\"canonical\" href=\"https:\/\/www.commoncause.org\/north-carolina\/fr\/postulez-pour-devenir-un-membre-de-common-cause-nc-democracy\/\" \/>\n<meta property=\"og:locale\" content=\"fr_FR\" \/>\n<meta property=\"og:type\" content=\"article\" \/>\n<meta property=\"og:title\" content=\"Apply to be a Common Cause NC Democracy Fellow\" \/>\n<meta property=\"og:url\" content=\"https:\/\/www.commoncause.org\/north-carolina\/fr\/postulez-pour-devenir-un-membre-de-common-cause-nc-democracy\/\" \/>\n<meta property=\"og:site_name\" content=\"Common Cause North Carolina\" \/>\n<meta property=\"article:modified_time\" content=\"2024-06-03T19:41:24+00:00\" \/>\n<meta property=\"og:image\" content=\"https:\/\/www.commoncause.org\/north-carolina\/wp-content\/uploads\/2024\/05\/52089374_10156711304236223_803415147870683136_n.jpg\" \/>\n\t<meta property=\"og:image:width\" content=\"900\" \/>\n\t<meta property=\"og:image:height\" content=\"523\" \/>\n\t<meta property=\"og:image:type\" content=\"image\/jpeg\" \/>\n<meta name=\"twitter:card\" content=\"summary_large_image\" \/>\n<script type=\"application\/ld+json\" class=\"yoast-schema-graph\">{\"@context\":\"https:\/\/schema.org\",\"@graph\":[{\"@type\":\"WebPage\",\"@id\":\"https:\/\/www.commoncause.org\/north-carolina\/apply-to-be-a-common-cause-nc-democracy-fellow\/\",\"url\":\"https:\/\/www.commoncause.org\/north-carolina\/apply-to-be-a-common-cause-nc-democracy-fellow\/\",\"name\":\"Apply to be a Common Cause NC Democracy Fellow - Common Cause North Carolina\",\"isPartOf\":{\"@id\":\"https:\/\/www.commoncause.org\/north-carolina\/#website\"},\"datePublished\":\"2019-05-28T14:48:43+00:00\",\"dateModified\":\"2024-06-03T19:41:24+00:00\",\"breadcrumb\":{\"@id\":\"https:\/\/www.commoncause.org\/north-carolina\/apply-to-be-a-common-cause-nc-democracy-fellow\/#breadcrumb\"},\"inLanguage\":\"fr-FR\",\"potentialAction\":[{\"@type\":\"ReadAction\",\"target\":[\"https:\/\/www.commoncause.org\/north-carolina\/apply-to-be-a-common-cause-nc-democracy-fellow\/\"]}]},{\"@type\":\"BreadcrumbList\",\"@id\":\"https:\/\/www.commoncause.org\/north-carolina\/apply-to-be-a-common-cause-nc-democracy-fellow\/#breadcrumb\",\"itemListElement\":[{\"@type\":\"ListItem\",\"position\":1,\"name\":\"Home\",\"item\":\"https:\/\/www.commoncause.org\/north-carolina\/\"},{\"@type\":\"ListItem\",\"position\":2,\"name\":\"Apply to be a Common Cause NC Democracy Fellow\"}]},{\"@type\":\"WebSite\",\"@id\":\"https:\/\/www.commoncause.org\/north-carolina\/#website\",\"url\":\"https:\/\/www.commoncause.org\/north-carolina\/\",\"name\":\"Common Cause North Carolina\",\"description\":\"\",\"potentialAction\":[{\"@type\":\"SearchAction\",\"target\":{\"@type\":\"EntryPoint\",\"urlTemplate\":\"https:\/\/www.commoncause.org\/north-carolina\/?s={search_term_string}\"},\"query-input\":{\"@type\":\"PropertyValueSpecification\",\"valueRequired\":true,\"valueName\":\"search_term_string\"}}],\"inLanguage\":\"fr-FR\"}]}<\/script>\n<!-- \/ Yoast SEO Premium plugin. -->","yoast_head_json":{"title":"Postulez pour devenir membre de Common Cause NC Democracy Fellow - Common Cause North Carolina","robots":{"index":"index","follow":"follow","max-snippet":"max-snippet:-1","max-image-preview":"max-image-preview:large","max-video-preview":"max-video-preview:-1"},"canonical":"https:\/\/www.commoncause.org\/north-carolina\/fr\/postulez-pour-devenir-un-membre-de-common-cause-nc-democracy\/","og_locale":"fr_FR","og_type":"article","og_title":"Apply to be a Common Cause NC Democracy Fellow","og_url":"https:\/\/www.commoncause.org\/north-carolina\/fr\/postulez-pour-devenir-un-membre-de-common-cause-nc-democracy\/","og_site_name":"Common Cause North Carolina","article_modified_time":"2024-06-03T19:41:24+00:00","og_image":[{"width":900,"height":523,"url":"https:\/\/www.commoncause.org\/north-carolina\/wp-content\/uploads\/2024\/05\/52089374_10156711304236223_803415147870683136_n.jpg","type":"image\/jpeg"}],"twitter_card":"summary_large_image","schema":{"@context":"https:\/\/schema.org","@graph":[{"@type":"WebPage","@id":"https:\/\/www.commoncause.org\/north-carolina\/apply-to-be-a-common-cause-nc-democracy-fellow\/","url":"https:\/\/www.commoncause.org\/north-carolina\/apply-to-be-a-common-cause-nc-democracy-fellow\/","name":"Postulez pour devenir membre de Common Cause NC Democracy Fellow - Common Cause North Carolina","isPartOf":{"@id":"https:\/\/www.commoncause.org\/north-carolina\/#website"},"datePublished":"2019-05-28T14:48:43+00:00","dateModified":"2024-06-03T19:41:24+00:00","breadcrumb":{"@id":"https:\/\/www.commoncause.org\/north-carolina\/apply-to-be-a-common-cause-nc-democracy-fellow\/#breadcrumb"},"inLanguage":"fr-FR","potentialAction":[{"@type":"ReadAction","target":["https:\/\/www.commoncause.org\/north-carolina\/apply-to-be-a-common-cause-nc-democracy-fellow\/"]}]},{"@type":"BreadcrumbList","@id":"https:\/\/www.commoncause.org\/north-carolina\/apply-to-be-a-common-cause-nc-democracy-fellow\/#breadcrumb","itemListElement":[{"@type":"ListItem","position":1,"name":"Home","item":"https:\/\/www.commoncause.org\/north-carolina\/"},{"@type":"ListItem","position":2,"name":"Apply to be a Common Cause NC Democracy Fellow"}]},{"@type":"WebSite","@id":"https:\/\/www.commoncause.org\/north-carolina\/#website","url":"https:\/\/www.commoncause.org\/north-carolina\/","name":"Cause commune en Caroline du Nord","description":"","potentialAction":[{"@type":"SearchAction","target":{"@type":"EntryPoint","urlTemplate":"https:\/\/www.commoncause.org\/north-carolina\/?s={search_term_string}"},"query-input":{"@type":"PropertyValueSpecification","valueRequired":true,"valueName":"search_term_string"}}],"inLanguage":"fr-FR"}]}},"distributor_meta":false,"distributor_terms":false,"distributor_media":false,"distributor_original_site_name":"Common Cause North Carolina","distributor_original_site_url":"https:\/\/www.commoncause.org\/north-carolina\/fr","push-errors":false,"_links":{"self":[{"href":"https:\/\/www.commoncause.org\/north-carolina\/fr\/wp-json\/wp\/v2\/pages\/691","targetHints":{"allow":["GET"]}}],"collection":[{"href":"https:\/\/www.commoncause.org\/north-carolina\/fr\/wp-json\/wp\/v2\/pages"}],"about":[{"href":"https:\/\/www.commoncause.org\/north-carolina\/fr\/wp-json\/wp\/v2\/types\/page"}],"author":[{"embeddable":true,"href":"https:\/\/www.commoncause.org\/north-carolina\/fr\/wp-json\/wp\/v2\/users\/22"}],"replies":[{"embeddable":true,"href":"https:\/\/www.commoncause.org\/north-carolina\/fr\/wp-json\/wp\/v2\/comments?post=691"}],"version-history":[{"count":2,"href":"https:\/\/www.commoncause.org\/north-carolina\/fr\/wp-json\/wp\/v2\/pages\/691\/revisions"}],"predecessor-version":[{"id":985,"href":"https:\/\/www.commoncause.org\/north-carolina\/fr\/wp-json\/wp\/v2\/pages\/691\/revisions\/985"}],"wp:attachment":[{"href":"https:\/\/www.commoncause.org\/north-carolina\/fr\/wp-json\/wp\/v2\/media?parent=691"}],"curies":[{"name":"wp","href":"https:\/\/api.w.org\/{rel}","templated":true}]}}