{"id":2568,"date":"2025-04-04T12:04:43","date_gmt":"2025-04-04T16:04:43","guid":{"rendered":"https:\/\/www.commoncause.org\/north-carolina\/?page_id=2568"},"modified":"2025-04-04T12:04:43","modified_gmt":"2025-04-04T16:04:43","slug":"liste-des-visages-du-griffon","status":"publish","type":"page","link":"https:\/\/www.commoncause.org\/north-carolina\/fr\/faces-of-the-griffin-list\/","title":{"rendered":"Liste des visages du Griffon"},"content":{"rendered":"","protected":false},"excerpt":{"rendered":"","protected":false},"author":22,"featured_media":0,"parent":0,"menu_order":0,"comment_status":"closed","ping_status":"closed","template":"","meta":{"_acf_changed":false,"_relevanssi_hide_post":"","_relevanssi_hide_content":"","_relevanssi_pin_for_all":"","_relevanssi_pin_keywords":"","_relevanssi_unpin_keywords":"","_relevanssi_related_keywords":"","_relevanssi_related_include_ids":"","_relevanssi_related_exclude_ids":"","_relevanssi_related_no_append":"","_relevanssi_related_not_related":"","_relevanssi_related_posts":"","_relevanssi_noindex_reason":""},"class_list":["post-2568","page","type-page","status-publish","hentry"],"acf":{"header":{"component_page_header":{"header_type":"background","title":"","lead":"Meet some of the 66,000 North Carolinians whose votes are unjustly challenged by sore loser Jefferson Griffin","image":26995,"subnavigation":false}},"sidebar":{"helper_enable_sidebar":false,"helper_media_contact":{"heading":"Media Contact","manually_enter_person":false,"person":"","name":"","role":"","phone":"","email":""},"helper_links_downloads":{"heading":"Links & Downloads","links":null}},"page_layout":[{"acf_fc_layout":"layout_wysiwyg","_acfe_flexible_toggle":"","component_wysiwyg":{"content":"De multiples recomptages ont clairement confirm\u00e9 la d\u00e9faite de Jefferson Griffin aux \u00e9lections de 2024 \u00e0 la Cour supr\u00eame de Caroline du Nord. Mais plut\u00f4t que d&#039;accepter la volont\u00e9 des \u00e9lecteurs, Griffin tente outrageusement d&#039;annuler les bulletins de vote l\u00e9gaux de 66\u00a0000 habitants de Caroline du Nord et d&#039;annuler l&#039;\u00e9lection. Voici les t\u00e9moignages de quelques-uns des dizaines de milliers d&#039;habitants de Caroline du Nord injustement cibl\u00e9s par le stratag\u00e8me honteux de Griffin.\r\n\r\n<strong>Votre vote est-il contest\u00e9 par Griffin ? <\/strong><a href=\"https:\/\/airtable.com\/appSAYNy6dW94Jm1g\/pagq1Y8lGDSCNYjiu\/form\" target=\"_blank\" rel=\"noopener\"><strong>Soumettez votre histoire ici.<\/strong><\/a>"}},{"acf_fc_layout":"layout_basic_html","_acfe_flexible_toggle":"","component_basic_html":{"heading":"","code":"<iframe class=\"airtable-embed\" src=\"https:\/\/airtable.com\/embed\/appSAYNy6dW94Jm1g\/shrF6zJb2jbIdjJcF\" frameborder=\"0\" onmousewheel=\"\" width=\"100%\" height=\"533\" style=\"background: transparent; border: 1px solid #ccc;\"><\/iframe>","width":"narrow"}},{"acf_fc_layout":"layout_wysiwyg","_acfe_flexible_toggle":"","component_wysiwyg":{"content":"<strong>PLUS:<\/strong>\r\n\r\n<a href=\"https:\/\/ccnc.me\/griffinlist\" target=\"_blank\" rel=\"noopener\"><strong>D\u00e9couvrez si votre vote ou celui d&#039;une personne que vous connaissez est contest\u00e9 par Griffin<\/strong><\/a>\r\n\r\n<a href=\"https:\/\/www.commoncause.org\/north-carolina\/fr\/griffon\/\"><strong>Apprenez-en davantage et agissez pour prot\u00e9ger la libert\u00e9 de vote de chacun<\/strong><\/a>"}}]},"yoast_head":"<!-- This site is optimized with the Yoast SEO Premium plugin v26.6 (Yoast SEO v27.1.1) - https:\/\/yoast.com\/product\/yoast-seo-premium-wordpress\/ -->\n<title>Faces of the Griffin List - Common Cause North Carolina<\/title>\n<meta name=\"robots\" content=\"index, follow, max-snippet:-1, max-image-preview:large, max-video-preview:-1\" \/>\n<link rel=\"canonical\" href=\"https:\/\/www.commoncause.org\/north-carolina\/fr\/liste-des-visages-du-griffon\/\" \/>\n<meta property=\"og:locale\" content=\"fr_FR\" \/>\n<meta property=\"og:type\" content=\"article\" \/>\n<meta property=\"og:title\" content=\"Faces of the Griffin List\" \/>\n<meta property=\"og:url\" content=\"https:\/\/www.commoncause.org\/north-carolina\/fr\/liste-des-visages-du-griffon\/\" \/>\n<meta property=\"og:site_name\" content=\"Common Cause North Carolina\" \/>\n<meta property=\"og:image\" content=\"https:\/\/www.commoncause.org\/north-carolina\/wp-content\/uploads\/2024\/08\/common-cause-share-image.png\" \/>\n\t<meta property=\"og:image:width\" content=\"1200\" \/>\n\t<meta property=\"og:image:height\" content=\"630\" \/>\n\t<meta property=\"og:image:type\" content=\"image\/png\" \/>\n<meta name=\"twitter:card\" content=\"summary_large_image\" \/>\n<script type=\"application\/ld+json\" class=\"yoast-schema-graph\">{\"@context\":\"https:\/\/schema.org\",\"@graph\":[{\"@type\":\"WebPage\",\"@id\":\"https:\/\/www.commoncause.org\/north-carolina\/faces-of-the-griffin-list\/\",\"url\":\"https:\/\/www.commoncause.org\/north-carolina\/faces-of-the-griffin-list\/\",\"name\":\"Faces of the Griffin List - Common Cause North Carolina\",\"isPartOf\":{\"@id\":\"https:\/\/www.commoncause.org\/north-carolina\/#website\"},\"datePublished\":\"2025-04-04T16:04:43+00:00\",\"breadcrumb\":{\"@id\":\"https:\/\/www.commoncause.org\/north-carolina\/faces-of-the-griffin-list\/#breadcrumb\"},\"inLanguage\":\"fr-FR\",\"potentialAction\":[{\"@type\":\"ReadAction\",\"target\":[\"https:\/\/www.commoncause.org\/north-carolina\/faces-of-the-griffin-list\/\"]}]},{\"@type\":\"BreadcrumbList\",\"@id\":\"https:\/\/www.commoncause.org\/north-carolina\/faces-of-the-griffin-list\/#breadcrumb\",\"itemListElement\":[{\"@type\":\"ListItem\",\"position\":1,\"name\":\"Home\",\"item\":\"https:\/\/www.commoncause.org\/north-carolina\/\"},{\"@type\":\"ListItem\",\"position\":2,\"name\":\"Faces of the Griffin List\"}]},{\"@type\":\"WebSite\",\"@id\":\"https:\/\/www.commoncause.org\/north-carolina\/#website\",\"url\":\"https:\/\/www.commoncause.org\/north-carolina\/\",\"name\":\"Common Cause North Carolina\",\"description\":\"\",\"potentialAction\":[{\"@type\":\"SearchAction\",\"target\":{\"@type\":\"EntryPoint\",\"urlTemplate\":\"https:\/\/www.commoncause.org\/north-carolina\/?s={search_term_string}\"},\"query-input\":{\"@type\":\"PropertyValueSpecification\",\"valueRequired\":true,\"valueName\":\"search_term_string\"}}],\"inLanguage\":\"fr-FR\"}]}<\/script>\n<!-- \/ Yoast SEO Premium plugin. -->","yoast_head_json":{"title":"Liste des visages de Griffin - Common Cause North Carolina","robots":{"index":"index","follow":"follow","max-snippet":"max-snippet:-1","max-image-preview":"max-image-preview:large","max-video-preview":"max-video-preview:-1"},"canonical":"https:\/\/www.commoncause.org\/north-carolina\/fr\/liste-des-visages-du-griffon\/","og_locale":"fr_FR","og_type":"article","og_title":"Faces of the Griffin List","og_url":"https:\/\/www.commoncause.org\/north-carolina\/fr\/liste-des-visages-du-griffon\/","og_site_name":"Common Cause North Carolina","og_image":[{"width":1200,"height":630,"url":"https:\/\/www.commoncause.org\/north-carolina\/wp-content\/uploads\/2024\/08\/common-cause-share-image.png","type":"image\/png"}],"twitter_card":"summary_large_image","schema":{"@context":"https:\/\/schema.org","@graph":[{"@type":"WebPage","@id":"https:\/\/www.commoncause.org\/north-carolina\/faces-of-the-griffin-list\/","url":"https:\/\/www.commoncause.org\/north-carolina\/faces-of-the-griffin-list\/","name":"Liste des visages de Griffin - Common Cause North Carolina","isPartOf":{"@id":"https:\/\/www.commoncause.org\/north-carolina\/#website"},"datePublished":"2025-04-04T16:04:43+00:00","breadcrumb":{"@id":"https:\/\/www.commoncause.org\/north-carolina\/faces-of-the-griffin-list\/#breadcrumb"},"inLanguage":"fr-FR","potentialAction":[{"@type":"ReadAction","target":["https:\/\/www.commoncause.org\/north-carolina\/faces-of-the-griffin-list\/"]}]},{"@type":"BreadcrumbList","@id":"https:\/\/www.commoncause.org\/north-carolina\/faces-of-the-griffin-list\/#breadcrumb","itemListElement":[{"@type":"ListItem","position":1,"name":"Home","item":"https:\/\/www.commoncause.org\/north-carolina\/"},{"@type":"ListItem","position":2,"name":"Faces of the Griffin List"}]},{"@type":"WebSite","@id":"https:\/\/www.commoncause.org\/north-carolina\/#website","url":"https:\/\/www.commoncause.org\/north-carolina\/","name":"Cause commune en Caroline du Nord","description":"","potentialAction":[{"@type":"SearchAction","target":{"@type":"EntryPoint","urlTemplate":"https:\/\/www.commoncause.org\/north-carolina\/?s={search_term_string}"},"query-input":{"@type":"PropertyValueSpecification","valueRequired":true,"valueName":"search_term_string"}}],"inLanguage":"fr-FR"}]}},"distributor_meta":false,"distributor_terms":false,"distributor_media":false,"distributor_original_site_name":"Common Cause North Carolina","distributor_original_site_url":"https:\/\/www.commoncause.org\/north-carolina\/fr","push-errors":false,"_links":{"self":[{"href":"https:\/\/www.commoncause.org\/north-carolina\/fr\/wp-json\/wp\/v2\/pages\/2568","targetHints":{"allow":["GET"]}}],"collection":[{"href":"https:\/\/www.commoncause.org\/north-carolina\/fr\/wp-json\/wp\/v2\/pages"}],"about":[{"href":"https:\/\/www.commoncause.org\/north-carolina\/fr\/wp-json\/wp\/v2\/types\/page"}],"author":[{"embeddable":true,"href":"https:\/\/www.commoncause.org\/north-carolina\/fr\/wp-json\/wp\/v2\/users\/22"}],"replies":[{"embeddable":true,"href":"https:\/\/www.commoncause.org\/north-carolina\/fr\/wp-json\/wp\/v2\/comments?post=2568"}],"version-history":[{"count":12,"href":"https:\/\/www.commoncause.org\/north-carolina\/fr\/wp-json\/wp\/v2\/pages\/2568\/revisions"}],"predecessor-version":[{"id":2588,"href":"https:\/\/www.commoncause.org\/north-carolina\/fr\/wp-json\/wp\/v2\/pages\/2568\/revisions\/2588"}],"wp:attachment":[{"href":"https:\/\/www.commoncause.org\/north-carolina\/fr\/wp-json\/wp\/v2\/media?parent=2568"}],"curies":[{"name":"wp","href":"https:\/\/api.w.org\/{rel}","templated":true}]}}