{"id":20,"date":"2024-05-07T13:45:43","date_gmt":"2024-05-07T13:45:43","guid":{"rendered":"https:\/\/www.commoncause.org\/north-carolina\/about-us\/"},"modified":"2025-02-05T14:27:07","modified_gmt":"2025-02-05T19:27:07","slug":"a-propos-de-nous","status":"publish","type":"page","link":"https:\/\/www.commoncause.org\/north-carolina\/fr\/about-us\/","title":{"rendered":"\u00c0 propos de nous"},"content":{"rendered":"","protected":false},"excerpt":{"rendered":"","protected":false},"author":2,"featured_media":0,"parent":0,"menu_order":0,"comment_status":"closed","ping_status":"closed","template":"","meta":{"_acf_changed":false,"_relevanssi_hide_post":"","_relevanssi_hide_content":"","_relevanssi_pin_for_all":"","_relevanssi_pin_keywords":"","_relevanssi_unpin_keywords":"","_relevanssi_related_keywords":"","_relevanssi_related_include_ids":"","_relevanssi_related_exclude_ids":"","_relevanssi_related_no_append":"","_relevanssi_related_not_related":"","_relevanssi_related_posts":"","_relevanssi_noindex_reason":""},"class_list":["post-20","page","type-page","status-publish","hentry"],"acf":{"header":{"component_page_header":{"header_type":"background","title":"\u00c0 propos de nous","lead":"","image":16033,"subnavigation":true}},"sidebar":{"helper_enable_sidebar":false,"helper_media_contact":{"heading":"","manually_enter_person":false,"person":"","name":"","role":"","phone":"","email":""},"helper_links_downloads":{"heading":"","links":null}},"page_layout":[{"acf_fc_layout":"layout_wysiwyg","_acfe_flexible_toggle":"","component_wysiwyg":{"content":"<h3>Depuis plus de 50 ans, Common Cause North Carolina et nos membres se battent pour la d\u00e9mocratie que nous m\u00e9ritons.<\/h3>"}},{"acf_fc_layout":"layout_wysiwyg","_acfe_flexible_toggle":"","component_wysiwyg":{"content":"Nous mettons notre expertise politique reconnue, notre r\u00e9seau de sympathisants et notre approche non partisane au service de notre d\u00e9mocratie face aux d\u00e9fis actuels. Nous \u0153uvrons dans toute la Caroline du Nord sur des priorit\u00e9s qui impactent nos vies, comme la d\u00e9fense du droit de vote, la responsabilisation de notre gouvernement, la promotion de la transparence, et bien plus encore. En nous rassemblant, nous pouvons faire une diff\u00e9rence r\u00e9elle et durable. Agir avec Common Cause North Carolina, c&#039;est rejoindre un puissant mouvement en faveur d&#039;une d\u00e9mocratie inclusive et multiraciale qui donne \u00e0 tous les habitants de Caroline du Nord la possibilit\u00e9 de participer aux d\u00e9cisions qui fa\u00e7onnent notre avenir."}},{"acf_fc_layout":"layout_two_column_text_and_image","_acfe_flexible_toggle":"","component_two_column_text_and_image":{"heading":"","columns":[{"image":2105,"title":"Our Impact","content":"Common Cause North Carolina knows how to build grassroots, pro-democracy people power in every corner of our state. We lead the most important fights for our democracy, no matter where they take place. Learn more about some of our key victories\u2014and how you can play a meaningful role in the fight for an open, honest, and accountable government.","link":{"title":"Discover our impact","url":"https:\/\/www.commoncause.org\/north-carolina\/our-impact\/","target":""}},{"image":2106,"title":"Our Team","content":"The staff at Common Cause North Carolina work day in and day out in defense of transparency, fairness, and the right to be heard in our democracy. Our expertise and creativity drive all of the crucial work we do for North Carolinians. Get to know us, get connected\u2014and reach out with questions about Common Cause North Carolina's latest efforts.","link":{"title":"About Us","url":"https:\/\/www.commoncause.org\/north-carolina\/about-us\/","target":""}}]}},{"acf_fc_layout":"layout_banner","_acfe_flexible_toggle":"","component_banner":{"use_donate_banner":true,"title":"Title [highlight]with highlighting[\/highlight] and additional text.","button":null,"image":null}},{"acf_fc_layout":"layout_wysiwyg","_acfe_flexible_toggle":"","component_wysiwyg":{"content":"<strong>Notre mission:<\/strong> Common Cause North Carolina est une organisation non partisane et populaire qui se consacre \u00e0 la d\u00e9fense des valeurs fondamentales de la d\u00e9mocratie am\u00e9ricaine. Nous travaillons \u00e0 cr\u00e9er un gouvernement ouvert, honn\u00eate et responsable qui sert l&#039;int\u00e9r\u00eat public ; \u00e0 promouvoir l&#039;\u00e9galit\u00e9 des droits, des opportunit\u00e9s et de la repr\u00e9sentation pour tous ; et \u00e0 permettre \u00e0 tous de faire entendre leur voix dans le processus politique."}},{"acf_fc_layout":"layout_accordion","_acfe_flexible_toggle":"","component_accordion":{"heading":"Common Cause works...","panels":[{"panel_heading":"In the Legislature","panel_copy":"At the national, state, and local level, Common Cause works with officials from across the political spectrum to pass proven, common-sense solutions and stop attacks on our rights. Our team members and supporters are frequent visitors to the U.S. Capitol and statehouses across the country, meeting with decision-makers to discuss target legislation. We have a long history of making lasting change through the legislative process."},{"panel_heading":"In the Courts","panel_copy":"Common Cause has played a key role in some of the most impactful court cases over the last several decades. We work at every level of the country's legal system, including the U.S. Supreme Court, and have consistently demonstrated that through hard-hitting legal action, we can make real progress on the democracy issues that count\u2014like fair redistricting, government transparency, and campaign finance."},{"panel_heading":"On the Ground","panel_copy":"Common Cause's power lies in its 1.5 million supporters nationwide. We mobilize our members at lobby days in statehouses to advocate for key reforms and shut down harmful bills; as Election Protection monitors, helping voters each Election Day; at pro-democracy rallies and demonstrations across the country; and much, much more. We know that when our members turn out and work together, we get results."},{"panel_heading":"And Beyond...","panel_copy":"Common Cause is committed to leading the most important fights for our democracy, no matter where they take place. We show up in many ways\u2014including online, where our members contact legislators in support of target bills, spread the word about our work on social media, and report harmful election disinformation."}]}}]},"yoast_head":"<!-- This site is optimized with the Yoast SEO Premium plugin v26.6 (Yoast SEO v27.1.1) - https:\/\/yoast.com\/product\/yoast-seo-premium-wordpress\/ -->\n<title>About Us - Common Cause North Carolina<\/title>\n<meta name=\"robots\" content=\"index, follow, max-snippet:-1, max-image-preview:large, max-video-preview:-1\" \/>\n<link rel=\"canonical\" href=\"https:\/\/www.commoncause.org\/north-carolina\/fr\/a-propos-de-nous\/\" \/>\n<meta property=\"og:locale\" content=\"fr_FR\" \/>\n<meta property=\"og:type\" content=\"article\" \/>\n<meta property=\"og:title\" content=\"About Us\" \/>\n<meta property=\"og:url\" content=\"https:\/\/www.commoncause.org\/north-carolina\/fr\/a-propos-de-nous\/\" \/>\n<meta property=\"og:site_name\" content=\"Common Cause North Carolina\" \/>\n<meta property=\"article:modified_time\" content=\"2025-02-05T19:27:07+00:00\" \/>\n<meta property=\"og:image\" content=\"https:\/\/www.commoncause.org\/north-carolina\/wp-content\/uploads\/2024\/05\/361587270_648133977339570_8189217942718292994_n.jpg\" \/>\n\t<meta property=\"og:image:width\" content=\"1552\" \/>\n\t<meta property=\"og:image:height\" content=\"870\" \/>\n\t<meta property=\"og:image:type\" content=\"image\/jpeg\" \/>\n<meta name=\"twitter:card\" content=\"summary_large_image\" \/>\n<script type=\"application\/ld+json\" class=\"yoast-schema-graph\">{\"@context\":\"https:\/\/schema.org\",\"@graph\":[{\"@type\":\"WebPage\",\"@id\":\"https:\/\/www.commoncause.org\/north-carolina\/about-us\/\",\"url\":\"https:\/\/www.commoncause.org\/north-carolina\/about-us\/\",\"name\":\"About Us - Common Cause North Carolina\",\"isPartOf\":{\"@id\":\"https:\/\/www.commoncause.org\/north-carolina\/#website\"},\"datePublished\":\"2024-05-07T13:45:43+00:00\",\"dateModified\":\"2025-02-05T19:27:07+00:00\",\"breadcrumb\":{\"@id\":\"https:\/\/www.commoncause.org\/north-carolina\/about-us\/#breadcrumb\"},\"inLanguage\":\"fr-FR\",\"potentialAction\":[{\"@type\":\"ReadAction\",\"target\":[\"https:\/\/www.commoncause.org\/north-carolina\/about-us\/\"]}]},{\"@type\":\"BreadcrumbList\",\"@id\":\"https:\/\/www.commoncause.org\/north-carolina\/about-us\/#breadcrumb\",\"itemListElement\":[{\"@type\":\"ListItem\",\"position\":1,\"name\":\"Home\",\"item\":\"https:\/\/www.commoncause.org\/north-carolina\/\"},{\"@type\":\"ListItem\",\"position\":2,\"name\":\"About Us\"}]},{\"@type\":\"WebSite\",\"@id\":\"https:\/\/www.commoncause.org\/north-carolina\/#website\",\"url\":\"https:\/\/www.commoncause.org\/north-carolina\/\",\"name\":\"Common Cause North Carolina\",\"description\":\"\",\"potentialAction\":[{\"@type\":\"SearchAction\",\"target\":{\"@type\":\"EntryPoint\",\"urlTemplate\":\"https:\/\/www.commoncause.org\/north-carolina\/?s={search_term_string}\"},\"query-input\":{\"@type\":\"PropertyValueSpecification\",\"valueRequired\":true,\"valueName\":\"search_term_string\"}}],\"inLanguage\":\"fr-FR\"}]}<\/script>\n<!-- \/ Yoast SEO Premium plugin. -->","yoast_head_json":{"title":"\u00c0 propos de nous - Common Cause North Carolina","robots":{"index":"index","follow":"follow","max-snippet":"max-snippet:-1","max-image-preview":"max-image-preview:large","max-video-preview":"max-video-preview:-1"},"canonical":"https:\/\/www.commoncause.org\/north-carolina\/fr\/a-propos-de-nous\/","og_locale":"fr_FR","og_type":"article","og_title":"About Us","og_url":"https:\/\/www.commoncause.org\/north-carolina\/fr\/a-propos-de-nous\/","og_site_name":"Common Cause North Carolina","article_modified_time":"2025-02-05T19:27:07+00:00","og_image":[{"width":1552,"height":870,"url":"https:\/\/www.commoncause.org\/north-carolina\/wp-content\/uploads\/2024\/05\/361587270_648133977339570_8189217942718292994_n.jpg","type":"image\/jpeg"}],"twitter_card":"summary_large_image","schema":{"@context":"https:\/\/schema.org","@graph":[{"@type":"WebPage","@id":"https:\/\/www.commoncause.org\/north-carolina\/about-us\/","url":"https:\/\/www.commoncause.org\/north-carolina\/about-us\/","name":"\u00c0 propos de nous - Common Cause North Carolina","isPartOf":{"@id":"https:\/\/www.commoncause.org\/north-carolina\/#website"},"datePublished":"2024-05-07T13:45:43+00:00","dateModified":"2025-02-05T19:27:07+00:00","breadcrumb":{"@id":"https:\/\/www.commoncause.org\/north-carolina\/about-us\/#breadcrumb"},"inLanguage":"fr-FR","potentialAction":[{"@type":"ReadAction","target":["https:\/\/www.commoncause.org\/north-carolina\/about-us\/"]}]},{"@type":"BreadcrumbList","@id":"https:\/\/www.commoncause.org\/north-carolina\/about-us\/#breadcrumb","itemListElement":[{"@type":"ListItem","position":1,"name":"Home","item":"https:\/\/www.commoncause.org\/north-carolina\/"},{"@type":"ListItem","position":2,"name":"About Us"}]},{"@type":"WebSite","@id":"https:\/\/www.commoncause.org\/north-carolina\/#website","url":"https:\/\/www.commoncause.org\/north-carolina\/","name":"Cause commune en Caroline du Nord","description":"","potentialAction":[{"@type":"SearchAction","target":{"@type":"EntryPoint","urlTemplate":"https:\/\/www.commoncause.org\/north-carolina\/?s={search_term_string}"},"query-input":{"@type":"PropertyValueSpecification","valueRequired":true,"valueName":"search_term_string"}}],"inLanguage":"fr-FR"}]}},"distributor_meta":false,"distributor_terms":false,"distributor_media":false,"distributor_original_site_name":"Common Cause North Carolina","distributor_original_site_url":"https:\/\/www.commoncause.org\/north-carolina\/fr","push-errors":false,"_links":{"self":[{"href":"https:\/\/www.commoncause.org\/north-carolina\/fr\/wp-json\/wp\/v2\/pages\/20","targetHints":{"allow":["GET"]}}],"collection":[{"href":"https:\/\/www.commoncause.org\/north-carolina\/fr\/wp-json\/wp\/v2\/pages"}],"about":[{"href":"https:\/\/www.commoncause.org\/north-carolina\/fr\/wp-json\/wp\/v2\/types\/page"}],"author":[{"embeddable":true,"href":"https:\/\/www.commoncause.org\/north-carolina\/fr\/wp-json\/wp\/v2\/users\/2"}],"replies":[{"embeddable":true,"href":"https:\/\/www.commoncause.org\/north-carolina\/fr\/wp-json\/wp\/v2\/comments?post=20"}],"version-history":[{"count":9,"href":"https:\/\/www.commoncause.org\/north-carolina\/fr\/wp-json\/wp\/v2\/pages\/20\/revisions"}],"predecessor-version":[{"id":2448,"href":"https:\/\/www.commoncause.org\/north-carolina\/fr\/wp-json\/wp\/v2\/pages\/20\/revisions\/2448"}],"wp:attachment":[{"href":"https:\/\/www.commoncause.org\/north-carolina\/fr\/wp-json\/wp\/v2\/media?parent=20"}],"curies":[{"name":"wp","href":"https:\/\/api.w.org\/{rel}","templated":true}]}}