{"id":691,"date":"2019-05-28T14:48:43","date_gmt":"2019-05-28T14:48:43","guid":{"rendered":"https:\/\/www.commoncause.org\/north-carolina\/apply-to-be-a-common-cause-nc-democracy-fellow\/"},"modified":"2024-06-03T19:41:24","modified_gmt":"2024-06-03T19:41:24","slug":"solicite-ser-miembro-de-common-cause-nc-democracy-fellow","status":"publish","type":"page","link":"https:\/\/www.commoncause.org\/north-carolina\/es\/apply-to-be-a-common-cause-nc-democracy-fellow\/","title":{"rendered":"Solicite ser miembro de Common Cause NC Democracy Fellow"},"content":{"rendered":"","protected":false},"excerpt":{"rendered":"","protected":false},"author":22,"featured_media":0,"parent":0,"menu_order":0,"comment_status":"closed","ping_status":"closed","template":"","meta":{"_acf_changed":false,"_relevanssi_hide_post":"","_relevanssi_hide_content":"","_relevanssi_pin_for_all":"","_relevanssi_pin_keywords":"","_relevanssi_unpin_keywords":"","_relevanssi_related_keywords":"","_relevanssi_related_include_ids":"","_relevanssi_related_exclude_ids":"","_relevanssi_related_no_append":"","_relevanssi_related_not_related":"","_relevanssi_related_posts":"","_relevanssi_noindex_reason":""},"class_list":["post-691","page","type-page","status-publish","hentry"],"acf":{"header":{"component_page_header":{"header_type":"background","title":"","lead":"","image":17133,"subnavigation":false}},"sidebar":{"helper_enable_sidebar":false,"helper_media_contact":{"heading":"Media Contact","manually_enter_person":false,"person":"","name":"","role":"","phone":"","email":""},"helper_links_downloads":{"heading":"Links & Downloads","links":null}},"page_layout":[{"acf_fc_layout":"layout_wysiwyg","_acfe_flexible_toggle":"","component_wysiwyg":{"content":"<h3>Beca para la democracia en HBCU de Common Cause, Carolina del Norte<\/h3>\r\n<i>Los becarios de Democracy Fellows trabajar\u00e1n en estrecha colaboraci\u00f3n con el personal y los voluntarios de Common Cause para impulsar el compromiso c\u00edvico y promover el valor de convertirse en participantes permanentes de la democracia en su campus y las comunidades circundantes. Actualmente contamos con becarios en Georgia, Maryland, Mississippi y Carolina del Norte.\u00a0<\/i>\r\n\r\nNuestro modelo organizativo se centra en los j\u00f3venes, especialmente los j\u00f3venes de color, y sus experiencias de participaci\u00f3n en la democracia. Estamos trabajando para crear una base multirracial de j\u00f3venes que est\u00e9n dispuestos a hablar y actuar para crear una democracia m\u00e1s equitativa y justa.\r\n\r\n<strong>Semestre de oto\u00f1o:\u00a0\u00a0<\/strong>\r\n\r\nEn el semestre de oto\u00f1o, los becarios de la democracia cuyo campus <b>tener<\/b> Las elecciones de oto\u00f1o se centrar\u00e1n en aumentar la participaci\u00f3n estudiantil mediante:\r\n<ul>\r\n \t<li aria-level=\"1\">comunicarse creativamente con sus compa\u00f1eros sobre la importancia de que los estudiantes voten y tengan voz en las decisiones que afectan su vida cotidiana, su futuro y nuestros campus.<\/li>\r\n \t<li aria-level=\"1\">difundir informaci\u00f3n sobre los procesos de votaci\u00f3n (registro de votantes, solicitud de votos en ausencia, acceso a los lugares de votaci\u00f3n, votaci\u00f3n anticipada, etc.).<\/li>\r\n \t<li aria-level=\"1\">asistir a reuniones comunitarias para aprender sobre la votaci\u00f3n anticipada, el protocolo electoral y las ubicaciones de los lugares de votaci\u00f3n;<\/li>\r\n \t<li aria-level=\"1\">trabajar con el personal y el cuerpo docente del campus para construir relaciones que puedan ayudar a involucrar a todo el campus en GOTV;<\/li>\r\n \t<li aria-level=\"1\">reclutar voluntarios para roles GOTV (banqueros de texto, promotores, monitores electorales, etc.)<\/li>\r\n<\/ul>\r\nEn el semestre de oto\u00f1o, los becarios de la democracia cuyo campus <b>no tiene <\/b>Un ciclo electoral se centrar\u00e1 en la creaci\u00f3n de una comunidad universitaria comprometida c\u00edvicamente mediante:\r\n<ul>\r\n \t<li aria-level=\"1\">organizar eventos que preparar\u00e1n a los estudiantes para las primarias de mitad de per\u00edodo;<\/li>\r\n \t<li aria-level=\"1\">Conectarse con los estudiantes en \u00e1reas tem\u00e1ticas de inter\u00e9s estudiantil y plataformas pol\u00edticas de Causa Com\u00fan;<\/li>\r\n \t<li aria-level=\"1\">asistir a reuniones comunitarias para aprender sobre la votaci\u00f3n anticipada, el protocolo electoral y lo que se esperar\u00e1 en la primavera.<\/li>\r\n \t<li aria-level=\"1\">trabajar con el personal y el cuerpo docente del campus para construir relaciones que puedan ayudar a involucrar a todo el campus en GOTV;<\/li>\r\n \t<li aria-level=\"1\">crear una entrada de blog o un art\u00edculo de opini\u00f3n;<\/li>\r\n \t<li aria-level=\"1\">abogando por hacer que las votaciones primarias de mitad de per\u00edodo sean m\u00e1s accesibles para los estudiantes.<\/li>\r\n<\/ul>\r\n<strong>Semestre de primavera:<\/strong>\r\n\r\nEn el semestre de primavera, los Democracy Fellows se centrar\u00e1n en construir relaciones y educar a sus pares sobre c\u00f3mo prepararse para las pr\u00f3ximas primarias:\r\n<ul>\r\n \t<li aria-level=\"1\">organizar eventos y debates sobre temas que resalten la importancia del compromiso c\u00edvico y las elecciones locales;<\/li>\r\n \t<li aria-level=\"1\">abogando por hacer que la votaci\u00f3n sea m\u00e1s accesible para los estudiantes.<\/li>\r\n \t<li aria-level=\"1\">Educar y movilizar a los estudiantes para las primarias de 2024.<\/li>\r\n \t<li aria-level=\"1\">difundir informaci\u00f3n sobre proyectos de ley o cambios que tendr\u00e1n un impacto directo en los estudiantes.<\/li>\r\n<\/ul>\r\nSe trata de un compromiso m\u00ednimo de diez horas semanales para el semestre, con la posibilidad de continuar durante un semestre adicional. Los becarios de Democracy Fellows seleccionados recibir\u00e1n $1000 por semestre divididos en tres pagos mensuales (septiembre, octubre y noviembre).\r\n\r\n<i>Oportunidades<\/i>\r\n<ul>\r\n \t<li aria-level=\"1\">Construya relaciones con l\u00edderes estudiantiles en su campus, en su estado y en todo el pa\u00eds;<\/li>\r\n \t<li aria-level=\"1\">Participe en capacitaciones sobre liderazgo y organizaci\u00f3n para prepararse para su futuro trabajo en pol\u00edtica, derecho, defensa, relaciones p\u00fablicas y m\u00e1s;<\/li>\r\n \t<li aria-level=\"1\">Aumente su red de apoyo participando en capacitaciones y sesiones de aprendizaje con l\u00edderes de todo el campo de la democracia y la defensa;<\/li>\r\n \t<li aria-level=\"1\">Desarrollar una relaci\u00f3n de mentor\u00eda con el personal de Common Cause y conexiones con la comunidad de socios de Common Cause.<\/li>\r\n<\/ul>\r\n<i>Responsabilidades\u00a0<\/i>\r\n<ul>\r\n \t<li aria-level=\"1\">Construya una base reclutando y haciendo seguimiento de voluntarios<\/li>\r\n \t<li aria-level=\"1\">Gestionar y participar en el registro de votantes y la difusi\u00f3n comunitaria.<\/li>\r\n \t<li aria-level=\"1\">Participe en capacitaciones, eventos de aprendizaje y registros en campus de Democracy Fellow a nivel estatal y nacional.<\/li>\r\n \t<li aria-level=\"1\">Trabajar en colaboraci\u00f3n con la comunidad y los socios del campus.<\/li>\r\n \t<li aria-level=\"1\">Apoyar y promover la misi\u00f3n de la Alianza de Acci\u00f3n Estudiantil por Causa Com\u00fan<\/li>\r\n \t<li aria-level=\"1\">Difundir informaci\u00f3n sobre los procesos de votaci\u00f3n mediante anuncios en las clases, organizando di\u00e1logos en las residencias universitarias, presentando propuestas y asistiendo a eventos de socios.<\/li>\r\n \t<li aria-level=\"1\">Trabajar en estrecha colaboraci\u00f3n con el personal de Common Cause para desarrollar objetivos individuales y planes de trabajo que est\u00e9n alineados con las fortalezas e intereses de los estudiantes.<\/li>\r\n<\/ul>\r\nUn candidato ideal ser\u00e1\r\n<ul>\r\n \t<li aria-level=\"1\">Demostrar cualidades de liderazgo<\/li>\r\n \t<li aria-level=\"1\">Involucrar a los pares y a la comunidad circundante en el proceso electoral<\/li>\r\n \t<li aria-level=\"1\">Tener fuertes habilidades escritas y verbales.<\/li>\r\n<\/ul>\r\nCont\u00e1ctenos por correo electr\u00f3nico a <a href=\"mailto:youthprograms@commoncause.org\">youthprograms@commoncause.org<\/a>\u00a0 Si tienes alguna pregunta."}},{"acf_fc_layout":"layout_wysiwyg","_acfe_flexible_toggle":"","component_wysiwyg":{"content":"<p style=\"text-align: center;\"><a class=\"button1\" role=\"button\" href=\"https:\/\/docs.google.com\/forms\/d\/e\/1FAIpQLSdTMe4CouG82xz0RlztWBHf54IZv49sW9AySOOveDZni1AXsA\/viewform\" target=\"_blank\" rel=\"noopener\">APLICAR AQU\u00cd<\/a><\/p>"}},{"acf_fc_layout":"layout_video","_acfe_flexible_toggle":"","component_video":{"video":"https:\/\/www.youtube.com\/watch?v=cSHQ0obyfUs","caption":""}}]},"yoast_head":"<!-- This site is optimized with the Yoast SEO Premium plugin v26.6 (Yoast SEO v27.1.1) - https:\/\/yoast.com\/product\/yoast-seo-premium-wordpress\/ -->\n<title>Apply to be a Common Cause NC Democracy Fellow - Common Cause North Carolina<\/title>\n<meta name=\"robots\" content=\"index, follow, max-snippet:-1, max-image-preview:large, max-video-preview:-1\" \/>\n<link rel=\"canonical\" href=\"https:\/\/www.commoncause.org\/north-carolina\/es\/solicite-ser-miembro-de-common-cause-nc-democracy-fellow\/\" \/>\n<meta property=\"og:locale\" content=\"es_MX\" \/>\n<meta property=\"og:type\" content=\"article\" \/>\n<meta property=\"og:title\" content=\"Apply to be a Common Cause NC Democracy Fellow\" \/>\n<meta property=\"og:url\" content=\"https:\/\/www.commoncause.org\/north-carolina\/es\/solicite-ser-miembro-de-common-cause-nc-democracy-fellow\/\" \/>\n<meta property=\"og:site_name\" content=\"Common Cause North Carolina\" \/>\n<meta property=\"article:modified_time\" content=\"2024-06-03T19:41:24+00:00\" \/>\n<meta property=\"og:image\" content=\"https:\/\/www.commoncause.org\/north-carolina\/wp-content\/uploads\/2024\/05\/52089374_10156711304236223_803415147870683136_n.jpg\" \/>\n\t<meta property=\"og:image:width\" content=\"900\" \/>\n\t<meta property=\"og:image:height\" content=\"523\" \/>\n\t<meta property=\"og:image:type\" content=\"image\/jpeg\" \/>\n<meta name=\"twitter:card\" content=\"summary_large_image\" \/>\n<script type=\"application\/ld+json\" class=\"yoast-schema-graph\">{\"@context\":\"https:\/\/schema.org\",\"@graph\":[{\"@type\":\"WebPage\",\"@id\":\"https:\/\/www.commoncause.org\/north-carolina\/apply-to-be-a-common-cause-nc-democracy-fellow\/\",\"url\":\"https:\/\/www.commoncause.org\/north-carolina\/apply-to-be-a-common-cause-nc-democracy-fellow\/\",\"name\":\"Apply to be a Common Cause NC Democracy Fellow - Common Cause North Carolina\",\"isPartOf\":{\"@id\":\"https:\/\/www.commoncause.org\/north-carolina\/#website\"},\"datePublished\":\"2019-05-28T14:48:43+00:00\",\"dateModified\":\"2024-06-03T19:41:24+00:00\",\"breadcrumb\":{\"@id\":\"https:\/\/www.commoncause.org\/north-carolina\/apply-to-be-a-common-cause-nc-democracy-fellow\/#breadcrumb\"},\"inLanguage\":\"es\",\"potentialAction\":[{\"@type\":\"ReadAction\",\"target\":[\"https:\/\/www.commoncause.org\/north-carolina\/apply-to-be-a-common-cause-nc-democracy-fellow\/\"]}]},{\"@type\":\"BreadcrumbList\",\"@id\":\"https:\/\/www.commoncause.org\/north-carolina\/apply-to-be-a-common-cause-nc-democracy-fellow\/#breadcrumb\",\"itemListElement\":[{\"@type\":\"ListItem\",\"position\":1,\"name\":\"Home\",\"item\":\"https:\/\/www.commoncause.org\/north-carolina\/\"},{\"@type\":\"ListItem\",\"position\":2,\"name\":\"Apply to be a Common Cause NC Democracy Fellow\"}]},{\"@type\":\"WebSite\",\"@id\":\"https:\/\/www.commoncause.org\/north-carolina\/#website\",\"url\":\"https:\/\/www.commoncause.org\/north-carolina\/\",\"name\":\"Common Cause North Carolina\",\"description\":\"\",\"potentialAction\":[{\"@type\":\"SearchAction\",\"target\":{\"@type\":\"EntryPoint\",\"urlTemplate\":\"https:\/\/www.commoncause.org\/north-carolina\/?s={search_term_string}\"},\"query-input\":{\"@type\":\"PropertyValueSpecification\",\"valueRequired\":true,\"valueName\":\"search_term_string\"}}],\"inLanguage\":\"es\"}]}<\/script>\n<!-- \/ Yoast SEO Premium plugin. -->","yoast_head_json":{"title":"Solicite ser becario de Common Cause NC Democracy Fellow - Common Cause North Carolina","robots":{"index":"index","follow":"follow","max-snippet":"max-snippet:-1","max-image-preview":"max-image-preview:large","max-video-preview":"max-video-preview:-1"},"canonical":"https:\/\/www.commoncause.org\/north-carolina\/es\/solicite-ser-miembro-de-common-cause-nc-democracy-fellow\/","og_locale":"es_MX","og_type":"article","og_title":"Apply to be a Common Cause NC Democracy Fellow","og_url":"https:\/\/www.commoncause.org\/north-carolina\/es\/solicite-ser-miembro-de-common-cause-nc-democracy-fellow\/","og_site_name":"Common Cause North Carolina","article_modified_time":"2024-06-03T19:41:24+00:00","og_image":[{"width":900,"height":523,"url":"https:\/\/www.commoncause.org\/north-carolina\/wp-content\/uploads\/2024\/05\/52089374_10156711304236223_803415147870683136_n.jpg","type":"image\/jpeg"}],"twitter_card":"summary_large_image","schema":{"@context":"https:\/\/schema.org","@graph":[{"@type":"WebPage","@id":"https:\/\/www.commoncause.org\/north-carolina\/apply-to-be-a-common-cause-nc-democracy-fellow\/","url":"https:\/\/www.commoncause.org\/north-carolina\/apply-to-be-a-common-cause-nc-democracy-fellow\/","name":"Solicite ser becario de Common Cause NC Democracy Fellow - Common Cause North Carolina","isPartOf":{"@id":"https:\/\/www.commoncause.org\/north-carolina\/#website"},"datePublished":"2019-05-28T14:48:43+00:00","dateModified":"2024-06-03T19:41:24+00:00","breadcrumb":{"@id":"https:\/\/www.commoncause.org\/north-carolina\/apply-to-be-a-common-cause-nc-democracy-fellow\/#breadcrumb"},"inLanguage":"es","potentialAction":[{"@type":"ReadAction","target":["https:\/\/www.commoncause.org\/north-carolina\/apply-to-be-a-common-cause-nc-democracy-fellow\/"]}]},{"@type":"BreadcrumbList","@id":"https:\/\/www.commoncause.org\/north-carolina\/apply-to-be-a-common-cause-nc-democracy-fellow\/#breadcrumb","itemListElement":[{"@type":"ListItem","position":1,"name":"Home","item":"https:\/\/www.commoncause.org\/north-carolina\/"},{"@type":"ListItem","position":2,"name":"Apply to be a Common Cause NC Democracy Fellow"}]},{"@type":"WebSite","@id":"https:\/\/www.commoncause.org\/north-carolina\/#website","url":"https:\/\/www.commoncause.org\/north-carolina\/","name":"Causa com\u00fan de Carolina del Norte","description":"","potentialAction":[{"@type":"SearchAction","target":{"@type":"EntryPoint","urlTemplate":"https:\/\/www.commoncause.org\/north-carolina\/?s={search_term_string}"},"query-input":{"@type":"PropertyValueSpecification","valueRequired":true,"valueName":"search_term_string"}}],"inLanguage":"es"}]}},"distributor_meta":false,"distributor_terms":false,"distributor_media":false,"distributor_original_site_name":"Common Cause North Carolina","distributor_original_site_url":"https:\/\/www.commoncause.org\/north-carolina\/es","push-errors":false,"_links":{"self":[{"href":"https:\/\/www.commoncause.org\/north-carolina\/es\/wp-json\/wp\/v2\/pages\/691","targetHints":{"allow":["GET"]}}],"collection":[{"href":"https:\/\/www.commoncause.org\/north-carolina\/es\/wp-json\/wp\/v2\/pages"}],"about":[{"href":"https:\/\/www.commoncause.org\/north-carolina\/es\/wp-json\/wp\/v2\/types\/page"}],"author":[{"embeddable":true,"href":"https:\/\/www.commoncause.org\/north-carolina\/es\/wp-json\/wp\/v2\/users\/22"}],"replies":[{"embeddable":true,"href":"https:\/\/www.commoncause.org\/north-carolina\/es\/wp-json\/wp\/v2\/comments?post=691"}],"version-history":[{"count":2,"href":"https:\/\/www.commoncause.org\/north-carolina\/es\/wp-json\/wp\/v2\/pages\/691\/revisions"}],"predecessor-version":[{"id":985,"href":"https:\/\/www.commoncause.org\/north-carolina\/es\/wp-json\/wp\/v2\/pages\/691\/revisions\/985"}],"wp:attachment":[{"href":"https:\/\/www.commoncause.org\/north-carolina\/es\/wp-json\/wp\/v2\/media?parent=691"}],"curies":[{"name":"Gracias","href":"https:\/\/api.w.org\/{rel}","templated":true}]}}