{"id":691,"date":"2019-05-28T14:48:43","date_gmt":"2019-05-28T14:48:43","guid":{"rendered":"https:\/\/www.commoncause.org\/north-carolina\/apply-to-be-a-common-cause-nc-democracy-fellow\/"},"modified":"2024-06-03T19:41:24","modified_gmt":"2024-06-03T19:41:24","slug":"bewerben-sie-sich-als-common-cause-nc-democracy-fellow","status":"publish","type":"page","link":"https:\/\/www.commoncause.org\/north-carolina\/de\/apply-to-be-a-common-cause-nc-democracy-fellow\/","title":{"rendered":"Bewerben Sie sich als Common Cause NC Democracy Fellow"},"content":{"rendered":"","protected":false},"excerpt":{"rendered":"","protected":false},"author":22,"featured_media":0,"parent":0,"menu_order":0,"comment_status":"closed","ping_status":"closed","template":"","meta":{"_acf_changed":false,"_relevanssi_hide_post":"","_relevanssi_hide_content":"","_relevanssi_pin_for_all":"","_relevanssi_pin_keywords":"","_relevanssi_unpin_keywords":"","_relevanssi_related_keywords":"","_relevanssi_related_include_ids":"","_relevanssi_related_exclude_ids":"","_relevanssi_related_no_append":"","_relevanssi_related_not_related":"","_relevanssi_related_posts":"","_relevanssi_noindex_reason":""},"class_list":["post-691","page","type-page","status-publish","hentry"],"acf":{"header":{"component_page_header":{"header_type":"background","title":"","lead":"","image":17133,"subnavigation":false}},"sidebar":{"helper_enable_sidebar":false,"helper_media_contact":{"heading":"Media Contact","manually_enter_person":false,"person":"","name":"","role":"","phone":"","email":""},"helper_links_downloads":{"heading":"Links & Downloads","links":null}},"page_layout":[{"acf_fc_layout":"layout_wysiwyg","_acfe_flexible_toggle":"","component_wysiwyg":{"content":"<h3>Gemeinsame Ursache North Carolina HBCU Demokratie Fellowship<\/h3>\r\n<i>Democracy Fellows arbeiten eng mit Mitarbeitern und Freiwilligen von Common Cause zusammen, um das b\u00fcrgerschaftliche Engagement zu f\u00f6rdern und den Wert einer lebenslangen Teilnahme an der Demokratie auf ihrem Campus und in den umliegenden Gemeinden zu f\u00f6rdern. Derzeit haben wir Fellows in Georgia, Maryland, Mississippi und North Carolina.\u00a0<\/i>\r\n\r\nIn unserem Organisationsmodell stehen junge Menschen, insbesondere junge Menschen mit dunkler Hautfarbe, und ihre Erfahrungen mit der Teilnahme an der Demokratie im Mittelpunkt. Wir arbeiten daran, eine multiethnische Basis junger Menschen aufzubauen, die bereit sind, ihre Stimme zu erheben und Ma\u00dfnahmen zu ergreifen, um eine gerechtere und fairere Demokratie zu schaffen.\r\n\r\n<strong>Herbstsemester:\u00a0\u00a0<\/strong>\r\n\r\nIm Herbstsemester werden Democracy Fellows, deren Campus <b>haben<\/b> Bei den Wahlen im Herbst wird der Schwerpunkt auf die Erh\u00f6hung der Wahlbeteiligung der Studierenden durch folgende Ma\u00dfnahmen gelegt:\r\n<ul>\r\n \t<li aria-level=\"1\">kreative Kommunikation mit Gleichaltrigen \u00fcber die Bedeutung des Wahlrechts und der Mitsprache der Studierenden bei Entscheidungen, die ihren Alltag, ihre Zukunft und unsere Campusse betreffen.<\/li>\r\n \t<li aria-level=\"1\">Verbreitung von Informationen \u00fcber den Wahlvorgang (W\u00e4hlerregistrierung, Beantragung von Briefwahlunterlagen, Zugang zu Wahllokalen, vorzeitige Stimmabgabe usw.).<\/li>\r\n \t<li aria-level=\"1\">Teilnahme an Gemeindeversammlungen, um sich \u00fcber die vorzeitige Stimmabgabe, das Wahlprotokoll und die Standorte der Wahllokale zu informieren;<\/li>\r\n \t<li aria-level=\"1\">Zusammenarbeit mit dem Campuspersonal und den Lehrkr\u00e4ften, um Beziehungen aufzubauen, die dazu beitragen k\u00f6nnen, den gesamten Campus in GOTV einzubinden;<\/li>\r\n \t<li aria-level=\"1\">Rekrutierung von Freiwilligen f\u00fcr GOTV-Rollen (Textbanker, Wahlhelfer, Wahlbeobachter usw.)<\/li>\r\n<\/ul>\r\nIm Herbstsemester werden Democracy Fellows, deren Campus <b>hat nicht <\/b>Im Mittelpunkt eines Wahlzyklus steht die Schaffung einer b\u00fcrgerschaftlich engagierten Campus-Gemeinschaft durch:\r\n<ul>\r\n \t<li aria-level=\"1\">Ausrichtung von Veranstaltungen, die Sch\u00fcler auf die Vorwahlen zur Halbzeit vorbereiten;<\/li>\r\n \t<li aria-level=\"1\">Kontaktaufnahme mit Studierenden zu Themenbereichen von studentischem Interesse und zu Common Cause-Politikplattformen;<\/li>\r\n \t<li aria-level=\"1\">Teilnahme an Gemeindeversammlungen, um sich \u00fcber die vorzeitige Stimmabgabe, das Wahlprotokoll und die Erwartungen im Fr\u00fchjahr zu informieren.<\/li>\r\n \t<li aria-level=\"1\">Zusammenarbeit mit dem Campuspersonal und den Lehrkr\u00e4ften, um Beziehungen aufzubauen, die dazu beitragen k\u00f6nnen, den gesamten Campus in GOTV einzubinden;<\/li>\r\n \t<li aria-level=\"1\">Erstellen eines Blogbeitrags oder OpEd;<\/li>\r\n \t<li aria-level=\"1\">Wir pl\u00e4dieren daf\u00fcr, die Abstimmung bei den Zwischenwahlen f\u00fcr Studierende zug\u00e4nglicher zu machen.<\/li>\r\n<\/ul>\r\n<strong>Fr\u00fchjahrssemester:<\/strong>\r\n\r\nIm Fr\u00fchjahrssemester konzentrieren sich die Democracy Fellows darauf, Beziehungen aufzubauen und ihre Kollegen dar\u00fcber zu unterrichten, wie sie sich auf die bevorstehenden Vorwahlen vorbereiten k\u00f6nnen:\r\n<ul>\r\n \t<li aria-level=\"1\">Durchf\u00fchrung von Veranstaltungen und Diskussionen zu Themen, die die Bedeutung b\u00fcrgerschaftlichen Engagements und der Wahlen zu niedrigeren Stimmzetteln hervorheben;<\/li>\r\n \t<li aria-level=\"1\">daf\u00fcr eintreten, das W\u00e4hlen f\u00fcr Studierende zug\u00e4nglicher zu machen.<\/li>\r\n \t<li aria-level=\"1\">Aufkl\u00e4rung und Mobilisierung der Sch\u00fcler f\u00fcr die Vorwahlen 2024.<\/li>\r\n \t<li aria-level=\"1\">Verbreitung von Informationen zu Gesetzesentw\u00fcrfen oder \u00c4nderungen, die direkte Auswirkungen auf die Studierenden haben.<\/li>\r\n<\/ul>\r\nDies ist eine Verpflichtung von mindestens zehn Stunden pro Woche f\u00fcr das Semester mit der M\u00f6glichkeit, ein weiteres Semester fortzusetzen. Ausgew\u00e4hlte Democracy Fellows erhalten $1000 pro Semester, aufgeteilt in drei monatliche Zahlungen (September, Oktober und November).\r\n\r\n<i>Gelegenheiten<\/i>\r\n<ul>\r\n \t<li aria-level=\"1\">Bauen Sie Beziehungen zu Studentenf\u00fchrern auf Ihrem Campus, in Ihrem Bundesstaat und im ganzen Land auf.<\/li>\r\n \t<li aria-level=\"1\">Nehmen Sie an Schulungen zu F\u00fchrung und Organisation teil, um sich auf Ihre zuk\u00fcnftige T\u00e4tigkeit in Politik, Recht, Interessenvertretung, \u00d6ffentlichkeitsarbeit und mehr vorzubereiten;<\/li>\r\n \t<li aria-level=\"1\">Erweitern Sie Ihr Advocacy-Netzwerk, indem Sie an Schulungen und Lernsitzungen von F\u00fchrungspers\u00f6nlichkeiten aus dem gesamten Bereich Demokratie und Advocacy teilnehmen.<\/li>\r\n \t<li aria-level=\"1\">Bauen Sie eine Mentorenbeziehung zu den Mitarbeitern von Common Cause und Kontakte zur Partner-Community von Common Cause auf.<\/li>\r\n<\/ul>\r\n<i>Aufgaben\u00a0<\/i>\r\n<ul>\r\n \t<li aria-level=\"1\">Bauen Sie eine Basis auf, indem Sie Freiwillige rekrutieren und verfolgen<\/li>\r\n \t<li aria-level=\"1\">Verwalten und beteiligen Sie sich an der W\u00e4hlerregistrierung und der \u00d6ffentlichkeitsarbeit<\/li>\r\n \t<li aria-level=\"1\">Nehmen Sie an landesweiten und nationalen Democracy Fellow-Schulungen, Lernveranstaltungen und Campus-Check-Ins teil<\/li>\r\n \t<li aria-level=\"1\">Arbeiten Sie mit Community- und Campus-Partnern zusammen<\/li>\r\n \t<li aria-level=\"1\">Unterst\u00fctzen und f\u00f6rdern Sie die Mission der Common Cause Student Action Alliance<\/li>\r\n \t<li aria-level=\"1\">Verbreiten Sie Informationen \u00fcber die Abstimmungsprozesse, indem Sie Unterrichtsank\u00fcndigungen machen, Dialoge im Wohnheim organisieren, Vorschl\u00e4ge einreichen und an Partnerveranstaltungen teilnehmen.<\/li>\r\n \t<li aria-level=\"1\">Arbeiten Sie eng mit dem Personal von Common Cause zusammen, um individuelle Ziele und Arbeitspl\u00e4ne zu entwickeln, die den St\u00e4rken und Interessen der Sch\u00fcler entsprechen.<\/li>\r\n<\/ul>\r\nDer ideale Kandidat wird\r\n<ul>\r\n \t<li aria-level=\"1\">F\u00fchrungsqualit\u00e4ten demonstrieren<\/li>\r\n \t<li aria-level=\"1\">Beteiligen Sie Gleichaltrige und die umliegende Gemeinde am Wahlprozess<\/li>\r\n \t<li aria-level=\"1\">Verf\u00fcgen \u00fcber gute schriftliche und m\u00fcndliche F\u00e4higkeiten<\/li>\r\n<\/ul>\r\nKontaktieren Sie uns per E-Mail unter <a href=\"mailto:youthprograms@commoncause.org\">youthprograms@commoncause.org<\/a>\u00a0 wenn Sie Fragen haben."}},{"acf_fc_layout":"layout_wysiwyg","_acfe_flexible_toggle":"","component_wysiwyg":{"content":"<p style=\"text-align: center;\"><a class=\"button1\" role=\"button\" href=\"https:\/\/docs.google.com\/forms\/d\/e\/1FAIpQLSdTMe4CouG82xz0RlztWBHf54IZv49sW9AySOOveDZni1AXsA\/viewform\" target=\"_blank\" rel=\"noopener\">BEWERBEN SIE SICH HIER<\/a><\/p>"}},{"acf_fc_layout":"layout_video","_acfe_flexible_toggle":"","component_video":{"video":"https:\/\/www.youtube.com\/watch?v=cSHQ0obyfUs","caption":""}}]},"yoast_head":"<!-- This site is optimized with the Yoast SEO Premium plugin v26.6 (Yoast SEO v27.1.1) - https:\/\/yoast.com\/product\/yoast-seo-premium-wordpress\/ -->\n<title>Apply to be a Common Cause NC Democracy Fellow - Common Cause North Carolina<\/title>\n<meta name=\"robots\" content=\"index, follow, max-snippet:-1, max-image-preview:large, max-video-preview:-1\" \/>\n<link rel=\"canonical\" href=\"https:\/\/www.commoncause.org\/north-carolina\/de\/bewerben-sie-sich-als-common-cause-nc-democracy-fellow\/\" \/>\n<meta property=\"og:locale\" content=\"de_DE\" \/>\n<meta property=\"og:type\" content=\"article\" \/>\n<meta property=\"og:title\" content=\"Apply to be a Common Cause NC Democracy Fellow\" \/>\n<meta property=\"og:url\" content=\"https:\/\/www.commoncause.org\/north-carolina\/de\/bewerben-sie-sich-als-common-cause-nc-democracy-fellow\/\" \/>\n<meta property=\"og:site_name\" content=\"Common Cause North Carolina\" \/>\n<meta property=\"article:modified_time\" content=\"2024-06-03T19:41:24+00:00\" \/>\n<meta property=\"og:image\" content=\"https:\/\/www.commoncause.org\/north-carolina\/wp-content\/uploads\/2024\/05\/52089374_10156711304236223_803415147870683136_n.jpg\" \/>\n\t<meta property=\"og:image:width\" content=\"900\" \/>\n\t<meta property=\"og:image:height\" content=\"523\" \/>\n\t<meta property=\"og:image:type\" content=\"image\/jpeg\" \/>\n<meta name=\"twitter:card\" content=\"summary_large_image\" \/>\n<script type=\"application\/ld+json\" class=\"yoast-schema-graph\">{\"@context\":\"https:\/\/schema.org\",\"@graph\":[{\"@type\":\"WebPage\",\"@id\":\"https:\/\/www.commoncause.org\/north-carolina\/apply-to-be-a-common-cause-nc-democracy-fellow\/\",\"url\":\"https:\/\/www.commoncause.org\/north-carolina\/apply-to-be-a-common-cause-nc-democracy-fellow\/\",\"name\":\"Apply to be a Common Cause NC Democracy Fellow - Common Cause North Carolina\",\"isPartOf\":{\"@id\":\"https:\/\/www.commoncause.org\/north-carolina\/#website\"},\"datePublished\":\"2019-05-28T14:48:43+00:00\",\"dateModified\":\"2024-06-03T19:41:24+00:00\",\"breadcrumb\":{\"@id\":\"https:\/\/www.commoncause.org\/north-carolina\/apply-to-be-a-common-cause-nc-democracy-fellow\/#breadcrumb\"},\"inLanguage\":\"de\",\"potentialAction\":[{\"@type\":\"ReadAction\",\"target\":[\"https:\/\/www.commoncause.org\/north-carolina\/apply-to-be-a-common-cause-nc-democracy-fellow\/\"]}]},{\"@type\":\"BreadcrumbList\",\"@id\":\"https:\/\/www.commoncause.org\/north-carolina\/apply-to-be-a-common-cause-nc-democracy-fellow\/#breadcrumb\",\"itemListElement\":[{\"@type\":\"ListItem\",\"position\":1,\"name\":\"Home\",\"item\":\"https:\/\/www.commoncause.org\/north-carolina\/\"},{\"@type\":\"ListItem\",\"position\":2,\"name\":\"Apply to be a Common Cause NC Democracy Fellow\"}]},{\"@type\":\"WebSite\",\"@id\":\"https:\/\/www.commoncause.org\/north-carolina\/#website\",\"url\":\"https:\/\/www.commoncause.org\/north-carolina\/\",\"name\":\"Common Cause North Carolina\",\"description\":\"\",\"potentialAction\":[{\"@type\":\"SearchAction\",\"target\":{\"@type\":\"EntryPoint\",\"urlTemplate\":\"https:\/\/www.commoncause.org\/north-carolina\/?s={search_term_string}\"},\"query-input\":{\"@type\":\"PropertyValueSpecification\",\"valueRequired\":true,\"valueName\":\"search_term_string\"}}],\"inLanguage\":\"de\"}]}<\/script>\n<!-- \/ Yoast SEO Premium plugin. -->","yoast_head_json":{"title":"Bewerben Sie sich als Common Cause NC Democracy Fellow - Common Cause North Carolina","robots":{"index":"index","follow":"follow","max-snippet":"max-snippet:-1","max-image-preview":"max-image-preview:large","max-video-preview":"max-video-preview:-1"},"canonical":"https:\/\/www.commoncause.org\/north-carolina\/de\/bewerben-sie-sich-als-common-cause-nc-democracy-fellow\/","og_locale":"de_DE","og_type":"article","og_title":"Apply to be a Common Cause NC Democracy Fellow","og_url":"https:\/\/www.commoncause.org\/north-carolina\/de\/bewerben-sie-sich-als-common-cause-nc-democracy-fellow\/","og_site_name":"Common Cause North Carolina","article_modified_time":"2024-06-03T19:41:24+00:00","og_image":[{"width":900,"height":523,"url":"https:\/\/www.commoncause.org\/north-carolina\/wp-content\/uploads\/2024\/05\/52089374_10156711304236223_803415147870683136_n.jpg","type":"image\/jpeg"}],"twitter_card":"summary_large_image","schema":{"@context":"https:\/\/schema.org","@graph":[{"@type":"WebPage","@id":"https:\/\/www.commoncause.org\/north-carolina\/apply-to-be-a-common-cause-nc-democracy-fellow\/","url":"https:\/\/www.commoncause.org\/north-carolina\/apply-to-be-a-common-cause-nc-democracy-fellow\/","name":"Bewerben Sie sich als Common Cause NC Democracy Fellow - Common Cause North Carolina","isPartOf":{"@id":"https:\/\/www.commoncause.org\/north-carolina\/#website"},"datePublished":"2019-05-28T14:48:43+00:00","dateModified":"2024-06-03T19:41:24+00:00","breadcrumb":{"@id":"https:\/\/www.commoncause.org\/north-carolina\/apply-to-be-a-common-cause-nc-democracy-fellow\/#breadcrumb"},"inLanguage":"de","potentialAction":[{"@type":"ReadAction","target":["https:\/\/www.commoncause.org\/north-carolina\/apply-to-be-a-common-cause-nc-democracy-fellow\/"]}]},{"@type":"BreadcrumbList","@id":"https:\/\/www.commoncause.org\/north-carolina\/apply-to-be-a-common-cause-nc-democracy-fellow\/#breadcrumb","itemListElement":[{"@type":"ListItem","position":1,"name":"Home","item":"https:\/\/www.commoncause.org\/north-carolina\/"},{"@type":"ListItem","position":2,"name":"Apply to be a Common Cause NC Democracy Fellow"}]},{"@type":"WebSite","@id":"https:\/\/www.commoncause.org\/north-carolina\/#website","url":"https:\/\/www.commoncause.org\/north-carolina\/","name":"Gemeinsame Sache, North Carolina","description":"","potentialAction":[{"@type":"SearchAction","target":{"@type":"EntryPoint","urlTemplate":"https:\/\/www.commoncause.org\/north-carolina\/?s={search_term_string}"},"query-input":{"@type":"PropertyValueSpecification","valueRequired":true,"valueName":"search_term_string"}}],"inLanguage":"de"}]}},"distributor_meta":false,"distributor_terms":false,"distributor_media":false,"distributor_original_site_name":"Common Cause North Carolina","distributor_original_site_url":"https:\/\/www.commoncause.org\/north-carolina\/de","push-errors":false,"_links":{"self":[{"href":"https:\/\/www.commoncause.org\/north-carolina\/de\/wp-json\/wp\/v2\/pages\/691","targetHints":{"allow":["GET"]}}],"collection":[{"href":"https:\/\/www.commoncause.org\/north-carolina\/de\/wp-json\/wp\/v2\/pages"}],"about":[{"href":"https:\/\/www.commoncause.org\/north-carolina\/de\/wp-json\/wp\/v2\/types\/page"}],"author":[{"embeddable":true,"href":"https:\/\/www.commoncause.org\/north-carolina\/de\/wp-json\/wp\/v2\/users\/22"}],"replies":[{"embeddable":true,"href":"https:\/\/www.commoncause.org\/north-carolina\/de\/wp-json\/wp\/v2\/comments?post=691"}],"version-history":[{"count":2,"href":"https:\/\/www.commoncause.org\/north-carolina\/de\/wp-json\/wp\/v2\/pages\/691\/revisions"}],"predecessor-version":[{"id":985,"href":"https:\/\/www.commoncause.org\/north-carolina\/de\/wp-json\/wp\/v2\/pages\/691\/revisions\/985"}],"wp:attachment":[{"href":"https:\/\/www.commoncause.org\/north-carolina\/de\/wp-json\/wp\/v2\/media?parent=691"}],"curies":[{"name":"wp","href":"https:\/\/api.w.org\/{rel}","templated":true}]}}