{"id":2568,"date":"2025-04-04T12:04:43","date_gmt":"2025-04-04T16:04:43","guid":{"rendered":"https:\/\/www.commoncause.org\/north-carolina\/?page_id=2568"},"modified":"2025-04-04T12:04:43","modified_gmt":"2025-04-04T16:04:43","slug":"gesichter-der-greifliste","status":"publish","type":"page","link":"https:\/\/www.commoncause.org\/north-carolina\/de\/faces-of-the-griffin-list\/","title":{"rendered":"Gesichter der Griffin-Liste"},"content":{"rendered":"","protected":false},"excerpt":{"rendered":"","protected":false},"author":22,"featured_media":0,"parent":0,"menu_order":0,"comment_status":"closed","ping_status":"closed","template":"","meta":{"_acf_changed":false,"_relevanssi_hide_post":"","_relevanssi_hide_content":"","_relevanssi_pin_for_all":"","_relevanssi_pin_keywords":"","_relevanssi_unpin_keywords":"","_relevanssi_related_keywords":"","_relevanssi_related_include_ids":"","_relevanssi_related_exclude_ids":"","_relevanssi_related_no_append":"","_relevanssi_related_not_related":"","_relevanssi_related_posts":"","_relevanssi_noindex_reason":""},"class_list":["post-2568","page","type-page","status-publish","hentry"],"acf":{"header":{"component_page_header":{"header_type":"background","title":"","lead":"Meet some of the 66,000 North Carolinians whose votes are unjustly challenged by sore loser Jefferson Griffin","image":26995,"subnavigation":false}},"sidebar":{"helper_enable_sidebar":false,"helper_media_contact":{"heading":"Media Contact","manually_enter_person":false,"person":"","name":"","role":"","phone":"","email":""},"helper_links_downloads":{"heading":"Links & Downloads","links":null}},"page_layout":[{"acf_fc_layout":"layout_wysiwyg","_acfe_flexible_toggle":"","component_wysiwyg":{"content":"Mehrere Nachz\u00e4hlungen haben eindeutig best\u00e4tigt, dass Jefferson Griffin die Wahl zum Obersten Gerichtshof von North Carolina 2024 verloren hat. Doch anstatt den Willen der W\u00e4hler zu akzeptieren, versucht Griffin auf unversch\u00e4mte Weise, die rechtm\u00e4\u00dfigen Stimmzettel von 66.000 Einwohnern North Carolinas zu annullieren und die Wahl zu kippen. Hier sind die Geschichten einiger der Zehntausenden Einwohner North Carolinas, die zu Unrecht von Griffins sch\u00e4ndlichem Plan betroffen waren.\r\n\r\n<strong>Wird Ihre Stimme von Griffin angefochten? <\/strong><a href=\"https:\/\/airtable.com\/appSAYNy6dW94Jm1g\/pagq1Y8lGDSCNYjiu\/form\" target=\"_blank\" rel=\"noopener\"><strong>Senden Sie Ihre Geschichte hier.<\/strong><\/a>"}},{"acf_fc_layout":"layout_basic_html","_acfe_flexible_toggle":"","component_basic_html":{"heading":"","code":"<iframe class=\"airtable-embed\" src=\"https:\/\/airtable.com\/embed\/appSAYNy6dW94Jm1g\/shrF6zJb2jbIdjJcF\" frameborder=\"0\" onmousewheel=\"\" width=\"100%\" height=\"533\" style=\"background: transparent; border: 1px solid #ccc;\"><\/iframe>","width":"narrow"}},{"acf_fc_layout":"layout_wysiwyg","_acfe_flexible_toggle":"","component_wysiwyg":{"content":"<strong>MEHR:<\/strong>\r\n\r\n<a href=\"https:\/\/ccnc.me\/griffinlist\" target=\"_blank\" rel=\"noopener\"><strong>Finden Sie heraus, ob Ihre Stimme oder die Stimme einer Ihnen bekannten Person von Griffin angefochten wird<\/strong><\/a>\r\n\r\n<a href=\"https:\/\/www.commoncause.org\/north-carolina\/de\/greif\/\"><strong>Erfahren Sie mehr und ergreifen Sie Ma\u00dfnahmen zum Schutz der Wahlfreiheit aller<\/strong><\/a>"}}]},"yoast_head":"<!-- This site is optimized with the Yoast SEO Premium plugin v26.6 (Yoast SEO v27.1.1) - https:\/\/yoast.com\/product\/yoast-seo-premium-wordpress\/ -->\n<title>Faces of the Griffin List - Common Cause North Carolina<\/title>\n<meta name=\"robots\" content=\"index, follow, max-snippet:-1, max-image-preview:large, max-video-preview:-1\" \/>\n<link rel=\"canonical\" href=\"https:\/\/www.commoncause.org\/north-carolina\/de\/gesichter-der-greifliste\/\" \/>\n<meta property=\"og:locale\" content=\"de_DE\" \/>\n<meta property=\"og:type\" content=\"article\" \/>\n<meta property=\"og:title\" content=\"Faces of the Griffin List\" \/>\n<meta property=\"og:url\" content=\"https:\/\/www.commoncause.org\/north-carolina\/de\/gesichter-der-greifliste\/\" \/>\n<meta property=\"og:site_name\" content=\"Common Cause North Carolina\" \/>\n<meta property=\"og:image\" content=\"https:\/\/www.commoncause.org\/north-carolina\/wp-content\/uploads\/2024\/08\/common-cause-share-image.png\" \/>\n\t<meta property=\"og:image:width\" content=\"1200\" \/>\n\t<meta property=\"og:image:height\" content=\"630\" \/>\n\t<meta property=\"og:image:type\" content=\"image\/png\" \/>\n<meta name=\"twitter:card\" content=\"summary_large_image\" \/>\n<script type=\"application\/ld+json\" class=\"yoast-schema-graph\">{\"@context\":\"https:\/\/schema.org\",\"@graph\":[{\"@type\":\"WebPage\",\"@id\":\"https:\/\/www.commoncause.org\/north-carolina\/faces-of-the-griffin-list\/\",\"url\":\"https:\/\/www.commoncause.org\/north-carolina\/faces-of-the-griffin-list\/\",\"name\":\"Faces of the Griffin List - Common Cause North Carolina\",\"isPartOf\":{\"@id\":\"https:\/\/www.commoncause.org\/north-carolina\/#website\"},\"datePublished\":\"2025-04-04T16:04:43+00:00\",\"breadcrumb\":{\"@id\":\"https:\/\/www.commoncause.org\/north-carolina\/faces-of-the-griffin-list\/#breadcrumb\"},\"inLanguage\":\"de\",\"potentialAction\":[{\"@type\":\"ReadAction\",\"target\":[\"https:\/\/www.commoncause.org\/north-carolina\/faces-of-the-griffin-list\/\"]}]},{\"@type\":\"BreadcrumbList\",\"@id\":\"https:\/\/www.commoncause.org\/north-carolina\/faces-of-the-griffin-list\/#breadcrumb\",\"itemListElement\":[{\"@type\":\"ListItem\",\"position\":1,\"name\":\"Home\",\"item\":\"https:\/\/www.commoncause.org\/north-carolina\/\"},{\"@type\":\"ListItem\",\"position\":2,\"name\":\"Faces of the Griffin List\"}]},{\"@type\":\"WebSite\",\"@id\":\"https:\/\/www.commoncause.org\/north-carolina\/#website\",\"url\":\"https:\/\/www.commoncause.org\/north-carolina\/\",\"name\":\"Common Cause North Carolina\",\"description\":\"\",\"potentialAction\":[{\"@type\":\"SearchAction\",\"target\":{\"@type\":\"EntryPoint\",\"urlTemplate\":\"https:\/\/www.commoncause.org\/north-carolina\/?s={search_term_string}\"},\"query-input\":{\"@type\":\"PropertyValueSpecification\",\"valueRequired\":true,\"valueName\":\"search_term_string\"}}],\"inLanguage\":\"de\"}]}<\/script>\n<!-- \/ Yoast SEO Premium plugin. -->","yoast_head_json":{"title":"Gesichter der Griffin-Liste - Common Cause North Carolina","robots":{"index":"index","follow":"follow","max-snippet":"max-snippet:-1","max-image-preview":"max-image-preview:large","max-video-preview":"max-video-preview:-1"},"canonical":"https:\/\/www.commoncause.org\/north-carolina\/de\/gesichter-der-greifliste\/","og_locale":"de_DE","og_type":"article","og_title":"Faces of the Griffin List","og_url":"https:\/\/www.commoncause.org\/north-carolina\/de\/gesichter-der-greifliste\/","og_site_name":"Common Cause North Carolina","og_image":[{"width":1200,"height":630,"url":"https:\/\/www.commoncause.org\/north-carolina\/wp-content\/uploads\/2024\/08\/common-cause-share-image.png","type":"image\/png"}],"twitter_card":"summary_large_image","schema":{"@context":"https:\/\/schema.org","@graph":[{"@type":"WebPage","@id":"https:\/\/www.commoncause.org\/north-carolina\/faces-of-the-griffin-list\/","url":"https:\/\/www.commoncause.org\/north-carolina\/faces-of-the-griffin-list\/","name":"Gesichter der Griffin-Liste - Common Cause North Carolina","isPartOf":{"@id":"https:\/\/www.commoncause.org\/north-carolina\/#website"},"datePublished":"2025-04-04T16:04:43+00:00","breadcrumb":{"@id":"https:\/\/www.commoncause.org\/north-carolina\/faces-of-the-griffin-list\/#breadcrumb"},"inLanguage":"de","potentialAction":[{"@type":"ReadAction","target":["https:\/\/www.commoncause.org\/north-carolina\/faces-of-the-griffin-list\/"]}]},{"@type":"BreadcrumbList","@id":"https:\/\/www.commoncause.org\/north-carolina\/faces-of-the-griffin-list\/#breadcrumb","itemListElement":[{"@type":"ListItem","position":1,"name":"Home","item":"https:\/\/www.commoncause.org\/north-carolina\/"},{"@type":"ListItem","position":2,"name":"Faces of the Griffin List"}]},{"@type":"WebSite","@id":"https:\/\/www.commoncause.org\/north-carolina\/#website","url":"https:\/\/www.commoncause.org\/north-carolina\/","name":"Gemeinsame Sache, North Carolina","description":"","potentialAction":[{"@type":"SearchAction","target":{"@type":"EntryPoint","urlTemplate":"https:\/\/www.commoncause.org\/north-carolina\/?s={search_term_string}"},"query-input":{"@type":"PropertyValueSpecification","valueRequired":true,"valueName":"search_term_string"}}],"inLanguage":"de"}]}},"distributor_meta":false,"distributor_terms":false,"distributor_media":false,"distributor_original_site_name":"Common Cause North Carolina","distributor_original_site_url":"https:\/\/www.commoncause.org\/north-carolina\/de","push-errors":false,"_links":{"self":[{"href":"https:\/\/www.commoncause.org\/north-carolina\/de\/wp-json\/wp\/v2\/pages\/2568","targetHints":{"allow":["GET"]}}],"collection":[{"href":"https:\/\/www.commoncause.org\/north-carolina\/de\/wp-json\/wp\/v2\/pages"}],"about":[{"href":"https:\/\/www.commoncause.org\/north-carolina\/de\/wp-json\/wp\/v2\/types\/page"}],"author":[{"embeddable":true,"href":"https:\/\/www.commoncause.org\/north-carolina\/de\/wp-json\/wp\/v2\/users\/22"}],"replies":[{"embeddable":true,"href":"https:\/\/www.commoncause.org\/north-carolina\/de\/wp-json\/wp\/v2\/comments?post=2568"}],"version-history":[{"count":12,"href":"https:\/\/www.commoncause.org\/north-carolina\/de\/wp-json\/wp\/v2\/pages\/2568\/revisions"}],"predecessor-version":[{"id":2588,"href":"https:\/\/www.commoncause.org\/north-carolina\/de\/wp-json\/wp\/v2\/pages\/2568\/revisions\/2588"}],"wp:attachment":[{"href":"https:\/\/www.commoncause.org\/north-carolina\/de\/wp-json\/wp\/v2\/media?parent=2568"}],"curies":[{"name":"wp","href":"https:\/\/api.w.org\/{rel}","templated":true}]}}