{"id":25,"date":"2024-05-07T13:50:58","date_gmt":"2024-05-07T13:50:58","guid":{"rendered":"https:\/\/www.commoncause.org\/new-york\/education-fund\/"},"modified":"2024-05-07T13:50:58","modified_gmt":"2024-05-07T13:50:58","slug":"fondi-arsimor","status":"publish","type":"page","link":"https:\/\/www.commoncause.org\/new-york\/sq\/education-fund\/","title":{"rendered":"Mb\u00ebshtet Kauz\u00ebn e P\u00ebrbashk\u00ebt"},"content":{"rendered":"","protected":false},"excerpt":{"rendered":"","protected":false},"author":1,"featured_media":0,"parent":0,"menu_order":0,"comment_status":"closed","ping_status":"closed","template":"","meta":{"_acf_changed":false,"_relevanssi_hide_post":"","_relevanssi_hide_content":"","_relevanssi_pin_for_all":"","_relevanssi_pin_keywords":"","_relevanssi_unpin_keywords":"","_relevanssi_related_keywords":"","_relevanssi_related_include_ids":"","_relevanssi_related_exclude_ids":"","_relevanssi_related_no_append":"","_relevanssi_related_not_related":"","_relevanssi_related_posts":"","_relevanssi_noindex_reason":""},"class_list":["post-25","page","type-page","status-publish","hentry"],"acf":{"header":{"component_page_header":{"header_type":"background","title":"B\u00ebni nj\u00eb donacion t\u00eb zbritsh\u00ebm nga taksat","lead":"","image":"","subnavigation":false}},"sidebar":{"helper_enable_sidebar":false,"helper_media_contact":{"heading":"","manually_enter_person":false,"person":"","name":"","role":"","phone":"","email":""},"helper_links_downloads":{"heading":"","links":null}},"page_layout":[{"acf_fc_layout":"layout_wysiwyg","_acfe_flexible_toggle":"","component_wysiwyg":{"content":"<a href=\"https:\/\/www.guidestar.org\/profile\/shared\/75cd21f5-907e-4302-974c-02a0cf53e8d5\" target=\"_blank\" rel=\"noopener\"><img class=\"alignright\" src=\"https:\/\/widgets.guidestar.org\/TransparencySeal\/7349865\" \/><\/a>Fondi i Arsimit t\u00eb Kauz\u00ebs s\u00eb P\u00ebrbashk\u00ebt p\u00ebrdor angazhimin qytetar, hulumtimin e politikave, proceset gjyq\u00ebsore dhe mjete t\u00eb tjera p\u00ebr t\u00eb nd\u00ebrtuar nj\u00eb qeveri t\u00eb hapur, t\u00eb ndershme dhe t\u00eb p\u00ebrgjegjshme. Dhurata juaj e zbritshme nga taksat na lejon t\u00eb vazhdojm\u00eb t\u00eb fuqizojm\u00eb njer\u00ebzit e zakonsh\u00ebm p\u00ebr t\u00eb b\u00ebr\u00eb z\u00ebrin e tyre t\u00eb d\u00ebgjohet n\u00eb procesin demokratik.\r\n\r\n<a href=\"https:\/\/www.charitynavigator.org\/ein\/311705370\"><img class=\"alignright\" src=\"https:\/\/www.commoncause.org\/wp-content\/uploads\/2024\/05\/Four-Star-Rating-Badge-1.svg\" alt=\"Distinktivi i vler\u00ebsimit t\u00eb Charity Navigator me 4 yje\" width=\"133\" height=\"133\" \/><\/a>Common Cause Education Fund \u00ebsht\u00eb krenar q\u00eb ka nj\u00eb vler\u00ebsim t\u00eb p\u00ebrsosur me 4 yje nga Charity Navigator dhe nj\u00eb vul\u00eb t\u00eb art\u00eb transparence nga Guidestar."}},{"acf_fc_layout":"layout_basic_html","_acfe_flexible_toggle":"","component_basic_html":{"heading":"Support Common Cause Education Fund","code":"<!-- The script tags need to be included once per page where embeds appear. Putting it in the <head> tag will be fastest. -->\r\n<script>function abConfigure(c) {window.actblueConfig = c}<\/script>\r\n<script src=\"https:\/\/secure.actblue.com\/cf\/assets\/actblue.js\" async data-ab-source=\"snippet-20240607\"><\/script>\r\n<script>\r\n  actblue.addEventListener('contribute', function (contribution) {\r\n    window.dataLayer = window.dataLayer || [];\r\n    dataLayer.push({\r\n      event: 'transaction',\r\n      transaction_id: contribution.order_number,\r\n      currency: 'USD',\r\n      value: contribution.amount \/ 100, \/\/ convert from cents\r\n      ecommerce: {\r\n        transaction_id: contribution.order_number,\r\n        currency: 'USD',\r\n        value: contribution.amount \/ 100,\r\n        items: [{\r\n          item_name: contribution.name,\r\n          item_category: contribution.recurring ? 'recurring' : 'one-time',\r\n          quantity: 1,\r\n          price: contribution.amount \/ 100\r\n        }]\r\n      }\r\n    });\r\n  });\r\n<\/script>\r\n<!-- Google Tag Manager -->\r\n<script>(function(w,d,s,l,i){w[l]=w[l]||[];w[l].push({'gtm.start':\r\nnew Date().getTime(),event:'gtm.js'});var f=d.getElementsByTagName(s)[0],\r\nj=d.createElement(s),dl=l!='dataLayer'?'&l='+l:'';j.async=true;j.src=\r\n'https:\/\/www.googletagmanager.com\/gtm.js?id='+i+dl;f.parentNode.insertBefore(j,f);\r\n})(window,document,'script','dataLayer','GTM-PH9XXW5X');<\/script>\r\n<!-- End Google Tag Manager -->\r\n<!-- This div should be included in the page where you want the form to appear. -->\r\n<div data-ab-form\r\n data-ab-token=\"DXVXaWgNzixZGxUJpSYDMmny\"\r\n data-ab-height=\"auto\"\r\n>\r\n  <!-- Fall-back content (in case the embeddable doesn't load) -->\r\n  <a href=\"https:\/\/secure.actblue.com\/donate\/common-cause-education-fund-website\">Donate<\/a>\r\n<\/div>","width":"medium"}}]},"yoast_head":"<!-- This site is optimized with the Yoast SEO Premium plugin v26.6 (Yoast SEO v27.1.1) - https:\/\/yoast.com\/product\/yoast-seo-premium-wordpress\/ -->\n<title>Support Common Cause - Common Cause New York<\/title>\n<meta name=\"robots\" content=\"index, follow, max-snippet:-1, max-image-preview:large, max-video-preview:-1\" \/>\n<link rel=\"canonical\" href=\"https:\/\/www.commoncause.org\/new-york\/sq\/dhuroj\/fondi-arsimor\/\" \/>\n<meta property=\"og:locale\" content=\"sq_AL\" \/>\n<meta property=\"og:type\" content=\"article\" \/>\n<meta property=\"og:title\" content=\"Support Common Cause\" \/>\n<meta property=\"og:url\" content=\"https:\/\/www.commoncause.org\/new-york\/sq\/fondi-arsimor\/\" \/>\n<meta property=\"og:site_name\" content=\"Common Cause New York\" \/>\n<meta property=\"og:image\" content=\"https:\/\/www.commoncause.org\/new-york\/wp-content\/uploads\/2024\/08\/Gerrymandering_MainAlternate.jpeg\" \/>\n\t<meta property=\"og:image:width\" content=\"1680\" \/>\n\t<meta property=\"og:image:height\" content=\"1120\" \/>\n\t<meta property=\"og:image:type\" content=\"image\/jpeg\" \/>\n<meta name=\"twitter:card\" content=\"summary_large_image\" \/>\n<script type=\"application\/ld+json\" class=\"yoast-schema-graph\">{\"@context\":\"https:\/\/schema.org\",\"@graph\":[{\"@type\":\"WebPage\",\"@id\":\"https:\/\/www.commoncause.org\/new-york\/education-fund\/\",\"url\":\"https:\/\/www.commoncause.org\/new-york\/education-fund\/\",\"name\":\"Support Common Cause - Common Cause New York\",\"isPartOf\":{\"@id\":\"https:\/\/www.commoncause.org\/new-york\/#website\"},\"datePublished\":\"2024-05-07T13:50:58+00:00\",\"breadcrumb\":{\"@id\":\"https:\/\/www.commoncause.org\/new-york\/education-fund\/#breadcrumb\"},\"inLanguage\":\"sq\",\"potentialAction\":[{\"@type\":\"ReadAction\",\"target\":[\"https:\/\/www.commoncause.org\/new-york\/education-fund\/\"]}]},{\"@type\":\"BreadcrumbList\",\"@id\":\"https:\/\/www.commoncause.org\/new-york\/education-fund\/#breadcrumb\",\"itemListElement\":[{\"@type\":\"ListItem\",\"position\":1,\"name\":\"Home\",\"item\":\"https:\/\/www.commoncause.org\/new-york\/\"},{\"@type\":\"ListItem\",\"position\":2,\"name\":\"Education Fund\"}]},{\"@type\":\"WebSite\",\"@id\":\"https:\/\/www.commoncause.org\/new-york\/#website\",\"url\":\"https:\/\/www.commoncause.org\/new-york\/\",\"name\":\"Common Cause New York\",\"description\":\"\",\"potentialAction\":[{\"@type\":\"SearchAction\",\"target\":{\"@type\":\"EntryPoint\",\"urlTemplate\":\"https:\/\/www.commoncause.org\/new-york\/?s={search_term_string}\"},\"query-input\":{\"@type\":\"PropertyValueSpecification\",\"valueRequired\":true,\"valueName\":\"search_term_string\"}}],\"inLanguage\":\"sq\"}]}<\/script>\n<!-- \/ Yoast SEO Premium plugin. -->","yoast_head_json":{"title":"Mb\u00ebshtetje Common Cause - Common Cause Nju Jork","robots":{"index":"index","follow":"follow","max-snippet":"max-snippet:-1","max-image-preview":"max-image-preview:large","max-video-preview":"max-video-preview:-1"},"canonical":"https:\/\/www.commoncause.org\/new-york\/sq\/dhuroj\/fondi-arsimor\/","og_locale":"sq_AL","og_type":"article","og_title":"Support Common Cause","og_url":"https:\/\/www.commoncause.org\/new-york\/sq\/fondi-arsimor\/","og_site_name":"Common Cause New York","og_image":[{"width":1680,"height":1120,"url":"https:\/\/www.commoncause.org\/new-york\/wp-content\/uploads\/2024\/08\/Gerrymandering_MainAlternate.jpeg","type":"image\/jpeg"}],"twitter_card":"summary_large_image","schema":{"@context":"https:\/\/schema.org","@graph":[{"@type":"WebPage","@id":"https:\/\/www.commoncause.org\/new-york\/education-fund\/","url":"https:\/\/www.commoncause.org\/new-york\/education-fund\/","name":"Mb\u00ebshtetje Common Cause - Common Cause Nju Jork","isPartOf":{"@id":"https:\/\/www.commoncause.org\/new-york\/#website"},"datePublished":"2024-05-07T13:50:58+00:00","breadcrumb":{"@id":"https:\/\/www.commoncause.org\/new-york\/education-fund\/#breadcrumb"},"inLanguage":"sq","potentialAction":[{"@type":"ReadAction","target":["https:\/\/www.commoncause.org\/new-york\/education-fund\/"]}]},{"@type":"BreadcrumbList","@id":"https:\/\/www.commoncause.org\/new-york\/education-fund\/#breadcrumb","itemListElement":[{"@type":"ListItem","position":1,"name":"Home","item":"https:\/\/www.commoncause.org\/new-york\/"},{"@type":"ListItem","position":2,"name":"Education Fund"}]},{"@type":"WebSite","@id":"https:\/\/www.commoncause.org\/new-york\/#website","url":"https:\/\/www.commoncause.org\/new-york\/","name":"Shkaku i p\u00ebrbashk\u00ebt Nju Jork","description":"","potentialAction":[{"@type":"SearchAction","target":{"@type":"EntryPoint","urlTemplate":"https:\/\/www.commoncause.org\/new-york\/?s={search_term_string}"},"query-input":{"@type":"PropertyValueSpecification","valueRequired":true,"valueName":"search_term_string"}}],"inLanguage":"sq"}]}},"distributor_meta":false,"distributor_terms":false,"distributor_media":false,"distributor_original_site_name":"Common Cause New York","distributor_original_site_url":"https:\/\/www.commoncause.org\/new-york\/sq","push-errors":false,"_links":{"self":[{"href":"https:\/\/www.commoncause.org\/new-york\/sq\/wp-json\/wp\/v2\/pages\/25","targetHints":{"allow":["GET"]}}],"collection":[{"href":"https:\/\/www.commoncause.org\/new-york\/sq\/wp-json\/wp\/v2\/pages"}],"about":[{"href":"https:\/\/www.commoncause.org\/new-york\/sq\/wp-json\/wp\/v2\/types\/page"}],"author":[{"embeddable":true,"href":"https:\/\/www.commoncause.org\/new-york\/sq\/wp-json\/wp\/v2\/users\/1"}],"replies":[{"embeddable":true,"href":"https:\/\/www.commoncause.org\/new-york\/sq\/wp-json\/wp\/v2\/comments?post=25"}],"version-history":[{"count":11,"href":"https:\/\/www.commoncause.org\/new-york\/sq\/wp-json\/wp\/v2\/pages\/25\/revisions"}],"predecessor-version":[{"id":2398,"href":"https:\/\/www.commoncause.org\/new-york\/sq\/wp-json\/wp\/v2\/pages\/25\/revisions\/2398"}],"wp:attachment":[{"href":"https:\/\/www.commoncause.org\/new-york\/sq\/wp-json\/wp\/v2\/media?parent=25"}],"curies":[{"name":"wp","href":"https:\/\/api.w.org\/{rel}","templated":true}]}}