{"id":2464,"date":"2025-10-28T15:55:16","date_gmt":"2025-10-28T19:55:16","guid":{"rendered":"https:\/\/www.commoncause.org\/new-york\/?page_id=2464"},"modified":"2025-10-29T17:47:34","modified_gmt":"2025-10-29T21:47:34","slug":"2464-2","status":"publish","type":"page","link":"https:\/\/www.commoncause.org\/new-york\/sq\/priorities\/2464-2\/","title":{"rendered":""},"content":{"rendered":"","protected":false},"excerpt":{"rendered":"","protected":false},"author":136,"featured_media":0,"parent":21,"menu_order":0,"comment_status":"closed","ping_status":"closed","template":"","meta":{"_acf_changed":false,"_relevanssi_hide_post":"","_relevanssi_hide_content":"","_relevanssi_pin_for_all":"","_relevanssi_pin_keywords":"","_relevanssi_unpin_keywords":"","_relevanssi_related_keywords":"","_relevanssi_related_include_ids":"","_relevanssi_related_exclude_ids":"","_relevanssi_related_no_append":"","_relevanssi_related_not_related":"","_relevanssi_related_posts":"","_relevanssi_noindex_reason":""},"class_list":["post-2464","page","type-page","status-publish","hentry"],"acf":{"header":{"component_page_header":{"header_type":"default","title":"Q\u00ebndrimet e Common Cause New York mbi Propozimet p\u00ebr Votat n\u00eb NYC p\u00ebr Zgjedhjet e P\u00ebrgjithshme t\u00eb vitit 2025","lead":"","image":"","subnavigation":false}},"sidebar":{"helper_enable_sidebar":false,"helper_media_contact":{"heading":"Media Contact","manually_enter_person":false,"person":"","name":"","role":"","phone":"","email":""},"helper_links_downloads":{"heading":"Links & Downloads","links":null}},"page_layout":[{"acf_fc_layout":"layout_wysiwyg","_acfe_flexible_toggle":"","component_wysiwyg":{"content":"<h1><b>Sfondi<\/b><\/h1>\r\n<span style=\"font-weight: 400;\">Common Cause New York ka qen\u00eb nj\u00eb organizat\u00eb mbik\u00ebqyr\u00ebse qeveritare p\u00ebr m\u00eb shum\u00eb se 50 vjet, duke mbik\u00ebqyrur llogaridh\u00ebnien qeveritare si n\u00eb Qytet ashtu edhe n\u00eb Shtet. Nd\u00ebrsa kemi monitoruar nga af\u00ebr Komisionin e Rishikimit t\u00eb Kart\u00ebs, ne i nxisim votuesit t\u00eb gjejn\u00eb koh\u00eb p\u00ebr t\u00eb kuptuar dhe p\u00ebr t&#039;u informuar mbi propozimin p\u00ebr flet\u00ebvotimin.\u00a0<\/span>\r\n\r\n<span style=\"font-weight: 400;\">Angazhimi me propozimet p\u00ebr flet\u00ebvotime \u00ebsht\u00eb thelb\u00ebsor p\u00ebr banor\u00ebt e Nju Jorkut, sepse k\u00ebto masa form\u00ebsojn\u00eb drejtp\u00ebrdrejt funksionimin e qeverive tona shtet\u00ebrore dhe lokale, duke ndikuar n\u00eb jet\u00ebn ton\u00eb t\u00eb p\u00ebrditshme po aq sa edhe n\u00eb rezultatet e zgjedhjeve t\u00eb kandidat\u00ebve. Propozimet p\u00ebr flet\u00ebvotime p\u00ebrfaq\u00ebsojn\u00eb demokracin\u00eb e drejtp\u00ebrdrejt\u00eb n\u00eb veprim, duke i fuqizuar votuesit t\u00eb vendosin vet\u00eb p\u00ebr \u00e7\u00ebshtjet e m\u00ebdha n\u00eb vend q\u00eb t\u00eb mb\u00ebshteten vet\u00ebm te politikan\u00ebt p\u00ebr t\u00eb p\u00ebrfaq\u00ebsuar interesat e tyre. Fatkeq\u00ebsisht, propozimet p\u00ebr flet\u00ebvotime shpesh anashkalohen nga votuesit. Kjo mund t\u00eb \u00e7oj\u00eb n\u00eb nj\u00eb pakic\u00eb t\u00eb vog\u00ebl q\u00eb p\u00ebrcakton rezultatin e propozimeve q\u00eb prekin t\u00eb gjith\u00eb. Prandaj, \u00ebsht\u00eb edhe m\u00eb e r\u00ebnd\u00ebsishme q\u00eb z\u00ebri juaj t\u00eb d\u00ebgjohet. <\/span>\r\n\r\n<span style=\"font-weight: 400;\">N\u00eb p\u00ebrgjigje t\u00eb k\u00ebrkesave t\u00eb p\u00ebrs\u00ebritura p\u00ebr q\u00ebndrimet tona mbi pyetjet n\u00eb flet\u00ebvotimin e Qytetit t\u00eb Nju Jorkut, ne i kemi analizuar m\u00eb tej pyetjet dhe kemi mbajtur q\u00ebndrimet e m\u00ebposhtme. Q\u00ebndrimet e Common Cause NY bazohen n\u00eb vler\u00ebsimet tona si nj\u00eb avokat i mir\u00eb i qeveris\u00eb i shqet\u00ebsuar p\u00ebr efikasitetin e qeveris\u00eb dhe ruajtjen e kontrolleve dhe balancave. Ne nuk kemi mbajtur q\u00ebndrime p\u00ebr \u00e7\u00ebshtje q\u00eb mendojm\u00eb se nuk ndikojn\u00eb n\u00eb fushat tona kryesore t\u00eb shqet\u00ebsimit.<\/span>\r\n<h1><b>Propozime p\u00ebr flet\u00ebvotimin e zgjedhjeve t\u00eb p\u00ebrgjithshme t\u00eb NYC-s\u00eb<\/b><\/h1>\r\n<i><span style=\"font-weight: 400;\">Pyetja 1: Amendamenti p\u00ebr t\u00eb lejuar Kompleksin Sportiv Olimpik n\u00eb Qarkun Essex n\u00eb Tok\u00ebn e Rezervuar t\u00eb Pyjeve Shtet\u00ebrore<\/span><\/i>\r\n<ul>\r\n \t<li style=\"font-weight: 400;\" aria-level=\"1\"><span style=\"font-weight: 400;\">Ky propozim do t\u00eb lejonte zgjerimin e shtigjeve t\u00eb reja t\u00eb skijimit n\u00eb Kompleksin Sportiv Olimpik n\u00eb Qarkun Essex, Nju Jork. Kompleksi Sportiv Olimpik ndodhet n\u00eb tok\u00eb t\u00eb mbrojtur pyjore shtet\u00ebrore. Ky propozim do t\u00eb k\u00ebrkonte gjithashtu q\u00eb Shteti i Nju Jorkut t\u00eb shtonte 2,500 akra tok\u00eb pyjore t\u00eb mbrojtur n\u00eb Parkun Adirondack.<\/span><\/li>\r\n \t<li style=\"font-weight: 400;\" aria-level=\"1\"><span style=\"font-weight: 400;\">Vota e CCNY-s\u00eb:<\/span><strong> Asnj\u00eb pozicion.<\/strong><\/li>\r\n<\/ul>\r\n<i><span style=\"font-weight: 400;\">Pyetja 2: Nd\u00ebrtimi i shpejt\u00eb i banesave me \u00e7mime t\u00eb p\u00ebrballueshme p\u00ebr t\u00eb nd\u00ebrtuar m\u00eb shum\u00eb banesa me \u00e7mime t\u00eb p\u00ebrballueshme n\u00eb t\u00eb gjith\u00eb qytetin<\/span><\/i><span style=\"font-weight: 400;\">\u00a0<\/span>\r\n<ul>\r\n \t<li style=\"font-weight: 400;\" aria-level=\"1\"><span style=\"font-weight: 400;\">Ky propozim do t\u00eb krijonte procese t\u00eb reja publike t\u00eb p\u00ebrshpejtuara p\u00ebr strehim t\u00eb p\u00ebrballuesh\u00ebm. S\u00eb pari, do t\u00eb krijonte nj\u00eb veprim t\u00eb ri n\u00eb Bordin e Standardeve dhe Ankesave (BSA) q\u00eb mund t\u00eb jepte leht\u00ebsim zonimi p\u00ebr projektet e strehimit t\u00eb p\u00ebrballuesh\u00ebm t\u00eb financuara publikisht. S\u00eb dyti, do t\u00eb vendoste nj\u00eb procedur\u00eb t\u00eb re dhe t\u00eb efektshme shqyrtimi publik p\u00ebr aplikimet q\u00eb ofrojn\u00eb strehim t\u00eb p\u00ebrballuesh\u00ebm n\u00eb distriktet e komunitetit q\u00eb kan\u00eb lejuar strehimin m\u00eb pak t\u00eb p\u00ebrballuesh\u00ebm. Ky propozim bazohet n\u00eb Korniz\u00ebn e Strehimit t\u00eb Drejt\u00eb t\u00eb K\u00ebshillit t\u00eb Qytetit t\u00eb Nju Jorkut, e cila u miratua unanimisht n\u00eb vitin 2023.\u00a0<\/span><\/li>\r\n \t<li style=\"font-weight: 400;\" aria-level=\"1\"><span style=\"font-weight: 400;\">Vota e CCNY-s\u00eb:<\/span><strong> Asnj\u00eb pozicion.<\/strong><\/li>\r\n<\/ul>\r\n<i><span style=\"font-weight: 400;\">Pyetja 3: Thjeshtoni shqyrtimin e projekteve t\u00eb banesave modeste dhe infrastruktur\u00ebs\u00a0<\/span><\/i>\r\n<ul>\r\n \t<li style=\"font-weight: 400;\" aria-level=\"1\"><span style=\"font-weight: 400;\">Ky propozim do t\u00eb krijonte ELURP, nj\u00eb proces t\u00eb ri dhe t\u00eb thjeshtuar shqyrtimi p\u00ebr ndryshime t\u00eb caktuara t\u00eb p\u00ebrdorimit t\u00eb tok\u00ebs, duke p\u00ebrfshir\u00eb rritje modeste n\u00eb sasin\u00eb e lejuar t\u00eb strehimit, blerjen dhe asgj\u00ebsimin e tok\u00ebs p\u00ebr t\u00eb leht\u00ebsuar strehimin e p\u00ebrballuesh\u00ebm dhe projektet e nevojshme urgjente t\u00eb q\u00ebndrueshm\u00ebris\u00eb ndaj klim\u00ebs.\u00a0<\/span><\/li>\r\n \t<li style=\"font-weight: 400;\" aria-level=\"1\"><span style=\"font-weight: 400;\">Vota e CCNY-s\u00eb:<\/span><strong> Asnj\u00eb pozicion.<\/strong><\/li>\r\n<\/ul>\r\n<i><span style=\"font-weight: 400;\">Pyetja 4: Ngritja e nj\u00eb Bordi Ankesash p\u00ebr Strehim t\u00eb P\u00ebrballuesh\u00ebm me P\u00ebrfaq\u00ebsim n\u00eb K\u00ebshillin, Bashkin\u00eb dhe t\u00eb t\u00eb Gjith\u00eb Qytetin<\/span><\/i><span style=\"font-weight: 400;\">\u00a0<\/span>\r\n<ul>\r\n \t<li style=\"font-weight: 400;\" aria-level=\"1\"><span style=\"font-weight: 400;\">Ky propozim do t\u00eb krijonte nj\u00eb Bord t\u00eb ri Ankesash p\u00ebr Strehim t\u00eb P\u00ebrballuesh\u00ebm, t\u00eb p\u00ebrb\u00ebr\u00eb nga Kryetari p\u00ebrkat\u00ebs i Bashkis\u00eb, Kryetari i K\u00ebshillit t\u00eb Qytetit dhe Kryetari i Bashkis\u00eb, q\u00eb do t\u00eb z\u00ebvend\u00ebsonte veton e Kryetarit t\u00eb Bashkis\u00eb n\u00eb fund t\u00eb Procedur\u00ebs Uniforme t\u00eb Rishikimit t\u00eb P\u00ebrdorimit t\u00eb Tok\u00ebs (ULURP) p\u00ebr projektet q\u00eb do t\u00eb krijonin strehim t\u00eb p\u00ebrballuesh\u00ebm. Bordi i Ankesave do t\u00eb kishte aft\u00ebsin\u00eb t\u00eb anulonte vendimet e K\u00ebshillit t\u00eb Qytetit p\u00ebr \u00e7\u00ebshtje t\u00eb caktuara t\u00eb p\u00ebrdorimit t\u00eb tok\u00ebs vet\u00ebm n\u00ebse dy nga tre zyrtar\u00eb bien dakord. N\u00eb p\u00ebrgjigje t\u00eb kontributit t\u00eb publikut, ky propozim u modifikua p\u00ebr t&#039;u zbatuar vet\u00ebm p\u00ebr projektet q\u00eb do t\u00eb krijonin strehim t\u00eb p\u00ebrballuesh\u00ebm, n\u00eb vend t\u00eb t\u00eb gjitha aplikimeve p\u00ebr p\u00ebrdorimin e tok\u00ebs.\u00a0<\/span><\/li>\r\n \t<li style=\"font-weight: 400;\" aria-level=\"1\"><span style=\"font-weight: 400;\">Vota e CCNY-s\u00eb:<\/span><strong> Ne rekomandojm\u00eb nj\u00eb vot\u00eb JO.<\/strong><\/li>\r\n \t<li style=\"font-weight: 400;\" aria-level=\"1\"><span style=\"font-weight: 400;\">Arsyetimi:<\/span><span style=\"font-weight: 400;\"> Common Cause NY e kund\u00ebrshton k\u00ebt\u00eb mas\u00eb sepse n\u00eb fakt do ta largonte K\u00ebshillin e Qytetit nga procesi i miratimit t\u00eb p\u00ebrdorimit t\u00eb tok\u00ebs dhe do ta z\u00ebvend\u00ebsonte autoritetin e tij me at\u00eb t\u00eb Bordit t\u00eb Apelimeve t\u00eb propozuar. Bordi - i p\u00ebrb\u00ebr\u00eb nga Presidenti i Qarkut lokal, Kryetari i K\u00ebshillit t\u00eb Qytetit dhe Kryetari i Bashkis\u00eb - do t\u00eb konsolidonte pushtetin e konsideruesh\u00ebm vendimmarr\u00ebs midis nj\u00eb grupi t\u00eb vog\u00ebl zyrtar\u00ebsh. Nd\u00ebrsa disa an\u00ebtar\u00eb t\u00eb k\u00ebshillit kan\u00eb keqp\u00ebrdorur respektin ndaj an\u00ebtar\u00ebve, ky rishikim i Kart\u00ebs s\u00eb Qytetit nuk \u00ebsht\u00eb masa e duhur korrigjuese. Ky \u00ebsht\u00eb nj\u00eb ndryshim i pajustifikuar n\u00eb ekuilibrin e pushtetit midis deg\u00ebs ekzekutive dhe legjislative t\u00eb qeverisjes s\u00eb qytetit, n\u00eb nj\u00eb sistem tashm\u00eb t\u00eb pabalancuar q\u00eb favorizon pushtetin e kryetarit t\u00eb bashkis\u00eb.<\/span><\/li>\r\n<\/ul>\r\n<i><span style=\"font-weight: 400;\">Pyetja 5: Krijoni nj\u00eb Hart\u00eb Dixhitale t\u00eb Qytetit p\u00ebr t\u00eb Modernizuar Operacionet e Qytetit<\/span><\/i>\r\n<ul>\r\n \t<li style=\"font-weight: 400;\" aria-level=\"1\"><span style=\"font-weight: 400;\">Ky propozim do t\u00eb konsolidonte Hart\u00ebn zyrtare t\u00eb Qytetit, e cila luan nj\u00eb rol pak t\u00eb njohur, por kritik n\u00eb miratimin e projekteve t\u00eb banimit dhe infrastruktur\u00ebs, n\u00eb nj\u00eb hart\u00eb t\u00eb vetme dhe do ta dixhitalizonte at\u00eb. Sot, Harta e Qytetit p\u00ebrb\u00ebhet nga pes\u00eb grupe t\u00eb ndryshme hartash, nj\u00eb p\u00ebr secil\u00ebn lagje, duke arritur n\u00eb total mbi 8,000 harta individuale n\u00eb let\u00ebr.<\/span><\/li>\r\n \t<li style=\"font-weight: 400;\" aria-level=\"1\"><span style=\"font-weight: 400;\">Pozicioni i CCNY:<\/span><strong> Ne rekomandojm\u00eb nj\u00eb vot\u00eb PO.<\/strong><\/li>\r\n \t<li style=\"font-weight: 400;\" aria-level=\"1\"><span style=\"font-weight: 400;\">Arsyetimi:<\/span> <span style=\"font-weight: 400;\">Common Cause New York mb\u00ebshtet Propozimin 5 si nj\u00eb mas\u00eb t\u00eb p\u00ebrgjithshme p\u00ebr efikasitetin e qeveris\u00eb.\u00a0<\/span><\/li>\r\n<\/ul>\r\n<i><span style=\"font-weight: 400;\">Pyetja 6: Zhvendosja e zgjedhjeve lokale n\u00eb vitet e zgjedhjeve presidenciale p\u00ebr t\u00eb rritur pjes\u00ebmarrjen e votuesve<\/span><\/i>\r\n<ul>\r\n \t<li style=\"font-weight: 400;\" aria-level=\"1\"><span style=\"font-weight: 400;\">Ky propozim do t&#039;i zhvendoste datat e zgjedhjeve paraprake dhe t\u00eb p\u00ebrgjithshme t\u00eb Qytetit n\u00eb vite me num\u00ebr \u00e7ift kur mbahen zgjedhjet presidenciale, p\u00ebr t\u00eb p\u00ebrmir\u00ebsuar pjes\u00ebmarrjen e votuesve, p\u00ebr ta b\u00ebr\u00eb demokracin\u00eb lokale m\u00eb gjith\u00ebp\u00ebrfshir\u00ebse dhe p\u00ebr t\u00eb kursyer parat\u00eb e taksapaguesve. Ky ndryshim do t\u00eb k\u00ebrkonte gjithashtu nj\u00eb ndryshim t\u00eb m\u00ebtejsh\u00ebm n\u00eb Kushtetut\u00ebn e Shtetit t\u00eb Nju Jorkut p\u00ebrpara se t\u00eb hynte n\u00eb fuqi.<\/span><\/li>\r\n \t<li style=\"font-weight: 400;\" aria-level=\"1\"><span style=\"font-weight: 400;\">Vota e CCNY-s\u00eb:<\/span><span style=\"font-weight: 400;\"><strong> Ne rekomandojm\u00eb nj\u00eb vot\u00eb PO.<\/strong><\/span><\/li>\r\n \t<li style=\"font-weight: 400;\" aria-level=\"1\">Arsyetimi: Common Cause New York e mb\u00ebshtet fuqimisht k\u00ebt\u00eb propozim. Ne kemi mb\u00ebshtetur vazhdimisht konsolidimin e zgjedhjeve \u00e7ift-vje\u00e7are p\u00ebr shum\u00eb vite p\u00ebrmes p\u00ebrpjekjeve t\u00eb ndryshme legjislative dhe ndryshimeve kushtetuese n\u00eb Albany. P\u00ebrvoja n\u00eb juridiksione t\u00eb tjera tregon se konsolidimi i zgjedhjeve lokale me zgjedhje shtet\u00ebrore dhe federale n\u00eb vitet \u00e7ift rezulton n\u00eb shum\u00eb m\u00eb tep\u00ebr njer\u00ebz q\u00eb votojn\u00eb p\u00ebr garat dhe \u00e7\u00ebshtjet lokale, pra, nj\u00eb pjes\u00ebmarrje m\u00eb t\u00eb lart\u00eb votuesish p\u00ebr zgjedhjet lokale.<\/li>\r\n<\/ul>\r\n<em>*Sh\u00ebnim: Common Cause New York e ndryshoi k\u00ebt\u00eb artikull m\u00eb 29\/10\/25 p\u00ebr t&#039;iu p\u00ebrshtatur p\u00ebrkufizimit t\u00eb sakt\u00eb t\u00eb Bordit t\u00eb Ankesave t\u00eb propozuar (t\u00eb p\u00ebrmendur n\u00eb Pyetjen 4).<\/em>"}}]},"yoast_head":"<!-- This site is optimized with the Yoast SEO Premium plugin v26.6 (Yoast SEO v27.1.1) - https:\/\/yoast.com\/product\/yoast-seo-premium-wordpress\/ -->\n<title>- Common Cause New York<\/title>\n<meta name=\"robots\" content=\"index, follow, max-snippet:-1, max-image-preview:large, max-video-preview:-1\" \/>\n<link rel=\"canonical\" href=\"https:\/\/www.commoncause.org\/new-york\/sq\/prioritetet\/2464-2\/\" \/>\n<meta property=\"og:locale\" content=\"sq_AL\" \/>\n<meta property=\"og:type\" content=\"article\" \/>\n<meta property=\"og:url\" content=\"https:\/\/www.commoncause.org\/new-york\/sq\/prioritetet\/2464-2\/\" \/>\n<meta property=\"og:site_name\" content=\"Common Cause New York\" \/>\n<meta property=\"article:modified_time\" content=\"2025-10-29T21:47:34+00:00\" \/>\n<meta property=\"og:image\" content=\"https:\/\/www.commoncause.org\/new-york\/wp-content\/uploads\/2024\/08\/common-cause-share-image.png\" \/>\n\t<meta property=\"og:image:width\" content=\"1200\" \/>\n\t<meta property=\"og:image:height\" content=\"630\" \/>\n\t<meta property=\"og:image:type\" content=\"image\/png\" \/>\n<meta name=\"twitter:card\" content=\"summary_large_image\" \/>\n<script type=\"application\/ld+json\" class=\"yoast-schema-graph\">{\"@context\":\"https:\/\/schema.org\",\"@graph\":[{\"@type\":\"WebPage\",\"@id\":\"https:\/\/www.commoncause.org\/new-york\/priorities\/2464-2\/\",\"url\":\"https:\/\/www.commoncause.org\/new-york\/priorities\/2464-2\/\",\"name\":\"- Common Cause New York\",\"isPartOf\":{\"@id\":\"https:\/\/www.commoncause.org\/new-york\/#website\"},\"datePublished\":\"2025-10-28T19:55:16+00:00\",\"dateModified\":\"2025-10-29T21:47:34+00:00\",\"breadcrumb\":{\"@id\":\"https:\/\/www.commoncause.org\/new-york\/priorities\/2464-2\/#breadcrumb\"},\"inLanguage\":\"sq\",\"potentialAction\":[{\"@type\":\"ReadAction\",\"target\":[\"https:\/\/www.commoncause.org\/new-york\/priorities\/2464-2\/\"]}]},{\"@type\":\"BreadcrumbList\",\"@id\":\"https:\/\/www.commoncause.org\/new-york\/priorities\/2464-2\/#breadcrumb\",\"itemListElement\":[{\"@type\":\"ListItem\",\"position\":1,\"name\":\"Home\",\"item\":\"https:\/\/www.commoncause.org\/new-york\/\"},{\"@type\":\"ListItem\",\"position\":2,\"name\":\"Priorities\",\"item\":\"https:\/\/www.commoncause.org\/new-york\/priorities\/\"}]},{\"@type\":\"WebSite\",\"@id\":\"https:\/\/www.commoncause.org\/new-york\/#website\",\"url\":\"https:\/\/www.commoncause.org\/new-york\/\",\"name\":\"Common Cause New York\",\"description\":\"\",\"potentialAction\":[{\"@type\":\"SearchAction\",\"target\":{\"@type\":\"EntryPoint\",\"urlTemplate\":\"https:\/\/www.commoncause.org\/new-york\/?s={search_term_string}\"},\"query-input\":{\"@type\":\"PropertyValueSpecification\",\"valueRequired\":true,\"valueName\":\"search_term_string\"}}],\"inLanguage\":\"sq\"}]}<\/script>\n<!-- \/ Yoast SEO Premium plugin. -->","yoast_head_json":{"title":"- Kauza e P\u00ebrbashk\u00ebt Nju Jork","robots":{"index":"index","follow":"follow","max-snippet":"max-snippet:-1","max-image-preview":"max-image-preview:large","max-video-preview":"max-video-preview:-1"},"canonical":"https:\/\/www.commoncause.org\/new-york\/sq\/prioritetet\/2464-2\/","og_locale":"sq_AL","og_type":"article","og_url":"https:\/\/www.commoncause.org\/new-york\/sq\/prioritetet\/2464-2\/","og_site_name":"Common Cause New York","article_modified_time":"2025-10-29T21:47:34+00:00","og_image":[{"width":1200,"height":630,"url":"https:\/\/www.commoncause.org\/new-york\/wp-content\/uploads\/2024\/08\/common-cause-share-image.png","type":"image\/png"}],"twitter_card":"summary_large_image","schema":{"@context":"https:\/\/schema.org","@graph":[{"@type":"WebPage","@id":"https:\/\/www.commoncause.org\/new-york\/priorities\/2464-2\/","url":"https:\/\/www.commoncause.org\/new-york\/priorities\/2464-2\/","name":"- Kauza e P\u00ebrbashk\u00ebt Nju Jork","isPartOf":{"@id":"https:\/\/www.commoncause.org\/new-york\/#website"},"datePublished":"2025-10-28T19:55:16+00:00","dateModified":"2025-10-29T21:47:34+00:00","breadcrumb":{"@id":"https:\/\/www.commoncause.org\/new-york\/priorities\/2464-2\/#breadcrumb"},"inLanguage":"sq","potentialAction":[{"@type":"ReadAction","target":["https:\/\/www.commoncause.org\/new-york\/priorities\/2464-2\/"]}]},{"@type":"BreadcrumbList","@id":"https:\/\/www.commoncause.org\/new-york\/priorities\/2464-2\/#breadcrumb","itemListElement":[{"@type":"ListItem","position":1,"name":"Home","item":"https:\/\/www.commoncause.org\/new-york\/"},{"@type":"ListItem","position":2,"name":"Priorities","item":"https:\/\/www.commoncause.org\/new-york\/priorities\/"}]},{"@type":"WebSite","@id":"https:\/\/www.commoncause.org\/new-york\/#website","url":"https:\/\/www.commoncause.org\/new-york\/","name":"Shkaku i p\u00ebrbashk\u00ebt Nju Jork","description":"","potentialAction":[{"@type":"SearchAction","target":{"@type":"EntryPoint","urlTemplate":"https:\/\/www.commoncause.org\/new-york\/?s={search_term_string}"},"query-input":{"@type":"PropertyValueSpecification","valueRequired":true,"valueName":"search_term_string"}}],"inLanguage":"sq"}]}},"distributor_meta":false,"distributor_terms":false,"distributor_media":false,"distributor_original_site_name":"Common Cause New York","distributor_original_site_url":"https:\/\/www.commoncause.org\/new-york\/sq","push-errors":false,"_links":{"self":[{"href":"https:\/\/www.commoncause.org\/new-york\/sq\/wp-json\/wp\/v2\/pages\/2464","targetHints":{"allow":["GET"]}}],"collection":[{"href":"https:\/\/www.commoncause.org\/new-york\/sq\/wp-json\/wp\/v2\/pages"}],"about":[{"href":"https:\/\/www.commoncause.org\/new-york\/sq\/wp-json\/wp\/v2\/types\/page"}],"author":[{"embeddable":true,"href":"https:\/\/www.commoncause.org\/new-york\/sq\/wp-json\/wp\/v2\/users\/136"}],"replies":[{"embeddable":true,"href":"https:\/\/www.commoncause.org\/new-york\/sq\/wp-json\/wp\/v2\/comments?post=2464"}],"version-history":[{"count":5,"href":"https:\/\/www.commoncause.org\/new-york\/sq\/wp-json\/wp\/v2\/pages\/2464\/revisions"}],"predecessor-version":[{"id":2469,"href":"https:\/\/www.commoncause.org\/new-york\/sq\/wp-json\/wp\/v2\/pages\/2464\/revisions\/2469"}],"up":[{"embeddable":true,"href":"https:\/\/www.commoncause.org\/new-york\/sq\/wp-json\/wp\/v2\/pages\/21"}],"wp:attachment":[{"href":"https:\/\/www.commoncause.org\/new-york\/sq\/wp-json\/wp\/v2\/media?parent=2464"}],"curies":[{"name":"wp","href":"https:\/\/api.w.org\/{rel}","templated":true}]}}