{"id":24,"date":"2024-05-07T13:49:43","date_gmt":"2024-05-07T13:49:43","guid":{"rendered":"https:\/\/www.commoncause.org\/new-york\/donate\/"},"modified":"2024-08-09T18:09:47","modified_gmt":"2024-08-09T22:09:47","slug":"dhuroj","status":"publish","type":"page","link":"https:\/\/www.commoncause.org\/new-york\/sq\/donate\/","title":{"rendered":"Dhuroni"},"content":{"rendered":"","protected":false},"excerpt":{"rendered":"","protected":false},"author":1,"featured_media":0,"parent":0,"menu_order":0,"comment_status":"closed","ping_status":"closed","template":"","meta":{"_acf_changed":false,"_relevanssi_hide_post":"","_relevanssi_hide_content":"","_relevanssi_pin_for_all":"","_relevanssi_pin_keywords":"","_relevanssi_unpin_keywords":"","_relevanssi_related_keywords":"","_relevanssi_related_include_ids":"","_relevanssi_related_exclude_ids":"","_relevanssi_related_no_append":"","_relevanssi_related_not_related":"","_relevanssi_related_posts":"","_relevanssi_noindex_reason":""},"class_list":["post-24","page","type-page","status-publish","hentry"],"acf":{"header":{"component_page_header":{"header_type":"default","title":"Dhuroni p\u00ebr Kauz\u00ebn e P\u00ebrbashk\u00ebt Nju Jork","lead":"","image":"","subnavigation":false}},"sidebar":{"helper_enable_sidebar":false,"helper_media_contact":{"heading":"","manually_enter_person":false,"person":"","name":"","role":"","phone":"","email":""},"helper_links_downloads":{"heading":"","links":null}},"page_layout":[{"acf_fc_layout":"layout_wysiwyg","_acfe_flexible_toggle":"","component_wysiwyg":{"content":"Common Cause Nju Jorku \u00ebsht\u00eb nj\u00eb lider n\u00eb luftimet q\u00eb kan\u00eb r\u00ebnd\u00ebsi n\u00eb nivel lokal, shtet\u00ebror dhe komb\u00ebtar. Mb\u00ebshtetja juaj fuqizon veprimet baz\u00eb, ligjore dhe legjislative p\u00ebr t&#039;iu kund\u00ebrv\u00ebn\u00eb interesave t\u00eb ve\u00e7anta, p\u00ebr t\u00eb mbajtur p\u00ebrgjegj\u00ebs zyrtar\u00ebt e zgjedhur dhe p\u00ebr t\u00eb nd\u00ebrtuar demokracin\u00eb q\u00eb meritojn\u00eb t\u00eb gjith\u00eb amerikan\u00ebt."}},{"acf_fc_layout":"layout_basic_html","_acfe_flexible_toggle":"","component_basic_html":{"heading":"Be a champion for Democracy","code":"<script src='https:\/\/actionnetwork.org\/widgets\/v5\/fundraising\/common-cause-new-york?format=js&source=website&css=whitelabel&'><\/script><div id='can-fundraising-area-common-cause-new-york' style='width: 100%'><\/div>","width":"medium"}},{"acf_fc_layout":"layout_wysiwyg","_acfe_flexible_toggle":"","component_wysiwyg":{"content":"<h3>M\u00ebnyra t\u00eb tjera p\u00ebr t\u00eb dh\u00ebn\u00eb\u2026<\/h3>\r\nKa shum\u00eb m\u00ebnyra p\u00ebr t\u00eb mb\u00ebshtetur misionin e Common Cause p\u00ebr ta mbajtur pushtetin p\u00ebrgjegj\u00ebs. N\u00ebse keni pyetje ose nuk e shihni t\u00eb listuar metod\u00ebn tuaj t\u00eb preferuar t\u00eb dh\u00ebnies, ju lutemi kontaktoni Sh\u00ebrbimet e An\u00ebtar\u00ebsimit n\u00eb: (202) 833-1200 ose\u00a0<a href=\"mailto:giving@commoncause.org\">giving@commoncause.org<\/a>\u00a0dhe ne do t\u00eb jemi t\u00eb lumtur t\u00eb diskutojm\u00eb opsionet tuaja p\u00ebr t\u00eb dh\u00ebn\u00eb nj\u00eb kontribut.\r\n\r\n<strong>Jepni nga fondi juaj i k\u00ebshilluar nga donator\u00ebt\u00a0<\/strong>\r\n\r\nJu lutemi merrni parasysh t&#039;i b\u00ebni nj\u00eb dhurat\u00eb Fondit t\u00eb Arsimit p\u00ebr Kauz\u00ebn e P\u00ebrbashk\u00ebt p\u00ebrmes fondit tuaj t\u00eb k\u00ebshilluar nga donator\u00ebt. <b>Pyetje?<\/b> Ju lutemi d\u00ebrgoni email ose telefononi Rachel Queirolo, Drejtoresh\u00eb Komb\u00ebtare e Dhuratave t\u00eb M\u00ebdha n\u00eb <a href=\"mailto:rqueirolo@commoncause.org\">rqueirolo@commoncause.org<\/a> ose (202)-736-5773.\r\n\r\n<strong>Dh\u00ebnia e zbritshme nga taksat<\/strong>\r\n\r\nKontributet p\u00ebr Kauz\u00ebn e P\u00ebrbashk\u00ebt nuk jan\u00eb t\u00eb zbritshme nga taksat pasi puna jon\u00eb p\u00ebrfshin lobimin p\u00ebr reforma. Por ju mund t\u00eb jepni nj\u00eb kontribut t\u00eb zbritsh\u00ebm nga taksat p\u00ebr filialin ton\u00eb, Fondin e Arsimit t\u00eb P\u00ebrbashk\u00ebt, nj\u00eb organizat\u00eb bamir\u00ebse 501(c)3 q\u00eb mb\u00ebshtet p\u00ebrpjekjet tona p\u00ebr t\u00eb mbajtur pushtetin p\u00ebrgjegj\u00ebs p\u00ebrmes angazhimit qytetar dhe edukimit publik. <a href=\"https:\/\/www.commoncause.org\/new-york\/sq\/dhuroj\/fondi-arsimor\/\">Klikoni k\u00ebtu p\u00ebr t\u00eb b\u00ebr\u00eb dhurat\u00ebn tuaj t\u00eb zbritshme nga taksat &gt;&gt;<\/a>\r\n\r\n<strong>Llogaria e daljes n\u00eb pension dhe dh\u00ebnia e IRA-s<\/strong>\r\n\r\nP\u00ebrfshirja e Fondit Arsimor t\u00eb Kauz\u00ebs s\u00eb P\u00ebrbashk\u00ebt si p\u00ebrfitues i llogaris\u00eb suaj t\u00eb daljes n\u00eb pension ose IRA \u00ebsht\u00eb nj\u00eb m\u00ebnyr\u00eb tjet\u00ebr e thjesht\u00eb, me efekt tatimor p\u00ebr t\u00eb forcuar demokracin\u00eb dhe p\u00ebr t\u00eb promovuar qeverisjen e mir\u00eb. <a href=\"https:\/\/www.commoncause.org\/new-york\/sq\/retirement-funds-or-iras\/\">Klikoni k\u00ebtu p\u00ebr t\u00eb m\u00ebsuar m\u00eb shum\u00eb rreth llogaris\u00eb s\u00eb daljes n\u00eb pension dhe dh\u00ebnies s\u00eb IRA.<\/a>\r\n\r\n<strong>Mb\u00ebshtetni Kauz\u00ebn e P\u00ebrbashk\u00ebt n\u00eb Vullnetin tuaj<\/strong>\r\n\r\nNdihmoni n\u00eb garantimin e premtimit t\u00eb demokracis\u00eb p\u00ebr brezin e ardhsh\u00ebm duke l\u00ebn\u00eb nj\u00eb <a href=\"https:\/\/www.commoncause.org\/new-york\/sq\/support-common-cause-in-your-will\/\">dhurat\u00eb e pasuris\u00eb, t\u00eb tilla si nj\u00eb trash\u00ebgimi ose nj\u00eb dhurat\u00eb tjet\u00ebr e planifikuar<\/a>. P\u00ebrdoreni k\u00ebt\u00eb <a href=\"https:\/\/www.freewill.com\/commoncause?utm_source=partner&amp;utm_medium=donatepage&amp;utm_campaign=commoncause_website\">Mjet shkrimi FALAS<\/a> p\u00ebr t\u00eb filluar shpejt dhe leht\u00eb.\r\n\r\n<strong>Dh\u00ebnia n\u00eb vendin e pun\u00ebs<\/strong>\r\n\r\nDhurimi p\u00ebr Kauz\u00ebn e P\u00ebrbashk\u00ebt n\u00ebp\u00ebrmjet dh\u00ebnies n\u00eb vendin e pun\u00ebs \u00ebsht\u00eb i p\u00ebrshtatsh\u00ebm dhe me ndikim. Ai i lejon punonj\u00ebsit t\u00eb mb\u00ebshtesin p\u00ebrpjekjet p\u00ebr p\u00ebrgjegjshm\u00ebrin\u00eb e qeveris\u00eb dhe reformat e demokracis\u00eb pa mundim n\u00ebp\u00ebrmjet zbritjeve t\u00eb pagave. P\u00ebrputhja e programeve t\u00eb dhuratave mund t\u00eb p\u00ebrforcoj\u00eb kontributet, duke maksimizuar ndikimin. <a href=\"https:\/\/www.commoncause.org\/new-york\/sq\/workplace-giving\/\">M\u00ebsoni m\u00eb shum\u00eb rreth dh\u00ebnies n\u00eb vendin e pun\u00ebs k\u00ebtu &gt;&gt;<\/a>\r\n\r\n<strong>Dhuratat e aksioneve<\/strong>\r\n\r\nDhuratat e aksioneve dhe letrave me vler\u00eb mund t&#039;i b\u00ebhen Common Cause dhe filialit ton\u00eb t\u00eb Fondit Arsimor Common Cause p\u00ebrmes Wells Fargo. <a href=\"https:\/\/www.commoncause.org\/new-york\/sq\/gifts-of-stock\/\">P\u00ebr detaje mbi dhuratat e aksioneve, klikoni k\u00ebtu &gt;&gt;<\/a>\r\n\r\n<strong>Mb\u00ebshtetja e kauz\u00ebs s\u00eb p\u00ebrbashk\u00ebt p\u00ebrmes nj\u00eb fondacioni<\/strong>\r\n\r\nN\u00ebse jeni i lidhur me nj\u00eb fondacion dhe jeni t\u00eb interesuar t\u00eb m\u00ebsoni m\u00eb shum\u00eb rreth ndikimit ton\u00eb ose t\u00eb b\u00ebni nj\u00eb grant p\u00ebr Fondin e Arsimit t\u00eb P\u00ebrbashk\u00ebt, ju lutemi kontaktoni Drejtorin ton\u00eb t\u00eb Marr\u00ebdh\u00ebnieve me Fondacionin Sam Voorhees n\u00eb <a href=\"mailto:svoorhees@commoncause.org\">svoorhees@commoncause.org<\/a> ose (202)-736-5723.\r\n\r\n<strong>Dh\u00ebnia e Lidershipit<\/strong>\r\n\r\nDuke b\u00ebr\u00eb nj\u00eb dhurat\u00eb prej $10,000 ose m\u00eb shum\u00eb, ju do t\u00eb bashkoheni me nj\u00eb grup mbrojt\u00ebsish t\u00eb p\u00ebrkushtuar t\u00eb demokracis\u00eb n\u00eb t\u00eb gjith\u00eb vendin. Dhurata juaj ushqen mbrojtjen ton\u00eb zgjedhore, proceset gjyq\u00ebsore, rindarjen, luftimin e dezinformimit zgjedhor, mbajtjen e p\u00ebrgjegj\u00ebsis\u00eb s\u00eb Trump p\u00ebr pun\u00ebn ton\u00eb dhe shum\u00eb m\u00eb tep\u00ebr. <b>Pyetje?<\/b> Ju lutemi d\u00ebrgoni email ose telefononi Rachel Queirolo, Drejtoresh\u00eb Komb\u00ebtare e Dhuratave t\u00eb M\u00ebdha n\u00eb <a href=\"mailto:rqueirolo@commoncause.org\">rqueirolo@commoncause.org<\/a> ose (202)-736-5773.\r\n\r\n<strong>Dhurata P\u00ebrkujtimore dhe Nderi<\/strong>\r\n\r\nNj\u00eb dhurat\u00eb q\u00eb ngrit demokracin\u00eb n\u00eb em\u00ebr t\u00eb t\u00eb dashurit tuaj \u00ebsht\u00eb nj\u00eb m\u00ebnyr\u00eb e mrekullueshme p\u00ebr t\u00eb treguar mb\u00ebshtetje p\u00ebr pun\u00ebn e Kauz\u00ebs s\u00eb P\u00ebrbashk\u00ebt. <a href=\"https:\/\/www.commoncause.org\/new-york\/sq\/memorial-honorary-gifts\/\">N\u00ebse d\u00ebshironi t\u00eb b\u00ebni nj\u00eb dhurat\u00eb p\u00ebrkujtimore ose nderi, ju lutemi klikoni k\u00ebtu<\/a> ose kontaktoni Sam Anderson-Chinnes n\u00eb <a href=\"mailto:sanderson@commoncause.org\">sanderson@commoncause.org<\/a>."}}]},"yoast_head":"<!-- This site is optimized with the Yoast SEO Premium plugin v26.6 (Yoast SEO v27.1.1) - https:\/\/yoast.com\/product\/yoast-seo-premium-wordpress\/ -->\n<title>Donate - Common Cause New York<\/title>\n<meta name=\"robots\" content=\"index, follow, max-snippet:-1, max-image-preview:large, max-video-preview:-1\" \/>\n<link rel=\"canonical\" href=\"https:\/\/www.commoncause.org\/new-york\/sq\/dhuroj\/\" \/>\n<meta property=\"og:locale\" content=\"sq_AL\" \/>\n<meta property=\"og:type\" content=\"article\" \/>\n<meta property=\"og:title\" content=\"Donate\" \/>\n<meta property=\"og:url\" content=\"https:\/\/www.commoncause.org\/new-york\/sq\/dhuroj\/\" \/>\n<meta property=\"og:site_name\" content=\"Common Cause New York\" \/>\n<meta property=\"article:modified_time\" content=\"2024-08-09T22:09:47+00:00\" \/>\n<meta property=\"og:image\" content=\"https:\/\/www.commoncause.org\/new-york\/wp-content\/uploads\/2024\/08\/common-cause-share-image.png\" \/>\n\t<meta property=\"og:image:width\" content=\"1200\" \/>\n\t<meta property=\"og:image:height\" content=\"630\" \/>\n\t<meta property=\"og:image:type\" content=\"image\/png\" \/>\n<meta name=\"twitter:card\" content=\"summary_large_image\" \/>\n<script type=\"application\/ld+json\" class=\"yoast-schema-graph\">{\"@context\":\"https:\/\/schema.org\",\"@graph\":[{\"@type\":\"WebPage\",\"@id\":\"https:\/\/www.commoncause.org\/new-york\/donate\/\",\"url\":\"https:\/\/www.commoncause.org\/new-york\/donate\/\",\"name\":\"Donate - Common Cause New York\",\"isPartOf\":{\"@id\":\"https:\/\/www.commoncause.org\/new-york\/#website\"},\"datePublished\":\"2024-05-07T13:49:43+00:00\",\"dateModified\":\"2024-08-09T22:09:47+00:00\",\"breadcrumb\":{\"@id\":\"https:\/\/www.commoncause.org\/new-york\/donate\/#breadcrumb\"},\"inLanguage\":\"sq\",\"potentialAction\":[{\"@type\":\"ReadAction\",\"target\":[\"https:\/\/www.commoncause.org\/new-york\/donate\/\"]}]},{\"@type\":\"BreadcrumbList\",\"@id\":\"https:\/\/www.commoncause.org\/new-york\/donate\/#breadcrumb\",\"itemListElement\":[{\"@type\":\"ListItem\",\"position\":1,\"name\":\"Home\",\"item\":\"https:\/\/www.commoncause.org\/new-york\/\"},{\"@type\":\"ListItem\",\"position\":2,\"name\":\"Donate\"}]},{\"@type\":\"WebSite\",\"@id\":\"https:\/\/www.commoncause.org\/new-york\/#website\",\"url\":\"https:\/\/www.commoncause.org\/new-york\/\",\"name\":\"Common Cause New York\",\"description\":\"\",\"potentialAction\":[{\"@type\":\"SearchAction\",\"target\":{\"@type\":\"EntryPoint\",\"urlTemplate\":\"https:\/\/www.commoncause.org\/new-york\/?s={search_term_string}\"},\"query-input\":{\"@type\":\"PropertyValueSpecification\",\"valueRequired\":true,\"valueName\":\"search_term_string\"}}],\"inLanguage\":\"sq\"}]}<\/script>\n<!-- \/ Yoast SEO Premium plugin. -->","yoast_head_json":{"title":"Dhuroni - Kauza e P\u00ebrbashk\u00ebt Nju Jork","robots":{"index":"index","follow":"follow","max-snippet":"max-snippet:-1","max-image-preview":"max-image-preview:large","max-video-preview":"max-video-preview:-1"},"canonical":"https:\/\/www.commoncause.org\/new-york\/sq\/dhuroj\/","og_locale":"sq_AL","og_type":"article","og_title":"Donate","og_url":"https:\/\/www.commoncause.org\/new-york\/sq\/dhuroj\/","og_site_name":"Common Cause New York","article_modified_time":"2024-08-09T22:09:47+00:00","og_image":[{"width":1200,"height":630,"url":"https:\/\/www.commoncause.org\/new-york\/wp-content\/uploads\/2024\/08\/common-cause-share-image.png","type":"image\/png"}],"twitter_card":"summary_large_image","schema":{"@context":"https:\/\/schema.org","@graph":[{"@type":"WebPage","@id":"https:\/\/www.commoncause.org\/new-york\/donate\/","url":"https:\/\/www.commoncause.org\/new-york\/donate\/","name":"Dhuroni - Kauza e P\u00ebrbashk\u00ebt Nju Jork","isPartOf":{"@id":"https:\/\/www.commoncause.org\/new-york\/#website"},"datePublished":"2024-05-07T13:49:43+00:00","dateModified":"2024-08-09T22:09:47+00:00","breadcrumb":{"@id":"https:\/\/www.commoncause.org\/new-york\/donate\/#breadcrumb"},"inLanguage":"sq","potentialAction":[{"@type":"ReadAction","target":["https:\/\/www.commoncause.org\/new-york\/donate\/"]}]},{"@type":"BreadcrumbList","@id":"https:\/\/www.commoncause.org\/new-york\/donate\/#breadcrumb","itemListElement":[{"@type":"ListItem","position":1,"name":"Home","item":"https:\/\/www.commoncause.org\/new-york\/"},{"@type":"ListItem","position":2,"name":"Donate"}]},{"@type":"WebSite","@id":"https:\/\/www.commoncause.org\/new-york\/#website","url":"https:\/\/www.commoncause.org\/new-york\/","name":"Shkaku i p\u00ebrbashk\u00ebt Nju Jork","description":"","potentialAction":[{"@type":"SearchAction","target":{"@type":"EntryPoint","urlTemplate":"https:\/\/www.commoncause.org\/new-york\/?s={search_term_string}"},"query-input":{"@type":"PropertyValueSpecification","valueRequired":true,"valueName":"search_term_string"}}],"inLanguage":"sq"}]}},"distributor_meta":false,"distributor_terms":false,"distributor_media":false,"distributor_original_site_name":"Common Cause New York","distributor_original_site_url":"https:\/\/www.commoncause.org\/new-york\/sq","push-errors":false,"_links":{"self":[{"href":"https:\/\/www.commoncause.org\/new-york\/sq\/wp-json\/wp\/v2\/pages\/24","targetHints":{"allow":["GET"]}}],"collection":[{"href":"https:\/\/www.commoncause.org\/new-york\/sq\/wp-json\/wp\/v2\/pages"}],"about":[{"href":"https:\/\/www.commoncause.org\/new-york\/sq\/wp-json\/wp\/v2\/types\/page"}],"author":[{"embeddable":true,"href":"https:\/\/www.commoncause.org\/new-york\/sq\/wp-json\/wp\/v2\/users\/1"}],"replies":[{"embeddable":true,"href":"https:\/\/www.commoncause.org\/new-york\/sq\/wp-json\/wp\/v2\/comments?post=24"}],"version-history":[{"count":18,"href":"https:\/\/www.commoncause.org\/new-york\/sq\/wp-json\/wp\/v2\/pages\/24\/revisions"}],"predecessor-version":[{"id":1714,"href":"https:\/\/www.commoncause.org\/new-york\/sq\/wp-json\/wp\/v2\/pages\/24\/revisions\/1714"}],"wp:attachment":[{"href":"https:\/\/www.commoncause.org\/new-york\/sq\/wp-json\/wp\/v2\/media?parent=24"}],"curies":[{"name":"wp","href":"https:\/\/api.w.org\/{rel}","templated":true}]}}