{"id":22,"date":"2024-05-07T13:47:40","date_gmt":"2024-05-07T13:47:40","guid":{"rendered":"https:\/\/www.commoncause.org\/new-york\/our-impact\/"},"modified":"2024-06-24T13:31:46","modified_gmt":"2024-06-24T17:31:46","slug":"ndikimin-tone","status":"publish","type":"page","link":"https:\/\/www.commoncause.org\/new-york\/sq\/our-impact\/","title":{"rendered":"Ndikimi yn\u00eb"},"content":{"rendered":"","protected":false},"excerpt":{"rendered":"","protected":false},"author":1,"featured_media":0,"parent":0,"menu_order":0,"comment_status":"closed","ping_status":"closed","template":"","meta":{"_acf_changed":false,"_relevanssi_hide_post":"","_relevanssi_hide_content":"","_relevanssi_pin_for_all":"","_relevanssi_pin_keywords":"","_relevanssi_unpin_keywords":"","_relevanssi_related_keywords":"","_relevanssi_related_include_ids":"","_relevanssi_related_exclude_ids":"","_relevanssi_related_no_append":"","_relevanssi_related_not_related":"","_relevanssi_related_posts":"","_relevanssi_noindex_reason":""},"class_list":["post-22","page","type-page","status-publish","hentry"],"acf":{"header":{"component_page_header":{"header_type":"background","title":"Ndikimi yn\u00eb","lead":"When Common Cause New York takes action, we make a real difference for democracy.","image":"","subnavigation":false}},"sidebar":{"helper_enable_sidebar":false,"helper_media_contact":{"heading":"","manually_enter_person":false,"person":"","name":"","role":"","phone":"","email":""},"helper_links_downloads":{"heading":"","links":null}},"page_layout":[{"acf_fc_layout":"layout_wysiwyg","_acfe_flexible_toggle":"","component_wysiwyg":{"content":"<h4 style=\"text-align: center;\"><span style=\"font-weight: 400;\">Me mb\u00ebshtetjen e an\u00ebtar\u00ebve tan\u00eb t\u00eb p\u00ebrkushtuar, ne jemi shfaqur her\u00eb pas here p\u00ebr t\u00eb mbrojtur t\u00eb drejtat e njujorkez\u00ebve. Ne do t\u00eb vazhdojm\u00eb ta b\u00ebjm\u00eb qeverin\u00eb ton\u00eb k\u00ebtu n\u00eb Nju Jork m\u00eb t\u00eb hapur, t\u00eb ndershme dhe t\u00eb p\u00ebrgjegjshme. Shikoni disa nga fitoret tona m\u00eb me ndikim:<\/span><\/h4>\r\n&nbsp;"}},{"acf_fc_layout":"layout_wysiwyg","_acfe_flexible_toggle":"","component_wysiwyg":{"content":"<img class=\"aligncenter wp-image-16028 size-full\" src=\"https:\/\/www.commoncause.org\/new-york\/wp-content\/uploads\/2024\/05\/Screen-Shot-2019-06-03-at-5.12.07-PM.png\" alt=\"\" width=\"904\" height=\"602\" \/>\r\n\r\n<strong>Rishikimi i ligjeve t\u00eb vjetruara zgjedhore t\u00eb Nju Jorkut\r\n<\/strong>N\u00eb vitin 2023, paketa pro-demokracis\u00eb me dhjet\u00eb projektligje e Common Cause New York u n\u00ebnshkrua dhe u b\u00eb ligj. Ky koleksion reformash krijon sistemin e par\u00eb universal t\u00eb votimit me post\u00eb n\u00eb New York, u ofron banor\u00ebve t\u00eb New Yorkut nj\u00eb dit\u00eb shtes\u00eb p\u00ebr t&#039;u regjistruar p\u00ebr t\u00eb votuar gjat\u00eb votimit t\u00eb parakohsh\u00ebm, i ndihmon ish-t\u00eb burgosurit t\u00eb kuptojn\u00eb t\u00eb drejtat e tyre dhe shum\u00eb m\u00eb tep\u00ebr. Kjo ishte nj\u00eb fitore ky\u00e7e n\u00eb luft\u00ebn p\u00ebr t\u00eb mbrojtur dhe zgjeruar t\u00eb drejt\u00ebn e vot\u00ebs n\u00eb New York.\r\n\r\n<strong>Sjellja e votimit me zgjedhje t\u00eb renditur n\u00eb NYC\r\n<\/strong>Votuesit e qytetit t\u00eb Nju Jorkut miratuan nj\u00eb iniciativ\u00eb votimi n\u00eb 2019 duke krijuar Votimin me Zgjedhje t\u00eb Renditur (RCV) p\u00ebr t\u00eb gjitha zgjedhjet paraprake dhe speciale n\u00eb qytet pas nj\u00eb fushate t\u00eb luftuar nga Common Cause New York dhe partner\u00ebt tan\u00eb. Me RCV, politikan\u00ebt duhet t\u00eb konkurrojn\u00eb kudo dhe t&#039;i kushtojn\u00eb v\u00ebmendje \u00e7do komuniteti, votuesit tani kan\u00eb m\u00eb shum\u00eb z\u00eb dhe m\u00eb shum\u00eb zgjedhje dhe kandidat\u00ebt marrin detyr\u00ebn me mb\u00ebshtetjen e shumic\u00ebs s\u00eb zgjedh\u00ebsve t\u00eb tyre.<strong>\r\n<\/strong>\r\n<h4><a href=\"https:\/\/www.commoncause.org\/new-york\/sq\/puna\/seancat-e-meparshme-legjislative\/\"><strong>M\u00ebsoni m\u00eb shum\u00eb rreth fitoreve tona.<\/strong><\/a><\/h4>"}},{"acf_fc_layout":"layout_statistics","_acfe_flexible_toggle":"","component_statistics":{"title":"P\u00ebr vite, Common Cause New York ka punuar n\u00eb t\u00eb gjith\u00eb shtetin ton\u00eb p\u00ebr nj\u00eb demokraci m\u00eb t\u00eb fort\u00eb.","statistics":[{"component_statistic":{"number":"46,000","text":"Members across the state","source":"People like you power everything that we do for our democracy."}},{"component_statistic":{"number":"62","text":"Counties with Common Cause New York members","source":"Our supporters live and take action in every corner of our state."}},{"component_statistic":{"number":"35+","text":"Pro-voter bills passed in Albany since 2019","source":"When we fight, we win."}}]}}]},"yoast_head":"<!-- This site is optimized with the Yoast SEO Premium plugin v26.6 (Yoast SEO v27.1.1) - https:\/\/yoast.com\/product\/yoast-seo-premium-wordpress\/ -->\n<title>Our Impact - Common Cause New York<\/title>\n<meta name=\"robots\" content=\"index, follow, max-snippet:-1, max-image-preview:large, max-video-preview:-1\" \/>\n<link rel=\"canonical\" href=\"https:\/\/www.commoncause.org\/new-york\/sq\/ndikimin-tone\/\" \/>\n<meta property=\"og:locale\" content=\"sq_AL\" \/>\n<meta property=\"og:type\" content=\"article\" \/>\n<meta property=\"og:title\" content=\"Our Impact\" \/>\n<meta property=\"og:url\" content=\"https:\/\/www.commoncause.org\/new-york\/sq\/ndikimin-tone\/\" \/>\n<meta property=\"og:site_name\" content=\"Common Cause New York\" \/>\n<meta property=\"article:modified_time\" content=\"2024-06-24T17:31:46+00:00\" \/>\n<meta property=\"og:image\" content=\"https:\/\/www.commoncause.org\/new-york\/wp-content\/uploads\/2024\/08\/common-cause-share-image.png\" \/>\n\t<meta property=\"og:image:width\" content=\"1200\" \/>\n\t<meta property=\"og:image:height\" content=\"630\" \/>\n\t<meta property=\"og:image:type\" content=\"image\/png\" \/>\n<meta name=\"twitter:card\" content=\"summary_large_image\" \/>\n<script type=\"application\/ld+json\" class=\"yoast-schema-graph\">{\"@context\":\"https:\/\/schema.org\",\"@graph\":[{\"@type\":\"WebPage\",\"@id\":\"https:\/\/www.commoncause.org\/new-york\/our-impact\/\",\"url\":\"https:\/\/www.commoncause.org\/new-york\/our-impact\/\",\"name\":\"Our Impact - Common Cause New York\",\"isPartOf\":{\"@id\":\"https:\/\/www.commoncause.org\/new-york\/#website\"},\"datePublished\":\"2024-05-07T13:47:40+00:00\",\"dateModified\":\"2024-06-24T17:31:46+00:00\",\"breadcrumb\":{\"@id\":\"https:\/\/www.commoncause.org\/new-york\/our-impact\/#breadcrumb\"},\"inLanguage\":\"sq\",\"potentialAction\":[{\"@type\":\"ReadAction\",\"target\":[\"https:\/\/www.commoncause.org\/new-york\/our-impact\/\"]}]},{\"@type\":\"BreadcrumbList\",\"@id\":\"https:\/\/www.commoncause.org\/new-york\/our-impact\/#breadcrumb\",\"itemListElement\":[{\"@type\":\"ListItem\",\"position\":1,\"name\":\"Home\",\"item\":\"https:\/\/www.commoncause.org\/new-york\/\"},{\"@type\":\"ListItem\",\"position\":2,\"name\":\"Our Impact\"}]},{\"@type\":\"WebSite\",\"@id\":\"https:\/\/www.commoncause.org\/new-york\/#website\",\"url\":\"https:\/\/www.commoncause.org\/new-york\/\",\"name\":\"Common Cause New York\",\"description\":\"\",\"potentialAction\":[{\"@type\":\"SearchAction\",\"target\":{\"@type\":\"EntryPoint\",\"urlTemplate\":\"https:\/\/www.commoncause.org\/new-york\/?s={search_term_string}\"},\"query-input\":{\"@type\":\"PropertyValueSpecification\",\"valueRequired\":true,\"valueName\":\"search_term_string\"}}],\"inLanguage\":\"sq\"}]}<\/script>\n<!-- \/ Yoast SEO Premium plugin. -->","yoast_head_json":{"title":"Ndikimi yn\u00eb - Kauza e P\u00ebrbashk\u00ebt Nju Jork","robots":{"index":"index","follow":"follow","max-snippet":"max-snippet:-1","max-image-preview":"max-image-preview:large","max-video-preview":"max-video-preview:-1"},"canonical":"https:\/\/www.commoncause.org\/new-york\/sq\/ndikimin-tone\/","og_locale":"sq_AL","og_type":"article","og_title":"Our Impact","og_url":"https:\/\/www.commoncause.org\/new-york\/sq\/ndikimin-tone\/","og_site_name":"Common Cause New York","article_modified_time":"2024-06-24T17:31:46+00:00","og_image":[{"width":1200,"height":630,"url":"https:\/\/www.commoncause.org\/new-york\/wp-content\/uploads\/2024\/08\/common-cause-share-image.png","type":"image\/png"}],"twitter_card":"summary_large_image","schema":{"@context":"https:\/\/schema.org","@graph":[{"@type":"WebPage","@id":"https:\/\/www.commoncause.org\/new-york\/our-impact\/","url":"https:\/\/www.commoncause.org\/new-york\/our-impact\/","name":"Ndikimi yn\u00eb - Kauza e P\u00ebrbashk\u00ebt Nju Jork","isPartOf":{"@id":"https:\/\/www.commoncause.org\/new-york\/#website"},"datePublished":"2024-05-07T13:47:40+00:00","dateModified":"2024-06-24T17:31:46+00:00","breadcrumb":{"@id":"https:\/\/www.commoncause.org\/new-york\/our-impact\/#breadcrumb"},"inLanguage":"sq","potentialAction":[{"@type":"ReadAction","target":["https:\/\/www.commoncause.org\/new-york\/our-impact\/"]}]},{"@type":"BreadcrumbList","@id":"https:\/\/www.commoncause.org\/new-york\/our-impact\/#breadcrumb","itemListElement":[{"@type":"ListItem","position":1,"name":"Home","item":"https:\/\/www.commoncause.org\/new-york\/"},{"@type":"ListItem","position":2,"name":"Our Impact"}]},{"@type":"WebSite","@id":"https:\/\/www.commoncause.org\/new-york\/#website","url":"https:\/\/www.commoncause.org\/new-york\/","name":"Shkaku i p\u00ebrbashk\u00ebt Nju Jork","description":"","potentialAction":[{"@type":"SearchAction","target":{"@type":"EntryPoint","urlTemplate":"https:\/\/www.commoncause.org\/new-york\/?s={search_term_string}"},"query-input":{"@type":"PropertyValueSpecification","valueRequired":true,"valueName":"search_term_string"}}],"inLanguage":"sq"}]}},"distributor_meta":false,"distributor_terms":false,"distributor_media":false,"distributor_original_site_name":"Common Cause New York","distributor_original_site_url":"https:\/\/www.commoncause.org\/new-york\/sq","push-errors":false,"_links":{"self":[{"href":"https:\/\/www.commoncause.org\/new-york\/sq\/wp-json\/wp\/v2\/pages\/22","targetHints":{"allow":["GET"]}}],"collection":[{"href":"https:\/\/www.commoncause.org\/new-york\/sq\/wp-json\/wp\/v2\/pages"}],"about":[{"href":"https:\/\/www.commoncause.org\/new-york\/sq\/wp-json\/wp\/v2\/types\/page"}],"author":[{"embeddable":true,"href":"https:\/\/www.commoncause.org\/new-york\/sq\/wp-json\/wp\/v2\/users\/1"}],"replies":[{"embeddable":true,"href":"https:\/\/www.commoncause.org\/new-york\/sq\/wp-json\/wp\/v2\/comments?post=22"}],"version-history":[{"count":18,"href":"https:\/\/www.commoncause.org\/new-york\/sq\/wp-json\/wp\/v2\/pages\/22\/revisions"}],"predecessor-version":[{"id":1350,"href":"https:\/\/www.commoncause.org\/new-york\/sq\/wp-json\/wp\/v2\/pages\/22\/revisions\/1350"}],"wp:attachment":[{"href":"https:\/\/www.commoncause.org\/new-york\/sq\/wp-json\/wp\/v2\/media?parent=22"}],"curies":[{"name":"wp","href":"https:\/\/api.w.org\/{rel}","templated":true}]}}