{"id":47,"date":"2024-05-07T15:23:12","date_gmt":"2024-05-07T15:23:12","guid":{"rendered":"https:\/\/www.commoncause.org\/new-york\/home\/"},"modified":"2025-04-04T13:40:17","modified_gmt":"2025-04-04T17:40:17","slug":"dom","status":"publish","type":"page","link":"https:\/\/www.commoncause.org\/new-york\/pl\/","title":{"rendered":"Dom"},"content":{"rendered":"","protected":false},"excerpt":{"rendered":"","protected":false},"author":2,"featured_media":0,"parent":0,"menu_order":0,"comment_status":"closed","ping_status":"closed","template":"","meta":{"_acf_changed":false,"_relevanssi_hide_post":"","_relevanssi_hide_content":"","_relevanssi_pin_for_all":"","_relevanssi_pin_keywords":"","_relevanssi_unpin_keywords":"","_relevanssi_related_keywords":"","_relevanssi_related_include_ids":"","_relevanssi_related_exclude_ids":"","_relevanssi_related_no_append":"","_relevanssi_related_not_related":"","_relevanssi_related_posts":"","_relevanssi_noindex_reason":""},"class_list":["post-47","page","type-page","status-publish","hentry"],"acf":{"page_layout":[{"acf_fc_layout":"layout_latest_victory","_acfe_flexible_toggle":"","component_latest_victory":{"manually_curate":true,"latest_content":"article","button_text":"Read About Our Victory","title":"Podziel si\u0119 swoj\u0105 histori\u0105: W jaki spos\u00f3b ekstremistyczne prawa antywyborcze wp\u0142ywaj\u0105 na Twoj\u0105 zdolno\u015b\u0107 do g\u0142osowania?","summary":"Extremists at every level of government are coming after our most fundamental and sacred right \u2013 our right to vote.\r\n\r\nWe won\u2019t stand by while they gut our rights and block us from the ballot to steal more power for themselves.\r\n\r\nHow would these anti-voter laws prevent you or your loved ones from participating in our elections?","button":{"title":"Share your story","url":"https:\/\/www.commoncause.org\/new-york\/actions\/share-your-story-how-do-extremist-anti-voter-laws-impact-your-ability-to-vote\/","target":"_blank"},"image":25690,"darker":true}},{"acf_fc_layout":"layout_featured_work","_acfe_flexible_toggle":"","component_featured_work":{"content_type":"work","button_text":"View This Campaign","secondary_link":null,"manually_curate":true,"small_title":"Take action","large_title":"Tell Governor Hochul: Keep our Communities Together","summary":"Just a few months into his presidency, Trump is already making good on his plans to carry out mass deportation raids targeting immigrant families across the country, including right here in New York. This is cruel. It's wrong. Yet, Governor Hochul\u2019s office announced intentions to cooperate with federal officials to detain and deport some immigrants, including those who are even suspected of unofficially crossing the border. The governor must step up to protect our communities \u2013 not cave and cower to the federal government\u2019s attempts to mass criminalize immigrants and tear us apart.","button":{"title":"Take action","url":"https:\/\/www.commoncause.org\/new-york\/actions\/tell-governor-hochul-keep-our-communities-together\/","target":"_blank"},"small_link":"","image":25919}},{"acf_fc_layout":"layout_about_us","_acfe_flexible_toggle":"","component_about_us":{"intro_title":"About Us","main_title":"Common Cause New York and our members are fighting for the democracy we deserve.","summary":"With the support of over 46,000 members, Common Cause New York wins concrete, pro-democracy reforms that break down barriers to participation, promote accountability, and ensure that each of us has a voice.","button":{"title":"Learn more","url":"https:\/\/www.commoncause.org\/new-york\/about-us\/","target":""},"image":25922}},{"acf_fc_layout":"layout_featured_action","_acfe_flexible_toggle":"","component_featured_action":{"action_to_show":"choose","image_side":"right","action":["{\"site_id\":\"67\",\"post_type\":\"act\",\"post_id\":2119}"],"title":"Zatrzymaj Matta Gaetza","summary":"Rep. Matt Gaetz is an election denier and far-right ideologue who belongs nowhere near the Department of Justice.\r\n\r\nHe has proven time and time again that he is not fit to carry out the DOJ\u2019s duty to protect voting rights and civil rights for all Americans. The Senate must REJECT his nomination for Attorney General.","post_link":{"title":"Take Action","url":"https:\/\/act.commoncause.org\/petitions\/urge-the-senate-to-reject-matt-gaetz-for-ag\/","target":"_blank"},"secondary_link":""}},{"acf_fc_layout":"layout_email_signup","_acfe_flexible_toggle":"","component_email_signup":{"":null,"small_title":"Sign up for breaking news and action alerts about democracy in your state and nationwide.","large_title":"JOIN OUR MOVEMENT","action_network_embed":"","disclaimer":"*By providing your phone number, you are consenting to receive mobile alerts from Common Cause at 95559. Message and data rates apply. Reply STOP to unsubscribe."}},{"acf_fc_layout":"layout_statistics","_acfe_flexible_toggle":"","component_statistics":{"title":"Kiedy Common Cause New York podejmuje dzia\u0142ania, naprawd\u0119 wp\u0142ywamy na demokracj\u0119.","statistics":[{"component_statistic":{"number":"46,000","text":"Members across the state","source":"People like you power everything that we do for our democracy."}},{"component_statistic":{"number":"62","text":"Counties with Common Cause New York members","source":"Our supporters live and take action in every corner of our state."}},{"component_statistic":{"number":"35+","text":"Pro-voter bills passed in Albany since 2019","source":"When we fight, we win."}}]}},{"acf_fc_layout":"layout_map","_acfe_flexible_toggle":"","component_map":{"":null}}]},"yoast_head":"<!-- This site is optimized with the Yoast SEO Premium plugin v26.6 (Yoast SEO v27.1.1) - https:\/\/yoast.com\/product\/yoast-seo-premium-wordpress\/ -->\n<title>Common Cause: Fighting For The Democracy We Deserve - Common Cause New York<\/title>\n<meta name=\"description\" content=\"With the support of over 1.5 million members, Common Cause wins concrete, pro-democracy reforms that break down barriers to participation, promote accountability, and ensure that each of us has a voice.\" \/>\n<meta name=\"robots\" content=\"index, follow, max-snippet:-1, max-image-preview:large, max-video-preview:-1\" \/>\n<link rel=\"canonical\" href=\"https:\/\/www.commoncause.org\/new-york\/pl\/\" \/>\n<meta property=\"og:locale\" content=\"pl_PL\" \/>\n<meta property=\"og:type\" content=\"article\" \/>\n<meta property=\"og:title\" content=\"Home\" \/>\n<meta property=\"og:description\" content=\"With the support of over 1.5 million members, Common Cause wins concrete, pro-democracy reforms that break down barriers to participation, promote accountability, and ensure that each of us has a voice.\" \/>\n<meta property=\"og:url\" content=\"https:\/\/www.commoncause.org\/new-york\/pl\/\" \/>\n<meta property=\"og:site_name\" content=\"Common Cause New York\" \/>\n<meta property=\"article:modified_time\" content=\"2025-04-04T17:40:17+00:00\" \/>\n<meta property=\"og:image\" content=\"https:\/\/www.commoncause.org\/new-york\/wp-content\/uploads\/2024\/08\/common-cause-share-image.png\" \/>\n\t<meta property=\"og:image:width\" content=\"1200\" \/>\n\t<meta property=\"og:image:height\" content=\"630\" \/>\n\t<meta property=\"og:image:type\" content=\"image\/png\" \/>\n<meta name=\"twitter:card\" content=\"summary_large_image\" \/>\n<script type=\"application\/ld+json\" class=\"yoast-schema-graph\">{\"@context\":\"https:\/\/schema.org\",\"@graph\":[{\"@type\":\"WebPage\",\"@id\":\"https:\/\/www.commoncause.org\/new-york\/\",\"url\":\"https:\/\/www.commoncause.org\/new-york\/\",\"name\":\"Common Cause: Fighting For The Democracy We Deserve - Common Cause New York\",\"isPartOf\":{\"@id\":\"https:\/\/www.commoncause.org\/new-york\/#website\"},\"datePublished\":\"2024-05-07T15:23:12+00:00\",\"dateModified\":\"2025-04-04T17:40:17+00:00\",\"description\":\"With the support of over 1.5 million members, Common Cause wins concrete, pro-democracy reforms that break down barriers to participation, promote accountability, and ensure that each of us has a voice.\",\"breadcrumb\":{\"@id\":\"https:\/\/www.commoncause.org\/new-york\/#breadcrumb\"},\"inLanguage\":\"pl-PL\",\"potentialAction\":[{\"@type\":\"ReadAction\",\"target\":[\"https:\/\/www.commoncause.org\/new-york\/\"]}]},{\"@type\":\"BreadcrumbList\",\"@id\":\"https:\/\/www.commoncause.org\/new-york\/#breadcrumb\",\"itemListElement\":[{\"@type\":\"ListItem\",\"position\":1,\"name\":\"Home\",\"item\":\"https:\/\/www.commoncause.org\/new-york\/\"},{\"@type\":\"ListItem\",\"position\":2,\"name\":\"Home\"}]},{\"@type\":\"WebSite\",\"@id\":\"https:\/\/www.commoncause.org\/new-york\/#website\",\"url\":\"https:\/\/www.commoncause.org\/new-york\/\",\"name\":\"Common Cause New York\",\"description\":\"\",\"potentialAction\":[{\"@type\":\"SearchAction\",\"target\":{\"@type\":\"EntryPoint\",\"urlTemplate\":\"https:\/\/www.commoncause.org\/new-york\/?s={search_term_string}\"},\"query-input\":{\"@type\":\"PropertyValueSpecification\",\"valueRequired\":true,\"valueName\":\"search_term_string\"}}],\"inLanguage\":\"pl-PL\"}]}<\/script>\n<!-- \/ Yoast SEO Premium plugin. -->","yoast_head_json":{"title":"Wsp\u00f3lna Sprawa: Walka o Demokracj\u0119, Na kt\u00f3r\u0105 Zas\u0142ugujemy - Common Cause New York","description":"Dzi\u0119ki wsparciu ponad 1,5 miliona cz\u0142onk\u00f3w, Common Cause wprowadza konkretne, prodemokratyczne reformy, kt\u00f3re prze\u0142amuj\u0105 bariery utrudniaj\u0105ce uczestnictwo, promuj\u0105 odpowiedzialno\u015b\u0107 i gwarantuj\u0105, \u017ce ka\u017cdy z nas b\u0119dzie mia\u0142 g\u0142os.","robots":{"index":"index","follow":"follow","max-snippet":"max-snippet:-1","max-image-preview":"max-image-preview:large","max-video-preview":"max-video-preview:-1"},"canonical":"https:\/\/www.commoncause.org\/new-york\/pl\/","og_locale":"pl_PL","og_type":"article","og_title":"Home","og_description":"With the support of over 1.5 million members, Common Cause wins concrete, pro-democracy reforms that break down barriers to participation, promote accountability, and ensure that each of us has a voice.","og_url":"https:\/\/www.commoncause.org\/new-york\/pl\/","og_site_name":"Common Cause New York","article_modified_time":"2025-04-04T17:40:17+00:00","og_image":[{"width":1200,"height":630,"url":"https:\/\/www.commoncause.org\/new-york\/wp-content\/uploads\/2024\/08\/common-cause-share-image.png","type":"image\/png"}],"twitter_card":"summary_large_image","schema":{"@context":"https:\/\/schema.org","@graph":[{"@type":"WebPage","@id":"https:\/\/www.commoncause.org\/new-york\/","url":"https:\/\/www.commoncause.org\/new-york\/","name":"Wsp\u00f3lna Sprawa: Walka o Demokracj\u0119, Na kt\u00f3r\u0105 Zas\u0142ugujemy - Common Cause New York","isPartOf":{"@id":"https:\/\/www.commoncause.org\/new-york\/#website"},"datePublished":"2024-05-07T15:23:12+00:00","dateModified":"2025-04-04T17:40:17+00:00","description":"Dzi\u0119ki wsparciu ponad 1,5 miliona cz\u0142onk\u00f3w, Common Cause wprowadza konkretne, prodemokratyczne reformy, kt\u00f3re prze\u0142amuj\u0105 bariery utrudniaj\u0105ce uczestnictwo, promuj\u0105 odpowiedzialno\u015b\u0107 i gwarantuj\u0105, \u017ce ka\u017cdy z nas b\u0119dzie mia\u0142 g\u0142os.","breadcrumb":{"@id":"https:\/\/www.commoncause.org\/new-york\/#breadcrumb"},"inLanguage":"pl-PL","potentialAction":[{"@type":"ReadAction","target":["https:\/\/www.commoncause.org\/new-york\/"]}]},{"@type":"BreadcrumbList","@id":"https:\/\/www.commoncause.org\/new-york\/#breadcrumb","itemListElement":[{"@type":"ListItem","position":1,"name":"Home","item":"https:\/\/www.commoncause.org\/new-york\/"},{"@type":"ListItem","position":2,"name":"Home"}]},{"@type":"WebSite","@id":"https:\/\/www.commoncause.org\/new-york\/#website","url":"https:\/\/www.commoncause.org\/new-york\/","name":"Common Cause Nowy Jork","description":"","potentialAction":[{"@type":"SearchAction","target":{"@type":"EntryPoint","urlTemplate":"https:\/\/www.commoncause.org\/new-york\/?s={search_term_string}"},"query-input":{"@type":"PropertyValueSpecification","valueRequired":true,"valueName":"search_term_string"}}],"inLanguage":"pl-PL"}]}},"distributor_meta":false,"distributor_terms":false,"distributor_media":false,"distributor_original_site_name":"Common Cause New York","distributor_original_site_url":"https:\/\/www.commoncause.org\/new-york\/pl","push-errors":false,"_links":{"self":[{"href":"https:\/\/www.commoncause.org\/new-york\/pl\/wp-json\/wp\/v2\/pages\/47","targetHints":{"allow":["GET"]}}],"collection":[{"href":"https:\/\/www.commoncause.org\/new-york\/pl\/wp-json\/wp\/v2\/pages"}],"about":[{"href":"https:\/\/www.commoncause.org\/new-york\/pl\/wp-json\/wp\/v2\/types\/page"}],"author":[{"embeddable":true,"href":"https:\/\/www.commoncause.org\/new-york\/pl\/wp-json\/wp\/v2\/users\/2"}],"replies":[{"embeddable":true,"href":"https:\/\/www.commoncause.org\/new-york\/pl\/wp-json\/wp\/v2\/comments?post=47"}],"version-history":[{"count":30,"href":"https:\/\/www.commoncause.org\/new-york\/pl\/wp-json\/wp\/v2\/pages\/47\/revisions"}],"predecessor-version":[{"id":2335,"href":"https:\/\/www.commoncause.org\/new-york\/pl\/wp-json\/wp\/v2\/pages\/47\/revisions\/2335"}],"wp:attachment":[{"href":"https:\/\/www.commoncause.org\/new-york\/pl\/wp-json\/wp\/v2\/media?parent=47"}],"curies":[{"name":"wp","href":"https:\/\/api.w.org\/{rel}","templated":true}]}}