{"id":2464,"date":"2025-10-28T15:55:16","date_gmt":"2025-10-28T19:55:16","guid":{"rendered":"https:\/\/www.commoncause.org\/new-york\/?page_id=2464"},"modified":"2025-10-29T17:47:34","modified_gmt":"2025-10-29T21:47:34","slug":"2464-2","status":"publish","type":"page","link":"https:\/\/www.commoncause.org\/new-york\/pl\/priorities\/2464-2\/","title":{"rendered":""},"content":{"rendered":"","protected":false},"excerpt":{"rendered":"","protected":false},"author":136,"featured_media":0,"parent":21,"menu_order":0,"comment_status":"closed","ping_status":"closed","template":"","meta":{"_acf_changed":false,"_relevanssi_hide_post":"","_relevanssi_hide_content":"","_relevanssi_pin_for_all":"","_relevanssi_pin_keywords":"","_relevanssi_unpin_keywords":"","_relevanssi_related_keywords":"","_relevanssi_related_include_ids":"","_relevanssi_related_exclude_ids":"","_relevanssi_related_no_append":"","_relevanssi_related_not_related":"","_relevanssi_related_posts":"","_relevanssi_noindex_reason":""},"class_list":["post-2464","page","type-page","status-publish","hentry"],"acf":{"header":{"component_page_header":{"header_type":"default","title":"Stanowiska Common Cause New York w sprawie propozycji g\u0142osowania w Nowym Jorku w wyborach powszechnych w 2025 r.","lead":"","image":"","subnavigation":false}},"sidebar":{"helper_enable_sidebar":false,"helper_media_contact":{"heading":"Media Contact","manually_enter_person":false,"person":"","name":"","role":"","phone":"","email":""},"helper_links_downloads":{"heading":"Links & Downloads","links":null}},"page_layout":[{"acf_fc_layout":"layout_wysiwyg","_acfe_flexible_toggle":"","component_wysiwyg":{"content":"<h1><b>T\u0142o<\/b><\/h1>\r\n<span style=\"font-weight: 400;\">Common Cause New York jest organizacj\u0105 monitoruj\u0105c\u0105 dzia\u0142ania rz\u0105du od ponad 50 lat, nadzoruj\u0105c\u0105 odpowiedzialno\u015b\u0107 w\u0142adz zar\u00f3wno w mie\u015bcie, jak i w stanie. Poniewa\u017c uwa\u017cnie monitorujemy Komisj\u0119 ds. Rewizji Karty, apelujemy do wyborc\u00f3w o po\u015bwi\u0119cenie czasu na zrozumienie i zapoznanie si\u0119 z projektem ustawy.\u00a0<\/span>\r\n\r\n<span style=\"font-weight: 400;\">Zaanga\u017cowanie si\u0119 w projekty g\u0142osowania jest kluczowe dla Nowojorczyk\u00f3w, poniewa\u017c \u015brodki te bezpo\u015brednio kszta\u0142tuj\u0105 funkcjonowanie naszych w\u0142adz stanowych i lokalnych, wp\u0142ywaj\u0105c na nasze codzienne \u017cycie w takim samym stopniu, jak wyniki wybor\u00f3w kandydat\u00f3w. Projekty g\u0142osowania reprezentuj\u0105 demokracj\u0119 bezpo\u015bredni\u0105 w dzia\u0142aniu, daj\u0105c wyborcom mo\u017cliwo\u015b\u0107 samodzielnego decydowania o wa\u017cnych sprawach, zamiast polega\u0107 wy\u0142\u0105cznie na politykach reprezentuj\u0105cych ich interesy. Niestety, projekty g\u0142osowania s\u0105 cz\u0119sto pomijane przez wyborc\u00f3w. Mo\u017ce to prowadzi\u0107 do sytuacji, w kt\u00f3rej niewielka mniejszo\u015b\u0107 decyduje o wynikach projekt\u00f3w, kt\u00f3re dotycz\u0105 wszystkich. Dlatego tym wa\u017cniejsze jest, aby Tw\u00f3j g\u0142os zosta\u0142 us\u0142yszany. <\/span>\r\n\r\n<span style=\"font-weight: 400;\">W odpowiedzi na wielokrotne pro\u015bby o przedstawienie naszych stanowisk w kwestiach poruszanych na karcie do g\u0142osowania w Nowym Jorku, poddali\u015bmy je dalszej analizie i zaj\u0119li\u015bmy nast\u0119puj\u0105ce stanowiska. Stanowiska Common Cause NY opieraj\u0105 si\u0119 na naszej ocenie jako dobrego rzecznika rz\u0105du, dbaj\u0105cego o efektywno\u015b\u0107 rz\u0105du i utrzymanie systemu kontroli i r\u00f3wnowagi. Nie zaj\u0119li\u015bmy stanowiska w kwestiach, kt\u00f3re naszym zdaniem nie maj\u0105 wp\u0142ywu na nasze g\u0142\u00f3wne obszary zainteresowania.<\/span>\r\n<h1><b>Propozycje dotycz\u0105ce g\u0142osowania w wyborach powszechnych w Nowym Jorku<\/b><\/h1>\r\n<i><span style=\"font-weight: 400;\">Pytanie 1: Poprawka zezwalaj\u0105ca na budow\u0119 kompleksu sport\u00f3w olimpijskich w hrabstwie Essex na terenie rezerwatu las\u00f3w pa\u0144stwowych<\/span><\/i>\r\n<ul>\r\n \t<li style=\"font-weight: 400;\" aria-level=\"1\"><span style=\"font-weight: 400;\">Ta propozycja umo\u017cliwi\u0142aby rozbudow\u0119 nowych tras narciarskich w kompleksie sportowym Olympic w hrabstwie Essex w stanie Nowy Jork. Kompleks ten znajduje si\u0119 na terenie rezerwatu le\u015bnego stanu. Propozycja ta wymaga\u0142aby r\u00f3wnie\u017c, aby stan Nowy Jork doda\u0142 2500 akr\u00f3w (ok. 1000 hektar\u00f3w) chronionych teren\u00f3w le\u015bnych do parku Adirondack.<\/span><\/li>\r\n \t<li style=\"font-weight: 400;\" aria-level=\"1\"><span style=\"font-weight: 400;\">G\u0142osowanie CCNY:<\/span><strong> Brak stanowiska.<\/strong><\/li>\r\n<\/ul>\r\n<i><span style=\"font-weight: 400;\">Pytanie 2: Przyspieszenie budowy mieszka\u0144 komunalnych w celu zbudowania wi\u0119kszej liczby mieszka\u0144 komunalnych w ca\u0142ym mie\u015bcie<\/span><\/i><span style=\"font-weight: 400;\">\u00a0<\/span>\r\n<ul>\r\n \t<li style=\"font-weight: 400;\" aria-level=\"1\"><span style=\"font-weight: 400;\">Ta propozycja stworzy\u0142aby nowe, przyspieszone procedury publiczne dotycz\u0105ce mieszka\u0144 komunalnych. Po pierwsze, stworzy\u0142aby now\u0105 procedur\u0119 w Radzie ds. Standard\u00f3w i Odwo\u0142a\u0144 (BSA), kt\u00f3ra mog\u0142aby przyznawa\u0107 ulgi w planowaniu przestrzennym dla publicznie finansowanych projekt\u00f3w mieszka\u0144 komunalnych. Po drugie, ustanowi\u0142aby now\u0105, usprawnion\u0105 procedur\u0119 publicznej oceny wniosk\u00f3w o zapewnienie mieszka\u0144 komunalnych w dzielnicach, kt\u00f3re zezwoli\u0142y na budow\u0119 mieszka\u0144 o najni\u017cszym standardzie. Ta propozycja opiera si\u0119 na Ramach Uczciwego Mieszkalnictwa Rady Miasta Nowego Jorku, kt\u00f3re zosta\u0142y jednog\u0142o\u015bnie przyj\u0119te w 2023 roku.\u00a0<\/span><\/li>\r\n \t<li style=\"font-weight: 400;\" aria-level=\"1\"><span style=\"font-weight: 400;\">G\u0142osowanie CCNY:<\/span><strong> Brak stanowiska.<\/strong><\/li>\r\n<\/ul>\r\n<i><span style=\"font-weight: 400;\">Pytanie 3: Uproszczenie przegl\u0105du projekt\u00f3w mieszkaniowych i infrastrukturalnych o umiarkowanym standardzie\u00a0<\/span><\/i>\r\n<ul>\r\n \t<li style=\"font-weight: 400;\" aria-level=\"1\"><span style=\"font-weight: 400;\">Niniejsza propozycja ma na celu utworzenie ELURP, czyli nowego, uproszczonego procesu przegl\u0105du niekt\u00f3rych zmian w u\u017cytkowaniu grunt\u00f3w, w tym niewielkiego zwi\u0119kszenia dozwolonej powierzchni mieszkaniowej, nabywania i zbywania grunt\u00f3w w celu u\u0142atwienia budowy mieszka\u0144 komunalnych oraz realizacji pilnie potrzebnych projekt\u00f3w zwi\u0119kszaj\u0105cych odporno\u015b\u0107 na zmiany klimatu.\u00a0<\/span><\/li>\r\n \t<li style=\"font-weight: 400;\" aria-level=\"1\"><span style=\"font-weight: 400;\">G\u0142osowanie CCNY:<\/span><strong> Brak stanowiska.<\/strong><\/li>\r\n<\/ul>\r\n<i><span style=\"font-weight: 400;\">Pytanie 4: Utworzenie Komisji Apelacyjnej ds. Mieszkalnictwa Przyst\u0119pnego Cenowo, w sk\u0142ad kt\u00f3rej wejd\u0105 przedstawiciele Rady, Dzielnicy i ca\u0142ego miasta<\/span><\/i><span style=\"font-weight: 400;\">\u00a0<\/span>\r\n<ul>\r\n \t<li style=\"font-weight: 400;\" aria-level=\"1\"><span style=\"font-weight: 400;\">Propozycja ta zak\u0142ada\u0142aby utworzenie nowej Rady Odwo\u0142awczej ds. Mieszkalnictwa Przyst\u0119pnego Cenowo, w sk\u0142ad kt\u00f3rej weszliby przewodnicz\u0105cy w\u0142a\u015bciwej gminy, przewodnicz\u0105cy Rady Miasta i burmistrz. Rada mia\u0142aby zast\u0105pi\u0107 weto burmistrza na koniec Jednolitej Procedury Przegl\u0105du Zagospodarowania Przestrzennego (ULURP) w przypadku projekt\u00f3w maj\u0105cych na celu stworzenie mieszka\u0144 przyst\u0119pnych cenowo. Rada Odwo\u0142awcza mia\u0142aby prawo uchyla\u0107 decyzje Rady Miasta w niekt\u00f3rych sprawach dotycz\u0105cych u\u017cytkowania grunt\u00f3w tylko za zgod\u0105 dw\u00f3ch z trzech urz\u0119dnik\u00f3w. W odpowiedzi na g\u0142osy mieszka\u0144c\u00f3w, propozycja ta zosta\u0142a zmodyfikowana tak, aby obejmowa\u0142a wy\u0142\u0105cznie projekty maj\u0105ce na celu stworzenie mieszka\u0144 przyst\u0119pnych cenowo, a nie wszystkie wnioski o zagospodarowanie grunt\u00f3w.\u00a0<\/span><\/li>\r\n \t<li style=\"font-weight: 400;\" aria-level=\"1\"><span style=\"font-weight: 400;\">G\u0142osowanie CCNY:<\/span><strong> Zalecamy g\u0142osowanie NIE.<\/strong><\/li>\r\n \t<li style=\"font-weight: 400;\" aria-level=\"1\"><span style=\"font-weight: 400;\">Racjonalne uzasadnienie:<\/span><span style=\"font-weight: 400;\"> Organizacja Common Cause NY sprzeciwia si\u0119 temu rozwi\u0105zaniu, poniewa\u017c w praktyce wyeliminowa\u0142oby ono Rad\u0119 Miasta z procesu zatwierdzania zagospodarowania przestrzennego i zast\u0105pi\u0142o jej kompetencje proponowan\u0105 Rad\u0105 Apelacyjn\u0105. Rada \u2013 z\u0142o\u017cona z przewodnicz\u0105cego lokalnej gminy, przewodnicz\u0105cego Rady Miasta i burmistrza \u2013 skonsolidowa\u0142aby znaczn\u0105 w\u0142adz\u0119 decyzyjn\u0105 w r\u0119kach niewielkiej grupy urz\u0119dnik\u00f3w. Chocia\u017c niekt\u00f3rzy cz\u0142onkowie rady nadu\u017cyli szacunku, ta rewizja Karty Miasta nie jest w\u0142a\u015bciwym \u015brodkiem naprawczym. Jest to nieuzasadniona zmiana w r\u00f3wnowadze si\u0142 mi\u0119dzy w\u0142adz\u0105 wykonawcz\u0105 a ustawodawcz\u0105 w\u0142adz miasta, w i tak ju\u017c niezr\u00f3wnowa\u017conym systemie, kt\u00f3ry faworyzuje w\u0142adz\u0119 burmistrza.<\/span><\/li>\r\n<\/ul>\r\n<i><span style=\"font-weight: 400;\">Pytanie 5: Stworzenie cyfrowej mapy miasta w celu unowocze\u015bnienia funkcjonowania miasta<\/span><\/i>\r\n<ul>\r\n \t<li style=\"font-weight: 400;\" aria-level=\"1\"><span style=\"font-weight: 400;\">Ta propozycja mia\u0142aby na celu konsolidacj\u0119 oficjalnej mapy miasta, kt\u00f3ra odgrywa ma\u0142o znan\u0105, ale kluczow\u0105 rol\u0119 w zatwierdzaniu projekt\u00f3w mieszkaniowych i infrastrukturalnych, w jedn\u0105 map\u0119 i jej digitalizacj\u0119. Obecnie mapa miasta sk\u0142ada si\u0119 z pi\u0119ciu r\u00f3\u017cnych zestaw\u00f3w map, po jednym dla ka\u017cdej dzielnicy, co daje \u0142\u0105cznie ponad 8000 pojedynczych map papierowych.<\/span><\/li>\r\n \t<li style=\"font-weight: 400;\" aria-level=\"1\"><span style=\"font-weight: 400;\">Stanowisko CCNY:<\/span><strong> Zalecamy g\u0142osowanie TAK.<\/strong><\/li>\r\n \t<li style=\"font-weight: 400;\" aria-level=\"1\"><span style=\"font-weight: 400;\">Racjonalne uzasadnienie:<\/span> <span style=\"font-weight: 400;\">Common Cause New York popiera Propozycj\u0119 5 jako og\u00f3lny \u015brodek zwi\u0119kszenia efektywno\u015bci rz\u0105du.\u00a0<\/span><\/li>\r\n<\/ul>\r\n<i><span style=\"font-weight: 400;\">Pytanie 6: Przeniesienie wybor\u00f3w lokalnych na lata wybor\u00f3w prezydenckich w celu zwi\u0119kszenia frekwencji wyborczej<\/span><\/i>\r\n<ul>\r\n \t<li style=\"font-weight: 400;\" aria-level=\"1\"><span style=\"font-weight: 400;\">Propozycja ta zak\u0142ada\u0142aby przesuni\u0119cie daty wybor\u00f3w wst\u0119pnych i powszechnych w Nowym Jorku na lata parzyste, w kt\u00f3rych odbywaj\u0105 si\u0119 wybory prezydenckie, aby zwi\u0119kszy\u0107 frekwencj\u0119 wyborcz\u0105, uczyni\u0107 lokaln\u0105 demokracj\u0119 bardziej inkluzywn\u0105 i zaoszcz\u0119dzi\u0107 pieni\u0105dze podatnik\u00f3w. Zmiana ta wymaga\u0142aby r\u00f3wnie\u017c dalszej zmiany w Konstytucji Stanu Nowy Jork, zanim mog\u0142aby wej\u015b\u0107 w \u017cycie.<\/span><\/li>\r\n \t<li style=\"font-weight: 400;\" aria-level=\"1\"><span style=\"font-weight: 400;\">G\u0142osowanie CCNY:<\/span><span style=\"font-weight: 400;\"><strong> Zalecamy g\u0142osowanie TAK.<\/strong><\/span><\/li>\r\n \t<li style=\"font-weight: 400;\" aria-level=\"1\">Uzasadnienie: Common Cause New York zdecydowanie popiera t\u0119 propozycj\u0119. Od wielu lat konsekwentnie opowiadamy si\u0119 za konsolidacj\u0105 wybor\u00f3w w latach parzystych, poprzez r\u00f3\u017cnorodne dzia\u0142ania legislacyjne i poprawki do konstytucji w Albany. Do\u015bwiadczenia z innych jurysdykcji pokazuj\u0105, \u017ce konsolidacja wybor\u00f3w lokalnych z wyborami stanowymi i federalnymi w latach parzystych skutkuje znacznie wi\u0119ksz\u0105 liczb\u0105 os\u00f3b g\u0142osuj\u0105cych w lokalnych wy\u015bcigach i sprawach, tj. wy\u017csz\u0105 frekwencj\u0105 wyborcz\u0105 w wyborach lokalnych.<\/li>\r\n<\/ul>\r\n<em>*Uwaga: Common Cause New York zmieni\u0142o ten artyku\u0142 29 pa\u017adziernika 2025 r., aby dostosowa\u0107 go do dok\u0142adnej definicji proponowanej Rady Apelacyjnej (wspomnianej w pytaniu 4).<\/em>"}}]},"yoast_head":"<!-- This site is optimized with the Yoast SEO Premium plugin v26.6 (Yoast SEO v27.1.1) - https:\/\/yoast.com\/product\/yoast-seo-premium-wordpress\/ -->\n<title>- Common Cause New York<\/title>\n<meta name=\"robots\" content=\"index, follow, max-snippet:-1, max-image-preview:large, max-video-preview:-1\" \/>\n<link rel=\"canonical\" href=\"https:\/\/www.commoncause.org\/new-york\/pl\/priorytety\/2464-2\/\" \/>\n<meta property=\"og:locale\" content=\"pl_PL\" \/>\n<meta property=\"og:type\" content=\"article\" \/>\n<meta property=\"og:url\" content=\"https:\/\/www.commoncause.org\/new-york\/pl\/priorytety\/2464-2\/\" \/>\n<meta property=\"og:site_name\" content=\"Common Cause New York\" \/>\n<meta property=\"article:modified_time\" content=\"2025-10-29T21:47:34+00:00\" \/>\n<meta property=\"og:image\" content=\"https:\/\/www.commoncause.org\/new-york\/wp-content\/uploads\/2024\/08\/common-cause-share-image.png\" \/>\n\t<meta property=\"og:image:width\" content=\"1200\" \/>\n\t<meta property=\"og:image:height\" content=\"630\" \/>\n\t<meta property=\"og:image:type\" content=\"image\/png\" \/>\n<meta name=\"twitter:card\" content=\"summary_large_image\" \/>\n<script type=\"application\/ld+json\" class=\"yoast-schema-graph\">{\"@context\":\"https:\/\/schema.org\",\"@graph\":[{\"@type\":\"WebPage\",\"@id\":\"https:\/\/www.commoncause.org\/new-york\/priorities\/2464-2\/\",\"url\":\"https:\/\/www.commoncause.org\/new-york\/priorities\/2464-2\/\",\"name\":\"- Common Cause New York\",\"isPartOf\":{\"@id\":\"https:\/\/www.commoncause.org\/new-york\/#website\"},\"datePublished\":\"2025-10-28T19:55:16+00:00\",\"dateModified\":\"2025-10-29T21:47:34+00:00\",\"breadcrumb\":{\"@id\":\"https:\/\/www.commoncause.org\/new-york\/priorities\/2464-2\/#breadcrumb\"},\"inLanguage\":\"pl-PL\",\"potentialAction\":[{\"@type\":\"ReadAction\",\"target\":[\"https:\/\/www.commoncause.org\/new-york\/priorities\/2464-2\/\"]}]},{\"@type\":\"BreadcrumbList\",\"@id\":\"https:\/\/www.commoncause.org\/new-york\/priorities\/2464-2\/#breadcrumb\",\"itemListElement\":[{\"@type\":\"ListItem\",\"position\":1,\"name\":\"Home\",\"item\":\"https:\/\/www.commoncause.org\/new-york\/\"},{\"@type\":\"ListItem\",\"position\":2,\"name\":\"Priorities\",\"item\":\"https:\/\/www.commoncause.org\/new-york\/priorities\/\"}]},{\"@type\":\"WebSite\",\"@id\":\"https:\/\/www.commoncause.org\/new-york\/#website\",\"url\":\"https:\/\/www.commoncause.org\/new-york\/\",\"name\":\"Common Cause New York\",\"description\":\"\",\"potentialAction\":[{\"@type\":\"SearchAction\",\"target\":{\"@type\":\"EntryPoint\",\"urlTemplate\":\"https:\/\/www.commoncause.org\/new-york\/?s={search_term_string}\"},\"query-input\":{\"@type\":\"PropertyValueSpecification\",\"valueRequired\":true,\"valueName\":\"search_term_string\"}}],\"inLanguage\":\"pl-PL\"}]}<\/script>\n<!-- \/ Yoast SEO Premium plugin. -->","yoast_head_json":{"title":"- Common Cause Nowy Jork","robots":{"index":"index","follow":"follow","max-snippet":"max-snippet:-1","max-image-preview":"max-image-preview:large","max-video-preview":"max-video-preview:-1"},"canonical":"https:\/\/www.commoncause.org\/new-york\/pl\/priorytety\/2464-2\/","og_locale":"pl_PL","og_type":"article","og_url":"https:\/\/www.commoncause.org\/new-york\/pl\/priorytety\/2464-2\/","og_site_name":"Common Cause New York","article_modified_time":"2025-10-29T21:47:34+00:00","og_image":[{"width":1200,"height":630,"url":"https:\/\/www.commoncause.org\/new-york\/wp-content\/uploads\/2024\/08\/common-cause-share-image.png","type":"image\/png"}],"twitter_card":"summary_large_image","schema":{"@context":"https:\/\/schema.org","@graph":[{"@type":"WebPage","@id":"https:\/\/www.commoncause.org\/new-york\/priorities\/2464-2\/","url":"https:\/\/www.commoncause.org\/new-york\/priorities\/2464-2\/","name":"- Common Cause Nowy Jork","isPartOf":{"@id":"https:\/\/www.commoncause.org\/new-york\/#website"},"datePublished":"2025-10-28T19:55:16+00:00","dateModified":"2025-10-29T21:47:34+00:00","breadcrumb":{"@id":"https:\/\/www.commoncause.org\/new-york\/priorities\/2464-2\/#breadcrumb"},"inLanguage":"pl-PL","potentialAction":[{"@type":"ReadAction","target":["https:\/\/www.commoncause.org\/new-york\/priorities\/2464-2\/"]}]},{"@type":"BreadcrumbList","@id":"https:\/\/www.commoncause.org\/new-york\/priorities\/2464-2\/#breadcrumb","itemListElement":[{"@type":"ListItem","position":1,"name":"Home","item":"https:\/\/www.commoncause.org\/new-york\/"},{"@type":"ListItem","position":2,"name":"Priorities","item":"https:\/\/www.commoncause.org\/new-york\/priorities\/"}]},{"@type":"WebSite","@id":"https:\/\/www.commoncause.org\/new-york\/#website","url":"https:\/\/www.commoncause.org\/new-york\/","name":"Common Cause Nowy Jork","description":"","potentialAction":[{"@type":"SearchAction","target":{"@type":"EntryPoint","urlTemplate":"https:\/\/www.commoncause.org\/new-york\/?s={search_term_string}"},"query-input":{"@type":"PropertyValueSpecification","valueRequired":true,"valueName":"search_term_string"}}],"inLanguage":"pl-PL"}]}},"distributor_meta":false,"distributor_terms":false,"distributor_media":false,"distributor_original_site_name":"Common Cause New York","distributor_original_site_url":"https:\/\/www.commoncause.org\/new-york\/pl","push-errors":false,"_links":{"self":[{"href":"https:\/\/www.commoncause.org\/new-york\/pl\/wp-json\/wp\/v2\/pages\/2464","targetHints":{"allow":["GET"]}}],"collection":[{"href":"https:\/\/www.commoncause.org\/new-york\/pl\/wp-json\/wp\/v2\/pages"}],"about":[{"href":"https:\/\/www.commoncause.org\/new-york\/pl\/wp-json\/wp\/v2\/types\/page"}],"author":[{"embeddable":true,"href":"https:\/\/www.commoncause.org\/new-york\/pl\/wp-json\/wp\/v2\/users\/136"}],"replies":[{"embeddable":true,"href":"https:\/\/www.commoncause.org\/new-york\/pl\/wp-json\/wp\/v2\/comments?post=2464"}],"version-history":[{"count":5,"href":"https:\/\/www.commoncause.org\/new-york\/pl\/wp-json\/wp\/v2\/pages\/2464\/revisions"}],"predecessor-version":[{"id":2469,"href":"https:\/\/www.commoncause.org\/new-york\/pl\/wp-json\/wp\/v2\/pages\/2464\/revisions\/2469"}],"up":[{"embeddable":true,"href":"https:\/\/www.commoncause.org\/new-york\/pl\/wp-json\/wp\/v2\/pages\/21"}],"wp:attachment":[{"href":"https:\/\/www.commoncause.org\/new-york\/pl\/wp-json\/wp\/v2\/media?parent=2464"}],"curies":[{"name":"wp","href":"https:\/\/api.w.org\/{rel}","templated":true}]}}