{"id":24,"date":"2024-05-07T13:49:43","date_gmt":"2024-05-07T13:49:43","guid":{"rendered":"https:\/\/www.commoncause.org\/new-york\/donate\/"},"modified":"2024-08-09T18:09:47","modified_gmt":"2024-08-09T22:09:47","slug":"podarowac","status":"publish","type":"page","link":"https:\/\/www.commoncause.org\/new-york\/pl\/donate\/","title":{"rendered":"Podarowa\u0107"},"content":{"rendered":"","protected":false},"excerpt":{"rendered":"","protected":false},"author":1,"featured_media":0,"parent":0,"menu_order":0,"comment_status":"closed","ping_status":"closed","template":"","meta":{"_acf_changed":false,"_relevanssi_hide_post":"","_relevanssi_hide_content":"","_relevanssi_pin_for_all":"","_relevanssi_pin_keywords":"","_relevanssi_unpin_keywords":"","_relevanssi_related_keywords":"","_relevanssi_related_include_ids":"","_relevanssi_related_exclude_ids":"","_relevanssi_related_no_append":"","_relevanssi_related_not_related":"","_relevanssi_related_posts":"","_relevanssi_noindex_reason":""},"class_list":["post-24","page","type-page","status-publish","hentry"],"acf":{"header":{"component_page_header":{"header_type":"default","title":"Przeka\u017c darowizn\u0119 na rzecz Common Cause New York","lead":"","image":"","subnavigation":false}},"sidebar":{"helper_enable_sidebar":false,"helper_media_contact":{"heading":"","manually_enter_person":false,"person":"","name":"","role":"","phone":"","email":""},"helper_links_downloads":{"heading":"","links":null}},"page_layout":[{"acf_fc_layout":"layout_wysiwyg","_acfe_flexible_toggle":"","component_wysiwyg":{"content":"Common Cause New York jest liderem w walkach, kt\u00f3re maj\u0105 znaczenie na szczeblu lokalnym, stanowym i krajowym. Twoje wsparcie nap\u0119dza oddolne, prawne i ustawodawcze dzia\u0142ania, aby przeciwstawi\u0107 si\u0119 interesom specjalnym, poci\u0105gn\u0105\u0107 wybranych urz\u0119dnik\u00f3w do odpowiedzialno\u015bci i budowa\u0107 demokracj\u0119, na kt\u00f3r\u0105 zas\u0142uguj\u0105 wszyscy Amerykanie."}},{"acf_fc_layout":"layout_basic_html","_acfe_flexible_toggle":"","component_basic_html":{"heading":"Be a champion for Democracy","code":"<script src='https:\/\/actionnetwork.org\/widgets\/v5\/fundraising\/common-cause-new-york?format=js&source=website&css=whitelabel&'><\/script><div id='can-fundraising-area-common-cause-new-york' style='width: 100%'><\/div>","width":"medium"}},{"acf_fc_layout":"layout_wysiwyg","_acfe_flexible_toggle":"","component_wysiwyg":{"content":"<h3>Inne sposoby na dawanie\u2026<\/h3>\r\nIstnieje wiele sposob\u00f3w na wsparcie misji Common Cause, aby poci\u0105gn\u0105\u0107 w\u0142adz\u0119 do odpowiedzialno\u015bci. Je\u015bli masz pytania lub nie widzisz preferowanej metody przekazywania darowizn, skontaktuj si\u0119 z Dzia\u0142em Obs\u0142ugi Cz\u0142onk\u00f3w pod numerem: (202) 833-1200 lub\u00a0<a href=\"mailto:giving@commoncause.org\">giving@commoncause.org<\/a>\u00a0Ch\u0119tnie om\u00f3wimy z Tob\u0105 mo\u017cliwo\u015bci wniesienia wk\u0142adu.\r\n\r\n<strong>Przeka\u017c darowizn\u0119 z Funduszu Doradztwa Darczy\u0144c\u00f3w\u00a0<\/strong>\r\n\r\nProsimy o rozwa\u017cenie przekazania darowizny na rzecz Common Cause Education Fund za po\u015brednictwem funduszu darczy\u0144c\u00f3w rekomendowanych. <b>Pytania?<\/b> Prosimy o kontakt mailowy lub telefoniczny z Rachel Queirolo, Krajow\u0105 Dyrektor ds. Du\u017cych Darowizn pod numerem <a href=\"mailto:rqueirolo@commoncause.org\">rqueirolo@commoncause.org<\/a> lub (202)-736-5773.\r\n\r\n<strong>Darowizny odliczane od podatku<\/strong>\r\n\r\nWp\u0142aty na Common Cause nie s\u0105 odliczane od podatku, poniewa\u017c nasza praca obejmuje lobbing na rzecz reform. Mo\u017cesz jednak dokona\u0107 odliczanej od podatku wp\u0142aty na rzecz naszego podmiotu stowarzyszonego Common Cause Education Fund, organizacji charytatywnej 501(c)3, kt\u00f3ra wspiera nasze wysi\u0142ki na rzecz rozliczania w\u0142adzy poprzez zaanga\u017cowanie obywatelskie i edukacj\u0119 publiczn\u0105. <a href=\"https:\/\/www.commoncause.org\/new-york\/pl\/podarowac\/fundusz-edukacyjny\/\">Kliknij tutaj, aby dokona\u0107 darowizny podlegaj\u0105cej odliczeniu od podatku &gt;&gt;<\/a>\r\n\r\n<strong>Konto emerytalne i IRA Giving<\/strong>\r\n\r\nDodanie Common Cause Education Fund jako beneficjenta konta emerytalnego lub indywidualnego rachunku emerytalnego IRA to kolejny prosty i korzystny podatkowo spos\u00f3b na wzmocnienie demokracji i promowanie dobrych rz\u0105d\u00f3w. <a href=\"https:\/\/www.commoncause.org\/new-york\/pl\/retirement-funds-or-iras\/\">Kliknij tutaj, aby dowiedzie\u0107 si\u0119 wi\u0119cej o przekazywaniu darowizn na konta emerytalne i indywidualne rachunki emerytalne (IRA).<\/a>\r\n\r\n<strong>Wesprzyj Wsp\u00f3ln\u0105 Spraw\u0119 w swoim testamencie<\/strong>\r\n\r\nPom\u00f3\u017c zagwarantowa\u0107 obietnic\u0119 demokracji dla nast\u0119pnego pokolenia, pozostawiaj\u0105c <a href=\"https:\/\/www.commoncause.org\/new-york\/pl\/support-common-cause-in-your-will\/\">darowizna maj\u0105tkowa, np. zapis testamentowy lub inny zaplanowany dar<\/a>. U\u017cyj tego <a href=\"https:\/\/www.freewill.com\/commoncause?utm_source=partner&amp;utm_medium=donatepage&amp;utm_campaign=commoncause_website\">BEZP\u0141ATNE narz\u0119dzie do pisania testamentu<\/a> aby szybko i \u0142atwo rozpocz\u0105\u0107 prac\u0119.\r\n\r\n<strong>Darowizny w miejscu pracy<\/strong>\r\n\r\nDarowizny na rzecz Common Cause poprzez darowizny w miejscu pracy s\u0105 wygodne i maj\u0105 wp\u0142yw. Umo\u017cliwiaj\u0105 pracownikom bezproblemowe wspieranie dzia\u0142a\u0144 na rzecz odpowiedzialno\u015bci rz\u0105du i reform demokracji poprzez potr\u0105cenia z wynagrodze\u0144. Programy dopasowywania darowizn mog\u0105 zwi\u0119kszy\u0107 sk\u0142adki, maksymalizuj\u0105c wp\u0142yw. <a href=\"https:\/\/www.commoncause.org\/new-york\/pl\/workplace-giving\/\">Dowiedz si\u0119 wi\u0119cej o darowiznach w miejscu pracy tutaj &gt;&gt;<\/a>\r\n\r\n<strong>Dary akcji<\/strong>\r\n\r\nDarowizny w postaci akcji i papier\u00f3w warto\u015bciowych mo\u017cna przekazywa\u0107 na rzecz Common Cause i naszego powi\u0105zanego Common Cause Education Fund za po\u015brednictwem Wells Fargo. <a href=\"https:\/\/www.commoncause.org\/new-york\/pl\/gifts-of-stock\/\">Aby uzyska\u0107 szczeg\u00f3\u0142owe informacje na temat darowizn akcji, kliknij tutaj &gt;&gt;<\/a>\r\n\r\n<strong>Wspieranie Wsp\u00f3lnej Sprawy poprzez Fundacj\u0119<\/strong>\r\n\r\nJe\u015bli jeste\u015b zwi\u0105zany z fundacj\u0105 i chcesz dowiedzie\u0107 si\u0119 wi\u0119cej o naszym wp\u0142ywie lub przekaza\u0107 dotacj\u0119 na rzecz Common Cause Education Fund, skontaktuj si\u0119 z naszym dyrektorem ds. relacji z fundacjami Samem Voorheesem pod adresem <a href=\"mailto:svoorhees@commoncause.org\">svoorhees@commoncause.org<\/a> lub (202)-736-5723.\r\n\r\n<strong>Darowizny przyw\u00f3dcze<\/strong>\r\n\r\nDokonuj\u0105c darowizny w wysoko\u015bci $10 000 lub wi\u0119cej, do\u0142\u0105czysz do grupy oddanych obro\u0144c\u00f3w demokracji w ca\u0142ym kraju. Twoja darowizna zasila nasz\u0105 ochron\u0119 wybor\u00f3w, spory s\u0105dowe, redystrybucj\u0119, zwalczanie dezinformacji wyborczej, rozliczanie Trumpa i wiele wi\u0119cej. <b>Pytania?<\/b> Prosimy o kontakt mailowy lub telefoniczny z Rachel Queirolo, Krajow\u0105 Dyrektor ds. Du\u017cych Darowizn pod numerem <a href=\"mailto:rqueirolo@commoncause.org\">rqueirolo@commoncause.org<\/a> lub (202)-736-5773.\r\n\r\n<strong>Prezenty pami\u0105tkowe i honorowe<\/strong>\r\n\r\nDarowizna na rzecz demokracji przekazana w imieniu bliskiej Ci osoby to wspania\u0142y spos\u00f3b na okazanie wsparcia dla dzia\u0142alno\u015bci Common Cause. <a href=\"https:\/\/www.commoncause.org\/new-york\/pl\/memorial-honorary-gifts\/\">Je\u015bli chcesz z\u0142o\u017cy\u0107 darowizn\u0119 na pami\u0105tk\u0119 lub honorow\u0105, kliknij tutaj<\/a> lub skontaktuj si\u0119 z Samem Andersonem-Chinnesem pod adresem <a href=\"mailto:sanderson@commoncause.org\">sanderson@commoncause.org<\/a>."}}]},"yoast_head":"<!-- This site is optimized with the Yoast SEO Premium plugin v26.6 (Yoast SEO v27.1.1) - https:\/\/yoast.com\/product\/yoast-seo-premium-wordpress\/ -->\n<title>Donate - Common Cause New York<\/title>\n<meta name=\"robots\" content=\"index, follow, max-snippet:-1, max-image-preview:large, max-video-preview:-1\" \/>\n<link rel=\"canonical\" href=\"https:\/\/www.commoncause.org\/new-york\/pl\/podarowac\/\" \/>\n<meta property=\"og:locale\" content=\"pl_PL\" \/>\n<meta property=\"og:type\" content=\"article\" \/>\n<meta property=\"og:title\" content=\"Donate\" \/>\n<meta property=\"og:url\" content=\"https:\/\/www.commoncause.org\/new-york\/pl\/podarowac\/\" \/>\n<meta property=\"og:site_name\" content=\"Common Cause New York\" \/>\n<meta property=\"article:modified_time\" content=\"2024-08-09T22:09:47+00:00\" \/>\n<meta property=\"og:image\" content=\"https:\/\/www.commoncause.org\/new-york\/wp-content\/uploads\/2024\/08\/common-cause-share-image.png\" \/>\n\t<meta property=\"og:image:width\" content=\"1200\" \/>\n\t<meta property=\"og:image:height\" content=\"630\" \/>\n\t<meta property=\"og:image:type\" content=\"image\/png\" \/>\n<meta name=\"twitter:card\" content=\"summary_large_image\" \/>\n<script type=\"application\/ld+json\" class=\"yoast-schema-graph\">{\"@context\":\"https:\/\/schema.org\",\"@graph\":[{\"@type\":\"WebPage\",\"@id\":\"https:\/\/www.commoncause.org\/new-york\/donate\/\",\"url\":\"https:\/\/www.commoncause.org\/new-york\/donate\/\",\"name\":\"Donate - Common Cause New York\",\"isPartOf\":{\"@id\":\"https:\/\/www.commoncause.org\/new-york\/#website\"},\"datePublished\":\"2024-05-07T13:49:43+00:00\",\"dateModified\":\"2024-08-09T22:09:47+00:00\",\"breadcrumb\":{\"@id\":\"https:\/\/www.commoncause.org\/new-york\/donate\/#breadcrumb\"},\"inLanguage\":\"pl-PL\",\"potentialAction\":[{\"@type\":\"ReadAction\",\"target\":[\"https:\/\/www.commoncause.org\/new-york\/donate\/\"]}]},{\"@type\":\"BreadcrumbList\",\"@id\":\"https:\/\/www.commoncause.org\/new-york\/donate\/#breadcrumb\",\"itemListElement\":[{\"@type\":\"ListItem\",\"position\":1,\"name\":\"Home\",\"item\":\"https:\/\/www.commoncause.org\/new-york\/\"},{\"@type\":\"ListItem\",\"position\":2,\"name\":\"Donate\"}]},{\"@type\":\"WebSite\",\"@id\":\"https:\/\/www.commoncause.org\/new-york\/#website\",\"url\":\"https:\/\/www.commoncause.org\/new-york\/\",\"name\":\"Common Cause New York\",\"description\":\"\",\"potentialAction\":[{\"@type\":\"SearchAction\",\"target\":{\"@type\":\"EntryPoint\",\"urlTemplate\":\"https:\/\/www.commoncause.org\/new-york\/?s={search_term_string}\"},\"query-input\":{\"@type\":\"PropertyValueSpecification\",\"valueRequired\":true,\"valueName\":\"search_term_string\"}}],\"inLanguage\":\"pl-PL\"}]}<\/script>\n<!-- \/ Yoast SEO Premium plugin. -->","yoast_head_json":{"title":"Przeka\u017c darowizn\u0119 - Common Cause New York","robots":{"index":"index","follow":"follow","max-snippet":"max-snippet:-1","max-image-preview":"max-image-preview:large","max-video-preview":"max-video-preview:-1"},"canonical":"https:\/\/www.commoncause.org\/new-york\/pl\/podarowac\/","og_locale":"pl_PL","og_type":"article","og_title":"Donate","og_url":"https:\/\/www.commoncause.org\/new-york\/pl\/podarowac\/","og_site_name":"Common Cause New York","article_modified_time":"2024-08-09T22:09:47+00:00","og_image":[{"width":1200,"height":630,"url":"https:\/\/www.commoncause.org\/new-york\/wp-content\/uploads\/2024\/08\/common-cause-share-image.png","type":"image\/png"}],"twitter_card":"summary_large_image","schema":{"@context":"https:\/\/schema.org","@graph":[{"@type":"WebPage","@id":"https:\/\/www.commoncause.org\/new-york\/donate\/","url":"https:\/\/www.commoncause.org\/new-york\/donate\/","name":"Przeka\u017c darowizn\u0119 - Common Cause New York","isPartOf":{"@id":"https:\/\/www.commoncause.org\/new-york\/#website"},"datePublished":"2024-05-07T13:49:43+00:00","dateModified":"2024-08-09T22:09:47+00:00","breadcrumb":{"@id":"https:\/\/www.commoncause.org\/new-york\/donate\/#breadcrumb"},"inLanguage":"pl-PL","potentialAction":[{"@type":"ReadAction","target":["https:\/\/www.commoncause.org\/new-york\/donate\/"]}]},{"@type":"BreadcrumbList","@id":"https:\/\/www.commoncause.org\/new-york\/donate\/#breadcrumb","itemListElement":[{"@type":"ListItem","position":1,"name":"Home","item":"https:\/\/www.commoncause.org\/new-york\/"},{"@type":"ListItem","position":2,"name":"Donate"}]},{"@type":"WebSite","@id":"https:\/\/www.commoncause.org\/new-york\/#website","url":"https:\/\/www.commoncause.org\/new-york\/","name":"Common Cause Nowy Jork","description":"","potentialAction":[{"@type":"SearchAction","target":{"@type":"EntryPoint","urlTemplate":"https:\/\/www.commoncause.org\/new-york\/?s={search_term_string}"},"query-input":{"@type":"PropertyValueSpecification","valueRequired":true,"valueName":"search_term_string"}}],"inLanguage":"pl-PL"}]}},"distributor_meta":false,"distributor_terms":false,"distributor_media":false,"distributor_original_site_name":"Common Cause New York","distributor_original_site_url":"https:\/\/www.commoncause.org\/new-york\/pl","push-errors":false,"_links":{"self":[{"href":"https:\/\/www.commoncause.org\/new-york\/pl\/wp-json\/wp\/v2\/pages\/24","targetHints":{"allow":["GET"]}}],"collection":[{"href":"https:\/\/www.commoncause.org\/new-york\/pl\/wp-json\/wp\/v2\/pages"}],"about":[{"href":"https:\/\/www.commoncause.org\/new-york\/pl\/wp-json\/wp\/v2\/types\/page"}],"author":[{"embeddable":true,"href":"https:\/\/www.commoncause.org\/new-york\/pl\/wp-json\/wp\/v2\/users\/1"}],"replies":[{"embeddable":true,"href":"https:\/\/www.commoncause.org\/new-york\/pl\/wp-json\/wp\/v2\/comments?post=24"}],"version-history":[{"count":18,"href":"https:\/\/www.commoncause.org\/new-york\/pl\/wp-json\/wp\/v2\/pages\/24\/revisions"}],"predecessor-version":[{"id":1714,"href":"https:\/\/www.commoncause.org\/new-york\/pl\/wp-json\/wp\/v2\/pages\/24\/revisions\/1714"}],"wp:attachment":[{"href":"https:\/\/www.commoncause.org\/new-york\/pl\/wp-json\/wp\/v2\/media?parent=24"}],"curies":[{"name":"wp","href":"https:\/\/api.w.org\/{rel}","templated":true}]}}