{"id":2464,"date":"2025-10-28T15:55:16","date_gmt":"2025-10-28T19:55:16","guid":{"rendered":"https:\/\/www.commoncause.org\/new-york\/?page_id=2464"},"modified":"2025-10-29T17:47:34","modified_gmt":"2025-10-29T21:47:34","slug":"2464-2","status":"publish","type":"page","link":"https:\/\/www.commoncause.org\/new-york\/it\/priorities\/2464-2\/","title":{"rendered":""},"content":{"rendered":"","protected":false},"excerpt":{"rendered":"","protected":false},"author":136,"featured_media":0,"parent":21,"menu_order":0,"comment_status":"closed","ping_status":"closed","template":"","meta":{"_acf_changed":false,"_relevanssi_hide_post":"","_relevanssi_hide_content":"","_relevanssi_pin_for_all":"","_relevanssi_pin_keywords":"","_relevanssi_unpin_keywords":"","_relevanssi_related_keywords":"","_relevanssi_related_include_ids":"","_relevanssi_related_exclude_ids":"","_relevanssi_related_no_append":"","_relevanssi_related_not_related":"","_relevanssi_related_posts":"","_relevanssi_noindex_reason":""},"class_list":["post-2464","page","type-page","status-publish","hentry"],"acf":{"header":{"component_page_header":{"header_type":"default","title":"Posizioni di Common Cause New York sulle proposte di scheda elettorale di New York per le elezioni generali del 2025","lead":"","image":"","subnavigation":false}},"sidebar":{"helper_enable_sidebar":false,"helper_media_contact":{"heading":"Media Contact","manually_enter_person":false,"person":"","name":"","role":"","phone":"","email":""},"helper_links_downloads":{"heading":"Links & Downloads","links":null}},"page_layout":[{"acf_fc_layout":"layout_wysiwyg","_acfe_flexible_toggle":"","component_wysiwyg":{"content":"<h1><b>Sfondo<\/b><\/h1>\r\n<span style=\"font-weight: 400;\">Common Cause New York \u00e8 un&#039;organizzazione di controllo governativo da oltre 50 anni, che supervisiona la responsabilit\u00e0 del governo sia a livello comunale che statale. Monitorando attentamente la Commissione di Revisione della Carta, invitiamo gli elettori a prendersi il tempo necessario per comprendere e informarsi sulla proposta di legge.\u00a0<\/span>\r\n\r\n<span style=\"font-weight: 400;\">Partecipare alle proposte di voto \u00e8 fondamentale per i newyorkesi, perch\u00e9 queste misure influenzano direttamente il funzionamento dei nostri governi statali e locali, influenzando la nostra vita quotidiana tanto quanto i risultati delle elezioni dei candidati. Le proposte di voto rappresentano la democrazia diretta in azione, consentendo agli elettori di decidere autonomamente su questioni importanti, anzich\u00e9 affidarsi esclusivamente ai politici per rappresentare i propri interessi. Purtroppo, le proposte di voto vengono spesso trascurate dagli elettori. Questo pu\u00f2 portare una piccola minoranza a determinare l&#039;esito di proposte che riguardano tutti. Pertanto, \u00e8 ancora pi\u00f9 fondamentale che la vostra voce venga ascoltata. <\/span>\r\n\r\n<span style=\"font-weight: 400;\">In risposta alle ripetute richieste di esprimere la nostra posizione sui quesiti della scheda elettorale di New York City, li abbiamo analizzati ulteriormente e abbiamo assunto le seguenti posizioni. Le posizioni di Common Cause NY si basano sulle nostre valutazioni in qualit\u00e0 di buon sostenitore del governo, attento all&#039;efficienza del governo e al mantenimento di controlli ed equilibri. Non abbiamo preso posizione su questioni che riteniamo non abbiano un impatto sulle nostre principali aree di interesse.<\/span>\r\n<h1><b>Proposte per le elezioni generali di New York<\/b><\/h1>\r\n<i><span style=\"font-weight: 400;\">Domanda 1: Emendamento per consentire la costruzione di un complesso sportivo olimpico nella contea di Essex su un terreno di riserva forestale statale<\/span><\/i>\r\n<ul>\r\n \t<li style=\"font-weight: 400;\" aria-level=\"1\"><span style=\"font-weight: 400;\">Questa proposta consentirebbe l&#039;ampliamento di nuove piste da sci nell&#039;Olympic Sports Complex nella contea di Essex, New York. L&#039;Olympic Sport Complex si trova in un&#039;area protetta dalle foreste statali. La proposta richiederebbe inoltre allo Stato di New York di aggiungere 2.500 acri di foresta protetta all&#039;Adirondack Park.<\/span><\/li>\r\n \t<li style=\"font-weight: 400;\" aria-level=\"1\"><span style=\"font-weight: 400;\">Votazione CCNY:<\/span><strong> Nessuna posizione.<\/strong><\/li>\r\n<\/ul>\r\n<i><span style=\"font-weight: 400;\">Domanda 2: Accelerare l&#039;edilizia popolare per costruire pi\u00f9 alloggi a prezzi accessibili in tutta la citt\u00e0<\/span><\/i><span style=\"font-weight: 400;\">\u00a0<\/span>\r\n<ul>\r\n \t<li style=\"font-weight: 400;\" aria-level=\"1\"><span style=\"font-weight: 400;\">Questa proposta creerebbe nuove procedure pubbliche accelerate per l&#039;edilizia residenziale a prezzi accessibili. In primo luogo, creerebbe una nuova azione presso il Board of Standards and Appeals (BSA) che potrebbe concedere agevolazioni urbanistiche per progetti di edilizia residenziale a prezzi accessibili finanziati con fondi pubblici. In secondo luogo, istituirebbe una nuova procedura di revisione pubblica semplificata per le domande che forniscono alloggi a prezzi accessibili nei distretti comunitari che hanno consentito l&#039;edilizia residenziale meno accessibile. Questa proposta si basa sul Fair Housing Framework del Consiglio comunale di New York, approvato all&#039;unanimit\u00e0 nel 2023.\u00a0<\/span><\/li>\r\n \t<li style=\"font-weight: 400;\" aria-level=\"1\"><span style=\"font-weight: 400;\">Votazione CCNY:<\/span><strong> Nessuna posizione.<\/strong><\/li>\r\n<\/ul>\r\n<i><span style=\"font-weight: 400;\">Domanda 3: Semplificare la revisione dei progetti di edilizia abitativa e infrastrutturale modesti\u00a0<\/span><\/i>\r\n<ul>\r\n \t<li style=\"font-weight: 400;\" aria-level=\"1\"><span style=\"font-weight: 400;\">Questa proposta creerebbe l&#039;ELURP, un nuovo processo di revisione semplificato per alcune modifiche all&#039;uso del suolo, tra cui modesti aumenti della quantit\u00e0 di alloggi consentiti, acquisizione e cessione di terreni per facilitare l&#039;edilizia abitativa a prezzi accessibili e progetti di resilienza climatica urgentemente necessari.\u00a0<\/span><\/li>\r\n \t<li style=\"font-weight: 400;\" aria-level=\"1\"><span style=\"font-weight: 400;\">Votazione CCNY:<\/span><strong> Nessuna posizione.<\/strong><\/li>\r\n<\/ul>\r\n<i><span style=\"font-weight: 400;\">Domanda 4: Istituire un comitato di appello per l&#039;edilizia popolare con rappresentanti del consiglio, del distretto e della citt\u00e0<\/span><\/i><span style=\"font-weight: 400;\">\u00a0<\/span>\r\n<ul>\r\n \t<li style=\"font-weight: 400;\" aria-level=\"1\"><span style=\"font-weight: 400;\">Questa proposta creerebbe una nuova Commissione di Appello per l&#039;Edilizia Abbordabile, composta dal Presidente del Borough competente, dal Presidente del Consiglio Comunale e dal Sindaco, che sostituirebbe il veto del Sindaco al termine della Procedura Uniforme di Revisione dell&#039;Uso del Suolo (ULURP) per i progetti che creerebbero alloggi a prezzi accessibili. La Commissione di Appello avrebbe la possibilit\u00e0 di ribaltare le decisioni del Consiglio Comunale su determinate questioni relative all&#039;uso del suolo solo se due funzionari su tre fossero d&#039;accordo. In risposta al parere del pubblico, questa proposta \u00e8 stata modificata per essere disponibile solo per i progetti che creerebbero alloggi a prezzi accessibili, anzich\u00e9 per tutte le domande di autorizzazione all&#039;uso del suolo.\u00a0<\/span><\/li>\r\n \t<li style=\"font-weight: 400;\" aria-level=\"1\"><span style=\"font-weight: 400;\">Votazione CCNY:<\/span><strong> Raccomandiamo di votare NO.<\/strong><\/li>\r\n \t<li style=\"font-weight: 400;\" aria-level=\"1\"><span style=\"font-weight: 400;\">Motivazione:<\/span><span style=\"font-weight: 400;\"> Common Cause NY si oppone a questa misura perch\u00e9 di fatto eliminerebbe il Consiglio Comunale dal processo di approvazione dell&#039;uso del suolo e ne sostituirebbe l&#039;autorit\u00e0 con quella del proposto Consiglio di Appello. Il Consiglio, composto dal Presidente del Borough locale, dal Presidente del Consiglio Comunale e dal Sindaco, consoliderebbe un significativo potere decisionale tra un ristretto gruppo di funzionari. Sebbene alcuni membri del consiglio abbiano abusato della deferenza dei membri, questa revisione dello Statuto Comunale non \u00e8 la giusta misura correttiva. Si tratta di uno spostamento ingiustificato nell&#039;equilibrio di potere tra il potere esecutivo e quello legislativo del governo cittadino, in un sistema gi\u00e0 sbilanciato che favorisce il potere del sindaco.<\/span><\/li>\r\n<\/ul>\r\n<i><span style=\"font-weight: 400;\">Domanda 5: Creare una mappa digitale della citt\u00e0 per modernizzare le operazioni cittadine<\/span><\/i>\r\n<ul>\r\n \t<li style=\"font-weight: 400;\" aria-level=\"1\"><span style=\"font-weight: 400;\">Questa proposta consoliderebbe la Mappa Ufficiale della Citt\u00e0, che svolge un ruolo poco noto ma fondamentale nell&#039;approvazione di progetti di edilizia residenziale e infrastrutturale, in un&#039;unica mappa e la digitalizzerebbe. Oggi, la Mappa della Citt\u00e0 \u00e8 composta da cinque diverse serie di mappe, una per ogni distretto, per un totale di oltre 8.000 mappe cartacee.<\/span><\/li>\r\n \t<li style=\"font-weight: 400;\" aria-level=\"1\"><span style=\"font-weight: 400;\">Posizione CCNY:<\/span><strong> Raccomandiamo di votare S\u00cc.<\/strong><\/li>\r\n \t<li style=\"font-weight: 400;\" aria-level=\"1\"><span style=\"font-weight: 400;\">Motivazione:<\/span> <span style=\"font-weight: 400;\">Common Cause New York sostiene la Proposta 5 come misura di efficienza generale della pubblica amministrazione.\u00a0<\/span><\/li>\r\n<\/ul>\r\n<i><span style=\"font-weight: 400;\">Domanda 6: Spostare le elezioni locali negli anni delle elezioni presidenziali per aumentare la partecipazione degli elettori<\/span><\/i>\r\n<ul>\r\n \t<li style=\"font-weight: 400;\" aria-level=\"1\"><span style=\"font-weight: 400;\">Questa proposta sposterebbe le date delle primarie e delle elezioni generali della citt\u00e0 agli anni pari, in concomitanza con le elezioni presidenziali, per migliorare l&#039;affluenza alle urne, rendere la democrazia locale pi\u00f9 inclusiva e far risparmiare denaro ai contribuenti. Questa modifica richiederebbe inoltre un&#039;ulteriore modifica alla Costituzione dello Stato di New York prima di poter entrare in vigore.<\/span><\/li>\r\n \t<li style=\"font-weight: 400;\" aria-level=\"1\"><span style=\"font-weight: 400;\">Votazione CCNY:<\/span><span style=\"font-weight: 400;\"><strong> Raccomandiamo di votare S\u00cc.<\/strong><\/span><\/li>\r\n \t<li style=\"font-weight: 400;\" aria-level=\"1\">Motivazione: Common Cause New York sostiene fermamente questa proposta. Da molti anni sosteniamo con coerenza l&#039;unificazione delle elezioni degli anni pari attraverso vari sforzi legislativi ed emendamenti costituzionali ad Albany. L&#039;esperienza in altre giurisdizioni dimostra che l&#039;unificazione delle elezioni locali con le elezioni statali e federali negli anni pari si traduce in un numero maggiore di persone che votano per elezioni e questioni locali, ovvero una maggiore affluenza alle urne per le elezioni locali.<\/li>\r\n<\/ul>\r\n<em>*Nota: Common Cause New York ha modificato questo articolo il 29\/10\/25 per adattarlo alla definizione accurata del proposto Appeals Board (menzionato nella domanda 4).<\/em>"}}]},"yoast_head":"<!-- This site is optimized with the Yoast SEO Premium plugin v26.6 (Yoast SEO v27.1.1) - https:\/\/yoast.com\/product\/yoast-seo-premium-wordpress\/ -->\n<title>- Common Cause New York<\/title>\n<meta name=\"robots\" content=\"index, follow, max-snippet:-1, max-image-preview:large, max-video-preview:-1\" \/>\n<link rel=\"canonical\" href=\"https:\/\/www.commoncause.org\/new-york\/it\/priorita\/2464-2\/\" \/>\n<meta property=\"og:locale\" content=\"it_IT\" \/>\n<meta property=\"og:type\" content=\"article\" \/>\n<meta property=\"og:url\" content=\"https:\/\/www.commoncause.org\/new-york\/it\/priorita\/2464-2\/\" \/>\n<meta property=\"og:site_name\" content=\"Common Cause New York\" \/>\n<meta property=\"article:modified_time\" content=\"2025-10-29T21:47:34+00:00\" \/>\n<meta property=\"og:image\" content=\"https:\/\/www.commoncause.org\/new-york\/wp-content\/uploads\/2024\/08\/common-cause-share-image.png\" \/>\n\t<meta property=\"og:image:width\" content=\"1200\" \/>\n\t<meta property=\"og:image:height\" content=\"630\" \/>\n\t<meta property=\"og:image:type\" content=\"image\/png\" \/>\n<meta name=\"twitter:card\" content=\"summary_large_image\" \/>\n<script type=\"application\/ld+json\" class=\"yoast-schema-graph\">{\"@context\":\"https:\/\/schema.org\",\"@graph\":[{\"@type\":\"WebPage\",\"@id\":\"https:\/\/www.commoncause.org\/new-york\/priorities\/2464-2\/\",\"url\":\"https:\/\/www.commoncause.org\/new-york\/priorities\/2464-2\/\",\"name\":\"- Common Cause New York\",\"isPartOf\":{\"@id\":\"https:\/\/www.commoncause.org\/new-york\/#website\"},\"datePublished\":\"2025-10-28T19:55:16+00:00\",\"dateModified\":\"2025-10-29T21:47:34+00:00\",\"breadcrumb\":{\"@id\":\"https:\/\/www.commoncause.org\/new-york\/priorities\/2464-2\/#breadcrumb\"},\"inLanguage\":\"it-IT\",\"potentialAction\":[{\"@type\":\"ReadAction\",\"target\":[\"https:\/\/www.commoncause.org\/new-york\/priorities\/2464-2\/\"]}]},{\"@type\":\"BreadcrumbList\",\"@id\":\"https:\/\/www.commoncause.org\/new-york\/priorities\/2464-2\/#breadcrumb\",\"itemListElement\":[{\"@type\":\"ListItem\",\"position\":1,\"name\":\"Home\",\"item\":\"https:\/\/www.commoncause.org\/new-york\/\"},{\"@type\":\"ListItem\",\"position\":2,\"name\":\"Priorities\",\"item\":\"https:\/\/www.commoncause.org\/new-york\/priorities\/\"}]},{\"@type\":\"WebSite\",\"@id\":\"https:\/\/www.commoncause.org\/new-york\/#website\",\"url\":\"https:\/\/www.commoncause.org\/new-york\/\",\"name\":\"Common Cause New York\",\"description\":\"\",\"potentialAction\":[{\"@type\":\"SearchAction\",\"target\":{\"@type\":\"EntryPoint\",\"urlTemplate\":\"https:\/\/www.commoncause.org\/new-york\/?s={search_term_string}\"},\"query-input\":{\"@type\":\"PropertyValueSpecification\",\"valueRequired\":true,\"valueName\":\"search_term_string\"}}],\"inLanguage\":\"it-IT\"}]}<\/script>\n<!-- \/ Yoast SEO Premium plugin. -->","yoast_head_json":{"title":"- Causa comune New York","robots":{"index":"index","follow":"follow","max-snippet":"max-snippet:-1","max-image-preview":"max-image-preview:large","max-video-preview":"max-video-preview:-1"},"canonical":"https:\/\/www.commoncause.org\/new-york\/it\/priorita\/2464-2\/","og_locale":"it_IT","og_type":"article","og_url":"https:\/\/www.commoncause.org\/new-york\/it\/priorita\/2464-2\/","og_site_name":"Common Cause New York","article_modified_time":"2025-10-29T21:47:34+00:00","og_image":[{"width":1200,"height":630,"url":"https:\/\/www.commoncause.org\/new-york\/wp-content\/uploads\/2024\/08\/common-cause-share-image.png","type":"image\/png"}],"twitter_card":"summary_large_image","schema":{"@context":"https:\/\/schema.org","@graph":[{"@type":"WebPage","@id":"https:\/\/www.commoncause.org\/new-york\/priorities\/2464-2\/","url":"https:\/\/www.commoncause.org\/new-york\/priorities\/2464-2\/","name":"- Causa comune New York","isPartOf":{"@id":"https:\/\/www.commoncause.org\/new-york\/#website"},"datePublished":"2025-10-28T19:55:16+00:00","dateModified":"2025-10-29T21:47:34+00:00","breadcrumb":{"@id":"https:\/\/www.commoncause.org\/new-york\/priorities\/2464-2\/#breadcrumb"},"inLanguage":"it-IT","potentialAction":[{"@type":"ReadAction","target":["https:\/\/www.commoncause.org\/new-york\/priorities\/2464-2\/"]}]},{"@type":"BreadcrumbList","@id":"https:\/\/www.commoncause.org\/new-york\/priorities\/2464-2\/#breadcrumb","itemListElement":[{"@type":"ListItem","position":1,"name":"Home","item":"https:\/\/www.commoncause.org\/new-york\/"},{"@type":"ListItem","position":2,"name":"Priorities","item":"https:\/\/www.commoncause.org\/new-york\/priorities\/"}]},{"@type":"WebSite","@id":"https:\/\/www.commoncause.org\/new-york\/#website","url":"https:\/\/www.commoncause.org\/new-york\/","name":"Causa comune New York","description":"","potentialAction":[{"@type":"SearchAction","target":{"@type":"EntryPoint","urlTemplate":"https:\/\/www.commoncause.org\/new-york\/?s={search_term_string}"},"query-input":{"@type":"PropertyValueSpecification","valueRequired":true,"valueName":"search_term_string"}}],"inLanguage":"it-IT"}]}},"distributor_meta":false,"distributor_terms":false,"distributor_media":false,"distributor_original_site_name":"Common Cause New York","distributor_original_site_url":"https:\/\/www.commoncause.org\/new-york\/it","push-errors":false,"_links":{"self":[{"href":"https:\/\/www.commoncause.org\/new-york\/it\/wp-json\/wp\/v2\/pages\/2464","targetHints":{"allow":["GET"]}}],"collection":[{"href":"https:\/\/www.commoncause.org\/new-york\/it\/wp-json\/wp\/v2\/pages"}],"about":[{"href":"https:\/\/www.commoncause.org\/new-york\/it\/wp-json\/wp\/v2\/types\/page"}],"author":[{"embeddable":true,"href":"https:\/\/www.commoncause.org\/new-york\/it\/wp-json\/wp\/v2\/users\/136"}],"replies":[{"embeddable":true,"href":"https:\/\/www.commoncause.org\/new-york\/it\/wp-json\/wp\/v2\/comments?post=2464"}],"version-history":[{"count":5,"href":"https:\/\/www.commoncause.org\/new-york\/it\/wp-json\/wp\/v2\/pages\/2464\/revisions"}],"predecessor-version":[{"id":2469,"href":"https:\/\/www.commoncause.org\/new-york\/it\/wp-json\/wp\/v2\/pages\/2464\/revisions\/2469"}],"up":[{"embeddable":true,"href":"https:\/\/www.commoncause.org\/new-york\/it\/wp-json\/wp\/v2\/pages\/21"}],"wp:attachment":[{"href":"https:\/\/www.commoncause.org\/new-york\/it\/wp-json\/wp\/v2\/media?parent=2464"}],"curies":[{"name":"scrivere","href":"https:\/\/api.w.org\/{rel}","templated":true}]}}