{"id":22,"date":"2024-05-07T13:47:40","date_gmt":"2024-05-07T13:47:40","guid":{"rendered":"https:\/\/www.commoncause.org\/new-york\/our-impact\/"},"modified":"2024-06-24T13:31:46","modified_gmt":"2024-06-24T17:31:46","slug":"il-nostro-impatto","status":"publish","type":"page","link":"https:\/\/www.commoncause.org\/new-york\/it\/our-impact\/","title":{"rendered":"Il nostro impatto"},"content":{"rendered":"","protected":false},"excerpt":{"rendered":"","protected":false},"author":1,"featured_media":0,"parent":0,"menu_order":0,"comment_status":"closed","ping_status":"closed","template":"","meta":{"_acf_changed":false,"_relevanssi_hide_post":"","_relevanssi_hide_content":"","_relevanssi_pin_for_all":"","_relevanssi_pin_keywords":"","_relevanssi_unpin_keywords":"","_relevanssi_related_keywords":"","_relevanssi_related_include_ids":"","_relevanssi_related_exclude_ids":"","_relevanssi_related_no_append":"","_relevanssi_related_not_related":"","_relevanssi_related_posts":"","_relevanssi_noindex_reason":""},"class_list":["post-22","page","type-page","status-publish","hentry"],"acf":{"header":{"component_page_header":{"header_type":"background","title":"Il nostro impatto","lead":"When Common Cause New York takes action, we make a real difference for democracy.","image":"","subnavigation":false}},"sidebar":{"helper_enable_sidebar":false,"helper_media_contact":{"heading":"","manually_enter_person":false,"person":"","name":"","role":"","phone":"","email":""},"helper_links_downloads":{"heading":"","links":null}},"page_layout":[{"acf_fc_layout":"layout_wysiwyg","_acfe_flexible_toggle":"","component_wysiwyg":{"content":"<h4 style=\"text-align: center;\"><span style=\"font-weight: 400;\">Grazie al supporto dei nostri membri pi\u00f9 devoti, ci siamo impegnati pi\u00f9 e pi\u00f9 volte per proteggere i diritti dei newyorkesi. Continueremo a rendere il nostro governo qui a New York pi\u00f9 aperto, onesto e responsabile. Scopri alcune delle nostre vittorie pi\u00f9 significative:<\/span><\/h4>\r\n&nbsp;"}},{"acf_fc_layout":"layout_wysiwyg","_acfe_flexible_toggle":"","component_wysiwyg":{"content":"<img class=\"aligncenter wp-image-16028 size-full\" src=\"https:\/\/www.commoncause.org\/new-york\/wp-content\/uploads\/2024\/05\/Screen-Shot-2019-06-03-at-5.12.07-PM.png\" alt=\"\" width=\"904\" height=\"602\" \/>\r\n\r\n<strong>Revisione delle antiquate leggi elettorali di New York\r\n<\/strong>Nel 2023, il pacchetto di dieci proposte di legge a favore della democrazia di Common Cause New York \u00e8 stato approvato. Questa serie di riforme istituisce il primo sistema di voto universale per corrispondenza a New York, offre ai newyorkesi un giorno in pi\u00f9 per registrarsi al voto durante il voto anticipato, aiuta gli ex detenuti a comprendere i propri diritti e molto altro. Questa \u00e8 stata una vittoria fondamentale nella lotta per proteggere ed espandere il diritto di voto a New York.\r\n\r\n<strong>Portare il voto alternativo a New York\r\n<\/strong>Gli elettori di New York City hanno approvato un&#039;iniziativa referendaria nel 2019 che istituisce il Ranked Choice Voting (RCV) per tutte le elezioni primarie e speciali della citt\u00e0 dopo una dura campagna di Common Cause New York e dei nostri partner. Con il RCV, i politici devono competere ovunque e prestare attenzione a ogni comunit\u00e0, gli elettori ora hanno pi\u00f9 voce e pi\u00f9 scelta e i candidati entrano in carica con il sostegno della maggioranza dei loro elettori.<strong>\r\n<\/strong>\r\n<h4><a href=\"https:\/\/www.commoncause.org\/new-york\/it\/lavoro\/precedenti-sessioni-legislative\/\"><strong>Scopri di pi\u00f9 sulle nostre vittorie.<\/strong><\/a><\/h4>"}},{"acf_fc_layout":"layout_statistics","_acfe_flexible_toggle":"","component_statistics":{"title":"Da anni Common Cause New York si impegna in tutto lo Stato per una democrazia pi\u00f9 forte.","statistics":[{"component_statistic":{"number":"46,000","text":"Members across the state","source":"People like you power everything that we do for our democracy."}},{"component_statistic":{"number":"62","text":"Counties with Common Cause New York members","source":"Our supporters live and take action in every corner of our state."}},{"component_statistic":{"number":"35+","text":"Pro-voter bills passed in Albany since 2019","source":"When we fight, we win."}}]}}]},"yoast_head":"<!-- This site is optimized with the Yoast SEO Premium plugin v26.6 (Yoast SEO v27.1.1) - https:\/\/yoast.com\/product\/yoast-seo-premium-wordpress\/ -->\n<title>Our Impact - Common Cause New York<\/title>\n<meta name=\"robots\" content=\"index, follow, max-snippet:-1, max-image-preview:large, max-video-preview:-1\" \/>\n<link rel=\"canonical\" href=\"https:\/\/www.commoncause.org\/new-york\/it\/il-nostro-impatto\/\" \/>\n<meta property=\"og:locale\" content=\"it_IT\" \/>\n<meta property=\"og:type\" content=\"article\" \/>\n<meta property=\"og:title\" content=\"Our Impact\" \/>\n<meta property=\"og:url\" content=\"https:\/\/www.commoncause.org\/new-york\/it\/il-nostro-impatto\/\" \/>\n<meta property=\"og:site_name\" content=\"Common Cause New York\" \/>\n<meta property=\"article:modified_time\" content=\"2024-06-24T17:31:46+00:00\" \/>\n<meta property=\"og:image\" content=\"https:\/\/www.commoncause.org\/new-york\/wp-content\/uploads\/2024\/08\/common-cause-share-image.png\" \/>\n\t<meta property=\"og:image:width\" content=\"1200\" \/>\n\t<meta property=\"og:image:height\" content=\"630\" \/>\n\t<meta property=\"og:image:type\" content=\"image\/png\" \/>\n<meta name=\"twitter:card\" content=\"summary_large_image\" \/>\n<script type=\"application\/ld+json\" class=\"yoast-schema-graph\">{\"@context\":\"https:\/\/schema.org\",\"@graph\":[{\"@type\":\"WebPage\",\"@id\":\"https:\/\/www.commoncause.org\/new-york\/our-impact\/\",\"url\":\"https:\/\/www.commoncause.org\/new-york\/our-impact\/\",\"name\":\"Our Impact - Common Cause New York\",\"isPartOf\":{\"@id\":\"https:\/\/www.commoncause.org\/new-york\/#website\"},\"datePublished\":\"2024-05-07T13:47:40+00:00\",\"dateModified\":\"2024-06-24T17:31:46+00:00\",\"breadcrumb\":{\"@id\":\"https:\/\/www.commoncause.org\/new-york\/our-impact\/#breadcrumb\"},\"inLanguage\":\"it-IT\",\"potentialAction\":[{\"@type\":\"ReadAction\",\"target\":[\"https:\/\/www.commoncause.org\/new-york\/our-impact\/\"]}]},{\"@type\":\"BreadcrumbList\",\"@id\":\"https:\/\/www.commoncause.org\/new-york\/our-impact\/#breadcrumb\",\"itemListElement\":[{\"@type\":\"ListItem\",\"position\":1,\"name\":\"Home\",\"item\":\"https:\/\/www.commoncause.org\/new-york\/\"},{\"@type\":\"ListItem\",\"position\":2,\"name\":\"Our Impact\"}]},{\"@type\":\"WebSite\",\"@id\":\"https:\/\/www.commoncause.org\/new-york\/#website\",\"url\":\"https:\/\/www.commoncause.org\/new-york\/\",\"name\":\"Common Cause New York\",\"description\":\"\",\"potentialAction\":[{\"@type\":\"SearchAction\",\"target\":{\"@type\":\"EntryPoint\",\"urlTemplate\":\"https:\/\/www.commoncause.org\/new-york\/?s={search_term_string}\"},\"query-input\":{\"@type\":\"PropertyValueSpecification\",\"valueRequired\":true,\"valueName\":\"search_term_string\"}}],\"inLanguage\":\"it-IT\"}]}<\/script>\n<!-- \/ Yoast SEO Premium plugin. -->","yoast_head_json":{"title":"Il nostro impatto - Common Cause New York","robots":{"index":"index","follow":"follow","max-snippet":"max-snippet:-1","max-image-preview":"max-image-preview:large","max-video-preview":"max-video-preview:-1"},"canonical":"https:\/\/www.commoncause.org\/new-york\/it\/il-nostro-impatto\/","og_locale":"it_IT","og_type":"article","og_title":"Our Impact","og_url":"https:\/\/www.commoncause.org\/new-york\/it\/il-nostro-impatto\/","og_site_name":"Common Cause New York","article_modified_time":"2024-06-24T17:31:46+00:00","og_image":[{"width":1200,"height":630,"url":"https:\/\/www.commoncause.org\/new-york\/wp-content\/uploads\/2024\/08\/common-cause-share-image.png","type":"image\/png"}],"twitter_card":"summary_large_image","schema":{"@context":"https:\/\/schema.org","@graph":[{"@type":"WebPage","@id":"https:\/\/www.commoncause.org\/new-york\/our-impact\/","url":"https:\/\/www.commoncause.org\/new-york\/our-impact\/","name":"Il nostro impatto - Common Cause New York","isPartOf":{"@id":"https:\/\/www.commoncause.org\/new-york\/#website"},"datePublished":"2024-05-07T13:47:40+00:00","dateModified":"2024-06-24T17:31:46+00:00","breadcrumb":{"@id":"https:\/\/www.commoncause.org\/new-york\/our-impact\/#breadcrumb"},"inLanguage":"it-IT","potentialAction":[{"@type":"ReadAction","target":["https:\/\/www.commoncause.org\/new-york\/our-impact\/"]}]},{"@type":"BreadcrumbList","@id":"https:\/\/www.commoncause.org\/new-york\/our-impact\/#breadcrumb","itemListElement":[{"@type":"ListItem","position":1,"name":"Home","item":"https:\/\/www.commoncause.org\/new-york\/"},{"@type":"ListItem","position":2,"name":"Our Impact"}]},{"@type":"WebSite","@id":"https:\/\/www.commoncause.org\/new-york\/#website","url":"https:\/\/www.commoncause.org\/new-york\/","name":"Causa comune New York","description":"","potentialAction":[{"@type":"SearchAction","target":{"@type":"EntryPoint","urlTemplate":"https:\/\/www.commoncause.org\/new-york\/?s={search_term_string}"},"query-input":{"@type":"PropertyValueSpecification","valueRequired":true,"valueName":"search_term_string"}}],"inLanguage":"it-IT"}]}},"distributor_meta":false,"distributor_terms":false,"distributor_media":false,"distributor_original_site_name":"Common Cause New York","distributor_original_site_url":"https:\/\/www.commoncause.org\/new-york\/it","push-errors":false,"_links":{"self":[{"href":"https:\/\/www.commoncause.org\/new-york\/it\/wp-json\/wp\/v2\/pages\/22","targetHints":{"allow":["GET"]}}],"collection":[{"href":"https:\/\/www.commoncause.org\/new-york\/it\/wp-json\/wp\/v2\/pages"}],"about":[{"href":"https:\/\/www.commoncause.org\/new-york\/it\/wp-json\/wp\/v2\/types\/page"}],"author":[{"embeddable":true,"href":"https:\/\/www.commoncause.org\/new-york\/it\/wp-json\/wp\/v2\/users\/1"}],"replies":[{"embeddable":true,"href":"https:\/\/www.commoncause.org\/new-york\/it\/wp-json\/wp\/v2\/comments?post=22"}],"version-history":[{"count":18,"href":"https:\/\/www.commoncause.org\/new-york\/it\/wp-json\/wp\/v2\/pages\/22\/revisions"}],"predecessor-version":[{"id":1350,"href":"https:\/\/www.commoncause.org\/new-york\/it\/wp-json\/wp\/v2\/pages\/22\/revisions\/1350"}],"wp:attachment":[{"href":"https:\/\/www.commoncause.org\/new-york\/it\/wp-json\/wp\/v2\/media?parent=22"}],"curies":[{"name":"scrivere","href":"https:\/\/api.w.org\/{rel}","templated":true}]}}