{"id":2464,"date":"2025-10-28T15:55:16","date_gmt":"2025-10-28T19:55:16","guid":{"rendered":"https:\/\/www.commoncause.org\/new-york\/?page_id=2464"},"modified":"2025-10-29T17:47:34","modified_gmt":"2025-10-29T21:47:34","slug":"2464-2","status":"publish","type":"page","link":"https:\/\/www.commoncause.org\/new-york\/fr\/priorities\/2464-2\/","title":{"rendered":""},"content":{"rendered":"","protected":false},"excerpt":{"rendered":"","protected":false},"author":136,"featured_media":0,"parent":21,"menu_order":0,"comment_status":"closed","ping_status":"closed","template":"","meta":{"_acf_changed":false,"_relevanssi_hide_post":"","_relevanssi_hide_content":"","_relevanssi_pin_for_all":"","_relevanssi_pin_keywords":"","_relevanssi_unpin_keywords":"","_relevanssi_related_keywords":"","_relevanssi_related_include_ids":"","_relevanssi_related_exclude_ids":"","_relevanssi_related_no_append":"","_relevanssi_related_not_related":"","_relevanssi_related_posts":"","_relevanssi_noindex_reason":""},"class_list":["post-2464","page","type-page","status-publish","hentry"],"acf":{"header":{"component_page_header":{"header_type":"default","title":"Positions de Common Cause New York sur les propositions de vote de la ville de New York pour les \u00e9lections g\u00e9n\u00e9rales de 2025","lead":"","image":"","subnavigation":false}},"sidebar":{"helper_enable_sidebar":false,"helper_media_contact":{"heading":"Media Contact","manually_enter_person":false,"person":"","name":"","role":"","phone":"","email":""},"helper_links_downloads":{"heading":"Links & Downloads","links":null}},"page_layout":[{"acf_fc_layout":"layout_wysiwyg","_acfe_flexible_toggle":"","component_wysiwyg":{"content":"<h1><b>Arri\u00e8re-plan<\/b><\/h1>\r\n<span style=\"font-weight: 400;\">Common Cause New York est un organisme de surveillance du gouvernement depuis plus de 50 ans, supervisant la responsabilit\u00e9 gouvernementale \u00e0 la fois au niveau de la ville et de l&#039;\u00c9tat. Ayant suivi de pr\u00e8s la Commission de r\u00e9vision de la Charte, nous encourageons les \u00e9lecteurs \u00e0 prendre le temps de comprendre et de se renseigner sur la proposition de r\u00e9f\u00e9rendum.\u00a0<\/span>\r\n\r\n<span style=\"font-weight: 400;\">S&#039;impliquer dans les r\u00e9f\u00e9rendums est crucial pour les New-Yorkais, car ces mesures fa\u00e7onnent directement le fonctionnement de nos gouvernements \u00e9tatiques et locaux, influen\u00e7ant notre quotidien autant que les r\u00e9sultats des \u00e9lections. Les r\u00e9f\u00e9rendums incarnent la d\u00e9mocratie directe en action, donnant aux \u00e9lecteurs le pouvoir de d\u00e9cider eux-m\u00eames des enjeux majeurs plut\u00f4t que de s&#039;en remettre uniquement aux politiciens pour d\u00e9fendre leurs int\u00e9r\u00eats. Malheureusement, les r\u00e9f\u00e9rendums sont souvent n\u00e9glig\u00e9s par les \u00e9lecteurs. Cela peut conduire \u00e0 ce qu&#039;une petite minorit\u00e9 d\u00e9termine l&#039;issue de propositions qui concernent tout le monde. Il est donc d&#039;autant plus important que votre voix soit entendue. <\/span>\r\n\r\n<span style=\"font-weight: 400;\">Suite aux nombreuses demandes concernant notre position sur les questions soumises au vote \u00e0 New York, nous avons approfondi notre analyse et adoptons les positions suivantes. Les positions de Common Cause NY reposent sur notre expertise en tant que d\u00e9fenseur d&#039;une bonne gouvernance, soucieux de l&#039;efficacit\u00e9 des pouvoirs publics et du maintien de l&#039;\u00e9quilibre des pouvoirs. Nous n&#039;avons pas pris position sur les sujets qui, selon nous, ne rel\u00e8vent pas de nos principaux domaines d&#039;intervention.<\/span>\r\n<h1><b>Propositions pour le scrutin des \u00e9lections g\u00e9n\u00e9rales \u00e0 New York<\/b><\/h1>\r\n<i><span style=\"font-weight: 400;\">Question 1\u00a0: Modification autorisant la construction d&#039;un complexe sportif olympique dans le comt\u00e9 d&#039;Essex, sur un terrain de la r\u00e9serve foresti\u00e8re de l&#039;\u00c9tat.<\/span><\/i>\r\n<ul>\r\n \t<li style=\"font-weight: 400;\" aria-level=\"1\"><span style=\"font-weight: 400;\">Ce projet permettrait l&#039;extension de nouvelles pistes de ski au Complexe sportif olympique du comt\u00e9 d&#039;Essex, dans l&#039;\u00c9tat de New York. Ce complexe se trouve sur une r\u00e9serve foresti\u00e8re d&#039;\u00c9tat. Ce projet obligerait \u00e9galement l&#039;\u00c9tat de New York \u00e0 ajouter 2\u00a0500 acres de for\u00eat prot\u00e9g\u00e9e au parc Adirondack.<\/span><\/li>\r\n \t<li style=\"font-weight: 400;\" aria-level=\"1\"><span style=\"font-weight: 400;\">Vote du CCNY :<\/span><strong> Aucune position.<\/strong><\/li>\r\n<\/ul>\r\n<i><span style=\"font-weight: 400;\">Question 2\u00a0: Acc\u00e9l\u00e9rer la construction de logements abordables pour construire davantage de logements abordables dans toute la ville<\/span><\/i><span style=\"font-weight: 400;\">\u00a0<\/span>\r\n<ul>\r\n \t<li style=\"font-weight: 400;\" aria-level=\"1\"><span style=\"font-weight: 400;\">Cette proposition cr\u00e9erait de nouvelles proc\u00e9dures publiques acc\u00e9l\u00e9r\u00e9es pour le logement abordable. Premi\u00e8rement, elle cr\u00e9erait une nouvelle instance au sein du Conseil des normes et des recours (BSA) permettant d&#039;accorder des d\u00e9rogations au zonage pour les projets de logements abordables financ\u00e9s par des fonds publics. Deuxi\u00e8mement, elle \u00e9tablirait une nouvelle proc\u00e9dure d&#039;examen public simplifi\u00e9e pour les demandes de logements abordables dans les quartiers communautaires ayant autoris\u00e9 les logements les moins abordables. Cette proposition s&#039;appuie sur le Cadre pour un logement \u00e9quitable du Conseil municipal de New York, adopt\u00e9 \u00e0 l&#039;unanimit\u00e9 en 2023.\u00a0<\/span><\/li>\r\n \t<li style=\"font-weight: 400;\" aria-level=\"1\"><span style=\"font-weight: 400;\">Vote du CCNY :<\/span><strong> Aucune position.<\/strong><\/li>\r\n<\/ul>\r\n<i><span style=\"font-weight: 400;\">Question 3\u00a0: Simplifier l\u2019examen des projets modestes de logements et d\u2019infrastructures\u00a0<\/span><\/i>\r\n<ul>\r\n \t<li style=\"font-weight: 400;\" aria-level=\"1\"><span style=\"font-weight: 400;\">Cette proposition cr\u00e9erait l\u2019ELURP, un nouveau processus d\u2019examen simplifi\u00e9 pour certains changements d\u2019utilisation des terres, y compris des augmentations modestes de la quantit\u00e9 de logements autoris\u00e9s, l\u2019acquisition et la cession de terrains pour faciliter le logement abordable et les projets de r\u00e9silience climatique dont on a un besoin urgent.\u00a0<\/span><\/li>\r\n \t<li style=\"font-weight: 400;\" aria-level=\"1\"><span style=\"font-weight: 400;\">Vote du CCNY :<\/span><strong> Aucune position.<\/strong><\/li>\r\n<\/ul>\r\n<i><span style=\"font-weight: 400;\">Question 4\u00a0: Cr\u00e9er une commission d\u2019appel en mati\u00e8re de logement abordable avec une repr\u00e9sentation du Conseil, de l\u2019arrondissement et de la ville.<\/span><\/i><span style=\"font-weight: 400;\">\u00a0<\/span>\r\n<ul>\r\n \t<li style=\"font-weight: 400;\" aria-level=\"1\"><span style=\"font-weight: 400;\">Cette proposition cr\u00e9erait une nouvelle Commission d&#039;appel du logement abordable, compos\u00e9e du pr\u00e9sident d&#039;arrondissement concern\u00e9, du pr\u00e9sident du conseil municipal et du maire. Cette commission remplacerait le veto du maire \u00e0 l&#039;issue de la Proc\u00e9dure uniforme d&#039;examen de l&#039;utilisation des sols (ULURP) pour les projets de cr\u00e9ation de logements abordables. La Commission d&#039;appel serait habilit\u00e9e \u00e0 annuler les d\u00e9cisions du conseil municipal sur certaines questions d&#039;utilisation des sols uniquement si deux \u00e9lus sur trois sont d&#039;accord. Suite aux commentaires du public, cette proposition a \u00e9t\u00e9 modifi\u00e9e pour ne s&#039;appliquer qu&#039;aux projets de cr\u00e9ation de logements abordables, et non \u00e0 toutes les demandes d&#039;utilisation des sols.\u00a0<\/span><\/li>\r\n \t<li style=\"font-weight: 400;\" aria-level=\"1\"><span style=\"font-weight: 400;\">Vote du CCNY :<\/span><strong> Nous recommandons un vote NON.<\/strong><\/li>\r\n \t<li style=\"font-weight: 400;\" aria-level=\"1\"><span style=\"font-weight: 400;\">Raisonnement:<\/span><span style=\"font-weight: 400;\"> Common Cause NY s&#039;oppose \u00e0 cette mesure car elle reviendrait \u00e0 destituer le Conseil municipal du processus d&#039;approbation des plans d&#039;am\u00e9nagement du territoire et \u00e0 transf\u00e9rer son autorit\u00e9 \u00e0 celle de la Commission d&#039;appel propos\u00e9e. Cette commission, compos\u00e9e du pr\u00e9sident de l&#039;arrondissement, du pr\u00e9sident du Conseil municipal et du maire, concentrerait un pouvoir d\u00e9cisionnel consid\u00e9rable entre les mains d&#039;un petit groupe de fonctionnaires. Si certains conseillers ont abus\u00e9 de leur pouvoir discr\u00e9tionnaire, cette r\u00e9vision de la Charte municipale n&#039;est pas la solution appropri\u00e9e. Il s&#039;agit d&#039;un d\u00e9s\u00e9quilibre injustifi\u00e9 entre les pouvoirs ex\u00e9cutif et l\u00e9gislatif au sein d&#039;un syst\u00e8me d\u00e9j\u00e0 d\u00e9s\u00e9quilibr\u00e9 qui favorise le pouvoir du maire.<\/span><\/li>\r\n<\/ul>\r\n<i><span style=\"font-weight: 400;\">Question 5\u00a0: Cr\u00e9er une carte num\u00e9rique de la ville pour moderniser les op\u00e9rations municipales<\/span><\/i>\r\n<ul>\r\n \t<li style=\"font-weight: 400;\" aria-level=\"1\"><span style=\"font-weight: 400;\">Cette proposition viserait \u00e0 consolider le plan officiel de la ville, qui joue un r\u00f4le m\u00e9connu mais crucial dans l&#039;approbation des projets de logement et d&#039;infrastructures, en une seule carte et \u00e0 le num\u00e9riser. Aujourd&#039;hui, le plan de la ville se compose de cinq jeux de cartes diff\u00e9rents, un pour chaque arrondissement, totalisant plus de 8\u00a0000 cartes papier individuelles.<\/span><\/li>\r\n \t<li style=\"font-weight: 400;\" aria-level=\"1\"><span style=\"font-weight: 400;\">Poste au CCNY :<\/span><strong> Nous recommandons un vote OUI.<\/strong><\/li>\r\n \t<li style=\"font-weight: 400;\" aria-level=\"1\"><span style=\"font-weight: 400;\">Raisonnement:<\/span> <span style=\"font-weight: 400;\">Common Cause New York soutient la proposition 5 en tant que mesure g\u00e9n\u00e9rale d\u2019efficacit\u00e9 du gouvernement.\u00a0<\/span><\/li>\r\n<\/ul>\r\n<i><span style=\"font-weight: 400;\">Question 6\u00a0: D\u00e9placer les \u00e9lections locales vers les ann\u00e9es d\u2019\u00e9lection pr\u00e9sidentielle pour augmenter la participation \u00e9lectorale<\/span><\/i>\r\n<ul>\r\n \t<li style=\"font-weight: 400;\" aria-level=\"1\"><span style=\"font-weight: 400;\">Cette proposition d\u00e9placerait les dates des \u00e9lections primaires et g\u00e9n\u00e9rales de la ville aux ann\u00e9es paires, lors des \u00e9lections pr\u00e9sidentielles, afin d&#039;am\u00e9liorer la participation \u00e9lectorale, de rendre la d\u00e9mocratie locale plus inclusive et d&#039;\u00e9conomiser l&#039;argent du contribuable. Ce changement n\u00e9cessiterait \u00e9galement une nouvelle modification de la Constitution de l&#039;\u00c9tat de New York avant de pouvoir entrer en vigueur.<\/span><\/li>\r\n \t<li style=\"font-weight: 400;\" aria-level=\"1\"><span style=\"font-weight: 400;\">Vote du CCNY :<\/span><span style=\"font-weight: 400;\"><strong> Nous recommandons un vote OUI.<\/strong><\/span><\/li>\r\n \t<li style=\"font-weight: 400;\" aria-level=\"1\">Justification\u00a0: Common Cause New York soutient fermement cette proposition. Nous plaidons depuis de nombreuses ann\u00e9es pour le regroupement des \u00e9lections des ann\u00e9es paires, par le biais de diverses initiatives l\u00e9gislatives et d\u2019amendements constitutionnels \u00e0 Albany. L\u2019exp\u00e9rience d\u2019autres juridictions montre que le regroupement des \u00e9lections locales avec les \u00e9lections \u00e9tatiques et f\u00e9d\u00e9rales les ann\u00e9es paires entra\u00eene une participation \u00e9lectorale beaucoup plus importante aux scrutins locaux.<\/li>\r\n<\/ul>\r\n<em>*Remarque\u00a0: Common Cause New York a modifi\u00e9 cet article le 29\/10\/25 pour correspondre \u00e0 la d\u00e9finition exacte de la commission d\u2019appel propos\u00e9e (mentionn\u00e9e dans la question 4).<\/em>"}}]},"yoast_head":"<!-- This site is optimized with the Yoast SEO Premium plugin v26.6 (Yoast SEO v27.1.1) - https:\/\/yoast.com\/product\/yoast-seo-premium-wordpress\/ -->\n<title>- Common Cause New York<\/title>\n<meta name=\"robots\" content=\"index, follow, max-snippet:-1, max-image-preview:large, max-video-preview:-1\" \/>\n<link rel=\"canonical\" href=\"https:\/\/www.commoncause.org\/new-york\/fr\/priorites\/2464-2\/\" \/>\n<meta property=\"og:locale\" content=\"fr_FR\" \/>\n<meta property=\"og:type\" content=\"article\" \/>\n<meta property=\"og:url\" content=\"https:\/\/www.commoncause.org\/new-york\/fr\/priorites\/2464-2\/\" \/>\n<meta property=\"og:site_name\" content=\"Common Cause New York\" \/>\n<meta property=\"article:modified_time\" content=\"2025-10-29T21:47:34+00:00\" \/>\n<meta property=\"og:image\" content=\"https:\/\/www.commoncause.org\/new-york\/wp-content\/uploads\/2024\/08\/common-cause-share-image.png\" \/>\n\t<meta property=\"og:image:width\" content=\"1200\" \/>\n\t<meta property=\"og:image:height\" content=\"630\" \/>\n\t<meta property=\"og:image:type\" content=\"image\/png\" \/>\n<meta name=\"twitter:card\" content=\"summary_large_image\" \/>\n<script type=\"application\/ld+json\" class=\"yoast-schema-graph\">{\"@context\":\"https:\/\/schema.org\",\"@graph\":[{\"@type\":\"WebPage\",\"@id\":\"https:\/\/www.commoncause.org\/new-york\/priorities\/2464-2\/\",\"url\":\"https:\/\/www.commoncause.org\/new-york\/priorities\/2464-2\/\",\"name\":\"- Common Cause New York\",\"isPartOf\":{\"@id\":\"https:\/\/www.commoncause.org\/new-york\/#website\"},\"datePublished\":\"2025-10-28T19:55:16+00:00\",\"dateModified\":\"2025-10-29T21:47:34+00:00\",\"breadcrumb\":{\"@id\":\"https:\/\/www.commoncause.org\/new-york\/priorities\/2464-2\/#breadcrumb\"},\"inLanguage\":\"fr-FR\",\"potentialAction\":[{\"@type\":\"ReadAction\",\"target\":[\"https:\/\/www.commoncause.org\/new-york\/priorities\/2464-2\/\"]}]},{\"@type\":\"BreadcrumbList\",\"@id\":\"https:\/\/www.commoncause.org\/new-york\/priorities\/2464-2\/#breadcrumb\",\"itemListElement\":[{\"@type\":\"ListItem\",\"position\":1,\"name\":\"Home\",\"item\":\"https:\/\/www.commoncause.org\/new-york\/\"},{\"@type\":\"ListItem\",\"position\":2,\"name\":\"Priorities\",\"item\":\"https:\/\/www.commoncause.org\/new-york\/priorities\/\"}]},{\"@type\":\"WebSite\",\"@id\":\"https:\/\/www.commoncause.org\/new-york\/#website\",\"url\":\"https:\/\/www.commoncause.org\/new-york\/\",\"name\":\"Common Cause New York\",\"description\":\"\",\"potentialAction\":[{\"@type\":\"SearchAction\",\"target\":{\"@type\":\"EntryPoint\",\"urlTemplate\":\"https:\/\/www.commoncause.org\/new-york\/?s={search_term_string}\"},\"query-input\":{\"@type\":\"PropertyValueSpecification\",\"valueRequired\":true,\"valueName\":\"search_term_string\"}}],\"inLanguage\":\"fr-FR\"}]}<\/script>\n<!-- \/ Yoast SEO Premium plugin. -->","yoast_head_json":{"title":"- Cause commune New York","robots":{"index":"index","follow":"follow","max-snippet":"max-snippet:-1","max-image-preview":"max-image-preview:large","max-video-preview":"max-video-preview:-1"},"canonical":"https:\/\/www.commoncause.org\/new-york\/fr\/priorites\/2464-2\/","og_locale":"fr_FR","og_type":"article","og_url":"https:\/\/www.commoncause.org\/new-york\/fr\/priorites\/2464-2\/","og_site_name":"Common Cause New York","article_modified_time":"2025-10-29T21:47:34+00:00","og_image":[{"width":1200,"height":630,"url":"https:\/\/www.commoncause.org\/new-york\/wp-content\/uploads\/2024\/08\/common-cause-share-image.png","type":"image\/png"}],"twitter_card":"summary_large_image","schema":{"@context":"https:\/\/schema.org","@graph":[{"@type":"WebPage","@id":"https:\/\/www.commoncause.org\/new-york\/priorities\/2464-2\/","url":"https:\/\/www.commoncause.org\/new-york\/priorities\/2464-2\/","name":"- Cause commune New York","isPartOf":{"@id":"https:\/\/www.commoncause.org\/new-york\/#website"},"datePublished":"2025-10-28T19:55:16+00:00","dateModified":"2025-10-29T21:47:34+00:00","breadcrumb":{"@id":"https:\/\/www.commoncause.org\/new-york\/priorities\/2464-2\/#breadcrumb"},"inLanguage":"fr-FR","potentialAction":[{"@type":"ReadAction","target":["https:\/\/www.commoncause.org\/new-york\/priorities\/2464-2\/"]}]},{"@type":"BreadcrumbList","@id":"https:\/\/www.commoncause.org\/new-york\/priorities\/2464-2\/#breadcrumb","itemListElement":[{"@type":"ListItem","position":1,"name":"Home","item":"https:\/\/www.commoncause.org\/new-york\/"},{"@type":"ListItem","position":2,"name":"Priorities","item":"https:\/\/www.commoncause.org\/new-york\/priorities\/"}]},{"@type":"WebSite","@id":"https:\/\/www.commoncause.org\/new-york\/#website","url":"https:\/\/www.commoncause.org\/new-york\/","name":"Cause commune \u00e0 New York","description":"","potentialAction":[{"@type":"SearchAction","target":{"@type":"EntryPoint","urlTemplate":"https:\/\/www.commoncause.org\/new-york\/?s={search_term_string}"},"query-input":{"@type":"PropertyValueSpecification","valueRequired":true,"valueName":"search_term_string"}}],"inLanguage":"fr-FR"}]}},"distributor_meta":false,"distributor_terms":false,"distributor_media":false,"distributor_original_site_name":"Common Cause New York","distributor_original_site_url":"https:\/\/www.commoncause.org\/new-york\/fr","push-errors":false,"_links":{"self":[{"href":"https:\/\/www.commoncause.org\/new-york\/fr\/wp-json\/wp\/v2\/pages\/2464","targetHints":{"allow":["GET"]}}],"collection":[{"href":"https:\/\/www.commoncause.org\/new-york\/fr\/wp-json\/wp\/v2\/pages"}],"about":[{"href":"https:\/\/www.commoncause.org\/new-york\/fr\/wp-json\/wp\/v2\/types\/page"}],"author":[{"embeddable":true,"href":"https:\/\/www.commoncause.org\/new-york\/fr\/wp-json\/wp\/v2\/users\/136"}],"replies":[{"embeddable":true,"href":"https:\/\/www.commoncause.org\/new-york\/fr\/wp-json\/wp\/v2\/comments?post=2464"}],"version-history":[{"count":5,"href":"https:\/\/www.commoncause.org\/new-york\/fr\/wp-json\/wp\/v2\/pages\/2464\/revisions"}],"predecessor-version":[{"id":2469,"href":"https:\/\/www.commoncause.org\/new-york\/fr\/wp-json\/wp\/v2\/pages\/2464\/revisions\/2469"}],"up":[{"embeddable":true,"href":"https:\/\/www.commoncause.org\/new-york\/fr\/wp-json\/wp\/v2\/pages\/21"}],"wp:attachment":[{"href":"https:\/\/www.commoncause.org\/new-york\/fr\/wp-json\/wp\/v2\/media?parent=2464"}],"curies":[{"name":"wp","href":"https:\/\/api.w.org\/{rel}","templated":true}]}}