{"id":22,"date":"2024-05-07T13:47:40","date_gmt":"2024-05-07T13:47:40","guid":{"rendered":"https:\/\/www.commoncause.org\/new-york\/our-impact\/"},"modified":"2024-06-24T13:31:46","modified_gmt":"2024-06-24T17:31:46","slug":"notre-impact","status":"publish","type":"page","link":"https:\/\/www.commoncause.org\/new-york\/fr\/our-impact\/","title":{"rendered":"Notre impact"},"content":{"rendered":"","protected":false},"excerpt":{"rendered":"","protected":false},"author":1,"featured_media":0,"parent":0,"menu_order":0,"comment_status":"closed","ping_status":"closed","template":"","meta":{"_acf_changed":false,"_relevanssi_hide_post":"","_relevanssi_hide_content":"","_relevanssi_pin_for_all":"","_relevanssi_pin_keywords":"","_relevanssi_unpin_keywords":"","_relevanssi_related_keywords":"","_relevanssi_related_include_ids":"","_relevanssi_related_exclude_ids":"","_relevanssi_related_no_append":"","_relevanssi_related_not_related":"","_relevanssi_related_posts":"","_relevanssi_noindex_reason":""},"class_list":["post-22","page","type-page","status-publish","hentry"],"acf":{"header":{"component_page_header":{"header_type":"background","title":"Notre impact","lead":"When Common Cause New York takes action, we make a real difference for democracy.","image":"","subnavigation":false}},"sidebar":{"helper_enable_sidebar":false,"helper_media_contact":{"heading":"","manually_enter_person":false,"person":"","name":"","role":"","phone":"","email":""},"helper_links_downloads":{"heading":"","links":null}},"page_layout":[{"acf_fc_layout":"layout_wysiwyg","_acfe_flexible_toggle":"","component_wysiwyg":{"content":"<h4 style=\"text-align: center;\"><span style=\"font-weight: 400;\">Gr\u00e2ce au soutien de nos membres d\u00e9vou\u00e9s, nous avons \u0153uvr\u00e9 \u00e0 maintes reprises pour la protection des droits des New-Yorkais. Nous continuerons \u00e0 rendre notre gouvernement new-yorkais plus ouvert, plus honn\u00eate et plus responsable. D\u00e9couvrez quelques-unes de nos victoires les plus marquantes\u00a0:<\/span><\/h4>\r\n&nbsp;"}},{"acf_fc_layout":"layout_wysiwyg","_acfe_flexible_toggle":"","component_wysiwyg":{"content":"<img class=\"aligncenter wp-image-16028 size-full\" src=\"https:\/\/www.commoncause.org\/new-york\/wp-content\/uploads\/2024\/05\/Screen-Shot-2019-06-03-at-5.12.07-PM.png\" alt=\"\" width=\"904\" height=\"602\" \/>\r\n\r\n<strong>R\u00e9vision des lois \u00e9lectorales d\u00e9su\u00e8tes de l&#039;\u00c9tat de New York\r\n<\/strong>En 2023, le programme pro-d\u00e9mocratie de Common Cause New York, compos\u00e9 de dix projets de loi, a \u00e9t\u00e9 promulgu\u00e9. Cet ensemble de r\u00e9formes instaure le premier syst\u00e8me universel de vote par correspondance de l&#039;\u00c9tat, offre aux New-Yorkais un jour suppl\u00e9mentaire pour s&#039;inscrire sur les listes \u00e9lectorales lors du vote anticip\u00e9, aide les anciens d\u00e9tenus \u00e0 comprendre leurs droits, et bien plus encore. Il s&#039;agit d&#039;une victoire d\u00e9cisive dans la lutte pour la protection et l&#039;\u00e9largissement du droit de vote \u00e0 New York.\r\n\r\n<strong>Le vote pr\u00e9f\u00e9rentiel sera introduit \u00e0 New York\r\n<\/strong>En 2019, les \u00e9lecteurs de la ville de New York ont adopt\u00e9 une initiative de vote instituant le vote pr\u00e9f\u00e9rentiel (RCV) pour toutes les \u00e9lections primaires et sp\u00e9ciales de la ville apr\u00e8s une campagne acharn\u00e9e men\u00e9e par Common Cause New York et nos partenaires. Avec le RCV, les politiciens doivent rivaliser partout et pr\u00eater attention \u00e0 chaque communaut\u00e9, les \u00e9lecteurs ont d\u00e9sormais plus de voix et plus de choix et les candidats entrent en fonction avec le soutien d&#039;une majorit\u00e9 de leurs \u00e9lecteurs.<strong>\r\n<\/strong>\r\n<h4><a href=\"https:\/\/www.commoncause.org\/new-york\/fr\/travail\/sessions-legislatives-precedentes\/\"><strong>Apprenez-en plus sur nos victoires.<\/strong><\/a><\/h4>"}},{"acf_fc_layout":"layout_statistics","_acfe_flexible_toggle":"","component_statistics":{"title":"Depuis des ann\u00e9es, Common Cause New York \u0153uvre dans tout notre \u00c9tat pour une d\u00e9mocratie plus forte.","statistics":[{"component_statistic":{"number":"46,000","text":"Members across the state","source":"People like you power everything that we do for our democracy."}},{"component_statistic":{"number":"62","text":"Counties with Common Cause New York members","source":"Our supporters live and take action in every corner of our state."}},{"component_statistic":{"number":"35+","text":"Pro-voter bills passed in Albany since 2019","source":"When we fight, we win."}}]}}]},"yoast_head":"<!-- This site is optimized with the Yoast SEO Premium plugin v26.6 (Yoast SEO v27.1.1) - https:\/\/yoast.com\/product\/yoast-seo-premium-wordpress\/ -->\n<title>Our Impact - Common Cause New York<\/title>\n<meta name=\"robots\" content=\"index, follow, max-snippet:-1, max-image-preview:large, max-video-preview:-1\" \/>\n<link rel=\"canonical\" href=\"https:\/\/www.commoncause.org\/new-york\/fr\/notre-impact\/\" \/>\n<meta property=\"og:locale\" content=\"fr_FR\" \/>\n<meta property=\"og:type\" content=\"article\" \/>\n<meta property=\"og:title\" content=\"Our Impact\" \/>\n<meta property=\"og:url\" content=\"https:\/\/www.commoncause.org\/new-york\/fr\/notre-impact\/\" \/>\n<meta property=\"og:site_name\" content=\"Common Cause New York\" \/>\n<meta property=\"article:modified_time\" content=\"2024-06-24T17:31:46+00:00\" \/>\n<meta property=\"og:image\" content=\"https:\/\/www.commoncause.org\/new-york\/wp-content\/uploads\/2024\/08\/common-cause-share-image.png\" \/>\n\t<meta property=\"og:image:width\" content=\"1200\" \/>\n\t<meta property=\"og:image:height\" content=\"630\" \/>\n\t<meta property=\"og:image:type\" content=\"image\/png\" \/>\n<meta name=\"twitter:card\" content=\"summary_large_image\" \/>\n<script type=\"application\/ld+json\" class=\"yoast-schema-graph\">{\"@context\":\"https:\/\/schema.org\",\"@graph\":[{\"@type\":\"WebPage\",\"@id\":\"https:\/\/www.commoncause.org\/new-york\/our-impact\/\",\"url\":\"https:\/\/www.commoncause.org\/new-york\/our-impact\/\",\"name\":\"Our Impact - Common Cause New York\",\"isPartOf\":{\"@id\":\"https:\/\/www.commoncause.org\/new-york\/#website\"},\"datePublished\":\"2024-05-07T13:47:40+00:00\",\"dateModified\":\"2024-06-24T17:31:46+00:00\",\"breadcrumb\":{\"@id\":\"https:\/\/www.commoncause.org\/new-york\/our-impact\/#breadcrumb\"},\"inLanguage\":\"fr-FR\",\"potentialAction\":[{\"@type\":\"ReadAction\",\"target\":[\"https:\/\/www.commoncause.org\/new-york\/our-impact\/\"]}]},{\"@type\":\"BreadcrumbList\",\"@id\":\"https:\/\/www.commoncause.org\/new-york\/our-impact\/#breadcrumb\",\"itemListElement\":[{\"@type\":\"ListItem\",\"position\":1,\"name\":\"Home\",\"item\":\"https:\/\/www.commoncause.org\/new-york\/\"},{\"@type\":\"ListItem\",\"position\":2,\"name\":\"Our Impact\"}]},{\"@type\":\"WebSite\",\"@id\":\"https:\/\/www.commoncause.org\/new-york\/#website\",\"url\":\"https:\/\/www.commoncause.org\/new-york\/\",\"name\":\"Common Cause New York\",\"description\":\"\",\"potentialAction\":[{\"@type\":\"SearchAction\",\"target\":{\"@type\":\"EntryPoint\",\"urlTemplate\":\"https:\/\/www.commoncause.org\/new-york\/?s={search_term_string}\"},\"query-input\":{\"@type\":\"PropertyValueSpecification\",\"valueRequired\":true,\"valueName\":\"search_term_string\"}}],\"inLanguage\":\"fr-FR\"}]}<\/script>\n<!-- \/ Yoast SEO Premium plugin. -->","yoast_head_json":{"title":"Notre impact \u2013 Common Cause New York","robots":{"index":"index","follow":"follow","max-snippet":"max-snippet:-1","max-image-preview":"max-image-preview:large","max-video-preview":"max-video-preview:-1"},"canonical":"https:\/\/www.commoncause.org\/new-york\/fr\/notre-impact\/","og_locale":"fr_FR","og_type":"article","og_title":"Our Impact","og_url":"https:\/\/www.commoncause.org\/new-york\/fr\/notre-impact\/","og_site_name":"Common Cause New York","article_modified_time":"2024-06-24T17:31:46+00:00","og_image":[{"width":1200,"height":630,"url":"https:\/\/www.commoncause.org\/new-york\/wp-content\/uploads\/2024\/08\/common-cause-share-image.png","type":"image\/png"}],"twitter_card":"summary_large_image","schema":{"@context":"https:\/\/schema.org","@graph":[{"@type":"WebPage","@id":"https:\/\/www.commoncause.org\/new-york\/our-impact\/","url":"https:\/\/www.commoncause.org\/new-york\/our-impact\/","name":"Notre impact \u2013 Common Cause New York","isPartOf":{"@id":"https:\/\/www.commoncause.org\/new-york\/#website"},"datePublished":"2024-05-07T13:47:40+00:00","dateModified":"2024-06-24T17:31:46+00:00","breadcrumb":{"@id":"https:\/\/www.commoncause.org\/new-york\/our-impact\/#breadcrumb"},"inLanguage":"fr-FR","potentialAction":[{"@type":"ReadAction","target":["https:\/\/www.commoncause.org\/new-york\/our-impact\/"]}]},{"@type":"BreadcrumbList","@id":"https:\/\/www.commoncause.org\/new-york\/our-impact\/#breadcrumb","itemListElement":[{"@type":"ListItem","position":1,"name":"Home","item":"https:\/\/www.commoncause.org\/new-york\/"},{"@type":"ListItem","position":2,"name":"Our Impact"}]},{"@type":"WebSite","@id":"https:\/\/www.commoncause.org\/new-york\/#website","url":"https:\/\/www.commoncause.org\/new-york\/","name":"Cause commune \u00e0 New York","description":"","potentialAction":[{"@type":"SearchAction","target":{"@type":"EntryPoint","urlTemplate":"https:\/\/www.commoncause.org\/new-york\/?s={search_term_string}"},"query-input":{"@type":"PropertyValueSpecification","valueRequired":true,"valueName":"search_term_string"}}],"inLanguage":"fr-FR"}]}},"distributor_meta":false,"distributor_terms":false,"distributor_media":false,"distributor_original_site_name":"Common Cause New York","distributor_original_site_url":"https:\/\/www.commoncause.org\/new-york\/fr","push-errors":false,"_links":{"self":[{"href":"https:\/\/www.commoncause.org\/new-york\/fr\/wp-json\/wp\/v2\/pages\/22","targetHints":{"allow":["GET"]}}],"collection":[{"href":"https:\/\/www.commoncause.org\/new-york\/fr\/wp-json\/wp\/v2\/pages"}],"about":[{"href":"https:\/\/www.commoncause.org\/new-york\/fr\/wp-json\/wp\/v2\/types\/page"}],"author":[{"embeddable":true,"href":"https:\/\/www.commoncause.org\/new-york\/fr\/wp-json\/wp\/v2\/users\/1"}],"replies":[{"embeddable":true,"href":"https:\/\/www.commoncause.org\/new-york\/fr\/wp-json\/wp\/v2\/comments?post=22"}],"version-history":[{"count":18,"href":"https:\/\/www.commoncause.org\/new-york\/fr\/wp-json\/wp\/v2\/pages\/22\/revisions"}],"predecessor-version":[{"id":1350,"href":"https:\/\/www.commoncause.org\/new-york\/fr\/wp-json\/wp\/v2\/pages\/22\/revisions\/1350"}],"wp:attachment":[{"href":"https:\/\/www.commoncause.org\/new-york\/fr\/wp-json\/wp\/v2\/media?parent=22"}],"curies":[{"name":"wp","href":"https:\/\/api.w.org\/{rel}","templated":true}]}}