{"id":2464,"date":"2025-10-28T15:55:16","date_gmt":"2025-10-28T19:55:16","guid":{"rendered":"https:\/\/www.commoncause.org\/new-york\/?page_id=2464"},"modified":"2025-10-29T17:47:34","modified_gmt":"2025-10-29T21:47:34","slug":"2464-2","status":"publish","type":"page","link":"https:\/\/www.commoncause.org\/new-york\/es\/priorities\/2464-2\/","title":{"rendered":""},"content":{"rendered":"","protected":false},"excerpt":{"rendered":"","protected":false},"author":136,"featured_media":0,"parent":21,"menu_order":0,"comment_status":"closed","ping_status":"closed","template":"","meta":{"_acf_changed":false,"_relevanssi_hide_post":"","_relevanssi_hide_content":"","_relevanssi_pin_for_all":"","_relevanssi_pin_keywords":"","_relevanssi_unpin_keywords":"","_relevanssi_related_keywords":"","_relevanssi_related_include_ids":"","_relevanssi_related_exclude_ids":"","_relevanssi_related_no_append":"","_relevanssi_related_not_related":"","_relevanssi_related_posts":"","_relevanssi_noindex_reason":""},"class_list":["post-2464","page","type-page","status-publish","hentry"],"acf":{"header":{"component_page_header":{"header_type":"default","title":"Posturas de Common Cause New York sobre las propuestas electorales de la ciudad de Nueva York para las elecciones generales de 2025","lead":"","image":"","subnavigation":false}},"sidebar":{"helper_enable_sidebar":false,"helper_media_contact":{"heading":"Media Contact","manually_enter_person":false,"person":"","name":"","role":"","phone":"","email":""},"helper_links_downloads":{"heading":"Links & Downloads","links":null}},"page_layout":[{"acf_fc_layout":"layout_wysiwyg","_acfe_flexible_toggle":"","component_wysiwyg":{"content":"<h1><b>Fondo<\/b><\/h1>\r\n<span style=\"font-weight: 400;\">Common Cause New York ha sido una organizaci\u00f3n de vigilancia gubernamental por m\u00e1s de 50 a\u00f1os, supervisando la rendici\u00f3n de cuentas del gobierno tanto en la ciudad como en el estado. Dado que hemos estado monitoreando de cerca a la Comisi\u00f3n de Revisi\u00f3n de la Carta Constitucional, instamos a los votantes a que se tomen el tiempo para comprender e informarse sobre la propuesta electoral.\u00a0<\/span>\r\n\r\n<span style=\"font-weight: 400;\">Participar en las propuestas electorales es crucial para los neoyorquinos, ya que estas medidas influyen directamente en el funcionamiento de nuestros gobiernos estatales y locales, impactando nuestra vida diaria tanto como los resultados de las elecciones. Las propuestas electorales representan la democracia directa en acci\u00f3n, empoderando a los votantes para que decidan sobre asuntos importantes por s\u00ed mismos, en lugar de depender \u00fanicamente de los pol\u00edticos para que representen sus intereses. Desafortunadamente, los votantes suelen ignorar las propuestas electorales. Esto puede llevar a que una peque\u00f1a minor\u00eda determine el resultado de propuestas que nos afectan a todos. Por lo tanto, es a\u00fan m\u00e1s importante que tu voz se escuche. <\/span>\r\n\r\n<span style=\"font-weight: 400;\">En respuesta a las reiteradas solicitudes de nuestra postura sobre las preguntas en la boleta electoral de la ciudad de Nueva York, hemos analizado las preguntas con mayor profundidad y adoptamos las siguientes posturas. Las posturas de Common Cause NY se basan en nuestras evaluaciones como defensores de un buen gobierno, preocupados por la eficiencia gubernamental y el mantenimiento del sistema de controles y equilibrios. No hemos adoptado posturas sobre temas que consideramos que no afectan nuestras \u00e1reas de inter\u00e9s principales.<\/span>\r\n<h1><b>Propuestas en la boleta electoral de las elecciones generales de la ciudad de Nueva York<\/b><\/h1>\r\n<i><span style=\"font-weight: 400;\">Pregunta 1: Enmienda para permitir la construcci\u00f3n de un complejo deportivo ol\u00edmpico en el condado de Essex, en terrenos de la reserva forestal estatal.<\/span><\/i>\r\n<ul>\r\n \t<li style=\"font-weight: 400;\" aria-level=\"1\"><span style=\"font-weight: 400;\">Esta propuesta permitir\u00eda la ampliaci\u00f3n de nuevas pistas de esqu\u00ed en el Complejo Deportivo Ol\u00edmpico del Condado de Essex, Nueva York. El Complejo Deportivo Ol\u00edmpico se encuentra en terrenos de reserva forestal estatal. Esta propuesta tambi\u00e9n requerir\u00eda que el Estado de Nueva York a\u00f1adiera 2500 acres de terreno forestal protegido al Parque Adirondack.<\/span><\/li>\r\n \t<li style=\"font-weight: 400;\" aria-level=\"1\"><span style=\"font-weight: 400;\">Votaci\u00f3n de CCNY:<\/span><strong> Sin posici\u00f3n.<\/strong><\/li>\r\n<\/ul>\r\n<i><span style=\"font-weight: 400;\">Pregunta 2: Programa Acelerado de Vivienda Asequible para Construir M\u00e1s Viviendas Asequibles en Toda la Ciudad<\/span><\/i><span style=\"font-weight: 400;\">\u00a0<\/span>\r\n<ul>\r\n \t<li style=\"font-weight: 400;\" aria-level=\"1\"><span style=\"font-weight: 400;\">Esta propuesta crear\u00eda nuevos procesos p\u00fablicos acelerados para la vivienda asequible. En primer lugar, crear\u00eda una nueva v\u00eda ante la Junta de Normas y Apelaciones (BSA) que podr\u00eda otorgar exenciones de zonificaci\u00f3n para proyectos de vivienda asequible financiados con fondos p\u00fablicos. En segundo lugar, establecer\u00eda un nuevo procedimiento de revisi\u00f3n p\u00fablica simplificado para las solicitudes de vivienda asequible en los distritos comunitarios que han permitido la menor cantidad de viviendas asequibles. Esta propuesta se basa en el Marco de Vivienda Justa del Ayuntamiento de Nueva York, aprobado por unanimidad en 2023.\u00a0<\/span><\/li>\r\n \t<li style=\"font-weight: 400;\" aria-level=\"1\"><span style=\"font-weight: 400;\">Votaci\u00f3n de CCNY:<\/span><strong> Sin posici\u00f3n.<\/strong><\/li>\r\n<\/ul>\r\n<i><span style=\"font-weight: 400;\">Pregunta 3: Simplificar la revisi\u00f3n de proyectos modestos de vivienda e infraestructura\u00a0<\/span><\/i>\r\n<ul>\r\n \t<li style=\"font-weight: 400;\" aria-level=\"1\"><span style=\"font-weight: 400;\">Esta propuesta crear\u00eda ELURP, un nuevo proceso de revisi\u00f3n simplificado para ciertos cambios en el uso del suelo, incluyendo aumentos modestos en la cantidad de viviendas permitidas, la adquisici\u00f3n y disposici\u00f3n de tierras para facilitar viviendas asequibles y proyectos de resiliencia clim\u00e1tica que se necesitan con urgencia.\u00a0<\/span><\/li>\r\n \t<li style=\"font-weight: 400;\" aria-level=\"1\"><span style=\"font-weight: 400;\">Votaci\u00f3n de CCNY:<\/span><strong> Sin posici\u00f3n.<\/strong><\/li>\r\n<\/ul>\r\n<i><span style=\"font-weight: 400;\">Pregunta 4: Establecer una Junta de Apelaciones de Vivienda Asequible con representaci\u00f3n del Consejo, el Distrito y toda la Ciudad.<\/span><\/i><span style=\"font-weight: 400;\">\u00a0<\/span>\r\n<ul>\r\n \t<li style=\"font-weight: 400;\" aria-level=\"1\"><span style=\"font-weight: 400;\">Esta propuesta crear\u00eda una nueva Junta de Apelaciones de Vivienda Asequible, integrada por el Presidente del Distrito correspondiente, el Presidente del Concejo Municipal y el Alcalde, que sustituir\u00eda el veto del Alcalde al final del Procedimiento Uniforme de Revisi\u00f3n del Uso del Suelo (ULURP, por sus siglas en ingl\u00e9s) para proyectos que generen vivienda asequible. La Junta de Apelaciones tendr\u00eda la facultad de revocar las decisiones del Concejo Municipal sobre ciertos asuntos de uso del suelo solo si dos de los tres funcionarios est\u00e1n de acuerdo. En respuesta a las opiniones del p\u00fablico, esta propuesta se modific\u00f3 para aplicarse \u00fanicamente a proyectos que generen vivienda asequible, en lugar de a todas las solicitudes de uso del suelo.\u00a0<\/span><\/li>\r\n \t<li style=\"font-weight: 400;\" aria-level=\"1\"><span style=\"font-weight: 400;\">Votaci\u00f3n de CCNY:<\/span><strong> Recomendamos votar NO.<\/strong><\/li>\r\n \t<li style=\"font-weight: 400;\" aria-level=\"1\"><span style=\"font-weight: 400;\">Raz\u00f3n fundamental:<\/span><span style=\"font-weight: 400;\"> Common Cause NY se opone a esta medida porque, en la pr\u00e1ctica, excluir\u00eda al Ayuntamiento del proceso de aprobaci\u00f3n del uso del suelo y sustituir\u00eda su autoridad por la de la Junta de Apelaciones propuesta. Dicha Junta \u2014compuesta por el Presidente del Distrito, el Presidente del Ayuntamiento y el Alcalde\u2014 concentrar\u00eda un poder de decisi\u00f3n significativo en un reducido grupo de funcionarios. Si bien algunos concejales han abusado del principio de deferencia hacia sus colegas, esta modificaci\u00f3n de la Carta Municipal no constituye la medida correctiva adecuada. Se trata de un cambio injustificado en el equilibrio de poder entre el poder ejecutivo y el legislativo del gobierno municipal, en un sistema ya de por s\u00ed desequilibrado que favorece el poder del alcalde.<\/span><\/li>\r\n<\/ul>\r\n<i><span style=\"font-weight: 400;\">Pregunta 5: Crear un mapa digital de la ciudad para modernizar las operaciones municipales.<\/span><\/i>\r\n<ul>\r\n \t<li style=\"font-weight: 400;\" aria-level=\"1\"><span style=\"font-weight: 400;\">Esta propuesta consolidar\u00eda el Mapa Oficial de la Ciudad, que desempe\u00f1a un papel fundamental, aunque poco conocido, en la aprobaci\u00f3n de proyectos de vivienda e infraestructura, en un \u00fanico mapa y lo digitalizar\u00eda. Actualmente, el Mapa de la Ciudad consta de cinco conjuntos diferentes de mapas, uno por cada distrito, con un total de m\u00e1s de 8000 mapas individuales en papel.<\/span><\/li>\r\n \t<li style=\"font-weight: 400;\" aria-level=\"1\"><span style=\"font-weight: 400;\">Posici\u00f3n en CCNY:<\/span><strong> Recomendamos votar S\u00cd.<\/strong><\/li>\r\n \t<li style=\"font-weight: 400;\" aria-level=\"1\"><span style=\"font-weight: 400;\">Raz\u00f3n fundamental:<\/span> <span style=\"font-weight: 400;\">Common Cause New York apoya la Propuesta 5 como una medida general de eficiencia gubernamental.\u00a0<\/span><\/li>\r\n<\/ul>\r\n<i><span style=\"font-weight: 400;\">Pregunta 6: \u00bfSe podr\u00edan trasladar las elecciones locales a los a\u00f1os de elecciones presidenciales para aumentar la participaci\u00f3n electoral?<\/span><\/i>\r\n<ul>\r\n \t<li style=\"font-weight: 400;\" aria-level=\"1\"><span style=\"font-weight: 400;\">Esta propuesta trasladar\u00eda las fechas de las elecciones primarias y generales de la ciudad a los a\u00f1os pares, coincidiendo con las elecciones presidenciales, con el fin de mejorar la participaci\u00f3n electoral, lograr una democracia local m\u00e1s inclusiva y ahorrar dinero a los contribuyentes. Este cambio tambi\u00e9n requerir\u00eda una modificaci\u00f3n de la Constituci\u00f3n del Estado de Nueva York antes de entrar en vigor.<\/span><\/li>\r\n \t<li style=\"font-weight: 400;\" aria-level=\"1\"><span style=\"font-weight: 400;\">Votaci\u00f3n de CCNY:<\/span><span style=\"font-weight: 400;\"><strong> Recomendamos votar S\u00cd.<\/strong><\/span><\/li>\r\n \t<li style=\"font-weight: 400;\" aria-level=\"1\">Fundamentaci\u00f3n: Common Cause New York apoya firmemente esta propuesta. Durante muchos a\u00f1os, hemos abogado por la consolidaci\u00f3n de las elecciones de los a\u00f1os pares mediante diversas iniciativas legislativas y enmiendas constitucionales en Albany. La experiencia en otras jurisdicciones demuestra que la consolidaci\u00f3n de las elecciones locales con las estatales y federales en los a\u00f1os pares resulta en una mayor participaci\u00f3n electoral en las elecciones locales.<\/li>\r\n<\/ul>\r\n<em>*Nota: Common Cause New York modific\u00f3 este art\u00edculo el 29\/10\/25 para que coincidiera con la definici\u00f3n precisa de la Junta de Apelaciones propuesta (mencionada en la Pregunta 4).<\/em>"}}]},"yoast_head":"<!-- This site is optimized with the Yoast SEO Premium plugin v26.6 (Yoast SEO v27.1.1) - https:\/\/yoast.com\/product\/yoast-seo-premium-wordpress\/ -->\n<title>- Common Cause New York<\/title>\n<meta name=\"robots\" content=\"index, follow, max-snippet:-1, max-image-preview:large, max-video-preview:-1\" \/>\n<link rel=\"canonical\" href=\"https:\/\/www.commoncause.org\/new-york\/es\/prioridades\/2464-2\/\" \/>\n<meta property=\"og:locale\" content=\"es_ES\" \/>\n<meta property=\"og:type\" content=\"article\" \/>\n<meta property=\"og:url\" content=\"https:\/\/www.commoncause.org\/new-york\/es\/prioridades\/2464-2\/\" \/>\n<meta property=\"og:site_name\" content=\"Common Cause New York\" \/>\n<meta property=\"article:modified_time\" content=\"2025-10-29T21:47:34+00:00\" \/>\n<meta property=\"og:image\" content=\"https:\/\/www.commoncause.org\/new-york\/wp-content\/uploads\/2024\/08\/common-cause-share-image.png\" \/>\n\t<meta property=\"og:image:width\" content=\"1200\" \/>\n\t<meta property=\"og:image:height\" content=\"630\" \/>\n\t<meta property=\"og:image:type\" content=\"image\/png\" \/>\n<meta name=\"twitter:card\" content=\"summary_large_image\" \/>\n<script type=\"application\/ld+json\" class=\"yoast-schema-graph\">{\"@context\":\"https:\/\/schema.org\",\"@graph\":[{\"@type\":\"WebPage\",\"@id\":\"https:\/\/www.commoncause.org\/new-york\/priorities\/2464-2\/\",\"url\":\"https:\/\/www.commoncause.org\/new-york\/priorities\/2464-2\/\",\"name\":\"- Common Cause New York\",\"isPartOf\":{\"@id\":\"https:\/\/www.commoncause.org\/new-york\/#website\"},\"datePublished\":\"2025-10-28T19:55:16+00:00\",\"dateModified\":\"2025-10-29T21:47:34+00:00\",\"breadcrumb\":{\"@id\":\"https:\/\/www.commoncause.org\/new-york\/priorities\/2464-2\/#breadcrumb\"},\"inLanguage\":\"es-DO\",\"potentialAction\":[{\"@type\":\"ReadAction\",\"target\":[\"https:\/\/www.commoncause.org\/new-york\/priorities\/2464-2\/\"]}]},{\"@type\":\"BreadcrumbList\",\"@id\":\"https:\/\/www.commoncause.org\/new-york\/priorities\/2464-2\/#breadcrumb\",\"itemListElement\":[{\"@type\":\"ListItem\",\"position\":1,\"name\":\"Home\",\"item\":\"https:\/\/www.commoncause.org\/new-york\/\"},{\"@type\":\"ListItem\",\"position\":2,\"name\":\"Priorities\",\"item\":\"https:\/\/www.commoncause.org\/new-york\/priorities\/\"}]},{\"@type\":\"WebSite\",\"@id\":\"https:\/\/www.commoncause.org\/new-york\/#website\",\"url\":\"https:\/\/www.commoncause.org\/new-york\/\",\"name\":\"Common Cause New York\",\"description\":\"\",\"potentialAction\":[{\"@type\":\"SearchAction\",\"target\":{\"@type\":\"EntryPoint\",\"urlTemplate\":\"https:\/\/www.commoncause.org\/new-york\/?s={search_term_string}\"},\"query-input\":{\"@type\":\"PropertyValueSpecification\",\"valueRequired\":true,\"valueName\":\"search_term_string\"}}],\"inLanguage\":\"es-DO\"}]}<\/script>\n<!-- \/ Yoast SEO Premium plugin. -->","yoast_head_json":{"title":"- Common Cause Nueva York","robots":{"index":"index","follow":"follow","max-snippet":"max-snippet:-1","max-image-preview":"max-image-preview:large","max-video-preview":"max-video-preview:-1"},"canonical":"https:\/\/www.commoncause.org\/new-york\/es\/prioridades\/2464-2\/","og_locale":"es_ES","og_type":"article","og_url":"https:\/\/www.commoncause.org\/new-york\/es\/prioridades\/2464-2\/","og_site_name":"Common Cause New York","article_modified_time":"2025-10-29T21:47:34+00:00","og_image":[{"width":1200,"height":630,"url":"https:\/\/www.commoncause.org\/new-york\/wp-content\/uploads\/2024\/08\/common-cause-share-image.png","type":"image\/png"}],"twitter_card":"summary_large_image","schema":{"@context":"https:\/\/schema.org","@graph":[{"@type":"WebPage","@id":"https:\/\/www.commoncause.org\/new-york\/priorities\/2464-2\/","url":"https:\/\/www.commoncause.org\/new-york\/priorities\/2464-2\/","name":"- Common Cause Nueva York","isPartOf":{"@id":"https:\/\/www.commoncause.org\/new-york\/#website"},"datePublished":"2025-10-28T19:55:16+00:00","dateModified":"2025-10-29T21:47:34+00:00","breadcrumb":{"@id":"https:\/\/www.commoncause.org\/new-york\/priorities\/2464-2\/#breadcrumb"},"inLanguage":"es-DO","potentialAction":[{"@type":"ReadAction","target":["https:\/\/www.commoncause.org\/new-york\/priorities\/2464-2\/"]}]},{"@type":"BreadcrumbList","@id":"https:\/\/www.commoncause.org\/new-york\/priorities\/2464-2\/#breadcrumb","itemListElement":[{"@type":"ListItem","position":1,"name":"Home","item":"https:\/\/www.commoncause.org\/new-york\/"},{"@type":"ListItem","position":2,"name":"Priorities","item":"https:\/\/www.commoncause.org\/new-york\/priorities\/"}]},{"@type":"WebSite","@id":"https:\/\/www.commoncause.org\/new-york\/#website","url":"https:\/\/www.commoncause.org\/new-york\/","name":"Causa com\u00fan Nueva York","description":"","potentialAction":[{"@type":"SearchAction","target":{"@type":"EntryPoint","urlTemplate":"https:\/\/www.commoncause.org\/new-york\/?s={search_term_string}"},"query-input":{"@type":"PropertyValueSpecification","valueRequired":true,"valueName":"search_term_string"}}],"inLanguage":"es-DO"}]}},"distributor_meta":false,"distributor_terms":false,"distributor_media":false,"distributor_original_site_name":"Common Cause New York","distributor_original_site_url":"https:\/\/www.commoncause.org\/new-york\/es","push-errors":false,"_links":{"self":[{"href":"https:\/\/www.commoncause.org\/new-york\/es\/wp-json\/wp\/v2\/pages\/2464","targetHints":{"allow":["GET"]}}],"collection":[{"href":"https:\/\/www.commoncause.org\/new-york\/es\/wp-json\/wp\/v2\/pages"}],"about":[{"href":"https:\/\/www.commoncause.org\/new-york\/es\/wp-json\/wp\/v2\/types\/page"}],"author":[{"embeddable":true,"href":"https:\/\/www.commoncause.org\/new-york\/es\/wp-json\/wp\/v2\/users\/136"}],"replies":[{"embeddable":true,"href":"https:\/\/www.commoncause.org\/new-york\/es\/wp-json\/wp\/v2\/comments?post=2464"}],"version-history":[{"count":5,"href":"https:\/\/www.commoncause.org\/new-york\/es\/wp-json\/wp\/v2\/pages\/2464\/revisions"}],"predecessor-version":[{"id":2469,"href":"https:\/\/www.commoncause.org\/new-york\/es\/wp-json\/wp\/v2\/pages\/2464\/revisions\/2469"}],"up":[{"embeddable":true,"href":"https:\/\/www.commoncause.org\/new-york\/es\/wp-json\/wp\/v2\/pages\/21"}],"wp:attachment":[{"href":"https:\/\/www.commoncause.org\/new-york\/es\/wp-json\/wp\/v2\/media?parent=2464"}],"curies":[{"name":"Gracias","href":"https:\/\/api.w.org\/{rel}","templated":true}]}}