{"id":24,"date":"2024-05-07T13:49:43","date_gmt":"2024-05-07T13:49:43","guid":{"rendered":"https:\/\/www.commoncause.org\/new-york\/donate\/"},"modified":"2024-08-09T18:09:47","modified_gmt":"2024-08-09T22:09:47","slug":"donar","status":"publish","type":"page","link":"https:\/\/www.commoncause.org\/new-york\/es\/donate\/","title":{"rendered":"Donar"},"content":{"rendered":"","protected":false},"excerpt":{"rendered":"","protected":false},"author":1,"featured_media":0,"parent":0,"menu_order":0,"comment_status":"closed","ping_status":"closed","template":"","meta":{"_acf_changed":false,"_relevanssi_hide_post":"","_relevanssi_hide_content":"","_relevanssi_pin_for_all":"","_relevanssi_pin_keywords":"","_relevanssi_unpin_keywords":"","_relevanssi_related_keywords":"","_relevanssi_related_include_ids":"","_relevanssi_related_exclude_ids":"","_relevanssi_related_no_append":"","_relevanssi_related_not_related":"","_relevanssi_related_posts":"","_relevanssi_noindex_reason":""},"class_list":["post-24","page","type-page","status-publish","hentry"],"acf":{"header":{"component_page_header":{"header_type":"default","title":"Donar a Common Cause Nueva York","lead":"","image":"","subnavigation":false}},"sidebar":{"helper_enable_sidebar":false,"helper_media_contact":{"heading":"","manually_enter_person":false,"person":"","name":"","role":"","phone":"","email":""},"helper_links_downloads":{"heading":"","links":null}},"page_layout":[{"acf_fc_layout":"layout_wysiwyg","_acfe_flexible_toggle":"","component_wysiwyg":{"content":"Causa Com\u00fan Nueva York lidera las luchas importantes a nivel local, estatal y nacional. Su apoyo impulsa la acci\u00f3n comunitaria, legal y legislativa para enfrentar a los intereses especiales, exigir responsabilidades a los funcionarios electos y construir la democracia que todos los estadounidenses merecen."}},{"acf_fc_layout":"layout_basic_html","_acfe_flexible_toggle":"","component_basic_html":{"heading":"Be a champion for Democracy","code":"<script src='https:\/\/actionnetwork.org\/widgets\/v5\/fundraising\/common-cause-new-york?format=js&source=website&css=whitelabel&'><\/script><div id='can-fundraising-area-common-cause-new-york' style='width: 100%'><\/div>","width":"medium"}},{"acf_fc_layout":"layout_wysiwyg","_acfe_flexible_toggle":"","component_wysiwyg":{"content":"<h3>Otras formas de donar\u2026<\/h3>\r\nHay muchas maneras de apoyar la misi\u00f3n de Common Cause de exigir responsabilidades a las autoridades. Si tiene alguna pregunta o no encuentra su m\u00e9todo de donaci\u00f3n preferido en la lista, comun\u00edquese con Servicios para Miembros al (202) 833-1200 o\u00a0<a href=\"mailto:giving@commoncause.org\">giving@commoncause.org<\/a>\u00a0y estaremos encantados de discutir sus opciones para realizar una contribuci\u00f3n.\r\n\r\n<strong>Dona desde tu fondo asesorado por donantes\u00a0<\/strong>\r\n\r\nConsidere hacer una donaci\u00f3n al Fondo Educativo de Causa Com\u00fan a trav\u00e9s de su fondo asesorado por donantes. <b>\u00bfPreguntas?<\/b> Env\u00ede un correo electr\u00f3nico o llame a Rachel Queirolo, Directora Nacional de Donaciones Importantes al <a href=\"mailto:rqueirolo@commoncause.org\">rqueirolo@commoncause.org<\/a> o (202)-736-5773.\r\n\r\n<strong>Donaciones deducibles de impuestos<\/strong>\r\n\r\nLas contribuciones a Common Cause no son deducibles de impuestos, ya que nuestro trabajo incluye cabildeo por reformas. Sin embargo, puede hacer una contribuci\u00f3n deducible de impuestos a nuestra filial, Common Cause Education Fund, una organizaci\u00f3n ben\u00e9fica 501(c)3 que apoya nuestros esfuerzos para exigir responsabilidades a las autoridades mediante la participaci\u00f3n c\u00edvica y la educaci\u00f3n p\u00fablica. <a href=\"https:\/\/www.commoncause.org\/new-york\/es\/donar\/fondo-de-educacion\/\">Haga clic aqu\u00ed para hacer su donaci\u00f3n deducible de impuestos &gt;&gt;<\/a>\r\n\r\n<strong>Donaciones a cuentas de jubilaci\u00f3n y IRA<\/strong>\r\n\r\nIncluir a Common Cause Education Fund como beneficiario de su cuenta de jubilaci\u00f3n o IRA es otra forma sencilla y fiscalmente efectiva de fortalecer la democracia y promover el buen gobierno. <a href=\"https:\/\/www.commoncause.org\/new-york\/es\/retirement-funds-or-iras\/\">Haga clic aqu\u00ed para obtener m\u00e1s informaci\u00f3n sobre las cuentas de jubilaci\u00f3n y las donaciones IRA.<\/a>\r\n\r\n<strong>Apoye la Causa Com\u00fan en su Testamento<\/strong>\r\n\r\nAyude a garantizar la promesa de democracia para la pr\u00f3xima generaci\u00f3n dejando un <a href=\"https:\/\/www.commoncause.org\/new-york\/es\/support-common-cause-in-your-will\/\">regalo de patrimonio, como un legado u otro regalo planificado<\/a>. Usa esto <a href=\"https:\/\/www.freewill.com\/commoncause?utm_source=partner&amp;utm_medium=donatepage&amp;utm_campaign=commoncause_website\">Herramienta gratuita para redactar testamentos<\/a> para comenzar de forma r\u00e1pida y sencilla.\r\n\r\n<strong>Donaciones en el lugar de trabajo<\/strong>\r\n\r\nDonar a Common Cause a trav\u00e9s de donaciones en el lugar de trabajo es conveniente y tiene un gran impacto. Permite a los empleados apoyar f\u00e1cilmente las iniciativas de rendici\u00f3n de cuentas del gobierno y reformas democr\u00e1ticas mediante deducciones en la n\u00f3mina. Los programas de donaciones equivalentes pueden amplificar las contribuciones, maximizando el impacto. <a href=\"https:\/\/www.commoncause.org\/new-york\/es\/workplace-giving\/\">Obtenga m\u00e1s informaci\u00f3n sobre las donaciones en el lugar de trabajo aqu\u00ed &gt;&gt;<\/a>\r\n\r\n<strong>Donaciones de acciones<\/strong>\r\n\r\nSe pueden realizar donaciones de acciones y valores a Common Cause y a nuestra filial Common Cause Education Fund a trav\u00e9s de Wells Fargo. <a href=\"https:\/\/www.commoncause.org\/new-york\/es\/gifts-of-stock\/\">Para m\u00e1s detalles sobre donaciones de acciones, haga clic aqu\u00ed &gt;&gt;<\/a>\r\n\r\n<strong>Apoyando una causa com\u00fan a trav\u00e9s de una fundaci\u00f3n<\/strong>\r\n\r\nSi est\u00e1 afiliado a una fundaci\u00f3n y est\u00e1 interesado en obtener m\u00e1s informaci\u00f3n sobre nuestro impacto o en realizar una subvenci\u00f3n al Fondo de Educaci\u00f3n de Causa Com\u00fan, comun\u00edquese con nuestro Director de Relaciones con Fundaciones, Sam Voorhees, al <a href=\"mailto:svoorhees@commoncause.org\">svoorhees@commoncause.org<\/a> o (202)-736-5723.\r\n\r\n<strong>Liderazgo que da<\/strong>\r\n\r\nAl hacer una donaci\u00f3n de $10,000 o m\u00e1s, se unir\u00e1 a un grupo de defensores de la democracia en todo el pa\u00eds. Su donaci\u00f3n impulsa nuestra labor de protecci\u00f3n electoral, litigios, redistribuci\u00f3n de distritos, lucha contra la desinformaci\u00f3n electoral, exigencia de responsabilidades a Trump y mucho m\u00e1s. <b>\u00bfPreguntas?<\/b> Env\u00ede un correo electr\u00f3nico o llame a Rachel Queirolo, Directora Nacional de Donaciones Importantes al <a href=\"mailto:rqueirolo@commoncause.org\">rqueirolo@commoncause.org<\/a> o (202)-736-5773.\r\n\r\n<strong>Donaciones conmemorativas y honorarias<\/strong>\r\n\r\nUn obsequio que enaltece la democracia en nombre de un ser querido es una forma maravillosa de demostrar apoyo al trabajo de Common Cause. <a href=\"https:\/\/www.commoncause.org\/new-york\/es\/memorial-honorary-gifts\/\">Si desea hacer un regalo conmemorativo o honorario, haga clic aqu\u00ed.<\/a> o comun\u00edquese con Sam Anderson-Chinnes en <a href=\"mailto:sanderson@commoncause.org\">sanderson@commoncause.org<\/a>."}}]},"yoast_head":"<!-- This site is optimized with the Yoast SEO Premium plugin v26.6 (Yoast SEO v27.1.1) - https:\/\/yoast.com\/product\/yoast-seo-premium-wordpress\/ -->\n<title>Donate - Common Cause New York<\/title>\n<meta name=\"robots\" content=\"index, follow, max-snippet:-1, max-image-preview:large, max-video-preview:-1\" \/>\n<link rel=\"canonical\" href=\"https:\/\/www.commoncause.org\/new-york\/es\/donar\/\" \/>\n<meta property=\"og:locale\" content=\"es_ES\" \/>\n<meta property=\"og:type\" content=\"article\" \/>\n<meta property=\"og:title\" content=\"Donate\" \/>\n<meta property=\"og:url\" content=\"https:\/\/www.commoncause.org\/new-york\/es\/donar\/\" \/>\n<meta property=\"og:site_name\" content=\"Common Cause New York\" \/>\n<meta property=\"article:modified_time\" content=\"2024-08-09T22:09:47+00:00\" \/>\n<meta property=\"og:image\" content=\"https:\/\/www.commoncause.org\/new-york\/wp-content\/uploads\/2024\/08\/common-cause-share-image.png\" \/>\n\t<meta property=\"og:image:width\" content=\"1200\" \/>\n\t<meta property=\"og:image:height\" content=\"630\" \/>\n\t<meta property=\"og:image:type\" content=\"image\/png\" \/>\n<meta name=\"twitter:card\" content=\"summary_large_image\" \/>\n<script type=\"application\/ld+json\" class=\"yoast-schema-graph\">{\"@context\":\"https:\/\/schema.org\",\"@graph\":[{\"@type\":\"WebPage\",\"@id\":\"https:\/\/www.commoncause.org\/new-york\/donate\/\",\"url\":\"https:\/\/www.commoncause.org\/new-york\/donate\/\",\"name\":\"Donate - Common Cause New York\",\"isPartOf\":{\"@id\":\"https:\/\/www.commoncause.org\/new-york\/#website\"},\"datePublished\":\"2024-05-07T13:49:43+00:00\",\"dateModified\":\"2024-08-09T22:09:47+00:00\",\"breadcrumb\":{\"@id\":\"https:\/\/www.commoncause.org\/new-york\/donate\/#breadcrumb\"},\"inLanguage\":\"es-DO\",\"potentialAction\":[{\"@type\":\"ReadAction\",\"target\":[\"https:\/\/www.commoncause.org\/new-york\/donate\/\"]}]},{\"@type\":\"BreadcrumbList\",\"@id\":\"https:\/\/www.commoncause.org\/new-york\/donate\/#breadcrumb\",\"itemListElement\":[{\"@type\":\"ListItem\",\"position\":1,\"name\":\"Home\",\"item\":\"https:\/\/www.commoncause.org\/new-york\/\"},{\"@type\":\"ListItem\",\"position\":2,\"name\":\"Donate\"}]},{\"@type\":\"WebSite\",\"@id\":\"https:\/\/www.commoncause.org\/new-york\/#website\",\"url\":\"https:\/\/www.commoncause.org\/new-york\/\",\"name\":\"Common Cause New York\",\"description\":\"\",\"potentialAction\":[{\"@type\":\"SearchAction\",\"target\":{\"@type\":\"EntryPoint\",\"urlTemplate\":\"https:\/\/www.commoncause.org\/new-york\/?s={search_term_string}\"},\"query-input\":{\"@type\":\"PropertyValueSpecification\",\"valueRequired\":true,\"valueName\":\"search_term_string\"}}],\"inLanguage\":\"es-DO\"}]}<\/script>\n<!-- \/ Yoast SEO Premium plugin. -->","yoast_head_json":{"title":"Donar - Causa Com\u00fan Nueva York","robots":{"index":"index","follow":"follow","max-snippet":"max-snippet:-1","max-image-preview":"max-image-preview:large","max-video-preview":"max-video-preview:-1"},"canonical":"https:\/\/www.commoncause.org\/new-york\/es\/donar\/","og_locale":"es_ES","og_type":"article","og_title":"Donate","og_url":"https:\/\/www.commoncause.org\/new-york\/es\/donar\/","og_site_name":"Common Cause New York","article_modified_time":"2024-08-09T22:09:47+00:00","og_image":[{"width":1200,"height":630,"url":"https:\/\/www.commoncause.org\/new-york\/wp-content\/uploads\/2024\/08\/common-cause-share-image.png","type":"image\/png"}],"twitter_card":"summary_large_image","schema":{"@context":"https:\/\/schema.org","@graph":[{"@type":"WebPage","@id":"https:\/\/www.commoncause.org\/new-york\/donate\/","url":"https:\/\/www.commoncause.org\/new-york\/donate\/","name":"Donar - Causa Com\u00fan Nueva York","isPartOf":{"@id":"https:\/\/www.commoncause.org\/new-york\/#website"},"datePublished":"2024-05-07T13:49:43+00:00","dateModified":"2024-08-09T22:09:47+00:00","breadcrumb":{"@id":"https:\/\/www.commoncause.org\/new-york\/donate\/#breadcrumb"},"inLanguage":"es-DO","potentialAction":[{"@type":"ReadAction","target":["https:\/\/www.commoncause.org\/new-york\/donate\/"]}]},{"@type":"BreadcrumbList","@id":"https:\/\/www.commoncause.org\/new-york\/donate\/#breadcrumb","itemListElement":[{"@type":"ListItem","position":1,"name":"Home","item":"https:\/\/www.commoncause.org\/new-york\/"},{"@type":"ListItem","position":2,"name":"Donate"}]},{"@type":"WebSite","@id":"https:\/\/www.commoncause.org\/new-york\/#website","url":"https:\/\/www.commoncause.org\/new-york\/","name":"Causa com\u00fan Nueva York","description":"","potentialAction":[{"@type":"SearchAction","target":{"@type":"EntryPoint","urlTemplate":"https:\/\/www.commoncause.org\/new-york\/?s={search_term_string}"},"query-input":{"@type":"PropertyValueSpecification","valueRequired":true,"valueName":"search_term_string"}}],"inLanguage":"es-DO"}]}},"distributor_meta":false,"distributor_terms":false,"distributor_media":false,"distributor_original_site_name":"Common Cause New York","distributor_original_site_url":"https:\/\/www.commoncause.org\/new-york\/es","push-errors":false,"_links":{"self":[{"href":"https:\/\/www.commoncause.org\/new-york\/es\/wp-json\/wp\/v2\/pages\/24","targetHints":{"allow":["GET"]}}],"collection":[{"href":"https:\/\/www.commoncause.org\/new-york\/es\/wp-json\/wp\/v2\/pages"}],"about":[{"href":"https:\/\/www.commoncause.org\/new-york\/es\/wp-json\/wp\/v2\/types\/page"}],"author":[{"embeddable":true,"href":"https:\/\/www.commoncause.org\/new-york\/es\/wp-json\/wp\/v2\/users\/1"}],"replies":[{"embeddable":true,"href":"https:\/\/www.commoncause.org\/new-york\/es\/wp-json\/wp\/v2\/comments?post=24"}],"version-history":[{"count":18,"href":"https:\/\/www.commoncause.org\/new-york\/es\/wp-json\/wp\/v2\/pages\/24\/revisions"}],"predecessor-version":[{"id":1714,"href":"https:\/\/www.commoncause.org\/new-york\/es\/wp-json\/wp\/v2\/pages\/24\/revisions\/1714"}],"wp:attachment":[{"href":"https:\/\/www.commoncause.org\/new-york\/es\/wp-json\/wp\/v2\/media?parent=24"}],"curies":[{"name":"Gracias","href":"https:\/\/api.w.org\/{rel}","templated":true}]}}