{"id":22,"date":"2024-05-07T13:47:40","date_gmt":"2024-05-07T13:47:40","guid":{"rendered":"https:\/\/www.commoncause.org\/new-york\/our-impact\/"},"modified":"2024-06-24T13:31:46","modified_gmt":"2024-06-24T17:31:46","slug":"nuestro-impacto","status":"publish","type":"page","link":"https:\/\/www.commoncause.org\/new-york\/es\/our-impact\/","title":{"rendered":"Nuestro impacto"},"content":{"rendered":"","protected":false},"excerpt":{"rendered":"","protected":false},"author":1,"featured_media":0,"parent":0,"menu_order":0,"comment_status":"closed","ping_status":"closed","template":"","meta":{"_acf_changed":false,"_relevanssi_hide_post":"","_relevanssi_hide_content":"","_relevanssi_pin_for_all":"","_relevanssi_pin_keywords":"","_relevanssi_unpin_keywords":"","_relevanssi_related_keywords":"","_relevanssi_related_include_ids":"","_relevanssi_related_exclude_ids":"","_relevanssi_related_no_append":"","_relevanssi_related_not_related":"","_relevanssi_related_posts":"","_relevanssi_noindex_reason":""},"class_list":["post-22","page","type-page","status-publish","hentry"],"acf":{"header":{"component_page_header":{"header_type":"background","title":"Nuestro impacto","lead":"When Common Cause New York takes action, we make a real difference for democracy.","image":"","subnavigation":false}},"sidebar":{"helper_enable_sidebar":false,"helper_media_contact":{"heading":"","manually_enter_person":false,"person":"","name":"","role":"","phone":"","email":""},"helper_links_downloads":{"heading":"","links":null}},"page_layout":[{"acf_fc_layout":"layout_wysiwyg","_acfe_flexible_toggle":"","component_wysiwyg":{"content":"<h4 style=\"text-align: center;\"><span style=\"font-weight: 400;\">Con el apoyo de nuestros dedicados miembros, nos hemos manifestado una y otra vez para proteger los derechos de los neoyorquinos. Seguiremos trabajando para que nuestro gobierno aqu\u00ed en Nueva York sea m\u00e1s abierto, honesto y responsable. Vea algunas de nuestras victorias m\u00e1s impactantes:<\/span><\/h4>\r\n&nbsp;"}},{"acf_fc_layout":"layout_wysiwyg","_acfe_flexible_toggle":"","component_wysiwyg":{"content":"<img class=\"aligncenter wp-image-16028 size-full\" src=\"https:\/\/www.commoncause.org\/new-york\/wp-content\/uploads\/2024\/05\/Screen-Shot-2019-06-03-at-5.12.07-PM.png\" alt=\"\" width=\"904\" height=\"602\" \/>\r\n\r\n<strong>Revisar las anticuadas leyes electorales de Nueva York\r\n<\/strong>En 2023, se promulg\u00f3 el paquete de diez proyectos de ley prodemocracia de Common Cause New York. Este conjunto de reformas establece el primer sistema universal de voto por correo de Nueva York, ofrece a los neoyorquinos un d\u00eda adicional para registrarse para votar durante la votaci\u00f3n anticipada, ayuda a las personas que han estado en prisi\u00f3n a comprender sus derechos y mucho m\u00e1s. Esta fue una victoria clave en la lucha por proteger y ampliar el derecho al voto en Nueva York.\r\n\r\n<strong>Llevando la votaci\u00f3n por orden de preferencia a Nueva York\r\n<\/strong>En 2019, los votantes de la ciudad de Nueva York aprobaron una iniciativa electoral que instituy\u00f3 el Voto por Orden de Preferencia (VOR) para todas las elecciones primarias y especiales de la ciudad, tras una re\u00f1ida campa\u00f1a de Common Cause New York y sus socios. Con el VOR, los pol\u00edticos deben competir en todas partes y prestar atenci\u00f3n a cada comunidad; los votantes ahora tienen m\u00e1s voz y m\u00e1s opciones, y los candidatos asumen el cargo con el apoyo de la mayor\u00eda de sus electores.<strong>\r\n<\/strong>\r\n<h4><a href=\"https:\/\/www.commoncause.org\/new-york\/es\/trabajar\/sesiones-legislativas-anteriores\/\"><strong>Conozca m\u00e1s sobre nuestras victorias.<\/strong><\/a><\/h4>"}},{"acf_fc_layout":"layout_statistics","_acfe_flexible_toggle":"","component_statistics":{"title":"Durante a\u00f1os, Common Cause New York ha estado trabajando en todo nuestro estado por una democracia m\u00e1s fuerte.","statistics":[{"component_statistic":{"number":"46,000","text":"Members across the state","source":"People like you power everything that we do for our democracy."}},{"component_statistic":{"number":"62","text":"Counties with Common Cause New York members","source":"Our supporters live and take action in every corner of our state."}},{"component_statistic":{"number":"35+","text":"Pro-voter bills passed in Albany since 2019","source":"When we fight, we win."}}]}}]},"yoast_head":"<!-- This site is optimized with the Yoast SEO Premium plugin v26.6 (Yoast SEO v27.1.1) - https:\/\/yoast.com\/product\/yoast-seo-premium-wordpress\/ -->\n<title>Our Impact - Common Cause New York<\/title>\n<meta name=\"robots\" content=\"index, follow, max-snippet:-1, max-image-preview:large, max-video-preview:-1\" \/>\n<link rel=\"canonical\" href=\"https:\/\/www.commoncause.org\/new-york\/es\/nuestro-impacto\/\" \/>\n<meta property=\"og:locale\" content=\"es_ES\" \/>\n<meta property=\"og:type\" content=\"article\" \/>\n<meta property=\"og:title\" content=\"Our Impact\" \/>\n<meta property=\"og:url\" content=\"https:\/\/www.commoncause.org\/new-york\/es\/nuestro-impacto\/\" \/>\n<meta property=\"og:site_name\" content=\"Common Cause New York\" \/>\n<meta property=\"article:modified_time\" content=\"2024-06-24T17:31:46+00:00\" \/>\n<meta property=\"og:image\" content=\"https:\/\/www.commoncause.org\/new-york\/wp-content\/uploads\/2024\/08\/common-cause-share-image.png\" \/>\n\t<meta property=\"og:image:width\" content=\"1200\" \/>\n\t<meta property=\"og:image:height\" content=\"630\" \/>\n\t<meta property=\"og:image:type\" content=\"image\/png\" \/>\n<meta name=\"twitter:card\" content=\"summary_large_image\" \/>\n<script type=\"application\/ld+json\" class=\"yoast-schema-graph\">{\"@context\":\"https:\/\/schema.org\",\"@graph\":[{\"@type\":\"WebPage\",\"@id\":\"https:\/\/www.commoncause.org\/new-york\/our-impact\/\",\"url\":\"https:\/\/www.commoncause.org\/new-york\/our-impact\/\",\"name\":\"Our Impact - Common Cause New York\",\"isPartOf\":{\"@id\":\"https:\/\/www.commoncause.org\/new-york\/#website\"},\"datePublished\":\"2024-05-07T13:47:40+00:00\",\"dateModified\":\"2024-06-24T17:31:46+00:00\",\"breadcrumb\":{\"@id\":\"https:\/\/www.commoncause.org\/new-york\/our-impact\/#breadcrumb\"},\"inLanguage\":\"es-DO\",\"potentialAction\":[{\"@type\":\"ReadAction\",\"target\":[\"https:\/\/www.commoncause.org\/new-york\/our-impact\/\"]}]},{\"@type\":\"BreadcrumbList\",\"@id\":\"https:\/\/www.commoncause.org\/new-york\/our-impact\/#breadcrumb\",\"itemListElement\":[{\"@type\":\"ListItem\",\"position\":1,\"name\":\"Home\",\"item\":\"https:\/\/www.commoncause.org\/new-york\/\"},{\"@type\":\"ListItem\",\"position\":2,\"name\":\"Our Impact\"}]},{\"@type\":\"WebSite\",\"@id\":\"https:\/\/www.commoncause.org\/new-york\/#website\",\"url\":\"https:\/\/www.commoncause.org\/new-york\/\",\"name\":\"Common Cause New York\",\"description\":\"\",\"potentialAction\":[{\"@type\":\"SearchAction\",\"target\":{\"@type\":\"EntryPoint\",\"urlTemplate\":\"https:\/\/www.commoncause.org\/new-york\/?s={search_term_string}\"},\"query-input\":{\"@type\":\"PropertyValueSpecification\",\"valueRequired\":true,\"valueName\":\"search_term_string\"}}],\"inLanguage\":\"es-DO\"}]}<\/script>\n<!-- \/ Yoast SEO Premium plugin. -->","yoast_head_json":{"title":"Nuestro impacto - Causa com\u00fan Nueva York","robots":{"index":"index","follow":"follow","max-snippet":"max-snippet:-1","max-image-preview":"max-image-preview:large","max-video-preview":"max-video-preview:-1"},"canonical":"https:\/\/www.commoncause.org\/new-york\/es\/nuestro-impacto\/","og_locale":"es_ES","og_type":"article","og_title":"Our Impact","og_url":"https:\/\/www.commoncause.org\/new-york\/es\/nuestro-impacto\/","og_site_name":"Common Cause New York","article_modified_time":"2024-06-24T17:31:46+00:00","og_image":[{"width":1200,"height":630,"url":"https:\/\/www.commoncause.org\/new-york\/wp-content\/uploads\/2024\/08\/common-cause-share-image.png","type":"image\/png"}],"twitter_card":"summary_large_image","schema":{"@context":"https:\/\/schema.org","@graph":[{"@type":"WebPage","@id":"https:\/\/www.commoncause.org\/new-york\/our-impact\/","url":"https:\/\/www.commoncause.org\/new-york\/our-impact\/","name":"Nuestro impacto - Causa com\u00fan Nueva York","isPartOf":{"@id":"https:\/\/www.commoncause.org\/new-york\/#website"},"datePublished":"2024-05-07T13:47:40+00:00","dateModified":"2024-06-24T17:31:46+00:00","breadcrumb":{"@id":"https:\/\/www.commoncause.org\/new-york\/our-impact\/#breadcrumb"},"inLanguage":"es-DO","potentialAction":[{"@type":"ReadAction","target":["https:\/\/www.commoncause.org\/new-york\/our-impact\/"]}]},{"@type":"BreadcrumbList","@id":"https:\/\/www.commoncause.org\/new-york\/our-impact\/#breadcrumb","itemListElement":[{"@type":"ListItem","position":1,"name":"Home","item":"https:\/\/www.commoncause.org\/new-york\/"},{"@type":"ListItem","position":2,"name":"Our Impact"}]},{"@type":"WebSite","@id":"https:\/\/www.commoncause.org\/new-york\/#website","url":"https:\/\/www.commoncause.org\/new-york\/","name":"Causa com\u00fan Nueva York","description":"","potentialAction":[{"@type":"SearchAction","target":{"@type":"EntryPoint","urlTemplate":"https:\/\/www.commoncause.org\/new-york\/?s={search_term_string}"},"query-input":{"@type":"PropertyValueSpecification","valueRequired":true,"valueName":"search_term_string"}}],"inLanguage":"es-DO"}]}},"distributor_meta":false,"distributor_terms":false,"distributor_media":false,"distributor_original_site_name":"Common Cause New York","distributor_original_site_url":"https:\/\/www.commoncause.org\/new-york\/es","push-errors":false,"_links":{"self":[{"href":"https:\/\/www.commoncause.org\/new-york\/es\/wp-json\/wp\/v2\/pages\/22","targetHints":{"allow":["GET"]}}],"collection":[{"href":"https:\/\/www.commoncause.org\/new-york\/es\/wp-json\/wp\/v2\/pages"}],"about":[{"href":"https:\/\/www.commoncause.org\/new-york\/es\/wp-json\/wp\/v2\/types\/page"}],"author":[{"embeddable":true,"href":"https:\/\/www.commoncause.org\/new-york\/es\/wp-json\/wp\/v2\/users\/1"}],"replies":[{"embeddable":true,"href":"https:\/\/www.commoncause.org\/new-york\/es\/wp-json\/wp\/v2\/comments?post=22"}],"version-history":[{"count":18,"href":"https:\/\/www.commoncause.org\/new-york\/es\/wp-json\/wp\/v2\/pages\/22\/revisions"}],"predecessor-version":[{"id":1350,"href":"https:\/\/www.commoncause.org\/new-york\/es\/wp-json\/wp\/v2\/pages\/22\/revisions\/1350"}],"wp:attachment":[{"href":"https:\/\/www.commoncause.org\/new-york\/es\/wp-json\/wp\/v2\/media?parent=22"}],"curies":[{"name":"Gracias","href":"https:\/\/api.w.org\/{rel}","templated":true}]}}