{"id":48,"date":"2024-05-07T15:23:11","date_gmt":"2024-05-07T15:23:11","guid":{"rendered":"https:\/\/www.commoncause.org\/new-mexico\/home\/"},"modified":"2026-01-14T13:32:28","modified_gmt":"2026-01-14T20:32:28","slug":"mexico-moi","status":"publish","type":"page","link":"https:\/\/www.commoncause.org\/new-mexico\/vi\/","title":{"rendered":"Trang ch\u1ee7"},"content":{"rendered":"","protected":false},"excerpt":{"rendered":"","protected":false},"author":2,"featured_media":0,"parent":0,"menu_order":0,"comment_status":"closed","ping_status":"closed","template":"","meta":{"_acf_changed":false,"_relevanssi_hide_post":"","_relevanssi_hide_content":"","_relevanssi_pin_for_all":"","_relevanssi_pin_keywords":"","_relevanssi_unpin_keywords":"","_relevanssi_related_keywords":"","_relevanssi_related_include_ids":"","_relevanssi_related_exclude_ids":"","_relevanssi_related_no_append":"","_relevanssi_related_not_related":"","_relevanssi_related_posts":"","_relevanssi_noindex_reason":""},"class_list":["post-48","page","type-page","status-publish","hentry"],"acf":{"page_layout":[{"acf_fc_layout":"layout_latest_victory","_acfe_flexible_toggle":null,"component_latest_victory":{"manually_curate":true,"latest_content":"article","button_text":"Read About Our Victory","title":"We're powerbuilding [highlight]across New Mexico[\/highlight] to fight for our democracy!","summary":"Our government only works when our communities and individuals across the state are involved and make their voices heard. Common Cause New Mexico is part of the People's Promise campaign with a goal to hold our statewide and federal elected officials accountable to the people.","button":{"title":"Sign the People's Promise today!","url":"https:\/\/act.commoncause.org\/petitions\/add-your-name-deliver-on-the-peoples-promise-11?source=direct_link&","target":""},"image":16855,"darker":false}},{"acf_fc_layout":"layout_featured_work","_acfe_flexible_toggle":null,"component_featured_work":{"content_type":"work","button_text":"View This Campaign","secondary_link":null,"manually_curate":true,"small_title":"Ranked Choice Voting promotes positive, inclusive, & fair elections.","large_title":"The City of Albuquerque needs Ranked Choice Voting!","summary":"Ranked choice voting encourages a diversity of candidates and saves taxpayer money by eliminating the need for run-off elections. \r\n\r\nThe cities of Santa Fe and Las Cruces have already adopted and implemented successful ranked choice voting - so what's stopping Albuquerque? City council members claim ranked choice voting is too complicated for voters ... Common Cause NM disagrees.","button":{"title":"Voice your support for ranked choice voting!","url":"https:\/\/actionnetwork.org\/petitions\/pass-ranked-choice-voting-in-new-mexico","target":"_blank"},"small_link":"","image":18910}},{"acf_fc_layout":"layout_about_us","_acfe_flexible_toggle":null,"component_about_us":{"intro_title":"","main_title":"Building a Government that Works for [highlight]All of Us[\/highlight]","summary":"With the support of our members, Common Cause New Mexico wins concrete, pro-democracy reforms that break down barriers to participation, promote accountability, and ensure that each of us has a voice.","button":{"title":"Discover our impact","url":"https:\/\/www.commoncause.org\/new-mexico\/our-impact\/","target":""},"image":2678}},{"acf_fc_layout":"layout_featured_action","_acfe_flexible_toggle":null,"component_featured_action":{"action_to_show":"choose","image_side":"right","action":["{\"site_id\":\"66\",\"post_type\":\"act\",\"post_id\":2064}"],"title":"B\u1ea7u c\u1eed \u0111\u1ecba ph\u01b0\u01a1ng th\u00e1ng 11 n\u0103m 2024","summary":"New Mexico's Regular Local Elections are on Tuesday, November 4th, 2025! \r\n\r\nImportant dates to remember: \r\n\r\n10\/7 - last day to register online or by mail & early voting begins!\r\n\r\n10\/18 - expanded early vote begins\r\n\r\n10\/22 - last day to request an absentee ballot\r\n\r\n11\/1 - early voting ends\r\n\r\n11\/4 - election day! Don't forget you can same day register still at any polling location.\r\n\r\nAny questions? Call our voter hotline: 866-OUR-VOTE","post_link":{"title":"Visit the NM Secretary of State's website to check or update your registration!","url":"http:\/\/www.nmvote.org","target":""},"secondary_link":""}},{"acf_fc_layout":"layout_email_signup","_acfe_flexible_toggle":null,"component_email_signup":{"":null,"small_title":"<span>Sign up for breaking news and action alerts to empower New Mexicans in our democracy.<span>","large_title":"JOIN OUR MOVEMENT","action_network_embed":"","disclaimer":"*Opt in to mobile messages from Common Cause. Message and data rates apply. Reply STOP to unsubscribe. Reply HELP for help. Periodic messages with updates and news about our work. Privacy policy & ToS."}},{"acf_fc_layout":"layout_statistics","_acfe_flexible_toggle":null,"component_statistics":{"title":"Trong nhi\u1ec1u th\u1eadp k\u1ef7, t\u1ed5 ch\u1ee9c Common Cause New Mexico \u0111\u00e3 ho\u1ea1t \u0111\u1ed9ng tr\u00ean kh\u1eafp ti\u1ec3u bang \u0111\u1ec3 x\u00e2y d\u1ef1ng n\u1ec1n d\u00e2n ch\u1ee7 v\u1eefng m\u1ea1nh h\u01a1n.","statistics":[{"component_statistic":{"number":"15.5k","text":"Members and supporters","source":"People like you power everything that we do for our democracy."}},{"component_statistic":{"number":"33","text":"New Mexico counties with Common Cause members","source":"Our supporters live and take action in every corner of our state."}},{"component_statistic":{"number":"50+","text":"Years of progress in New Mexico","source":"We continue achieving democracy wins for all New Mexicans."}}]}},{"acf_fc_layout":"layout_map","_acfe_flexible_toggle":null,"component_map":{"":null}}]},"yoast_head":"<!-- This site is optimized with the Yoast SEO Premium plugin v26.6 (Yoast SEO v27.1.1) - https:\/\/yoast.com\/product\/yoast-seo-premium-wordpress\/ -->\n<title>Home - Common Cause New Mexico<\/title>\n<meta name=\"description\" content=\"Common Cause New Mexico: Fighting for democracy in every corner of our state. Join our movement and make a difference.\" \/>\n<meta name=\"robots\" content=\"index, follow, max-snippet:-1, max-image-preview:large, max-video-preview:-1\" \/>\n<link rel=\"canonical\" href=\"https:\/\/www.commoncause.org\/new-mexico\/vi\/\" \/>\n<meta property=\"og:locale\" content=\"vi_VN\" \/>\n<meta property=\"og:type\" content=\"article\" \/>\n<meta property=\"og:title\" content=\"Home\" \/>\n<meta property=\"og:description\" content=\"Common Cause New Mexico: Fighting for democracy in every corner of our state. Join our movement and make a difference.\" \/>\n<meta property=\"og:url\" content=\"https:\/\/www.commoncause.org\/new-mexico\/vi\/\" \/>\n<meta property=\"og:site_name\" content=\"Common Cause New Mexico\" \/>\n<meta property=\"article:modified_time\" content=\"2026-01-14T20:32:28+00:00\" \/>\n<meta property=\"og:image\" content=\"https:\/\/www.commoncause.org\/new-mexico\/wp-content\/uploads\/2024\/08\/common-cause-share-image.png\" \/>\n\t<meta property=\"og:image:width\" content=\"1200\" \/>\n\t<meta property=\"og:image:height\" content=\"630\" \/>\n\t<meta property=\"og:image:type\" content=\"image\/png\" \/>\n<meta name=\"twitter:card\" content=\"summary_large_image\" \/>\n<script type=\"application\/ld+json\" class=\"yoast-schema-graph\">{\"@context\":\"https:\/\/schema.org\",\"@graph\":[{\"@type\":\"WebPage\",\"@id\":\"https:\/\/www.commoncause.org\/new-mexico\/\",\"url\":\"https:\/\/www.commoncause.org\/new-mexico\/\",\"name\":\"Home - Common Cause New Mexico\",\"isPartOf\":{\"@id\":\"https:\/\/www.commoncause.org\/new-mexico\/#website\"},\"datePublished\":\"2024-05-07T15:23:11+00:00\",\"dateModified\":\"2026-01-14T20:32:28+00:00\",\"description\":\"Common Cause New Mexico: Fighting for democracy in every corner of our state. Join our movement and make a difference.\",\"breadcrumb\":{\"@id\":\"https:\/\/www.commoncause.org\/new-mexico\/#breadcrumb\"},\"inLanguage\":\"vi\",\"potentialAction\":[{\"@type\":\"ReadAction\",\"target\":[\"https:\/\/www.commoncause.org\/new-mexico\/\"]}]},{\"@type\":\"BreadcrumbList\",\"@id\":\"https:\/\/www.commoncause.org\/new-mexico\/#breadcrumb\",\"itemListElement\":[{\"@type\":\"ListItem\",\"position\":1,\"name\":\"Home\",\"item\":\"https:\/\/www.commoncause.org\/new-mexico\/\"},{\"@type\":\"ListItem\",\"position\":2,\"name\":\"Home\"}]},{\"@type\":\"WebSite\",\"@id\":\"https:\/\/www.commoncause.org\/new-mexico\/#website\",\"url\":\"https:\/\/www.commoncause.org\/new-mexico\/\",\"name\":\"Common Cause New Mexico\",\"description\":\"\",\"potentialAction\":[{\"@type\":\"SearchAction\",\"target\":{\"@type\":\"EntryPoint\",\"urlTemplate\":\"https:\/\/www.commoncause.org\/new-mexico\/?s={search_term_string}\"},\"query-input\":{\"@type\":\"PropertyValueSpecification\",\"valueRequired\":true,\"valueName\":\"search_term_string\"}}],\"inLanguage\":\"vi\"}]}<\/script>\n<!-- \/ Yoast SEO Premium plugin. -->","yoast_head_json":{"title":"Trang ch\u1ee7 - Common Cause New Mexico","description":"Common Cause New Mexico: \u0110\u1ea5u tranh cho n\u1ec1n d\u00e2n ch\u1ee7 \u1edf m\u1ecdi ng\u00f3c ng\u00e1ch c\u1ee7a ti\u1ec3u bang ch\u00fang ta. H\u00e3y tham gia phong tr\u00e0o c\u1ee7a ch\u00fang t\u00f4i v\u00e0 t\u1ea1o n\u00ean s\u1ef1 kh\u00e1c bi\u1ec7t.","robots":{"index":"index","follow":"follow","max-snippet":"max-snippet:-1","max-image-preview":"max-image-preview:large","max-video-preview":"max-video-preview:-1"},"canonical":"https:\/\/www.commoncause.org\/new-mexico\/vi\/","og_locale":"vi_VN","og_type":"article","og_title":"Home","og_description":"Common Cause New Mexico: Fighting for democracy in every corner of our state. Join our movement and make a difference.","og_url":"https:\/\/www.commoncause.org\/new-mexico\/vi\/","og_site_name":"Common Cause New Mexico","article_modified_time":"2026-01-14T20:32:28+00:00","og_image":[{"width":1200,"height":630,"url":"https:\/\/www.commoncause.org\/new-mexico\/wp-content\/uploads\/2024\/08\/common-cause-share-image.png","type":"image\/png"}],"twitter_card":"summary_large_image","schema":{"@context":"https:\/\/schema.org","@graph":[{"@type":"WebPage","@id":"https:\/\/www.commoncause.org\/new-mexico\/","url":"https:\/\/www.commoncause.org\/new-mexico\/","name":"Trang ch\u1ee7 - Common Cause New Mexico","isPartOf":{"@id":"https:\/\/www.commoncause.org\/new-mexico\/#website"},"datePublished":"2024-05-07T15:23:11+00:00","dateModified":"2026-01-14T20:32:28+00:00","description":"Common Cause New Mexico: \u0110\u1ea5u tranh cho n\u1ec1n d\u00e2n ch\u1ee7 \u1edf m\u1ecdi ng\u00f3c ng\u00e1ch c\u1ee7a ti\u1ec3u bang ch\u00fang ta. H\u00e3y tham gia phong tr\u00e0o c\u1ee7a ch\u00fang t\u00f4i v\u00e0 t\u1ea1o n\u00ean s\u1ef1 kh\u00e1c bi\u1ec7t.","breadcrumb":{"@id":"https:\/\/www.commoncause.org\/new-mexico\/#breadcrumb"},"inLanguage":"vi","potentialAction":[{"@type":"ReadAction","target":["https:\/\/www.commoncause.org\/new-mexico\/"]}]},{"@type":"BreadcrumbList","@id":"https:\/\/www.commoncause.org\/new-mexico\/#breadcrumb","itemListElement":[{"@type":"ListItem","position":1,"name":"Home","item":"https:\/\/www.commoncause.org\/new-mexico\/"},{"@type":"ListItem","position":2,"name":"Home"}]},{"@type":"WebSite","@id":"https:\/\/www.commoncause.org\/new-mexico\/#website","url":"https:\/\/www.commoncause.org\/new-mexico\/","name":"Nguy\u00ean nh\u00e2n chung c\u1ee7a New Mexico","description":"","potentialAction":[{"@type":"SearchAction","target":{"@type":"EntryPoint","urlTemplate":"https:\/\/www.commoncause.org\/new-mexico\/?s={search_term_string}"},"query-input":{"@type":"PropertyValueSpecification","valueRequired":true,"valueName":"search_term_string"}}],"inLanguage":"vi"}]}},"distributor_meta":false,"distributor_terms":false,"distributor_media":false,"distributor_original_site_name":"Common Cause New Mexico","distributor_original_site_url":"https:\/\/www.commoncause.org\/new-mexico\/vi","push-errors":false,"_links":{"self":[{"href":"https:\/\/www.commoncause.org\/new-mexico\/vi\/wp-json\/wp\/v2\/pages\/48","targetHints":{"allow":["GET"]}}],"collection":[{"href":"https:\/\/www.commoncause.org\/new-mexico\/vi\/wp-json\/wp\/v2\/pages"}],"about":[{"href":"https:\/\/www.commoncause.org\/new-mexico\/vi\/wp-json\/wp\/v2\/types\/page"}],"author":[{"embeddable":true,"href":"https:\/\/www.commoncause.org\/new-mexico\/vi\/wp-json\/wp\/v2\/users\/2"}],"replies":[{"embeddable":true,"href":"https:\/\/www.commoncause.org\/new-mexico\/vi\/wp-json\/wp\/v2\/comments?post=48"}],"version-history":[{"count":48,"href":"https:\/\/www.commoncause.org\/new-mexico\/vi\/wp-json\/wp\/v2\/pages\/48\/revisions"}],"predecessor-version":[{"id":2170,"href":"https:\/\/www.commoncause.org\/new-mexico\/vi\/wp-json\/wp\/v2\/pages\/48\/revisions\/2170"}],"wp:attachment":[{"href":"https:\/\/www.commoncause.org\/new-mexico\/vi\/wp-json\/wp\/v2\/media?parent=48"}],"curies":[{"name":"wp","href":"https:\/\/api.w.org\/{rel}","templated":true}]}}