{"id":47,"date":"2024-05-07T15:23:08","date_gmt":"2024-05-07T15:23:08","guid":{"rendered":"https:\/\/www.commoncause.org\/nebraska\/home\/"},"modified":"2026-03-04T11:28:25","modified_gmt":"2026-03-04T17:28:25","slug":"trang-chu","status":"publish","type":"page","link":"https:\/\/www.commoncause.org\/nebraska\/vi\/","title":{"rendered":"Trang ch\u1ee7"},"content":{"rendered":"","protected":false},"excerpt":{"rendered":"","protected":false},"author":2,"featured_media":0,"parent":0,"menu_order":0,"comment_status":"closed","ping_status":"closed","template":"","meta":{"_acf_changed":false,"_relevanssi_hide_post":"","_relevanssi_hide_content":"","_relevanssi_pin_for_all":"","_relevanssi_pin_keywords":"","_relevanssi_unpin_keywords":"","_relevanssi_related_keywords":"","_relevanssi_related_include_ids":"","_relevanssi_related_exclude_ids":"","_relevanssi_related_no_append":"","_relevanssi_related_not_related":"","_relevanssi_related_posts":"","_relevanssi_noindex_reason":""},"class_list":["post-47","page","type-page","status-publish","hentry"],"acf":{"page_layout":[{"acf_fc_layout":"layout_latest_victory","_acfe_flexible_toggle":null,"component_latest_victory":{"manually_curate":true,"latest_content":"article","button_text":"Read About Our Victory","title":"[highlight]Common Cause Is Suing to Protect Nebraskan Voters[\/highlight]","summary":"Common Cause is suing to block Nebraska from giving the DOJ sensitive voter data, arguing it violates state law.","button":{"title":"Read More","url":"https:\/\/www.commoncause.org\/nebraska\/articles\/common-cause-is-suing-to-protect-nebraskan-voters\/","target":""},"image":38670,"darker":false}},{"acf_fc_layout":"layout_featured_work","_acfe_flexible_toggle":null,"component_featured_work":{"content_type":"work","button_text":"View This Campaign","secondary_link":null,"manually_curate":true,"small_title":"See what we're doing","large_title":"Preserving Nebraska\u2019s Electoral College System","summary":"Nebraska\u2019s method of splitting electoral votes by congressional district does a better job of representing our state\u2019s character and voters than a return to winner-take-all ever could.","button":{"title":"Learn About Our Electoral College System","url":"https:\/\/www.commoncause.org\/nebraska\/work\/preserving-nebraskas-electoral-college-system\/","target":""},"small_link":{"title":"See all priorities","url":"https:\/\/www.commoncause.org\/nebraska\/priorities\/","target":""},"image":21600}},{"acf_fc_layout":"layout_about_us","_acfe_flexible_toggle":null,"component_about_us":{"intro_title":"About Us","main_title":"We Side with No One but [highlight]The People[\/highlight]","summary":"Our nonpartisan network of experts and 1.5 million members win concrete, pro-democracy reforms at the state and local level for accountable government and fair, transparent, and representative democracy.","button":{"title":"See Our Impact","url":"https:\/\/www.commoncause.org\/nebraska\/our-impact\/","target":""},"image":1663}},{"acf_fc_layout":"layout_featured_action","_acfe_flexible_toggle":null,"component_featured_action":{"action_to_show":"manual","image_side":"right","action":["{\"site_id\":\"1\",\"post_type\":\"act\",\"post_id\":20191}"],"title":"H\u00e3y gi\u00fap b\u1ea3o v\u1ec7 cu\u1ed9c b\u1ea7u c\u1eed \u1edf Nebraska","summary":"Major elections are on the horizon in Nebraska and we need your help to ensure every vote is counted in 2026. \r\n\r\nOur Election Protection team will help identify and correct issues at polling places this year and we need volunteer support to cover as much ground as we can. Sign up today to join the effort to protect our elections.","post_link":{"title":"Protect the Vote","url":"https:\/\/protectthevote.net\/?source=commoncause","target":"_blank"},"secondary_link":""}},{"acf_fc_layout":"layout_email_signup","_acfe_flexible_toggle":null,"component_email_signup":{"":null,"small_title":"Get Nebraska Updates","large_title":"Sign up for breaking news, actions, and resources.","action_network_embed":"<script src='https:\/\/act.commoncause.org\/widgets\/v5\/form\/nebraska-quick-join-cc?format=js&source=widget'><\/script><div id='can-form-area-nebraska-quick-join-cc' style='width: 100%'><!-- this div is the target for our HTML insertion --><\/div>","disclaimer":"*By providing your phone number, you are consenting to receive mobile alerts from Common Cause. Message and data rates apply. "}},{"acf_fc_layout":"layout_statistics","_acfe_flexible_toggle":null,"component_statistics":{"title":"Common Cause l\u00e0 m\u1ed9t t\u1ed5 ch\u1ee9c phi l\u1ee3i nhu\u1eadn phi \u0111\u1ea3ng ph\u00e1i c\u00f3 c\u00e1c th\u00e0nh vi\u00ean v\u00e0 ng\u01b0\u1eddi \u1ee7ng h\u1ed9 \u1edf m\u1ecdi ti\u1ec3u bang v\u00e0 m\u1ed7i m\u1ed9t trong 435 khu v\u1ef1c qu\u1ed1c h\u1ed9i.","statistics":[{"component_statistic":{"number":"","text":"","source":""}},{"component_statistic":{"number":"28","text":"States in our network","source":"Our local experts are on the ground, fighting for open and accountable democracy."}},{"component_statistic":{"number":"50+","text":"Years of victories","source":"Since 1970, we have won some of the nation's most impactful reforms."}}]}},{"acf_fc_layout":"layout_map","_acfe_flexible_toggle":null,"component_map":{"":null}}]},"yoast_head":"<!-- This site is optimized with the Yoast SEO Premium plugin v26.6 (Yoast SEO v27.1.1) - https:\/\/yoast.com\/product\/yoast-seo-premium-wordpress\/ -->\n<title>Home - Common Cause Nebraska<\/title>\n<meta name=\"robots\" content=\"index, follow, max-snippet:-1, max-image-preview:large, max-video-preview:-1\" \/>\n<link rel=\"canonical\" href=\"https:\/\/www.commoncause.org\/nebraska\/vi\/\" \/>\n<meta property=\"og:locale\" content=\"vi_VN\" \/>\n<meta property=\"og:type\" content=\"article\" \/>\n<meta property=\"og:title\" content=\"Home\" \/>\n<meta property=\"og:url\" content=\"https:\/\/www.commoncause.org\/nebraska\/vi\/\" \/>\n<meta property=\"og:site_name\" content=\"Common Cause Nebraska\" \/>\n<meta property=\"article:modified_time\" content=\"2026-03-04T17:28:25+00:00\" \/>\n<meta name=\"twitter:card\" content=\"summary_large_image\" \/>\n<script type=\"application\/ld+json\" class=\"yoast-schema-graph\">{\"@context\":\"https:\/\/schema.org\",\"@graph\":[{\"@type\":\"WebPage\",\"@id\":\"https:\/\/www.commoncause.org\/nebraska\/\",\"url\":\"https:\/\/www.commoncause.org\/nebraska\/\",\"name\":\"Home - Common Cause Nebraska\",\"isPartOf\":{\"@id\":\"https:\/\/www.commoncause.org\/nebraska\/#website\"},\"datePublished\":\"2024-05-07T15:23:08+00:00\",\"dateModified\":\"2026-03-04T17:28:25+00:00\",\"breadcrumb\":{\"@id\":\"https:\/\/www.commoncause.org\/nebraska\/#breadcrumb\"},\"inLanguage\":\"vi\",\"potentialAction\":[{\"@type\":\"ReadAction\",\"target\":[\"https:\/\/www.commoncause.org\/nebraska\/\"]}]},{\"@type\":\"BreadcrumbList\",\"@id\":\"https:\/\/www.commoncause.org\/nebraska\/#breadcrumb\",\"itemListElement\":[{\"@type\":\"ListItem\",\"position\":1,\"name\":\"Home\",\"item\":\"https:\/\/www.commoncause.org\/nebraska\/\"},{\"@type\":\"ListItem\",\"position\":2,\"name\":\"Home\"}]},{\"@type\":\"WebSite\",\"@id\":\"https:\/\/www.commoncause.org\/nebraska\/#website\",\"url\":\"https:\/\/www.commoncause.org\/nebraska\/\",\"name\":\"Common Cause Nebraska\",\"description\":\"\",\"potentialAction\":[{\"@type\":\"SearchAction\",\"target\":{\"@type\":\"EntryPoint\",\"urlTemplate\":\"https:\/\/www.commoncause.org\/nebraska\/?s={search_term_string}\"},\"query-input\":{\"@type\":\"PropertyValueSpecification\",\"valueRequired\":true,\"valueName\":\"search_term_string\"}}],\"inLanguage\":\"vi\"}]}<\/script>\n<!-- \/ Yoast SEO Premium plugin. -->","yoast_head_json":{"title":"Trang ch\u1ee7 - Common Cause Nebraska","robots":{"index":"index","follow":"follow","max-snippet":"max-snippet:-1","max-image-preview":"max-image-preview:large","max-video-preview":"max-video-preview:-1"},"canonical":"https:\/\/www.commoncause.org\/nebraska\/vi\/","og_locale":"vi_VN","og_type":"article","og_title":"Home","og_url":"https:\/\/www.commoncause.org\/nebraska\/vi\/","og_site_name":"Common Cause Nebraska","article_modified_time":"2026-03-04T17:28:25+00:00","twitter_card":"summary_large_image","schema":{"@context":"https:\/\/schema.org","@graph":[{"@type":"WebPage","@id":"https:\/\/www.commoncause.org\/nebraska\/","url":"https:\/\/www.commoncause.org\/nebraska\/","name":"Trang ch\u1ee7 - Common Cause Nebraska","isPartOf":{"@id":"https:\/\/www.commoncause.org\/nebraska\/#website"},"datePublished":"2024-05-07T15:23:08+00:00","dateModified":"2026-03-04T17:28:25+00:00","breadcrumb":{"@id":"https:\/\/www.commoncause.org\/nebraska\/#breadcrumb"},"inLanguage":"vi","potentialAction":[{"@type":"ReadAction","target":["https:\/\/www.commoncause.org\/nebraska\/"]}]},{"@type":"BreadcrumbList","@id":"https:\/\/www.commoncause.org\/nebraska\/#breadcrumb","itemListElement":[{"@type":"ListItem","position":1,"name":"Home","item":"https:\/\/www.commoncause.org\/nebraska\/"},{"@type":"ListItem","position":2,"name":"Home"}]},{"@type":"WebSite","@id":"https:\/\/www.commoncause.org\/nebraska\/#website","url":"https:\/\/www.commoncause.org\/nebraska\/","name":"Nguy\u00ean nh\u00e2n chung Nebraska","description":"","potentialAction":[{"@type":"SearchAction","target":{"@type":"EntryPoint","urlTemplate":"https:\/\/www.commoncause.org\/nebraska\/?s={search_term_string}"},"query-input":{"@type":"PropertyValueSpecification","valueRequired":true,"valueName":"search_term_string"}}],"inLanguage":"vi"}]}},"distributor_meta":false,"distributor_terms":false,"distributor_media":false,"distributor_original_site_name":"Common Cause Nebraska","distributor_original_site_url":"https:\/\/www.commoncause.org\/nebraska\/vi","push-errors":false,"_links":{"self":[{"href":"https:\/\/www.commoncause.org\/nebraska\/vi\/wp-json\/wp\/v2\/pages\/47","targetHints":{"allow":["GET"]}}],"collection":[{"href":"https:\/\/www.commoncause.org\/nebraska\/vi\/wp-json\/wp\/v2\/pages"}],"about":[{"href":"https:\/\/www.commoncause.org\/nebraska\/vi\/wp-json\/wp\/v2\/types\/page"}],"author":[{"embeddable":true,"href":"https:\/\/www.commoncause.org\/nebraska\/vi\/wp-json\/wp\/v2\/users\/2"}],"replies":[{"embeddable":true,"href":"https:\/\/www.commoncause.org\/nebraska\/vi\/wp-json\/wp\/v2\/comments?post=47"}],"version-history":[{"count":40,"href":"https:\/\/www.commoncause.org\/nebraska\/vi\/wp-json\/wp\/v2\/pages\/47\/revisions"}],"predecessor-version":[{"id":2012,"href":"https:\/\/www.commoncause.org\/nebraska\/vi\/wp-json\/wp\/v2\/pages\/47\/revisions\/2012"}],"wp:attachment":[{"href":"https:\/\/www.commoncause.org\/nebraska\/vi\/wp-json\/wp\/v2\/media?parent=47"}],"curies":[{"name":"wp","href":"https:\/\/api.w.org\/{rel}","templated":true}]}}