{"id":30,"date":"2024-05-07T13:53:59","date_gmt":"2024-05-07T13:53:59","guid":{"rendered":"https:\/\/www.commoncause.org\/minnesota\/join-our-volunteer-team\/"},"modified":"2025-08-20T13:37:52","modified_gmt":"2025-08-20T18:37:52","slug":"tham-gia-doi-tinh-nguyen-cua-chung-toi","status":"publish","type":"page","link":"https:\/\/www.commoncause.org\/minnesota\/vi\/join-our-volunteer-team\/","title":{"rendered":"Tham gia \u0111\u1ed9i t\u00ecnh nguy\u1ec7n c\u1ee7a ch\u00fang t\u00f4i"},"content":{"rendered":"","protected":false},"excerpt":{"rendered":"","protected":false},"author":2,"featured_media":0,"parent":0,"menu_order":0,"comment_status":"closed","ping_status":"closed","template":"","meta":{"_acf_changed":false,"_relevanssi_hide_post":"","_relevanssi_hide_content":"","_relevanssi_pin_for_all":"","_relevanssi_pin_keywords":"","_relevanssi_unpin_keywords":"","_relevanssi_related_keywords":"","_relevanssi_related_include_ids":"","_relevanssi_related_exclude_ids":"","_relevanssi_related_no_append":"","_relevanssi_related_not_related":"","_relevanssi_related_posts":"","_relevanssi_noindex_reason":""},"class_list":["post-30","page","type-page","status-publish","hentry"],"acf":{"header":{"component_page_header":{"header_type":"default","title":"","lead":"","image":"","subnavigation":false}},"sidebar":{"helper_enable_sidebar":false,"helper_media_contact":{"heading":"Media Contact","manually_enter_person":false,"person":"","name":"","role":"","phone":"","email":""},"helper_links_downloads":{"heading":"Links & Downloads","links":null}},"page_layout":[{"acf_fc_layout":"layout_wysiwyg","_acfe_flexible_toggle":"","component_wysiwyg":{"content":"<h1>B\u1ea1n mu\u1ed1n t\u1ea1o ra t\u00e1c \u0111\u1ed9ng th\u1ef1c s\u1ef1? \ud83d\udca5<\/h1>\r\nTham gia Common Cause Minnesota v\u00e0 l\u00e0m t\u00ecnh nguy\u1ec7n vi\u00ean b\u1ea3o v\u1ec7 quy\u1ec1n b\u1ecf phi\u1ebfu, gi\u00e1o d\u1ee5c c\u1ed9ng \u0111\u1ed3ng v\u00e0 \u0111\u1ea5u tranh cho m\u1ed9t n\u1ec1n d\u00e2n ch\u1ee7 ph\u1ee5c v\u1ee5 cho t\u1ea5t c\u1ea3 m\u1ecdi ng\u01b0\u1eddi. \u270a\r\n<p style=\"text-align: center;\"><a class=\"button1\" role=\"button\" href=\"https:\/\/sites.google.com\/commoncause.org\/ccmnvolunteerhub\/start-volunteering\">B\u1eaft \u0111\u1ea7u ngay h\u00f4m nay!<\/a><\/p>\r\n\r\n<ul>\r\n \t<li>\ud83d\udccdC\u01a1 h\u1ed9i tr\u00ean to\u00e0n ti\u1ec3u bang. Cho d\u00f9 b\u1ea1n \u1edf Moorhead, Rochester, Duluth hay b\u1ea5t k\u1ef3 n\u01a1i n\u00e0o \u1edf gi\u1eefa, ch\u00fang t\u00f4i c\u1ea7n ti\u1ebfng n\u00f3i c\u1ee7a b\u1ea1n!<\/li>\r\n \t<li>\ud83d\udd52 Cam k\u1ebft th\u1eddi gian linh ho\u1ea1t<\/li>\r\n \t<li>\ud83d\udcda Cung c\u1ea5p \u0111\u00e0o t\u1ea1o v\u00e0 t\u00e0i nguy\u00ean<\/li>\r\n \t<li>\ud83d\udc40 Kh\u00f4ng c\u1ea7n kinh nghi\u1ec7m!<\/li>\r\n<\/ul>\r\n<h3>H\u00e3y \u0111\u0103ng k\u00fd ngay h\u00f4m nay v\u00e0 tr\u1edf th\u00e0nh s\u1ef1 thay \u0111\u1ed5i m\u00e0 Minnesota c\u1ea7n. \ud83d\udcaa<\/h3>"}}]},"yoast_head":"<!-- This site is optimized with the Yoast SEO Premium plugin v26.6 (Yoast SEO v27.1.1) - https:\/\/yoast.com\/product\/yoast-seo-premium-wordpress\/ -->\n<title>Join Our Volunteer Team - Common Cause Minnesota<\/title>\n<meta name=\"robots\" content=\"index, follow, max-snippet:-1, max-image-preview:large, max-video-preview:-1\" \/>\n<link rel=\"canonical\" href=\"https:\/\/www.commoncause.org\/minnesota\/vi\/tham-gia-doi-tinh-nguyen-cua-chung-toi\/\" \/>\n<meta property=\"og:locale\" content=\"vi_VN\" \/>\n<meta property=\"og:type\" content=\"article\" \/>\n<meta property=\"og:title\" content=\"Join Our Volunteer Team\" \/>\n<meta property=\"og:url\" content=\"https:\/\/www.commoncause.org\/minnesota\/vi\/tham-gia-doi-tinh-nguyen-cua-chung-toi\/\" \/>\n<meta property=\"og:site_name\" content=\"Common Cause Minnesota\" \/>\n<meta property=\"article:modified_time\" content=\"2025-08-20T18:37:52+00:00\" \/>\n<meta property=\"og:image\" content=\"https:\/\/www.commoncause.org\/minnesota\/wp-content\/uploads\/2024\/08\/common-cause-share-image.png\" \/>\n\t<meta property=\"og:image:width\" content=\"1200\" \/>\n\t<meta property=\"og:image:height\" content=\"630\" \/>\n\t<meta property=\"og:image:type\" content=\"image\/png\" \/>\n<meta name=\"twitter:card\" content=\"summary_large_image\" \/>\n<script type=\"application\/ld+json\" class=\"yoast-schema-graph\">{\"@context\":\"https:\/\/schema.org\",\"@graph\":[{\"@type\":\"WebPage\",\"@id\":\"https:\/\/www.commoncause.org\/minnesota\/join-our-volunteer-team\/\",\"url\":\"https:\/\/www.commoncause.org\/minnesota\/join-our-volunteer-team\/\",\"name\":\"Join Our Volunteer Team - Common Cause Minnesota\",\"isPartOf\":{\"@id\":\"https:\/\/www.commoncause.org\/minnesota\/#website\"},\"datePublished\":\"2024-05-07T13:53:59+00:00\",\"dateModified\":\"2025-08-20T18:37:52+00:00\",\"breadcrumb\":{\"@id\":\"https:\/\/www.commoncause.org\/minnesota\/join-our-volunteer-team\/#breadcrumb\"},\"inLanguage\":\"vi\",\"potentialAction\":[{\"@type\":\"ReadAction\",\"target\":[\"https:\/\/www.commoncause.org\/minnesota\/join-our-volunteer-team\/\"]}]},{\"@type\":\"BreadcrumbList\",\"@id\":\"https:\/\/www.commoncause.org\/minnesota\/join-our-volunteer-team\/#breadcrumb\",\"itemListElement\":[{\"@type\":\"ListItem\",\"position\":1,\"name\":\"Home\",\"item\":\"https:\/\/www.commoncause.org\/minnesota\/\"},{\"@type\":\"ListItem\",\"position\":2,\"name\":\"Join Our Volunteer Team\"}]},{\"@type\":\"WebSite\",\"@id\":\"https:\/\/www.commoncause.org\/minnesota\/#website\",\"url\":\"https:\/\/www.commoncause.org\/minnesota\/\",\"name\":\"Common Cause Minnesota\",\"description\":\"\",\"potentialAction\":[{\"@type\":\"SearchAction\",\"target\":{\"@type\":\"EntryPoint\",\"urlTemplate\":\"https:\/\/www.commoncause.org\/minnesota\/?s={search_term_string}\"},\"query-input\":{\"@type\":\"PropertyValueSpecification\",\"valueRequired\":true,\"valueName\":\"search_term_string\"}}],\"inLanguage\":\"vi\"}]}<\/script>\n<!-- \/ Yoast SEO Premium plugin. -->","yoast_head_json":{"title":"Tham gia nh\u00f3m t\u00ecnh nguy\u1ec7n c\u1ee7a ch\u00fang t\u00f4i - Common Cause Minnesota","robots":{"index":"index","follow":"follow","max-snippet":"max-snippet:-1","max-image-preview":"max-image-preview:large","max-video-preview":"max-video-preview:-1"},"canonical":"https:\/\/www.commoncause.org\/minnesota\/vi\/tham-gia-doi-tinh-nguyen-cua-chung-toi\/","og_locale":"vi_VN","og_type":"article","og_title":"Join Our Volunteer Team","og_url":"https:\/\/www.commoncause.org\/minnesota\/vi\/tham-gia-doi-tinh-nguyen-cua-chung-toi\/","og_site_name":"Common Cause Minnesota","article_modified_time":"2025-08-20T18:37:52+00:00","og_image":[{"width":1200,"height":630,"url":"https:\/\/www.commoncause.org\/minnesota\/wp-content\/uploads\/2024\/08\/common-cause-share-image.png","type":"image\/png"}],"twitter_card":"summary_large_image","schema":{"@context":"https:\/\/schema.org","@graph":[{"@type":"WebPage","@id":"https:\/\/www.commoncause.org\/minnesota\/join-our-volunteer-team\/","url":"https:\/\/www.commoncause.org\/minnesota\/join-our-volunteer-team\/","name":"Tham gia nh\u00f3m t\u00ecnh nguy\u1ec7n c\u1ee7a ch\u00fang t\u00f4i - Common Cause Minnesota","isPartOf":{"@id":"https:\/\/www.commoncause.org\/minnesota\/#website"},"datePublished":"2024-05-07T13:53:59+00:00","dateModified":"2025-08-20T18:37:52+00:00","breadcrumb":{"@id":"https:\/\/www.commoncause.org\/minnesota\/join-our-volunteer-team\/#breadcrumb"},"inLanguage":"vi","potentialAction":[{"@type":"ReadAction","target":["https:\/\/www.commoncause.org\/minnesota\/join-our-volunteer-team\/"]}]},{"@type":"BreadcrumbList","@id":"https:\/\/www.commoncause.org\/minnesota\/join-our-volunteer-team\/#breadcrumb","itemListElement":[{"@type":"ListItem","position":1,"name":"Home","item":"https:\/\/www.commoncause.org\/minnesota\/"},{"@type":"ListItem","position":2,"name":"Join Our Volunteer Team"}]},{"@type":"WebSite","@id":"https:\/\/www.commoncause.org\/minnesota\/#website","url":"https:\/\/www.commoncause.org\/minnesota\/","name":"Nguy\u00ean nh\u00e2n chung Minnesota","description":"","potentialAction":[{"@type":"SearchAction","target":{"@type":"EntryPoint","urlTemplate":"https:\/\/www.commoncause.org\/minnesota\/?s={search_term_string}"},"query-input":{"@type":"PropertyValueSpecification","valueRequired":true,"valueName":"search_term_string"}}],"inLanguage":"vi"}]}},"distributor_meta":false,"distributor_terms":false,"distributor_media":false,"distributor_original_site_name":"Common Cause Minnesota","distributor_original_site_url":"https:\/\/www.commoncause.org\/minnesota\/vi","push-errors":false,"_links":{"self":[{"href":"https:\/\/www.commoncause.org\/minnesota\/vi\/wp-json\/wp\/v2\/pages\/30","targetHints":{"allow":["GET"]}}],"collection":[{"href":"https:\/\/www.commoncause.org\/minnesota\/vi\/wp-json\/wp\/v2\/pages"}],"about":[{"href":"https:\/\/www.commoncause.org\/minnesota\/vi\/wp-json\/wp\/v2\/types\/page"}],"author":[{"embeddable":true,"href":"https:\/\/www.commoncause.org\/minnesota\/vi\/wp-json\/wp\/v2\/users\/2"}],"replies":[{"embeddable":true,"href":"https:\/\/www.commoncause.org\/minnesota\/vi\/wp-json\/wp\/v2\/comments?post=30"}],"version-history":[{"count":6,"href":"https:\/\/www.commoncause.org\/minnesota\/vi\/wp-json\/wp\/v2\/pages\/30\/revisions"}],"predecessor-version":[{"id":2216,"href":"https:\/\/www.commoncause.org\/minnesota\/vi\/wp-json\/wp\/v2\/pages\/30\/revisions\/2216"}],"wp:attachment":[{"href":"https:\/\/www.commoncause.org\/minnesota\/vi\/wp-json\/wp\/v2\/media?parent=30"}],"curies":[{"name":"wp","href":"https:\/\/api.w.org\/{rel}","templated":true}]}}