{"id":1922,"date":"2025-03-05T12:50:21","date_gmt":"2025-03-05T18:50:21","guid":{"rendered":"https:\/\/www.commoncause.org\/minnesota\/?page_id=1922"},"modified":"2025-05-29T11:23:48","modified_gmt":"2025-05-29T16:23:48","slug":"phien-dieu-tran-lap-phap-quan-trong-nam-2025","status":"publish","type":"page","link":"https:\/\/www.commoncause.org\/minnesota\/vi\/our-impact\/2025-key-legislative-hearings\/","title":{"rendered":"C\u00e1c phi\u00ean \u0111i\u1ec1u tr\u1ea7n v\u00e0 ho\u1ea1t \u0111\u1ed9ng l\u1eadp ph\u00e1p quan tr\u1ecdng n\u0103m 2025"},"content":{"rendered":"","protected":false},"excerpt":{"rendered":"","protected":false},"author":143,"featured_media":0,"parent":22,"menu_order":0,"comment_status":"closed","ping_status":"closed","template":"","meta":{"_acf_changed":false,"_relevanssi_hide_post":"","_relevanssi_hide_content":"","_relevanssi_pin_for_all":"","_relevanssi_pin_keywords":"","_relevanssi_unpin_keywords":"","_relevanssi_related_keywords":"","_relevanssi_related_include_ids":"","_relevanssi_related_exclude_ids":"","_relevanssi_related_no_append":"","_relevanssi_related_not_related":"","_relevanssi_related_posts":"","_relevanssi_noindex_reason":""},"class_list":["post-1922","page","type-page","status-publish","hentry"],"acf":{"header":{"component_page_header":{"header_type":"default","title":"Phi\u00ean \u0111i\u1ec1u tr\u1ea7n l\u1eadp ph\u00e1p quan tr\u1ecdng n\u0103m 2025","lead":"Keeping track of the committee hearing process is key to staying up to date with what's happening at the capitol. We've compiled the hearings from this year that contain discussion on bills that relate to our pro-democracy agenda!","image":"","subnavigation":false}},"sidebar":{"helper_enable_sidebar":false,"helper_media_contact":{"heading":"Media Contact","manually_enter_person":false,"person":"","name":"","role":"","phone":"","email":""},"helper_links_downloads":{"heading":"Links & Downloads","links":null}},"page_layout":[{"acf_fc_layout":"layout_two_column_text_and_image","_acfe_flexible_toggle":"","component_two_column_text_and_image":{"heading":"Choose which chamber you'd like to watch!","columns":[{"image":27143,"title":"House of Representatives","content":"","link":{"title":"View House hearings here!","url":"https:\/\/www.commoncause.org\/minnesota\/our-impact\/2025-key-house-hearings\/","target":"_blank"}},{"image":27147,"title":"Senate","content":"","link":{"title":"View Senate hearings here!","url":"https:\/\/www.commoncause.org\/minnesota\/our-impact\/2025-key-senate-hearings\/","target":"_blank"}}]}},{"acf_fc_layout":"layout_image_and_text","_acfe_flexible_toggle":"","component_image_and_text":{"manually_curate":true,"image_side":"left","row_color":"blue","work":null,"kicker_text":"2025 Omnibus Activities!","title":"Ho\u1ea1t \u0111\u1ed9ng chung n\u0103m 2025!","summary":"","image":38517,"post_link":{"title":"View Omnibus Activities Here!","url":"https:\/\/www.commoncause.org\/minnesota\/our-impact\/2025-key-legislative-hearings\/2025-key-conference-committee-hearings\/","target":""},"button_text":"View Omnibus Activities Here!","secondary_link":""}}]},"yoast_head":"<!-- This site is optimized with the Yoast SEO Premium plugin v26.6 (Yoast SEO v27.1.1) - https:\/\/yoast.com\/product\/yoast-seo-premium-wordpress\/ -->\n<title>2025 Key Legislative Hearings &amp; Activities - Common Cause Minnesota<\/title>\n<meta name=\"robots\" content=\"index, follow, max-snippet:-1, max-image-preview:large, max-video-preview:-1\" \/>\n<link rel=\"canonical\" href=\"https:\/\/www.commoncause.org\/minnesota\/vi\/tac-dong-cua-chung-toi\/phien-dieu-tran-lap-phap-quan-trong-nam-2025\/\" \/>\n<meta property=\"og:locale\" content=\"vi_VN\" \/>\n<meta property=\"og:type\" content=\"article\" \/>\n<meta property=\"og:title\" content=\"2025 Key Legislative Hearings &amp; Activities\" \/>\n<meta property=\"og:url\" content=\"https:\/\/www.commoncause.org\/minnesota\/vi\/tac-dong-cua-chung-toi\/phien-dieu-tran-lap-phap-quan-trong-nam-2025\/\" \/>\n<meta property=\"og:site_name\" content=\"Common Cause Minnesota\" \/>\n<meta property=\"article:modified_time\" content=\"2025-05-29T16:23:48+00:00\" \/>\n<meta property=\"og:image\" content=\"https:\/\/www.commoncause.org\/minnesota\/wp-content\/uploads\/2024\/08\/common-cause-share-image.png\" \/>\n\t<meta property=\"og:image:width\" content=\"1200\" \/>\n\t<meta property=\"og:image:height\" content=\"630\" \/>\n\t<meta property=\"og:image:type\" content=\"image\/png\" \/>\n<meta name=\"twitter:card\" content=\"summary_large_image\" \/>\n<script type=\"application\/ld+json\" class=\"yoast-schema-graph\">{\"@context\":\"https:\/\/schema.org\",\"@graph\":[{\"@type\":\"WebPage\",\"@id\":\"https:\/\/www.commoncause.org\/minnesota\/our-impact\/2025-key-legislative-hearings\/\",\"url\":\"https:\/\/www.commoncause.org\/minnesota\/our-impact\/2025-key-legislative-hearings\/\",\"name\":\"2025 Key Legislative Hearings &amp; Activities - Common Cause Minnesota\",\"isPartOf\":{\"@id\":\"https:\/\/www.commoncause.org\/minnesota\/#website\"},\"datePublished\":\"2025-03-05T18:50:21+00:00\",\"dateModified\":\"2025-05-29T16:23:48+00:00\",\"breadcrumb\":{\"@id\":\"https:\/\/www.commoncause.org\/minnesota\/our-impact\/2025-key-legislative-hearings\/#breadcrumb\"},\"inLanguage\":\"vi\",\"potentialAction\":[{\"@type\":\"ReadAction\",\"target\":[\"https:\/\/www.commoncause.org\/minnesota\/our-impact\/2025-key-legislative-hearings\/\"]}]},{\"@type\":\"BreadcrumbList\",\"@id\":\"https:\/\/www.commoncause.org\/minnesota\/our-impact\/2025-key-legislative-hearings\/#breadcrumb\",\"itemListElement\":[{\"@type\":\"ListItem\",\"position\":1,\"name\":\"Home\",\"item\":\"https:\/\/www.commoncause.org\/minnesota\/\"},{\"@type\":\"ListItem\",\"position\":2,\"name\":\"Our Impact\",\"item\":\"https:\/\/www.commoncause.org\/minnesota\/our-impact\/\"},{\"@type\":\"ListItem\",\"position\":3,\"name\":\"2025 Key Legislative Hearings &amp; Activities\"}]},{\"@type\":\"WebSite\",\"@id\":\"https:\/\/www.commoncause.org\/minnesota\/#website\",\"url\":\"https:\/\/www.commoncause.org\/minnesota\/\",\"name\":\"Common Cause Minnesota\",\"description\":\"\",\"potentialAction\":[{\"@type\":\"SearchAction\",\"target\":{\"@type\":\"EntryPoint\",\"urlTemplate\":\"https:\/\/www.commoncause.org\/minnesota\/?s={search_term_string}\"},\"query-input\":{\"@type\":\"PropertyValueSpecification\",\"valueRequired\":true,\"valueName\":\"search_term_string\"}}],\"inLanguage\":\"vi\"}]}<\/script>\n<!-- \/ Yoast SEO Premium plugin. -->","yoast_head_json":{"title":"C\u00e1c phi\u00ean \u0111i\u1ec1u tr\u1ea7n v\u00e0 ho\u1ea1t \u0111\u1ed9ng l\u1eadp ph\u00e1p quan tr\u1ecdng n\u0103m 2025 - Common Cause Minnesota","robots":{"index":"index","follow":"follow","max-snippet":"max-snippet:-1","max-image-preview":"max-image-preview:large","max-video-preview":"max-video-preview:-1"},"canonical":"https:\/\/www.commoncause.org\/minnesota\/vi\/tac-dong-cua-chung-toi\/phien-dieu-tran-lap-phap-quan-trong-nam-2025\/","og_locale":"vi_VN","og_type":"article","og_title":"2025 Key Legislative Hearings &amp; Activities","og_url":"https:\/\/www.commoncause.org\/minnesota\/vi\/tac-dong-cua-chung-toi\/phien-dieu-tran-lap-phap-quan-trong-nam-2025\/","og_site_name":"Common Cause Minnesota","article_modified_time":"2025-05-29T16:23:48+00:00","og_image":[{"width":1200,"height":630,"url":"https:\/\/www.commoncause.org\/minnesota\/wp-content\/uploads\/2024\/08\/common-cause-share-image.png","type":"image\/png"}],"twitter_card":"summary_large_image","schema":{"@context":"https:\/\/schema.org","@graph":[{"@type":"WebPage","@id":"https:\/\/www.commoncause.org\/minnesota\/our-impact\/2025-key-legislative-hearings\/","url":"https:\/\/www.commoncause.org\/minnesota\/our-impact\/2025-key-legislative-hearings\/","name":"C\u00e1c phi\u00ean \u0111i\u1ec1u tr\u1ea7n v\u00e0 ho\u1ea1t \u0111\u1ed9ng l\u1eadp ph\u00e1p quan tr\u1ecdng n\u0103m 2025 - Common Cause Minnesota","isPartOf":{"@id":"https:\/\/www.commoncause.org\/minnesota\/#website"},"datePublished":"2025-03-05T18:50:21+00:00","dateModified":"2025-05-29T16:23:48+00:00","breadcrumb":{"@id":"https:\/\/www.commoncause.org\/minnesota\/our-impact\/2025-key-legislative-hearings\/#breadcrumb"},"inLanguage":"vi","potentialAction":[{"@type":"ReadAction","target":["https:\/\/www.commoncause.org\/minnesota\/our-impact\/2025-key-legislative-hearings\/"]}]},{"@type":"BreadcrumbList","@id":"https:\/\/www.commoncause.org\/minnesota\/our-impact\/2025-key-legislative-hearings\/#breadcrumb","itemListElement":[{"@type":"ListItem","position":1,"name":"Home","item":"https:\/\/www.commoncause.org\/minnesota\/"},{"@type":"ListItem","position":2,"name":"Our Impact","item":"https:\/\/www.commoncause.org\/minnesota\/our-impact\/"},{"@type":"ListItem","position":3,"name":"2025 Key Legislative Hearings &amp; Activities"}]},{"@type":"WebSite","@id":"https:\/\/www.commoncause.org\/minnesota\/#website","url":"https:\/\/www.commoncause.org\/minnesota\/","name":"Nguy\u00ean nh\u00e2n chung Minnesota","description":"","potentialAction":[{"@type":"SearchAction","target":{"@type":"EntryPoint","urlTemplate":"https:\/\/www.commoncause.org\/minnesota\/?s={search_term_string}"},"query-input":{"@type":"PropertyValueSpecification","valueRequired":true,"valueName":"search_term_string"}}],"inLanguage":"vi"}]}},"distributor_meta":false,"distributor_terms":false,"distributor_media":false,"distributor_original_site_name":"Common Cause Minnesota","distributor_original_site_url":"https:\/\/www.commoncause.org\/minnesota\/vi","push-errors":false,"_links":{"self":[{"href":"https:\/\/www.commoncause.org\/minnesota\/vi\/wp-json\/wp\/v2\/pages\/1922","targetHints":{"allow":["GET"]}}],"collection":[{"href":"https:\/\/www.commoncause.org\/minnesota\/vi\/wp-json\/wp\/v2\/pages"}],"about":[{"href":"https:\/\/www.commoncause.org\/minnesota\/vi\/wp-json\/wp\/v2\/types\/page"}],"author":[{"embeddable":true,"href":"https:\/\/www.commoncause.org\/minnesota\/vi\/wp-json\/wp\/v2\/users\/143"}],"replies":[{"embeddable":true,"href":"https:\/\/www.commoncause.org\/minnesota\/vi\/wp-json\/wp\/v2\/comments?post=1922"}],"version-history":[{"count":19,"href":"https:\/\/www.commoncause.org\/minnesota\/vi\/wp-json\/wp\/v2\/pages\/1922\/revisions"}],"predecessor-version":[{"id":2104,"href":"https:\/\/www.commoncause.org\/minnesota\/vi\/wp-json\/wp\/v2\/pages\/1922\/revisions\/2104"}],"up":[{"embeddable":true,"href":"https:\/\/www.commoncause.org\/minnesota\/vi\/wp-json\/wp\/v2\/pages\/22"}],"wp:attachment":[{"href":"https:\/\/www.commoncause.org\/minnesota\/vi\/wp-json\/wp\/v2\/media?parent=1922"}],"curies":[{"name":"wp","href":"https:\/\/api.w.org\/{rel}","templated":true}]}}