{"id":422,"date":"2018-03-13T21:53:40","date_gmt":"2018-03-13T21:53:40","guid":{"rendered":"https:\/\/www.commoncause.org\/massachusetts\/our-history\/"},"modified":"2024-06-04T17:36:41","modified_gmt":"2024-06-04T17:36:41","slug":"our-history","status":"publish","type":"page","link":"https:\/\/www.commoncause.org\/massachusetts\/vi\/lich-su-cua-chung-toi\/","title":{"rendered":"L\u1ecbch s\u1eed c\u1ee7a ch\u00fang t\u00f4i"},"content":{"rendered":"","protected":false},"excerpt":{"rendered":"","protected":false},"author":18,"featured_media":0,"parent":0,"menu_order":0,"comment_status":"closed","ping_status":"closed","template":"","meta":{"_acf_changed":false,"_relevanssi_hide_post":"","_relevanssi_hide_content":"","_relevanssi_pin_for_all":"","_relevanssi_pin_keywords":"","_relevanssi_unpin_keywords":"","_relevanssi_related_keywords":"","_relevanssi_related_include_ids":"","_relevanssi_related_exclude_ids":"","_relevanssi_related_no_append":"","_relevanssi_related_not_related":"","_relevanssi_related_posts":"","_relevanssi_noindex_reason":""},"class_list":["post-422","page","type-page","status-publish","hentry"],"acf":{"header":{"component_page_header":{"header_type":"default","title":"L\u1ecbch s\u1eed c\u1ee7a ch\u00fang t\u00f4i","lead":"Learn more about Common Cause Massachusetts' achievements throughout the past several decades.","image":6081,"subnavigation":false}},"sidebar":{"helper_enable_sidebar":false,"helper_media_contact":{"heading":"Media Contact","manually_enter_person":false,"person":"","name":"","role":"","phone":"","email":""},"helper_links_downloads":{"heading":"Links & Downloads","links":null}},"page_layout":[{"acf_fc_layout":"layout_wysiwyg","_acfe_flexible_toggle":"","component_wysiwyg":{"content":"<h2>K\u1ec3 t\u1eeb n\u0103m 1970, t\u1ed5 ch\u1ee9c Common Cause Massachusetts \u0111\u00e3 \u0111\u1ea5u tranh cho nh\u1eefng c\u1ea3i c\u00e1ch d\u00e2n ch\u1ee7 to\u00e0n di\u1ec7n.<\/h2>\r\n<strong>1973<\/strong> Lu\u1eadt y\u00eau c\u1ea7u nh\u1eefng ng\u01b0\u1eddi v\u1eadn \u0111\u1ed9ng h\u00e0nh lang ph\u1ea3i \u0111\u0103ng k\u00fd v\u00e0 b\u00e1o c\u00e1o \u0111\u00e3 \u0111\u01b0\u1ee3c th\u00f4ng qua\r\n\r\n<strong>1974<\/strong> Lu\u1eadt h\u1ecdp c\u00f4ng khai \u0111\u01b0\u1ee3c ban h\u00e0nh v\u00e0 V\u0103n ph\u00f2ng T\u00e0i ch\u00ednh Chi\u1ebfn d\u1ecbch v\u00e0 Ch\u00ednh tr\u1ecb \u0111\u01b0\u1ee3c th\u00e0nh l\u1eadp\r\n\r\n<strong>1978<\/strong> \u1ee6y ban \u0110\u1ea1o \u0111\u1ee9c Nh\u00e0 n\u01b0\u1edbc \u0111\u01b0\u1ee3c th\u00e0nh l\u1eadp v\u00e0 Lu\u1eadt C\u00f4ng khai T\u00e0i ch\u00ednh v\u00e0 c\u00e1c b\u1ea3n c\u1eadp nh\u1eadt cho Lu\u1eadt Xung \u0111\u1ed9t L\u1ee3i \u00edch \u0111\u00e3 \u0111\u01b0\u1ee3c ban h\u00e0nh\r\n\r\n<strong>1980<\/strong> V\u0103n ph\u00f2ng T\u1ed5ng Thanh tra Nh\u00e0 n\u01b0\u1edbc \u0111\u01b0\u1ee3c th\u00e0nh l\u1eadp\r\n\r\n<strong>1987<\/strong> \u0110\u00f3ng g\u00f3p c\u1ee7a \u1ee7y ban h\u00e0nh \u0111\u1ed9ng ch\u00ednh tr\u1ecb cho c\u00e1c ch\u00ednh tr\u1ecb gia b\u1ecb h\u1ea1n ch\u1ebf\r\n\r\n<strong>1991<\/strong> N\u1ed7 l\u1ef1c b\u00e3i b\u1ecf v\u00e0 l\u00e0m suy y\u1ebfu c\u00e1c c\u01a1 quan gi\u00e1m s\u00e1t nh\u00e0 n\u01b0\u1edbc \u0111\u00e3 b\u1ecb \u0111\u00e1nh b\u1ea1i\r\n\r\n<strong>1994<\/strong> C\u1ea3i c\u00e1ch t\u00e0i ch\u00ednh chi\u1ebfn d\u1ecbch to\u00e0n ti\u1ec3u bang t\u0103ng c\u01b0\u1eddng c\u00f4ng b\u1ed1 v\u00e0 gi\u1ea3m gi\u1edbi h\u1ea1n \u0111\u00f3ng g\u00f3p cho chi\u1ebfn d\u1ecbch \u0111\u00e3 \u0111\u01b0\u1ee3c th\u00f4ng qua\r\n\r\n<strong>1998<\/strong> S\u00e1ng ki\u1ebfn b\u1ecf phi\u1ebfu v\u1ec1 Lu\u1eadt B\u1ea7u c\u1eed S\u1ea1ch \u0111\u00e3 \u0111\u01b0\u1ee3c th\u00f4ng qua\r\n\r\n<strong>2002<\/strong> V\u0103n ph\u00f2ng T\u1ed5ng thanh tra \u0111\u01b0\u1ee3c c\u1ee9u kh\u1ecfi vi\u1ec7c b\u00e3i b\u1ecf v\u00e0 vi\u1ec7c t\u0103ng l\u01b0\u01a1ng c\u1ee7a c\u00e1c nh\u00e0 l\u00e3nh \u0111\u1ea1o l\u1eadp ph\u00e1p b\u1ecb \u0111\u00e1nh b\u1ea1i\r\n\r\n<strong>2004<\/strong> C\u00e1c s\u00e1ng ki\u1ebfn c\u1ea3i c\u00e1ch ph\u00e2n chia l\u1ea1i khu v\u1ef1c b\u1ea7u c\u1eed \u0111\u00e3 \u0111\u01b0\u1ee3c ch\u1ea5p thu\u1eadn v\u00e0 th\u00f4ng qua t\u1ea1i 15 khu v\u1ef1c b\u1ea7u c\u1eed\r\n\r\n<strong>2005<\/strong> C\u1ea3i c\u00e1ch ph\u00e2n chia l\u1ea1i khu v\u1ef1c b\u1ea7u c\u1eed nh\u1eadn \u0111\u01b0\u1ee3c s\u1ef1 \u1ee7ng h\u1ed9 t\u1eeb danh s\u00e1ch \u1ee9ng c\u1eed vi\u00ean th\u1ed1ng \u0111\u1ed1c l\u01b0\u1ee1ng \u0111\u1ea3ng v\u00e0 60.000 c\u1eed tri \u0111\u00e3 \u0111\u0103ng k\u00fd\r\n\r\n<strong>2006<\/strong> Chi\u1ebfn d\u1ecbch v\u00ec Ch\u00ednh ph\u1ee7 m\u1edf c\u1ee7a Common Cause \u0111\u00e3 t\u0103ng g\u1ea5p ba s\u1ed1 l\u01b0\u1ee3ng th\u00e0nh ph\u1ed1 v\u00e0 th\u1ecb tr\u1ea5n \u0111\u0103ng th\u00f4ng tin c\u01a1 b\u1ea3n l\u00ean Internet\r\n\r\n<strong>2008<\/strong> D\u1ef1 lu\u1eadt v\u1ec1 Bi\u1ec3u quy\u1ebft ph\u1ed5 th\u00f4ng to\u00e0n qu\u1ed1c \u0111\u01b0\u1ee3c th\u00f4ng qua t\u1ea1i c\u1ea3 hai vi\u1ec7n v\u00e0 d\u1ef1 lu\u1eadt \u0111\u0103ng k\u00fd Ng\u00e0y b\u1ea7u c\u1eed \u0111\u01b0\u1ee3c th\u00f4ng qua t\u1ea1i Th\u01b0\u1ee3ng vi\u1ec7n\r\n\r\n<strong>2009<\/strong> Lu\u1eadt to\u00e0n di\u1ec7n v\u1ec1 \u0111\u1ea1o \u0111\u1ee9c, v\u1eadn \u0111\u1ed9ng h\u00e0nh lang v\u00e0 c\u00f4ng khai t\u00e0i ch\u00ednh chi\u1ebfn d\u1ecbch \u0111\u00e3 \u0111\u01b0\u1ee3c th\u00f4ng qua\r\n\r\n<strong>2010<\/strong> Lu\u1eadt B\u1ea7u c\u1eed ph\u1ed5 th\u00f4ng to\u00e0n qu\u1ed1c \u0111\u01b0\u1ee3c ban h\u00e0nh v\u00e0 k\u00fd b\u1edfi Th\u1ed1ng \u0111\u1ed1c Deval Patrick\r\n\r\n<strong>2011<\/strong> Common Cause t\u1ed5 ch\u1ee9c Th\u1ebf v\u1eadn h\u1ed9i ph\u00e2n chia l\u1ea1i khu v\u1ef1c b\u1ea7u c\u1eed v\u00e0 th\u00fac \u0111\u1ea9y c\u01a1 quan l\u1eadp ph\u00e1p th\u00f4ng qua quy tr\u00ecnh ph\u00e2n chia l\u1ea1i khu v\u1ef1c b\u1ea7u c\u1eed minh b\u1ea1ch v\u00e0 c\u00f4ng khai \u0111\u01b0\u1ee3c c\u1ea3 n\u01b0\u1edbc hoan ngh\u00eanh\r\n\r\n<strong>2012<\/strong> C\u01a1 quan l\u1eadp ph\u00e1p v\u00e0 174 th\u00e0nh ph\u1ed1 th\u00f4ng qua c\u00e1c ngh\u1ecb quy\u1ebft \u1ee7ng h\u1ed9 s\u1eeda \u0111\u1ed5i hi\u1ebfn ph\u00e1p \u0111\u1ec3 l\u1eadt \u0111\u1ed5 Citizens United. C\u00e2u h\u1ecfi b\u1ecf phi\u1ebfu v\u1ec1 S\u1eeda \u0111\u1ed5i D\u00e2n ch\u1ee7 k\u00eau g\u1ecdi s\u1eeda \u0111\u1ed5i hi\u1ebfn ph\u00e1p \u0111\u01b0\u1ee3c 79% trong s\u1ed1 1.000.000 c\u1eed tri \u1ee7ng h\u1ed9\r\n\r\n<strong>2014<\/strong> \u0110\u1ea1o lu\u1eadt MA Disclosure y\u00eau c\u1ea7u t\u00ednh minh b\u1ea1ch trong l\u1ecbch s\u1eed \u0111\u1ed1i v\u1edbi c\u00e1c SuperPAC v\u00e0 \u0110\u1ea1o lu\u1eadt hi\u1ec7n \u0111\u1ea1i h\u00f3a b\u1ea7u c\u1eed to\u00e0n di\u1ec7n, thi\u1ebft l\u1eadp ch\u1ebf \u0111\u1ed9 b\u1ecf phi\u1ebfu s\u1edbm, \u0111\u0103ng k\u00fd tr\u1ef1c tuy\u1ebfn, \u0111\u0103ng k\u00fd tr\u01b0\u1edbc, ki\u1ec3m to\u00e1n thi\u1ebft b\u1ecb b\u1ea7u c\u1eed v\u00e0 nhi\u1ec1u ho\u1ea1t \u0111\u1ed9ng kh\u00e1c do c\u01a1 quan l\u1eadp ph\u00e1p ban h\u00e0nh\r\n\r\n<strong>2016<\/strong> C\u00e1c b\u1ea3n c\u1eadp nh\u1eadt quan tr\u1ecdng \u0111\u01b0\u1ee3c b\u1ed5 sung \u0111\u1ec3 c\u1ee7ng c\u1ed1 \u0110\u1ea1o lu\u1eadt Ti\u1ebft l\u1ed9 MA v\u00e0 B\u1ea7u c\u1eed s\u1edbm \u0111\u01b0\u1ee3c tri\u1ec3n khai l\u1ea7n \u0111\u1ea7u ti\u00ean t\u1ea1i Massachusetts, \u0111\u01b0\u1ee3c coi l\u00e0 th\u00e0nh c\u00f4ng r\u1ed9ng r\u00e3i nh\u1edd Th\u1eed th\u00e1ch B\u1ea7u c\u1eed s\u1edbm\r\n\r\n<strong>2018<\/strong>\u00a0D\u1ef1 lu\u1eadt \u0110\u0103ng k\u00fd c\u1eed tri t\u1ef1 \u0111\u1ed9ng \u0111\u01b0\u1ee3c c\u1ea3 hai vi\u1ec7n th\u00f4ng qua v\u00e0 \u0111\u01b0\u1ee3c Th\u1ed1ng \u0111\u1ed1c Charlie Baker k\u00fd\r\n\r\n<strong>2020 <\/strong>L\u01b0u T\u00f9y ch\u1ecdn b\u1ecf phi\u1ebfu \u0111\u1ec3 \u1ee9ng ph\u00f3 v\u1edbi COVID-19 \u0111\u00e3 \u0111\u01b0\u1ee3c c\u1ea3 hai vi\u1ec7n th\u00f4ng qua v\u00e0 \u0111\u01b0\u1ee3c Th\u1ed1ng \u0111\u1ed1c Charlie Baker k\u00fd, t\u1ea1m th\u1eddi cho ph\u00e9p b\u1ecf phi\u1ebfu qua th\u01b0 v\u00e0 k\u00e9o d\u00e0i th\u1eddi gian b\u1ecf phi\u1ebfu s\u1edbm\r\n\r\n<strong>2022\u00a0<\/strong>\u0110\u1ea1o lu\u1eadt VOTES \u0111\u00e3 \u0111\u01b0\u1ee3c H\u1ea1 vi\u1ec7n v\u00e0 Th\u01b0\u1ee3ng vi\u1ec7n th\u00f4ng qua v\u00e0 \u0111\u01b0\u1ee3c Th\u1ed1ng \u0111\u1ed1c Charlie Baker k\u00fd th\u00e0nh lu\u1eadt. C\u1ea3i c\u00e1ch l\u1ecbch s\u1eed n\u00e0y \u0111\u00e3 bi\u1ebfn vi\u1ec7c b\u1ecf phi\u1ebfu kh\u00f4ng c\u1ea7n l\u00fd do qua th\u01b0 th\u00e0nh v\u0129nh vi\u1ec5n, k\u00e9o d\u00e0i th\u1eddi gian b\u1ecf phi\u1ebfu s\u1edbm l\u00ean hai tu\u1ea7n, t\u0103ng c\u01b0\u1eddng b\u1ecf phi\u1ebfu trong t\u00f9, ghi danh Massachusetts v\u00e0o Trung t\u00e2m th\u00f4ng tin v\u00e0 \u0111\u0103ng k\u00fd \u0111i\u1ec7n t\u1eed (ERIC) v\u00e0 \u0111\u1ea3m b\u1ea3o \u0110\u0103ng k\u00fd c\u1eed tri t\u1ef1 \u0111\u1ed9ng th\u00f4ng qua C\u01a1 quan \u0111\u0103ng k\u00fd xe c\u01a1 gi\u1edbi.\r\n\r\n<strong>2023\u00a0<\/strong>\u0110\u1ea1o lu\u1eadt Cu\u1ed9c g\u1ecdi mi\u1ec5n ph\u00ed \u0111\u00e3 \u0111\u01b0\u1ee3c H\u1ea1 vi\u1ec7n v\u00e0 Th\u01b0\u1ee3ng vi\u1ec7n th\u00f4ng qua v\u00e0 \u0111\u01b0\u1ee3c Th\u1ed1ng \u0111\u1ed1c Maura Healey k\u00fd th\u00e0nh lu\u1eadt, cho ph\u00e9p g\u1ecdi \u0111i\u1ec7n tho\u1ea1i mi\u1ec5n ph\u00ed \u0111\u1ebfn nh\u00e0 t\u00f9 v\u00e0 tr\u1ea1i giam t\u1ea1i Massachusetts."}}]},"yoast_head":"<!-- This site is optimized with the Yoast SEO Premium plugin v26.6 (Yoast SEO v27.1.1) - https:\/\/yoast.com\/product\/yoast-seo-premium-wordpress\/ -->\n<title>Our History - Common Cause Massachusetts<\/title>\n<meta name=\"robots\" content=\"index, follow, max-snippet:-1, max-image-preview:large, max-video-preview:-1\" \/>\n<link rel=\"canonical\" href=\"https:\/\/www.commoncause.org\/massachusetts\/vi\/lich-su-cua-chung-toi\/\" \/>\n<meta property=\"og:locale\" content=\"vi_VN\" \/>\n<meta property=\"og:type\" content=\"article\" \/>\n<meta property=\"og:title\" content=\"Our History\" \/>\n<meta property=\"og:url\" content=\"https:\/\/www.commoncause.org\/massachusetts\/vi\/lich-su-cua-chung-toi\/\" \/>\n<meta property=\"og:site_name\" content=\"Common Cause Massachusetts\" \/>\n<meta property=\"article:modified_time\" content=\"2024-06-04T17:36:41+00:00\" \/>\n<meta property=\"og:image\" content=\"https:\/\/www.commoncause.org\/massachusetts\/wp-content\/uploads\/2024\/08\/common-cause-share-image.png\" \/>\n\t<meta property=\"og:image:width\" content=\"1200\" \/>\n\t<meta property=\"og:image:height\" content=\"630\" \/>\n\t<meta property=\"og:image:type\" content=\"image\/png\" \/>\n<meta name=\"twitter:card\" content=\"summary_large_image\" \/>\n<script type=\"application\/ld+json\" class=\"yoast-schema-graph\">{\"@context\":\"https:\/\/schema.org\",\"@graph\":[{\"@type\":\"WebPage\",\"@id\":\"https:\/\/www.commoncause.org\/massachusetts\/our-history\/\",\"url\":\"https:\/\/www.commoncause.org\/massachusetts\/our-history\/\",\"name\":\"Our History - Common Cause Massachusetts\",\"isPartOf\":{\"@id\":\"https:\/\/www.commoncause.org\/massachusetts\/#website\"},\"datePublished\":\"2018-03-13T21:53:40+00:00\",\"dateModified\":\"2024-06-04T17:36:41+00:00\",\"breadcrumb\":{\"@id\":\"https:\/\/www.commoncause.org\/massachusetts\/our-history\/#breadcrumb\"},\"inLanguage\":\"vi\",\"potentialAction\":[{\"@type\":\"ReadAction\",\"target\":[\"https:\/\/www.commoncause.org\/massachusetts\/our-history\/\"]}]},{\"@type\":\"BreadcrumbList\",\"@id\":\"https:\/\/www.commoncause.org\/massachusetts\/our-history\/#breadcrumb\",\"itemListElement\":[{\"@type\":\"ListItem\",\"position\":1,\"name\":\"Home\",\"item\":\"https:\/\/www.commoncause.org\/massachusetts\/\"},{\"@type\":\"ListItem\",\"position\":2,\"name\":\"Our History\"}]},{\"@type\":\"WebSite\",\"@id\":\"https:\/\/www.commoncause.org\/massachusetts\/#website\",\"url\":\"https:\/\/www.commoncause.org\/massachusetts\/\",\"name\":\"Common Cause Massachusetts\",\"description\":\"\",\"potentialAction\":[{\"@type\":\"SearchAction\",\"target\":{\"@type\":\"EntryPoint\",\"urlTemplate\":\"https:\/\/www.commoncause.org\/massachusetts\/?s={search_term_string}\"},\"query-input\":{\"@type\":\"PropertyValueSpecification\",\"valueRequired\":true,\"valueName\":\"search_term_string\"}}],\"inLanguage\":\"vi\"}]}<\/script>\n<!-- \/ Yoast SEO Premium plugin. -->","yoast_head_json":{"title":"L\u1ecbch s\u1eed c\u1ee7a ch\u00fang t\u00f4i - Common Cause Massachusetts","robots":{"index":"index","follow":"follow","max-snippet":"max-snippet:-1","max-image-preview":"max-image-preview:large","max-video-preview":"max-video-preview:-1"},"canonical":"https:\/\/www.commoncause.org\/massachusetts\/vi\/lich-su-cua-chung-toi\/","og_locale":"vi_VN","og_type":"article","og_title":"Our History","og_url":"https:\/\/www.commoncause.org\/massachusetts\/vi\/lich-su-cua-chung-toi\/","og_site_name":"Common Cause Massachusetts","article_modified_time":"2024-06-04T17:36:41+00:00","og_image":[{"width":1200,"height":630,"url":"https:\/\/www.commoncause.org\/massachusetts\/wp-content\/uploads\/2024\/08\/common-cause-share-image.png","type":"image\/png"}],"twitter_card":"summary_large_image","schema":{"@context":"https:\/\/schema.org","@graph":[{"@type":"WebPage","@id":"https:\/\/www.commoncause.org\/massachusetts\/our-history\/","url":"https:\/\/www.commoncause.org\/massachusetts\/our-history\/","name":"L\u1ecbch s\u1eed c\u1ee7a ch\u00fang t\u00f4i - Common Cause Massachusetts","isPartOf":{"@id":"https:\/\/www.commoncause.org\/massachusetts\/#website"},"datePublished":"2018-03-13T21:53:40+00:00","dateModified":"2024-06-04T17:36:41+00:00","breadcrumb":{"@id":"https:\/\/www.commoncause.org\/massachusetts\/our-history\/#breadcrumb"},"inLanguage":"vi","potentialAction":[{"@type":"ReadAction","target":["https:\/\/www.commoncause.org\/massachusetts\/our-history\/"]}]},{"@type":"BreadcrumbList","@id":"https:\/\/www.commoncause.org\/massachusetts\/our-history\/#breadcrumb","itemListElement":[{"@type":"ListItem","position":1,"name":"Home","item":"https:\/\/www.commoncause.org\/massachusetts\/"},{"@type":"ListItem","position":2,"name":"Our History"}]},{"@type":"WebSite","@id":"https:\/\/www.commoncause.org\/massachusetts\/#website","url":"https:\/\/www.commoncause.org\/massachusetts\/","name":"Nguy\u00ean nh\u00e2n chung Massachusetts","description":"","potentialAction":[{"@type":"SearchAction","target":{"@type":"EntryPoint","urlTemplate":"https:\/\/www.commoncause.org\/massachusetts\/?s={search_term_string}"},"query-input":{"@type":"PropertyValueSpecification","valueRequired":true,"valueName":"search_term_string"}}],"inLanguage":"vi"}]}},"distributor_meta":false,"distributor_terms":false,"distributor_media":false,"distributor_original_site_name":"Common Cause Massachusetts","distributor_original_site_url":"https:\/\/www.commoncause.org\/massachusetts\/vi","push-errors":false,"_links":{"self":[{"href":"https:\/\/www.commoncause.org\/massachusetts\/vi\/wp-json\/wp\/v2\/pages\/422","targetHints":{"allow":["GET"]}}],"collection":[{"href":"https:\/\/www.commoncause.org\/massachusetts\/vi\/wp-json\/wp\/v2\/pages"}],"about":[{"href":"https:\/\/www.commoncause.org\/massachusetts\/vi\/wp-json\/wp\/v2\/types\/page"}],"author":[{"embeddable":true,"href":"https:\/\/www.commoncause.org\/massachusetts\/vi\/wp-json\/wp\/v2\/users\/18"}],"replies":[{"embeddable":true,"href":"https:\/\/www.commoncause.org\/massachusetts\/vi\/wp-json\/wp\/v2\/comments?post=422"}],"version-history":[{"count":1,"href":"https:\/\/www.commoncause.org\/massachusetts\/vi\/wp-json\/wp\/v2\/pages\/422\/revisions"}],"predecessor-version":[{"id":607,"href":"https:\/\/www.commoncause.org\/massachusetts\/vi\/wp-json\/wp\/v2\/pages\/422\/revisions\/607"}],"wp:attachment":[{"href":"https:\/\/www.commoncause.org\/massachusetts\/vi\/wp-json\/wp\/v2\/media?parent=422"}],"curies":[{"name":"wp","href":"https:\/\/api.w.org\/{rel}","templated":true}]}}