{"id":422,"date":"2018-03-13T21:53:40","date_gmt":"2018-03-13T21:53:40","guid":{"rendered":"https:\/\/www.commoncause.org\/massachusetts\/our-history\/"},"modified":"2024-06-04T17:36:41","modified_gmt":"2024-06-04T17:36:41","slug":"our-history","status":"publish","type":"page","link":"https:\/\/www.commoncause.org\/massachusetts\/pt\/nossa-historia\/","title":{"rendered":"Nossa Hist\u00f3ria"},"content":{"rendered":"","protected":false},"excerpt":{"rendered":"","protected":false},"author":18,"featured_media":0,"parent":0,"menu_order":0,"comment_status":"closed","ping_status":"closed","template":"","meta":{"_acf_changed":false,"_relevanssi_hide_post":"","_relevanssi_hide_content":"","_relevanssi_pin_for_all":"","_relevanssi_pin_keywords":"","_relevanssi_unpin_keywords":"","_relevanssi_related_keywords":"","_relevanssi_related_include_ids":"","_relevanssi_related_exclude_ids":"","_relevanssi_related_no_append":"","_relevanssi_related_not_related":"","_relevanssi_related_posts":"","_relevanssi_noindex_reason":""},"class_list":["post-422","page","type-page","status-publish","hentry"],"acf":{"header":{"component_page_header":{"header_type":"default","title":"Nossa Hist\u00f3ria","lead":"Learn more about Common Cause Massachusetts' achievements throughout the past several decades.","image":6081,"subnavigation":false}},"sidebar":{"helper_enable_sidebar":false,"helper_media_contact":{"heading":"Media Contact","manually_enter_person":false,"person":"","name":"","role":"","phone":"","email":""},"helper_links_downloads":{"heading":"Links & Downloads","links":null}},"page_layout":[{"acf_fc_layout":"layout_wysiwyg","_acfe_flexible_toggle":"","component_wysiwyg":{"content":"<h2>Desde 1970, a Common Cause Massachusetts luta por reformas democr\u00e1ticas abrangentes.<\/h2>\r\n<strong>1973<\/strong> Lei que exige registro e relat\u00f3rios de lobistas \u00e9 aprovada\r\n\r\n<strong>1974<\/strong> Lei de Reuni\u00e3o Aberta promulgada e Escrit\u00f3rio de Campanha e Finan\u00e7as Pol\u00edticas criado\r\n\r\n<strong>1978<\/strong> Comiss\u00e3o Estadual de \u00c9tica criada e Lei de Divulga\u00e7\u00e3o Financeira e atualiza\u00e7\u00f5es da Lei de Conflito de Interesses promulgadas\r\n\r\n<strong>1980<\/strong> Criado o Gabinete do Inspetor Geral do Estado\r\n\r\n<strong>1987<\/strong> Contribui\u00e7\u00f5es do comit\u00ea de a\u00e7\u00e3o pol\u00edtica para pol\u00edticos s\u00e3o limitadas\r\n\r\n<strong>1991<\/strong> Esfor\u00e7o para abolir e enfraquecer ag\u00eancias de fiscaliza\u00e7\u00e3o do estado derrotado\r\n\r\n<strong>1994<\/strong> Aprovada reforma do financiamento de campanha estadual, aumentando a divulga\u00e7\u00e3o e reduzindo os limites de contribui\u00e7\u00e3o de campanha\r\n\r\n<strong>1998<\/strong> Iniciativa de vota\u00e7\u00e3o da Lei de Elei\u00e7\u00f5es Limpas aprovada\r\n\r\n<strong>2002<\/strong> Gabinete do Inspetor Geral salvo da revoga\u00e7\u00e3o e aumento salarial dos l\u00edderes legislativos derrotado\r\n\r\n<strong>2004<\/strong> Iniciativas de reforma de redistritamento qualificadas e aprovadas em 15 distritos\r\n\r\n<strong>2005<\/strong> A reforma do redistritamento obt\u00e9m apoios de uma lista bipartid\u00e1ria de candidatos a governador e 60.000 eleitores registrados\r\n\r\n<strong>2006<\/strong> A Campanha da Common Cause para o Governo Aberto triplica o n\u00famero de cidades e vilas que publicam informa\u00e7\u00f5es b\u00e1sicas na Internet\r\n\r\n<strong>2008<\/strong> A legisla\u00e7\u00e3o do Voto Popular Nacional \u00e9 aprovada pelas duas casas e a legisla\u00e7\u00e3o de registro no Dia da Elei\u00e7\u00e3o \u00e9 aprovada pelo Senado\r\n\r\n<strong>2009<\/strong> Aprovada legisla\u00e7\u00e3o abrangente sobre \u00e9tica, lobby e divulga\u00e7\u00e3o de financiamento de campanha\r\n\r\n<strong>2010<\/strong> Legisla\u00e7\u00e3o do Voto Popular Nacional promulgada e assinada pelo Governador Deval Patrick\r\n\r\n<strong>2011<\/strong> A Common Cause realiza as Olimp\u00edadas de Redistritamento e pressiona o legislativo a adotar um processo de redistritamento aberto e transparente, aclamado nacionalmente\r\n\r\n<strong>2012<\/strong> Legislatura e 174 munic\u00edpios aprovam resolu\u00e7\u00f5es endossando uma emenda constitucional para derrubar a Citizens United. A quest\u00e3o da c\u00e9dula da Emenda \u00e0 Democracia pedindo uma emenda constitucional \u00e9 apoiada por 79% de 1.000.000 de eleitores\r\n\r\n<strong>2014<\/strong> Lei de divulga\u00e7\u00e3o de MA que exige transpar\u00eancia hist\u00f3rica para SuperPACs e a abrangente Lei de moderniza\u00e7\u00e3o eleitoral, que estabelece vota\u00e7\u00e3o antecipada, registro on-line, pr\u00e9-registro, auditorias de equipamentos eleitorais e muito mais, promulgada pelo legislativo\r\n\r\n<strong>2016<\/strong> Principais atualiza\u00e7\u00f5es adicionadas para fortalecer o MA Disclosure Act e o Early Voting implementado pela primeira vez em Massachusetts, amplamente considerado um sucesso gra\u00e7as ao Early Voting Challenge\r\n\r\n<strong>2018<\/strong>\u00a0A legisla\u00e7\u00e3o de registro autom\u00e1tico de eleitores \u00e9 aprovada por ambas as casas e assinada pelo governador Charlie Baker\r\n\r\n<strong>2020 <\/strong>Salvar op\u00e7\u00f5es de vota\u00e7\u00e3o em resposta \u00e0 COVID-19 foi aprovado por ambas as casas e assinado pelo governador Charlie Baker, permitindo temporariamente o voto pelo correio e estendendo a vota\u00e7\u00e3o antecipada\r\n\r\n<strong>2022\u00a0<\/strong>O VOTES Act foi aprovado pela C\u00e2mara e pelo Senado e sancionado pelo Governador Charlie Baker. Essa reforma hist\u00f3rica tornou permanente o voto sem desculpas pelo correio, estendeu a vota\u00e7\u00e3o antecipada para duas semanas, fortaleceu a vota\u00e7\u00e3o baseada na pris\u00e3o, inscreveu Massachusetts no Electronic Registration and Information Center (ERIC) e garantiu o Registro Autom\u00e1tico de Eleitores de back-end por meio do Registro de Ve\u00edculos Motorizados.\r\n\r\n<strong>2023\u00a0<\/strong>As Liga\u00e7\u00f5es Sem Custo foram aprovadas pela C\u00e2mara e pelo Senado e sancionadas pela Governadora Maura Healey, tornando as liga\u00e7\u00f5es telef\u00f4nicas gratuitas para pris\u00f5es e pris\u00f5es em Massachusetts."}}]},"yoast_head":"<!-- This site is optimized with the Yoast SEO Premium plugin v26.6 (Yoast SEO v27.1.1) - https:\/\/yoast.com\/product\/yoast-seo-premium-wordpress\/ -->\n<title>Our History - Common Cause Massachusetts<\/title>\n<meta name=\"robots\" content=\"index, follow, max-snippet:-1, max-image-preview:large, max-video-preview:-1\" \/>\n<link rel=\"canonical\" href=\"https:\/\/www.commoncause.org\/massachusetts\/pt\/nossa-historia\/\" \/>\n<meta property=\"og:locale\" content=\"pt_PT\" \/>\n<meta property=\"og:type\" content=\"article\" \/>\n<meta property=\"og:title\" content=\"Our History\" \/>\n<meta property=\"og:url\" content=\"https:\/\/www.commoncause.org\/massachusetts\/pt\/nossa-historia\/\" \/>\n<meta property=\"og:site_name\" content=\"Common Cause Massachusetts\" \/>\n<meta property=\"article:modified_time\" content=\"2024-06-04T17:36:41+00:00\" \/>\n<meta property=\"og:image\" content=\"https:\/\/www.commoncause.org\/massachusetts\/wp-content\/uploads\/2024\/08\/common-cause-share-image.png\" \/>\n\t<meta property=\"og:image:width\" content=\"1200\" \/>\n\t<meta property=\"og:image:height\" content=\"630\" \/>\n\t<meta property=\"og:image:type\" content=\"image\/png\" \/>\n<meta name=\"twitter:card\" content=\"summary_large_image\" \/>\n<script type=\"application\/ld+json\" class=\"yoast-schema-graph\">{\"@context\":\"https:\/\/schema.org\",\"@graph\":[{\"@type\":\"WebPage\",\"@id\":\"https:\/\/www.commoncause.org\/massachusetts\/our-history\/\",\"url\":\"https:\/\/www.commoncause.org\/massachusetts\/our-history\/\",\"name\":\"Our History - Common Cause Massachusetts\",\"isPartOf\":{\"@id\":\"https:\/\/www.commoncause.org\/massachusetts\/#website\"},\"datePublished\":\"2018-03-13T21:53:40+00:00\",\"dateModified\":\"2024-06-04T17:36:41+00:00\",\"breadcrumb\":{\"@id\":\"https:\/\/www.commoncause.org\/massachusetts\/our-history\/#breadcrumb\"},\"inLanguage\":\"pt-PT\",\"potentialAction\":[{\"@type\":\"ReadAction\",\"target\":[\"https:\/\/www.commoncause.org\/massachusetts\/our-history\/\"]}]},{\"@type\":\"BreadcrumbList\",\"@id\":\"https:\/\/www.commoncause.org\/massachusetts\/our-history\/#breadcrumb\",\"itemListElement\":[{\"@type\":\"ListItem\",\"position\":1,\"name\":\"Home\",\"item\":\"https:\/\/www.commoncause.org\/massachusetts\/\"},{\"@type\":\"ListItem\",\"position\":2,\"name\":\"Our History\"}]},{\"@type\":\"WebSite\",\"@id\":\"https:\/\/www.commoncause.org\/massachusetts\/#website\",\"url\":\"https:\/\/www.commoncause.org\/massachusetts\/\",\"name\":\"Common Cause Massachusetts\",\"description\":\"\",\"potentialAction\":[{\"@type\":\"SearchAction\",\"target\":{\"@type\":\"EntryPoint\",\"urlTemplate\":\"https:\/\/www.commoncause.org\/massachusetts\/?s={search_term_string}\"},\"query-input\":{\"@type\":\"PropertyValueSpecification\",\"valueRequired\":true,\"valueName\":\"search_term_string\"}}],\"inLanguage\":\"pt-PT\"}]}<\/script>\n<!-- \/ Yoast SEO Premium plugin. -->","yoast_head_json":{"title":"Nossa Hist\u00f3ria - Common Cause Massachusetts","robots":{"index":"index","follow":"follow","max-snippet":"max-snippet:-1","max-image-preview":"max-image-preview:large","max-video-preview":"max-video-preview:-1"},"canonical":"https:\/\/www.commoncause.org\/massachusetts\/pt\/nossa-historia\/","og_locale":"pt_PT","og_type":"article","og_title":"Our History","og_url":"https:\/\/www.commoncause.org\/massachusetts\/pt\/nossa-historia\/","og_site_name":"Common Cause Massachusetts","article_modified_time":"2024-06-04T17:36:41+00:00","og_image":[{"width":1200,"height":630,"url":"https:\/\/www.commoncause.org\/massachusetts\/wp-content\/uploads\/2024\/08\/common-cause-share-image.png","type":"image\/png"}],"twitter_card":"summary_large_image","schema":{"@context":"https:\/\/schema.org","@graph":[{"@type":"WebPage","@id":"https:\/\/www.commoncause.org\/massachusetts\/our-history\/","url":"https:\/\/www.commoncause.org\/massachusetts\/our-history\/","name":"Nossa Hist\u00f3ria - Common Cause Massachusetts","isPartOf":{"@id":"https:\/\/www.commoncause.org\/massachusetts\/#website"},"datePublished":"2018-03-13T21:53:40+00:00","dateModified":"2024-06-04T17:36:41+00:00","breadcrumb":{"@id":"https:\/\/www.commoncause.org\/massachusetts\/our-history\/#breadcrumb"},"inLanguage":"pt-PT","potentialAction":[{"@type":"ReadAction","target":["https:\/\/www.commoncause.org\/massachusetts\/our-history\/"]}]},{"@type":"BreadcrumbList","@id":"https:\/\/www.commoncause.org\/massachusetts\/our-history\/#breadcrumb","itemListElement":[{"@type":"ListItem","position":1,"name":"Home","item":"https:\/\/www.commoncause.org\/massachusetts\/"},{"@type":"ListItem","position":2,"name":"Our History"}]},{"@type":"WebSite","@id":"https:\/\/www.commoncause.org\/massachusetts\/#website","url":"https:\/\/www.commoncause.org\/massachusetts\/","name":"Causa Comum Massachusetts","description":"","potentialAction":[{"@type":"SearchAction","target":{"@type":"EntryPoint","urlTemplate":"https:\/\/www.commoncause.org\/massachusetts\/?s={search_term_string}"},"query-input":{"@type":"PropertyValueSpecification","valueRequired":true,"valueName":"search_term_string"}}],"inLanguage":"pt-PT"}]}},"distributor_meta":false,"distributor_terms":false,"distributor_media":false,"distributor_original_site_name":"Common Cause Massachusetts","distributor_original_site_url":"https:\/\/www.commoncause.org\/massachusetts\/pt","push-errors":false,"_links":{"self":[{"href":"https:\/\/www.commoncause.org\/massachusetts\/pt\/wp-json\/wp\/v2\/pages\/422","targetHints":{"allow":["GET"]}}],"collection":[{"href":"https:\/\/www.commoncause.org\/massachusetts\/pt\/wp-json\/wp\/v2\/pages"}],"about":[{"href":"https:\/\/www.commoncause.org\/massachusetts\/pt\/wp-json\/wp\/v2\/types\/page"}],"author":[{"embeddable":true,"href":"https:\/\/www.commoncause.org\/massachusetts\/pt\/wp-json\/wp\/v2\/users\/18"}],"replies":[{"embeddable":true,"href":"https:\/\/www.commoncause.org\/massachusetts\/pt\/wp-json\/wp\/v2\/comments?post=422"}],"version-history":[{"count":1,"href":"https:\/\/www.commoncause.org\/massachusetts\/pt\/wp-json\/wp\/v2\/pages\/422\/revisions"}],"predecessor-version":[{"id":607,"href":"https:\/\/www.commoncause.org\/massachusetts\/pt\/wp-json\/wp\/v2\/pages\/422\/revisions\/607"}],"wp:attachment":[{"href":"https:\/\/www.commoncause.org\/massachusetts\/pt\/wp-json\/wp\/v2\/media?parent=422"}],"curies":[{"name":"wp","href":"https:\/\/api.w.org\/{rel}","templated":true}]}}