{"id":27,"date":"2024-05-07T13:51:58","date_gmt":"2024-05-07T13:51:58","guid":{"rendered":"https:\/\/www.commoncause.org\/massachusetts\/contact\/"},"modified":"2024-05-07T13:51:58","modified_gmt":"2024-05-07T13:51:58","slug":"contact","status":"publish","type":"page","link":"https:\/\/www.commoncause.org\/massachusetts\/pt\/contato\/","title":{"rendered":"Contato"},"content":{"rendered":"","protected":false},"excerpt":{"rendered":"","protected":false},"author":2,"featured_media":0,"parent":0,"menu_order":0,"comment_status":"closed","ping_status":"closed","template":"","meta":{"_acf_changed":false,"_relevanssi_hide_post":"","_relevanssi_hide_content":"","_relevanssi_pin_for_all":"","_relevanssi_pin_keywords":"","_relevanssi_unpin_keywords":"","_relevanssi_related_keywords":"","_relevanssi_related_include_ids":"","_relevanssi_related_exclude_ids":"","_relevanssi_related_no_append":"","_relevanssi_related_not_related":"","_relevanssi_related_posts":"","_relevanssi_noindex_reason":""},"class_list":["post-27","page","type-page","status-publish","hentry"],"acf":{"header":{"component_page_header":{"header_type":"default","title":"","lead":"Common Cause is dedicated to upholding the core values of American democracy and we care what our members have to say.","image":19626,"subnavigation":false}},"sidebar":{"helper_enable_sidebar":false,"helper_media_contact":{"heading":"Media Contact","manually_enter_person":false,"person":"","name":"","role":"","phone":"","email":""},"helper_links_downloads":{"heading":"Links & Downloads","links":null}},"page_layout":[{"acf_fc_layout":"layout_wysiwyg","_acfe_flexible_toggle":"","component_wysiwyg":{"content":"<div class=\"col-xs-12 col-md-8\">\r\n<h2>Entre em contato<\/h2>\r\nSe voc\u00ea tiver d\u00favidas sobre nossas a\u00e7\u00f5es de base, envie um e-mail para\u00a0<a href=\"mailto:CauseNet@commoncause.org\">CauseNet@commoncause.org<\/a> ou use o formul\u00e1rio abaixo. Se tiver alguma d\u00favida sobre doa\u00e7\u00f5es (online ou presenciais) ou sobre a filia\u00e7\u00e3o \u00e0 Common Cause, envie um e-mail para <a href=\"mailto:giving@commoncause.org\">giving@commoncause.org<\/a>. Se voc\u00ea \u00e9 um membro da m\u00eddia, por favor <a href=\"https:\/\/www.commoncause.org\/massachusetts\/pt\/about-us\/press\/\" target=\"_blank\" rel=\"noopener\">visite nossa p\u00e1gina de imprensa &gt;&gt;<\/a>\r\n\r\nNosso endere\u00e7o para correspond\u00eancia \u00e9 805 15th Street NW, Suite 800, Washington, DC 20005. Nosso n\u00famero de telefone \u00e9 202.833.1200.\r\n\r\n<\/div>"}},{"acf_fc_layout":"layout_wysiwyg","_acfe_flexible_toggle":"","component_wysiwyg":{"content":"[gravityform id=\"1\" title=\"true\"]"}}]},"yoast_head":"<!-- This site is optimized with the Yoast SEO Premium plugin v26.6 (Yoast SEO v27.1.1) - https:\/\/yoast.com\/product\/yoast-seo-premium-wordpress\/ -->\n<title>Contact - Common Cause Massachusetts<\/title>\n<meta name=\"robots\" content=\"index, follow, max-snippet:-1, max-image-preview:large, max-video-preview:-1\" \/>\n<link rel=\"canonical\" href=\"https:\/\/www.commoncause.org\/massachusetts\/pt\/about-us\/contact\/\" \/>\n<meta property=\"og:locale\" content=\"pt_PT\" \/>\n<meta property=\"og:type\" content=\"article\" \/>\n<meta property=\"og:title\" content=\"Contact\" \/>\n<meta property=\"og:url\" content=\"https:\/\/www.commoncause.org\/massachusetts\/pt\/contato\/\" \/>\n<meta property=\"og:site_name\" content=\"Common Cause Massachusetts\" \/>\n<meta property=\"og:image\" content=\"https:\/\/www.commoncause.org\/massachusetts\/wp-content\/uploads\/2024\/08\/common-cause-share-image.png\" \/>\n\t<meta property=\"og:image:width\" content=\"1200\" \/>\n\t<meta property=\"og:image:height\" content=\"630\" \/>\n\t<meta property=\"og:image:type\" content=\"image\/png\" \/>\n<meta name=\"twitter:card\" content=\"summary_large_image\" \/>\n<script type=\"application\/ld+json\" class=\"yoast-schema-graph\">{\"@context\":\"https:\/\/schema.org\",\"@graph\":[{\"@type\":\"WebPage\",\"@id\":\"https:\/\/www.commoncause.org\/massachusetts\/contact\/\",\"url\":\"https:\/\/www.commoncause.org\/massachusetts\/contact\/\",\"name\":\"Contact - Common Cause Massachusetts\",\"isPartOf\":{\"@id\":\"https:\/\/www.commoncause.org\/massachusetts\/#website\"},\"datePublished\":\"2024-05-07T13:51:58+00:00\",\"breadcrumb\":{\"@id\":\"https:\/\/www.commoncause.org\/massachusetts\/contact\/#breadcrumb\"},\"inLanguage\":\"pt-PT\",\"potentialAction\":[{\"@type\":\"ReadAction\",\"target\":[\"https:\/\/www.commoncause.org\/massachusetts\/contact\/\"]}]},{\"@type\":\"BreadcrumbList\",\"@id\":\"https:\/\/www.commoncause.org\/massachusetts\/contact\/#breadcrumb\",\"itemListElement\":[{\"@type\":\"ListItem\",\"position\":1,\"name\":\"Home\",\"item\":\"https:\/\/www.commoncause.org\/massachusetts\/\"},{\"@type\":\"ListItem\",\"position\":2,\"name\":\"Contact\"}]},{\"@type\":\"WebSite\",\"@id\":\"https:\/\/www.commoncause.org\/massachusetts\/#website\",\"url\":\"https:\/\/www.commoncause.org\/massachusetts\/\",\"name\":\"Common Cause Massachusetts\",\"description\":\"\",\"potentialAction\":[{\"@type\":\"SearchAction\",\"target\":{\"@type\":\"EntryPoint\",\"urlTemplate\":\"https:\/\/www.commoncause.org\/massachusetts\/?s={search_term_string}\"},\"query-input\":{\"@type\":\"PropertyValueSpecification\",\"valueRequired\":true,\"valueName\":\"search_term_string\"}}],\"inLanguage\":\"pt-PT\"}]}<\/script>\n<!-- \/ Yoast SEO Premium plugin. -->","yoast_head_json":{"title":"Contato - Common Cause Massachusetts","robots":{"index":"index","follow":"follow","max-snippet":"max-snippet:-1","max-image-preview":"max-image-preview:large","max-video-preview":"max-video-preview:-1"},"canonical":"https:\/\/www.commoncause.org\/massachusetts\/pt\/about-us\/contact\/","og_locale":"pt_PT","og_type":"article","og_title":"Contact","og_url":"https:\/\/www.commoncause.org\/massachusetts\/pt\/contato\/","og_site_name":"Common Cause Massachusetts","og_image":[{"width":1200,"height":630,"url":"https:\/\/www.commoncause.org\/massachusetts\/wp-content\/uploads\/2024\/08\/common-cause-share-image.png","type":"image\/png"}],"twitter_card":"summary_large_image","schema":{"@context":"https:\/\/schema.org","@graph":[{"@type":"WebPage","@id":"https:\/\/www.commoncause.org\/massachusetts\/contact\/","url":"https:\/\/www.commoncause.org\/massachusetts\/contact\/","name":"Contato - Common Cause Massachusetts","isPartOf":{"@id":"https:\/\/www.commoncause.org\/massachusetts\/#website"},"datePublished":"2024-05-07T13:51:58+00:00","breadcrumb":{"@id":"https:\/\/www.commoncause.org\/massachusetts\/contact\/#breadcrumb"},"inLanguage":"pt-PT","potentialAction":[{"@type":"ReadAction","target":["https:\/\/www.commoncause.org\/massachusetts\/contact\/"]}]},{"@type":"BreadcrumbList","@id":"https:\/\/www.commoncause.org\/massachusetts\/contact\/#breadcrumb","itemListElement":[{"@type":"ListItem","position":1,"name":"Home","item":"https:\/\/www.commoncause.org\/massachusetts\/"},{"@type":"ListItem","position":2,"name":"Contact"}]},{"@type":"WebSite","@id":"https:\/\/www.commoncause.org\/massachusetts\/#website","url":"https:\/\/www.commoncause.org\/massachusetts\/","name":"Causa Comum Massachusetts","description":"","potentialAction":[{"@type":"SearchAction","target":{"@type":"EntryPoint","urlTemplate":"https:\/\/www.commoncause.org\/massachusetts\/?s={search_term_string}"},"query-input":{"@type":"PropertyValueSpecification","valueRequired":true,"valueName":"search_term_string"}}],"inLanguage":"pt-PT"}]}},"distributor_meta":false,"distributor_terms":false,"distributor_media":false,"distributor_original_site_name":"Common Cause Massachusetts","distributor_original_site_url":"https:\/\/www.commoncause.org\/massachusetts\/pt","push-errors":false,"_links":{"self":[{"href":"https:\/\/www.commoncause.org\/massachusetts\/pt\/wp-json\/wp\/v2\/pages\/27","targetHints":{"allow":["GET"]}}],"collection":[{"href":"https:\/\/www.commoncause.org\/massachusetts\/pt\/wp-json\/wp\/v2\/pages"}],"about":[{"href":"https:\/\/www.commoncause.org\/massachusetts\/pt\/wp-json\/wp\/v2\/types\/page"}],"author":[{"embeddable":true,"href":"https:\/\/www.commoncause.org\/massachusetts\/pt\/wp-json\/wp\/v2\/users\/2"}],"replies":[{"embeddable":true,"href":"https:\/\/www.commoncause.org\/massachusetts\/pt\/wp-json\/wp\/v2\/comments?post=27"}],"version-history":[{"count":18,"href":"https:\/\/www.commoncause.org\/massachusetts\/pt\/wp-json\/wp\/v2\/pages\/27\/revisions"}],"predecessor-version":[{"id":2203,"href":"https:\/\/www.commoncause.org\/massachusetts\/pt\/wp-json\/wp\/v2\/pages\/27\/revisions\/2203"}],"wp:attachment":[{"href":"https:\/\/www.commoncause.org\/massachusetts\/pt\/wp-json\/wp\/v2\/media?parent=27"}],"curies":[{"name":"wp","href":"https:\/\/api.w.org\/{rel}","templated":true}]}}