{"id":47,"date":"2024-05-07T15:23:02","date_gmt":"2024-05-07T15:23:02","guid":{"rendered":"https:\/\/www.commoncause.org\/massachusetts\/home\/"},"modified":"2025-08-05T11:47:52","modified_gmt":"2025-08-05T15:47:52","slug":"home","status":"publish","type":"page","link":"https:\/\/www.commoncause.org\/massachusetts\/pl\/","title":{"rendered":"Dom"},"content":{"rendered":"","protected":false},"excerpt":{"rendered":"","protected":false},"author":2,"featured_media":0,"parent":0,"menu_order":0,"comment_status":"closed","ping_status":"closed","template":"","meta":{"_acf_changed":false,"_relevanssi_hide_post":"","_relevanssi_hide_content":"","_relevanssi_pin_for_all":"","_relevanssi_pin_keywords":"","_relevanssi_unpin_keywords":"","_relevanssi_related_keywords":"","_relevanssi_related_include_ids":"","_relevanssi_related_exclude_ids":"","_relevanssi_related_no_append":"","_relevanssi_related_not_related":"","_relevanssi_related_posts":"","_relevanssi_noindex_reason":""},"class_list":["post-47","page","type-page","status-publish","hentry"],"acf":{"page_layout":[{"acf_fc_layout":"layout_latest_victory","_acfe_flexible_toggle":"","component_latest_victory":{"manually_curate":true,"latest_content":"article","button_text":"Read About Our Victory","title":"Nasza platforma dla si\u0142y ludzi!","summary":"The fight to restore and strengthen our democracy is our common cause. That's why we just launched our platform for people power so that Bay Staters can fight for pro-democracy reforms at the state and local level. ","button":{"title":"Learn More","url":"https:\/\/www.commoncause.org\/massachusetts\/platform\/","target":""},"image":39710,"darker":true}},{"acf_fc_layout":"layout_featured_work","_acfe_flexible_toggle":"","component_featured_work":{"content_type":"work","button_text":"View This Campaign","secondary_link":null,"manually_curate":true,"small_title":"","large_title":"It's time for Same Day Registration in MA","summary":"Common Cause Massachusetts is joining our partners in the Election Modernization Coalition to campaign for Same Day Registration in Massachusetts. Every eligible voter should be able to cast a ballot that counts on election day. ","button":{"title":"TAKE ACTION","url":"https:\/\/act.commoncause.org\/letters\/its-still-time-for-same-day-voter-registration","target":""},"small_link":{"title":"Learn More","url":"https:\/\/www.commoncause.org\/massachusetts\/work\/same-day-registration\/","target":""},"image":39711}},{"acf_fc_layout":"layout_about_us","_acfe_flexible_toggle":"","component_about_us":{"intro_title":"About Us","main_title":"Building a Government that Works for [highlight]All of Us[\/highlight]","summary":"With the support of over 20 thousand members, Common Cause Massachusetts wins concrete, pro-democracy reforms that break down barriers to participation, promote accountability, and ensure that each of us has a voice.","button":{"title":"Discover Our Impact","url":"https:\/\/www.commoncause.org\/our-impact\/","target":""},"image":39712}},{"acf_fc_layout":"layout_featured_action","_acfe_flexible_toggle":"","component_featured_action":{"action_to_show":"manual","image_side":"right","action":["{\"site_id\":\"1\",\"post_type\":\"act\",\"post_id\":38870}"],"title":"Powiedz ustawodawcom, aby zagwarantowali hybrydowy dost\u0119p publiczny w Massachusetts!","summary":"During the pandemic, state and local governments allowed for remote public participation. Not only did this make government more transparent and accessible, but it removed long-standing barriers to political participation for people with disabilities, parents, seniors, people who cannot drive or afford transportation, and many others. It's time for this new level of access to be guaranteed under state law.","post_link":{"title":"Take Action","url":"https:\/\/act.commoncause.org\/letters\/tell-your-lawmakers-to-require-hybrid-public-access-in-massachusetts","target":"_blank"},"secondary_link":""}},{"acf_fc_layout":"layout_email_signup","_acfe_flexible_toggle":"","component_email_signup":{"":null,"small_title":"Sign up for breaking news and action alerts about democracy in your state and nationwide.","large_title":"JOIN OUR MOVEMENT","action_network_embed":"","disclaimer":"*By providing your phone number, you are consenting to receive mobile alerts from Common Cause at 95559. Message and data rates apply. Reply STOP to unsubscribe."}},{"acf_fc_layout":"layout_statistics","_acfe_flexible_toggle":"","component_statistics":{"title":"Common Cause jest organizacj\u0105 bezpartyjn\u0105, maj\u0105c\u0105 cz\u0142onk\u00f3w w ka\u017cdym okr\u0119gu kongresowym.","statistics":[{"component_statistic":{"number":"28","text":"State organizations","source":"Our local experts are on the ground, fighting for open and accountable democracy."}},{"component_statistic":{"number":"50+","text":"Years of victories","source":"Since 1970, we have won some of the nation's most impactful reforms."}},{"component_statistic":{"number":"","text":"","source":""}}]}},{"acf_fc_layout":"layout_map","_acfe_flexible_toggle":"","component_map":{"":null}}]},"yoast_head":"<!-- This site is optimized with the Yoast SEO Premium plugin v26.6 (Yoast SEO v27.1.1) - https:\/\/yoast.com\/product\/yoast-seo-premium-wordpress\/ -->\n<title>Common Cause: Fighting For The Democracy We Deserve - Common Cause Massachusetts<\/title>\n<meta name=\"description\" content=\"With the support of over 1.5 million members, Common Cause wins concrete, pro-democracy reforms that break down barriers to participation, promote accountability, and ensure that each of us has a voice.\" \/>\n<meta name=\"robots\" content=\"index, follow, max-snippet:-1, max-image-preview:large, max-video-preview:-1\" \/>\n<link rel=\"canonical\" href=\"https:\/\/www.commoncause.org\/massachusetts\/pl\/\" \/>\n<meta property=\"og:locale\" content=\"pl_PL\" \/>\n<meta property=\"og:type\" content=\"article\" \/>\n<meta property=\"og:title\" content=\"Home\" \/>\n<meta property=\"og:description\" content=\"With the support of over 1.5 million members, Common Cause wins concrete, pro-democracy reforms that break down barriers to participation, promote accountability, and ensure that each of us has a voice.\" \/>\n<meta property=\"og:url\" content=\"https:\/\/www.commoncause.org\/massachusetts\/pl\/\" \/>\n<meta property=\"og:site_name\" content=\"Common Cause Massachusetts\" \/>\n<meta property=\"article:modified_time\" content=\"2025-08-05T15:47:52+00:00\" \/>\n<meta property=\"og:image\" content=\"https:\/\/www.commoncause.org\/massachusetts\/wp-content\/uploads\/2024\/08\/common-cause-share-image.png\" \/>\n\t<meta property=\"og:image:width\" content=\"1200\" \/>\n\t<meta property=\"og:image:height\" content=\"630\" \/>\n\t<meta property=\"og:image:type\" content=\"image\/png\" \/>\n<meta name=\"twitter:card\" content=\"summary_large_image\" \/>\n<script type=\"application\/ld+json\" class=\"yoast-schema-graph\">{\"@context\":\"https:\/\/schema.org\",\"@graph\":[{\"@type\":\"WebPage\",\"@id\":\"https:\/\/www.commoncause.org\/massachusetts\/\",\"url\":\"https:\/\/www.commoncause.org\/massachusetts\/\",\"name\":\"Common Cause: Fighting For The Democracy We Deserve - Common Cause Massachusetts\",\"isPartOf\":{\"@id\":\"https:\/\/www.commoncause.org\/massachusetts\/#website\"},\"datePublished\":\"2024-05-07T15:23:02+00:00\",\"dateModified\":\"2025-08-05T15:47:52+00:00\",\"description\":\"With the support of over 1.5 million members, Common Cause wins concrete, pro-democracy reforms that break down barriers to participation, promote accountability, and ensure that each of us has a voice.\",\"breadcrumb\":{\"@id\":\"https:\/\/www.commoncause.org\/massachusetts\/#breadcrumb\"},\"inLanguage\":\"pl-PL\",\"potentialAction\":[{\"@type\":\"ReadAction\",\"target\":[\"https:\/\/www.commoncause.org\/massachusetts\/\"]}]},{\"@type\":\"BreadcrumbList\",\"@id\":\"https:\/\/www.commoncause.org\/massachusetts\/#breadcrumb\",\"itemListElement\":[{\"@type\":\"ListItem\",\"position\":1,\"name\":\"Home\",\"item\":\"https:\/\/www.commoncause.org\/massachusetts\/\"},{\"@type\":\"ListItem\",\"position\":2,\"name\":\"Home\"}]},{\"@type\":\"WebSite\",\"@id\":\"https:\/\/www.commoncause.org\/massachusetts\/#website\",\"url\":\"https:\/\/www.commoncause.org\/massachusetts\/\",\"name\":\"Common Cause Massachusetts\",\"description\":\"\",\"potentialAction\":[{\"@type\":\"SearchAction\",\"target\":{\"@type\":\"EntryPoint\",\"urlTemplate\":\"https:\/\/www.commoncause.org\/massachusetts\/?s={search_term_string}\"},\"query-input\":{\"@type\":\"PropertyValueSpecification\",\"valueRequired\":true,\"valueName\":\"search_term_string\"}}],\"inLanguage\":\"pl-PL\"}]}<\/script>\n<!-- \/ Yoast SEO Premium plugin. -->","yoast_head_json":{"title":"Common Cause: Walka o demokracj\u0119, na kt\u00f3r\u0105 zas\u0142ugujemy - Common Cause Massachusetts","description":"Dzi\u0119ki wsparciu ponad 1,5 miliona cz\u0142onk\u00f3w, Common Cause wygrywa konkretne, prodemokratyczne reformy, kt\u00f3re prze\u0142amuj\u0105 bariery utrudniaj\u0105ce uczestnictwo, promuj\u0105 odpowiedzialno\u015b\u0107 i gwarantuj\u0105, \u017ce ka\u017cdy z nas b\u0119dzie mia\u0142 g\u0142os.","robots":{"index":"index","follow":"follow","max-snippet":"max-snippet:-1","max-image-preview":"max-image-preview:large","max-video-preview":"max-video-preview:-1"},"canonical":"https:\/\/www.commoncause.org\/massachusetts\/pl\/","og_locale":"pl_PL","og_type":"article","og_title":"Home","og_description":"With the support of over 1.5 million members, Common Cause wins concrete, pro-democracy reforms that break down barriers to participation, promote accountability, and ensure that each of us has a voice.","og_url":"https:\/\/www.commoncause.org\/massachusetts\/pl\/","og_site_name":"Common Cause Massachusetts","article_modified_time":"2025-08-05T15:47:52+00:00","og_image":[{"width":1200,"height":630,"url":"https:\/\/www.commoncause.org\/massachusetts\/wp-content\/uploads\/2024\/08\/common-cause-share-image.png","type":"image\/png"}],"twitter_card":"summary_large_image","schema":{"@context":"https:\/\/schema.org","@graph":[{"@type":"WebPage","@id":"https:\/\/www.commoncause.org\/massachusetts\/","url":"https:\/\/www.commoncause.org\/massachusetts\/","name":"Common Cause: Walka o demokracj\u0119, na kt\u00f3r\u0105 zas\u0142ugujemy - Common Cause Massachusetts","isPartOf":{"@id":"https:\/\/www.commoncause.org\/massachusetts\/#website"},"datePublished":"2024-05-07T15:23:02+00:00","dateModified":"2025-08-05T15:47:52+00:00","description":"Dzi\u0119ki wsparciu ponad 1,5 miliona cz\u0142onk\u00f3w, Common Cause wygrywa konkretne, prodemokratyczne reformy, kt\u00f3re prze\u0142amuj\u0105 bariery utrudniaj\u0105ce uczestnictwo, promuj\u0105 odpowiedzialno\u015b\u0107 i gwarantuj\u0105, \u017ce ka\u017cdy z nas b\u0119dzie mia\u0142 g\u0142os.","breadcrumb":{"@id":"https:\/\/www.commoncause.org\/massachusetts\/#breadcrumb"},"inLanguage":"pl-PL","potentialAction":[{"@type":"ReadAction","target":["https:\/\/www.commoncause.org\/massachusetts\/"]}]},{"@type":"BreadcrumbList","@id":"https:\/\/www.commoncause.org\/massachusetts\/#breadcrumb","itemListElement":[{"@type":"ListItem","position":1,"name":"Home","item":"https:\/\/www.commoncause.org\/massachusetts\/"},{"@type":"ListItem","position":2,"name":"Home"}]},{"@type":"WebSite","@id":"https:\/\/www.commoncause.org\/massachusetts\/#website","url":"https:\/\/www.commoncause.org\/massachusetts\/","name":"Wsp\u00f3lna przyczyna Massachusetts","description":"","potentialAction":[{"@type":"SearchAction","target":{"@type":"EntryPoint","urlTemplate":"https:\/\/www.commoncause.org\/massachusetts\/?s={search_term_string}"},"query-input":{"@type":"PropertyValueSpecification","valueRequired":true,"valueName":"search_term_string"}}],"inLanguage":"pl-PL"}]}},"distributor_meta":false,"distributor_terms":false,"distributor_media":false,"distributor_original_site_name":"Common Cause Massachusetts","distributor_original_site_url":"https:\/\/www.commoncause.org\/massachusetts\/pl","push-errors":false,"_links":{"self":[{"href":"https:\/\/www.commoncause.org\/massachusetts\/pl\/wp-json\/wp\/v2\/pages\/47","targetHints":{"allow":["GET"]}}],"collection":[{"href":"https:\/\/www.commoncause.org\/massachusetts\/pl\/wp-json\/wp\/v2\/pages"}],"about":[{"href":"https:\/\/www.commoncause.org\/massachusetts\/pl\/wp-json\/wp\/v2\/types\/page"}],"author":[{"embeddable":true,"href":"https:\/\/www.commoncause.org\/massachusetts\/pl\/wp-json\/wp\/v2\/users\/2"}],"replies":[{"embeddable":true,"href":"https:\/\/www.commoncause.org\/massachusetts\/pl\/wp-json\/wp\/v2\/comments?post=47"}],"version-history":[{"count":62,"href":"https:\/\/www.commoncause.org\/massachusetts\/pl\/wp-json\/wp\/v2\/pages\/47\/revisions"}],"predecessor-version":[{"id":2093,"href":"https:\/\/www.commoncause.org\/massachusetts\/pl\/wp-json\/wp\/v2\/pages\/47\/revisions\/2093"}],"wp:attachment":[{"href":"https:\/\/www.commoncause.org\/massachusetts\/pl\/wp-json\/wp\/v2\/media?parent=47"}],"curies":[{"name":"wp","href":"https:\/\/api.w.org\/{rel}","templated":true}]}}