{"id":422,"date":"2018-03-13T21:53:40","date_gmt":"2018-03-13T21:53:40","guid":{"rendered":"https:\/\/www.commoncause.org\/massachusetts\/our-history\/"},"modified":"2024-06-04T17:36:41","modified_gmt":"2024-06-04T17:36:41","slug":"our-history","status":"publish","type":"page","link":"https:\/\/www.commoncause.org\/massachusetts\/pl\/nasza-historia\/","title":{"rendered":"Nasza historia"},"content":{"rendered":"","protected":false},"excerpt":{"rendered":"","protected":false},"author":18,"featured_media":0,"parent":0,"menu_order":0,"comment_status":"closed","ping_status":"closed","template":"","meta":{"_acf_changed":false,"_relevanssi_hide_post":"","_relevanssi_hide_content":"","_relevanssi_pin_for_all":"","_relevanssi_pin_keywords":"","_relevanssi_unpin_keywords":"","_relevanssi_related_keywords":"","_relevanssi_related_include_ids":"","_relevanssi_related_exclude_ids":"","_relevanssi_related_no_append":"","_relevanssi_related_not_related":"","_relevanssi_related_posts":"","_relevanssi_noindex_reason":""},"class_list":["post-422","page","type-page","status-publish","hentry"],"acf":{"header":{"component_page_header":{"header_type":"default","title":"Nasza historia","lead":"Learn more about Common Cause Massachusetts' achievements throughout the past several decades.","image":6081,"subnavigation":false}},"sidebar":{"helper_enable_sidebar":false,"helper_media_contact":{"heading":"Media Contact","manually_enter_person":false,"person":"","name":"","role":"","phone":"","email":""},"helper_links_downloads":{"heading":"Links & Downloads","links":null}},"page_layout":[{"acf_fc_layout":"layout_wysiwyg","_acfe_flexible_toggle":"","component_wysiwyg":{"content":"<h2>Od 1970 roku Common Cause Massachusetts walczy o kompleksowe reformy demokratyczne.<\/h2>\r\n<strong>1973<\/strong> Przyj\u0119to ustaw\u0119 wymagaj\u0105c\u0105 rejestracji i raportowania przez lobbyst\u00f3w\r\n\r\n<strong>1974<\/strong> Uchwalono ustaw\u0119 o otwartych spotkaniach i utworzono Biuro ds. Kampanii i Finans\u00f3w Politycznych\r\n\r\n<strong>1978<\/strong> Pa\u0144stwowa Komisja Etyki uchwali\u0142a ustaw\u0119 o ujawnianiu informacji finansowych i uchwali\u0142a aktualizacj\u0119 ustawy o konflikcie interes\u00f3w\r\n\r\n<strong>1980<\/strong> Utworzono Biuro Generalnego Inspektora Stanowego\r\n\r\n<strong>1987<\/strong> Ograniczone wp\u0142aty na rzecz polityk\u00f3w z komitet\u00f3w akcji politycznej\r\n\r\n<strong>1991<\/strong> Pr\u00f3ba zniesienia i os\u0142abienia pa\u0144stwowych agencji nadzoruj\u0105cych zako\u0144czy\u0142a si\u0119 pora\u017ck\u0105\r\n\r\n<strong>1994<\/strong> Przyj\u0119to og\u00f3lnostanow\u0105 reform\u0119 finansowania kampanii, zwi\u0119kszaj\u0105c\u0105 ujawnianie informacji i obni\u017caj\u0105c\u0105 limity wp\u0142at na kampani\u0119\r\n\r\n<strong>1998<\/strong> Inicjatywa g\u0142osowania w sprawie ustawy o czystych wyborach zosta\u0142a przyj\u0119ta\r\n\r\n<strong>2002<\/strong> Biuro inspektora generalnego uratowane przed uchyleniem i podwy\u017ck\u0105 wynagrodze\u0144 lider\u00f3w ustawodawczych\r\n\r\n<strong>2004<\/strong> Inicjatywy reformy podzia\u0142u okr\u0119g\u00f3w wyborczych zosta\u0142y zakwalifikowane i przyj\u0119te w 15 okr\u0119gach\r\n\r\n<strong>2005<\/strong> Reforma podzia\u0142u okr\u0119g\u00f3w wyborczych zyskuje poparcie dwupartyjnej listy kandydat\u00f3w na gubernatora i 60 000 zarejestrowanych wyborc\u00f3w\r\n\r\n<strong>2006<\/strong> Kampania Common Cause na rzecz otwartego rz\u0105du potroi\u0142a liczb\u0119 miast i miasteczek publikuj\u0105cych podstawowe informacje w Internecie\r\n\r\n<strong>2008<\/strong> Ustawa o g\u0142osowaniu powszechnym na szczeblu krajowym przechodzi przez obie izby, a ustawa o rejestracji w dniu wybor\u00f3w przechodzi przez Senat\r\n\r\n<strong>2009<\/strong> Przyj\u0119to kompleksowe przepisy dotycz\u0105ce etyki, lobbingu i ujawniania finansowania kampanii\r\n\r\n<strong>2010<\/strong> Ustawa o g\u0142osowaniu powszechnym na szczeblu krajowym zosta\u0142a uchwalona i podpisana przez gubernatora Devala Patricka\r\n\r\n<strong>2011<\/strong> Common Cause organizuje Olimpiad\u0119 Podzia\u0142u Okr\u0119g\u00f3w Wyborczych i naciska na ustawodawc\u0119, aby przyj\u0105\u0142 og\u00f3lnokrajowo uznany, otwarty i przejrzysty proces podzia\u0142u okr\u0119g\u00f3w wyborczych\r\n\r\n<strong>2012<\/strong> Legislatura i 174 gminy uchwalaj\u0105 rezolucje popieraj\u0105ce poprawk\u0119 do konstytucji w celu obalenia Citizens United. Pytanie w g\u0142osowaniu Democracy Amendment wzywaj\u0105ce do poprawki do konstytucji jest popierane przez 79% z 1 000 000 wyborc\u00f3w\r\n\r\n<strong>2014<\/strong> Ustawa MA Disclosure wymagaj\u0105ca historycznej przejrzysto\u015bci dla SuperPAC i kompleksowa ustawa o modernizacji wybor\u00f3w, ustanawiaj\u0105ca wczesne g\u0142osowanie, rejestracj\u0119 online, wst\u0119pn\u0105 rejestracj\u0119, audyty sprz\u0119tu wyborczego i inne uchwalone przez ustawodawc\u0119\r\n\r\n<strong>2016<\/strong> Dodano kluczowe aktualizacje w celu wzmocnienia ustawy MA Disclosure Act i wczesnego g\u0142osowania, kt\u00f3re po raz pierwszy wdro\u017cono w Massachusetts, co jest powszechnie uwa\u017cane za sukces dzi\u0119ki Early Voting Challenge\r\n\r\n<strong>2018<\/strong>\u00a0Ustawa o automatycznej rejestracji wyborc\u00f3w zosta\u0142a przyj\u0119ta przez obie izby i podpisana przez gubernatora Charliego Bakera\r\n\r\n<strong>2020 <\/strong>Obie izby przyj\u0119\u0142y i podpisa\u0142y decyzj\u0119 o zapisaniu opcji g\u0142osowania w odpowiedzi na COVID-19, kt\u00f3ra tymczasowo zezwala na g\u0142osowanie korespondencyjne i przed\u0142u\u017cone g\u0142osowanie przedterminowe\r\n\r\n<strong>2022\u00a0<\/strong>Ustawa VOTES zosta\u0142a uchwalona przez Izb\u0119 Reprezentant\u00f3w i Senat oraz podpisana przez gubernatora Charliego Bakera. Ta historyczna reforma wprowadzi\u0142a sta\u0142e g\u0142osowanie bez podania przyczyny poczt\u0105, wyd\u0142u\u017cy\u0142a g\u0142osowanie przedterminowe do dw\u00f3ch tygodni, wzmocni\u0142a g\u0142osowanie w wi\u0119zieniu, zapisa\u0142a Massachusetts do Centrum Rejestracji i Informacji Elektronicznej (ERIC) i zapewni\u0142a automatyczn\u0105 rejestracj\u0119 wyborc\u00f3w za po\u015brednictwem rejestru pojazd\u00f3w mechanicznych.\r\n\r\n<strong>2023\u00a0<\/strong>Ustawa No Cost Calls zosta\u0142a przyj\u0119ta przez Izb\u0119 Reprezentant\u00f3w i Senat, a nast\u0119pnie podpisana przez gubernator Maur\u0119 Healey, dzi\u0119ki czemu po\u0142\u0105czenia telefoniczne w wi\u0119zieniach i aresztach w Massachusetts s\u0105 bezp\u0142atne."}}]},"yoast_head":"<!-- This site is optimized with the Yoast SEO Premium plugin v26.6 (Yoast SEO v27.1.1) - https:\/\/yoast.com\/product\/yoast-seo-premium-wordpress\/ -->\n<title>Our History - Common Cause Massachusetts<\/title>\n<meta name=\"robots\" content=\"index, follow, max-snippet:-1, max-image-preview:large, max-video-preview:-1\" \/>\n<link rel=\"canonical\" href=\"https:\/\/www.commoncause.org\/massachusetts\/pl\/nasza-historia\/\" \/>\n<meta property=\"og:locale\" content=\"pl_PL\" \/>\n<meta property=\"og:type\" content=\"article\" \/>\n<meta property=\"og:title\" content=\"Our History\" \/>\n<meta property=\"og:url\" content=\"https:\/\/www.commoncause.org\/massachusetts\/pl\/nasza-historia\/\" \/>\n<meta property=\"og:site_name\" content=\"Common Cause Massachusetts\" \/>\n<meta property=\"article:modified_time\" content=\"2024-06-04T17:36:41+00:00\" \/>\n<meta property=\"og:image\" content=\"https:\/\/www.commoncause.org\/massachusetts\/wp-content\/uploads\/2024\/08\/common-cause-share-image.png\" \/>\n\t<meta property=\"og:image:width\" content=\"1200\" \/>\n\t<meta property=\"og:image:height\" content=\"630\" \/>\n\t<meta property=\"og:image:type\" content=\"image\/png\" \/>\n<meta name=\"twitter:card\" content=\"summary_large_image\" \/>\n<script type=\"application\/ld+json\" class=\"yoast-schema-graph\">{\"@context\":\"https:\/\/schema.org\",\"@graph\":[{\"@type\":\"WebPage\",\"@id\":\"https:\/\/www.commoncause.org\/massachusetts\/our-history\/\",\"url\":\"https:\/\/www.commoncause.org\/massachusetts\/our-history\/\",\"name\":\"Our History - Common Cause Massachusetts\",\"isPartOf\":{\"@id\":\"https:\/\/www.commoncause.org\/massachusetts\/#website\"},\"datePublished\":\"2018-03-13T21:53:40+00:00\",\"dateModified\":\"2024-06-04T17:36:41+00:00\",\"breadcrumb\":{\"@id\":\"https:\/\/www.commoncause.org\/massachusetts\/our-history\/#breadcrumb\"},\"inLanguage\":\"pl-PL\",\"potentialAction\":[{\"@type\":\"ReadAction\",\"target\":[\"https:\/\/www.commoncause.org\/massachusetts\/our-history\/\"]}]},{\"@type\":\"BreadcrumbList\",\"@id\":\"https:\/\/www.commoncause.org\/massachusetts\/our-history\/#breadcrumb\",\"itemListElement\":[{\"@type\":\"ListItem\",\"position\":1,\"name\":\"Home\",\"item\":\"https:\/\/www.commoncause.org\/massachusetts\/\"},{\"@type\":\"ListItem\",\"position\":2,\"name\":\"Our History\"}]},{\"@type\":\"WebSite\",\"@id\":\"https:\/\/www.commoncause.org\/massachusetts\/#website\",\"url\":\"https:\/\/www.commoncause.org\/massachusetts\/\",\"name\":\"Common Cause Massachusetts\",\"description\":\"\",\"potentialAction\":[{\"@type\":\"SearchAction\",\"target\":{\"@type\":\"EntryPoint\",\"urlTemplate\":\"https:\/\/www.commoncause.org\/massachusetts\/?s={search_term_string}\"},\"query-input\":{\"@type\":\"PropertyValueSpecification\",\"valueRequired\":true,\"valueName\":\"search_term_string\"}}],\"inLanguage\":\"pl-PL\"}]}<\/script>\n<!-- \/ Yoast SEO Premium plugin. -->","yoast_head_json":{"title":"Nasza historia - Common Cause Massachusetts","robots":{"index":"index","follow":"follow","max-snippet":"max-snippet:-1","max-image-preview":"max-image-preview:large","max-video-preview":"max-video-preview:-1"},"canonical":"https:\/\/www.commoncause.org\/massachusetts\/pl\/nasza-historia\/","og_locale":"pl_PL","og_type":"article","og_title":"Our History","og_url":"https:\/\/www.commoncause.org\/massachusetts\/pl\/nasza-historia\/","og_site_name":"Common Cause Massachusetts","article_modified_time":"2024-06-04T17:36:41+00:00","og_image":[{"width":1200,"height":630,"url":"https:\/\/www.commoncause.org\/massachusetts\/wp-content\/uploads\/2024\/08\/common-cause-share-image.png","type":"image\/png"}],"twitter_card":"summary_large_image","schema":{"@context":"https:\/\/schema.org","@graph":[{"@type":"WebPage","@id":"https:\/\/www.commoncause.org\/massachusetts\/our-history\/","url":"https:\/\/www.commoncause.org\/massachusetts\/our-history\/","name":"Nasza historia - Common Cause Massachusetts","isPartOf":{"@id":"https:\/\/www.commoncause.org\/massachusetts\/#website"},"datePublished":"2018-03-13T21:53:40+00:00","dateModified":"2024-06-04T17:36:41+00:00","breadcrumb":{"@id":"https:\/\/www.commoncause.org\/massachusetts\/our-history\/#breadcrumb"},"inLanguage":"pl-PL","potentialAction":[{"@type":"ReadAction","target":["https:\/\/www.commoncause.org\/massachusetts\/our-history\/"]}]},{"@type":"BreadcrumbList","@id":"https:\/\/www.commoncause.org\/massachusetts\/our-history\/#breadcrumb","itemListElement":[{"@type":"ListItem","position":1,"name":"Home","item":"https:\/\/www.commoncause.org\/massachusetts\/"},{"@type":"ListItem","position":2,"name":"Our History"}]},{"@type":"WebSite","@id":"https:\/\/www.commoncause.org\/massachusetts\/#website","url":"https:\/\/www.commoncause.org\/massachusetts\/","name":"Wsp\u00f3lna przyczyna Massachusetts","description":"","potentialAction":[{"@type":"SearchAction","target":{"@type":"EntryPoint","urlTemplate":"https:\/\/www.commoncause.org\/massachusetts\/?s={search_term_string}"},"query-input":{"@type":"PropertyValueSpecification","valueRequired":true,"valueName":"search_term_string"}}],"inLanguage":"pl-PL"}]}},"distributor_meta":false,"distributor_terms":false,"distributor_media":false,"distributor_original_site_name":"Common Cause Massachusetts","distributor_original_site_url":"https:\/\/www.commoncause.org\/massachusetts\/pl","push-errors":false,"_links":{"self":[{"href":"https:\/\/www.commoncause.org\/massachusetts\/pl\/wp-json\/wp\/v2\/pages\/422","targetHints":{"allow":["GET"]}}],"collection":[{"href":"https:\/\/www.commoncause.org\/massachusetts\/pl\/wp-json\/wp\/v2\/pages"}],"about":[{"href":"https:\/\/www.commoncause.org\/massachusetts\/pl\/wp-json\/wp\/v2\/types\/page"}],"author":[{"embeddable":true,"href":"https:\/\/www.commoncause.org\/massachusetts\/pl\/wp-json\/wp\/v2\/users\/18"}],"replies":[{"embeddable":true,"href":"https:\/\/www.commoncause.org\/massachusetts\/pl\/wp-json\/wp\/v2\/comments?post=422"}],"version-history":[{"count":1,"href":"https:\/\/www.commoncause.org\/massachusetts\/pl\/wp-json\/wp\/v2\/pages\/422\/revisions"}],"predecessor-version":[{"id":607,"href":"https:\/\/www.commoncause.org\/massachusetts\/pl\/wp-json\/wp\/v2\/pages\/422\/revisions\/607"}],"wp:attachment":[{"href":"https:\/\/www.commoncause.org\/massachusetts\/pl\/wp-json\/wp\/v2\/media?parent=422"}],"curies":[{"name":"wp","href":"https:\/\/api.w.org\/{rel}","templated":true}]}}