{"id":422,"date":"2018-03-13T21:53:40","date_gmt":"2018-03-13T21:53:40","guid":{"rendered":"https:\/\/www.commoncause.org\/massachusetts\/our-history\/"},"modified":"2024-06-04T17:36:41","modified_gmt":"2024-06-04T17:36:41","slug":"our-history","status":"publish","type":"page","link":"https:\/\/www.commoncause.org\/massachusetts\/fr\/notre-histoire\/","title":{"rendered":"Notre histoire"},"content":{"rendered":"","protected":false},"excerpt":{"rendered":"","protected":false},"author":18,"featured_media":0,"parent":0,"menu_order":0,"comment_status":"closed","ping_status":"closed","template":"","meta":{"_acf_changed":false,"_relevanssi_hide_post":"","_relevanssi_hide_content":"","_relevanssi_pin_for_all":"","_relevanssi_pin_keywords":"","_relevanssi_unpin_keywords":"","_relevanssi_related_keywords":"","_relevanssi_related_include_ids":"","_relevanssi_related_exclude_ids":"","_relevanssi_related_no_append":"","_relevanssi_related_not_related":"","_relevanssi_related_posts":"","_relevanssi_noindex_reason":""},"class_list":["post-422","page","type-page","status-publish","hentry"],"acf":{"header":{"component_page_header":{"header_type":"default","title":"Notre histoire","lead":"Learn more about Common Cause Massachusetts' achievements throughout the past several decades.","image":6081,"subnavigation":false}},"sidebar":{"helper_enable_sidebar":false,"helper_media_contact":{"heading":"Media Contact","manually_enter_person":false,"person":"","name":"","role":"","phone":"","email":""},"helper_links_downloads":{"heading":"Links & Downloads","links":null}},"page_layout":[{"acf_fc_layout":"layout_wysiwyg","_acfe_flexible_toggle":"","component_wysiwyg":{"content":"<h2>Depuis 1970, Common Cause Massachusetts se bat pour des r\u00e9formes d\u00e9mocratiques globales.<\/h2>\r\n<strong>1973<\/strong> Adoption d&#039;une loi obligeant les lobbyistes \u00e0 s&#039;enregistrer et \u00e0 faire rapport\r\n\r\n<strong>1974<\/strong> Adoption de la loi sur les r\u00e9unions publiques et cr\u00e9ation du Bureau des campagnes et du financement politique\r\n\r\n<strong>1978<\/strong> Cr\u00e9ation de la Commission d&#039;\u00e9thique de l&#039;\u00c9tat et promulgation de la loi sur la divulgation financi\u00e8re et des mises \u00e0 jour de la loi sur les conflits d&#039;int\u00e9r\u00eats\r\n\r\n<strong>1980<\/strong> Cr\u00e9ation du Bureau d&#039;\u00c9tat de l&#039;Inspecteur g\u00e9n\u00e9ral\r\n\r\n<strong>1987<\/strong> Les contributions des comit\u00e9s d&#039;action politique aux politiciens sont limit\u00e9es\r\n\r\n<strong>1991<\/strong> Les efforts visant \u00e0 abolir et \u00e0 affaiblir les agences de surveillance de l&#039;\u00c9tat ont \u00e9t\u00e9 repouss\u00e9s\r\n\r\n<strong>1994<\/strong> Une r\u00e9forme du financement des campagnes \u00e9lectorales \u00e0 l&#039;\u00e9chelle de l&#039;\u00c9tat a \u00e9t\u00e9 adopt\u00e9e, augmentant la transparence et abaissant les limites des contributions aux campagnes.\r\n\r\n<strong>1998<\/strong> L&#039;initiative de vote pour une loi \u00e9lectorale propre est adopt\u00e9e\r\n\r\n<strong>2002<\/strong> Le bureau de l&#039;inspecteur g\u00e9n\u00e9ral sauv\u00e9 de l&#039;abrogation et l&#039;augmentation de salaire des dirigeants l\u00e9gislatifs rejet\u00e9e\r\n\r\n<strong>2004<\/strong> Les initiatives de r\u00e9forme du red\u00e9coupage \u00e9lectoral ont \u00e9t\u00e9 qualifi\u00e9es et adopt\u00e9es dans 15 districts\r\n\r\n<strong>2005<\/strong> La r\u00e9forme du red\u00e9coupage \u00e9lectoral recueille le soutien d&#039;une liste bipartite de candidats au poste de gouverneur et de 60 000 \u00e9lecteurs inscrits\r\n\r\n<strong>2006<\/strong> La campagne de Common Cause pour un gouvernement ouvert triple le nombre de villes et de communes publiant des informations de base sur Internet\r\n\r\n<strong>2008<\/strong> La loi sur le vote populaire national est adopt\u00e9e par les deux chambres et la loi sur l&#039;inscription le jour du scrutin est adopt\u00e9e par le S\u00e9nat\r\n\r\n<strong>2009<\/strong> Adoption d&#039;une loi compl\u00e8te sur l&#039;\u00e9thique, le lobbying et la divulgation du financement des campagnes\r\n\r\n<strong>2010<\/strong> La loi sur le vote populaire national a \u00e9t\u00e9 promulgu\u00e9e et sign\u00e9e par le gouverneur Deval Patrick\r\n\r\n<strong>2011<\/strong> Common Cause organise des Jeux olympiques de red\u00e9coupage et pousse la l\u00e9gislature \u00e0 adopter un processus de red\u00e9coupage ouvert et transparent, salu\u00e9 \u00e0 l&#039;\u00e9chelle nationale\r\n\r\n<strong>2012<\/strong> La l\u00e9gislature et 174 municipalit\u00e9s adoptent des r\u00e9solutions approuvant un amendement constitutionnel visant \u00e0 annuler Citizens United. La question du scrutin sur l&#039;amendement d\u00e9mocratique demandant un amendement constitutionnel est soutenue par 79% sur 1 000 000 d&#039;\u00e9lecteurs\r\n\r\n<strong>2014<\/strong> La loi MA Disclose Act exigeant une transparence historique pour les SuperPAC et la loi compl\u00e8te sur la modernisation des \u00e9lections, \u00e9tablissant le vote anticip\u00e9, l&#039;inscription en ligne, la pr\u00e9inscription, les audits du mat\u00e9riel \u00e9lectoral et plus encore, promulgu\u00e9es par la l\u00e9gislature\r\n\r\n<strong>2016<\/strong> Des mises \u00e0 jour cl\u00e9s ont \u00e9t\u00e9 ajout\u00e9es pour renforcer le MA Discclose Act et le vote anticip\u00e9 mis en \u0153uvre pour la premi\u00e8re fois dans le Massachusetts, largement consid\u00e9r\u00e9 comme un succ\u00e8s gr\u00e2ce au d\u00e9fi du vote anticip\u00e9\r\n\r\n<strong>2018<\/strong>\u00a0La loi sur l&#039;inscription automatique des \u00e9lecteurs est adopt\u00e9e par les deux chambres et sign\u00e9e par le gouverneur Charlie Baker\r\n\r\n<strong>2020 <\/strong>Le projet de loi sur les options de vote en r\u00e9ponse au COVID-19 a \u00e9t\u00e9 adopt\u00e9 par les deux chambres et sign\u00e9 par le gouverneur Charlie Baker, autorisant temporairement le vote par correspondance et prolongeant le vote anticip\u00e9.\r\n\r\n<strong>2022\u00a0<\/strong>La loi VOTES a \u00e9t\u00e9 adopt\u00e9e par la Chambre des repr\u00e9sentants et le S\u00e9nat et promulgu\u00e9e par le gouverneur Charlie Baker. Cette r\u00e9forme historique a rendu permanent le vote par correspondance sans excuse, a \u00e9tendu le vote anticip\u00e9 \u00e0 deux semaines, a renforc\u00e9 le vote en prison, a inscrit le Massachusetts au Centre d&#039;enregistrement et d&#039;information \u00e9lectroniques (ERIC) et a assur\u00e9 l&#039;enregistrement automatique des \u00e9lecteurs par le biais du registre des v\u00e9hicules \u00e0 moteur.\r\n\r\n<strong>2023\u00a0<\/strong>La loi No Cost Calls a \u00e9t\u00e9 adopt\u00e9e par la Chambre et le S\u00e9nat et a \u00e9t\u00e9 promulgu\u00e9e par le gouverneur Maura Healey, rendant ainsi les appels t\u00e9l\u00e9phoniques vers les prisons et les \u00e9tablissements p\u00e9nitentiaires gratuits dans le Massachusetts."}}]},"yoast_head":"<!-- This site is optimized with the Yoast SEO Premium plugin v26.6 (Yoast SEO v27.1.1) - https:\/\/yoast.com\/product\/yoast-seo-premium-wordpress\/ -->\n<title>Our History - Common Cause Massachusetts<\/title>\n<meta name=\"robots\" content=\"index, follow, max-snippet:-1, max-image-preview:large, max-video-preview:-1\" \/>\n<link rel=\"canonical\" href=\"https:\/\/www.commoncause.org\/massachusetts\/fr\/notre-histoire\/\" \/>\n<meta property=\"og:locale\" content=\"fr_FR\" \/>\n<meta property=\"og:type\" content=\"article\" \/>\n<meta property=\"og:title\" content=\"Our History\" \/>\n<meta property=\"og:url\" content=\"https:\/\/www.commoncause.org\/massachusetts\/fr\/notre-histoire\/\" \/>\n<meta property=\"og:site_name\" content=\"Common Cause Massachusetts\" \/>\n<meta property=\"article:modified_time\" content=\"2024-06-04T17:36:41+00:00\" \/>\n<meta property=\"og:image\" content=\"https:\/\/www.commoncause.org\/massachusetts\/wp-content\/uploads\/2024\/08\/common-cause-share-image.png\" \/>\n\t<meta property=\"og:image:width\" content=\"1200\" \/>\n\t<meta property=\"og:image:height\" content=\"630\" \/>\n\t<meta property=\"og:image:type\" content=\"image\/png\" \/>\n<meta name=\"twitter:card\" content=\"summary_large_image\" \/>\n<script type=\"application\/ld+json\" class=\"yoast-schema-graph\">{\"@context\":\"https:\/\/schema.org\",\"@graph\":[{\"@type\":\"WebPage\",\"@id\":\"https:\/\/www.commoncause.org\/massachusetts\/our-history\/\",\"url\":\"https:\/\/www.commoncause.org\/massachusetts\/our-history\/\",\"name\":\"Our History - Common Cause Massachusetts\",\"isPartOf\":{\"@id\":\"https:\/\/www.commoncause.org\/massachusetts\/#website\"},\"datePublished\":\"2018-03-13T21:53:40+00:00\",\"dateModified\":\"2024-06-04T17:36:41+00:00\",\"breadcrumb\":{\"@id\":\"https:\/\/www.commoncause.org\/massachusetts\/our-history\/#breadcrumb\"},\"inLanguage\":\"fr-FR\",\"potentialAction\":[{\"@type\":\"ReadAction\",\"target\":[\"https:\/\/www.commoncause.org\/massachusetts\/our-history\/\"]}]},{\"@type\":\"BreadcrumbList\",\"@id\":\"https:\/\/www.commoncause.org\/massachusetts\/our-history\/#breadcrumb\",\"itemListElement\":[{\"@type\":\"ListItem\",\"position\":1,\"name\":\"Home\",\"item\":\"https:\/\/www.commoncause.org\/massachusetts\/\"},{\"@type\":\"ListItem\",\"position\":2,\"name\":\"Our History\"}]},{\"@type\":\"WebSite\",\"@id\":\"https:\/\/www.commoncause.org\/massachusetts\/#website\",\"url\":\"https:\/\/www.commoncause.org\/massachusetts\/\",\"name\":\"Common Cause Massachusetts\",\"description\":\"\",\"potentialAction\":[{\"@type\":\"SearchAction\",\"target\":{\"@type\":\"EntryPoint\",\"urlTemplate\":\"https:\/\/www.commoncause.org\/massachusetts\/?s={search_term_string}\"},\"query-input\":{\"@type\":\"PropertyValueSpecification\",\"valueRequired\":true,\"valueName\":\"search_term_string\"}}],\"inLanguage\":\"fr-FR\"}]}<\/script>\n<!-- \/ Yoast SEO Premium plugin. -->","yoast_head_json":{"title":"Notre histoire \u2013 Common Cause Massachusetts","robots":{"index":"index","follow":"follow","max-snippet":"max-snippet:-1","max-image-preview":"max-image-preview:large","max-video-preview":"max-video-preview:-1"},"canonical":"https:\/\/www.commoncause.org\/massachusetts\/fr\/notre-histoire\/","og_locale":"fr_FR","og_type":"article","og_title":"Our History","og_url":"https:\/\/www.commoncause.org\/massachusetts\/fr\/notre-histoire\/","og_site_name":"Common Cause Massachusetts","article_modified_time":"2024-06-04T17:36:41+00:00","og_image":[{"width":1200,"height":630,"url":"https:\/\/www.commoncause.org\/massachusetts\/wp-content\/uploads\/2024\/08\/common-cause-share-image.png","type":"image\/png"}],"twitter_card":"summary_large_image","schema":{"@context":"https:\/\/schema.org","@graph":[{"@type":"WebPage","@id":"https:\/\/www.commoncause.org\/massachusetts\/our-history\/","url":"https:\/\/www.commoncause.org\/massachusetts\/our-history\/","name":"Notre histoire \u2013 Common Cause Massachusetts","isPartOf":{"@id":"https:\/\/www.commoncause.org\/massachusetts\/#website"},"datePublished":"2018-03-13T21:53:40+00:00","dateModified":"2024-06-04T17:36:41+00:00","breadcrumb":{"@id":"https:\/\/www.commoncause.org\/massachusetts\/our-history\/#breadcrumb"},"inLanguage":"fr-FR","potentialAction":[{"@type":"ReadAction","target":["https:\/\/www.commoncause.org\/massachusetts\/our-history\/"]}]},{"@type":"BreadcrumbList","@id":"https:\/\/www.commoncause.org\/massachusetts\/our-history\/#breadcrumb","itemListElement":[{"@type":"ListItem","position":1,"name":"Home","item":"https:\/\/www.commoncause.org\/massachusetts\/"},{"@type":"ListItem","position":2,"name":"Our History"}]},{"@type":"WebSite","@id":"https:\/\/www.commoncause.org\/massachusetts\/#website","url":"https:\/\/www.commoncause.org\/massachusetts\/","name":"Cause commune Massachusetts","description":"","potentialAction":[{"@type":"SearchAction","target":{"@type":"EntryPoint","urlTemplate":"https:\/\/www.commoncause.org\/massachusetts\/?s={search_term_string}"},"query-input":{"@type":"PropertyValueSpecification","valueRequired":true,"valueName":"search_term_string"}}],"inLanguage":"fr-FR"}]}},"distributor_meta":false,"distributor_terms":false,"distributor_media":false,"distributor_original_site_name":"Common Cause Massachusetts","distributor_original_site_url":"https:\/\/www.commoncause.org\/massachusetts\/fr","push-errors":false,"_links":{"self":[{"href":"https:\/\/www.commoncause.org\/massachusetts\/fr\/wp-json\/wp\/v2\/pages\/422","targetHints":{"allow":["GET"]}}],"collection":[{"href":"https:\/\/www.commoncause.org\/massachusetts\/fr\/wp-json\/wp\/v2\/pages"}],"about":[{"href":"https:\/\/www.commoncause.org\/massachusetts\/fr\/wp-json\/wp\/v2\/types\/page"}],"author":[{"embeddable":true,"href":"https:\/\/www.commoncause.org\/massachusetts\/fr\/wp-json\/wp\/v2\/users\/18"}],"replies":[{"embeddable":true,"href":"https:\/\/www.commoncause.org\/massachusetts\/fr\/wp-json\/wp\/v2\/comments?post=422"}],"version-history":[{"count":1,"href":"https:\/\/www.commoncause.org\/massachusetts\/fr\/wp-json\/wp\/v2\/pages\/422\/revisions"}],"predecessor-version":[{"id":607,"href":"https:\/\/www.commoncause.org\/massachusetts\/fr\/wp-json\/wp\/v2\/pages\/422\/revisions\/607"}],"wp:attachment":[{"href":"https:\/\/www.commoncause.org\/massachusetts\/fr\/wp-json\/wp\/v2\/media?parent=422"}],"curies":[{"name":"wp","href":"https:\/\/api.w.org\/{rel}","templated":true}]}}