{"id":422,"date":"2018-03-13T21:53:40","date_gmt":"2018-03-13T21:53:40","guid":{"rendered":"https:\/\/www.commoncause.org\/massachusetts\/our-history\/"},"modified":"2024-06-04T17:36:41","modified_gmt":"2024-06-04T17:36:41","slug":"our-history","status":"publish","type":"page","link":"https:\/\/www.commoncause.org\/massachusetts\/es\/nuestra-historia\/","title":{"rendered":"Nuestra Historia"},"content":{"rendered":"","protected":false},"excerpt":{"rendered":"","protected":false},"author":18,"featured_media":0,"parent":0,"menu_order":0,"comment_status":"closed","ping_status":"closed","template":"","meta":{"_acf_changed":false,"_relevanssi_hide_post":"","_relevanssi_hide_content":"","_relevanssi_pin_for_all":"","_relevanssi_pin_keywords":"","_relevanssi_unpin_keywords":"","_relevanssi_related_keywords":"","_relevanssi_related_include_ids":"","_relevanssi_related_exclude_ids":"","_relevanssi_related_no_append":"","_relevanssi_related_not_related":"","_relevanssi_related_posts":"","_relevanssi_noindex_reason":""},"class_list":["post-422","page","type-page","status-publish","hentry"],"acf":{"header":{"component_page_header":{"header_type":"default","title":"Nuestra Historia","lead":"Learn more about Common Cause Massachusetts' achievements throughout the past several decades.","image":6081,"subnavigation":false}},"sidebar":{"helper_enable_sidebar":false,"helper_media_contact":{"heading":"Media Contact","manually_enter_person":false,"person":"","name":"","role":"","phone":"","email":""},"helper_links_downloads":{"heading":"Links & Downloads","links":null}},"page_layout":[{"acf_fc_layout":"layout_wysiwyg","_acfe_flexible_toggle":"","component_wysiwyg":{"content":"<h2>Desde 1970, Common Cause Massachusetts ha luchado por reformas democr\u00e1ticas integrales.<\/h2>\r\n<strong>1973<\/strong> Aprobada ley que obliga a los lobbystas a registrarse y a informar\r\n\r\n<strong>1974<\/strong> Se promulga la Ley de Sesiones Abiertas y se crea la Oficina de Campa\u00f1as y Financiamiento Pol\u00edtico\r\n\r\n<strong>1978<\/strong> Se crea la Comisi\u00f3n Estatal de \u00c9tica y se promulga la Ley de Divulgaci\u00f3n Financiera y se actualiza la Ley de Conflictos de Intereses\r\n\r\n<strong>1980<\/strong> Se crea la Oficina Estatal del Inspector General\r\n\r\n<strong>1987<\/strong> Las contribuciones del comit\u00e9 de acci\u00f3n pol\u00edtica a los pol\u00edticos son limitadas\r\n\r\n<strong>1991<\/strong> Derrotado intento de abolir y debilitar agencias estatales de control\r\n\r\n<strong>1994<\/strong> Se aprob\u00f3 una reforma de financiaci\u00f3n de campa\u00f1as a nivel estatal que aumenta la divulgaci\u00f3n y reduce los l\u00edmites de las contribuciones a las campa\u00f1as\r\n\r\n<strong>1998<\/strong> Aprobada la iniciativa de ley de elecciones limpias\r\n\r\n<strong>2002<\/strong> La Oficina del Inspector General se salv\u00f3 de la derogaci\u00f3n y el aumento salarial de los l\u00edderes legislativos fue derrotado\r\n\r\n<strong>2004<\/strong> Las iniciativas de reforma de redistribuci\u00f3n de distritos fueron aprobadas en 15 distritos\r\n\r\n<strong>2005<\/strong> La reforma de redistribuci\u00f3n de distritos obtiene el respaldo de una lista bipartidista de candidatos a gobernador y de 60.000 votantes registrados\r\n\r\n<strong>2006<\/strong> La Campa\u00f1a por un Gobierno Abierto de Common Cause triplica el n\u00famero de ciudades y pueblos que publican informaci\u00f3n b\u00e1sica en Internet\r\n\r\n<strong>2008<\/strong> La legislaci\u00f3n sobre el voto popular nacional se aprueba en ambas c\u00e1maras y la legislaci\u00f3n sobre el registro el d\u00eda de las elecciones se aprueba en el Senado\r\n\r\n<strong>2009<\/strong> Se aprueba una legislaci\u00f3n integral sobre \u00e9tica, lobby y divulgaci\u00f3n de financiaci\u00f3n de campa\u00f1as\r\n\r\n<strong>2010<\/strong> El gobernador Deval Patrick promulg\u00f3 y firm\u00f3 la legislaci\u00f3n sobre votaci\u00f3n popular nacional\r\n\r\n<strong>2011<\/strong> Common Cause organiza Olimpiadas de Redistribuci\u00f3n de Distritos e impulsa a la legislatura a adoptar un proceso de redistribuci\u00f3n de distritos abierto y transparente aclamado a nivel nacional\r\n\r\n<strong>2012<\/strong> La legislatura y 174 municipios aprueban resoluciones que respaldan una enmienda constitucional para revocar Citizens United. La pregunta de la boleta electoral sobre la enmienda a la democracia que pide una enmienda constitucional cuenta con el apoyo de 791 TP3T de 1 000 000 de votantes\r\n\r\n<strong>2014<\/strong> Ley de divulgaci\u00f3n de Massachusetts que exige transparencia hist\u00f3rica para los SuperPAC y la Ley integral de modernizaci\u00f3n electoral, que establece la votaci\u00f3n anticipada, el registro en l\u00ednea, el prerregistro, las auditor\u00edas de los equipos electorales y m\u00e1s, promulgada por la legislatura\r\n\r\n<strong>2016<\/strong> Se agregaron actualizaciones clave para fortalecer la Ley de Divulgaci\u00f3n de Massachusetts y se implement\u00f3 la votaci\u00f3n anticipada por primera vez en Massachusetts, considerada ampliamente un \u00e9xito gracias al Desaf\u00edo de Votaci\u00f3n Anticipada\r\n\r\n<strong>2018<\/strong>\u00a0La legislaci\u00f3n sobre el registro autom\u00e1tico de votantes es aprobada por ambas c\u00e1maras y firmada por el gobernador Charlie Baker\r\n\r\n<strong>2020 <\/strong>La ley Save Vote Options in Response to COVID-19 fue aprobada por ambas c\u00e1maras y firmada por el gobernador Charlie Baker, lo que permite temporalmente el voto por correo y la votaci\u00f3n anticipada extendida.\r\n\r\n<strong>2022\u00a0<\/strong>La C\u00e1mara de Representantes y el Senado aprobaron la Ley VOTES, que fue firmada por el gobernador Charlie Baker. Esta reforma hist\u00f3rica hizo permanente el voto por correo sin excusas, extendi\u00f3 la votaci\u00f3n anticipada a dos semanas, fortaleci\u00f3 la votaci\u00f3n en las c\u00e1rceles, inscribi\u00f3 a Massachusetts en el Centro de Informaci\u00f3n y Registro Electr\u00f3nico (ERIC) y garantiz\u00f3 el registro autom\u00e1tico de votantes a trav\u00e9s del Registro de Veh\u00edculos Motorizados.\r\n\r\n<strong>2023\u00a0<\/strong>La ley No Cost Calls fue aprobada por la C\u00e1mara de Representantes y el Senado y fue firmada por la gobernadora Maura Healey, haciendo que las llamadas telef\u00f3nicas a c\u00e1rceles y prisiones sean gratuitas en Massachusetts."}}]},"yoast_head":"<!-- This site is optimized with the Yoast SEO Premium plugin v26.6 (Yoast SEO v27.1.1) - https:\/\/yoast.com\/product\/yoast-seo-premium-wordpress\/ -->\n<title>Our History - Common Cause Massachusetts<\/title>\n<meta name=\"robots\" content=\"index, follow, max-snippet:-1, max-image-preview:large, max-video-preview:-1\" \/>\n<link rel=\"canonical\" href=\"https:\/\/www.commoncause.org\/massachusetts\/es\/nuestra-historia\/\" \/>\n<meta property=\"og:locale\" content=\"es_MX\" \/>\n<meta property=\"og:type\" content=\"article\" \/>\n<meta property=\"og:title\" content=\"Our History\" \/>\n<meta property=\"og:url\" content=\"https:\/\/www.commoncause.org\/massachusetts\/es\/nuestra-historia\/\" \/>\n<meta property=\"og:site_name\" content=\"Common Cause Massachusetts\" \/>\n<meta property=\"article:modified_time\" content=\"2024-06-04T17:36:41+00:00\" \/>\n<meta property=\"og:image\" content=\"https:\/\/www.commoncause.org\/massachusetts\/wp-content\/uploads\/2024\/08\/common-cause-share-image.png\" \/>\n\t<meta property=\"og:image:width\" content=\"1200\" \/>\n\t<meta property=\"og:image:height\" content=\"630\" \/>\n\t<meta property=\"og:image:type\" content=\"image\/png\" \/>\n<meta name=\"twitter:card\" content=\"summary_large_image\" \/>\n<script type=\"application\/ld+json\" class=\"yoast-schema-graph\">{\"@context\":\"https:\/\/schema.org\",\"@graph\":[{\"@type\":\"WebPage\",\"@id\":\"https:\/\/www.commoncause.org\/massachusetts\/our-history\/\",\"url\":\"https:\/\/www.commoncause.org\/massachusetts\/our-history\/\",\"name\":\"Our History - Common Cause Massachusetts\",\"isPartOf\":{\"@id\":\"https:\/\/www.commoncause.org\/massachusetts\/#website\"},\"datePublished\":\"2018-03-13T21:53:40+00:00\",\"dateModified\":\"2024-06-04T17:36:41+00:00\",\"breadcrumb\":{\"@id\":\"https:\/\/www.commoncause.org\/massachusetts\/our-history\/#breadcrumb\"},\"inLanguage\":\"es\",\"potentialAction\":[{\"@type\":\"ReadAction\",\"target\":[\"https:\/\/www.commoncause.org\/massachusetts\/our-history\/\"]}]},{\"@type\":\"BreadcrumbList\",\"@id\":\"https:\/\/www.commoncause.org\/massachusetts\/our-history\/#breadcrumb\",\"itemListElement\":[{\"@type\":\"ListItem\",\"position\":1,\"name\":\"Home\",\"item\":\"https:\/\/www.commoncause.org\/massachusetts\/\"},{\"@type\":\"ListItem\",\"position\":2,\"name\":\"Our History\"}]},{\"@type\":\"WebSite\",\"@id\":\"https:\/\/www.commoncause.org\/massachusetts\/#website\",\"url\":\"https:\/\/www.commoncause.org\/massachusetts\/\",\"name\":\"Common Cause Massachusetts\",\"description\":\"\",\"potentialAction\":[{\"@type\":\"SearchAction\",\"target\":{\"@type\":\"EntryPoint\",\"urlTemplate\":\"https:\/\/www.commoncause.org\/massachusetts\/?s={search_term_string}\"},\"query-input\":{\"@type\":\"PropertyValueSpecification\",\"valueRequired\":true,\"valueName\":\"search_term_string\"}}],\"inLanguage\":\"es\"}]}<\/script>\n<!-- \/ Yoast SEO Premium plugin. -->","yoast_head_json":{"title":"Nuestra historia - Causa com\u00fan Massachusetts","robots":{"index":"index","follow":"follow","max-snippet":"max-snippet:-1","max-image-preview":"max-image-preview:large","max-video-preview":"max-video-preview:-1"},"canonical":"https:\/\/www.commoncause.org\/massachusetts\/es\/nuestra-historia\/","og_locale":"es_MX","og_type":"article","og_title":"Our History","og_url":"https:\/\/www.commoncause.org\/massachusetts\/es\/nuestra-historia\/","og_site_name":"Common Cause Massachusetts","article_modified_time":"2024-06-04T17:36:41+00:00","og_image":[{"width":1200,"height":630,"url":"https:\/\/www.commoncause.org\/massachusetts\/wp-content\/uploads\/2024\/08\/common-cause-share-image.png","type":"image\/png"}],"twitter_card":"summary_large_image","schema":{"@context":"https:\/\/schema.org","@graph":[{"@type":"WebPage","@id":"https:\/\/www.commoncause.org\/massachusetts\/our-history\/","url":"https:\/\/www.commoncause.org\/massachusetts\/our-history\/","name":"Nuestra historia - Causa com\u00fan Massachusetts","isPartOf":{"@id":"https:\/\/www.commoncause.org\/massachusetts\/#website"},"datePublished":"2018-03-13T21:53:40+00:00","dateModified":"2024-06-04T17:36:41+00:00","breadcrumb":{"@id":"https:\/\/www.commoncause.org\/massachusetts\/our-history\/#breadcrumb"},"inLanguage":"es","potentialAction":[{"@type":"ReadAction","target":["https:\/\/www.commoncause.org\/massachusetts\/our-history\/"]}]},{"@type":"BreadcrumbList","@id":"https:\/\/www.commoncause.org\/massachusetts\/our-history\/#breadcrumb","itemListElement":[{"@type":"ListItem","position":1,"name":"Home","item":"https:\/\/www.commoncause.org\/massachusetts\/"},{"@type":"ListItem","position":2,"name":"Our History"}]},{"@type":"WebSite","@id":"https:\/\/www.commoncause.org\/massachusetts\/#website","url":"https:\/\/www.commoncause.org\/massachusetts\/","name":"Causa com\u00fan Massachusetts","description":"","potentialAction":[{"@type":"SearchAction","target":{"@type":"EntryPoint","urlTemplate":"https:\/\/www.commoncause.org\/massachusetts\/?s={search_term_string}"},"query-input":{"@type":"PropertyValueSpecification","valueRequired":true,"valueName":"search_term_string"}}],"inLanguage":"es"}]}},"distributor_meta":false,"distributor_terms":false,"distributor_media":false,"distributor_original_site_name":"Common Cause Massachusetts","distributor_original_site_url":"https:\/\/www.commoncause.org\/massachusetts\/es","push-errors":false,"_links":{"self":[{"href":"https:\/\/www.commoncause.org\/massachusetts\/es\/wp-json\/wp\/v2\/pages\/422","targetHints":{"allow":["GET"]}}],"collection":[{"href":"https:\/\/www.commoncause.org\/massachusetts\/es\/wp-json\/wp\/v2\/pages"}],"about":[{"href":"https:\/\/www.commoncause.org\/massachusetts\/es\/wp-json\/wp\/v2\/types\/page"}],"author":[{"embeddable":true,"href":"https:\/\/www.commoncause.org\/massachusetts\/es\/wp-json\/wp\/v2\/users\/18"}],"replies":[{"embeddable":true,"href":"https:\/\/www.commoncause.org\/massachusetts\/es\/wp-json\/wp\/v2\/comments?post=422"}],"version-history":[{"count":1,"href":"https:\/\/www.commoncause.org\/massachusetts\/es\/wp-json\/wp\/v2\/pages\/422\/revisions"}],"predecessor-version":[{"id":607,"href":"https:\/\/www.commoncause.org\/massachusetts\/es\/wp-json\/wp\/v2\/pages\/422\/revisions\/607"}],"wp:attachment":[{"href":"https:\/\/www.commoncause.org\/massachusetts\/es\/wp-json\/wp\/v2\/media?parent=422"}],"curies":[{"name":"Gracias","href":"https:\/\/api.w.org\/{rel}","templated":true}]}}