{"id":47,"date":"2024-05-07T15:23:01","date_gmt":"2024-05-07T15:23:01","guid":{"rendered":"https:\/\/www.commoncause.org\/maryland\/home\/"},"modified":"2026-01-13T17:56:19","modified_gmt":"2026-01-13T22:56:19","slug":"trang-chu","status":"publish","type":"page","link":"https:\/\/www.commoncause.org\/maryland\/vi\/","title":{"rendered":"Trang ch\u1ee7 MD"},"content":{"rendered":"","protected":false},"excerpt":{"rendered":"","protected":false},"author":2,"featured_media":0,"parent":0,"menu_order":0,"comment_status":"closed","ping_status":"closed","template":"","meta":{"_acf_changed":false,"_relevanssi_hide_post":"","_relevanssi_hide_content":"","_relevanssi_pin_for_all":"","_relevanssi_pin_keywords":"","_relevanssi_unpin_keywords":"","_relevanssi_related_keywords":"","_relevanssi_related_include_ids":"","_relevanssi_related_exclude_ids":"","_relevanssi_related_no_append":"","_relevanssi_related_not_related":"","_relevanssi_related_posts":"","_relevanssi_noindex_reason":""},"class_list":["post-47","page","type-page","status-publish","hentry"],"acf":{"page_layout":[{"acf_fc_layout":"layout_latest_victory","_acfe_flexible_toggle":null,"component_latest_victory":{"manually_curate":true,"latest_content":"article","button_text":"Read About Our Victory","title":"Defending [highlight] Democracy [\/highlight] in Maryland","summary":"We're advocating for the people of Maryland and mobilizing members across the state to make their voices heard in Annapolis and in every county and municipality. The 2026 election cycle is here. Join our efforts to protect the vote.","button":{"title":"Join MD Election Protection","url":"https:\/\/www.commoncause.org\/maryland\/work\/election-protection\/","target":""},"image":6908,"darker":false}},{"acf_fc_layout":"layout_featured_work","_acfe_flexible_toggle":null,"component_featured_work":{"content_type":"work","button_text":"View This Campaign","secondary_link":null,"manually_curate":true,"small_title":"See what we're doing","large_title":"Check out our 2026 legislative priorities","summary":"Common Cause Maryland is bringing people together to fight for fair representation, accessible voting, restored voting rights, and people funded elections so our democracy serves everyday people, not just the powerful few. Learn about our priorities for the 2026 legislative session. ","button":{"title":"2026 Legislative Priorities","url":"https:\/\/www.commoncause.org\/maryland\/articles\/mdga26\/","target":""},"small_link":"","image":""}},{"acf_fc_layout":"layout_about_us","_acfe_flexible_toggle":null,"component_about_us":{"intro_title":"About Us","main_title":"Building a Government that Works for [highlight]All Marylanders[\/highlight]","summary":"Founded in 1974, Common Cause Maryland is one of the state\u2019s most effective watchdog groups and has been a strong force for reform at the state and local levels.\r\n\r\nWith the support of our members, Common Cause Maryland wins concrete, pro-democracy reforms that break down barriers to participation, promote accountability, and ensure that each of us has a voice.","button":{"title":"Discover Our Impact","url":"https:\/\/www.commoncause.org\/maryland\/our-impact\/","target":""},"image":33498}},{"acf_fc_layout":"layout_featured_action","_acfe_flexible_toggle":null,"component_featured_action":{"action_to_show":"manual","image_side":"right","action":["{\"site_id\":\"1\",\"post_type\":\"act\",\"post_id\":14033}"],"title":"\u1ee6ng h\u1ed9 \u0110\u1ea1o lu\u1eadt Quy\u1ec1n B\u1ea7u c\u1eed c\u1ee7a Maryland","summary":"Voting rights are under attack nationwide, and Maryland must act now to protect voters. The Maryland Voting Rights Act (MDVRA) will ensure every voter in our state\u2014regardless of race, zip code, or language\u2014has equal access to the ballot box. Sign our petition today to demand the General Assembly pass the MDVRA!","post_link":{"title":"Sign on in support of the MDVRA","url":"https:\/\/act.commoncause.org\/petitions\/protect-voting-rights-in-maryland-support-the-mdvra?source=direct_link&","target":""},"secondary_link":""}},{"acf_fc_layout":"layout_email_signup","_acfe_flexible_toggle":null,"component_email_signup":{"":null,"small_title":"Sign up for breaking news and action alerts about democracy in Maryland and nationwide.","large_title":"JOIN OUR MOVEMENT","action_network_embed":"","disclaimer":"*Opt in to mobile messages from Common Cause. Message and data rates apply. Reply STOP to unsubscribe. Reply HELP for help. Periodic messages with updates and news about our work. Privacy policy & ToS."}},{"acf_fc_layout":"layout_statistics","_acfe_flexible_toggle":null,"component_statistics":{"title":"Trong nhi\u1ec1u n\u0103m qua, t\u1ed5 ch\u1ee9c Common Cause Maryland \u0111\u00e3 ho\u1ea1t \u0111\u1ed9ng tr\u00ean kh\u1eafp ti\u1ec3u bang v\u00ec m\u1ed9t n\u1ec1n d\u00e2n ch\u1ee7 m\u1ea1nh m\u1ebd h\u01a1n v\u00e0 th\u1ef1c s\u1ef1 to\u00e0n di\u1ec7n.","statistics":[{"component_statistic":{"number":"32k","text":"Members and supporters","source":"People like you power everything that we do for our democracy."}},{"component_statistic":{"number":"24","text":"Counties with Common Cause Maryland Members","source":"Our supporters live and take action in every corner of our state."}},{"component_statistic":{"number":"25","text":"State organizations in our network","source":""}}]}},{"acf_fc_layout":"layout_map","_acfe_flexible_toggle":null,"component_map":{"":null}}]},"yoast_head":"<!-- This site is optimized with the Yoast SEO Premium plugin v26.6 (Yoast SEO v27.1.1) - https:\/\/yoast.com\/product\/yoast-seo-premium-wordpress\/ -->\n<title>Common Cause: Fighting For The Democracy We Deserve - Common Cause Maryland<\/title>\n<meta name=\"description\" content=\"With the support of over 1.5 million members, Common Cause wins concrete, pro-democracy reforms that break down barriers to participation, promote accountability, and ensure that each of us has a voice.\" \/>\n<meta name=\"robots\" content=\"index, follow, max-snippet:-1, max-image-preview:large, max-video-preview:-1\" \/>\n<link rel=\"canonical\" href=\"https:\/\/www.commoncause.org\/maryland\/vi\/\" \/>\n<meta property=\"og:locale\" content=\"vi_VN\" \/>\n<meta property=\"og:type\" content=\"article\" \/>\n<meta property=\"og:title\" content=\"MD Home\" \/>\n<meta property=\"og:description\" content=\"With the support of over 1.5 million members, Common Cause wins concrete, pro-democracy reforms that break down barriers to participation, promote accountability, and ensure that each of us has a voice.\" \/>\n<meta property=\"og:url\" content=\"https:\/\/www.commoncause.org\/maryland\/vi\/\" \/>\n<meta property=\"og:site_name\" content=\"Common Cause Maryland\" \/>\n<meta property=\"article:modified_time\" content=\"2026-01-13T22:56:19+00:00\" \/>\n<meta property=\"og:image\" content=\"https:\/\/www.commoncause.org\/maryland\/wp-content\/uploads\/2024\/08\/common-cause-share-image.png\" \/>\n\t<meta property=\"og:image:width\" content=\"1200\" \/>\n\t<meta property=\"og:image:height\" content=\"630\" \/>\n\t<meta property=\"og:image:type\" content=\"image\/png\" \/>\n<meta name=\"twitter:card\" content=\"summary_large_image\" \/>\n<script type=\"application\/ld+json\" class=\"yoast-schema-graph\">{\"@context\":\"https:\/\/schema.org\",\"@graph\":[{\"@type\":\"WebPage\",\"@id\":\"https:\/\/www.commoncause.org\/maryland\/\",\"url\":\"https:\/\/www.commoncause.org\/maryland\/\",\"name\":\"Common Cause: Fighting For The Democracy We Deserve - Common Cause Maryland\",\"isPartOf\":{\"@id\":\"https:\/\/www.commoncause.org\/maryland\/#website\"},\"datePublished\":\"2024-05-07T15:23:01+00:00\",\"dateModified\":\"2026-01-13T22:56:19+00:00\",\"description\":\"With the support of over 1.5 million members, Common Cause wins concrete, pro-democracy reforms that break down barriers to participation, promote accountability, and ensure that each of us has a voice.\",\"breadcrumb\":{\"@id\":\"https:\/\/www.commoncause.org\/maryland\/#breadcrumb\"},\"inLanguage\":\"vi\",\"potentialAction\":[{\"@type\":\"ReadAction\",\"target\":[\"https:\/\/www.commoncause.org\/maryland\/\"]}]},{\"@type\":\"BreadcrumbList\",\"@id\":\"https:\/\/www.commoncause.org\/maryland\/#breadcrumb\",\"itemListElement\":[{\"@type\":\"ListItem\",\"position\":1,\"name\":\"Home\",\"item\":\"https:\/\/www.commoncause.org\/maryland\/\"},{\"@type\":\"ListItem\",\"position\":2,\"name\":\"MD Home\"}]},{\"@type\":\"WebSite\",\"@id\":\"https:\/\/www.commoncause.org\/maryland\/#website\",\"url\":\"https:\/\/www.commoncause.org\/maryland\/\",\"name\":\"Common Cause Maryland\",\"description\":\"\",\"potentialAction\":[{\"@type\":\"SearchAction\",\"target\":{\"@type\":\"EntryPoint\",\"urlTemplate\":\"https:\/\/www.commoncause.org\/maryland\/?s={search_term_string}\"},\"query-input\":{\"@type\":\"PropertyValueSpecification\",\"valueRequired\":true,\"valueName\":\"search_term_string\"}}],\"inLanguage\":\"vi\"}]}<\/script>\n<!-- \/ Yoast SEO Premium plugin. -->","yoast_head_json":{"title":"Nguy\u00ean nh\u00e2n chung: \u0110\u1ea5u tranh cho n\u1ec1n d\u00e2n ch\u1ee7 m\u00e0 ch\u00fang ta x\u1ee9ng \u0111\u00e1ng - Nguy\u00ean nh\u00e2n chung Maryland","description":"V\u1edbi s\u1ef1 \u1ee7ng h\u1ed9 c\u1ee7a h\u01a1n 1,5 tri\u1ec7u th\u00e0nh vi\u00ean, Common Cause gi\u00e0nh \u0111\u01b0\u1ee3c nh\u1eefng c\u1ea3i c\u00e1ch c\u1ee5 th\u1ec3, \u1ee7ng h\u1ed9 d\u00e2n ch\u1ee7, ph\u00e1 b\u1ecf r\u00e0o c\u1ea3n tham gia, th\u00fac \u0111\u1ea9y tr\u00e1ch nhi\u1ec7m gi\u1ea3i tr\u00ecnh v\u00e0 \u0111\u1ea3m b\u1ea3o r\u1eb1ng m\u1ed7i ng\u01b0\u1eddi ch\u00fang ta \u0111\u1ec1u c\u00f3 ti\u1ebfng n\u00f3i.","robots":{"index":"index","follow":"follow","max-snippet":"max-snippet:-1","max-image-preview":"max-image-preview:large","max-video-preview":"max-video-preview:-1"},"canonical":"https:\/\/www.commoncause.org\/maryland\/vi\/","og_locale":"vi_VN","og_type":"article","og_title":"MD Home","og_description":"With the support of over 1.5 million members, Common Cause wins concrete, pro-democracy reforms that break down barriers to participation, promote accountability, and ensure that each of us has a voice.","og_url":"https:\/\/www.commoncause.org\/maryland\/vi\/","og_site_name":"Common Cause Maryland","article_modified_time":"2026-01-13T22:56:19+00:00","og_image":[{"width":1200,"height":630,"url":"https:\/\/www.commoncause.org\/maryland\/wp-content\/uploads\/2024\/08\/common-cause-share-image.png","type":"image\/png"}],"twitter_card":"summary_large_image","schema":{"@context":"https:\/\/schema.org","@graph":[{"@type":"WebPage","@id":"https:\/\/www.commoncause.org\/maryland\/","url":"https:\/\/www.commoncause.org\/maryland\/","name":"Nguy\u00ean nh\u00e2n chung: \u0110\u1ea5u tranh cho n\u1ec1n d\u00e2n ch\u1ee7 m\u00e0 ch\u00fang ta x\u1ee9ng \u0111\u00e1ng - Nguy\u00ean nh\u00e2n chung Maryland","isPartOf":{"@id":"https:\/\/www.commoncause.org\/maryland\/#website"},"datePublished":"2024-05-07T15:23:01+00:00","dateModified":"2026-01-13T22:56:19+00:00","description":"V\u1edbi s\u1ef1 \u1ee7ng h\u1ed9 c\u1ee7a h\u01a1n 1,5 tri\u1ec7u th\u00e0nh vi\u00ean, Common Cause gi\u00e0nh \u0111\u01b0\u1ee3c nh\u1eefng c\u1ea3i c\u00e1ch c\u1ee5 th\u1ec3, \u1ee7ng h\u1ed9 d\u00e2n ch\u1ee7, ph\u00e1 b\u1ecf r\u00e0o c\u1ea3n tham gia, th\u00fac \u0111\u1ea9y tr\u00e1ch nhi\u1ec7m gi\u1ea3i tr\u00ecnh v\u00e0 \u0111\u1ea3m b\u1ea3o r\u1eb1ng m\u1ed7i ng\u01b0\u1eddi ch\u00fang ta \u0111\u1ec1u c\u00f3 ti\u1ebfng n\u00f3i.","breadcrumb":{"@id":"https:\/\/www.commoncause.org\/maryland\/#breadcrumb"},"inLanguage":"vi","potentialAction":[{"@type":"ReadAction","target":["https:\/\/www.commoncause.org\/maryland\/"]}]},{"@type":"BreadcrumbList","@id":"https:\/\/www.commoncause.org\/maryland\/#breadcrumb","itemListElement":[{"@type":"ListItem","position":1,"name":"Home","item":"https:\/\/www.commoncause.org\/maryland\/"},{"@type":"ListItem","position":2,"name":"MD Home"}]},{"@type":"WebSite","@id":"https:\/\/www.commoncause.org\/maryland\/#website","url":"https:\/\/www.commoncause.org\/maryland\/","name":"Nguy\u00ean nh\u00e2n chung Maryland","description":"","potentialAction":[{"@type":"SearchAction","target":{"@type":"EntryPoint","urlTemplate":"https:\/\/www.commoncause.org\/maryland\/?s={search_term_string}"},"query-input":{"@type":"PropertyValueSpecification","valueRequired":true,"valueName":"search_term_string"}}],"inLanguage":"vi"}]}},"distributor_meta":false,"distributor_terms":false,"distributor_media":false,"distributor_original_site_name":"Common Cause Maryland","distributor_original_site_url":"https:\/\/www.commoncause.org\/maryland\/vi","push-errors":false,"_links":{"self":[{"href":"https:\/\/www.commoncause.org\/maryland\/vi\/wp-json\/wp\/v2\/pages\/47","targetHints":{"allow":["GET"]}}],"collection":[{"href":"https:\/\/www.commoncause.org\/maryland\/vi\/wp-json\/wp\/v2\/pages"}],"about":[{"href":"https:\/\/www.commoncause.org\/maryland\/vi\/wp-json\/wp\/v2\/types\/page"}],"author":[{"embeddable":true,"href":"https:\/\/www.commoncause.org\/maryland\/vi\/wp-json\/wp\/v2\/users\/2"}],"replies":[{"embeddable":true,"href":"https:\/\/www.commoncause.org\/maryland\/vi\/wp-json\/wp\/v2\/comments?post=47"}],"version-history":[{"count":40,"href":"https:\/\/www.commoncause.org\/maryland\/vi\/wp-json\/wp\/v2\/pages\/47\/revisions"}],"predecessor-version":[{"id":2300,"href":"https:\/\/www.commoncause.org\/maryland\/vi\/wp-json\/wp\/v2\/pages\/47\/revisions\/2300"}],"wp:attachment":[{"href":"https:\/\/www.commoncause.org\/maryland\/vi\/wp-json\/wp\/v2\/media?parent=47"}],"curies":[{"name":"wp","href":"https:\/\/api.w.org\/{rel}","templated":true}]}}