{"id":27,"date":"2024-05-07T13:51:58","date_gmt":"2024-05-07T13:51:58","guid":{"rendered":"https:\/\/www.commoncause.org\/maryland\/contact\/"},"modified":"2025-03-06T12:36:38","modified_gmt":"2025-03-06T17:36:38","slug":"lien-he","status":"publish","type":"page","link":"https:\/\/www.commoncause.org\/maryland\/vi\/contact\/","title":{"rendered":"Li\u00ean h\u1ec7 MD"},"content":{"rendered":"","protected":false},"excerpt":{"rendered":"","protected":false},"author":2,"featured_media":0,"parent":0,"menu_order":0,"comment_status":"closed","ping_status":"closed","template":"","meta":{"_acf_changed":false,"_relevanssi_hide_post":"","_relevanssi_hide_content":"","_relevanssi_pin_for_all":"","_relevanssi_pin_keywords":"","_relevanssi_unpin_keywords":"","_relevanssi_related_keywords":"","_relevanssi_related_include_ids":"","_relevanssi_related_exclude_ids":"","_relevanssi_related_no_append":"","_relevanssi_related_not_related":"","_relevanssi_related_posts":"","_relevanssi_noindex_reason":""},"class_list":["post-27","page","type-page","status-publish","hentry"],"acf":{"header":{"component_page_header":{"header_type":"default","title":"","lead":"","image":6795,"subnavigation":false}},"sidebar":{"helper_enable_sidebar":false,"helper_media_contact":{"heading":"Media Contact","manually_enter_person":false,"person":"","name":"","role":"","phone":"","email":""},"helper_links_downloads":{"heading":"Links & Downloads","links":null}},"page_layout":[{"acf_fc_layout":"layout_wysiwyg","_acfe_flexible_toggle":"","component_wysiwyg":{"content":"<div class=\"col-xs-12 col-md-8\">\r\n<h2>Li\u00ean h\u1ec7<\/h2>\r\nCommon Cause Maryland cam k\u1ebft th\u00fac \u0111\u1ea9y m\u1ed9t ch\u00ednh ph\u1ee7 trung th\u1ef1c, c\u1edfi m\u1edf v\u00e0 c\u00f3 tr\u00e1ch nhi\u1ec7m, c\u0169ng nh\u01b0 khuy\u1ebfn kh\u00edch s\u1ef1 tham gia c\u1ee7a ng\u01b0\u1eddi d\u00e2n v\u00e0o n\u1ec1n d\u00e2n ch\u1ee7. Ch\u00fang t\u00f4i quan t\u00e2m \u0111\u1ebfn \u00fd ki\u1ebfn c\u1ee7a c\u00e1c th\u00e0nh vi\u00ean v\u00e0 ng\u01b0\u1eddi \u1ee7ng h\u1ed9. N\u1ebfu b\u1ea1n c\u00f3 th\u1eafc m\u1eafc v\u1ec1 c\u00e1c ho\u1ea1t \u0111\u1ed9ng c\u1ed9ng \u0111\u1ed3ng c\u1ee7a ch\u00fang t\u00f4i, vui l\u00f2ng g\u1eedi email cho ch\u00fang t\u00f4i theo \u0111\u1ecba ch\u1ec9 <a href=\"mailto:CCMD@commoncause.org\">CCMD@commoncause.org<\/a> ho\u1eb7c s\u1eed d\u1ee5ng m\u1eabu d\u01b0\u1edbi \u0111\u00e2y. N\u1ebfu b\u1ea1n c\u00f3 b\u1ea5t k\u1ef3 c\u00e2u h\u1ecfi n\u00e0o v\u1ec1 quy\u00ean g\u00f3p (tr\u1ef1c tuy\u1ebfn ho\u1eb7c ngo\u1ea1i tuy\u1ebfn) ho\u1eb7c t\u01b0 c\u00e1ch th\u00e0nh vi\u00ean c\u1ee7a Common Cause, vui l\u00f2ng g\u1eedi email cho ch\u00fang t\u00f4i theo \u0111\u1ecba ch\u1ec9 <a href=\"mailto:giving@commoncause.org\">giving@commoncause.org<\/a>. N\u1ebfu b\u1ea1n l\u00e0 th\u00e0nh vi\u00ean c\u1ee7a ph\u01b0\u01a1ng ti\u1ec7n truy\u1ec1n th\u00f4ng, vui l\u00f2ng g\u1eedi email cho ch\u00fang t\u00f4i theo \u0111\u1ecba ch\u1ec9 <a href=\"mailto:dvance@commoncause.org\">dvance@commoncause.org<\/a>.\r\n\r\n<\/div>"}},{"acf_fc_layout":"layout_email_signup","_acfe_flexible_toggle":"","component_email_signup":{"":null,"small_title":"","large_title":"","action_network_embed":"","disclaimer":""}}]},"yoast_head":"<!-- This site is optimized with the Yoast SEO Premium plugin v26.6 (Yoast SEO v27.1.1) - https:\/\/yoast.com\/product\/yoast-seo-premium-wordpress\/ -->\n<title>MD Contact - Common Cause Maryland<\/title>\n<meta name=\"robots\" content=\"index, follow, max-snippet:-1, max-image-preview:large, max-video-preview:-1\" \/>\n<link rel=\"canonical\" href=\"https:\/\/www.commoncause.org\/maryland\/vi\/lien-he\/\" \/>\n<meta property=\"og:locale\" content=\"vi_VN\" \/>\n<meta property=\"og:type\" content=\"article\" \/>\n<meta property=\"og:title\" content=\"MD Contact\" \/>\n<meta property=\"og:url\" content=\"https:\/\/www.commoncause.org\/maryland\/vi\/lien-he\/\" \/>\n<meta property=\"og:site_name\" content=\"Common Cause Maryland\" \/>\n<meta property=\"article:modified_time\" content=\"2025-03-06T17:36:38+00:00\" \/>\n<meta property=\"og:image\" content=\"https:\/\/www.commoncause.org\/maryland\/wp-content\/uploads\/2024\/08\/common-cause-share-image.png\" \/>\n\t<meta property=\"og:image:width\" content=\"1200\" \/>\n\t<meta property=\"og:image:height\" content=\"630\" \/>\n\t<meta property=\"og:image:type\" content=\"image\/png\" \/>\n<meta name=\"twitter:card\" content=\"summary_large_image\" \/>\n<script type=\"application\/ld+json\" class=\"yoast-schema-graph\">{\"@context\":\"https:\/\/schema.org\",\"@graph\":[{\"@type\":\"WebPage\",\"@id\":\"https:\/\/www.commoncause.org\/maryland\/contact\/\",\"url\":\"https:\/\/www.commoncause.org\/maryland\/contact\/\",\"name\":\"MD Contact - Common Cause Maryland\",\"isPartOf\":{\"@id\":\"https:\/\/www.commoncause.org\/maryland\/#website\"},\"datePublished\":\"2024-05-07T13:51:58+00:00\",\"dateModified\":\"2025-03-06T17:36:38+00:00\",\"breadcrumb\":{\"@id\":\"https:\/\/www.commoncause.org\/maryland\/contact\/#breadcrumb\"},\"inLanguage\":\"vi\",\"potentialAction\":[{\"@type\":\"ReadAction\",\"target\":[\"https:\/\/www.commoncause.org\/maryland\/contact\/\"]}]},{\"@type\":\"BreadcrumbList\",\"@id\":\"https:\/\/www.commoncause.org\/maryland\/contact\/#breadcrumb\",\"itemListElement\":[{\"@type\":\"ListItem\",\"position\":1,\"name\":\"Home\",\"item\":\"https:\/\/www.commoncause.org\/maryland\/\"},{\"@type\":\"ListItem\",\"position\":2,\"name\":\"MD Contact\"}]},{\"@type\":\"WebSite\",\"@id\":\"https:\/\/www.commoncause.org\/maryland\/#website\",\"url\":\"https:\/\/www.commoncause.org\/maryland\/\",\"name\":\"Common Cause Maryland\",\"description\":\"\",\"potentialAction\":[{\"@type\":\"SearchAction\",\"target\":{\"@type\":\"EntryPoint\",\"urlTemplate\":\"https:\/\/www.commoncause.org\/maryland\/?s={search_term_string}\"},\"query-input\":{\"@type\":\"PropertyValueSpecification\",\"valueRequired\":true,\"valueName\":\"search_term_string\"}}],\"inLanguage\":\"vi\"}]}<\/script>\n<!-- \/ Yoast SEO Premium plugin. -->","yoast_head_json":{"title":"Li\u00ean h\u1ec7 MD - Common Cause Maryland","robots":{"index":"index","follow":"follow","max-snippet":"max-snippet:-1","max-image-preview":"max-image-preview:large","max-video-preview":"max-video-preview:-1"},"canonical":"https:\/\/www.commoncause.org\/maryland\/vi\/lien-he\/","og_locale":"vi_VN","og_type":"article","og_title":"MD Contact","og_url":"https:\/\/www.commoncause.org\/maryland\/vi\/lien-he\/","og_site_name":"Common Cause Maryland","article_modified_time":"2025-03-06T17:36:38+00:00","og_image":[{"width":1200,"height":630,"url":"https:\/\/www.commoncause.org\/maryland\/wp-content\/uploads\/2024\/08\/common-cause-share-image.png","type":"image\/png"}],"twitter_card":"summary_large_image","schema":{"@context":"https:\/\/schema.org","@graph":[{"@type":"WebPage","@id":"https:\/\/www.commoncause.org\/maryland\/contact\/","url":"https:\/\/www.commoncause.org\/maryland\/contact\/","name":"Li\u00ean h\u1ec7 MD - Common Cause Maryland","isPartOf":{"@id":"https:\/\/www.commoncause.org\/maryland\/#website"},"datePublished":"2024-05-07T13:51:58+00:00","dateModified":"2025-03-06T17:36:38+00:00","breadcrumb":{"@id":"https:\/\/www.commoncause.org\/maryland\/contact\/#breadcrumb"},"inLanguage":"vi","potentialAction":[{"@type":"ReadAction","target":["https:\/\/www.commoncause.org\/maryland\/contact\/"]}]},{"@type":"BreadcrumbList","@id":"https:\/\/www.commoncause.org\/maryland\/contact\/#breadcrumb","itemListElement":[{"@type":"ListItem","position":1,"name":"Home","item":"https:\/\/www.commoncause.org\/maryland\/"},{"@type":"ListItem","position":2,"name":"MD Contact"}]},{"@type":"WebSite","@id":"https:\/\/www.commoncause.org\/maryland\/#website","url":"https:\/\/www.commoncause.org\/maryland\/","name":"Nguy\u00ean nh\u00e2n chung Maryland","description":"","potentialAction":[{"@type":"SearchAction","target":{"@type":"EntryPoint","urlTemplate":"https:\/\/www.commoncause.org\/maryland\/?s={search_term_string}"},"query-input":{"@type":"PropertyValueSpecification","valueRequired":true,"valueName":"search_term_string"}}],"inLanguage":"vi"}]}},"distributor_meta":false,"distributor_terms":false,"distributor_media":false,"distributor_original_site_name":"Common Cause Maryland","distributor_original_site_url":"https:\/\/www.commoncause.org\/maryland\/vi","push-errors":false,"_links":{"self":[{"href":"https:\/\/www.commoncause.org\/maryland\/vi\/wp-json\/wp\/v2\/pages\/27","targetHints":{"allow":["GET"]}}],"collection":[{"href":"https:\/\/www.commoncause.org\/maryland\/vi\/wp-json\/wp\/v2\/pages"}],"about":[{"href":"https:\/\/www.commoncause.org\/maryland\/vi\/wp-json\/wp\/v2\/types\/page"}],"author":[{"embeddable":true,"href":"https:\/\/www.commoncause.org\/maryland\/vi\/wp-json\/wp\/v2\/users\/2"}],"replies":[{"embeddable":true,"href":"https:\/\/www.commoncause.org\/maryland\/vi\/wp-json\/wp\/v2\/comments?post=27"}],"version-history":[{"count":9,"href":"https:\/\/www.commoncause.org\/maryland\/vi\/wp-json\/wp\/v2\/pages\/27\/revisions"}],"predecessor-version":[{"id":2021,"href":"https:\/\/www.commoncause.org\/maryland\/vi\/wp-json\/wp\/v2\/pages\/27\/revisions\/2021"}],"wp:attachment":[{"href":"https:\/\/www.commoncause.org\/maryland\/vi\/wp-json\/wp\/v2\/media?parent=27"}],"curies":[{"name":"wp","href":"https:\/\/api.w.org\/{rel}","templated":true}]}}