{"id":22,"date":"2024-05-07T13:47:31","date_gmt":"2024-05-07T13:47:31","guid":{"rendered":"https:\/\/www.commoncause.org\/maryland\/our-impact\/"},"modified":"2025-03-14T15:37:11","modified_gmt":"2025-03-14T19:37:11","slug":"tac-dong-cua-chung-toi","status":"publish","type":"page","link":"https:\/\/www.commoncause.org\/maryland\/vi\/our-impact\/","title":{"rendered":"T\u00e1c \u0111\u1ed9ng c\u1ee7a ch\u00fang t\u00f4i"},"content":{"rendered":"","protected":false},"excerpt":{"rendered":"","protected":false},"author":1,"featured_media":0,"parent":0,"menu_order":0,"comment_status":"closed","ping_status":"closed","template":"","meta":{"_acf_changed":false,"_relevanssi_hide_post":"","_relevanssi_hide_content":"","_relevanssi_pin_for_all":"","_relevanssi_pin_keywords":"","_relevanssi_unpin_keywords":"","_relevanssi_related_keywords":"","_relevanssi_related_include_ids":"","_relevanssi_related_exclude_ids":"","_relevanssi_related_no_append":"","_relevanssi_related_not_related":"","_relevanssi_related_posts":"","_relevanssi_noindex_reason":""},"class_list":["post-22","page","type-page","status-publish","hentry"],"acf":{"header":{"component_page_header":{"header_type":"background","title":"T\u00e1c \u0111\u1ed9ng c\u1ee7a ch\u00fang t\u00f4i","lead":"Common Cause Maryland has been fighting for and winning key democracy reforms since our founding in 1974.","image":"","subnavigation":false}},"sidebar":{"helper_enable_sidebar":false,"helper_media_contact":{"heading":"","manually_enter_person":false,"person":"","name":"","role":"","phone":"","email":""},"helper_links_downloads":{"heading":"","links":null}},"page_layout":[{"acf_fc_layout":"layout_wysiwyg","_acfe_flexible_toggle":"","component_wysiwyg":{"content":"<h4>Common Cause Maryland \u0111\u00e3 \u0111\u1ea5u tranh v\u00e0 gi\u00e0nh \u0111\u01b0\u1ee3c nh\u1eefng c\u1ea3i c\u00e1ch d\u00e2n ch\u1ee7 quan tr\u1ecdng k\u1ec3 t\u1eeb khi th\u00e0nh l\u1eadp v\u00e0o n\u0103m 1974.<\/h4>\r\nV\u1edbi s\u1ef1 \u1ee7ng h\u1ed9 c\u1ee7a c\u00e1c th\u00e0nh vi\u00ean t\u1eadn t\u1ee5y, ch\u00fang t\u00f4i \u0111\u00e3 nhi\u1ec1u l\u1ea7n xu\u1ea5t hi\u1ec7n \u0111\u1ec3 b\u1ea3o v\u1ec7 quy\u1ec1n l\u1ee3i c\u1ee7a ng\u01b0\u1eddi d\u00e2n Maryland. Ch\u00fang t\u00f4i \u0111\u00e3 n\u1ed7 l\u1ef1c b\u1ea3o v\u1ec7 c\u1eed tri, h\u1ea1n ch\u1ebf \u1ea3nh h\u01b0\u1edfng c\u1ee7a gi\u1edbi t\u00e0i phi\u1ec7t \u0111\u1ed1i v\u1edbi c\u00e1c cu\u1ed9c b\u1ea7u c\u1eed, c\u1ea3i thi\u1ec7n t\u00ednh minh b\u1ea1ch trong ch\u00ednh ph\u1ee7, ch\u1ea5m d\u1ee9t t\u00ecnh tr\u1ea1ng ph\u00e2n chia khu v\u1ef1c b\u1ea7u c\u1eed theo \u0111\u1ea3ng ph\u00e1i v\u00e0 ch\u1ee7ng t\u1ed9c, c\u00f9ng nhi\u1ec1u ho\u1ea1t \u0111\u1ed9ng kh\u00e1c. Ch\u00fang t\u00f4i s\u1ebd ti\u1ebfp t\u1ee5c l\u00e0m cho ch\u00ednh ph\u1ee7 Maryland c\u1ee7a ch\u00fang ta c\u1edfi m\u1edf, trung th\u1ef1c v\u00e0 c\u00f3 tr\u00e1ch nhi\u1ec7m h\u01a1n.\r\n<h4><strong>H\u00e3y c\u00f9ng xem m\u1ed9t s\u1ed1 chi\u1ebfn th\u1eafng c\u00f3 s\u1ee9c \u1ea3nh h\u01b0\u1edfng nh\u1ea5t c\u1ee7a ch\u00fang t\u00f4i trong th\u1eadp k\u1ef7 qua:<\/strong><\/h4>"}},{"acf_fc_layout":"layout_timeline","_acfe_flexible_toggle":"","component_timeline":{"years":[{"title":"2014-2019","wysiwyg":"<strong>2014:<\/strong> Common Cause Maryland worked with the Montgomery County Council to make history. The Council unanimously passed Bill 16-14, creating the first local program in Maryland for small-donor fair elections called the Public Election Fund.\r\n\r\n<strong>2015:<\/strong> As part of the Unlock the Vote coalition, Common Cause Maryland helped to restore\u00a0voting rights for approximately 40,000 citizens who live in their communities but could not vote because of a criminal conviction in their past. The General Assembly voted to override the veto on the rights restoration bill in 2016.\r\n\r\n<strong>2016:<\/strong> Common Cause Maryland, as part of the Fair Elections Maryland coalition leadership, worked to send a small donor campaign financing for local elections to the ballot in Howard County. 52% of voters approved the charter amendment that established the Citizens\u2019 Election Fund.\r\n\r\n<strong>2018:<\/strong> Common Cause Maryland successfully led efforts to establish an automatic voter registration program, streamlining the process at the Motor Vehicle Administration and other government offices. We also led efforts to allow for same-day registration on Election Day. Voters overwhelmingly approved the constitutional amendment that eliminated an arbitrary deadline that stopped citizens from voting."},{"title":"2020-2024","wysiwyg":"<strong>2020:<\/strong> As the COVID-19 pandemic seizes the country, Common Cause Maryland pushed for access to safe and secure voting, including through the expansion of mail-in voting. Many of these emergency regulations are now permanent in our elections. We also spearheaded our first and largest Election Protection effort, mobilizing nearly 400 volunteers from all 24 counties to monitor the polls in person and flag pieces of potential disinformation online.\r\n\r\n<strong>2021:<\/strong> Common Cause Maryland worked in coalition to expand access to legislative proceedings during the height of the COVID-19 pandemic. Once inaccessible to most, the General Assembly now streams all proceedings and allows for remote participation for those unable to come to Annapolis. We also work with the Expand the Ballot, Expand the Vote coalition to secure meaningful access to voting for eligible incarcerated voters.\r\n\r\n<strong>2022:<\/strong> Common Cause Maryland spearheaded efforts to expand access to mail-in voting. With the support of our coalition partners, we were able to establish a process for curing and allow for the pre-processing of ballots for the release of prompt and accurate results. This is in addition to our victories in 2021 which included making secure drop boxes permanent, improving our mail voting materials and envelopes, and more.\r\n\r\n<strong>2024:<\/strong> Common Cause Maryland joined election officials throughout Maryland in demanding that protections be put in place because they have been the target of ongoing threats and harassment, with some even leaving their roles out of fear. This year we passed legislation to ensure election officials \u2013 state, local, and even election judges \u2013 feel safe at work during the 2024 election cycle and all future elections.\r\n\r\n&nbsp;\r\n\r\n&nbsp;"}]}},{"acf_fc_layout":"layout_two_column_text_and_image","_acfe_flexible_toggle":"","component_two_column_text_and_image":{"heading":"Hear from Common Cause Maryland members....","columns":[{"image":3040,"title":"Meet Peggy Dennis","content":"Peggy Dennis has been a Common Cause Maryland member for more than 20 years. In 2021, she adopted a 0.8-mile section of Falls Road in Montgomery County MD, in the organization's name as a way to bring attention to our work, while striving to clean up her community. She also stated that it serves as a way for her to publicize the issues she cares about, such as voting rights and campaign funding.\r\n\r\nPeggy said: <i>\"I don\u2019t feel I need to have my name up there on the post, but I\u2019m glad to do the work in the name of an organization I admire and respect. Anyone can do the same for their church, civic association, or club, or in the memory of someone they cared for<\/i>.<i data-stringify-type=\"italic\">\"<\/i>","link":""},{"image":19982,"title":"Meet Ariell Mello","content":"Ariell is a graduate student at the University of Maryland and served as our Research &amp; Policy Intern in 2023, developing recommendations for language access expansion in our elections and legislative proceedings.\r\n\r\nAriell said \u201c<em>It was great helping to build the Maryland team\u2019s language access campaign. I now work in the House of Delegates and get to see how my research informed the language access bill being championed by the organization. To see my research become legislation and potentially law in the next few years is truly democracy at work.<\/em>\u201d","link":""}]}},{"acf_fc_layout":"layout_statistics","_acfe_flexible_toggle":"","component_statistics":{"title":"","statistics":[{"component_statistic":{"number":"50","text":"Years of Work","source":"We are one of the state's most effective watchdog groups and a strong force for reform at all level of government because of your support"}},{"component_statistic":{"number":"32k","text":"Members Across the State","source":"Together, we are working to create a democracy that work for all of us - fighting for the people of Maryland against special interests and partisan political games, and protect the important accomplishments we\u2019ve already made."}},{"component_statistic":{"number":"24","text":"Counties with Common Cause Maryland members","source":"We have a network of members and supporters in every jurisdiction. They serve as our eyes and ears on the ground - alerting us of issues and opportunities for engagement"}}]}},{"acf_fc_layout":"layout_banner","_acfe_flexible_toggle":"","component_banner":{"use_donate_banner":true,"title":"Title [highlight]with highlighting[\/highlight] and additional text.","button":null,"image":null}}]},"yoast_head":"<!-- This site is optimized with the Yoast SEO Premium plugin v26.6 (Yoast SEO v27.1.1) - https:\/\/yoast.com\/product\/yoast-seo-premium-wordpress\/ -->\n<title>Our Impact - Common Cause Maryland<\/title>\n<meta name=\"robots\" content=\"index, follow, max-snippet:-1, max-image-preview:large, max-video-preview:-1\" \/>\n<link rel=\"canonical\" href=\"https:\/\/www.commoncause.org\/maryland\/vi\/tac-dong-cua-chung-toi\/\" \/>\n<meta property=\"og:locale\" content=\"vi_VN\" \/>\n<meta property=\"og:type\" content=\"article\" \/>\n<meta property=\"og:title\" content=\"Our Impact\" \/>\n<meta property=\"og:url\" content=\"https:\/\/www.commoncause.org\/maryland\/vi\/tac-dong-cua-chung-toi\/\" \/>\n<meta property=\"og:site_name\" content=\"Common Cause Maryland\" \/>\n<meta property=\"article:modified_time\" content=\"2025-03-14T19:37:11+00:00\" \/>\n<meta property=\"og:image\" content=\"https:\/\/www.commoncause.org\/maryland\/wp-content\/uploads\/2024\/08\/common-cause-share-image.png\" \/>\n\t<meta property=\"og:image:width\" content=\"1200\" \/>\n\t<meta property=\"og:image:height\" content=\"630\" \/>\n\t<meta property=\"og:image:type\" content=\"image\/png\" \/>\n<meta name=\"twitter:card\" content=\"summary_large_image\" \/>\n<script type=\"application\/ld+json\" class=\"yoast-schema-graph\">{\"@context\":\"https:\/\/schema.org\",\"@graph\":[{\"@type\":\"WebPage\",\"@id\":\"https:\/\/www.commoncause.org\/maryland\/our-impact\/\",\"url\":\"https:\/\/www.commoncause.org\/maryland\/our-impact\/\",\"name\":\"Our Impact - Common Cause Maryland\",\"isPartOf\":{\"@id\":\"https:\/\/www.commoncause.org\/maryland\/#website\"},\"datePublished\":\"2024-05-07T13:47:31+00:00\",\"dateModified\":\"2025-03-14T19:37:11+00:00\",\"breadcrumb\":{\"@id\":\"https:\/\/www.commoncause.org\/maryland\/our-impact\/#breadcrumb\"},\"inLanguage\":\"vi\",\"potentialAction\":[{\"@type\":\"ReadAction\",\"target\":[\"https:\/\/www.commoncause.org\/maryland\/our-impact\/\"]}]},{\"@type\":\"BreadcrumbList\",\"@id\":\"https:\/\/www.commoncause.org\/maryland\/our-impact\/#breadcrumb\",\"itemListElement\":[{\"@type\":\"ListItem\",\"position\":1,\"name\":\"Home\",\"item\":\"https:\/\/www.commoncause.org\/maryland\/\"},{\"@type\":\"ListItem\",\"position\":2,\"name\":\"Our Impact\"}]},{\"@type\":\"WebSite\",\"@id\":\"https:\/\/www.commoncause.org\/maryland\/#website\",\"url\":\"https:\/\/www.commoncause.org\/maryland\/\",\"name\":\"Common Cause Maryland\",\"description\":\"\",\"potentialAction\":[{\"@type\":\"SearchAction\",\"target\":{\"@type\":\"EntryPoint\",\"urlTemplate\":\"https:\/\/www.commoncause.org\/maryland\/?s={search_term_string}\"},\"query-input\":{\"@type\":\"PropertyValueSpecification\",\"valueRequired\":true,\"valueName\":\"search_term_string\"}}],\"inLanguage\":\"vi\"}]}<\/script>\n<!-- \/ Yoast SEO Premium plugin. -->","yoast_head_json":{"title":"T\u00e1c \u0111\u1ed9ng c\u1ee7a ch\u00fang t\u00f4i - Common Cause Maryland","robots":{"index":"index","follow":"follow","max-snippet":"max-snippet:-1","max-image-preview":"max-image-preview:large","max-video-preview":"max-video-preview:-1"},"canonical":"https:\/\/www.commoncause.org\/maryland\/vi\/tac-dong-cua-chung-toi\/","og_locale":"vi_VN","og_type":"article","og_title":"Our Impact","og_url":"https:\/\/www.commoncause.org\/maryland\/vi\/tac-dong-cua-chung-toi\/","og_site_name":"Common Cause Maryland","article_modified_time":"2025-03-14T19:37:11+00:00","og_image":[{"width":1200,"height":630,"url":"https:\/\/www.commoncause.org\/maryland\/wp-content\/uploads\/2024\/08\/common-cause-share-image.png","type":"image\/png"}],"twitter_card":"summary_large_image","schema":{"@context":"https:\/\/schema.org","@graph":[{"@type":"WebPage","@id":"https:\/\/www.commoncause.org\/maryland\/our-impact\/","url":"https:\/\/www.commoncause.org\/maryland\/our-impact\/","name":"T\u00e1c \u0111\u1ed9ng c\u1ee7a ch\u00fang t\u00f4i - Common Cause Maryland","isPartOf":{"@id":"https:\/\/www.commoncause.org\/maryland\/#website"},"datePublished":"2024-05-07T13:47:31+00:00","dateModified":"2025-03-14T19:37:11+00:00","breadcrumb":{"@id":"https:\/\/www.commoncause.org\/maryland\/our-impact\/#breadcrumb"},"inLanguage":"vi","potentialAction":[{"@type":"ReadAction","target":["https:\/\/www.commoncause.org\/maryland\/our-impact\/"]}]},{"@type":"BreadcrumbList","@id":"https:\/\/www.commoncause.org\/maryland\/our-impact\/#breadcrumb","itemListElement":[{"@type":"ListItem","position":1,"name":"Home","item":"https:\/\/www.commoncause.org\/maryland\/"},{"@type":"ListItem","position":2,"name":"Our Impact"}]},{"@type":"WebSite","@id":"https:\/\/www.commoncause.org\/maryland\/#website","url":"https:\/\/www.commoncause.org\/maryland\/","name":"Nguy\u00ean nh\u00e2n chung Maryland","description":"","potentialAction":[{"@type":"SearchAction","target":{"@type":"EntryPoint","urlTemplate":"https:\/\/www.commoncause.org\/maryland\/?s={search_term_string}"},"query-input":{"@type":"PropertyValueSpecification","valueRequired":true,"valueName":"search_term_string"}}],"inLanguage":"vi"}]}},"distributor_meta":false,"distributor_terms":false,"distributor_media":false,"distributor_original_site_name":"Common Cause Maryland","distributor_original_site_url":"https:\/\/www.commoncause.org\/maryland\/vi","push-errors":false,"_links":{"self":[{"href":"https:\/\/www.commoncause.org\/maryland\/vi\/wp-json\/wp\/v2\/pages\/22","targetHints":{"allow":["GET"]}}],"collection":[{"href":"https:\/\/www.commoncause.org\/maryland\/vi\/wp-json\/wp\/v2\/pages"}],"about":[{"href":"https:\/\/www.commoncause.org\/maryland\/vi\/wp-json\/wp\/v2\/types\/page"}],"author":[{"embeddable":true,"href":"https:\/\/www.commoncause.org\/maryland\/vi\/wp-json\/wp\/v2\/users\/1"}],"replies":[{"embeddable":true,"href":"https:\/\/www.commoncause.org\/maryland\/vi\/wp-json\/wp\/v2\/comments?post=22"}],"version-history":[{"count":27,"href":"https:\/\/www.commoncause.org\/maryland\/vi\/wp-json\/wp\/v2\/pages\/22\/revisions"}],"predecessor-version":[{"id":2035,"href":"https:\/\/www.commoncause.org\/maryland\/vi\/wp-json\/wp\/v2\/pages\/22\/revisions\/2035"}],"wp:attachment":[{"href":"https:\/\/www.commoncause.org\/maryland\/vi\/wp-json\/wp\/v2\/media?parent=22"}],"curies":[{"name":"wp","href":"https:\/\/api.w.org\/{rel}","templated":true}]}}