{"id":20,"date":"2024-05-07T13:45:37","date_gmt":"2024-05-07T13:45:37","guid":{"rendered":"https:\/\/www.commoncause.org\/maryland\/about-us\/"},"modified":"2024-10-21T15:53:22","modified_gmt":"2024-10-21T19:53:22","slug":"ve-chung-toi","status":"publish","type":"page","link":"https:\/\/www.commoncause.org\/maryland\/vi\/about-us\/","title":{"rendered":"MD Gi\u1edbi thi\u1ec7u v\u1ec1 ch\u00fang t\u00f4i"},"content":{"rendered":"","protected":false},"excerpt":{"rendered":"","protected":false},"author":2,"featured_media":0,"parent":0,"menu_order":0,"comment_status":"closed","ping_status":"closed","template":"","meta":{"_acf_changed":false,"_relevanssi_hide_post":"","_relevanssi_hide_content":"","_relevanssi_pin_for_all":"","_relevanssi_pin_keywords":"","_relevanssi_unpin_keywords":"","_relevanssi_related_keywords":"","_relevanssi_related_include_ids":"","_relevanssi_related_exclude_ids":"","_relevanssi_related_no_append":"","_relevanssi_related_not_related":"","_relevanssi_related_posts":"","_relevanssi_noindex_reason":""},"class_list":["post-20","page","type-page","status-publish","hentry"],"acf":{"header":{"component_page_header":{"header_type":"default","title":"Gi\u1edbi thi\u1ec7u v\u1ec1 ch\u00fang t\u00f4i","lead":"","image":"","subnavigation":true}},"sidebar":{"helper_enable_sidebar":false,"helper_media_contact":{"heading":"","manually_enter_person":false,"person":"","name":"","role":"","phone":"","email":""},"helper_links_downloads":{"heading":"","links":null}},"page_layout":[{"acf_fc_layout":"layout_wysiwyg","_acfe_flexible_toggle":"","component_wysiwyg":{"content":"<h4>Trong 50 n\u0103m qua, Common Cause Maryland v\u00e0 c\u00e1c th\u00e0nh vi\u00ean c\u1ee7a ch\u00fang t\u00f4i \u0111\u00e3 \u0111\u1ea5u tranh cho n\u1ec1n d\u00e2n ch\u1ee7 m\u00e0 ch\u00fang t\u00f4i x\u1ee9ng \u0111\u00e1ng \u0111\u01b0\u1ee3c h\u01b0\u1edfng.<\/h4>\r\n\u0110\u01b0\u1ee3c th\u00e0nh l\u1eadp n\u0103m 1974, Common Cause Maryland l\u00e0 m\u1ed9t trong nh\u1eefng nh\u00f3m gi\u00e1m s\u00e1t hi\u1ec7u qu\u1ea3 nh\u1ea5t c\u1ee7a ti\u1ec3u bang v\u00e0 l\u00e0 m\u1ed9t l\u1ef1c l\u01b0\u1ee3ng m\u1ea1nh m\u1ebd th\u00fac \u0111\u1ea9y c\u1ea3i c\u00e1ch \u1edf c\u1ea5p ti\u1ec3u bang v\u00e0 \u0111\u1ecba ph\u01b0\u01a1ng - v\u1eadn d\u1ee5ng chuy\u00ean m\u00f4n v\u1ec1 ch\u00ednh s\u00e1ch c\u1ea5p ti\u1ec3u bang v\u00e0 qu\u1ed1c gia, m\u1ea1ng l\u01b0\u1edbi \u1ee7ng h\u1ed9 c\u01a1 s\u1edf r\u1ed9ng l\u1edbn v\u00e0 ph\u01b0\u01a1ng ph\u00e1p ti\u1ebfp c\u1eadn phi \u0111\u1ea3ng ph\u00e1i v\u00e0o h\u00e0nh \u0111\u1ed9ng \u0111\u1ec3 c\u1ee7ng c\u1ed1 n\u1ec1n d\u00e2n ch\u1ee7 c\u1ee7a ch\u00fang ta tr\u01b0\u1edbc nh\u1eefng th\u00e1ch th\u1ee9c m\u00e0 n\u00f3 \u0111ang ph\u1ea3i \u0111\u1ed1i m\u1eb7t ng\u00e0y nay. Ch\u00fang t\u00f4i l\u00e0m vi\u1ec7c \u1edf m\u1ecdi c\u1ea5p ch\u00ednh quy\u1ec1n v\u1ec1 c\u00e1c \u01b0u ti\u00ean \u1ea3nh h\u01b0\u1edfng \u0111\u1ebfn cu\u1ed9c s\u1ed1ng c\u1ee7a m\u1ed7i ng\u01b0\u1eddi ch\u00fang ta\u2014nh\u01b0 b\u1ea3o v\u1ec7 quy\u1ec1n b\u1ea7u c\u1eed, h\u1ea1n ch\u1ebf \u1ea3nh h\u01b0\u1edfng c\u1ee7a gi\u1edbi t\u00e0i phi\u1ec7t \u0111\u1ed1i v\u1edbi c\u00e1c cu\u1ed9c b\u1ea7u c\u1eed, bu\u1ed9c c\u00e1c quan ch\u1ee9c c\u00f4ng ph\u1ea3i ch\u1ecbu tr\u00e1ch nhi\u1ec7m, v.v. Nh\u1eefng n\u1ed7 l\u1ef1c c\u1ee7a ch\u00fang t\u00f4i \u0111\u01b0\u1ee3c th\u00fac \u0111\u1ea9y b\u1edfi tr\u1ee5 s\u1edf qu\u1ed1c gia t\u1ea1i Washington D.C. v\u00e0 h\u01a1n 25 v\u0103n ph\u00f2ng ti\u1ec3u bang, do c\u00e1c nh\u00f3m chuy\u00ean gia th\u1ef1c \u0111\u1ecba d\u1eabn d\u1eaft, nh\u1eefng ng\u01b0\u1eddi bi\u1ebft c\u00e1ch gi\u00e0nh \u0111\u01b0\u1ee3c nh\u1eefng c\u1ea3i c\u00e1ch c\u00f3 t\u00e1c \u0111\u1ed9ng m\u1ea1nh m\u1ebd, c\u1ee7ng c\u1ed1 n\u1ec1n d\u00e2n ch\u1ee7 c\u1ee7a ch\u00fang ta. Khi Ch\u00fang ta, nh\u1eefng Ng\u01b0\u1eddi D\u00e2n, c\u00f9ng nhau \u0111o\u00e0n k\u1ebft, ch\u00fang ta c\u00f3 th\u1ec3 t\u1ea1o ra s\u1ef1 kh\u00e1c bi\u1ec7t th\u1ef1c s\u1ef1 v\u00e0 l\u00e2u d\u00e0i. H\u00e0nh \u0111\u1ed9ng c\u00f9ng Common Cause Maryland \u0111\u1ed3ng ngh\u0129a v\u1edbi vi\u1ec7c tham gia v\u00e0o m\u1ed9t phong tr\u00e0o to\u00e0n qu\u1ed1c h\u01b0\u1edbng t\u1edbi m\u1ed9t n\u1ec1n d\u00e2n ch\u1ee7, n\u01a1i t\u1ea5t c\u1ea3 ch\u00fang ta \u0111\u1ec1u c\u00f3 ti\u1ebfng n\u00f3i trong c\u00e1c quy\u1ebft \u0111\u1ecbnh \u0111\u1ecbnh h\u00ecnh t\u01b0\u01a1ng lai. S\u1ee9 m\u1ec7nh c\u1ee7a ch\u00fang t\u00f4i: Common Cause Maryland l\u00e0 m\u1ed9t t\u1ed5 ch\u1ee9c c\u01a1 s\u1edf, phi \u0111\u1ea3ng ph\u00e1i, t\u1eadn t\u00e2m b\u1ea3o v\u1ec7 c\u00e1c gi\u00e1 tr\u1ecb c\u1ed1t l\u00f5i c\u1ee7a n\u1ec1n d\u00e2n ch\u1ee7 Hoa K\u1ef3. Ch\u00fang t\u00f4i n\u1ed7 l\u1ef1c x\u00e2y d\u1ef1ng m\u1ed9t ch\u00ednh ph\u1ee7 c\u1edfi m\u1edf, trung th\u1ef1c v\u00e0 c\u00f3 tr\u00e1ch nhi\u1ec7m, ph\u1ee5c v\u1ee5 l\u1ee3i \u00edch c\u00f4ng c\u1ed9ng; th\u00fac \u0111\u1ea9y quy\u1ec1n b\u00ecnh \u0111\u1eb3ng, c\u01a1 h\u1ed9i v\u00e0 \u0111\u1ea1i di\u1ec7n cho t\u1ea5t c\u1ea3 m\u1ecdi ng\u01b0\u1eddi; v\u00e0 trao quy\u1ec1n cho m\u1ecdi ng\u01b0\u1eddi l\u00ean ti\u1ebfng trong ti\u1ebfn tr\u00ecnh ch\u00ednh tr\u1ecb."}},{"acf_fc_layout":"layout_accordion","_acfe_flexible_toggle":"","component_accordion":{"heading":"Common Cause Maryland works...","panels":[{"panel_heading":"In the Legislature and Local Governments","panel_copy":"At the state, local, and at times municipal level, Common Cause Maryland works with officials from across the political spectrum to pass proven, common-sense solutions and stop attacks on our rights. Our team members and supporters make frequent visits to the statehouse and local government buildings, meeting with decision-makers to discuss target legislation. We have a long history of making lasting changes through the legislative process."},{"panel_heading":"On the Ground","panel_copy":"Common Cause Maryland's power lies in its over 32 thousand supporters throughout the state. We mobilize our members at lobby days in Annapolis to advocate for key reforms and shut down harmful bills; as Election Protection monitors, helping voters each Election Day; at pro-democracy rallies and demonstrations; and much, much more. We know that when our members turn out and work together, we get results."},{"panel_heading":"And Beyond...","panel_copy":"Common Cause Maryland is committed to leading the most important fights for our democracy, no matter where they occur. We show up in many ways\u2014including online, where our members contact legislators in support of target bills, spread the word about our work on social media, and report harmful election disinformation."}]}},{"acf_fc_layout":"layout_wysiwyg","_acfe_flexible_toggle":"","component_wysiwyg":{"content":"<h4 class=\"p1\">Cam k\u1ebft c\u1ee7a ch\u00fang t\u00f4i v\u1ec1 c\u00f4ng b\u1eb1ng<\/h4>\r\n<p class=\"p1\">S\u1ee9 m\u1ec7nh c\u1ee7a Common Cause Maryland kh\u00f4ng ch\u1ec9 l\u00e0 s\u1eeda ch\u1eefa c\u00e1c h\u1ec7 th\u1ed1ng qu\u1ea3n tr\u1ecb \u0111ang xu\u1ed1ng c\u1ea5p m\u00e0 c\u00f2n, v\u00e0 quan tr\u1ecdng h\u01a1n, l\u00e0 thay \u0111\u1ed5i c\u00e1c h\u1ec7 th\u1ed1ng b\u1ea5t b\u00ecnh \u0111\u1eb3ng \u0111ang v\u1eadn h\u00e0nh theo \u0111\u00fang thi\u1ebft k\u1ebf nh\u1eb1m ng\u0103n c\u1ea3n m\u1ed9t n\u1ec1n d\u00e2n ch\u1ee7 ph\u1ee5c v\u1ee5 t\u1ea5t c\u1ea3 m\u1ecdi ng\u01b0\u1eddi. Ch\u00fang t\u00f4i kh\u00f4ng &quot;kh\u00f4i ph\u1ee5c&quot; hay &quot;x\u00e2y d\u1ef1ng l\u1ea1i&quot; m\u1ed9t n\u1ec1n d\u00e2n ch\u1ee7, m\u00e0 \u0111\u00fang h\u01a1n, n\u1ed7 l\u1ef1c t\u1ea1o ra m\u1ed9t ch\u00ednh ph\u1ee7 th\u1ef1c s\u1ef1 \u0111\u1ea1i di\u1ec7n v\u00e0 bao tr\u00f9m l\u1ea7n \u0111\u1ea7u ti\u00ean.<\/p>\r\n<p class=\"p1\">Ch\u00fang t\u00f4i bi\u1ebft r\u1eb1ng c\u00f4ng b\u1eb1ng v\u00e0 h\u00f2a nh\u1eadp ch\u1ee7ng t\u1ed9c ph\u1ea3i l\u00e0 c\u1ed1t l\u00f5i trong nh\u1eefng g\u00ec ch\u00fang t\u00f4i ph\u1ea5n \u0111\u1ea5u \u0111\u1ea1t \u0111\u01b0\u1ee3c, c\u0169ng nh\u01b0 c\u00f4ng b\u1eb1ng v\u00e0 h\u00f2a nh\u1eadp cho t\u1ea5t c\u1ea3 c\u00e1c c\u00e1 nh\u00e2n b\u1ea5t k\u1ec3 b\u1ea3n d\u1ea1ng v\u00e0 s\u1ef1 kh\u00e1c bi\u1ec7t (d\u00e2n t\u1ed9c, gi\u1edbi t\u00ednh, khuy\u1ebft t\u1eadt, khuynh h\u01b0\u1edbng t\u00ecnh d\u1ee5c, b\u1ea3n d\u1ea1ng gi\u1edbi, qu\u1ed1c t\u1ecbch, t\u00edn ng\u01b0\u1ee1ng t\u00f4n gi\u00e1o, b\u1ed9 l\u1ea1c, \u0111\u1eb3ng c\u1ea5p, \u0111\u1ed9 tu\u1ed5i, giai c\u1ea5p, t\u01b0 duy v\u00e0 phong c\u00e1ch giao ti\u1ebfp, v.v.).<\/p>\r\n<p class=\"p1\">Nh\u1eefng gi\u00e1 tr\u1ecb n\u00e0y r\u1ea5t c\u1ea7n thi\u1ebft \u0111\u1ec3 th\u1ef1c hi\u1ec7n th\u00e0nh c\u00f4ng s\u1ee9 m\u1ec7nh c\u1ee7a ch\u00fang t\u00f4i l\u00e0 t\u1ea1o ra m\u1ed9t ch\u00ednh ph\u1ee7 c\u1edfi m\u1edf, trung th\u1ef1c v\u00e0 c\u00f3 tr\u00e1ch nhi\u1ec7m, ph\u1ee5c v\u1ee5 l\u1ee3i \u00edch c\u00f4ng c\u1ed9ng; th\u00fac \u0111\u1ea9y quy\u1ec1n b\u00ecnh \u0111\u1eb3ng, c\u01a1 h\u1ed9i v\u00e0 \u0111\u1ea1i di\u1ec7n cho t\u1ea5t c\u1ea3 m\u1ecdi ng\u01b0\u1eddi; v\u00e0 trao quy\u1ec1n cho m\u1ecdi ng\u01b0\u1eddi d\u00e2n Maryland tham gia \u0111\u1ea7y \u0111\u1ee7 v\u00e0o ti\u1ebfn tr\u00ecnh ch\u00ednh tr\u1ecb.<\/p>\r\n<p class=\"p1\"><\/p>"}},{"acf_fc_layout":"layout_banner","_acfe_flexible_toggle":"","component_banner":{"use_donate_banner":true,"title":"Title [highlight]with highlighting[\/highlight] and additional text.","button":null,"image":null}}]},"yoast_head":"<!-- This site is optimized with the Yoast SEO Premium plugin v26.6 (Yoast SEO v27.1.1) - https:\/\/yoast.com\/product\/yoast-seo-premium-wordpress\/ -->\n<title>MD About Us - Common Cause Maryland<\/title>\n<meta name=\"robots\" content=\"index, follow, max-snippet:-1, max-image-preview:large, max-video-preview:-1\" \/>\n<link rel=\"canonical\" href=\"https:\/\/www.commoncause.org\/maryland\/vi\/ve-chung-toi\/\" \/>\n<meta property=\"og:locale\" content=\"vi_VN\" \/>\n<meta property=\"og:type\" content=\"article\" \/>\n<meta property=\"og:title\" content=\"MD About Us\" \/>\n<meta property=\"og:url\" content=\"https:\/\/www.commoncause.org\/maryland\/vi\/ve-chung-toi\/\" \/>\n<meta property=\"og:site_name\" content=\"Common Cause Maryland\" \/>\n<meta property=\"article:modified_time\" content=\"2024-10-21T19:53:22+00:00\" \/>\n<meta property=\"og:image\" content=\"https:\/\/www.commoncause.org\/maryland\/wp-content\/uploads\/2024\/08\/common-cause-share-image.png\" \/>\n\t<meta property=\"og:image:width\" content=\"1200\" \/>\n\t<meta property=\"og:image:height\" content=\"630\" \/>\n\t<meta property=\"og:image:type\" content=\"image\/png\" \/>\n<meta name=\"twitter:card\" content=\"summary_large_image\" \/>\n<script type=\"application\/ld+json\" class=\"yoast-schema-graph\">{\"@context\":\"https:\/\/schema.org\",\"@graph\":[{\"@type\":\"WebPage\",\"@id\":\"https:\/\/www.commoncause.org\/maryland\/about-us\/\",\"url\":\"https:\/\/www.commoncause.org\/maryland\/about-us\/\",\"name\":\"MD About Us - Common Cause Maryland\",\"isPartOf\":{\"@id\":\"https:\/\/www.commoncause.org\/maryland\/#website\"},\"datePublished\":\"2024-05-07T13:45:37+00:00\",\"dateModified\":\"2024-10-21T19:53:22+00:00\",\"breadcrumb\":{\"@id\":\"https:\/\/www.commoncause.org\/maryland\/about-us\/#breadcrumb\"},\"inLanguage\":\"vi\",\"potentialAction\":[{\"@type\":\"ReadAction\",\"target\":[\"https:\/\/www.commoncause.org\/maryland\/about-us\/\"]}]},{\"@type\":\"BreadcrumbList\",\"@id\":\"https:\/\/www.commoncause.org\/maryland\/about-us\/#breadcrumb\",\"itemListElement\":[{\"@type\":\"ListItem\",\"position\":1,\"name\":\"Home\",\"item\":\"https:\/\/www.commoncause.org\/maryland\/\"},{\"@type\":\"ListItem\",\"position\":2,\"name\":\"MD About Us\"}]},{\"@type\":\"WebSite\",\"@id\":\"https:\/\/www.commoncause.org\/maryland\/#website\",\"url\":\"https:\/\/www.commoncause.org\/maryland\/\",\"name\":\"Common Cause Maryland\",\"description\":\"\",\"potentialAction\":[{\"@type\":\"SearchAction\",\"target\":{\"@type\":\"EntryPoint\",\"urlTemplate\":\"https:\/\/www.commoncause.org\/maryland\/?s={search_term_string}\"},\"query-input\":{\"@type\":\"PropertyValueSpecification\",\"valueRequired\":true,\"valueName\":\"search_term_string\"}}],\"inLanguage\":\"vi\"}]}<\/script>\n<!-- \/ Yoast SEO Premium plugin. -->","yoast_head_json":{"title":"MD Gi\u1edbi thi\u1ec7u v\u1ec1 ch\u00fang t\u00f4i - Common Cause Maryland","robots":{"index":"index","follow":"follow","max-snippet":"max-snippet:-1","max-image-preview":"max-image-preview:large","max-video-preview":"max-video-preview:-1"},"canonical":"https:\/\/www.commoncause.org\/maryland\/vi\/ve-chung-toi\/","og_locale":"vi_VN","og_type":"article","og_title":"MD About Us","og_url":"https:\/\/www.commoncause.org\/maryland\/vi\/ve-chung-toi\/","og_site_name":"Common Cause Maryland","article_modified_time":"2024-10-21T19:53:22+00:00","og_image":[{"width":1200,"height":630,"url":"https:\/\/www.commoncause.org\/maryland\/wp-content\/uploads\/2024\/08\/common-cause-share-image.png","type":"image\/png"}],"twitter_card":"summary_large_image","schema":{"@context":"https:\/\/schema.org","@graph":[{"@type":"WebPage","@id":"https:\/\/www.commoncause.org\/maryland\/about-us\/","url":"https:\/\/www.commoncause.org\/maryland\/about-us\/","name":"MD Gi\u1edbi thi\u1ec7u v\u1ec1 ch\u00fang t\u00f4i - Common Cause Maryland","isPartOf":{"@id":"https:\/\/www.commoncause.org\/maryland\/#website"},"datePublished":"2024-05-07T13:45:37+00:00","dateModified":"2024-10-21T19:53:22+00:00","breadcrumb":{"@id":"https:\/\/www.commoncause.org\/maryland\/about-us\/#breadcrumb"},"inLanguage":"vi","potentialAction":[{"@type":"ReadAction","target":["https:\/\/www.commoncause.org\/maryland\/about-us\/"]}]},{"@type":"BreadcrumbList","@id":"https:\/\/www.commoncause.org\/maryland\/about-us\/#breadcrumb","itemListElement":[{"@type":"ListItem","position":1,"name":"Home","item":"https:\/\/www.commoncause.org\/maryland\/"},{"@type":"ListItem","position":2,"name":"MD About Us"}]},{"@type":"WebSite","@id":"https:\/\/www.commoncause.org\/maryland\/#website","url":"https:\/\/www.commoncause.org\/maryland\/","name":"Nguy\u00ean nh\u00e2n chung Maryland","description":"","potentialAction":[{"@type":"SearchAction","target":{"@type":"EntryPoint","urlTemplate":"https:\/\/www.commoncause.org\/maryland\/?s={search_term_string}"},"query-input":{"@type":"PropertyValueSpecification","valueRequired":true,"valueName":"search_term_string"}}],"inLanguage":"vi"}]}},"distributor_meta":false,"distributor_terms":false,"distributor_media":false,"distributor_original_site_name":"Common Cause Maryland","distributor_original_site_url":"https:\/\/www.commoncause.org\/maryland\/vi","push-errors":false,"_links":{"self":[{"href":"https:\/\/www.commoncause.org\/maryland\/vi\/wp-json\/wp\/v2\/pages\/20","targetHints":{"allow":["GET"]}}],"collection":[{"href":"https:\/\/www.commoncause.org\/maryland\/vi\/wp-json\/wp\/v2\/pages"}],"about":[{"href":"https:\/\/www.commoncause.org\/maryland\/vi\/wp-json\/wp\/v2\/types\/page"}],"author":[{"embeddable":true,"href":"https:\/\/www.commoncause.org\/maryland\/vi\/wp-json\/wp\/v2\/users\/2"}],"replies":[{"embeddable":true,"href":"https:\/\/www.commoncause.org\/maryland\/vi\/wp-json\/wp\/v2\/comments?post=20"}],"version-history":[{"count":17,"href":"https:\/\/www.commoncause.org\/maryland\/vi\/wp-json\/wp\/v2\/pages\/20\/revisions"}],"predecessor-version":[{"id":1713,"href":"https:\/\/www.commoncause.org\/maryland\/vi\/wp-json\/wp\/v2\/pages\/20\/revisions\/1713"}],"wp:attachment":[{"href":"https:\/\/www.commoncause.org\/maryland\/vi\/wp-json\/wp\/v2\/media?parent=20"}],"curies":[{"name":"wp","href":"https:\/\/api.w.org\/{rel}","templated":true}]}}