{"id":24,"date":"2024-05-07T13:49:36","date_gmt":"2024-05-07T13:49:36","guid":{"rendered":"https:\/\/www.commoncause.org\/maryland\/donate\/"},"modified":"2024-06-13T16:23:37","modified_gmt":"2024-06-13T20:23:37","slug":"doar","status":"publish","type":"page","link":"https:\/\/www.commoncause.org\/maryland\/pt\/donate\/","title":{"rendered":"MD Doar"},"content":{"rendered":"","protected":false},"excerpt":{"rendered":"","protected":false},"author":1,"featured_media":0,"parent":0,"menu_order":0,"comment_status":"closed","ping_status":"closed","template":"","meta":{"_acf_changed":false,"_relevanssi_hide_post":"","_relevanssi_hide_content":"","_relevanssi_pin_for_all":"","_relevanssi_pin_keywords":"","_relevanssi_unpin_keywords":"","_relevanssi_related_keywords":"","_relevanssi_related_include_ids":"","_relevanssi_related_exclude_ids":"","_relevanssi_related_no_append":"","_relevanssi_related_not_related":"","_relevanssi_related_posts":"","_relevanssi_noindex_reason":""},"class_list":["post-24","page","type-page","status-publish","hentry"],"acf":{"header":{"component_page_header":{"header_type":"default","title":"Doe para a Common Cause Maryland","lead":"","image":"","subnavigation":false}},"sidebar":{"helper_enable_sidebar":false,"helper_media_contact":{"heading":"","manually_enter_person":false,"person":"","name":"","role":"","phone":"","email":""},"helper_links_downloads":{"heading":"","links":null}},"page_layout":[{"acf_fc_layout":"layout_wysiwyg","_acfe_flexible_toggle":"","component_wysiwyg":{"content":"A Common Cause Maryland \u00e9 l\u00edder em lutas que importam nos n\u00edveis local e estadual. Seu apoio impulsiona a\u00e7\u00f5es populares, legais e legislativas para enfrentar interesses especiais, responsabilizar autoridades eleitas e construir a democracia que todos os americanos merecem."}},{"acf_fc_layout":"layout_basic_html","_acfe_flexible_toggle":"","component_basic_html":{"heading":"Be a champion for Democracy","code":"<script src='https:\/\/act.commoncause.org\/widgets\/v5\/fundraising\/common-cause-maryland?format=js&source=widget&css=false'><\/script><div id='can-fundraising-area-common-cause-maryland' style='width: 100%'><!-- this div is the target for our HTML insertion --><\/div>","width":"medium"}},{"acf_fc_layout":"layout_wysiwyg","_acfe_flexible_toggle":"","component_wysiwyg":{"content":"<h3>Outras maneiras de doar\u2026<\/h3>\r\nH\u00e1 muitas maneiras de apoiar a miss\u00e3o da Common Cause de responsabilizar os que est\u00e3o no poder. Se tiver d\u00favidas ou n\u00e3o encontrar seu m\u00e9todo de doa\u00e7\u00e3o preferido listado, entre em contato com o Servi\u00e7o de Atendimento ao Membro pelo telefone: (202) 833-1200 ou\u00a0<a href=\"mailto:giving@commoncause.org\">giving@commoncause.org<\/a>\u00a0e teremos prazer em discutir suas op\u00e7\u00f5es para fazer uma contribui\u00e7\u00e3o.\r\n\r\n<strong>Envie sua doa\u00e7\u00e3o pelo correio<\/strong>\r\n\r\nSe preferir fazer uma doa\u00e7\u00e3o por cheque, voc\u00ea pode enviar sua contribui\u00e7\u00e3o para 121 Cathedral Street Ste. 2A, 3-4 Annapolis MD 21401.\r\n\r\n<strong>\u00a0Doe do seu fundo de doa\u00e7\u00e3o\u00a0<\/strong>\r\n\r\nConsidere fazer uma doa\u00e7\u00e3o ao Common Cause Education Fund por meio do seu fundo de doa\u00e7\u00e3o. <b>Quest\u00f5es?<\/b> Por favor, envie um e-mail ou ligue para Rachel Queirolo, Diretora Nacional de Grandes Doa\u00e7\u00f5es em <a href=\"mailto:rqueirolo@commoncause.org\">rqueirolo@commoncause.org<\/a> ou (202)-736-5773.\r\n\r\n<strong>Doa\u00e7\u00f5es dedut\u00edveis de impostos<\/strong>\r\n\r\nContribui\u00e7\u00f5es para a Common Cause n\u00e3o s\u00e3o dedut\u00edveis do imposto de renda, pois nosso trabalho inclui lobby por reformas. Mas voc\u00ea pode fazer uma contribui\u00e7\u00e3o dedut\u00edvel do imposto de renda para nossa afiliada, a Common Cause Education Fund, uma organiza\u00e7\u00e3o beneficente 501(c)3 que apoia nossos esfor\u00e7os para responsabilizar os poderosos por meio do engajamento c\u00edvico e da educa\u00e7\u00e3o p\u00fablica. <a href=\"https:\/\/www.commoncause.org\/maryland\/pt\/doar\/fundo-de-educacao\/\">Clique aqui para fazer sua doa\u00e7\u00e3o dedut\u00edvel de impostos &gt;&gt;<\/a>\r\n\r\n<strong>Conta de aposentadoria e doa\u00e7\u00e3o para IRA<\/strong>\r\n\r\nIncluir o Common Cause Education Fund como benefici\u00e1rio da sua conta de aposentadoria ou IRA \u00e9 outra maneira simples e com boa tributa\u00e7\u00e3o de fortalecer a democracia e promover a boa governan\u00e7a. <a href=\"https:\/\/www.commoncause.org\/maryland\/pt\/retirement-funds-or-iras\/\">Clique aqui para saber mais sobre contas de aposentadoria e doa\u00e7\u00f5es para IRA.<\/a>\r\n\r\n<strong>Apoie a Common Cause em seu testamento<\/strong>\r\n\r\nAjude a garantir a promessa da democracia para a pr\u00f3xima gera\u00e7\u00e3o, deixando um <a href=\"https:\/\/www.commoncause.org\/maryland\/pt\/support-common-cause-in-your-will\/\">doa\u00e7\u00e3o patrimonial, como um legado ou outro presente planejado<\/a>. Use isto <a href=\"https:\/\/www.freewill.com\/commoncause?utm_source=partner&amp;utm_medium=donatepage&amp;utm_campaign=commoncause_website\">Ferramenta de reda\u00e7\u00e3o de testamento GRATUITA<\/a> para come\u00e7ar de forma r\u00e1pida e f\u00e1cil.\r\n\r\n<strong>Doa\u00e7\u00f5es no local de trabalho<\/strong>\r\n\r\nDoar para a Common Cause por meio de doa\u00e7\u00f5es no local de trabalho \u00e9 pr\u00e1tico e impactante. Permite que os funcion\u00e1rios apoiem os esfor\u00e7os de responsabiliza\u00e7\u00e3o governamental e reformas democr\u00e1ticas sem esfor\u00e7o, por meio de descontos na folha de pagamento. Programas de doa\u00e7\u00f5es equivalentes podem ampliar as contribui\u00e7\u00f5es, maximizando o impacto. <a href=\"https:\/\/www.commoncause.org\/maryland\/pt\/workplace-giving\/\">Saiba mais sobre doa\u00e7\u00f5es no local de trabalho aqui &gt;&gt;<\/a>\r\n\r\n<strong>Doa\u00e7\u00f5es de a\u00e7\u00f5es<\/strong>\r\n\r\nDoa\u00e7\u00f5es de a\u00e7\u00f5es e t\u00edtulos podem ser feitas \u00e0 Common Cause e \u00e0 nossa afiliada Common Cause Education Fund por meio do Wells Fargo. <a href=\"https:\/\/www.commoncause.org\/maryland\/pt\/gifts-of-stock\/\">Para detalhes sobre doa\u00e7\u00f5es de a\u00e7\u00f5es, clique aqui &gt;&gt;<\/a>\r\n\r\n<strong>Apoiando uma causa comum por meio de uma funda\u00e7\u00e3o<\/strong>\r\n\r\nSe voc\u00ea \u00e9 afiliado a uma funda\u00e7\u00e3o e est\u00e1 interessado em aprender mais sobre nosso impacto ou fazer uma doa\u00e7\u00e3o ao Common Cause Education Fund, entre em contato com nosso Diretor de Rela\u00e7\u00f5es com a Funda\u00e7\u00e3o, Sam Voorhees, em <a href=\"mailto:svoorhees@commoncause.org\">svoorhees@commoncause.org<\/a> ou (202)-736-5723.\r\n\r\n<strong>Doa\u00e7\u00e3o de Lideran\u00e7a<\/strong>\r\n\r\nAo fazer uma doa\u00e7\u00e3o de $10.000 ou mais, voc\u00ea se juntar\u00e1 a um grupo de dedicados defensores da democracia em todo o pa\u00eds. Sua doa\u00e7\u00e3o impulsiona nosso trabalho de Prote\u00e7\u00e3o Eleitoral, lit\u00edgios, redistritamento eleitoral, combate \u00e0 desinforma\u00e7\u00e3o eleitoral, responsabiliza\u00e7\u00e3o de Trump e muito mais. <b>Quest\u00f5es?<\/b> Por favor, envie um e-mail ou ligue para Rachel Queirolo, Diretora Nacional de Grandes Doa\u00e7\u00f5es em <a href=\"mailto:rqueirolo@commoncause.org\">rqueirolo@commoncause.org<\/a> ou (202)-736-5773.\r\n\r\n<strong>Presentes memoriais e honor\u00e1rios<\/strong>\r\n\r\nUma doa\u00e7\u00e3o que enalte\u00e7a a democracia em nome de algu\u00e9m querido \u00e9 uma \u00f3tima maneira de demonstrar apoio ao trabalho da Common Cause. <a href=\"https:\/\/www.commoncause.org\/maryland\/pt\/memorial-honorary-gifts\/\">Se voc\u00ea gostaria de fazer uma doa\u00e7\u00e3o memorial ou honor\u00e1ria, clique aqui<\/a> ou entre em contato com Sam Anderson-Chinnes em <a href=\"mailto:sanderson@commoncause.org\">sanderson@commoncause.org<\/a>."}}]},"yoast_head":"<!-- This site is optimized with the Yoast SEO Premium plugin v26.6 (Yoast SEO v27.1.1) - https:\/\/yoast.com\/product\/yoast-seo-premium-wordpress\/ -->\n<title>MD Donate - Common Cause Maryland<\/title>\n<meta name=\"robots\" content=\"index, follow, max-snippet:-1, max-image-preview:large, max-video-preview:-1\" \/>\n<link rel=\"canonical\" href=\"https:\/\/www.commoncause.org\/maryland\/pt\/doar\/\" \/>\n<meta property=\"og:locale\" content=\"pt_PT\" \/>\n<meta property=\"og:type\" content=\"article\" \/>\n<meta property=\"og:title\" content=\"MD Donate\" \/>\n<meta property=\"og:url\" content=\"https:\/\/www.commoncause.org\/maryland\/pt\/doar\/\" \/>\n<meta property=\"og:site_name\" content=\"Common Cause Maryland\" \/>\n<meta property=\"article:modified_time\" content=\"2024-06-13T20:23:37+00:00\" \/>\n<meta property=\"og:image\" content=\"https:\/\/www.commoncause.org\/maryland\/wp-content\/uploads\/2024\/08\/common-cause-share-image.png\" \/>\n\t<meta property=\"og:image:width\" content=\"1200\" \/>\n\t<meta property=\"og:image:height\" content=\"630\" \/>\n\t<meta property=\"og:image:type\" content=\"image\/png\" \/>\n<meta name=\"twitter:card\" content=\"summary_large_image\" \/>\n<script type=\"application\/ld+json\" class=\"yoast-schema-graph\">{\"@context\":\"https:\/\/schema.org\",\"@graph\":[{\"@type\":\"WebPage\",\"@id\":\"https:\/\/www.commoncause.org\/maryland\/donate\/\",\"url\":\"https:\/\/www.commoncause.org\/maryland\/donate\/\",\"name\":\"MD Donate - Common Cause Maryland\",\"isPartOf\":{\"@id\":\"https:\/\/www.commoncause.org\/maryland\/#website\"},\"datePublished\":\"2024-05-07T13:49:36+00:00\",\"dateModified\":\"2024-06-13T20:23:37+00:00\",\"breadcrumb\":{\"@id\":\"https:\/\/www.commoncause.org\/maryland\/donate\/#breadcrumb\"},\"inLanguage\":\"pt-PT\",\"potentialAction\":[{\"@type\":\"ReadAction\",\"target\":[\"https:\/\/www.commoncause.org\/maryland\/donate\/\"]}]},{\"@type\":\"BreadcrumbList\",\"@id\":\"https:\/\/www.commoncause.org\/maryland\/donate\/#breadcrumb\",\"itemListElement\":[{\"@type\":\"ListItem\",\"position\":1,\"name\":\"Home\",\"item\":\"https:\/\/www.commoncause.org\/maryland\/\"},{\"@type\":\"ListItem\",\"position\":2,\"name\":\"MD Donate\"}]},{\"@type\":\"WebSite\",\"@id\":\"https:\/\/www.commoncause.org\/maryland\/#website\",\"url\":\"https:\/\/www.commoncause.org\/maryland\/\",\"name\":\"Common Cause Maryland\",\"description\":\"\",\"potentialAction\":[{\"@type\":\"SearchAction\",\"target\":{\"@type\":\"EntryPoint\",\"urlTemplate\":\"https:\/\/www.commoncause.org\/maryland\/?s={search_term_string}\"},\"query-input\":{\"@type\":\"PropertyValueSpecification\",\"valueRequired\":true,\"valueName\":\"search_term_string\"}}],\"inLanguage\":\"pt-PT\"}]}<\/script>\n<!-- \/ Yoast SEO Premium plugin. -->","yoast_head_json":{"title":"Doa\u00e7\u00e3o MD - Common Cause Maryland","robots":{"index":"index","follow":"follow","max-snippet":"max-snippet:-1","max-image-preview":"max-image-preview:large","max-video-preview":"max-video-preview:-1"},"canonical":"https:\/\/www.commoncause.org\/maryland\/pt\/doar\/","og_locale":"pt_PT","og_type":"article","og_title":"MD Donate","og_url":"https:\/\/www.commoncause.org\/maryland\/pt\/doar\/","og_site_name":"Common Cause Maryland","article_modified_time":"2024-06-13T20:23:37+00:00","og_image":[{"width":1200,"height":630,"url":"https:\/\/www.commoncause.org\/maryland\/wp-content\/uploads\/2024\/08\/common-cause-share-image.png","type":"image\/png"}],"twitter_card":"summary_large_image","schema":{"@context":"https:\/\/schema.org","@graph":[{"@type":"WebPage","@id":"https:\/\/www.commoncause.org\/maryland\/donate\/","url":"https:\/\/www.commoncause.org\/maryland\/donate\/","name":"Doa\u00e7\u00e3o MD - Common Cause Maryland","isPartOf":{"@id":"https:\/\/www.commoncause.org\/maryland\/#website"},"datePublished":"2024-05-07T13:49:36+00:00","dateModified":"2024-06-13T20:23:37+00:00","breadcrumb":{"@id":"https:\/\/www.commoncause.org\/maryland\/donate\/#breadcrumb"},"inLanguage":"pt-PT","potentialAction":[{"@type":"ReadAction","target":["https:\/\/www.commoncause.org\/maryland\/donate\/"]}]},{"@type":"BreadcrumbList","@id":"https:\/\/www.commoncause.org\/maryland\/donate\/#breadcrumb","itemListElement":[{"@type":"ListItem","position":1,"name":"Home","item":"https:\/\/www.commoncause.org\/maryland\/"},{"@type":"ListItem","position":2,"name":"MD Donate"}]},{"@type":"WebSite","@id":"https:\/\/www.commoncause.org\/maryland\/#website","url":"https:\/\/www.commoncause.org\/maryland\/","name":"Causa Comum Maryland","description":"","potentialAction":[{"@type":"SearchAction","target":{"@type":"EntryPoint","urlTemplate":"https:\/\/www.commoncause.org\/maryland\/?s={search_term_string}"},"query-input":{"@type":"PropertyValueSpecification","valueRequired":true,"valueName":"search_term_string"}}],"inLanguage":"pt-PT"}]}},"distributor_meta":false,"distributor_terms":false,"distributor_media":false,"distributor_original_site_name":"Common Cause Maryland","distributor_original_site_url":"https:\/\/www.commoncause.org\/maryland\/pt","push-errors":false,"_links":{"self":[{"href":"https:\/\/www.commoncause.org\/maryland\/pt\/wp-json\/wp\/v2\/pages\/24","targetHints":{"allow":["GET"]}}],"collection":[{"href":"https:\/\/www.commoncause.org\/maryland\/pt\/wp-json\/wp\/v2\/pages"}],"about":[{"href":"https:\/\/www.commoncause.org\/maryland\/pt\/wp-json\/wp\/v2\/types\/page"}],"author":[{"embeddable":true,"href":"https:\/\/www.commoncause.org\/maryland\/pt\/wp-json\/wp\/v2\/users\/1"}],"replies":[{"embeddable":true,"href":"https:\/\/www.commoncause.org\/maryland\/pt\/wp-json\/wp\/v2\/comments?post=24"}],"version-history":[{"count":20,"href":"https:\/\/www.commoncause.org\/maryland\/pt\/wp-json\/wp\/v2\/pages\/24\/revisions"}],"predecessor-version":[{"id":1001,"href":"https:\/\/www.commoncause.org\/maryland\/pt\/wp-json\/wp\/v2\/pages\/24\/revisions\/1001"}],"wp:attachment":[{"href":"https:\/\/www.commoncause.org\/maryland\/pt\/wp-json\/wp\/v2\/media?parent=24"}],"curies":[{"name":"wp","href":"https:\/\/api.w.org\/{rel}","templated":true}]}}