{"id":20,"date":"2024-05-07T13:45:37","date_gmt":"2024-05-07T13:45:37","guid":{"rendered":"https:\/\/www.commoncause.org\/maryland\/about-us\/"},"modified":"2024-10-21T15:53:22","modified_gmt":"2024-10-21T19:53:22","slug":"sobre-nos","status":"publish","type":"page","link":"https:\/\/www.commoncause.org\/maryland\/pt\/about-us\/","title":{"rendered":"MD Sobre n\u00f3s"},"content":{"rendered":"","protected":false},"excerpt":{"rendered":"","protected":false},"author":2,"featured_media":0,"parent":0,"menu_order":0,"comment_status":"closed","ping_status":"closed","template":"","meta":{"_acf_changed":false,"_relevanssi_hide_post":"","_relevanssi_hide_content":"","_relevanssi_pin_for_all":"","_relevanssi_pin_keywords":"","_relevanssi_unpin_keywords":"","_relevanssi_related_keywords":"","_relevanssi_related_include_ids":"","_relevanssi_related_exclude_ids":"","_relevanssi_related_no_append":"","_relevanssi_related_not_related":"","_relevanssi_related_posts":"","_relevanssi_noindex_reason":""},"class_list":["post-20","page","type-page","status-publish","hentry"],"acf":{"header":{"component_page_header":{"header_type":"default","title":"Sobre n\u00f3s","lead":"","image":"","subnavigation":true}},"sidebar":{"helper_enable_sidebar":false,"helper_media_contact":{"heading":"","manually_enter_person":false,"person":"","name":"","role":"","phone":"","email":""},"helper_links_downloads":{"heading":"","links":null}},"page_layout":[{"acf_fc_layout":"layout_wysiwyg","_acfe_flexible_toggle":"","component_wysiwyg":{"content":"<h4>Por 50 anos, a Common Cause Maryland e nossos membros lutaram pela democracia que merecemos.<\/h4>\r\nFundada em 1974, a Common Cause Maryland \u00e9 um dos grupos de fiscaliza\u00e7\u00e3o mais eficazes do estado e tem sido uma forte for\u00e7a de reforma nos n\u00edveis estadual e local - colocando sua expertise em pol\u00edticas estaduais e nacionais, enorme rede de apoiadores de base e abordagem apartid\u00e1ria em a\u00e7\u00e3o para fortalecer nossa democracia contra os desafios que enfrenta hoje. Trabalhamos em todos os n\u00edveis de governo em prioridades que impactam a vida de cada um de n\u00f3s - como defender o direito ao voto, limitar a influ\u00eancia do Big Money em nossas elei\u00e7\u00f5es, responsabilizar funcion\u00e1rios p\u00fablicos e muito mais. Nossos esfor\u00e7os s\u00e3o impulsionados por nossa sede nacional em Washington, D.C. e nossos mais de 25 escrit\u00f3rios estaduais, liderados por equipes de especialistas locais que sabem como conquistar reformas impactantes que fortale\u00e7am nossa democracia. Quando N\u00f3s, o Povo, nos unimos, podemos fazer uma diferen\u00e7a real e duradoura. Agir com a Common Cause Maryland significa juntar-se a um movimento nacional em busca de uma democracia que d\u00ea a todos n\u00f3s voz nas decis\u00f5es que moldam nosso futuro. Nossa miss\u00e3o: A Common Cause Maryland \u00e9 uma organiza\u00e7\u00e3o apartid\u00e1ria de base dedicada a defender os valores fundamentais da democracia americana. Trabalhamos para criar um governo aberto, honesto e respons\u00e1vel que atenda ao interesse p\u00fablico; promova direitos iguais, oportunidades e representa\u00e7\u00e3o para todos; e capacite todas as pessoas a fazerem suas vozes serem ouvidas no processo pol\u00edtico."}},{"acf_fc_layout":"layout_accordion","_acfe_flexible_toggle":"","component_accordion":{"heading":"Common Cause Maryland works...","panels":[{"panel_heading":"In the Legislature and Local Governments","panel_copy":"At the state, local, and at times municipal level, Common Cause Maryland works with officials from across the political spectrum to pass proven, common-sense solutions and stop attacks on our rights. Our team members and supporters make frequent visits to the statehouse and local government buildings, meeting with decision-makers to discuss target legislation. We have a long history of making lasting changes through the legislative process."},{"panel_heading":"On the Ground","panel_copy":"Common Cause Maryland's power lies in its over 32 thousand supporters throughout the state. We mobilize our members at lobby days in Annapolis to advocate for key reforms and shut down harmful bills; as Election Protection monitors, helping voters each Election Day; at pro-democracy rallies and demonstrations; and much, much more. We know that when our members turn out and work together, we get results."},{"panel_heading":"And Beyond...","panel_copy":"Common Cause Maryland is committed to leading the most important fights for our democracy, no matter where they occur. We show up in many ways\u2014including online, where our members contact legislators in support of target bills, spread the word about our work on social media, and report harmful election disinformation."}]}},{"acf_fc_layout":"layout_wysiwyg","_acfe_flexible_toggle":"","component_wysiwyg":{"content":"<h4 class=\"p1\">Nosso compromisso com a equidade<\/h4>\r\n<p class=\"p1\">A miss\u00e3o da Common Cause Maryland n\u00e3o \u00e9 apenas consertar sistemas de governan\u00e7a falidos, mas tamb\u00e9m, e mais importante, mudar sistemas injustos que est\u00e3o funcionando como planejado para impedir uma democracia que funcione para todos. N\u00e3o estamos &quot;restaurando&quot; ou &quot;reconstruindo&quot; uma democracia, mas sim nos esfor\u00e7ando para criar um governo verdadeiramente representativo e inclusivo pela primeira vez.<\/p>\r\n<p class=\"p1\">Sabemos que a equidade e a inclus\u00e3o racial devem estar no centro do que buscamos ser, assim como a equidade e a inclus\u00e3o para todos os indiv\u00edduos, independentemente de identidades e diferen\u00e7as (etnia, g\u00eanero, defici\u00eancia, orienta\u00e7\u00e3o sexual, identidade de g\u00eanero, nacionalidade, cren\u00e7as religiosas, tribo, casta, idade, classe, estilos de pensamento e comunica\u00e7\u00e3o, etc.).<\/p>\r\n<p class=\"p1\">Esses valores s\u00e3o essenciais para a execu\u00e7\u00e3o bem-sucedida da nossa miss\u00e3o de criar um governo aberto, honesto e respons\u00e1vel que atenda ao interesse p\u00fablico; promova direitos iguais, oportunidades e representa\u00e7\u00e3o para todos; e capacite cada cidad\u00e3o de Maryland a participar plenamente do processo pol\u00edtico.<\/p>\r\n<p class=\"p1\"><\/p>"}},{"acf_fc_layout":"layout_banner","_acfe_flexible_toggle":"","component_banner":{"use_donate_banner":true,"title":"Title [highlight]with highlighting[\/highlight] and additional text.","button":null,"image":null}}]},"yoast_head":"<!-- This site is optimized with the Yoast SEO Premium plugin v26.6 (Yoast SEO v27.1.1) - https:\/\/yoast.com\/product\/yoast-seo-premium-wordpress\/ -->\n<title>MD About Us - Common Cause Maryland<\/title>\n<meta name=\"robots\" content=\"index, follow, max-snippet:-1, max-image-preview:large, max-video-preview:-1\" \/>\n<link rel=\"canonical\" href=\"https:\/\/www.commoncause.org\/maryland\/pt\/sobre-nos\/\" \/>\n<meta property=\"og:locale\" content=\"pt_PT\" \/>\n<meta property=\"og:type\" content=\"article\" \/>\n<meta property=\"og:title\" content=\"MD About Us\" \/>\n<meta property=\"og:url\" content=\"https:\/\/www.commoncause.org\/maryland\/pt\/sobre-nos\/\" \/>\n<meta property=\"og:site_name\" content=\"Common Cause Maryland\" \/>\n<meta property=\"article:modified_time\" content=\"2024-10-21T19:53:22+00:00\" \/>\n<meta property=\"og:image\" content=\"https:\/\/www.commoncause.org\/maryland\/wp-content\/uploads\/2024\/08\/common-cause-share-image.png\" \/>\n\t<meta property=\"og:image:width\" content=\"1200\" \/>\n\t<meta property=\"og:image:height\" content=\"630\" \/>\n\t<meta property=\"og:image:type\" content=\"image\/png\" \/>\n<meta name=\"twitter:card\" content=\"summary_large_image\" \/>\n<script type=\"application\/ld+json\" class=\"yoast-schema-graph\">{\"@context\":\"https:\/\/schema.org\",\"@graph\":[{\"@type\":\"WebPage\",\"@id\":\"https:\/\/www.commoncause.org\/maryland\/about-us\/\",\"url\":\"https:\/\/www.commoncause.org\/maryland\/about-us\/\",\"name\":\"MD About Us - Common Cause Maryland\",\"isPartOf\":{\"@id\":\"https:\/\/www.commoncause.org\/maryland\/#website\"},\"datePublished\":\"2024-05-07T13:45:37+00:00\",\"dateModified\":\"2024-10-21T19:53:22+00:00\",\"breadcrumb\":{\"@id\":\"https:\/\/www.commoncause.org\/maryland\/about-us\/#breadcrumb\"},\"inLanguage\":\"pt-PT\",\"potentialAction\":[{\"@type\":\"ReadAction\",\"target\":[\"https:\/\/www.commoncause.org\/maryland\/about-us\/\"]}]},{\"@type\":\"BreadcrumbList\",\"@id\":\"https:\/\/www.commoncause.org\/maryland\/about-us\/#breadcrumb\",\"itemListElement\":[{\"@type\":\"ListItem\",\"position\":1,\"name\":\"Home\",\"item\":\"https:\/\/www.commoncause.org\/maryland\/\"},{\"@type\":\"ListItem\",\"position\":2,\"name\":\"MD About Us\"}]},{\"@type\":\"WebSite\",\"@id\":\"https:\/\/www.commoncause.org\/maryland\/#website\",\"url\":\"https:\/\/www.commoncause.org\/maryland\/\",\"name\":\"Common Cause Maryland\",\"description\":\"\",\"potentialAction\":[{\"@type\":\"SearchAction\",\"target\":{\"@type\":\"EntryPoint\",\"urlTemplate\":\"https:\/\/www.commoncause.org\/maryland\/?s={search_term_string}\"},\"query-input\":{\"@type\":\"PropertyValueSpecification\",\"valueRequired\":true,\"valueName\":\"search_term_string\"}}],\"inLanguage\":\"pt-PT\"}]}<\/script>\n<!-- \/ Yoast SEO Premium plugin. -->","yoast_head_json":{"title":"MD Sobre n\u00f3s - Common Cause Maryland","robots":{"index":"index","follow":"follow","max-snippet":"max-snippet:-1","max-image-preview":"max-image-preview:large","max-video-preview":"max-video-preview:-1"},"canonical":"https:\/\/www.commoncause.org\/maryland\/pt\/sobre-nos\/","og_locale":"pt_PT","og_type":"article","og_title":"MD About Us","og_url":"https:\/\/www.commoncause.org\/maryland\/pt\/sobre-nos\/","og_site_name":"Common Cause Maryland","article_modified_time":"2024-10-21T19:53:22+00:00","og_image":[{"width":1200,"height":630,"url":"https:\/\/www.commoncause.org\/maryland\/wp-content\/uploads\/2024\/08\/common-cause-share-image.png","type":"image\/png"}],"twitter_card":"summary_large_image","schema":{"@context":"https:\/\/schema.org","@graph":[{"@type":"WebPage","@id":"https:\/\/www.commoncause.org\/maryland\/about-us\/","url":"https:\/\/www.commoncause.org\/maryland\/about-us\/","name":"MD Sobre n\u00f3s - Common Cause Maryland","isPartOf":{"@id":"https:\/\/www.commoncause.org\/maryland\/#website"},"datePublished":"2024-05-07T13:45:37+00:00","dateModified":"2024-10-21T19:53:22+00:00","breadcrumb":{"@id":"https:\/\/www.commoncause.org\/maryland\/about-us\/#breadcrumb"},"inLanguage":"pt-PT","potentialAction":[{"@type":"ReadAction","target":["https:\/\/www.commoncause.org\/maryland\/about-us\/"]}]},{"@type":"BreadcrumbList","@id":"https:\/\/www.commoncause.org\/maryland\/about-us\/#breadcrumb","itemListElement":[{"@type":"ListItem","position":1,"name":"Home","item":"https:\/\/www.commoncause.org\/maryland\/"},{"@type":"ListItem","position":2,"name":"MD About Us"}]},{"@type":"WebSite","@id":"https:\/\/www.commoncause.org\/maryland\/#website","url":"https:\/\/www.commoncause.org\/maryland\/","name":"Causa Comum Maryland","description":"","potentialAction":[{"@type":"SearchAction","target":{"@type":"EntryPoint","urlTemplate":"https:\/\/www.commoncause.org\/maryland\/?s={search_term_string}"},"query-input":{"@type":"PropertyValueSpecification","valueRequired":true,"valueName":"search_term_string"}}],"inLanguage":"pt-PT"}]}},"distributor_meta":false,"distributor_terms":false,"distributor_media":false,"distributor_original_site_name":"Common Cause Maryland","distributor_original_site_url":"https:\/\/www.commoncause.org\/maryland\/pt","push-errors":false,"_links":{"self":[{"href":"https:\/\/www.commoncause.org\/maryland\/pt\/wp-json\/wp\/v2\/pages\/20","targetHints":{"allow":["GET"]}}],"collection":[{"href":"https:\/\/www.commoncause.org\/maryland\/pt\/wp-json\/wp\/v2\/pages"}],"about":[{"href":"https:\/\/www.commoncause.org\/maryland\/pt\/wp-json\/wp\/v2\/types\/page"}],"author":[{"embeddable":true,"href":"https:\/\/www.commoncause.org\/maryland\/pt\/wp-json\/wp\/v2\/users\/2"}],"replies":[{"embeddable":true,"href":"https:\/\/www.commoncause.org\/maryland\/pt\/wp-json\/wp\/v2\/comments?post=20"}],"version-history":[{"count":17,"href":"https:\/\/www.commoncause.org\/maryland\/pt\/wp-json\/wp\/v2\/pages\/20\/revisions"}],"predecessor-version":[{"id":1713,"href":"https:\/\/www.commoncause.org\/maryland\/pt\/wp-json\/wp\/v2\/pages\/20\/revisions\/1713"}],"wp:attachment":[{"href":"https:\/\/www.commoncause.org\/maryland\/pt\/wp-json\/wp\/v2\/media?parent=20"}],"curies":[{"name":"wp","href":"https:\/\/api.w.org\/{rel}","templated":true}]}}