{"id":20,"date":"2024-05-07T13:45:37","date_gmt":"2024-05-07T13:45:37","guid":{"rendered":"https:\/\/www.commoncause.org\/maryland\/about-us\/"},"modified":"2024-10-21T15:53:22","modified_gmt":"2024-10-21T19:53:22","slug":"a-propos-de-nous","status":"publish","type":"page","link":"https:\/\/www.commoncause.org\/maryland\/fr\/about-us\/","title":{"rendered":"MD \u00c0 propos de nous"},"content":{"rendered":"","protected":false},"excerpt":{"rendered":"","protected":false},"author":2,"featured_media":0,"parent":0,"menu_order":0,"comment_status":"closed","ping_status":"closed","template":"","meta":{"_acf_changed":false,"_relevanssi_hide_post":"","_relevanssi_hide_content":"","_relevanssi_pin_for_all":"","_relevanssi_pin_keywords":"","_relevanssi_unpin_keywords":"","_relevanssi_related_keywords":"","_relevanssi_related_include_ids":"","_relevanssi_related_exclude_ids":"","_relevanssi_related_no_append":"","_relevanssi_related_not_related":"","_relevanssi_related_posts":"","_relevanssi_noindex_reason":""},"class_list":["post-20","page","type-page","status-publish","hentry"],"acf":{"header":{"component_page_header":{"header_type":"default","title":"\u00c0 propos de nous","lead":"","image":"","subnavigation":true}},"sidebar":{"helper_enable_sidebar":false,"helper_media_contact":{"heading":"","manually_enter_person":false,"person":"","name":"","role":"","phone":"","email":""},"helper_links_downloads":{"heading":"","links":null}},"page_layout":[{"acf_fc_layout":"layout_wysiwyg","_acfe_flexible_toggle":"","component_wysiwyg":{"content":"<h4>Depuis 50 ans, Common Cause Maryland et nos membres se battent pour la d\u00e9mocratie que nous m\u00e9ritons.<\/h4>\r\nFond\u00e9 en 1974, Common Cause Maryland est l&#039;un des groupes de surveillance les plus efficaces de l&#039;\u00c9tat et a \u00e9t\u00e9 un puissant moteur de r\u00e9forme aux niveaux local et r\u00e9gional. Il met \u00e0 profit son expertise en mati\u00e8re de politiques publiques, son vaste r\u00e9seau de sympathisants et son approche non partisane pour renforcer notre d\u00e9mocratie face aux d\u00e9fis actuels. Nous intervenons \u00e0 tous les niveaux de gouvernement sur des priorit\u00e9s qui impactent nos vies, comme la d\u00e9fense du droit de vote, la limitation de l&#039;influence des grands argents sur nos \u00e9lections, la responsabilisation des responsables publics, et bien plus encore. Nos efforts sont port\u00e9s par notre si\u00e8ge national \u00e0 Washington D.C. et nos plus de 25 bureaux d&#039;\u00c9tat, dirig\u00e9s par des \u00e9quipes de sp\u00e9cialistes de terrain qui savent comment obtenir des r\u00e9formes efficaces pour renforcer notre d\u00e9mocratie. En nous rassemblant, nous pouvons faire une diff\u00e9rence r\u00e9elle et durable. Agir avec Common Cause Maryland, c&#039;est rejoindre un mouvement national en faveur d&#039;une d\u00e9mocratie qui nous donne \u00e0 tous la possibilit\u00e9 de participer aux d\u00e9cisions qui fa\u00e7onnent notre avenir. Notre mission\u00a0: Common Cause Maryland est une organisation citoyenne et non partisane qui se consacre \u00e0 la d\u00e9fense des valeurs fondamentales de la d\u00e9mocratie am\u00e9ricaine. Nous travaillons \u00e0 cr\u00e9er un gouvernement ouvert, honn\u00eate et responsable qui sert l\u2019int\u00e9r\u00eat public ; \u00e0 promouvoir l\u2019\u00e9galit\u00e9 des droits, des opportunit\u00e9s et de la repr\u00e9sentation pour tous ; et \u00e0 permettre \u00e0 tous de faire entendre leur voix dans le processus politique."}},{"acf_fc_layout":"layout_accordion","_acfe_flexible_toggle":"","component_accordion":{"heading":"Common Cause Maryland works...","panels":[{"panel_heading":"In the Legislature and Local Governments","panel_copy":"At the state, local, and at times municipal level, Common Cause Maryland works with officials from across the political spectrum to pass proven, common-sense solutions and stop attacks on our rights. Our team members and supporters make frequent visits to the statehouse and local government buildings, meeting with decision-makers to discuss target legislation. We have a long history of making lasting changes through the legislative process."},{"panel_heading":"On the Ground","panel_copy":"Common Cause Maryland's power lies in its over 32 thousand supporters throughout the state. We mobilize our members at lobby days in Annapolis to advocate for key reforms and shut down harmful bills; as Election Protection monitors, helping voters each Election Day; at pro-democracy rallies and demonstrations; and much, much more. We know that when our members turn out and work together, we get results."},{"panel_heading":"And Beyond...","panel_copy":"Common Cause Maryland is committed to leading the most important fights for our democracy, no matter where they occur. We show up in many ways\u2014including online, where our members contact legislators in support of target bills, spread the word about our work on social media, and report harmful election disinformation."}]}},{"acf_fc_layout":"layout_wysiwyg","_acfe_flexible_toggle":"","component_wysiwyg":{"content":"<h4 class=\"p1\">Notre engagement en faveur de l\u2019\u00e9quit\u00e9<\/h4>\r\n<p class=\"p1\">La mission de Common Cause Maryland ne consiste pas seulement \u00e0 r\u00e9parer les syst\u00e8mes de gouvernance d\u00e9faillants, mais aussi, et surtout, \u00e0 changer les syst\u00e8mes in\u00e9quitables qui, comme pr\u00e9vu, emp\u00eachent une d\u00e9mocratie accessible \u00e0 tous. Nous ne cherchons pas \u00e0 \u00ab\u00a0restaurer\u00a0\u00bb ou \u00e0 \u00ab\u00a0reconstruire\u00a0\u00bb une d\u00e9mocratie, mais plut\u00f4t \u00e0 cr\u00e9er, pour la premi\u00e8re fois, un gouvernement v\u00e9ritablement repr\u00e9sentatif et inclusif.<\/p>\r\n<p class=\"p1\">Nous savons que l\u2019\u00e9quit\u00e9 raciale et l\u2019inclusion doivent \u00eatre au c\u0153ur de ce que nous nous effor\u00e7ons d\u2019\u00eatre, tout comme l\u2019\u00e9quit\u00e9 et l\u2019inclusion pour tous les individus, quelles que soient leurs identit\u00e9s et leurs diff\u00e9rences (ethnicit\u00e9, sexe, handicap, orientation sexuelle, identit\u00e9 de genre, origine nationale, croyances religieuses, tribu, caste, \u00e2ge, classe, styles de pens\u00e9e et de communication, etc.).<\/p>\r\n<p class=\"p1\">Ces valeurs sont essentielles \u00e0 la r\u00e9ussite de notre mission visant \u00e0 cr\u00e9er un gouvernement ouvert, honn\u00eate et responsable qui sert l\u2019int\u00e9r\u00eat public, promeut l\u2019\u00e9galit\u00e9 des droits, des opportunit\u00e9s et une repr\u00e9sentation pour tous et permet \u00e0 chaque Marylander de participer pleinement au processus politique.<\/p>\r\n<p class=\"p1\"><\/p>"}},{"acf_fc_layout":"layout_banner","_acfe_flexible_toggle":"","component_banner":{"use_donate_banner":true,"title":"Title [highlight]with highlighting[\/highlight] and additional text.","button":null,"image":null}}]},"yoast_head":"<!-- This site is optimized with the Yoast SEO Premium plugin v26.6 (Yoast SEO v27.1.1) - https:\/\/yoast.com\/product\/yoast-seo-premium-wordpress\/ -->\n<title>MD About Us - Common Cause Maryland<\/title>\n<meta name=\"robots\" content=\"index, follow, max-snippet:-1, max-image-preview:large, max-video-preview:-1\" \/>\n<link rel=\"canonical\" href=\"https:\/\/www.commoncause.org\/maryland\/fr\/a-propos-de-nous\/\" \/>\n<meta property=\"og:locale\" content=\"fr_FR\" \/>\n<meta property=\"og:type\" content=\"article\" \/>\n<meta property=\"og:title\" content=\"MD About Us\" \/>\n<meta property=\"og:url\" content=\"https:\/\/www.commoncause.org\/maryland\/fr\/a-propos-de-nous\/\" \/>\n<meta property=\"og:site_name\" content=\"Common Cause Maryland\" \/>\n<meta property=\"article:modified_time\" content=\"2024-10-21T19:53:22+00:00\" \/>\n<meta property=\"og:image\" content=\"https:\/\/www.commoncause.org\/maryland\/wp-content\/uploads\/2024\/08\/common-cause-share-image.png\" \/>\n\t<meta property=\"og:image:width\" content=\"1200\" \/>\n\t<meta property=\"og:image:height\" content=\"630\" \/>\n\t<meta property=\"og:image:type\" content=\"image\/png\" \/>\n<meta name=\"twitter:card\" content=\"summary_large_image\" \/>\n<script type=\"application\/ld+json\" class=\"yoast-schema-graph\">{\"@context\":\"https:\/\/schema.org\",\"@graph\":[{\"@type\":\"WebPage\",\"@id\":\"https:\/\/www.commoncause.org\/maryland\/about-us\/\",\"url\":\"https:\/\/www.commoncause.org\/maryland\/about-us\/\",\"name\":\"MD About Us - Common Cause Maryland\",\"isPartOf\":{\"@id\":\"https:\/\/www.commoncause.org\/maryland\/#website\"},\"datePublished\":\"2024-05-07T13:45:37+00:00\",\"dateModified\":\"2024-10-21T19:53:22+00:00\",\"breadcrumb\":{\"@id\":\"https:\/\/www.commoncause.org\/maryland\/about-us\/#breadcrumb\"},\"inLanguage\":\"fr-FR\",\"potentialAction\":[{\"@type\":\"ReadAction\",\"target\":[\"https:\/\/www.commoncause.org\/maryland\/about-us\/\"]}]},{\"@type\":\"BreadcrumbList\",\"@id\":\"https:\/\/www.commoncause.org\/maryland\/about-us\/#breadcrumb\",\"itemListElement\":[{\"@type\":\"ListItem\",\"position\":1,\"name\":\"Home\",\"item\":\"https:\/\/www.commoncause.org\/maryland\/\"},{\"@type\":\"ListItem\",\"position\":2,\"name\":\"MD About Us\"}]},{\"@type\":\"WebSite\",\"@id\":\"https:\/\/www.commoncause.org\/maryland\/#website\",\"url\":\"https:\/\/www.commoncause.org\/maryland\/\",\"name\":\"Common Cause Maryland\",\"description\":\"\",\"potentialAction\":[{\"@type\":\"SearchAction\",\"target\":{\"@type\":\"EntryPoint\",\"urlTemplate\":\"https:\/\/www.commoncause.org\/maryland\/?s={search_term_string}\"},\"query-input\":{\"@type\":\"PropertyValueSpecification\",\"valueRequired\":true,\"valueName\":\"search_term_string\"}}],\"inLanguage\":\"fr-FR\"}]}<\/script>\n<!-- \/ Yoast SEO Premium plugin. -->","yoast_head_json":{"title":"MD \u00c0 propos de nous - Common Cause Maryland","robots":{"index":"index","follow":"follow","max-snippet":"max-snippet:-1","max-image-preview":"max-image-preview:large","max-video-preview":"max-video-preview:-1"},"canonical":"https:\/\/www.commoncause.org\/maryland\/fr\/a-propos-de-nous\/","og_locale":"fr_FR","og_type":"article","og_title":"MD About Us","og_url":"https:\/\/www.commoncause.org\/maryland\/fr\/a-propos-de-nous\/","og_site_name":"Common Cause Maryland","article_modified_time":"2024-10-21T19:53:22+00:00","og_image":[{"width":1200,"height":630,"url":"https:\/\/www.commoncause.org\/maryland\/wp-content\/uploads\/2024\/08\/common-cause-share-image.png","type":"image\/png"}],"twitter_card":"summary_large_image","schema":{"@context":"https:\/\/schema.org","@graph":[{"@type":"WebPage","@id":"https:\/\/www.commoncause.org\/maryland\/about-us\/","url":"https:\/\/www.commoncause.org\/maryland\/about-us\/","name":"MD \u00c0 propos de nous - Common Cause Maryland","isPartOf":{"@id":"https:\/\/www.commoncause.org\/maryland\/#website"},"datePublished":"2024-05-07T13:45:37+00:00","dateModified":"2024-10-21T19:53:22+00:00","breadcrumb":{"@id":"https:\/\/www.commoncause.org\/maryland\/about-us\/#breadcrumb"},"inLanguage":"fr-FR","potentialAction":[{"@type":"ReadAction","target":["https:\/\/www.commoncause.org\/maryland\/about-us\/"]}]},{"@type":"BreadcrumbList","@id":"https:\/\/www.commoncause.org\/maryland\/about-us\/#breadcrumb","itemListElement":[{"@type":"ListItem","position":1,"name":"Home","item":"https:\/\/www.commoncause.org\/maryland\/"},{"@type":"ListItem","position":2,"name":"MD About Us"}]},{"@type":"WebSite","@id":"https:\/\/www.commoncause.org\/maryland\/#website","url":"https:\/\/www.commoncause.org\/maryland\/","name":"Cause commune Maryland","description":"","potentialAction":[{"@type":"SearchAction","target":{"@type":"EntryPoint","urlTemplate":"https:\/\/www.commoncause.org\/maryland\/?s={search_term_string}"},"query-input":{"@type":"PropertyValueSpecification","valueRequired":true,"valueName":"search_term_string"}}],"inLanguage":"fr-FR"}]}},"distributor_meta":false,"distributor_terms":false,"distributor_media":false,"distributor_original_site_name":"Common Cause Maryland","distributor_original_site_url":"https:\/\/www.commoncause.org\/maryland\/fr","push-errors":false,"_links":{"self":[{"href":"https:\/\/www.commoncause.org\/maryland\/fr\/wp-json\/wp\/v2\/pages\/20","targetHints":{"allow":["GET"]}}],"collection":[{"href":"https:\/\/www.commoncause.org\/maryland\/fr\/wp-json\/wp\/v2\/pages"}],"about":[{"href":"https:\/\/www.commoncause.org\/maryland\/fr\/wp-json\/wp\/v2\/types\/page"}],"author":[{"embeddable":true,"href":"https:\/\/www.commoncause.org\/maryland\/fr\/wp-json\/wp\/v2\/users\/2"}],"replies":[{"embeddable":true,"href":"https:\/\/www.commoncause.org\/maryland\/fr\/wp-json\/wp\/v2\/comments?post=20"}],"version-history":[{"count":17,"href":"https:\/\/www.commoncause.org\/maryland\/fr\/wp-json\/wp\/v2\/pages\/20\/revisions"}],"predecessor-version":[{"id":1713,"href":"https:\/\/www.commoncause.org\/maryland\/fr\/wp-json\/wp\/v2\/pages\/20\/revisions\/1713"}],"wp:attachment":[{"href":"https:\/\/www.commoncause.org\/maryland\/fr\/wp-json\/wp\/v2\/media?parent=20"}],"curies":[{"name":"wp","href":"https:\/\/api.w.org\/{rel}","templated":true}]}}