{"id":20,"date":"2024-05-07T13:45:37","date_gmt":"2024-05-07T13:45:37","guid":{"rendered":"https:\/\/www.commoncause.org\/maryland\/about-us\/"},"modified":"2024-10-21T15:53:22","modified_gmt":"2024-10-21T19:53:22","slug":"sobre-nosotros","status":"publish","type":"page","link":"https:\/\/www.commoncause.org\/maryland\/es\/about-us\/","title":{"rendered":"MD Acerca de nosotros"},"content":{"rendered":"","protected":false},"excerpt":{"rendered":"","protected":false},"author":2,"featured_media":0,"parent":0,"menu_order":0,"comment_status":"closed","ping_status":"closed","template":"","meta":{"_acf_changed":false,"_relevanssi_hide_post":"","_relevanssi_hide_content":"","_relevanssi_pin_for_all":"","_relevanssi_pin_keywords":"","_relevanssi_unpin_keywords":"","_relevanssi_related_keywords":"","_relevanssi_related_include_ids":"","_relevanssi_related_exclude_ids":"","_relevanssi_related_no_append":"","_relevanssi_related_not_related":"","_relevanssi_related_posts":"","_relevanssi_noindex_reason":""},"class_list":["post-20","page","type-page","status-publish","hentry"],"acf":{"header":{"component_page_header":{"header_type":"default","title":"Sobre nosotros","lead":"","image":"","subnavigation":true}},"sidebar":{"helper_enable_sidebar":false,"helper_media_contact":{"heading":"","manually_enter_person":false,"person":"","name":"","role":"","phone":"","email":""},"helper_links_downloads":{"heading":"","links":null}},"page_layout":[{"acf_fc_layout":"layout_wysiwyg","_acfe_flexible_toggle":"","component_wysiwyg":{"content":"<h4>Durante 50 a\u00f1os, Common Cause Maryland y nuestros miembros hemos luchado por la democracia que merecemos.<\/h4>\r\nFundada en 1974, Common Cause Maryland es uno de los grupos de vigilancia m\u00e1s eficaces del estado y ha sido una fuerza impulsora de reformas a nivel estatal y local, poniendo en pr\u00e1ctica su experiencia en pol\u00edticas estatales y nacionales, su amplia red de apoyo comunitario y su enfoque no partidista para fortalecer nuestra democracia frente a los desaf\u00edos actuales. Trabajamos en todos los niveles de gobierno en prioridades que impactan nuestras vidas, como defender el derecho al voto, limitar la influencia de las grandes corporaciones en nuestras elecciones, exigir responsabilidades a los funcionarios p\u00fablicos y m\u00e1s. Nuestros esfuerzos est\u00e1n impulsados por nuestra sede nacional en Washington D. C. y nuestras m\u00e1s de 25 oficinas estatales, lideradas por equipos de especialistas locales que saben c\u00f3mo lograr reformas impactantes que fortalecen nuestra democracia. Cuando nosotros, el pueblo, nos unimos, podemos marcar una diferencia real y duradera. Actuar con Common Cause Maryland significa unirse a un movimiento nacional en pos de una democracia que nos d\u00e9 a todos voz en las decisiones que definen nuestro futuro. Nuestra misi\u00f3n: Common Cause Maryland es una organizaci\u00f3n no partidista y de base dedicada a defender los valores fundamentales de la democracia estadounidense. Trabajamos para crear un gobierno abierto, honesto y responsable que sirva al inter\u00e9s p\u00fablico; promueva la igualdad de derechos, oportunidades y representaci\u00f3n para todos; y empodere a todas las personas para que hagan o\u00edr su voz en el proceso pol\u00edtico."}},{"acf_fc_layout":"layout_accordion","_acfe_flexible_toggle":"","component_accordion":{"heading":"Common Cause Maryland works...","panels":[{"panel_heading":"In the Legislature and Local Governments","panel_copy":"At the state, local, and at times municipal level, Common Cause Maryland works with officials from across the political spectrum to pass proven, common-sense solutions and stop attacks on our rights. Our team members and supporters make frequent visits to the statehouse and local government buildings, meeting with decision-makers to discuss target legislation. We have a long history of making lasting changes through the legislative process."},{"panel_heading":"On the Ground","panel_copy":"Common Cause Maryland's power lies in its over 32 thousand supporters throughout the state. We mobilize our members at lobby days in Annapolis to advocate for key reforms and shut down harmful bills; as Election Protection monitors, helping voters each Election Day; at pro-democracy rallies and demonstrations; and much, much more. We know that when our members turn out and work together, we get results."},{"panel_heading":"And Beyond...","panel_copy":"Common Cause Maryland is committed to leading the most important fights for our democracy, no matter where they occur. We show up in many ways\u2014including online, where our members contact legislators in support of target bills, spread the word about our work on social media, and report harmful election disinformation."}]}},{"acf_fc_layout":"layout_wysiwyg","_acfe_flexible_toggle":"","component_wysiwyg":{"content":"<h4 class=\"p1\">Nuestro compromiso con la equidad<\/h4>\r\n<p class=\"p1\">La misi\u00f3n de Common Cause Maryland no es solo reparar sistemas de gobierno fallidos, sino tambi\u00e9n, y a\u00fan m\u00e1s importante, cambiar sistemas inequitativos que funcionan seg\u00fan lo previsto, impidiendo una democracia que funcione para todos. No estamos &quot;restaurando&quot; ni &quot;reconstruyendo&quot; una democracia, sino que nos esforzamos por crear un gobierno verdaderamente representativo e inclusivo por primera vez.<\/p>\r\n<p class=\"p1\">Sabemos que la equidad y la inclusi\u00f3n racial deben estar en el centro de lo que nos esforzamos por ser, al igual que la equidad y la inclusi\u00f3n de todos los individuos a trav\u00e9s de identidades y diferencias (etnia, g\u00e9nero, discapacidad, orientaci\u00f3n sexual, identidad de g\u00e9nero, origen nacional, creencias religiosas, tribu, casta, edad, clase, estilos de pensamiento y comunicaci\u00f3n, etc.).<\/p>\r\n<p class=\"p1\">Estos valores son esenciales para la ejecuci\u00f3n exitosa de nuestra misi\u00f3n de crear un gobierno abierto, honesto y responsable que sirva al inter\u00e9s p\u00fablico; promueva la igualdad de derechos, oportunidades y representaci\u00f3n para todos; y empodere a cada habitante de Maryland para participar plenamente en el proceso pol\u00edtico.<\/p>\r\n<p class=\"p1\"><\/p>"}},{"acf_fc_layout":"layout_banner","_acfe_flexible_toggle":"","component_banner":{"use_donate_banner":true,"title":"Title [highlight]with highlighting[\/highlight] and additional text.","button":null,"image":null}}]},"yoast_head":"<!-- This site is optimized with the Yoast SEO Premium plugin v26.6 (Yoast SEO v27.1.1) - https:\/\/yoast.com\/product\/yoast-seo-premium-wordpress\/ -->\n<title>MD About Us - Common Cause Maryland<\/title>\n<meta name=\"robots\" content=\"index, follow, max-snippet:-1, max-image-preview:large, max-video-preview:-1\" \/>\n<link rel=\"canonical\" href=\"https:\/\/www.commoncause.org\/maryland\/es\/sobre-nosotros\/\" \/>\n<meta property=\"og:locale\" content=\"es_MX\" \/>\n<meta property=\"og:type\" content=\"article\" \/>\n<meta property=\"og:title\" content=\"MD About Us\" \/>\n<meta property=\"og:url\" content=\"https:\/\/www.commoncause.org\/maryland\/es\/sobre-nosotros\/\" \/>\n<meta property=\"og:site_name\" content=\"Common Cause Maryland\" \/>\n<meta property=\"article:modified_time\" content=\"2024-10-21T19:53:22+00:00\" \/>\n<meta property=\"og:image\" content=\"https:\/\/www.commoncause.org\/maryland\/wp-content\/uploads\/2024\/08\/common-cause-share-image.png\" \/>\n\t<meta property=\"og:image:width\" content=\"1200\" \/>\n\t<meta property=\"og:image:height\" content=\"630\" \/>\n\t<meta property=\"og:image:type\" content=\"image\/png\" \/>\n<meta name=\"twitter:card\" content=\"summary_large_image\" \/>\n<script type=\"application\/ld+json\" class=\"yoast-schema-graph\">{\"@context\":\"https:\/\/schema.org\",\"@graph\":[{\"@type\":\"WebPage\",\"@id\":\"https:\/\/www.commoncause.org\/maryland\/about-us\/\",\"url\":\"https:\/\/www.commoncause.org\/maryland\/about-us\/\",\"name\":\"MD About Us - Common Cause Maryland\",\"isPartOf\":{\"@id\":\"https:\/\/www.commoncause.org\/maryland\/#website\"},\"datePublished\":\"2024-05-07T13:45:37+00:00\",\"dateModified\":\"2024-10-21T19:53:22+00:00\",\"breadcrumb\":{\"@id\":\"https:\/\/www.commoncause.org\/maryland\/about-us\/#breadcrumb\"},\"inLanguage\":\"es\",\"potentialAction\":[{\"@type\":\"ReadAction\",\"target\":[\"https:\/\/www.commoncause.org\/maryland\/about-us\/\"]}]},{\"@type\":\"BreadcrumbList\",\"@id\":\"https:\/\/www.commoncause.org\/maryland\/about-us\/#breadcrumb\",\"itemListElement\":[{\"@type\":\"ListItem\",\"position\":1,\"name\":\"Home\",\"item\":\"https:\/\/www.commoncause.org\/maryland\/\"},{\"@type\":\"ListItem\",\"position\":2,\"name\":\"MD About Us\"}]},{\"@type\":\"WebSite\",\"@id\":\"https:\/\/www.commoncause.org\/maryland\/#website\",\"url\":\"https:\/\/www.commoncause.org\/maryland\/\",\"name\":\"Common Cause Maryland\",\"description\":\"\",\"potentialAction\":[{\"@type\":\"SearchAction\",\"target\":{\"@type\":\"EntryPoint\",\"urlTemplate\":\"https:\/\/www.commoncause.org\/maryland\/?s={search_term_string}\"},\"query-input\":{\"@type\":\"PropertyValueSpecification\",\"valueRequired\":true,\"valueName\":\"search_term_string\"}}],\"inLanguage\":\"es\"}]}<\/script>\n<!-- \/ Yoast SEO Premium plugin. -->","yoast_head_json":{"title":"MD Acerca de nosotros - Causa com\u00fan Maryland","robots":{"index":"index","follow":"follow","max-snippet":"max-snippet:-1","max-image-preview":"max-image-preview:large","max-video-preview":"max-video-preview:-1"},"canonical":"https:\/\/www.commoncause.org\/maryland\/es\/sobre-nosotros\/","og_locale":"es_MX","og_type":"article","og_title":"MD About Us","og_url":"https:\/\/www.commoncause.org\/maryland\/es\/sobre-nosotros\/","og_site_name":"Common Cause Maryland","article_modified_time":"2024-10-21T19:53:22+00:00","og_image":[{"width":1200,"height":630,"url":"https:\/\/www.commoncause.org\/maryland\/wp-content\/uploads\/2024\/08\/common-cause-share-image.png","type":"image\/png"}],"twitter_card":"summary_large_image","schema":{"@context":"https:\/\/schema.org","@graph":[{"@type":"WebPage","@id":"https:\/\/www.commoncause.org\/maryland\/about-us\/","url":"https:\/\/www.commoncause.org\/maryland\/about-us\/","name":"MD Acerca de nosotros - Causa com\u00fan Maryland","isPartOf":{"@id":"https:\/\/www.commoncause.org\/maryland\/#website"},"datePublished":"2024-05-07T13:45:37+00:00","dateModified":"2024-10-21T19:53:22+00:00","breadcrumb":{"@id":"https:\/\/www.commoncause.org\/maryland\/about-us\/#breadcrumb"},"inLanguage":"es","potentialAction":[{"@type":"ReadAction","target":["https:\/\/www.commoncause.org\/maryland\/about-us\/"]}]},{"@type":"BreadcrumbList","@id":"https:\/\/www.commoncause.org\/maryland\/about-us\/#breadcrumb","itemListElement":[{"@type":"ListItem","position":1,"name":"Home","item":"https:\/\/www.commoncause.org\/maryland\/"},{"@type":"ListItem","position":2,"name":"MD About Us"}]},{"@type":"WebSite","@id":"https:\/\/www.commoncause.org\/maryland\/#website","url":"https:\/\/www.commoncause.org\/maryland\/","name":"Causa com\u00fan Maryland","description":"","potentialAction":[{"@type":"SearchAction","target":{"@type":"EntryPoint","urlTemplate":"https:\/\/www.commoncause.org\/maryland\/?s={search_term_string}"},"query-input":{"@type":"PropertyValueSpecification","valueRequired":true,"valueName":"search_term_string"}}],"inLanguage":"es"}]}},"distributor_meta":false,"distributor_terms":false,"distributor_media":false,"distributor_original_site_name":"Common Cause Maryland","distributor_original_site_url":"https:\/\/www.commoncause.org\/maryland\/es","push-errors":false,"_links":{"self":[{"href":"https:\/\/www.commoncause.org\/maryland\/es\/wp-json\/wp\/v2\/pages\/20","targetHints":{"allow":["GET"]}}],"collection":[{"href":"https:\/\/www.commoncause.org\/maryland\/es\/wp-json\/wp\/v2\/pages"}],"about":[{"href":"https:\/\/www.commoncause.org\/maryland\/es\/wp-json\/wp\/v2\/types\/page"}],"author":[{"embeddable":true,"href":"https:\/\/www.commoncause.org\/maryland\/es\/wp-json\/wp\/v2\/users\/2"}],"replies":[{"embeddable":true,"href":"https:\/\/www.commoncause.org\/maryland\/es\/wp-json\/wp\/v2\/comments?post=20"}],"version-history":[{"count":17,"href":"https:\/\/www.commoncause.org\/maryland\/es\/wp-json\/wp\/v2\/pages\/20\/revisions"}],"predecessor-version":[{"id":1713,"href":"https:\/\/www.commoncause.org\/maryland\/es\/wp-json\/wp\/v2\/pages\/20\/revisions\/1713"}],"wp:attachment":[{"href":"https:\/\/www.commoncause.org\/maryland\/es\/wp-json\/wp\/v2\/media?parent=20"}],"curies":[{"name":"Gracias","href":"https:\/\/api.w.org\/{rel}","templated":true}]}}