{"id":29,"date":"2024-05-07T13:53:21","date_gmt":"2024-05-07T13:53:21","guid":{"rendered":"https:\/\/www.commoncause.org\/indiana\/press\/"},"modified":"2024-08-09T17:24:42","modified_gmt":"2024-08-09T21:24:42","slug":"nhan","status":"publish","type":"page","link":"https:\/\/www.commoncause.org\/indiana\/vi\/press\/","title":{"rendered":"Nh\u1ea5n"},"content":{"rendered":"","protected":false},"excerpt":{"rendered":"","protected":false},"author":2,"featured_media":0,"parent":0,"menu_order":0,"comment_status":"closed","ping_status":"closed","template":"","meta":{"_acf_changed":false,"_relevanssi_hide_post":"","_relevanssi_hide_content":"","_relevanssi_pin_for_all":"","_relevanssi_pin_keywords":"","_relevanssi_unpin_keywords":"","_relevanssi_related_keywords":"","_relevanssi_related_include_ids":"","_relevanssi_related_exclude_ids":"","_relevanssi_related_no_append":"","_relevanssi_related_not_related":"","_relevanssi_related_posts":"","_relevanssi_noindex_reason":""},"class_list":["post-29","page","type-page","status-publish","hentry"],"acf":{"page_layout":[{"acf_fc_layout":"layout_listing_hero","_acfe_flexible_toggle":"","component_listing_hero":{"content_type":"press","manually_curate":false,"featured_post":["{\"site_id\":\"1\",\"post_type\":\"press\",\"post_id\":16068}"],"sticker":"press"}},{"acf_fc_layout":"layout_media_press_contacts","_acfe_flexible_toggle":"","component_media_press_contacts":{"media_enable":true,"media_title":"Media Contacts","media_contacts":[{"name":"Kenny Colston","title":"Regional Communications Strategist (Midwest)","email":"kcolston@commoncause.org","phone":""}],"content":"M\u1ea1ng l\u01b0\u1edbi c\u00e1c chuy\u00ean gia c\u1ea3i c\u00e1ch d\u00e2n ch\u1ee7 c\u1ea5p qu\u1ed1c gia v\u00e0 ti\u1ec3u bang c\u1ee7a Common Cause l\u00e0 nh\u1eefng nh\u00e0 b\u00ecnh lu\u1eadn truy\u1ec1n th\u00f4ng th\u01b0\u1eddng xuy\u00ean. \u0110\u1ec3 trao \u0111\u1ed5i v\u1edbi m\u1ed9t trong nh\u1eefng chuy\u00ean gia c\u1ee7a ch\u00fang t\u00f4i, vui l\u00f2ng li\u00ean h\u1ec7 v\u1edbi b\u1ea5t k\u1ef3 th\u00e0nh vi\u00ean n\u00e0o trong nh\u00f3m b\u00e1o ch\u00ed \u1edf tr\u00ean.","press_enable":false,"press_title":"Press Contacts","press_contacts":[8376,7806]}},{"acf_fc_layout":"layout_latest_listing","_acfe_flexible_toggle":"","component_latest_listing":{"post_types":["press"],"filters":["issue_tax","state","press_type","work_type"],"show_search":true,"show_date_filter":true,"posts_per_page":"12"}}]},"yoast_head":"<!-- This site is optimized with the Yoast SEO Premium plugin v26.6 (Yoast SEO v27.1.1) - https:\/\/yoast.com\/product\/yoast-seo-premium-wordpress\/ -->\n<title>Press - Common Cause Indiana<\/title>\n<meta name=\"robots\" content=\"index, follow, max-snippet:-1, max-image-preview:large, max-video-preview:-1\" \/>\n<link rel=\"canonical\" href=\"https:\/\/www.commoncause.org\/indiana\/vi\/nhan\/\" \/>\n<meta property=\"og:locale\" content=\"vi_VN\" \/>\n<meta property=\"og:type\" content=\"article\" \/>\n<meta property=\"og:title\" content=\"Press\" \/>\n<meta property=\"og:url\" content=\"https:\/\/www.commoncause.org\/indiana\/vi\/nhan\/\" \/>\n<meta property=\"og:site_name\" content=\"Common Cause Indiana\" \/>\n<meta property=\"article:modified_time\" content=\"2024-08-09T21:24:42+00:00\" \/>\n<meta name=\"twitter:card\" content=\"summary_large_image\" \/>\n<meta name=\"twitter:label1\" content=\"Est. reading time\" \/>\n\t<meta name=\"twitter:data1\" content=\"1 minute\" \/>\n<script type=\"application\/ld+json\" class=\"yoast-schema-graph\">{\"@context\":\"https:\/\/schema.org\",\"@graph\":[{\"@type\":\"WebPage\",\"@id\":\"https:\/\/www.commoncause.org\/indiana\/press\/\",\"url\":\"https:\/\/www.commoncause.org\/indiana\/press\/\",\"name\":\"Press - Common Cause Indiana\",\"isPartOf\":{\"@id\":\"https:\/\/www.commoncause.org\/indiana\/#website\"},\"datePublished\":\"2024-05-07T13:53:21+00:00\",\"dateModified\":\"2024-08-09T21:24:42+00:00\",\"breadcrumb\":{\"@id\":\"https:\/\/www.commoncause.org\/indiana\/press\/#breadcrumb\"},\"inLanguage\":\"vi\",\"potentialAction\":[{\"@type\":\"ReadAction\",\"target\":[\"https:\/\/www.commoncause.org\/indiana\/press\/\"]}]},{\"@type\":\"BreadcrumbList\",\"@id\":\"https:\/\/www.commoncause.org\/indiana\/press\/#breadcrumb\",\"itemListElement\":[{\"@type\":\"ListItem\",\"position\":1,\"name\":\"Home\",\"item\":\"https:\/\/www.commoncause.org\/indiana\/\"},{\"@type\":\"ListItem\",\"position\":2,\"name\":\"Press\"}]},{\"@type\":\"WebSite\",\"@id\":\"https:\/\/www.commoncause.org\/indiana\/#website\",\"url\":\"https:\/\/www.commoncause.org\/indiana\/\",\"name\":\"Common Cause Indiana\",\"description\":\"\",\"potentialAction\":[{\"@type\":\"SearchAction\",\"target\":{\"@type\":\"EntryPoint\",\"urlTemplate\":\"https:\/\/www.commoncause.org\/indiana\/?s={search_term_string}\"},\"query-input\":{\"@type\":\"PropertyValueSpecification\",\"valueRequired\":true,\"valueName\":\"search_term_string\"}}],\"inLanguage\":\"vi\"}]}<\/script>\n<!-- \/ Yoast SEO Premium plugin. -->","yoast_head_json":{"title":"B\u00e1o ch\u00ed - Common Cause Indiana","robots":{"index":"index","follow":"follow","max-snippet":"max-snippet:-1","max-image-preview":"max-image-preview:large","max-video-preview":"max-video-preview:-1"},"canonical":"https:\/\/www.commoncause.org\/indiana\/vi\/nhan\/","og_locale":"vi_VN","og_type":"article","og_title":"Press","og_url":"https:\/\/www.commoncause.org\/indiana\/vi\/nhan\/","og_site_name":"Common Cause Indiana","article_modified_time":"2024-08-09T21:24:42+00:00","twitter_card":"summary_large_image","twitter_misc":{"Est. reading time":"1 minute"},"schema":{"@context":"https:\/\/schema.org","@graph":[{"@type":"WebPage","@id":"https:\/\/www.commoncause.org\/indiana\/press\/","url":"https:\/\/www.commoncause.org\/indiana\/press\/","name":"B\u00e1o ch\u00ed - Common Cause Indiana","isPartOf":{"@id":"https:\/\/www.commoncause.org\/indiana\/#website"},"datePublished":"2024-05-07T13:53:21+00:00","dateModified":"2024-08-09T21:24:42+00:00","breadcrumb":{"@id":"https:\/\/www.commoncause.org\/indiana\/press\/#breadcrumb"},"inLanguage":"vi","potentialAction":[{"@type":"ReadAction","target":["https:\/\/www.commoncause.org\/indiana\/press\/"]}]},{"@type":"BreadcrumbList","@id":"https:\/\/www.commoncause.org\/indiana\/press\/#breadcrumb","itemListElement":[{"@type":"ListItem","position":1,"name":"Home","item":"https:\/\/www.commoncause.org\/indiana\/"},{"@type":"ListItem","position":2,"name":"Press"}]},{"@type":"WebSite","@id":"https:\/\/www.commoncause.org\/indiana\/#website","url":"https:\/\/www.commoncause.org\/indiana\/","name":"Nguy\u00ean nh\u00e2n chung Indiana","description":"","potentialAction":[{"@type":"SearchAction","target":{"@type":"EntryPoint","urlTemplate":"https:\/\/www.commoncause.org\/indiana\/?s={search_term_string}"},"query-input":{"@type":"PropertyValueSpecification","valueRequired":true,"valueName":"search_term_string"}}],"inLanguage":"vi"}]}},"distributor_meta":false,"distributor_terms":false,"distributor_media":false,"distributor_original_site_name":"Common Cause Indiana","distributor_original_site_url":"https:\/\/www.commoncause.org\/indiana\/vi","push-errors":false,"_links":{"self":[{"href":"https:\/\/www.commoncause.org\/indiana\/vi\/wp-json\/wp\/v2\/pages\/29","targetHints":{"allow":["GET"]}}],"collection":[{"href":"https:\/\/www.commoncause.org\/indiana\/vi\/wp-json\/wp\/v2\/pages"}],"about":[{"href":"https:\/\/www.commoncause.org\/indiana\/vi\/wp-json\/wp\/v2\/types\/page"}],"author":[{"embeddable":true,"href":"https:\/\/www.commoncause.org\/indiana\/vi\/wp-json\/wp\/v2\/users\/2"}],"replies":[{"embeddable":true,"href":"https:\/\/www.commoncause.org\/indiana\/vi\/wp-json\/wp\/v2\/comments?post=29"}],"version-history":[{"count":13,"href":"https:\/\/www.commoncause.org\/indiana\/vi\/wp-json\/wp\/v2\/pages\/29\/revisions"}],"predecessor-version":[{"id":1179,"href":"https:\/\/www.commoncause.org\/indiana\/vi\/wp-json\/wp\/v2\/pages\/29\/revisions\/1179"}],"wp:attachment":[{"href":"https:\/\/www.commoncause.org\/indiana\/vi\/wp-json\/wp\/v2\/media?parent=29"}],"curies":[{"name":"wp","href":"https:\/\/api.w.org\/{rel}","templated":true}]}}