{"id":22,"date":"2024-05-07T13:47:25","date_gmt":"2024-05-07T13:47:25","guid":{"rendered":"https:\/\/www.commoncause.org\/indiana\/our-impact\/"},"modified":"2024-08-09T17:17:16","modified_gmt":"2024-08-09T21:17:16","slug":"tac-dong-cua-chung-toi","status":"publish","type":"page","link":"https:\/\/www.commoncause.org\/indiana\/vi\/our-impact\/","title":{"rendered":"T\u00e1c \u0111\u1ed9ng c\u1ee7a ch\u00fang t\u00f4i"},"content":{"rendered":"","protected":false},"excerpt":{"rendered":"","protected":false},"author":1,"featured_media":0,"parent":0,"menu_order":0,"comment_status":"closed","ping_status":"closed","template":"","meta":{"_acf_changed":false,"_relevanssi_hide_post":"","_relevanssi_hide_content":"","_relevanssi_pin_for_all":"","_relevanssi_pin_keywords":"","_relevanssi_unpin_keywords":"","_relevanssi_related_keywords":"","_relevanssi_related_include_ids":"","_relevanssi_related_exclude_ids":"","_relevanssi_related_no_append":"","_relevanssi_related_not_related":"","_relevanssi_related_posts":"","_relevanssi_noindex_reason":""},"class_list":["post-22","page","type-page","status-publish","hentry"],"acf":{"header":{"component_page_header":{"header_type":"default","title":"Khi t\u1ed5 ch\u1ee9c Common Cause Indiana h\u00e0nh \u0111\u1ed9ng, ch\u00fang ta s\u1ebd t\u1ea1o ra s\u1ef1 kh\u00e1c bi\u1ec7t th\u1ef1c s\u1ef1 cho n\u1ec1n d\u00e2n ch\u1ee7.","lead":"With the support of our dedicated members, we have shown up time and time again to protect Hoosiers' rights. We will continue to make our government here in Indiana more open, honest, and accountable. Check out some of our most impactful victories:\r\n\r\n&nbsp;","image":21903,"subnavigation":false}},"sidebar":{"helper_enable_sidebar":false,"helper_media_contact":{"heading":"","manually_enter_person":false,"person":"","name":"","role":"","phone":"","email":""},"helper_links_downloads":{"heading":"","links":null}},"page_layout":[{"acf_fc_layout":"layout_two_column_text_and_image","_acfe_flexible_toggle":"","component_two_column_text_and_image":{"heading":"Hear from Common Cause members....","columns":[{"image":18858,"title":"Going to Court to Protect Democracy","content":"When the Indiana General Assembly passes laws that violate federal law voting laws or the Constitution, Common Cause Indiana takes them to court. Our litigation has stopped illegal purges from the voting rolls and stopped counties from rejecting ballots without giving voters a chance to address the problems that could disenfranchise them. We\u2019ve also won lawsuits that brought back satellite early voting to Marion County and ended the undemocratic process of slating judicial candidates in Marion County.","link":""},{"image":17077,"title":"Standing Up for Voters at the State House","content":"Common Cause Indiana is a founder and leader of the All IN for Democracy coalition, a diverse group of 25 organizations dedicated to defending democracy in the Hoosier state. We\u2019re on the front lines of voting rights and election issues at the State House and have stopped efforts to make school board elections partisan in Indiana and to backslide on the issue of felony disenfranchisement.","link":""}]}},{"acf_fc_layout":"layout_statistics","_acfe_flexible_toggle":"","component_statistics":{"title":"Trong 50 n\u0103m qua, Common Cause Indiana \u0111\u00e3 ho\u1ea1t \u0111\u1ed9ng tr\u00ean kh\u1eafp ti\u1ec3u bang \u0111\u1ec3 x\u00e2y d\u1ef1ng m\u1ed9t n\u1ec1n d\u00e2n ch\u1ee7 m\u1ea1nh m\u1ebd h\u01a1n, trao quy\u1ec1n l\u00e3nh \u0111\u1ea1o cho ng\u01b0\u1eddi d\u00e2n Indiana.","statistics":[{"component_statistic":{"number":"50","text":"Years of Work","source":""}},{"component_statistic":{"number":"92","text":"Counties with Common Cause Indiana members","source":""}},{"component_statistic":{"number":"25","text":"Organizations in our voting rights coalition ","source":""}},{"component_statistic":{"number":"22,000","text":"Common Cause Indiana supporters","source":""}}]}},{"acf_fc_layout":"layout_banner","_acfe_flexible_toggle":"","component_banner":{"use_donate_banner":true,"title":"Title [highlight]with highlighting[\/highlight] and additional text.","button":null,"image":null}}]},"yoast_head":"<!-- This site is optimized with the Yoast SEO Premium plugin v26.6 (Yoast SEO v27.1.1) - https:\/\/yoast.com\/product\/yoast-seo-premium-wordpress\/ -->\n<title>Our Impact - Common Cause Indiana<\/title>\n<meta name=\"robots\" content=\"index, follow, max-snippet:-1, max-image-preview:large, max-video-preview:-1\" \/>\n<link rel=\"canonical\" href=\"https:\/\/www.commoncause.org\/indiana\/vi\/tac-dong-cua-chung-toi\/\" \/>\n<meta property=\"og:locale\" content=\"vi_VN\" \/>\n<meta property=\"og:type\" content=\"article\" \/>\n<meta property=\"og:title\" content=\"Our Impact\" \/>\n<meta property=\"og:url\" content=\"https:\/\/www.commoncause.org\/indiana\/vi\/tac-dong-cua-chung-toi\/\" \/>\n<meta property=\"og:site_name\" content=\"Common Cause Indiana\" \/>\n<meta property=\"article:modified_time\" content=\"2024-08-09T21:17:16+00:00\" \/>\n<meta name=\"twitter:card\" content=\"summary_large_image\" \/>\n<meta name=\"twitter:label1\" content=\"Est. reading time\" \/>\n\t<meta name=\"twitter:data1\" content=\"2 minutes\" \/>\n<script type=\"application\/ld+json\" class=\"yoast-schema-graph\">{\"@context\":\"https:\/\/schema.org\",\"@graph\":[{\"@type\":\"WebPage\",\"@id\":\"https:\/\/www.commoncause.org\/indiana\/our-impact\/\",\"url\":\"https:\/\/www.commoncause.org\/indiana\/our-impact\/\",\"name\":\"Our Impact - Common Cause Indiana\",\"isPartOf\":{\"@id\":\"https:\/\/www.commoncause.org\/indiana\/#website\"},\"datePublished\":\"2024-05-07T13:47:25+00:00\",\"dateModified\":\"2024-08-09T21:17:16+00:00\",\"breadcrumb\":{\"@id\":\"https:\/\/www.commoncause.org\/indiana\/our-impact\/#breadcrumb\"},\"inLanguage\":\"vi\",\"potentialAction\":[{\"@type\":\"ReadAction\",\"target\":[\"https:\/\/www.commoncause.org\/indiana\/our-impact\/\"]}]},{\"@type\":\"BreadcrumbList\",\"@id\":\"https:\/\/www.commoncause.org\/indiana\/our-impact\/#breadcrumb\",\"itemListElement\":[{\"@type\":\"ListItem\",\"position\":1,\"name\":\"Home\",\"item\":\"https:\/\/www.commoncause.org\/indiana\/\"},{\"@type\":\"ListItem\",\"position\":2,\"name\":\"Our Impact\"}]},{\"@type\":\"WebSite\",\"@id\":\"https:\/\/www.commoncause.org\/indiana\/#website\",\"url\":\"https:\/\/www.commoncause.org\/indiana\/\",\"name\":\"Common Cause Indiana\",\"description\":\"\",\"potentialAction\":[{\"@type\":\"SearchAction\",\"target\":{\"@type\":\"EntryPoint\",\"urlTemplate\":\"https:\/\/www.commoncause.org\/indiana\/?s={search_term_string}\"},\"query-input\":{\"@type\":\"PropertyValueSpecification\",\"valueRequired\":true,\"valueName\":\"search_term_string\"}}],\"inLanguage\":\"vi\"}]}<\/script>\n<!-- \/ Yoast SEO Premium plugin. -->","yoast_head_json":{"title":"T\u00e1c \u0111\u1ed9ng c\u1ee7a ch\u00fang t\u00f4i - Common Cause Indiana","robots":{"index":"index","follow":"follow","max-snippet":"max-snippet:-1","max-image-preview":"max-image-preview:large","max-video-preview":"max-video-preview:-1"},"canonical":"https:\/\/www.commoncause.org\/indiana\/vi\/tac-dong-cua-chung-toi\/","og_locale":"vi_VN","og_type":"article","og_title":"Our Impact","og_url":"https:\/\/www.commoncause.org\/indiana\/vi\/tac-dong-cua-chung-toi\/","og_site_name":"Common Cause Indiana","article_modified_time":"2024-08-09T21:17:16+00:00","twitter_card":"summary_large_image","twitter_misc":{"Est. reading time":"2 minutes"},"schema":{"@context":"https:\/\/schema.org","@graph":[{"@type":"WebPage","@id":"https:\/\/www.commoncause.org\/indiana\/our-impact\/","url":"https:\/\/www.commoncause.org\/indiana\/our-impact\/","name":"T\u00e1c \u0111\u1ed9ng c\u1ee7a ch\u00fang t\u00f4i - Common Cause Indiana","isPartOf":{"@id":"https:\/\/www.commoncause.org\/indiana\/#website"},"datePublished":"2024-05-07T13:47:25+00:00","dateModified":"2024-08-09T21:17:16+00:00","breadcrumb":{"@id":"https:\/\/www.commoncause.org\/indiana\/our-impact\/#breadcrumb"},"inLanguage":"vi","potentialAction":[{"@type":"ReadAction","target":["https:\/\/www.commoncause.org\/indiana\/our-impact\/"]}]},{"@type":"BreadcrumbList","@id":"https:\/\/www.commoncause.org\/indiana\/our-impact\/#breadcrumb","itemListElement":[{"@type":"ListItem","position":1,"name":"Home","item":"https:\/\/www.commoncause.org\/indiana\/"},{"@type":"ListItem","position":2,"name":"Our Impact"}]},{"@type":"WebSite","@id":"https:\/\/www.commoncause.org\/indiana\/#website","url":"https:\/\/www.commoncause.org\/indiana\/","name":"Nguy\u00ean nh\u00e2n chung Indiana","description":"","potentialAction":[{"@type":"SearchAction","target":{"@type":"EntryPoint","urlTemplate":"https:\/\/www.commoncause.org\/indiana\/?s={search_term_string}"},"query-input":{"@type":"PropertyValueSpecification","valueRequired":true,"valueName":"search_term_string"}}],"inLanguage":"vi"}]}},"distributor_meta":false,"distributor_terms":false,"distributor_media":false,"distributor_original_site_name":"Common Cause Indiana","distributor_original_site_url":"https:\/\/www.commoncause.org\/indiana\/vi","push-errors":false,"_links":{"self":[{"href":"https:\/\/www.commoncause.org\/indiana\/vi\/wp-json\/wp\/v2\/pages\/22","targetHints":{"allow":["GET"]}}],"collection":[{"href":"https:\/\/www.commoncause.org\/indiana\/vi\/wp-json\/wp\/v2\/pages"}],"about":[{"href":"https:\/\/www.commoncause.org\/indiana\/vi\/wp-json\/wp\/v2\/types\/page"}],"author":[{"embeddable":true,"href":"https:\/\/www.commoncause.org\/indiana\/vi\/wp-json\/wp\/v2\/users\/1"}],"replies":[{"embeddable":true,"href":"https:\/\/www.commoncause.org\/indiana\/vi\/wp-json\/wp\/v2\/comments?post=22"}],"version-history":[{"count":19,"href":"https:\/\/www.commoncause.org\/indiana\/vi\/wp-json\/wp\/v2\/pages\/22\/revisions"}],"predecessor-version":[{"id":1176,"href":"https:\/\/www.commoncause.org\/indiana\/vi\/wp-json\/wp\/v2\/pages\/22\/revisions\/1176"}],"wp:attachment":[{"href":"https:\/\/www.commoncause.org\/indiana\/vi\/wp-json\/wp\/v2\/media?parent=22"}],"curies":[{"name":"wp","href":"https:\/\/api.w.org\/{rel}","templated":true}]}}