{"id":20,"date":"2024-05-07T13:45:35","date_gmt":"2024-05-07T13:45:35","guid":{"rendered":"https:\/\/www.commoncause.org\/indiana\/about-us\/"},"modified":"2024-05-31T16:15:04","modified_gmt":"2024-05-31T16:15:04","slug":"a-propos-de-nous","status":"publish","type":"page","link":"https:\/\/www.commoncause.org\/indiana\/fr\/about-us\/","title":{"rendered":"\u00c0 propos de nous"},"content":{"rendered":"","protected":false},"excerpt":{"rendered":"","protected":false},"author":2,"featured_media":0,"parent":0,"menu_order":0,"comment_status":"closed","ping_status":"closed","template":"","meta":{"_acf_changed":false,"_relevanssi_hide_post":"","_relevanssi_hide_content":"","_relevanssi_pin_for_all":"","_relevanssi_pin_keywords":"","_relevanssi_unpin_keywords":"","_relevanssi_related_keywords":"","_relevanssi_related_include_ids":"","_relevanssi_related_exclude_ids":"","_relevanssi_related_no_append":"","_relevanssi_related_not_related":"","_relevanssi_related_posts":"","_relevanssi_noindex_reason":""},"class_list":["post-20","page","type-page","status-publish","hentry"],"acf":{"header":{"component_page_header":{"header_type":"default","title":"Construire un gouvernement qui travaille pour nous tous","lead":"With the support of our members, Common Cause Indiana wins concrete, pro-democracy reforms that break down barriers to participation, promote accountability, and ensure that each of us has a voice.\r\n\r\nWe lobby at the state legislature with a focus on voting rights, campaign finance reform, legislative ethics and lobbying reform, government transparency and redistricting reform.\u00a0 When necessary, we go to court to protect Hoosier voters.","image":16919,"subnavigation":true}},"sidebar":{"helper_enable_sidebar":false,"helper_media_contact":{"heading":"","manually_enter_person":false,"person":"","name":"","role":"","phone":"","email":""},"helper_links_downloads":{"heading":"","links":null}},"page_layout":[{"acf_fc_layout":"layout_wysiwyg","_acfe_flexible_toggle":"","component_wysiwyg":{"content":"<h2>Depuis 50 ans, Common Cause Indiana et nos membres se battent pour la d\u00e9mocratie que nous m\u00e9ritons.<\/h2>\r\nCommon Cause Indiana met son expertise en mati\u00e8re de politique d&#039;\u00c9tat, son vaste r\u00e9seau de sympathisants locaux et son approche non partisane au service de notre d\u00e9mocratie face aux d\u00e9fis auxquels elle est confront\u00e9e aujourd&#039;hui. Nous travaillons \u00e0 tous les niveaux de gouvernement sur des priorit\u00e9s qui ont un impact sur nos vies, comme la d\u00e9fense du droit de vote, la limitation de l&#039;influence du Big Money sur nos \u00e9lections, la responsabilisation des responsables publics, et bien plus encore. Nos efforts sont port\u00e9s par notre si\u00e8ge national \u00e0 Washington et nos plus de 25 bureaux d&#039;\u00c9tat, dirig\u00e9s par des \u00e9quipes de sp\u00e9cialistes sur le terrain qui savent comment obtenir des r\u00e9formes efficaces qui renforcent notre d\u00e9mocratie. Lorsque nous, le peuple, nous unissons nos forces, nous pouvons faire une diff\u00e9rence r\u00e9elle et durable. Agir avec Common Cause, c&#039;est rejoindre un mouvement national en qu\u00eate d&#039;une d\u00e9mocratie qui nous donne \u00e0 tous une voix dans les d\u00e9cisions qui fa\u00e7onnent notre avenir. Notre mission : Common Cause est une organisation non partisane et citoyenne qui se consacre \u00e0 la d\u00e9fense des valeurs fondamentales de la d\u00e9mocratie am\u00e9ricaine. Nous \u0153uvrons pour cr\u00e9er un gouvernement ouvert, honn\u00eate et responsable qui sert l&#039;int\u00e9r\u00eat public, promeut l&#039;\u00e9galit\u00e9 des droits, des chances et de la repr\u00e9sentation pour tous, et contribue \u00e0 la r\u00e9alisation des objectifs de d\u00e9veloppement durable. et permettre \u00e0 tous de faire entendre leur voix dans le processus politique."}},{"acf_fc_layout":"layout_image_and_text","_acfe_flexible_toggle":"","component_image_and_text":{"manually_curate":true,"image_side":"left","row_color":"blue","work":null,"kicker_text":"","title":"D\u00e9couvrez le Fonds d&#039;\u00e9ducation pour la cause commune","summary":"Common Cause\u2019s 501(c)(3) affiliate leads public education campaigns, spearheads key research efforts, and more. All Education Fund donations are tax-deductible.","image":1947,"post_link":"","button_text":"Learn More","secondary_link":""}},{"acf_fc_layout":"layout_accordion","_acfe_flexible_toggle":"","component_accordion":{"heading":"Common Cause works...","panels":[{"panel_heading":"In the Legislature","panel_copy":"At the national, state, and local level, Common Cause works with officials from across the political spectrum to pass proven, common-sense solutions and stop attacks on our rights. Our team members and supporters are frequent visitors to the U.S. Capitol and statehouses across the country, meeting with decision-makers to discuss target legislation. We have a long history of making lasting change through the legislative process."},{"panel_heading":"In the Courts","panel_copy":"Common Cause has played a key role in some of the most impactful court cases over the last several decades. We work at every level of the country's legal system, including the U.S. Supreme Court, and have consistently demonstrated that through hard-hitting legal action, we can make real progress on the democracy issues that count\u2014like fair redistricting, government transparency, and campaign finance."},{"panel_heading":"On the Ground","panel_copy":"Common Cause's power lies in its 1.5 million supporters nationwide. We mobilize our members at lobby days in statehouses to advocate for key reforms and shut down harmful bills; as Election Protection monitors, helping voters each Election Day; at pro-democracy rallies and demonstrations across the country; and much, much more. We know that when our members turn out and work together, we get results."},{"panel_heading":"And Beyond...","panel_copy":"Common Cause is committed to leading the most important fights for our democracy, no matter where they take place. We show up in many ways\u2014including online, where our members contact legislators in support of target bills, spread the word about our work on social media, and report harmful election disinformation."}]}},{"acf_fc_layout":"layout_two_column_text_and_image","_acfe_flexible_toggle":"","component_two_column_text_and_image":{"heading":"","columns":[{"image":"","title":"Our History","content":"John Gardner, a Republican who served in President Lyndon B. Johnson's Cabinet, founded Common Cause as \"a people's lobby\" in 1970. Today, we are 1.5 million members and supporters strong and have active offices in over 25 states. Our long and rich history includes milestones like lowering the national voting age to 18, enacting a ban on \"soft money\" in political campaigns, and helping to create the Office of Congressional Ethics.","link":{"title":"Discover Our Impact","url":"https:\/\/www.commoncause.org\/our-impact\/","target":""}},{"image":"","title":"Our Commitment to Equity","content":"At Common Cause, we know that racial equity and inclusion must be at the core of what we strive to be, as must equity and inclusion for all individuals across identities and differences (ethnicity, gender, disability, sexual orientation, gender identity, national origin, religious beliefs, tribe, caste, age, class, thinking and communication styles, etc.). These values are essential to the successful execution of our mission: creating a truly representative and inclusive government.","link":""}]}},{"acf_fc_layout":"layout_banner","_acfe_flexible_toggle":"","component_banner":{"use_donate_banner":true,"title":"Title [highlight]with highlighting[\/highlight] and additional text.","button":null,"image":null}}]},"yoast_head":"<!-- This site is optimized with the Yoast SEO Premium plugin v26.6 (Yoast SEO v27.1.1) - https:\/\/yoast.com\/product\/yoast-seo-premium-wordpress\/ -->\n<title>About Us - Common Cause Indiana<\/title>\n<meta name=\"robots\" content=\"index, follow, max-snippet:-1, max-image-preview:large, max-video-preview:-1\" \/>\n<link rel=\"canonical\" href=\"https:\/\/www.commoncause.org\/indiana\/fr\/a-propos-de-nous\/\" \/>\n<meta property=\"og:locale\" content=\"fr_CA\" \/>\n<meta property=\"og:type\" content=\"article\" \/>\n<meta property=\"og:title\" content=\"About Us\" \/>\n<meta property=\"og:url\" content=\"https:\/\/www.commoncause.org\/indiana\/fr\/a-propos-de-nous\/\" \/>\n<meta property=\"og:site_name\" content=\"Common Cause Indiana\" \/>\n<meta property=\"article:modified_time\" content=\"2024-05-31T16:15:04+00:00\" \/>\n<meta name=\"twitter:card\" content=\"summary_large_image\" \/>\n<meta name=\"twitter:label1\" content=\"Est. reading time\" \/>\n\t<meta name=\"twitter:data1\" content=\"4 minutes\" \/>\n<script type=\"application\/ld+json\" class=\"yoast-schema-graph\">{\"@context\":\"https:\/\/schema.org\",\"@graph\":[{\"@type\":\"WebPage\",\"@id\":\"https:\/\/www.commoncause.org\/indiana\/about-us\/\",\"url\":\"https:\/\/www.commoncause.org\/indiana\/about-us\/\",\"name\":\"About Us - Common Cause Indiana\",\"isPartOf\":{\"@id\":\"https:\/\/www.commoncause.org\/indiana\/#website\"},\"datePublished\":\"2024-05-07T13:45:35+00:00\",\"dateModified\":\"2024-05-31T16:15:04+00:00\",\"breadcrumb\":{\"@id\":\"https:\/\/www.commoncause.org\/indiana\/about-us\/#breadcrumb\"},\"inLanguage\":\"fr-CA\",\"potentialAction\":[{\"@type\":\"ReadAction\",\"target\":[\"https:\/\/www.commoncause.org\/indiana\/about-us\/\"]}]},{\"@type\":\"BreadcrumbList\",\"@id\":\"https:\/\/www.commoncause.org\/indiana\/about-us\/#breadcrumb\",\"itemListElement\":[{\"@type\":\"ListItem\",\"position\":1,\"name\":\"Home\",\"item\":\"https:\/\/www.commoncause.org\/indiana\/\"},{\"@type\":\"ListItem\",\"position\":2,\"name\":\"About Us\"}]},{\"@type\":\"WebSite\",\"@id\":\"https:\/\/www.commoncause.org\/indiana\/#website\",\"url\":\"https:\/\/www.commoncause.org\/indiana\/\",\"name\":\"Common Cause Indiana\",\"description\":\"\",\"potentialAction\":[{\"@type\":\"SearchAction\",\"target\":{\"@type\":\"EntryPoint\",\"urlTemplate\":\"https:\/\/www.commoncause.org\/indiana\/?s={search_term_string}\"},\"query-input\":{\"@type\":\"PropertyValueSpecification\",\"valueRequired\":true,\"valueName\":\"search_term_string\"}}],\"inLanguage\":\"fr-CA\"}]}<\/script>\n<!-- \/ Yoast SEO Premium plugin. -->","yoast_head_json":{"title":"\u00c0 propos de nous \u2013 Common Cause Indiana","robots":{"index":"index","follow":"follow","max-snippet":"max-snippet:-1","max-image-preview":"max-image-preview:large","max-video-preview":"max-video-preview:-1"},"canonical":"https:\/\/www.commoncause.org\/indiana\/fr\/a-propos-de-nous\/","og_locale":"fr_CA","og_type":"article","og_title":"About Us","og_url":"https:\/\/www.commoncause.org\/indiana\/fr\/a-propos-de-nous\/","og_site_name":"Common Cause Indiana","article_modified_time":"2024-05-31T16:15:04+00:00","twitter_card":"summary_large_image","twitter_misc":{"Est. reading time":"4 minutes"},"schema":{"@context":"https:\/\/schema.org","@graph":[{"@type":"WebPage","@id":"https:\/\/www.commoncause.org\/indiana\/about-us\/","url":"https:\/\/www.commoncause.org\/indiana\/about-us\/","name":"\u00c0 propos de nous \u2013 Common Cause Indiana","isPartOf":{"@id":"https:\/\/www.commoncause.org\/indiana\/#website"},"datePublished":"2024-05-07T13:45:35+00:00","dateModified":"2024-05-31T16:15:04+00:00","breadcrumb":{"@id":"https:\/\/www.commoncause.org\/indiana\/about-us\/#breadcrumb"},"inLanguage":"fr-CA","potentialAction":[{"@type":"ReadAction","target":["https:\/\/www.commoncause.org\/indiana\/about-us\/"]}]},{"@type":"BreadcrumbList","@id":"https:\/\/www.commoncause.org\/indiana\/about-us\/#breadcrumb","itemListElement":[{"@type":"ListItem","position":1,"name":"Home","item":"https:\/\/www.commoncause.org\/indiana\/"},{"@type":"ListItem","position":2,"name":"About Us"}]},{"@type":"WebSite","@id":"https:\/\/www.commoncause.org\/indiana\/#website","url":"https:\/\/www.commoncause.org\/indiana\/","name":"Cause commune Indiana","description":"","potentialAction":[{"@type":"SearchAction","target":{"@type":"EntryPoint","urlTemplate":"https:\/\/www.commoncause.org\/indiana\/?s={search_term_string}"},"query-input":{"@type":"PropertyValueSpecification","valueRequired":true,"valueName":"search_term_string"}}],"inLanguage":"fr-CA"}]}},"distributor_meta":false,"distributor_terms":false,"distributor_media":false,"distributor_original_site_name":"Common Cause Indiana","distributor_original_site_url":"https:\/\/www.commoncause.org\/indiana\/fr","push-errors":false,"_links":{"self":[{"href":"https:\/\/www.commoncause.org\/indiana\/fr\/wp-json\/wp\/v2\/pages\/20","targetHints":{"allow":["GET"]}}],"collection":[{"href":"https:\/\/www.commoncause.org\/indiana\/fr\/wp-json\/wp\/v2\/pages"}],"about":[{"href":"https:\/\/www.commoncause.org\/indiana\/fr\/wp-json\/wp\/v2\/types\/page"}],"author":[{"embeddable":true,"href":"https:\/\/www.commoncause.org\/indiana\/fr\/wp-json\/wp\/v2\/users\/2"}],"replies":[{"embeddable":true,"href":"https:\/\/www.commoncause.org\/indiana\/fr\/wp-json\/wp\/v2\/comments?post=20"}],"version-history":[{"count":11,"href":"https:\/\/www.commoncause.org\/indiana\/fr\/wp-json\/wp\/v2\/pages\/20\/revisions"}],"predecessor-version":[{"id":291,"href":"https:\/\/www.commoncause.org\/indiana\/fr\/wp-json\/wp\/v2\/pages\/20\/revisions\/291"}],"wp:attachment":[{"href":"https:\/\/www.commoncause.org\/indiana\/fr\/wp-json\/wp\/v2\/media?parent=20"}],"curies":[{"name":"wp","href":"https:\/\/api.w.org\/{rel}","templated":true}]}}