{"id":20,"date":"2024-05-07T13:45:35","date_gmt":"2024-05-07T13:45:35","guid":{"rendered":"https:\/\/www.commoncause.org\/indiana\/about-us\/"},"modified":"2024-05-31T16:15:04","modified_gmt":"2024-05-31T16:15:04","slug":"sobre-nosotros","status":"publish","type":"page","link":"https:\/\/www.commoncause.org\/indiana\/es\/about-us\/","title":{"rendered":"Sobre nosotros"},"content":{"rendered":"","protected":false},"excerpt":{"rendered":"","protected":false},"author":2,"featured_media":0,"parent":0,"menu_order":0,"comment_status":"closed","ping_status":"closed","template":"","meta":{"_acf_changed":false,"_relevanssi_hide_post":"","_relevanssi_hide_content":"","_relevanssi_pin_for_all":"","_relevanssi_pin_keywords":"","_relevanssi_unpin_keywords":"","_relevanssi_related_keywords":"","_relevanssi_related_include_ids":"","_relevanssi_related_exclude_ids":"","_relevanssi_related_no_append":"","_relevanssi_related_not_related":"","_relevanssi_related_posts":"","_relevanssi_noindex_reason":""},"class_list":["post-20","page","type-page","status-publish","hentry"],"acf":{"header":{"component_page_header":{"header_type":"default","title":"Construyendo un gobierno que funcione para todos nosotros","lead":"With the support of our members, Common Cause Indiana wins concrete, pro-democracy reforms that break down barriers to participation, promote accountability, and ensure that each of us has a voice.\r\n\r\nWe lobby at the state legislature with a focus on voting rights, campaign finance reform, legislative ethics and lobbying reform, government transparency and redistricting reform.\u00a0 When necessary, we go to court to protect Hoosier voters.","image":16919,"subnavigation":true}},"sidebar":{"helper_enable_sidebar":false,"helper_media_contact":{"heading":"","manually_enter_person":false,"person":"","name":"","role":"","phone":"","email":""},"helper_links_downloads":{"heading":"","links":null}},"page_layout":[{"acf_fc_layout":"layout_wysiwyg","_acfe_flexible_toggle":"","component_wysiwyg":{"content":"<h2>Durante 50 a\u00f1os, Common Cause Indiana y nuestros miembros hemos luchado por la democracia que merecemos.<\/h2>\r\nCommon Cause Indiana pone en pr\u00e1ctica su experiencia en pol\u00edticas estatales, su enorme red de apoyo de base y su enfoque no partidista para fortalecer nuestra democracia frente a los desaf\u00edos que enfrenta hoy. Trabajamos en todos los niveles de gobierno en prioridades que impactan nuestras vidas, como defender el derecho al voto, limitar la influencia de las grandes fortunas en nuestras elecciones, responsabilizar a los funcionarios p\u00fablicos y m\u00e1s. Nuestros esfuerzos est\u00e1n impulsados por nuestra sede nacional en DC y nuestras m\u00e1s de 25 oficinas estatales, dirigidas por equipos de especialistas en el terreno que saben c\u00f3mo lograr reformas impactantes que fortalezcan nuestra democracia. Cuando Nosotros, el Pueblo, nos unimos, podemos marcar una diferencia real y duradera. Actuar con Common Cause significa unirse a un movimiento nacional en pos de una democracia que nos d\u00e9 a todos voz en las decisiones que dan forma a nuestro futuro. Nuestra misi\u00f3n: Common Cause es una organizaci\u00f3n de base no partidista dedicada a defender los valores fundamentales de la democracia estadounidense. Trabajamos para crear un gobierno abierto, honesto y responsable que sirva al inter\u00e9s p\u00fablico, promueva la igualdad de derechos, oportunidades y representaci\u00f3n para todos, y y empoderar a todas las personas para que hagan o\u00edr su voz en el proceso pol\u00edtico."}},{"acf_fc_layout":"layout_image_and_text","_acfe_flexible_toggle":"","component_image_and_text":{"manually_curate":true,"image_side":"left","row_color":"blue","work":null,"kicker_text":"","title":"Descubra el Fondo Educativo de Causa Com\u00fan","summary":"Common Cause\u2019s 501(c)(3) affiliate leads public education campaigns, spearheads key research efforts, and more. All Education Fund donations are tax-deductible.","image":1947,"post_link":"","button_text":"Learn More","secondary_link":""}},{"acf_fc_layout":"layout_accordion","_acfe_flexible_toggle":"","component_accordion":{"heading":"Common Cause works...","panels":[{"panel_heading":"In the Legislature","panel_copy":"At the national, state, and local level, Common Cause works with officials from across the political spectrum to pass proven, common-sense solutions and stop attacks on our rights. Our team members and supporters are frequent visitors to the U.S. Capitol and statehouses across the country, meeting with decision-makers to discuss target legislation. We have a long history of making lasting change through the legislative process."},{"panel_heading":"In the Courts","panel_copy":"Common Cause has played a key role in some of the most impactful court cases over the last several decades. We work at every level of the country's legal system, including the U.S. Supreme Court, and have consistently demonstrated that through hard-hitting legal action, we can make real progress on the democracy issues that count\u2014like fair redistricting, government transparency, and campaign finance."},{"panel_heading":"On the Ground","panel_copy":"Common Cause's power lies in its 1.5 million supporters nationwide. We mobilize our members at lobby days in statehouses to advocate for key reforms and shut down harmful bills; as Election Protection monitors, helping voters each Election Day; at pro-democracy rallies and demonstrations across the country; and much, much more. We know that when our members turn out and work together, we get results."},{"panel_heading":"And Beyond...","panel_copy":"Common Cause is committed to leading the most important fights for our democracy, no matter where they take place. We show up in many ways\u2014including online, where our members contact legislators in support of target bills, spread the word about our work on social media, and report harmful election disinformation."}]}},{"acf_fc_layout":"layout_two_column_text_and_image","_acfe_flexible_toggle":"","component_two_column_text_and_image":{"heading":"","columns":[{"image":"","title":"Our History","content":"John Gardner, a Republican who served in President Lyndon B. Johnson's Cabinet, founded Common Cause as \"a people's lobby\" in 1970. Today, we are 1.5 million members and supporters strong and have active offices in over 25 states. Our long and rich history includes milestones like lowering the national voting age to 18, enacting a ban on \"soft money\" in political campaigns, and helping to create the Office of Congressional Ethics.","link":{"title":"Discover Our Impact","url":"https:\/\/www.commoncause.org\/our-impact\/","target":""}},{"image":"","title":"Our Commitment to Equity","content":"At Common Cause, we know that racial equity and inclusion must be at the core of what we strive to be, as must equity and inclusion for all individuals across identities and differences (ethnicity, gender, disability, sexual orientation, gender identity, national origin, religious beliefs, tribe, caste, age, class, thinking and communication styles, etc.). These values are essential to the successful execution of our mission: creating a truly representative and inclusive government.","link":""}]}},{"acf_fc_layout":"layout_banner","_acfe_flexible_toggle":"","component_banner":{"use_donate_banner":true,"title":"Title [highlight]with highlighting[\/highlight] and additional text.","button":null,"image":null}}]},"yoast_head":"<!-- This site is optimized with the Yoast SEO Premium plugin v26.6 (Yoast SEO v27.1.1) - https:\/\/yoast.com\/product\/yoast-seo-premium-wordpress\/ -->\n<title>About Us - Common Cause Indiana<\/title>\n<meta name=\"robots\" content=\"index, follow, max-snippet:-1, max-image-preview:large, max-video-preview:-1\" \/>\n<link rel=\"canonical\" href=\"https:\/\/www.commoncause.org\/indiana\/es\/sobre-nosotros\/\" \/>\n<meta property=\"og:locale\" content=\"es_MX\" \/>\n<meta property=\"og:type\" content=\"article\" \/>\n<meta property=\"og:title\" content=\"About Us\" \/>\n<meta property=\"og:url\" content=\"https:\/\/www.commoncause.org\/indiana\/es\/sobre-nosotros\/\" \/>\n<meta property=\"og:site_name\" content=\"Common Cause Indiana\" \/>\n<meta property=\"article:modified_time\" content=\"2024-05-31T16:15:04+00:00\" \/>\n<meta name=\"twitter:card\" content=\"summary_large_image\" \/>\n<meta name=\"twitter:label1\" content=\"Tiempo de lectura\" \/>\n\t<meta name=\"twitter:data1\" content=\"4 minutos\" \/>\n<script type=\"application\/ld+json\" class=\"yoast-schema-graph\">{\"@context\":\"https:\/\/schema.org\",\"@graph\":[{\"@type\":\"WebPage\",\"@id\":\"https:\/\/www.commoncause.org\/indiana\/about-us\/\",\"url\":\"https:\/\/www.commoncause.org\/indiana\/about-us\/\",\"name\":\"About Us - Common Cause Indiana\",\"isPartOf\":{\"@id\":\"https:\/\/www.commoncause.org\/indiana\/#website\"},\"datePublished\":\"2024-05-07T13:45:35+00:00\",\"dateModified\":\"2024-05-31T16:15:04+00:00\",\"breadcrumb\":{\"@id\":\"https:\/\/www.commoncause.org\/indiana\/about-us\/#breadcrumb\"},\"inLanguage\":\"es\",\"potentialAction\":[{\"@type\":\"ReadAction\",\"target\":[\"https:\/\/www.commoncause.org\/indiana\/about-us\/\"]}]},{\"@type\":\"BreadcrumbList\",\"@id\":\"https:\/\/www.commoncause.org\/indiana\/about-us\/#breadcrumb\",\"itemListElement\":[{\"@type\":\"ListItem\",\"position\":1,\"name\":\"Home\",\"item\":\"https:\/\/www.commoncause.org\/indiana\/\"},{\"@type\":\"ListItem\",\"position\":2,\"name\":\"About Us\"}]},{\"@type\":\"WebSite\",\"@id\":\"https:\/\/www.commoncause.org\/indiana\/#website\",\"url\":\"https:\/\/www.commoncause.org\/indiana\/\",\"name\":\"Common Cause Indiana\",\"description\":\"\",\"potentialAction\":[{\"@type\":\"SearchAction\",\"target\":{\"@type\":\"EntryPoint\",\"urlTemplate\":\"https:\/\/www.commoncause.org\/indiana\/?s={search_term_string}\"},\"query-input\":{\"@type\":\"PropertyValueSpecification\",\"valueRequired\":true,\"valueName\":\"search_term_string\"}}],\"inLanguage\":\"es\"}]}<\/script>\n<!-- \/ Yoast SEO Premium plugin. -->","yoast_head_json":{"title":"Acerca de nosotros - Causa com\u00fan Indiana","robots":{"index":"index","follow":"follow","max-snippet":"max-snippet:-1","max-image-preview":"max-image-preview:large","max-video-preview":"max-video-preview:-1"},"canonical":"https:\/\/www.commoncause.org\/indiana\/es\/sobre-nosotros\/","og_locale":"es_MX","og_type":"article","og_title":"About Us","og_url":"https:\/\/www.commoncause.org\/indiana\/es\/sobre-nosotros\/","og_site_name":"Common Cause Indiana","article_modified_time":"2024-05-31T16:15:04+00:00","twitter_card":"summary_large_image","twitter_misc":{"Tiempo de lectura":"4 minutos"},"schema":{"@context":"https:\/\/schema.org","@graph":[{"@type":"WebPage","@id":"https:\/\/www.commoncause.org\/indiana\/about-us\/","url":"https:\/\/www.commoncause.org\/indiana\/about-us\/","name":"Acerca de nosotros - Causa com\u00fan Indiana","isPartOf":{"@id":"https:\/\/www.commoncause.org\/indiana\/#website"},"datePublished":"2024-05-07T13:45:35+00:00","dateModified":"2024-05-31T16:15:04+00:00","breadcrumb":{"@id":"https:\/\/www.commoncause.org\/indiana\/about-us\/#breadcrumb"},"inLanguage":"es","potentialAction":[{"@type":"ReadAction","target":["https:\/\/www.commoncause.org\/indiana\/about-us\/"]}]},{"@type":"BreadcrumbList","@id":"https:\/\/www.commoncause.org\/indiana\/about-us\/#breadcrumb","itemListElement":[{"@type":"ListItem","position":1,"name":"Home","item":"https:\/\/www.commoncause.org\/indiana\/"},{"@type":"ListItem","position":2,"name":"About Us"}]},{"@type":"WebSite","@id":"https:\/\/www.commoncause.org\/indiana\/#website","url":"https:\/\/www.commoncause.org\/indiana\/","name":"Causa com\u00fan Indiana","description":"","potentialAction":[{"@type":"SearchAction","target":{"@type":"EntryPoint","urlTemplate":"https:\/\/www.commoncause.org\/indiana\/?s={search_term_string}"},"query-input":{"@type":"PropertyValueSpecification","valueRequired":true,"valueName":"search_term_string"}}],"inLanguage":"es"}]}},"distributor_meta":false,"distributor_terms":false,"distributor_media":false,"distributor_original_site_name":"Common Cause Indiana","distributor_original_site_url":"https:\/\/www.commoncause.org\/indiana\/es","push-errors":false,"_links":{"self":[{"href":"https:\/\/www.commoncause.org\/indiana\/es\/wp-json\/wp\/v2\/pages\/20","targetHints":{"allow":["GET"]}}],"collection":[{"href":"https:\/\/www.commoncause.org\/indiana\/es\/wp-json\/wp\/v2\/pages"}],"about":[{"href":"https:\/\/www.commoncause.org\/indiana\/es\/wp-json\/wp\/v2\/types\/page"}],"author":[{"embeddable":true,"href":"https:\/\/www.commoncause.org\/indiana\/es\/wp-json\/wp\/v2\/users\/2"}],"replies":[{"embeddable":true,"href":"https:\/\/www.commoncause.org\/indiana\/es\/wp-json\/wp\/v2\/comments?post=20"}],"version-history":[{"count":11,"href":"https:\/\/www.commoncause.org\/indiana\/es\/wp-json\/wp\/v2\/pages\/20\/revisions"}],"predecessor-version":[{"id":291,"href":"https:\/\/www.commoncause.org\/indiana\/es\/wp-json\/wp\/v2\/pages\/20\/revisions\/291"}],"wp:attachment":[{"href":"https:\/\/www.commoncause.org\/indiana\/es\/wp-json\/wp\/v2\/media?parent=20"}],"curies":[{"name":"Gracias","href":"https:\/\/api.w.org\/{rel}","templated":true}]}}